{"id":1008,"date":"2019-02-07T21:15:07","date_gmt":"2019-02-07T21:15:07","guid":{"rendered":"http:\/\/www.travelanddine.info\/?page_id=1008"},"modified":"2022-02-15T16:15:39","modified_gmt":"2022-02-15T16:15:39","slug":"letecke-spolecnosti","status":"publish","type":"page","link":"https:\/\/www.travelanddine.info\/index.php\/letecke-spolecnosti\/","title":{"rendered":"Leteck\u00e9 spole\u010dnosti"},"content":{"rendered":"\n<figure class=\"wp-block-image\"><img loading=\"lazy\" width=\"1024\" height=\"421\" src=\"https:\/\/www.travelanddine.info\/wp-content\/uploads\/2019\/07\/airbus-2168615_1920-1024x421.jpg\" alt=\"\" class=\"wp-image-3450\" srcset=\"https:\/\/www.travelanddine.info\/wp-content\/uploads\/2019\/07\/airbus-2168615_1920-1024x421.jpg 1024w, https:\/\/www.travelanddine.info\/wp-content\/uploads\/2019\/07\/airbus-2168615_1920-300x123.jpg 300w, https:\/\/www.travelanddine.info\/wp-content\/uploads\/2019\/07\/airbus-2168615_1920-768x316.jpg 768w, https:\/\/www.travelanddine.info\/wp-content\/uploads\/2019\/07\/airbus-2168615_1920.jpg 1673w\" sizes=\"(max-width: 1024px) 100vw, 1024px\" \/><\/figure>\n\n\n\n<hr class=\"wp-block-separator\"\/>\n\n\n\n<figure class=\"wp-block-image size-large\"><a href=\"https:\/\/www.travelanddine.info\/index.php\/lufthansa-business-class\/\"><img loading=\"lazy\" width=\"1024\" height=\"266\" src=\"https:\/\/www.travelanddine.info\/wp-content\/uploads\/2021\/06\/AIRLINES_LUFTHANSA-2-1024x266.png\" alt=\"\" class=\"wp-image-4553\" srcset=\"https:\/\/www.travelanddine.info\/wp-content\/uploads\/2021\/06\/AIRLINES_LUFTHANSA-2-1024x266.png 1024w, https:\/\/www.travelanddine.info\/wp-content\/uploads\/2021\/06\/AIRLINES_LUFTHANSA-2-300x78.png 300w, https:\/\/www.travelanddine.info\/wp-content\/uploads\/2021\/06\/AIRLINES_LUFTHANSA-2-768x199.png 768w, https:\/\/www.travelanddine.info\/wp-content\/uploads\/2021\/06\/AIRLINES_LUFTHANSA-2-1536x399.png 1536w, https:\/\/www.travelanddine.info\/wp-content\/uploads\/2021\/06\/AIRLINES_LUFTHANSA-2.png 1687w\" sizes=\"(max-width: 1024px) 100vw, 1024px\" \/><\/a><\/figure>\n\n\n\n<figure class=\"wp-block-image size-large\"><a href=\"https:\/\/www.travelanddine.info\/index.php\/letecke-spolecnosti\/air-france-2\/\"><img loading=\"lazy\" width=\"1024\" height=\"266\" src=\"https:\/\/www.travelanddine.info\/wp-content\/uploads\/2021\/06\/AIRLINES_AIRFRANCE-1024x266.png\" alt=\"\" class=\"wp-image-4554\" srcset=\"https:\/\/www.travelanddine.info\/wp-content\/uploads\/2021\/06\/AIRLINES_AIRFRANCE-1024x266.png 1024w, https:\/\/www.travelanddine.info\/wp-content\/uploads\/2021\/06\/AIRLINES_AIRFRANCE-300x78.png 300w, https:\/\/www.travelanddine.info\/wp-content\/uploads\/2021\/06\/AIRLINES_AIRFRANCE-768x199.png 768w, https:\/\/www.travelanddine.info\/wp-content\/uploads\/2021\/06\/AIRLINES_AIRFRANCE-1536x399.png 1536w, https:\/\/www.travelanddine.info\/wp-content\/uploads\/2021\/06\/AIRLINES_AIRFRANCE.png 1687w\" sizes=\"(max-width: 1024px) 100vw, 1024px\" \/><\/a><\/figure>\n\n\n\n<figure class=\"wp-block-image size-large\"><a href=\"https:\/\/www.travelanddine.info\/index.php\/letecke-spolecnosti\/klm-2\/\"><img loading=\"lazy\" width=\"1024\" height=\"266\" src=\"https:\/\/www.travelanddine.info\/wp-content\/uploads\/2021\/06\/AIRLINES_KLM-1024x266.png\" alt=\"\" class=\"wp-image-4555\" srcset=\"https:\/\/www.travelanddine.info\/wp-content\/uploads\/2021\/06\/AIRLINES_KLM-1024x266.png 1024w, https:\/\/www.travelanddine.info\/wp-content\/uploads\/2021\/06\/AIRLINES_KLM-300x78.png 300w, https:\/\/www.travelanddine.info\/wp-content\/uploads\/2021\/06\/AIRLINES_KLM-768x199.png 768w, https:\/\/www.travelanddine.info\/wp-content\/uploads\/2021\/06\/AIRLINES_KLM-1536x399.png 1536w, https:\/\/www.travelanddine.info\/wp-content\/uploads\/2021\/06\/AIRLINES_KLM.png 1687w\" sizes=\"(max-width: 1024px) 100vw, 1024px\" \/><\/a><\/figure>\n\n\n\n<figure class=\"wp-block-image size-large\"><a href=\"https:\/\/www.travelanddine.info\/index.php\/cathay-pacific\/\"><img loading=\"lazy\" width=\"1024\" height=\"266\" src=\"https:\/\/www.travelanddine.info\/wp-content\/uploads\/2021\/06\/AIRLINES_CATHAY_PACIFIC-1024x266.png\" alt=\"\" class=\"wp-image-4556\" srcset=\"https:\/\/www.travelanddine.info\/wp-content\/uploads\/2021\/06\/AIRLINES_CATHAY_PACIFIC-1024x266.png 1024w, https:\/\/www.travelanddine.info\/wp-content\/uploads\/2021\/06\/AIRLINES_CATHAY_PACIFIC-300x78.png 300w, https:\/\/www.travelanddine.info\/wp-content\/uploads\/2021\/06\/AIRLINES_CATHAY_PACIFIC-768x199.png 768w, https:\/\/www.travelanddine.info\/wp-content\/uploads\/2021\/06\/AIRLINES_CATHAY_PACIFIC-1536x399.png 1536w, https:\/\/www.travelanddine.info\/wp-content\/uploads\/2021\/06\/AIRLINES_CATHAY_PACIFIC.png 1687w\" sizes=\"(max-width: 1024px) 100vw, 1024px\" \/><\/a><\/figure>\n\n\n\n<figure class=\"wp-block-image size-large\"><a href=\"https:\/\/www.travelanddine.info\/index.php\/delta\/\"><img loading=\"lazy\" width=\"1024\" height=\"266\" src=\"https:\/\/www.travelanddine.info\/wp-content\/uploads\/2021\/06\/AIRLINES_DELTA-1024x266.png\" alt=\"\" class=\"wp-image-4557\" srcset=\"https:\/\/www.travelanddine.info\/wp-content\/uploads\/2021\/06\/AIRLINES_DELTA-1024x266.png 1024w, https:\/\/www.travelanddine.info\/wp-content\/uploads\/2021\/06\/AIRLINES_DELTA-300x78.png 300w, https:\/\/www.travelanddine.info\/wp-content\/uploads\/2021\/06\/AIRLINES_DELTA-768x199.png 768w, https:\/\/www.travelanddine.info\/wp-content\/uploads\/2021\/06\/AIRLINES_DELTA-1536x399.png 1536w, https:\/\/www.travelanddine.info\/wp-content\/uploads\/2021\/06\/AIRLINES_DELTA.png 1687w\" sizes=\"(max-width: 1024px) 100vw, 1024px\" \/><\/a><\/figure>\n\n\n\n<figure class=\"wp-block-image size-large\"><a href=\"https:\/\/www.travelanddine.info\/index.php\/british-airways\/\"><img loading=\"lazy\" width=\"1024\" height=\"266\" src=\"https:\/\/www.travelanddine.info\/wp-content\/uploads\/2021\/06\/AIRLINES_BRITISH_AIRWAYS-1024x266.png\" alt=\"\" class=\"wp-image-4558\" srcset=\"https:\/\/www.travelanddine.info\/wp-content\/uploads\/2021\/06\/AIRLINES_BRITISH_AIRWAYS-1024x266.png 1024w, https:\/\/www.travelanddine.info\/wp-content\/uploads\/2021\/06\/AIRLINES_BRITISH_AIRWAYS-300x78.png 300w, https:\/\/www.travelanddine.info\/wp-content\/uploads\/2021\/06\/AIRLINES_BRITISH_AIRWAYS-768x199.png 768w, https:\/\/www.travelanddine.info\/wp-content\/uploads\/2021\/06\/AIRLINES_BRITISH_AIRWAYS-1536x399.png 1536w, https:\/\/www.travelanddine.info\/wp-content\/uploads\/2021\/06\/AIRLINES_BRITISH_AIRWAYS.png 1687w\" sizes=\"(max-width: 1024px) 100vw, 1024px\" \/><\/a><\/figure>\n\n\n\n<figure class=\"wp-block-image size-large\"><a href=\"https:\/\/www.travelanddine.info\/index.php\/qatar\/\"><img loading=\"lazy\" width=\"1024\" height=\"268\" src=\"https:\/\/www.travelanddine.info\/wp-content\/uploads\/2021\/06\/QR-2-1024x268.png\" alt=\"\" class=\"wp-image-4773\" srcset=\"https:\/\/www.travelanddine.info\/wp-content\/uploads\/2021\/06\/QR-2-1024x268.png 1024w, https:\/\/www.travelanddine.info\/wp-content\/uploads\/2021\/06\/QR-2-300x78.png 300w, https:\/\/www.travelanddine.info\/wp-content\/uploads\/2021\/06\/QR-2-768x201.png 768w, https:\/\/www.travelanddine.info\/wp-content\/uploads\/2021\/06\/QR-2-1536x401.png 1536w, https:\/\/www.travelanddine.info\/wp-content\/uploads\/2021\/06\/QR-2.png 1538w\" sizes=\"(max-width: 1024px) 100vw, 1024px\" \/><\/a><\/figure>\n\n\n\n<figure class=\"wp-block-image size-large\"><a href=\"https:\/\/www.travelanddine.info\/index.php\/singapore-airlines\/\"><img loading=\"lazy\" width=\"1024\" height=\"268\" src=\"https:\/\/www.travelanddine.info\/wp-content\/uploads\/2021\/06\/SQ-1-1-1024x268.png\" alt=\"\" class=\"wp-image-4774\" srcset=\"https:\/\/www.travelanddine.info\/wp-content\/uploads\/2021\/06\/SQ-1-1-1024x268.png 1024w, https:\/\/www.travelanddine.info\/wp-content\/uploads\/2021\/06\/SQ-1-1-300x78.png 300w, https:\/\/www.travelanddine.info\/wp-content\/uploads\/2021\/06\/SQ-1-1-768x201.png 768w, https:\/\/www.travelanddine.info\/wp-content\/uploads\/2021\/06\/SQ-1-1-1536x401.png 1536w, https:\/\/www.travelanddine.info\/wp-content\/uploads\/2021\/06\/SQ-1-1.png 1538w\" sizes=\"(max-width: 1024px) 100vw, 1024px\" \/><\/a><\/figure>\n\n\n\n<ul><li><a href=\"https:\/\/www.travelanddine.info\/index.php\/lufthansa-business-class\/\">LUFTHANSA BUSINESS CLASS<\/a><\/li><\/ul>\n\n\n\n<p><\/p>\n","protected":false},"excerpt":{"rendered":"<p>LUFTHANSA BUSINESS CLASS<\/p>\n","protected":false},"author":1,"featured_media":0,"parent":0,"menu_order":0,"comment_status":"closed","ping_status":"closed","template":"","meta":[],"yoast_head":"<!-- This site is optimized with the Yoast SEO plugin v17.0 - https:\/\/yoast.com\/wordpress\/plugins\/seo\/ -->\n<title>Leteck\u00e9 spole\u010dnosti - Premium Travel&amp;Dine Info<\/title>\n<meta name=\"robots\" content=\"index, follow, max-snippet:-1, max-image-preview:large, max-video-preview:-1\" \/>\n<link rel=\"canonical\" href=\"https:\/\/www.travelanddine.info\/index.php\/letecke-spolecnosti\/\" \/>\n<meta property=\"og:locale\" content=\"cs_CZ\" \/>\n<meta property=\"og:type\" content=\"article\" \/>\n<meta property=\"og:title\" content=\"Leteck\u00e9 spole\u010dnosti - Premium Travel&amp;Dine Info\" \/>\n<meta property=\"og:description\" content=\"LUFTHANSA BUSINESS CLASS\" \/>\n<meta property=\"og:url\" content=\"https:\/\/www.travelanddine.info\/index.php\/letecke-spolecnosti\/\" \/>\n<meta property=\"og:site_name\" content=\"Premium Travel&amp;Dine Info\" \/>\n<meta property=\"article:publisher\" content=\"http:\/\/www.facebook.com\/PremiumTravelAndDineInfo\" \/>\n<meta property=\"article:modified_time\" content=\"2022-02-15T16:15:39+00:00\" \/>\n<meta property=\"og:image\" content=\"http:\/\/www.travelanddine.info\/wp-content\/uploads\/2019\/07\/airbus-2168615_1920-1024x421.jpg\" \/>\n<meta name=\"twitter:card\" content=\"summary_large_image\" \/>\n<meta name=\"twitter:label1\" content=\"Odhadovan\u00e1 doba \u010dten\u00ed\" \/>\n\t<meta name=\"twitter:data1\" content=\"2 minuty\" \/>\n<script type=\"application\/ld+json\" class=\"yoast-schema-graph\">{\"@context\":\"https:\/\/schema.org\",\"@graph\":[{\"@type\":\"Organization\",\"@id\":\"https:\/\/www.travelanddine.info\/#organization\",\"name\":\"Premium Travel & Dine Info\",\"url\":\"https:\/\/www.travelanddine.info\/\",\"sameAs\":[\"http:\/\/www.facebook.com\/PremiumTravelAndDineInfo\",\"https:\/\/www.instagram.com\/premium_travel_and_dine_info\/\",\"https:\/\/www.youtube.com\/channel\/UCq4d7zmKK3AOuzDrR1p_2Qw\/featured?disable_polymer=1\"],\"logo\":{\"@type\":\"ImageObject\",\"@id\":\"https:\/\/www.travelanddine.info\/#logo\",\"inLanguage\":\"cs\",\"url\":\"https:\/\/www.travelanddine.info\/wp-content\/uploads\/2019\/01\/logo-premium-e1547240252292.jpg\",\"contentUrl\":\"https:\/\/www.travelanddine.info\/wp-content\/uploads\/2019\/01\/logo-premium-e1547240252292.jpg\",\"width\":1000,\"height\":406,\"caption\":\"Premium Travel & Dine Info\"},\"image\":{\"@id\":\"https:\/\/www.travelanddine.info\/#logo\"}},{\"@type\":\"WebSite\",\"@id\":\"https:\/\/www.travelanddine.info\/#website\",\"url\":\"https:\/\/www.travelanddine.info\/\",\"name\":\"Premium Travel&amp;Dine Info\",\"description\":\"tipy, doporu\\u010den\\u00ed, informace.. pro ty, kte\\u0159\\u00ed maj\\u00ed r\\u00e1di cestov\\u00e1n\\u00ed na vysok\\u00e9 \\u00farovni a skv\\u011bl\\u00e9 j\\u00eddlo\",\"publisher\":{\"@id\":\"https:\/\/www.travelanddine.info\/#organization\"},\"potentialAction\":[{\"@type\":\"SearchAction\",\"target\":{\"@type\":\"EntryPoint\",\"urlTemplate\":\"https:\/\/www.travelanddine.info\/?s={search_term_string}\"},\"query-input\":\"required name=search_term_string\"}],\"inLanguage\":\"cs\"},{\"@type\":\"ImageObject\",\"@id\":\"https:\/\/www.travelanddine.info\/index.php\/letecke-spolecnosti\/#primaryimage\",\"inLanguage\":\"cs\",\"url\":\"http:\/\/www.travelanddine.info\/wp-content\/uploads\/2019\/07\/airbus-2168615_1920-1024x421.jpg\",\"contentUrl\":\"http:\/\/www.travelanddine.info\/wp-content\/uploads\/2019\/07\/airbus-2168615_1920-1024x421.jpg\"},{\"@type\":\"WebPage\",\"@id\":\"https:\/\/www.travelanddine.info\/index.php\/letecke-spolecnosti\/#webpage\",\"url\":\"https:\/\/www.travelanddine.info\/index.php\/letecke-spolecnosti\/\",\"name\":\"Leteck\\u00e9 spole\\u010dnosti - Premium Travel&amp;Dine Info\",\"isPartOf\":{\"@id\":\"https:\/\/www.travelanddine.info\/#website\"},\"primaryImageOfPage\":{\"@id\":\"https:\/\/www.travelanddine.info\/index.php\/letecke-spolecnosti\/#primaryimage\"},\"datePublished\":\"2019-02-07T21:15:07+00:00\",\"dateModified\":\"2022-02-15T16:15:39+00:00\",\"breadcrumb\":{\"@id\":\"https:\/\/www.travelanddine.info\/index.php\/letecke-spolecnosti\/#breadcrumb\"},\"inLanguage\":\"cs\",\"potentialAction\":[{\"@type\":\"ReadAction\",\"target\":[\"https:\/\/www.travelanddine.info\/index.php\/letecke-spolecnosti\/\"]}]},{\"@type\":\"BreadcrumbList\",\"@id\":\"https:\/\/www.travelanddine.info\/index.php\/letecke-spolecnosti\/#breadcrumb\",\"itemListElement\":[{\"@type\":\"ListItem\",\"position\":1,\"name\":\"Dom\\u016f\",\"item\":\"https:\/\/www.travelanddine.info\/index.php\/en\/home\/\"},{\"@type\":\"ListItem\",\"position\":2,\"name\":\"Leteck\\u00e9 spole\\u010dnosti\"}]}]}<\/script>\n<!-- \/ Yoast SEO plugin. -->","yoast_head_json":{"title":"Leteck\u00e9 spole\u010dnosti - Premium Travel&amp;Dine Info","robots":{"index":"index","follow":"follow","max-snippet":"max-snippet:-1","max-image-preview":"max-image-preview:large","max-video-preview":"max-video-preview:-1"},"canonical":"https:\/\/www.travelanddine.info\/index.php\/letecke-spolecnosti\/","og_locale":"cs_CZ","og_type":"article","og_title":"Leteck\u00e9 spole\u010dnosti - Premium Travel&amp;Dine Info","og_description":"LUFTHANSA BUSINESS CLASS","og_url":"https:\/\/www.travelanddine.info\/index.php\/letecke-spolecnosti\/","og_site_name":"Premium Travel&amp;Dine Info","article_publisher":"http:\/\/www.facebook.com\/PremiumTravelAndDineInfo","article_modified_time":"2022-02-15T16:15:39+00:00","og_image":[{"url":"http:\/\/www.travelanddine.info\/wp-content\/uploads\/2019\/07\/airbus-2168615_1920-1024x421.jpg"}],"twitter_card":"summary_large_image","twitter_misc":{"Odhadovan\u00e1 doba \u010dten\u00ed":"2 minuty"},"schema":{"@context":"https:\/\/schema.org","@graph":[{"@type":"Organization","@id":"https:\/\/www.travelanddine.info\/#organization","name":"Premium Travel & Dine Info","url":"https:\/\/www.travelanddine.info\/","sameAs":["http:\/\/www.facebook.com\/PremiumTravelAndDineInfo","https:\/\/www.instagram.com\/premium_travel_and_dine_info\/","https:\/\/www.youtube.com\/channel\/UCq4d7zmKK3AOuzDrR1p_2Qw\/featured?disable_polymer=1"],"logo":{"@type":"ImageObject","@id":"https:\/\/www.travelanddine.info\/#logo","inLanguage":"cs","url":"https:\/\/www.travelanddine.info\/wp-content\/uploads\/2019\/01\/logo-premium-e1547240252292.jpg","contentUrl":"https:\/\/www.travelanddine.info\/wp-content\/uploads\/2019\/01\/logo-premium-e1547240252292.jpg","width":1000,"height":406,"caption":"Premium Travel & Dine Info"},"image":{"@id":"https:\/\/www.travelanddine.info\/#logo"}},{"@type":"WebSite","@id":"https:\/\/www.travelanddine.info\/#website","url":"https:\/\/www.travelanddine.info\/","name":"Premium Travel&amp;Dine Info","description":"tipy, doporu\u010den\u00ed, informace.. pro ty, kte\u0159\u00ed maj\u00ed r\u00e1di cestov\u00e1n\u00ed na vysok\u00e9 \u00farovni a skv\u011bl\u00e9 j\u00eddlo","publisher":{"@id":"https:\/\/www.travelanddine.info\/#organization"},"potentialAction":[{"@type":"SearchAction","target":{"@type":"EntryPoint","urlTemplate":"https:\/\/www.travelanddine.info\/?s={search_term_string}"},"query-input":"required name=search_term_string"}],"inLanguage":"cs"},{"@type":"ImageObject","@id":"https:\/\/www.travelanddine.info\/index.php\/letecke-spolecnosti\/#primaryimage","inLanguage":"cs","url":"http:\/\/www.travelanddine.info\/wp-content\/uploads\/2019\/07\/airbus-2168615_1920-1024x421.jpg","contentUrl":"http:\/\/www.travelanddine.info\/wp-content\/uploads\/2019\/07\/airbus-2168615_1920-1024x421.jpg"},{"@type":"WebPage","@id":"https:\/\/www.travelanddine.info\/index.php\/letecke-spolecnosti\/#webpage","url":"https:\/\/www.travelanddine.info\/index.php\/letecke-spolecnosti\/","name":"Leteck\u00e9 spole\u010dnosti - Premium Travel&amp;Dine Info","isPartOf":{"@id":"https:\/\/www.travelanddine.info\/#website"},"primaryImageOfPage":{"@id":"https:\/\/www.travelanddine.info\/index.php\/letecke-spolecnosti\/#primaryimage"},"datePublished":"2019-02-07T21:15:07+00:00","dateModified":"2022-02-15T16:15:39+00:00","breadcrumb":{"@id":"https:\/\/www.travelanddine.info\/index.php\/letecke-spolecnosti\/#breadcrumb"},"inLanguage":"cs","potentialAction":[{"@type":"ReadAction","target":["https:\/\/www.travelanddine.info\/index.php\/letecke-spolecnosti\/"]}]},{"@type":"BreadcrumbList","@id":"https:\/\/www.travelanddine.info\/index.php\/letecke-spolecnosti\/#breadcrumb","itemListElement":[{"@type":"ListItem","position":1,"name":"Dom\u016f","item":"https:\/\/www.travelanddine.info\/index.php\/en\/home\/"},{"@type":"ListItem","position":2,"name":"Leteck\u00e9 spole\u010dnosti"}]}]}},"_links":{"self":[{"href":"https:\/\/www.travelanddine.info\/index.php\/wp-json\/wp\/v2\/pages\/1008"}],"collection":[{"href":"https:\/\/www.travelanddine.info\/index.php\/wp-json\/wp\/v2\/pages"}],"about":[{"href":"https:\/\/www.travelanddine.info\/index.php\/wp-json\/wp\/v2\/types\/page"}],"author":[{"embeddable":true,"href":"https:\/\/www.travelanddine.info\/index.php\/wp-json\/wp\/v2\/users\/1"}],"replies":[{"embeddable":true,"href":"https:\/\/www.travelanddine.info\/index.php\/wp-json\/wp\/v2\/comments?post=1008"}],"version-history":[{"count":18,"href":"https:\/\/www.travelanddine.info\/index.php\/wp-json\/wp\/v2\/pages\/1008\/revisions"}],"predecessor-version":[{"id":4939,"href":"https:\/\/www.travelanddine.info\/index.php\/wp-json\/wp\/v2\/pages\/1008\/revisions\/4939"}],"wp:attachment":[{"href":"https:\/\/www.travelanddine.info\/index.php\/wp-json\/wp\/v2\/media?parent=1008"}],"curies":[{"name":"wp","href":"https:\/\/api.w.org\/{rel}","templated":true}]}}