{"id":1032,"date":"2019-02-07T21:26:10","date_gmt":"2019-02-07T21:26:10","guid":{"rendered":"http:\/\/www.travelanddine.info\/?page_id=1032"},"modified":"2021-06-11T11:52:20","modified_gmt":"2021-06-11T11:52:20","slug":"evropa-hotely","status":"publish","type":"page","link":"https:\/\/www.travelanddine.info\/index.php\/evropa-hotely\/","title":{"rendered":"Evropa"},"content":{"rendered":"\n<figure class=\"wp-block-image\"><img loading=\"lazy\" width=\"1024\" height=\"334\" src=\"https:\/\/www.travelanddine.info\/wp-content\/uploads\/2019\/07\/europe-1024x334.jpg\" alt=\"\" class=\"wp-image-2895\" srcset=\"https:\/\/www.travelanddine.info\/wp-content\/uploads\/2019\/07\/europe-1024x334.jpg 1024w, https:\/\/www.travelanddine.info\/wp-content\/uploads\/2019\/07\/europe-300x98.jpg 300w, https:\/\/www.travelanddine.info\/wp-content\/uploads\/2019\/07\/europe-768x250.jpg 768w\" sizes=\"(max-width: 1024px) 100vw, 1024px\" \/><\/figure>\n\n\n\n<div class=\"wp-block-columns has-2-columns\">\n<div class=\"wp-block-column\">\n<figure class=\"wp-block-image size-large\"><a href=\"https:\/\/www.travelanddine.info\/index.php\/francie\/\"><img loading=\"lazy\" width=\"770\" height=\"73\" src=\"https:\/\/www.travelanddine.info\/wp-content\/uploads\/2021\/06\/FRANCIE.png\" alt=\"\" class=\"wp-image-4577\" srcset=\"https:\/\/www.travelanddine.info\/wp-content\/uploads\/2021\/06\/FRANCIE.png 770w, https:\/\/www.travelanddine.info\/wp-content\/uploads\/2021\/06\/FRANCIE-300x28.png 300w, https:\/\/www.travelanddine.info\/wp-content\/uploads\/2021\/06\/FRANCIE-768x73.png 768w\" sizes=\"(max-width: 770px) 100vw, 770px\" \/><\/a><\/figure>\n\n\n\n<figure class=\"wp-block-image size-large\"><a href=\"https:\/\/www.travelanddine.info\/index.php\/spanelsko\/\"><img loading=\"lazy\" width=\"770\" height=\"73\" src=\"https:\/\/www.travelanddine.info\/wp-content\/uploads\/2021\/06\/SPANELSKO.png\" alt=\"\" class=\"wp-image-4580\" srcset=\"https:\/\/www.travelanddine.info\/wp-content\/uploads\/2021\/06\/SPANELSKO.png 770w, https:\/\/www.travelanddine.info\/wp-content\/uploads\/2021\/06\/SPANELSKO-300x28.png 300w, https:\/\/www.travelanddine.info\/wp-content\/uploads\/2021\/06\/SPANELSKO-768x73.png 768w\" sizes=\"(max-width: 770px) 100vw, 770px\" \/><\/a><\/figure>\n\n\n\n<figure class=\"wp-block-image size-large\"><a href=\"https:\/\/www.travelanddine.info\/index.php\/spojene-kralovstvi\/\"><img loading=\"lazy\" width=\"770\" height=\"73\" src=\"https:\/\/www.travelanddine.info\/wp-content\/uploads\/2021\/06\/SPOJENE-KRALOVSTVI.png\" alt=\"\" class=\"wp-image-4582\" srcset=\"https:\/\/www.travelanddine.info\/wp-content\/uploads\/2021\/06\/SPOJENE-KRALOVSTVI.png 770w, https:\/\/www.travelanddine.info\/wp-content\/uploads\/2021\/06\/SPOJENE-KRALOVSTVI-300x28.png 300w, https:\/\/www.travelanddine.info\/wp-content\/uploads\/2021\/06\/SPOJENE-KRALOVSTVI-768x73.png 768w\" sizes=\"(max-width: 770px) 100vw, 770px\" \/><\/a><\/figure>\n<\/div>\n\n\n\n<div class=\"wp-block-column\">\n<figure class=\"wp-block-image size-large\"><a href=\"https:\/\/www.travelanddine.info\/index.php\/italie\/\"><img loading=\"lazy\" width=\"770\" height=\"73\" src=\"https:\/\/www.travelanddine.info\/wp-content\/uploads\/2021\/06\/ITALIE.png\" alt=\"\" class=\"wp-image-4579\" srcset=\"https:\/\/www.travelanddine.info\/wp-content\/uploads\/2021\/06\/ITALIE.png 770w, https:\/\/www.travelanddine.info\/wp-content\/uploads\/2021\/06\/ITALIE-300x28.png 300w, https:\/\/www.travelanddine.info\/wp-content\/uploads\/2021\/06\/ITALIE-768x73.png 768w\" sizes=\"(max-width: 770px) 100vw, 770px\" \/><\/a><\/figure>\n\n\n\n<figure class=\"wp-block-image size-large\"><a href=\"https:\/\/www.travelanddine.info\/index.php\/portugalsko\/\"><img loading=\"lazy\" width=\"770\" height=\"73\" src=\"https:\/\/www.travelanddine.info\/wp-content\/uploads\/2021\/06\/PORTUGALSKO.png\" alt=\"\" class=\"wp-image-4581\" srcset=\"https:\/\/www.travelanddine.info\/wp-content\/uploads\/2021\/06\/PORTUGALSKO.png 770w, https:\/\/www.travelanddine.info\/wp-content\/uploads\/2021\/06\/PORTUGALSKO-300x28.png 300w, https:\/\/www.travelanddine.info\/wp-content\/uploads\/2021\/06\/PORTUGALSKO-768x73.png 768w\" sizes=\"(max-width: 770px) 100vw, 770px\" \/><\/a><\/figure>\n<\/div>\n<\/div>\n","protected":false},"excerpt":{"rendered":"","protected":false},"author":1,"featured_media":0,"parent":0,"menu_order":0,"comment_status":"closed","ping_status":"closed","template":"","meta":[],"yoast_head":"<!-- This site is optimized with the Yoast SEO plugin v17.0 - https:\/\/yoast.com\/wordpress\/plugins\/seo\/ -->\n<title>Evropa - Premium Travel&amp;Dine Info<\/title>\n<meta name=\"robots\" content=\"index, follow, max-snippet:-1, max-image-preview:large, max-video-preview:-1\" \/>\n<link rel=\"canonical\" href=\"https:\/\/www.travelanddine.info\/index.php\/evropa-hotely\/\" \/>\n<meta property=\"og:locale\" content=\"cs_CZ\" \/>\n<meta property=\"og:type\" content=\"article\" \/>\n<meta property=\"og:title\" content=\"Evropa - Premium Travel&amp;Dine Info\" \/>\n<meta property=\"og:url\" content=\"https:\/\/www.travelanddine.info\/index.php\/evropa-hotely\/\" \/>\n<meta property=\"og:site_name\" content=\"Premium Travel&amp;Dine Info\" \/>\n<meta property=\"article:publisher\" content=\"http:\/\/www.facebook.com\/PremiumTravelAndDineInfo\" \/>\n<meta property=\"article:modified_time\" content=\"2021-06-11T11:52:20+00:00\" \/>\n<meta property=\"og:image\" content=\"http:\/\/www.travelanddine.info\/wp-content\/uploads\/2019\/07\/europe-1024x334.jpg\" \/>\n<meta name=\"twitter:card\" content=\"summary_large_image\" \/>\n<meta name=\"twitter:label1\" content=\"Odhadovan\u00e1 doba \u010dten\u00ed\" \/>\n\t<meta name=\"twitter:data1\" content=\"2 minuty\" \/>\n<script type=\"application\/ld+json\" class=\"yoast-schema-graph\">{\"@context\":\"https:\/\/schema.org\",\"@graph\":[{\"@type\":\"Organization\",\"@id\":\"https:\/\/www.travelanddine.info\/#organization\",\"name\":\"Premium Travel & Dine Info\",\"url\":\"https:\/\/www.travelanddine.info\/\",\"sameAs\":[\"http:\/\/www.facebook.com\/PremiumTravelAndDineInfo\",\"https:\/\/www.instagram.com\/premium_travel_and_dine_info\/\",\"https:\/\/www.youtube.com\/channel\/UCq4d7zmKK3AOuzDrR1p_2Qw\/featured?disable_polymer=1\"],\"logo\":{\"@type\":\"ImageObject\",\"@id\":\"https:\/\/www.travelanddine.info\/#logo\",\"inLanguage\":\"cs\",\"url\":\"https:\/\/www.travelanddine.info\/wp-content\/uploads\/2019\/01\/logo-premium-e1547240252292.jpg\",\"contentUrl\":\"https:\/\/www.travelanddine.info\/wp-content\/uploads\/2019\/01\/logo-premium-e1547240252292.jpg\",\"width\":1000,\"height\":406,\"caption\":\"Premium Travel & Dine Info\"},\"image\":{\"@id\":\"https:\/\/www.travelanddine.info\/#logo\"}},{\"@type\":\"WebSite\",\"@id\":\"https:\/\/www.travelanddine.info\/#website\",\"url\":\"https:\/\/www.travelanddine.info\/\",\"name\":\"Premium Travel&amp;Dine Info\",\"description\":\"tipy, doporu\\u010den\\u00ed, informace.. pro ty, kte\\u0159\\u00ed maj\\u00ed r\\u00e1di cestov\\u00e1n\\u00ed na vysok\\u00e9 \\u00farovni a skv\\u011bl\\u00e9 j\\u00eddlo\",\"publisher\":{\"@id\":\"https:\/\/www.travelanddine.info\/#organization\"},\"potentialAction\":[{\"@type\":\"SearchAction\",\"target\":{\"@type\":\"EntryPoint\",\"urlTemplate\":\"https:\/\/www.travelanddine.info\/?s={search_term_string}\"},\"query-input\":\"required name=search_term_string\"}],\"inLanguage\":\"cs\"},{\"@type\":\"ImageObject\",\"@id\":\"https:\/\/www.travelanddine.info\/index.php\/evropa-hotely\/#primaryimage\",\"inLanguage\":\"cs\",\"url\":\"http:\/\/www.travelanddine.info\/wp-content\/uploads\/2019\/07\/europe-1024x334.jpg\",\"contentUrl\":\"http:\/\/www.travelanddine.info\/wp-content\/uploads\/2019\/07\/europe-1024x334.jpg\"},{\"@type\":\"WebPage\",\"@id\":\"https:\/\/www.travelanddine.info\/index.php\/evropa-hotely\/#webpage\",\"url\":\"https:\/\/www.travelanddine.info\/index.php\/evropa-hotely\/\",\"name\":\"Evropa - Premium Travel&amp;Dine Info\",\"isPartOf\":{\"@id\":\"https:\/\/www.travelanddine.info\/#website\"},\"primaryImageOfPage\":{\"@id\":\"https:\/\/www.travelanddine.info\/index.php\/evropa-hotely\/#primaryimage\"},\"datePublished\":\"2019-02-07T21:26:10+00:00\",\"dateModified\":\"2021-06-11T11:52:20+00:00\",\"breadcrumb\":{\"@id\":\"https:\/\/www.travelanddine.info\/index.php\/evropa-hotely\/#breadcrumb\"},\"inLanguage\":\"cs\",\"potentialAction\":[{\"@type\":\"ReadAction\",\"target\":[\"https:\/\/www.travelanddine.info\/index.php\/evropa-hotely\/\"]}]},{\"@type\":\"BreadcrumbList\",\"@id\":\"https:\/\/www.travelanddine.info\/index.php\/evropa-hotely\/#breadcrumb\",\"itemListElement\":[{\"@type\":\"ListItem\",\"position\":1,\"name\":\"Dom\\u016f\",\"item\":\"https:\/\/www.travelanddine.info\/index.php\/en\/home\/\"},{\"@type\":\"ListItem\",\"position\":2,\"name\":\"Evropa\"}]}]}<\/script>\n<!-- \/ Yoast SEO plugin. -->","yoast_head_json":{"title":"Evropa - Premium Travel&amp;Dine Info","robots":{"index":"index","follow":"follow","max-snippet":"max-snippet:-1","max-image-preview":"max-image-preview:large","max-video-preview":"max-video-preview:-1"},"canonical":"https:\/\/www.travelanddine.info\/index.php\/evropa-hotely\/","og_locale":"cs_CZ","og_type":"article","og_title":"Evropa - Premium Travel&amp;Dine Info","og_url":"https:\/\/www.travelanddine.info\/index.php\/evropa-hotely\/","og_site_name":"Premium Travel&amp;Dine Info","article_publisher":"http:\/\/www.facebook.com\/PremiumTravelAndDineInfo","article_modified_time":"2021-06-11T11:52:20+00:00","og_image":[{"url":"http:\/\/www.travelanddine.info\/wp-content\/uploads\/2019\/07\/europe-1024x334.jpg"}],"twitter_card":"summary_large_image","twitter_misc":{"Odhadovan\u00e1 doba \u010dten\u00ed":"2 minuty"},"schema":{"@context":"https:\/\/schema.org","@graph":[{"@type":"Organization","@id":"https:\/\/www.travelanddine.info\/#organization","name":"Premium Travel & Dine Info","url":"https:\/\/www.travelanddine.info\/","sameAs":["http:\/\/www.facebook.com\/PremiumTravelAndDineInfo","https:\/\/www.instagram.com\/premium_travel_and_dine_info\/","https:\/\/www.youtube.com\/channel\/UCq4d7zmKK3AOuzDrR1p_2Qw\/featured?disable_polymer=1"],"logo":{"@type":"ImageObject","@id":"https:\/\/www.travelanddine.info\/#logo","inLanguage":"cs","url":"https:\/\/www.travelanddine.info\/wp-content\/uploads\/2019\/01\/logo-premium-e1547240252292.jpg","contentUrl":"https:\/\/www.travelanddine.info\/wp-content\/uploads\/2019\/01\/logo-premium-e1547240252292.jpg","width":1000,"height":406,"caption":"Premium Travel & Dine Info"},"image":{"@id":"https:\/\/www.travelanddine.info\/#logo"}},{"@type":"WebSite","@id":"https:\/\/www.travelanddine.info\/#website","url":"https:\/\/www.travelanddine.info\/","name":"Premium Travel&amp;Dine Info","description":"tipy, doporu\u010den\u00ed, informace.. pro ty, kte\u0159\u00ed maj\u00ed r\u00e1di cestov\u00e1n\u00ed na vysok\u00e9 \u00farovni a skv\u011bl\u00e9 j\u00eddlo","publisher":{"@id":"https:\/\/www.travelanddine.info\/#organization"},"potentialAction":[{"@type":"SearchAction","target":{"@type":"EntryPoint","urlTemplate":"https:\/\/www.travelanddine.info\/?s={search_term_string}"},"query-input":"required name=search_term_string"}],"inLanguage":"cs"},{"@type":"ImageObject","@id":"https:\/\/www.travelanddine.info\/index.php\/evropa-hotely\/#primaryimage","inLanguage":"cs","url":"http:\/\/www.travelanddine.info\/wp-content\/uploads\/2019\/07\/europe-1024x334.jpg","contentUrl":"http:\/\/www.travelanddine.info\/wp-content\/uploads\/2019\/07\/europe-1024x334.jpg"},{"@type":"WebPage","@id":"https:\/\/www.travelanddine.info\/index.php\/evropa-hotely\/#webpage","url":"https:\/\/www.travelanddine.info\/index.php\/evropa-hotely\/","name":"Evropa - Premium Travel&amp;Dine Info","isPartOf":{"@id":"https:\/\/www.travelanddine.info\/#website"},"primaryImageOfPage":{"@id":"https:\/\/www.travelanddine.info\/index.php\/evropa-hotely\/#primaryimage"},"datePublished":"2019-02-07T21:26:10+00:00","dateModified":"2021-06-11T11:52:20+00:00","breadcrumb":{"@id":"https:\/\/www.travelanddine.info\/index.php\/evropa-hotely\/#breadcrumb"},"inLanguage":"cs","potentialAction":[{"@type":"ReadAction","target":["https:\/\/www.travelanddine.info\/index.php\/evropa-hotely\/"]}]},{"@type":"BreadcrumbList","@id":"https:\/\/www.travelanddine.info\/index.php\/evropa-hotely\/#breadcrumb","itemListElement":[{"@type":"ListItem","position":1,"name":"Dom\u016f","item":"https:\/\/www.travelanddine.info\/index.php\/en\/home\/"},{"@type":"ListItem","position":2,"name":"Evropa"}]}]}},"_links":{"self":[{"href":"https:\/\/www.travelanddine.info\/index.php\/wp-json\/wp\/v2\/pages\/1032"}],"collection":[{"href":"https:\/\/www.travelanddine.info\/index.php\/wp-json\/wp\/v2\/pages"}],"about":[{"href":"https:\/\/www.travelanddine.info\/index.php\/wp-json\/wp\/v2\/types\/page"}],"author":[{"embeddable":true,"href":"https:\/\/www.travelanddine.info\/index.php\/wp-json\/wp\/v2\/users\/1"}],"replies":[{"embeddable":true,"href":"https:\/\/www.travelanddine.info\/index.php\/wp-json\/wp\/v2\/comments?post=1032"}],"version-history":[{"count":10,"href":"https:\/\/www.travelanddine.info\/index.php\/wp-json\/wp\/v2\/pages\/1032\/revisions"}],"predecessor-version":[{"id":4583,"href":"https:\/\/www.travelanddine.info\/index.php\/wp-json\/wp\/v2\/pages\/1032\/revisions\/4583"}],"wp:attachment":[{"href":"https:\/\/www.travelanddine.info\/index.php\/wp-json\/wp\/v2\/media?parent=1032"}],"curies":[{"name":"wp","href":"https:\/\/api.w.org\/{rel}","templated":true}]}}