{"id":1155,"date":"2019-02-08T14:12:12","date_gmt":"2019-02-08T14:12:12","guid":{"rendered":"http:\/\/www.travelanddine.info\/?page_id=1155"},"modified":"2021-05-18T13:22:11","modified_gmt":"2021-05-18T13:22:11","slug":"hong-kong-hotely","status":"publish","type":"page","link":"https:\/\/www.travelanddine.info\/index.php\/hong-kong-hotely\/","title":{"rendered":"Hong Kong"},"content":{"rendered":"\n<figure class=\"wp-block-image is-resized\"><img src=\"https:\/\/www.travelanddine.info\/wp-content\/uploads\/2019\/07\/hong-kong-1024x360.jpg\" alt=\"\" class=\"wp-image-2476\" width=\"1024\" srcset=\"https:\/\/www.travelanddine.info\/wp-content\/uploads\/2019\/07\/hong-kong-1024x360.jpg 1024w, https:\/\/www.travelanddine.info\/wp-content\/uploads\/2019\/07\/hong-kong-300x106.jpg 300w, https:\/\/www.travelanddine.info\/wp-content\/uploads\/2019\/07\/hong-kong-768x270.jpg 768w\" sizes=\"(max-width: 1024px) 100vw, 1024px\" \/><\/figure>\n\n\n\n<hr class=\"wp-block-separator\"\/>\n\n\n\n<div class=\"wp-block-image\"><figure class=\"aligncenter size-large\"><img loading=\"lazy\" width=\"1024\" height=\"84\" src=\"https:\/\/www.travelanddine.info\/wp-content\/uploads\/2021\/05\/NAVSTIVENE-HOTELY-CZE-1024x84.png\" alt=\"\" class=\"wp-image-4116\" srcset=\"https:\/\/www.travelanddine.info\/wp-content\/uploads\/2021\/05\/NAVSTIVENE-HOTELY-CZE-1024x84.png 1024w, https:\/\/www.travelanddine.info\/wp-content\/uploads\/2021\/05\/NAVSTIVENE-HOTELY-CZE-300x24.png 300w, https:\/\/www.travelanddine.info\/wp-content\/uploads\/2021\/05\/NAVSTIVENE-HOTELY-CZE-768x63.png 768w, https:\/\/www.travelanddine.info\/wp-content\/uploads\/2021\/05\/NAVSTIVENE-HOTELY-CZE.png 1250w\" sizes=\"(max-width: 1024px) 100vw, 1024px\" \/><\/figure><\/div>\n\n\n\n<div class=\"wp-block-columns has-2-columns\">\n<div class=\"wp-block-column\">\n<figure class=\"wp-block-image size-large\"><a href=\"https:\/\/www.travelanddine.info\/index.php\/hong-kong-hotely\/the-peninsula-hotel-hong-kong-hu\/\"><img loading=\"lazy\" width=\"770\" height=\"189\" src=\"https:\/\/www.travelanddine.info\/wp-content\/uploads\/2021\/05\/THE-PENINSULA-HK-CZ.png\" alt=\"\" class=\"wp-image-4123\" srcset=\"https:\/\/www.travelanddine.info\/wp-content\/uploads\/2021\/05\/THE-PENINSULA-HK-CZ.png 770w, https:\/\/www.travelanddine.info\/wp-content\/uploads\/2021\/05\/THE-PENINSULA-HK-CZ-300x74.png 300w, https:\/\/www.travelanddine.info\/wp-content\/uploads\/2021\/05\/THE-PENINSULA-HK-CZ-768x189.png 768w\" sizes=\"(max-width: 770px) 100vw, 770px\" \/><\/a><\/figure>\n\n\n\n<p><\/p>\n<\/div>\n\n\n\n<div class=\"wp-block-column\">\n<figure class=\"wp-block-image size-large\"><a href=\"https:\/\/www.travelanddine.info\/index.php\/hong-kong-hotely\/holiday-inn-golden-mile-hotel-cz\/\"><img loading=\"lazy\" width=\"770\" height=\"189\" src=\"https:\/\/www.travelanddine.info\/wp-content\/uploads\/2021\/05\/HOLIDAY-INN-HK-CZ.png\" alt=\"\" class=\"wp-image-4125\" srcset=\"https:\/\/www.travelanddine.info\/wp-content\/uploads\/2021\/05\/HOLIDAY-INN-HK-CZ.png 770w, https:\/\/www.travelanddine.info\/wp-content\/uploads\/2021\/05\/HOLIDAY-INN-HK-CZ-300x74.png 300w, https:\/\/www.travelanddine.info\/wp-content\/uploads\/2021\/05\/HOLIDAY-INN-HK-CZ-768x189.png 768w\" sizes=\"(max-width: 770px) 100vw, 770px\" \/><\/a><\/figure>\n<\/div>\n<\/div>\n\n\n\n<hr class=\"wp-block-separator\"\/>\n\n\n\n<div class=\"wp-block-image\"><figure class=\"aligncenter size-large\"><img loading=\"lazy\" width=\"1024\" height=\"39\" src=\"https:\/\/www.travelanddine.info\/wp-content\/uploads\/2021\/05\/OSTATNI-HOTELY-CZE-1024x39.png\" alt=\"\" class=\"wp-image-4118\" srcset=\"https:\/\/www.travelanddine.info\/wp-content\/uploads\/2021\/05\/OSTATNI-HOTELY-CZE-1024x39.png 1024w, https:\/\/www.travelanddine.info\/wp-content\/uploads\/2021\/05\/OSTATNI-HOTELY-CZE-300x12.png 300w, https:\/\/www.travelanddine.info\/wp-content\/uploads\/2021\/05\/OSTATNI-HOTELY-CZE-768x29.png 768w, https:\/\/www.travelanddine.info\/wp-content\/uploads\/2021\/05\/OSTATNI-HOTELY-CZE.png 1250w\" sizes=\"(max-width: 1024px) 100vw, 1024px\" \/><\/figure><\/div>\n\n\n\n<div class=\"wp-block-columns has-2-columns\">\n<div class=\"wp-block-column\"><\/div>\n\n\n\n<div class=\"wp-block-column\"><\/div>\n<\/div>\n\n\n\n<div class=\"wp-block-columns has-2-columns\">\n<div class=\"wp-block-column\">\n<figure class=\"wp-block-table\"><table><tbody><tr><td><\/td><td class=\"has-text-align-center\" data-align=\"center\"><\/td><\/tr><tr><td>H<\/td><td class=\"has-text-align-center\" data-align=\"center\">MANDARIN ORIENTAL<\/td><\/tr><tr><td>H<\/td><td class=\"has-text-align-center\" data-align=\"center\">FOUR SEASONS<\/td><\/tr><tr><td>H<\/td><td class=\"has-text-align-center\" data-align=\"center\">THE LANDMARK MANDARIN ORIENTAL<\/td><\/tr><tr><td>H<\/td><td class=\"has-text-align-center\" data-align=\"center\">THE RITZ-CARLTON<\/td><\/tr><tr><td>H<\/td><td class=\"has-text-align-center\" data-align=\"center\">UPPER HOUSE<\/td><\/tr><tr><td>H<\/td><td class=\"has-text-align-center\" data-align=\"center\">ISLAND SHANGRI-LA<\/td><\/tr><tr><td>H<\/td><td class=\"has-text-align-center\" data-align=\"center\">GRAND HYATT<\/td><\/tr><tr><td>H<\/td><td class=\"has-text-align-center\" data-align=\"center\">ICON<\/td><\/tr><tr><td>H<\/td><td class=\"has-text-align-center\" data-align=\"center\">THE MURRAY, A NICCOLO HOTEL<\/td><\/tr><tr><td>H<\/td><td class=\"has-text-align-center\" data-align=\"center\">W HOTEL<\/td><\/tr><tr><td>H<\/td><td class=\"has-text-align-center\" data-align=\"center\">THE LANGHAM<\/td><\/tr><tr><td>H<\/td><td class=\"has-text-align-center\" data-align=\"center\">KOWLOON SHANGRI-LA<\/td><\/tr><tr><td>H<\/td><td class=\"has-text-align-center\" data-align=\"center\">JW MARRIOTT<\/td><\/tr><tr><td>H<\/td><td class=\"has-text-align-center\" data-align=\"center\">CONRAD<\/td><\/tr><tr><td>H<\/td><td class=\"has-text-align-center\" data-align=\"center\">INTERCONTINENTAL<\/td><\/tr><tr><td>H<\/td><td class=\"has-text-align-center\" data-align=\"center\">KERRY<\/td><\/tr><tr><td>H<\/td><td class=\"has-text-align-center\" data-align=\"center\">CORDIS<\/td><\/tr><tr><td>H<\/td><td class=\"has-text-align-center\" data-align=\"center\">HYAT REGENCY TSIM SHA TSUI<\/td><\/tr><tr><td>H<\/td><td class=\"has-text-align-center\" data-align=\"center\">INTERCONTINENTAL GRAND STANFORT<\/td><\/tr><tr><td>H<\/td><td class=\"has-text-align-center\" data-align=\"center\">MIRA MOON<\/td><\/tr><tr><td>H<\/td><td class=\"has-text-align-center\" data-align=\"center\">SHERATON HOTEL &amp; TOWERS<\/td><\/tr><tr><td>H<\/td><td class=\"has-text-align-center\" data-align=\"center\">THE POTTINGER<\/td><\/tr><tr><td>H<\/td><td class=\"has-text-align-center\" data-align=\"center\">NEW WORLD MILENNIUM<\/td><\/tr><\/tbody><\/table><\/figure>\n<\/div>\n<\/div>\n","protected":false},"excerpt":{"rendered":"<p>H MANDARIN ORIENTAL H FOUR SEASONS H THE LANDMARK MANDARIN ORIENTAL H THE RITZ-CARLTON H UPPER HOUSE H ISLAND SHANGRI-LA H GRAND HYATT H ICON H THE MURRAY, A NICCOLO HOTEL H W HOTEL H THE LANGHAM H KOWLOON SHANGRI-LA&#8230;<\/p>\n","protected":false},"author":1,"featured_media":0,"parent":0,"menu_order":0,"comment_status":"closed","ping_status":"closed","template":"","meta":[],"yoast_head":"<!-- This site is optimized with the Yoast SEO plugin v17.0 - https:\/\/yoast.com\/wordpress\/plugins\/seo\/ -->\n<title>Hong Kong - Premium Travel&amp;Dine Info<\/title>\n<meta name=\"robots\" content=\"index, follow, max-snippet:-1, max-image-preview:large, max-video-preview:-1\" \/>\n<link rel=\"canonical\" href=\"https:\/\/www.travelanddine.info\/index.php\/hong-kong-hotely\/\" \/>\n<meta property=\"og:locale\" content=\"cs_CZ\" \/>\n<meta property=\"og:type\" content=\"article\" \/>\n<meta property=\"og:title\" content=\"Hong Kong - Premium Travel&amp;Dine Info\" \/>\n<meta property=\"og:description\" content=\"H MANDARIN ORIENTAL H FOUR SEASONS H THE LANDMARK MANDARIN ORIENTAL H THE RITZ-CARLTON H UPPER HOUSE H ISLAND SHANGRI-LA H GRAND HYATT H ICON H THE MURRAY, A NICCOLO HOTEL H W HOTEL H THE LANGHAM H KOWLOON SHANGRI-LA...\" \/>\n<meta property=\"og:url\" content=\"https:\/\/www.travelanddine.info\/index.php\/hong-kong-hotely\/\" \/>\n<meta property=\"og:site_name\" content=\"Premium Travel&amp;Dine Info\" \/>\n<meta property=\"article:publisher\" content=\"http:\/\/www.facebook.com\/PremiumTravelAndDineInfo\" \/>\n<meta property=\"article:modified_time\" content=\"2021-05-18T13:22:11+00:00\" \/>\n<meta property=\"og:image\" content=\"http:\/\/www.travelanddine.info\/wp-content\/uploads\/2019\/07\/hong-kong-1024x360.jpg\" \/>\n<meta name=\"twitter:card\" content=\"summary_large_image\" \/>\n<meta name=\"twitter:label1\" content=\"Odhadovan\u00e1 doba \u010dten\u00ed\" \/>\n\t<meta name=\"twitter:data1\" content=\"2 minuty\" \/>\n<script type=\"application\/ld+json\" class=\"yoast-schema-graph\">{\"@context\":\"https:\/\/schema.org\",\"@graph\":[{\"@type\":\"Organization\",\"@id\":\"https:\/\/www.travelanddine.info\/#organization\",\"name\":\"Premium Travel & Dine Info\",\"url\":\"https:\/\/www.travelanddine.info\/\",\"sameAs\":[\"http:\/\/www.facebook.com\/PremiumTravelAndDineInfo\",\"https:\/\/www.instagram.com\/premium_travel_and_dine_info\/\",\"https:\/\/www.youtube.com\/channel\/UCq4d7zmKK3AOuzDrR1p_2Qw\/featured?disable_polymer=1\"],\"logo\":{\"@type\":\"ImageObject\",\"@id\":\"https:\/\/www.travelanddine.info\/#logo\",\"inLanguage\":\"cs\",\"url\":\"https:\/\/www.travelanddine.info\/wp-content\/uploads\/2019\/01\/logo-premium-e1547240252292.jpg\",\"contentUrl\":\"https:\/\/www.travelanddine.info\/wp-content\/uploads\/2019\/01\/logo-premium-e1547240252292.jpg\",\"width\":1000,\"height\":406,\"caption\":\"Premium Travel & Dine Info\"},\"image\":{\"@id\":\"https:\/\/www.travelanddine.info\/#logo\"}},{\"@type\":\"WebSite\",\"@id\":\"https:\/\/www.travelanddine.info\/#website\",\"url\":\"https:\/\/www.travelanddine.info\/\",\"name\":\"Premium Travel&amp;Dine Info\",\"description\":\"tipy, doporu\\u010den\\u00ed, informace.. pro ty, kte\\u0159\\u00ed maj\\u00ed r\\u00e1di cestov\\u00e1n\\u00ed na vysok\\u00e9 \\u00farovni a skv\\u011bl\\u00e9 j\\u00eddlo\",\"publisher\":{\"@id\":\"https:\/\/www.travelanddine.info\/#organization\"},\"potentialAction\":[{\"@type\":\"SearchAction\",\"target\":{\"@type\":\"EntryPoint\",\"urlTemplate\":\"https:\/\/www.travelanddine.info\/?s={search_term_string}\"},\"query-input\":\"required name=search_term_string\"}],\"inLanguage\":\"cs\"},{\"@type\":\"ImageObject\",\"@id\":\"https:\/\/www.travelanddine.info\/index.php\/hong-kong-hotely\/#primaryimage\",\"inLanguage\":\"cs\",\"url\":\"http:\/\/www.travelanddine.info\/wp-content\/uploads\/2019\/07\/hong-kong-1024x360.jpg\",\"contentUrl\":\"http:\/\/www.travelanddine.info\/wp-content\/uploads\/2019\/07\/hong-kong-1024x360.jpg\"},{\"@type\":\"WebPage\",\"@id\":\"https:\/\/www.travelanddine.info\/index.php\/hong-kong-hotely\/#webpage\",\"url\":\"https:\/\/www.travelanddine.info\/index.php\/hong-kong-hotely\/\",\"name\":\"Hong Kong - Premium Travel&amp;Dine Info\",\"isPartOf\":{\"@id\":\"https:\/\/www.travelanddine.info\/#website\"},\"primaryImageOfPage\":{\"@id\":\"https:\/\/www.travelanddine.info\/index.php\/hong-kong-hotely\/#primaryimage\"},\"datePublished\":\"2019-02-08T14:12:12+00:00\",\"dateModified\":\"2021-05-18T13:22:11+00:00\",\"breadcrumb\":{\"@id\":\"https:\/\/www.travelanddine.info\/index.php\/hong-kong-hotely\/#breadcrumb\"},\"inLanguage\":\"cs\",\"potentialAction\":[{\"@type\":\"ReadAction\",\"target\":[\"https:\/\/www.travelanddine.info\/index.php\/hong-kong-hotely\/\"]}]},{\"@type\":\"BreadcrumbList\",\"@id\":\"https:\/\/www.travelanddine.info\/index.php\/hong-kong-hotely\/#breadcrumb\",\"itemListElement\":[{\"@type\":\"ListItem\",\"position\":1,\"name\":\"Dom\\u016f\",\"item\":\"https:\/\/www.travelanddine.info\/index.php\/en\/home\/\"},{\"@type\":\"ListItem\",\"position\":2,\"name\":\"Hong Kong\"}]}]}<\/script>\n<!-- \/ Yoast SEO plugin. -->","yoast_head_json":{"title":"Hong Kong - Premium Travel&amp;Dine Info","robots":{"index":"index","follow":"follow","max-snippet":"max-snippet:-1","max-image-preview":"max-image-preview:large","max-video-preview":"max-video-preview:-1"},"canonical":"https:\/\/www.travelanddine.info\/index.php\/hong-kong-hotely\/","og_locale":"cs_CZ","og_type":"article","og_title":"Hong Kong - Premium Travel&amp;Dine Info","og_description":"H MANDARIN ORIENTAL H FOUR SEASONS H THE LANDMARK MANDARIN ORIENTAL H THE RITZ-CARLTON H UPPER HOUSE H ISLAND SHANGRI-LA H GRAND HYATT H ICON H THE MURRAY, A NICCOLO HOTEL H W HOTEL H THE LANGHAM H KOWLOON SHANGRI-LA...","og_url":"https:\/\/www.travelanddine.info\/index.php\/hong-kong-hotely\/","og_site_name":"Premium Travel&amp;Dine Info","article_publisher":"http:\/\/www.facebook.com\/PremiumTravelAndDineInfo","article_modified_time":"2021-05-18T13:22:11+00:00","og_image":[{"url":"http:\/\/www.travelanddine.info\/wp-content\/uploads\/2019\/07\/hong-kong-1024x360.jpg"}],"twitter_card":"summary_large_image","twitter_misc":{"Odhadovan\u00e1 doba \u010dten\u00ed":"2 minuty"},"schema":{"@context":"https:\/\/schema.org","@graph":[{"@type":"Organization","@id":"https:\/\/www.travelanddine.info\/#organization","name":"Premium Travel & Dine Info","url":"https:\/\/www.travelanddine.info\/","sameAs":["http:\/\/www.facebook.com\/PremiumTravelAndDineInfo","https:\/\/www.instagram.com\/premium_travel_and_dine_info\/","https:\/\/www.youtube.com\/channel\/UCq4d7zmKK3AOuzDrR1p_2Qw\/featured?disable_polymer=1"],"logo":{"@type":"ImageObject","@id":"https:\/\/www.travelanddine.info\/#logo","inLanguage":"cs","url":"https:\/\/www.travelanddine.info\/wp-content\/uploads\/2019\/01\/logo-premium-e1547240252292.jpg","contentUrl":"https:\/\/www.travelanddine.info\/wp-content\/uploads\/2019\/01\/logo-premium-e1547240252292.jpg","width":1000,"height":406,"caption":"Premium Travel & Dine Info"},"image":{"@id":"https:\/\/www.travelanddine.info\/#logo"}},{"@type":"WebSite","@id":"https:\/\/www.travelanddine.info\/#website","url":"https:\/\/www.travelanddine.info\/","name":"Premium Travel&amp;Dine Info","description":"tipy, doporu\u010den\u00ed, informace.. pro ty, kte\u0159\u00ed maj\u00ed r\u00e1di cestov\u00e1n\u00ed na vysok\u00e9 \u00farovni a skv\u011bl\u00e9 j\u00eddlo","publisher":{"@id":"https:\/\/www.travelanddine.info\/#organization"},"potentialAction":[{"@type":"SearchAction","target":{"@type":"EntryPoint","urlTemplate":"https:\/\/www.travelanddine.info\/?s={search_term_string}"},"query-input":"required name=search_term_string"}],"inLanguage":"cs"},{"@type":"ImageObject","@id":"https:\/\/www.travelanddine.info\/index.php\/hong-kong-hotely\/#primaryimage","inLanguage":"cs","url":"http:\/\/www.travelanddine.info\/wp-content\/uploads\/2019\/07\/hong-kong-1024x360.jpg","contentUrl":"http:\/\/www.travelanddine.info\/wp-content\/uploads\/2019\/07\/hong-kong-1024x360.jpg"},{"@type":"WebPage","@id":"https:\/\/www.travelanddine.info\/index.php\/hong-kong-hotely\/#webpage","url":"https:\/\/www.travelanddine.info\/index.php\/hong-kong-hotely\/","name":"Hong Kong - Premium Travel&amp;Dine Info","isPartOf":{"@id":"https:\/\/www.travelanddine.info\/#website"},"primaryImageOfPage":{"@id":"https:\/\/www.travelanddine.info\/index.php\/hong-kong-hotely\/#primaryimage"},"datePublished":"2019-02-08T14:12:12+00:00","dateModified":"2021-05-18T13:22:11+00:00","breadcrumb":{"@id":"https:\/\/www.travelanddine.info\/index.php\/hong-kong-hotely\/#breadcrumb"},"inLanguage":"cs","potentialAction":[{"@type":"ReadAction","target":["https:\/\/www.travelanddine.info\/index.php\/hong-kong-hotely\/"]}]},{"@type":"BreadcrumbList","@id":"https:\/\/www.travelanddine.info\/index.php\/hong-kong-hotely\/#breadcrumb","itemListElement":[{"@type":"ListItem","position":1,"name":"Dom\u016f","item":"https:\/\/www.travelanddine.info\/index.php\/en\/home\/"},{"@type":"ListItem","position":2,"name":"Hong Kong"}]}]}},"_links":{"self":[{"href":"https:\/\/www.travelanddine.info\/index.php\/wp-json\/wp\/v2\/pages\/1155"}],"collection":[{"href":"https:\/\/www.travelanddine.info\/index.php\/wp-json\/wp\/v2\/pages"}],"about":[{"href":"https:\/\/www.travelanddine.info\/index.php\/wp-json\/wp\/v2\/types\/page"}],"author":[{"embeddable":true,"href":"https:\/\/www.travelanddine.info\/index.php\/wp-json\/wp\/v2\/users\/1"}],"replies":[{"embeddable":true,"href":"https:\/\/www.travelanddine.info\/index.php\/wp-json\/wp\/v2\/comments?post=1155"}],"version-history":[{"count":27,"href":"https:\/\/www.travelanddine.info\/index.php\/wp-json\/wp\/v2\/pages\/1155\/revisions"}],"predecessor-version":[{"id":4185,"href":"https:\/\/www.travelanddine.info\/index.php\/wp-json\/wp\/v2\/pages\/1155\/revisions\/4185"}],"wp:attachment":[{"href":"https:\/\/www.travelanddine.info\/index.php\/wp-json\/wp\/v2\/media?parent=1155"}],"curies":[{"name":"wp","href":"https:\/\/api.w.org\/{rel}","templated":true}]}}