{"id":1159,"date":"2019-02-08T14:12:12","date_gmt":"2019-02-08T14:12:12","guid":{"rendered":"http:\/\/www.travelanddine.info\/?page_id=1159"},"modified":"2021-06-11T09:36:40","modified_gmt":"2021-06-11T09:36:40","slug":"hong-kong-hotels","status":"publish","type":"page","link":"https:\/\/www.travelanddine.info\/index.php\/en\/hong-kong-hotels\/","title":{"rendered":"Hong Kong"},"content":{"rendered":"\n<figure class=\"wp-block-image\"><img loading=\"lazy\" width=\"1024\" height=\"360\" src=\"https:\/\/www.travelanddine.info\/wp-content\/uploads\/2019\/07\/hong-kong-1-1024x360.jpg\" alt=\"\" class=\"wp-image-2492\" srcset=\"https:\/\/www.travelanddine.info\/wp-content\/uploads\/2019\/07\/hong-kong-1-1024x360.jpg 1024w, https:\/\/www.travelanddine.info\/wp-content\/uploads\/2019\/07\/hong-kong-1-300x106.jpg 300w, https:\/\/www.travelanddine.info\/wp-content\/uploads\/2019\/07\/hong-kong-1-768x270.jpg 768w\" sizes=\"(max-width: 1024px) 100vw, 1024px\" \/><\/figure>\n\n\n\n<hr class=\"wp-block-separator\"\/>\n\n\n\n<div class=\"wp-block-image\"><figure class=\"aligncenter size-large\"><img loading=\"lazy\" width=\"1024\" height=\"83\" src=\"https:\/\/www.travelanddine.info\/wp-content\/uploads\/2021\/06\/NAVSTIVENE-HOTELY-ENG-1024x83.png\" alt=\"\" class=\"wp-image-4461\" srcset=\"https:\/\/www.travelanddine.info\/wp-content\/uploads\/2021\/06\/NAVSTIVENE-HOTELY-ENG-1024x83.png 1024w, https:\/\/www.travelanddine.info\/wp-content\/uploads\/2021\/06\/NAVSTIVENE-HOTELY-ENG-300x24.png 300w, https:\/\/www.travelanddine.info\/wp-content\/uploads\/2021\/06\/NAVSTIVENE-HOTELY-ENG-768x62.png 768w, https:\/\/www.travelanddine.info\/wp-content\/uploads\/2021\/06\/NAVSTIVENE-HOTELY-ENG.png 1250w\" sizes=\"(max-width: 1024px) 100vw, 1024px\" \/><\/figure><\/div>\n\n\n\n<div class=\"wp-block-columns has-2-columns\">\n<div class=\"wp-block-column\">\n<figure class=\"wp-block-image size-large\"><a href=\"https:\/\/www.travelanddine.info\/index.php\/en\/hong-kong-hotels\/the-peninsula-hotel-hong-kong-aj\/\"><img loading=\"lazy\" width=\"770\" height=\"189\" src=\"https:\/\/www.travelanddine.info\/wp-content\/uploads\/2021\/06\/THE-PENINSULA-HK-EN.png\" alt=\"\" class=\"wp-image-4463\" srcset=\"https:\/\/www.travelanddine.info\/wp-content\/uploads\/2021\/06\/THE-PENINSULA-HK-EN.png 770w, https:\/\/www.travelanddine.info\/wp-content\/uploads\/2021\/06\/THE-PENINSULA-HK-EN-300x74.png 300w, https:\/\/www.travelanddine.info\/wp-content\/uploads\/2021\/06\/THE-PENINSULA-HK-EN-768x189.png 768w\" sizes=\"(max-width: 770px) 100vw, 770px\" \/><\/a><\/figure>\n<\/div>\n\n\n\n<div class=\"wp-block-column\">\n<figure class=\"wp-block-image size-large\"><a href=\"https:\/\/www.travelanddine.info\/index.php\/en\/hong-kong-hotels\/holiday-inn-golden-mile-hotel-aj-2\/\"><img loading=\"lazy\" width=\"770\" height=\"189\" src=\"https:\/\/www.travelanddine.info\/wp-content\/uploads\/2021\/06\/HOLIDAY-INN-HK-EN.png\" alt=\"\" class=\"wp-image-4464\" srcset=\"https:\/\/www.travelanddine.info\/wp-content\/uploads\/2021\/06\/HOLIDAY-INN-HK-EN.png 770w, https:\/\/www.travelanddine.info\/wp-content\/uploads\/2021\/06\/HOLIDAY-INN-HK-EN-300x74.png 300w, https:\/\/www.travelanddine.info\/wp-content\/uploads\/2021\/06\/HOLIDAY-INN-HK-EN-768x189.png 768w\" sizes=\"(max-width: 770px) 100vw, 770px\" \/><\/a><\/figure>\n<\/div>\n<\/div>\n\n\n\n<hr class=\"wp-block-separator\"\/>\n\n\n\n<div class=\"wp-block-image\"><figure class=\"aligncenter size-large\"><img loading=\"lazy\" width=\"1024\" height=\"39\" src=\"https:\/\/www.travelanddine.info\/wp-content\/uploads\/2021\/06\/OSTATNI-HOTELY-ENG-1024x39.png\" alt=\"\" class=\"wp-image-4465\" srcset=\"https:\/\/www.travelanddine.info\/wp-content\/uploads\/2021\/06\/OSTATNI-HOTELY-ENG-1024x39.png 1024w, https:\/\/www.travelanddine.info\/wp-content\/uploads\/2021\/06\/OSTATNI-HOTELY-ENG-300x12.png 300w, https:\/\/www.travelanddine.info\/wp-content\/uploads\/2021\/06\/OSTATNI-HOTELY-ENG-768x29.png 768w, https:\/\/www.travelanddine.info\/wp-content\/uploads\/2021\/06\/OSTATNI-HOTELY-ENG.png 1250w\" sizes=\"(max-width: 1024px) 100vw, 1024px\" \/><\/figure><\/div>\n\n\n\n<figure class=\"wp-block-table aligncenter\"><table><tbody><tr><td><\/td><td><\/td><td><\/td><\/tr><tr><td><\/td><td>MANDARIN ORIENTAL<\/td><td>HONG KONG<\/td><\/tr><tr><td><\/td><td>FOUR SEASONS<\/td><td>HONG KONG<\/td><\/tr><tr><td><\/td><td>THE LANDMARK MANDARIN ORIENTAL<\/td><td>HONG KONG<\/td><\/tr><tr><td><\/td><td>THE RITZ-CARLTON<\/td><td>HONG KONG<\/td><\/tr><tr><td><\/td><td>UPPER HOUSE<\/td><td>HONG KONG<\/td><\/tr><tr><td><\/td><td>ISLAND SHANGRI-LA<\/td><td>HONG KONG<\/td><\/tr><tr><td><\/td><td>GRAND HYATT<\/td><td>HONG KONG<\/td><\/tr><tr><td><\/td><td>ICON<\/td><td>HONG KONG<\/td><\/tr><tr><td><\/td><td>THE MURRAY, A NICCOLO HOTEL<\/td><td>HONG KONG<\/td><\/tr><tr><td><\/td><td>W HOTEL<\/td><td>HONG KONG<\/td><\/tr><tr><td><\/td><td>THE LANGHAM<\/td><td>HONG KONG<\/td><\/tr><tr><td><\/td><td>KOWLOON SHANGRI-LA<\/td><td>HONG KONG<\/td><\/tr><tr><td><\/td><td>JW MARRIOTT<\/td><td>HONG KONG<\/td><\/tr><tr><td><\/td><td>CONRAD<\/td><td>HONG KONG<\/td><\/tr><tr><td><\/td><td>INTERCONTINENTAL<\/td><td>HONG KONG<\/td><\/tr><tr><td><\/td><td>HOLIDAY INN GOLDEN MILE<\/td><td>HONG KONG<\/td><\/tr><tr><td><\/td><td>KERRY<\/td><td>HONG KONG<\/td><\/tr><tr><td><\/td><td>CORDIS<\/td><td>HONG KONG<\/td><\/tr><tr><td><\/td><td>HYAT REGENCY TSIM SHA TSUI<\/td><td>HONG KONG<\/td><\/tr><tr><td><\/td><td>INTERCONTINENTAL GRAND STANFORT<\/td><td>HONG KONG<\/td><\/tr><tr><td><\/td><td>MIRA MOON<\/td><td>HONG KONG<\/td><\/tr><tr><td><\/td><td>SHERATON HOTEL &amp; TOWERS<\/td><td>HONG KONG<\/td><\/tr><tr><td><\/td><td>THE POTTINGER<\/td><td>HONG KONG<\/td><\/tr><tr><td><\/td><td>NEW WORLD MILENNIUM<\/td><td>HONG KONG<\/td><\/tr><\/tbody><\/table><\/figure>\n\n\n\n<div class=\"wp-block-columns has-2-columns\"><\/div>\n","protected":false},"excerpt":{"rendered":"<p>MANDARIN ORIENTAL HONG KONG FOUR SEASONS HONG KONG THE LANDMARK MANDARIN ORIENTAL HONG KONG THE RITZ-CARLTON HONG KONG UPPER HOUSE HONG KONG ISLAND SHANGRI-LA HONG KONG GRAND HYATT HONG KONG ICON HONG KONG THE MURRAY, A NICCOLO HOTEL HONG KONG&#8230;<\/p>\n","protected":false},"author":1,"featured_media":0,"parent":0,"menu_order":0,"comment_status":"closed","ping_status":"closed","template":"","meta":[],"yoast_head":"<!-- This site is optimized with the Yoast SEO plugin v17.0 - https:\/\/yoast.com\/wordpress\/plugins\/seo\/ -->\n<title>Hong Kong - Premium Travel&amp;Dine Info<\/title>\n<meta name=\"robots\" content=\"index, follow, max-snippet:-1, max-image-preview:large, max-video-preview:-1\" \/>\n<link rel=\"canonical\" href=\"https:\/\/www.travelanddine.info\/index.php\/en\/hong-kong-hotels\/\" \/>\n<meta property=\"og:locale\" content=\"cs_CZ\" \/>\n<meta property=\"og:type\" content=\"article\" \/>\n<meta property=\"og:title\" content=\"Hong Kong - Premium Travel&amp;Dine Info\" \/>\n<meta property=\"og:description\" content=\"MANDARIN ORIENTAL HONG KONG FOUR SEASONS HONG KONG THE LANDMARK MANDARIN ORIENTAL HONG KONG THE RITZ-CARLTON HONG KONG UPPER HOUSE HONG KONG ISLAND SHANGRI-LA HONG KONG GRAND HYATT HONG KONG ICON HONG KONG THE MURRAY, A NICCOLO HOTEL HONG KONG...\" \/>\n<meta property=\"og:url\" content=\"https:\/\/www.travelanddine.info\/index.php\/en\/hong-kong-hotels\/\" \/>\n<meta property=\"og:site_name\" content=\"Premium Travel&amp;Dine Info\" \/>\n<meta property=\"article:publisher\" content=\"http:\/\/www.facebook.com\/PremiumTravelAndDineInfo\" \/>\n<meta property=\"article:modified_time\" content=\"2021-06-11T09:36:40+00:00\" \/>\n<meta property=\"og:image\" content=\"http:\/\/www.travelanddine.info\/wp-content\/uploads\/2019\/07\/hong-kong-1-1024x360.jpg\" \/>\n<meta name=\"twitter:card\" content=\"summary_large_image\" \/>\n<meta name=\"twitter:label1\" content=\"Odhadovan\u00e1 doba \u010dten\u00ed\" \/>\n\t<meta name=\"twitter:data1\" content=\"2 minuty\" \/>\n<script type=\"application\/ld+json\" class=\"yoast-schema-graph\">{\"@context\":\"https:\/\/schema.org\",\"@graph\":[{\"@type\":\"Organization\",\"@id\":\"https:\/\/www.travelanddine.info\/#organization\",\"name\":\"Premium Travel & Dine Info\",\"url\":\"https:\/\/www.travelanddine.info\/\",\"sameAs\":[\"http:\/\/www.facebook.com\/PremiumTravelAndDineInfo\",\"https:\/\/www.instagram.com\/premium_travel_and_dine_info\/\",\"https:\/\/www.youtube.com\/channel\/UCq4d7zmKK3AOuzDrR1p_2Qw\/featured?disable_polymer=1\"],\"logo\":{\"@type\":\"ImageObject\",\"@id\":\"https:\/\/www.travelanddine.info\/#logo\",\"inLanguage\":\"cs\",\"url\":\"https:\/\/www.travelanddine.info\/wp-content\/uploads\/2019\/01\/logo-premium-e1547240252292.jpg\",\"contentUrl\":\"https:\/\/www.travelanddine.info\/wp-content\/uploads\/2019\/01\/logo-premium-e1547240252292.jpg\",\"width\":1000,\"height\":406,\"caption\":\"Premium Travel & Dine Info\"},\"image\":{\"@id\":\"https:\/\/www.travelanddine.info\/#logo\"}},{\"@type\":\"WebSite\",\"@id\":\"https:\/\/www.travelanddine.info\/#website\",\"url\":\"https:\/\/www.travelanddine.info\/\",\"name\":\"Premium Travel&amp;Dine Info\",\"description\":\"tipy, doporu\\u010den\\u00ed, informace.. pro ty, kte\\u0159\\u00ed maj\\u00ed r\\u00e1di cestov\\u00e1n\\u00ed na vysok\\u00e9 \\u00farovni a skv\\u011bl\\u00e9 j\\u00eddlo\",\"publisher\":{\"@id\":\"https:\/\/www.travelanddine.info\/#organization\"},\"potentialAction\":[{\"@type\":\"SearchAction\",\"target\":{\"@type\":\"EntryPoint\",\"urlTemplate\":\"https:\/\/www.travelanddine.info\/?s={search_term_string}\"},\"query-input\":\"required name=search_term_string\"}],\"inLanguage\":\"cs\"},{\"@type\":\"ImageObject\",\"@id\":\"https:\/\/www.travelanddine.info\/index.php\/en\/hong-kong-hotels\/#primaryimage\",\"inLanguage\":\"cs\",\"url\":\"http:\/\/www.travelanddine.info\/wp-content\/uploads\/2019\/07\/hong-kong-1-1024x360.jpg\",\"contentUrl\":\"http:\/\/www.travelanddine.info\/wp-content\/uploads\/2019\/07\/hong-kong-1-1024x360.jpg\"},{\"@type\":\"WebPage\",\"@id\":\"https:\/\/www.travelanddine.info\/index.php\/en\/hong-kong-hotels\/#webpage\",\"url\":\"https:\/\/www.travelanddine.info\/index.php\/en\/hong-kong-hotels\/\",\"name\":\"Hong Kong - Premium Travel&amp;Dine Info\",\"isPartOf\":{\"@id\":\"https:\/\/www.travelanddine.info\/#website\"},\"primaryImageOfPage\":{\"@id\":\"https:\/\/www.travelanddine.info\/index.php\/en\/hong-kong-hotels\/#primaryimage\"},\"datePublished\":\"2019-02-08T14:12:12+00:00\",\"dateModified\":\"2021-06-11T09:36:40+00:00\",\"breadcrumb\":{\"@id\":\"https:\/\/www.travelanddine.info\/index.php\/en\/hong-kong-hotels\/#breadcrumb\"},\"inLanguage\":\"cs\",\"potentialAction\":[{\"@type\":\"ReadAction\",\"target\":[\"https:\/\/www.travelanddine.info\/index.php\/en\/hong-kong-hotels\/\"]}]},{\"@type\":\"BreadcrumbList\",\"@id\":\"https:\/\/www.travelanddine.info\/index.php\/en\/hong-kong-hotels\/#breadcrumb\",\"itemListElement\":[{\"@type\":\"ListItem\",\"position\":1,\"name\":\"Dom\\u016f\",\"item\":\"https:\/\/www.travelanddine.info\/index.php\/en\/home\/\"},{\"@type\":\"ListItem\",\"position\":2,\"name\":\"Hong Kong\"}]}]}<\/script>\n<!-- \/ Yoast SEO plugin. -->","yoast_head_json":{"title":"Hong Kong - Premium Travel&amp;Dine Info","robots":{"index":"index","follow":"follow","max-snippet":"max-snippet:-1","max-image-preview":"max-image-preview:large","max-video-preview":"max-video-preview:-1"},"canonical":"https:\/\/www.travelanddine.info\/index.php\/en\/hong-kong-hotels\/","og_locale":"cs_CZ","og_type":"article","og_title":"Hong Kong - Premium Travel&amp;Dine Info","og_description":"MANDARIN ORIENTAL HONG KONG FOUR SEASONS HONG KONG THE LANDMARK MANDARIN ORIENTAL HONG KONG THE RITZ-CARLTON HONG KONG UPPER HOUSE HONG KONG ISLAND SHANGRI-LA HONG KONG GRAND HYATT HONG KONG ICON HONG KONG THE MURRAY, A NICCOLO HOTEL HONG KONG...","og_url":"https:\/\/www.travelanddine.info\/index.php\/en\/hong-kong-hotels\/","og_site_name":"Premium Travel&amp;Dine Info","article_publisher":"http:\/\/www.facebook.com\/PremiumTravelAndDineInfo","article_modified_time":"2021-06-11T09:36:40+00:00","og_image":[{"url":"http:\/\/www.travelanddine.info\/wp-content\/uploads\/2019\/07\/hong-kong-1-1024x360.jpg"}],"twitter_card":"summary_large_image","twitter_misc":{"Odhadovan\u00e1 doba \u010dten\u00ed":"2 minuty"},"schema":{"@context":"https:\/\/schema.org","@graph":[{"@type":"Organization","@id":"https:\/\/www.travelanddine.info\/#organization","name":"Premium Travel & Dine Info","url":"https:\/\/www.travelanddine.info\/","sameAs":["http:\/\/www.facebook.com\/PremiumTravelAndDineInfo","https:\/\/www.instagram.com\/premium_travel_and_dine_info\/","https:\/\/www.youtube.com\/channel\/UCq4d7zmKK3AOuzDrR1p_2Qw\/featured?disable_polymer=1"],"logo":{"@type":"ImageObject","@id":"https:\/\/www.travelanddine.info\/#logo","inLanguage":"cs","url":"https:\/\/www.travelanddine.info\/wp-content\/uploads\/2019\/01\/logo-premium-e1547240252292.jpg","contentUrl":"https:\/\/www.travelanddine.info\/wp-content\/uploads\/2019\/01\/logo-premium-e1547240252292.jpg","width":1000,"height":406,"caption":"Premium Travel & Dine Info"},"image":{"@id":"https:\/\/www.travelanddine.info\/#logo"}},{"@type":"WebSite","@id":"https:\/\/www.travelanddine.info\/#website","url":"https:\/\/www.travelanddine.info\/","name":"Premium Travel&amp;Dine Info","description":"tipy, doporu\u010den\u00ed, informace.. pro ty, kte\u0159\u00ed maj\u00ed r\u00e1di cestov\u00e1n\u00ed na vysok\u00e9 \u00farovni a skv\u011bl\u00e9 j\u00eddlo","publisher":{"@id":"https:\/\/www.travelanddine.info\/#organization"},"potentialAction":[{"@type":"SearchAction","target":{"@type":"EntryPoint","urlTemplate":"https:\/\/www.travelanddine.info\/?s={search_term_string}"},"query-input":"required name=search_term_string"}],"inLanguage":"cs"},{"@type":"ImageObject","@id":"https:\/\/www.travelanddine.info\/index.php\/en\/hong-kong-hotels\/#primaryimage","inLanguage":"cs","url":"http:\/\/www.travelanddine.info\/wp-content\/uploads\/2019\/07\/hong-kong-1-1024x360.jpg","contentUrl":"http:\/\/www.travelanddine.info\/wp-content\/uploads\/2019\/07\/hong-kong-1-1024x360.jpg"},{"@type":"WebPage","@id":"https:\/\/www.travelanddine.info\/index.php\/en\/hong-kong-hotels\/#webpage","url":"https:\/\/www.travelanddine.info\/index.php\/en\/hong-kong-hotels\/","name":"Hong Kong - Premium Travel&amp;Dine Info","isPartOf":{"@id":"https:\/\/www.travelanddine.info\/#website"},"primaryImageOfPage":{"@id":"https:\/\/www.travelanddine.info\/index.php\/en\/hong-kong-hotels\/#primaryimage"},"datePublished":"2019-02-08T14:12:12+00:00","dateModified":"2021-06-11T09:36:40+00:00","breadcrumb":{"@id":"https:\/\/www.travelanddine.info\/index.php\/en\/hong-kong-hotels\/#breadcrumb"},"inLanguage":"cs","potentialAction":[{"@type":"ReadAction","target":["https:\/\/www.travelanddine.info\/index.php\/en\/hong-kong-hotels\/"]}]},{"@type":"BreadcrumbList","@id":"https:\/\/www.travelanddine.info\/index.php\/en\/hong-kong-hotels\/#breadcrumb","itemListElement":[{"@type":"ListItem","position":1,"name":"Dom\u016f","item":"https:\/\/www.travelanddine.info\/index.php\/en\/home\/"},{"@type":"ListItem","position":2,"name":"Hong Kong"}]}]}},"_links":{"self":[{"href":"https:\/\/www.travelanddine.info\/index.php\/wp-json\/wp\/v2\/pages\/1159"}],"collection":[{"href":"https:\/\/www.travelanddine.info\/index.php\/wp-json\/wp\/v2\/pages"}],"about":[{"href":"https:\/\/www.travelanddine.info\/index.php\/wp-json\/wp\/v2\/types\/page"}],"author":[{"embeddable":true,"href":"https:\/\/www.travelanddine.info\/index.php\/wp-json\/wp\/v2\/users\/1"}],"replies":[{"embeddable":true,"href":"https:\/\/www.travelanddine.info\/index.php\/wp-json\/wp\/v2\/comments?post=1159"}],"version-history":[{"count":8,"href":"https:\/\/www.travelanddine.info\/index.php\/wp-json\/wp\/v2\/pages\/1159\/revisions"}],"predecessor-version":[{"id":4470,"href":"https:\/\/www.travelanddine.info\/index.php\/wp-json\/wp\/v2\/pages\/1159\/revisions\/4470"}],"wp:attachment":[{"href":"https:\/\/www.travelanddine.info\/index.php\/wp-json\/wp\/v2\/media?parent=1159"}],"curies":[{"name":"wp","href":"https:\/\/api.w.org\/{rel}","templated":true}]}}