{"id":1163,"date":"2019-02-08T14:15:26","date_gmt":"2019-02-08T14:15:26","guid":{"rendered":"http:\/\/www.travelanddine.info\/?page_id=1163"},"modified":"2019-10-29T18:50:01","modified_gmt":"2019-10-29T18:50:01","slug":"the-peninsula-hotel-hong-kong-hu","status":"publish","type":"page","link":"https:\/\/www.travelanddine.info\/index.php\/hong-kong-hotely\/the-peninsula-hotel-hong-kong-hu\/","title":{"rendered":"THE PENINSULA HOTEL"},"content":{"rendered":"\n<p><em>Hotelov\u00fd\n\u0159et\u011bzec a v\u011brnostn\u00ed program<\/em><\/p>\n\n\n\n<p>Hotel\nPeninsula Hong Kong je vlajkovou lod\u00ed skupiny Peninsula Hotels,\np\u011btihv\u011bzdi\u010dkov\u00e9ho hotelov\u00e9ho \u0159et\u011bzce. V\u011brnostn\u00ed klub PenClub nab\u00edz\u00ed r\u016fzn\u00e9\nv\u00fdhody.<\/p>\n\n\n\n<figure class=\"wp-block-image\"><img loading=\"lazy\" width=\"612\" height=\"408\" src=\"https:\/\/www.travelanddine.info\/wp-content\/uploads\/2019\/02\/hk1.jpg\" alt=\"\" class=\"wp-image-1282\" srcset=\"https:\/\/www.travelanddine.info\/wp-content\/uploads\/2019\/02\/hk1.jpg 612w, https:\/\/www.travelanddine.info\/wp-content\/uploads\/2019\/02\/hk1-300x200.jpg 300w\" sizes=\"(max-width: 612px) 100vw, 612px\" \/><\/figure>\n\n\n\n<p><em>Hotelov\u00e9 lobby <\/em><\/p>\n\n\n\n<p>Po p\u0159\u00edjezdu do hotelu jsme mohli vid\u011bt, \u017ee hotelov\u00e9 lobby je velk\u00e9 a ohromuj\u00edc\u00ed. Za\u0159\u00edzeno v koloni\u00e1ln\u00edm stylu, p\u0159esto modern\u00ed. Person\u00e1l recepce byl profesion\u00e1ln\u00ed a p\u0159\u00e1telsk\u00fd. Odbaven\u00ed do hotelu bylo rychl\u00e9 a hladk\u00e9, brzy jsme se dostali do na\u0161eho pokoje typu Deluxe. K dispozici je tak\u00e9 \u00faschovna zavazadel, recepce a ve\u0161ker\u00e9 dal\u0161\u00ed slu\u017eby \u0161pi\u010dkov\u00fdch hotel\u016f.&nbsp; Ochotn\u00fd hotelov\u00fd person\u00e1l, kter\u00e9ho je v\u0161ude vice ne\u017e dost, m\u00e1 ve sv\u00e9m vst\u0159\u00edcn\u00e9m chov\u00e1n\u00ed, znaky star\u00e9 dobr\u00e9 \u0161koly. <\/p>\n\n\n\n<p>Hotel byl otev\u0159en v roce 1928 jako prvn\u00ed nemovitost pod zna\u010dkou Peninsula. V roce 1994 byla nemovitost roz\u0161\u00ed\u0159ena o dal\u0161\u00ed 30ti podla\u017en\u00ed budovu podobn\u00e9 architektury jakou je st\u00e1vaj\u00edc\u00ed budova.<\/p>\n\n\n\n<p>V lobby se nach\u00e1z\u00ed restaurace ve stylu star\u00e9ho britsk\u00e9ho imp\u00e9ria zdoben\u00e1 mno\u017estv\u00edm palem, kde se pravideln\u011b serv\u00edruje obl\u00edben\u00fd odpoledn\u00ed \u010daj &#8211; ritu\u00e1l, poch\u00e1zej\u00edc\u00ed z britsk\u00fdch koloni\u00e1ln\u00edch dob. Velk\u00e9 zdoben\u00e9 schodi\u0161t\u011b vede do vy\u0161\u0161\u00edch pater, kde najdete mnoho zna\u010dkov\u00fdch butik\u016f, od m\u00f3dy a\u017e po \u0161perky. &nbsp;<\/p>\n\n\n\n<p>Hotel je pova\u017eov\u00e1n za jeden z nejlep\u0161\u00edch hotel\u016f sv\u011bta a je pot\u0159eba uv\u00e9st, \u017ee  tak\u00e9 provozuje vozov\u00fd park automobil\u016f Rolls Royce. K dispozici je tak\u00e9 heliport um\u00edst\u011bn\u00fd na st\u0159e\u0161e hotelu pro ty, kte\u0159\u00ed se rozhodli p\u0159ilet\u011bt p\u0159\u00edmo z leti\u0161t\u011b. Hotel tak\u00e9 organizuje vyhl\u00eddkov\u00e9 lety vrtuln\u00edkem&nbsp; &#8211;&nbsp; nad p\u0159\u00edstavem Victoria a m\u011bstem. <\/p>\n\n\n\n<figure class=\"wp-block-image is-resized\"><img loading=\"lazy\" src=\"https:\/\/www.travelanddine.info\/wp-content\/uploads\/2019\/02\/HK2.jpg\" alt=\"\" class=\"wp-image-1283\" width=\"442\" height=\"589\" srcset=\"https:\/\/www.travelanddine.info\/wp-content\/uploads\/2019\/02\/HK2.jpg 433w, https:\/\/www.travelanddine.info\/wp-content\/uploads\/2019\/02\/HK2-225x300.jpg 225w\" sizes=\"(max-width: 442px) 100vw, 442px\" \/><\/figure>\n\n\n\n<figure class=\"wp-block-image is-resized\"><img loading=\"lazy\" src=\"https:\/\/www.travelanddine.info\/wp-content\/uploads\/2019\/02\/HK3.jpg\" alt=\"\" class=\"wp-image-1284\" width=\"446\" height=\"335\" srcset=\"https:\/\/www.travelanddine.info\/wp-content\/uploads\/2019\/02\/HK3.jpg 500w, https:\/\/www.travelanddine.info\/wp-content\/uploads\/2019\/02\/HK3-300x225.jpg 300w\" sizes=\"(max-width: 446px) 100vw, 446px\" \/><\/figure>\n\n\n\n<p><em>Um\u00edst\u011bn\u00ed\nhotelu<\/em><\/p>\n\n\n\n<p>V Kowloon-u. Uprost\u0159ed Tsim Sha Tsui, \u017eiv\u00e9 obchodn\u00ed a kulturn\u00ed oblasti m\u011bsta. Hongkongsk\u00e9 mezin\u00e1rodn\u00ed leti\u0161t\u011b je asi hodinu j\u00edzdy, samoz\u0159ejm\u011b, pokud se nerozhodnete p\u0159ilet\u011bt vrtuln\u00edkem. Pobl\u00ed\u017e se nach\u00e1z\u00ed mnoho kulturn\u00edch a um\u011bleck\u00fdch m\u00edst, jako je Hongkonsk\u00e9 kulturn\u00ed centrum, Hongkonsk\u00e9 muzeum um\u011bn\u00ed nebo Hongkongsk\u00e9 vesm\u00edrn\u00e9 muzeum. P\u0159\u00edstav trajekt\u016f Star Ferry se nach\u00e1z\u00ed jen p\u00e1r minut ch\u016fze. Dal\u0161\u00edmi atrakcemi jsou v\u011b\u017e s hodinami na TsimShaTsui nebo Avenue of Stars &#8211; inspirovan\u00e1 chodn\u00edkem sl\u00e1vy v Hollywoodu.<\/p>\n\n\n\n<p><em>Hotelov\u00e9\npokoje<\/em><\/p>\n\n\n\n<p>Hotel m\u00e1 300 prostorn\u00fdch a luxusn\u00edch pokoj\u016f a apartm\u00e1n\u016f. N\u00e1\u0161 pokoj Deluxe m\u011bl p\u0159ibli\u017en\u011b 45 m2 s v\u00fdhledem na Kowloon a byl dokorov\u00e1n modern\u00edm \u010d\u00ednsk\u00fdm motivem broskvov\u00e9ho kv\u011btu. Velmi elegantn\u00ed. Pokoj je vyzdoben v barv\u011b sv\u011btl\u00e9 b\u00e9\u017eov\u00e9 a tmav\u00e9ho d\u0159eva v klasick\u00e9m koloni\u00e1ln\u00edm a modern\u00edm designu. Je vybaven velkou televiz\u00ed a v\u0161emi vymo\u017eenostmi, kter\u00e9 m\u016f\u017eete o\u010dek\u00e1vat od 5hv\u011bzdi\u010dkov\u00e9ho hotelu. Pokojov\u00e1 teplota, z\u00e1clony, pokojov\u00e1 slu\u017eba nebo z\u00e1bava, to v\u0161e lze ovl\u00e1dat z tabletu vedle pohodln\u00e9ho l\u016f\u017eka. Velmi hi-tech vybaven\u00ed. Nechyb\u00ed ani profesion\u00e1ln\u00ed k\u00e1vovar a \u010dajov\u00e1 konvice, minibar a mnoho dal\u0161\u00edch za\u0159\u00edzen\u00ed.<\/p>\n\n\n\n<p>Mramorov\u00e1\nkoupelna m\u00e1 velkou vanu a samostatn\u00fd sprchov\u00fd kout. Klasick\u00fd dekor zahrnuje\nstaro\u017eitn\u00e9 umyvadla, zrcadlo i vodovodn\u00ed baterie. Zna\u010dkov\u00e9 toaletn\u00ed pot\u0159eby jako\nholic\u00ed kr\u00e9m, t\u011blov\u00fd \u0161amp\u00f3n, dent\u00e1ln\u00ed pot\u0159eby a dal\u0161\u00ed jsou sou\u010d\u00e1st\u00ed vybaven\u00ed\nkoupelny.<\/p>\n\n\n\n<p>Ka\u017ed\u00fd\npokoj je vybaven tzv. courtesy box pro slu\u017eby pr\u00e1delny a \u010dist\u011bn\u00ed obuvi. Wifi\np\u0159ipojen\u00ed je stabiln\u00ed a rychl\u00e9.<\/p>\n\n\n\n<figure class=\"wp-block-image is-resized\"><img loading=\"lazy\" src=\"https:\/\/www.travelanddine.info\/wp-content\/uploads\/2019\/02\/HK4.jpg\" alt=\"\" class=\"wp-image-1285\" width=\"508\" height=\"339\" srcset=\"https:\/\/www.travelanddine.info\/wp-content\/uploads\/2019\/02\/HK4.jpg 528w, https:\/\/www.travelanddine.info\/wp-content\/uploads\/2019\/02\/HK4-300x200.jpg 300w\" sizes=\"(max-width: 508px) 100vw, 508px\" \/><\/figure>\n\n\n\n<figure class=\"wp-block-image is-resized\"><img loading=\"lazy\" src=\"https:\/\/www.travelanddine.info\/wp-content\/uploads\/2019\/02\/HK5.jpg\" alt=\"\" class=\"wp-image-1286\" width=\"511\" height=\"287\" srcset=\"https:\/\/www.travelanddine.info\/wp-content\/uploads\/2019\/02\/HK5.jpg 666w, https:\/\/www.travelanddine.info\/wp-content\/uploads\/2019\/02\/HK5-300x168.jpg 300w\" sizes=\"(max-width: 511px) 100vw, 511px\" \/><\/figure>\n\n\n\n<p><em>Restaurace\na j\u00eddlo<\/em><\/p>\n\n\n\n<p>V hotelu je 8 restaurac\u00ed. V restauraci <em>Verandah<\/em> se pod\u00e1vaj\u00ed sn\u00eddan\u011b formou bufetu s velk\u00fdm v\u00fdb\u011brem. Studen\u00e9, tepl\u00e9, kontinent\u00e1ln\u00ed, z\u00e1padn\u00ed, \u010d\u00ednsk\u00e9 &#8230; prost\u011b v\u0161e, co si dok\u00e1\u017eete p\u0159edstavit. Restaurace Verandah,  po \u010dase sn\u00eddan\u00ed, serv\u00edruje kontinent\u00e1ln\u00ed j\u00eddla. V restauraci <em>Lobby<\/em> se tak\u00e9 pod\u00e1vaj\u00ed sn\u00eddan\u011b. Od 14:00 do 18:00 je toto m\u00edsto vyhrazeno pro slavn\u00fd odpoledn\u00ed \u010daj. Restaurace <em>Spring Moon<\/em> je m\u00edstem, kter\u00e9 je ocen\u011bno Michelinskou hv\u011bzdou, slou\u017e\u00ed k pod\u00e1v\u00e1n\u00ed j\u00eddel kantonsk\u00e9 kuchyn\u011b. Abychom \u0159ekli pravdu, v t\u00e9to restauraci jsme m\u011bli snad nejlep\u0161\u00ed pekingskou kachnu, tradi\u010dn\u00ed \u010d\u00ednskou pochoutku. Fantastick\u00e9 j\u00eddlo. <em>Imasa<\/em> se specializuje na japonsk\u00e9 delikatesy. Dal\u0161\u00edmi restauracemi jsou <em>Chesa<\/em>, <em>Gaddi\u2019s <\/em>nebo <em>Felix<\/em>, kter\u00e9 jsou zn\u00e1m\u00e9 serv\u00edrov\u00e1n\u00edm modern\u00edho evropsk\u00e9ho j\u00eddla. A <em>Bar<\/em> je tradi\u010dn\u00ed bar a salonek s \u0161irokou nab\u00eddkou v\u00edn, koktejl\u016f a n\u00e1poj\u016f.<\/p>\n\n\n\n<p>Hotel\nse m\u016f\u017ee pochlubit sv\u00fdm vlastn\u00edm \u0161ampa\u0148sk\u00fdm, The Peninsula champagne. Velmi\ntrendy!<\/p>\n\n\n\n<figure class=\"wp-block-image is-resized\"><img loading=\"lazy\" src=\"https:\/\/www.travelanddine.info\/wp-content\/uploads\/2019\/02\/HK6.jpg\" alt=\"\" class=\"wp-image-1287\" width=\"512\" height=\"288\" srcset=\"https:\/\/www.travelanddine.info\/wp-content\/uploads\/2019\/02\/HK6.jpg 666w, https:\/\/www.travelanddine.info\/wp-content\/uploads\/2019\/02\/HK6-300x169.jpg 300w\" sizes=\"(max-width: 512px) 100vw, 512px\" \/><\/figure>\n\n\n\n<p><em>Mo\u017enosti\npro voln\u00fd \u010das<\/em><\/p>\n\n\n\n<p>V hotelu je kryt\u00fd baz\u00e9n, kter\u00fd se nach\u00e1z\u00ed v 8. pat\u0159e a nab\u00edz\u00ed host\u016fm skv\u011bl\u00fd v\u00fdhled na  Hongkong Island. Fitness centrum je dob\u0159e vybaven\u00e9 a je otev\u0159eno 24 hodin denn\u011b. Peninsula Spa, l\u00e1zn\u011b, kter\u00e9 maj\u00ed n\u011bkolik prostor pro relaxaci host\u016f v saun\u011b, hammam parn\u00edch l\u00e1zn\u00edch a nab\u00edz\u00ed tak\u00e9 aromaterapii.<\/p>\n\n\n\n<p><em>Z\u00e1v\u011br <\/em><\/p>\n\n\n\n<p><\/p>\n\n\n\n<p>Nejlep\u0161\u00ed pro&nbsp;&nbsp;&nbsp;&nbsp;&nbsp;&nbsp; :&nbsp;&nbsp;&nbsp;&nbsp;&nbsp;&nbsp;&nbsp;&nbsp;  <\/p>\n\n\n\n<p>typick\u00fd koloni\u00e1ln\u00ed luxus propojen\u00fd s modern\u00edmi technologiemi  <\/p>\n\n\n\n<p>Neprop\u00e1sn\u011bte &nbsp;&nbsp; :&nbsp;&nbsp;&nbsp;&nbsp;&nbsp;&nbsp;&nbsp;&nbsp;&nbsp;&nbsp; <\/p>\n\n\n\n<p>pekingskou kachnu, \u010d\u00ednskou pochoutku v michelinsk\u00e9 restauraci Spring Moon <\/p>\n\n\n\n<p>Cena pokoje &nbsp;&nbsp;&nbsp;&nbsp; :&nbsp;&nbsp;&nbsp;&nbsp;&nbsp;&nbsp;&nbsp;&nbsp;&nbsp;&nbsp; <\/p>\n\n\n\n<p>od 520,- EUR \/ Deluxe Room <\/p>\n\n\n\n<p>Kontakt&nbsp;&nbsp;&nbsp;&nbsp;&nbsp;&nbsp;&nbsp;&nbsp;&nbsp;&nbsp;&nbsp;&nbsp; :&nbsp;&nbsp;&nbsp;&nbsp;&nbsp;&nbsp;&nbsp;&nbsp;&nbsp;&nbsp; <\/p>\n\n\n\n<p><a href=\"https:\/\/www.peninsula.com\/en\/hong-kong\/5-star-luxury-hotel-kowloon\" target=\"_blank\" rel=\"noreferrer noopener\" aria-label=\"https:\/\/www.peninsula.com\/en\/hong-kong\/5-star-luxury-hotel-kowloon (otev\u0159e se na nov\u00e9 z\u00e1lo\u017ece)\">https:\/\/www.peninsula.com\/en\/hong-kong\/5-star-luxury-hotel-kowloon<\/a><\/p>\n\n\n\n<p>Salisbury\nRd, Tsim Sha Tsui, Hongkong<\/p>\n\n\n\n<p>Tel: +852 2920 2888<\/p>\n\n\n\n<p><\/p>\n\n\n\n<p><\/p>\n","protected":false},"excerpt":{"rendered":"<p>Hotelov\u00fd \u0159et\u011bzec a v\u011brnostn\u00ed program Hotel Peninsula Hong Kong je vlajkovou lod\u00ed skupiny Peninsula Hotels, p\u011btihv\u011bzdi\u010dkov\u00e9ho hotelov\u00e9ho \u0159et\u011bzce. V\u011brnostn\u00ed klub PenClub nab\u00edz\u00ed r\u016fzn\u00e9 v\u00fdhody. Hotelov\u00e9 lobby Po p\u0159\u00edjezdu do hotelu jsme mohli vid\u011bt, \u017ee hotelov\u00e9 lobby je velk\u00e9 a ohromuj\u00edc\u00ed&#8230;.<\/p>\n","protected":false},"author":1,"featured_media":0,"parent":1155,"menu_order":0,"comment_status":"closed","ping_status":"closed","template":"","meta":[],"yoast_head":"<!-- This site is optimized with the Yoast SEO plugin v17.0 - https:\/\/yoast.com\/wordpress\/plugins\/seo\/ -->\n<title>THE PENINSULA HOTEL - Premium Travel&amp;Dine Info<\/title>\n<meta name=\"robots\" content=\"index, follow, max-snippet:-1, max-image-preview:large, max-video-preview:-1\" \/>\n<link rel=\"canonical\" href=\"https:\/\/www.travelanddine.info\/index.php\/hong-kong-hotely\/the-peninsula-hotel-hong-kong-hu\/\" \/>\n<meta property=\"og:locale\" content=\"cs_CZ\" \/>\n<meta property=\"og:type\" content=\"article\" \/>\n<meta property=\"og:title\" content=\"THE PENINSULA HOTEL - Premium Travel&amp;Dine Info\" \/>\n<meta property=\"og:description\" content=\"Hotelov\u00fd \u0159et\u011bzec a v\u011brnostn\u00ed program Hotel Peninsula Hong Kong je vlajkovou lod\u00ed skupiny Peninsula Hotels, p\u011btihv\u011bzdi\u010dkov\u00e9ho hotelov\u00e9ho \u0159et\u011bzce. V\u011brnostn\u00ed klub PenClub nab\u00edz\u00ed r\u016fzn\u00e9 v\u00fdhody. Hotelov\u00e9 lobby Po p\u0159\u00edjezdu do hotelu jsme mohli vid\u011bt, \u017ee hotelov\u00e9 lobby je velk\u00e9 a ohromuj\u00edc\u00ed....\" \/>\n<meta property=\"og:url\" content=\"https:\/\/www.travelanddine.info\/index.php\/hong-kong-hotely\/the-peninsula-hotel-hong-kong-hu\/\" \/>\n<meta property=\"og:site_name\" content=\"Premium Travel&amp;Dine Info\" \/>\n<meta property=\"article:publisher\" content=\"http:\/\/www.facebook.com\/PremiumTravelAndDineInfo\" \/>\n<meta property=\"article:modified_time\" content=\"2019-10-29T18:50:01+00:00\" \/>\n<meta property=\"og:image\" content=\"http:\/\/www.travelanddine.info\/wp-content\/uploads\/2019\/02\/hk1.jpg\" \/>\n<meta name=\"twitter:card\" content=\"summary_large_image\" \/>\n<meta name=\"twitter:label1\" content=\"Odhadovan\u00e1 doba \u010dten\u00ed\" \/>\n\t<meta name=\"twitter:data1\" content=\"5 minut\" \/>\n<script type=\"application\/ld+json\" class=\"yoast-schema-graph\">{\"@context\":\"https:\/\/schema.org\",\"@graph\":[{\"@type\":\"Organization\",\"@id\":\"https:\/\/www.travelanddine.info\/#organization\",\"name\":\"Premium Travel & Dine Info\",\"url\":\"https:\/\/www.travelanddine.info\/\",\"sameAs\":[\"http:\/\/www.facebook.com\/PremiumTravelAndDineInfo\",\"https:\/\/www.instagram.com\/premium_travel_and_dine_info\/\",\"https:\/\/www.youtube.com\/channel\/UCq4d7zmKK3AOuzDrR1p_2Qw\/featured?disable_polymer=1\"],\"logo\":{\"@type\":\"ImageObject\",\"@id\":\"https:\/\/www.travelanddine.info\/#logo\",\"inLanguage\":\"cs\",\"url\":\"https:\/\/www.travelanddine.info\/wp-content\/uploads\/2019\/01\/logo-premium-e1547240252292.jpg\",\"contentUrl\":\"https:\/\/www.travelanddine.info\/wp-content\/uploads\/2019\/01\/logo-premium-e1547240252292.jpg\",\"width\":1000,\"height\":406,\"caption\":\"Premium Travel & Dine Info\"},\"image\":{\"@id\":\"https:\/\/www.travelanddine.info\/#logo\"}},{\"@type\":\"WebSite\",\"@id\":\"https:\/\/www.travelanddine.info\/#website\",\"url\":\"https:\/\/www.travelanddine.info\/\",\"name\":\"Premium Travel&amp;Dine Info\",\"description\":\"tipy, doporu\\u010den\\u00ed, informace.. pro ty, kte\\u0159\\u00ed maj\\u00ed r\\u00e1di cestov\\u00e1n\\u00ed na vysok\\u00e9 \\u00farovni a skv\\u011bl\\u00e9 j\\u00eddlo\",\"publisher\":{\"@id\":\"https:\/\/www.travelanddine.info\/#organization\"},\"potentialAction\":[{\"@type\":\"SearchAction\",\"target\":{\"@type\":\"EntryPoint\",\"urlTemplate\":\"https:\/\/www.travelanddine.info\/?s={search_term_string}\"},\"query-input\":\"required name=search_term_string\"}],\"inLanguage\":\"cs\"},{\"@type\":\"ImageObject\",\"@id\":\"https:\/\/www.travelanddine.info\/index.php\/hong-kong-hotely\/the-peninsula-hotel-hong-kong-hu\/#primaryimage\",\"inLanguage\":\"cs\",\"url\":\"http:\/\/www.travelanddine.info\/wp-content\/uploads\/2019\/02\/hk1.jpg\",\"contentUrl\":\"http:\/\/www.travelanddine.info\/wp-content\/uploads\/2019\/02\/hk1.jpg\"},{\"@type\":\"WebPage\",\"@id\":\"https:\/\/www.travelanddine.info\/index.php\/hong-kong-hotely\/the-peninsula-hotel-hong-kong-hu\/#webpage\",\"url\":\"https:\/\/www.travelanddine.info\/index.php\/hong-kong-hotely\/the-peninsula-hotel-hong-kong-hu\/\",\"name\":\"THE PENINSULA HOTEL - Premium Travel&amp;Dine Info\",\"isPartOf\":{\"@id\":\"https:\/\/www.travelanddine.info\/#website\"},\"primaryImageOfPage\":{\"@id\":\"https:\/\/www.travelanddine.info\/index.php\/hong-kong-hotely\/the-peninsula-hotel-hong-kong-hu\/#primaryimage\"},\"datePublished\":\"2019-02-08T14:15:26+00:00\",\"dateModified\":\"2019-10-29T18:50:01+00:00\",\"breadcrumb\":{\"@id\":\"https:\/\/www.travelanddine.info\/index.php\/hong-kong-hotely\/the-peninsula-hotel-hong-kong-hu\/#breadcrumb\"},\"inLanguage\":\"cs\",\"potentialAction\":[{\"@type\":\"ReadAction\",\"target\":[\"https:\/\/www.travelanddine.info\/index.php\/hong-kong-hotely\/the-peninsula-hotel-hong-kong-hu\/\"]}]},{\"@type\":\"BreadcrumbList\",\"@id\":\"https:\/\/www.travelanddine.info\/index.php\/hong-kong-hotely\/the-peninsula-hotel-hong-kong-hu\/#breadcrumb\",\"itemListElement\":[{\"@type\":\"ListItem\",\"position\":1,\"name\":\"Dom\\u016f\",\"item\":\"https:\/\/www.travelanddine.info\/index.php\/en\/home\/\"},{\"@type\":\"ListItem\",\"position\":2,\"name\":\"Hong Kong\",\"item\":\"https:\/\/www.travelanddine.info\/index.php\/hong-kong-hotely\/\"},{\"@type\":\"ListItem\",\"position\":3,\"name\":\"THE PENINSULA HOTEL\"}]}]}<\/script>\n<!-- \/ Yoast SEO plugin. -->","yoast_head_json":{"title":"THE PENINSULA HOTEL - Premium Travel&amp;Dine Info","robots":{"index":"index","follow":"follow","max-snippet":"max-snippet:-1","max-image-preview":"max-image-preview:large","max-video-preview":"max-video-preview:-1"},"canonical":"https:\/\/www.travelanddine.info\/index.php\/hong-kong-hotely\/the-peninsula-hotel-hong-kong-hu\/","og_locale":"cs_CZ","og_type":"article","og_title":"THE PENINSULA HOTEL - Premium Travel&amp;Dine Info","og_description":"Hotelov\u00fd \u0159et\u011bzec a v\u011brnostn\u00ed program Hotel Peninsula Hong Kong je vlajkovou lod\u00ed skupiny Peninsula Hotels, p\u011btihv\u011bzdi\u010dkov\u00e9ho hotelov\u00e9ho \u0159et\u011bzce. V\u011brnostn\u00ed klub PenClub nab\u00edz\u00ed r\u016fzn\u00e9 v\u00fdhody. Hotelov\u00e9 lobby Po p\u0159\u00edjezdu do hotelu jsme mohli vid\u011bt, \u017ee hotelov\u00e9 lobby je velk\u00e9 a ohromuj\u00edc\u00ed....","og_url":"https:\/\/www.travelanddine.info\/index.php\/hong-kong-hotely\/the-peninsula-hotel-hong-kong-hu\/","og_site_name":"Premium Travel&amp;Dine Info","article_publisher":"http:\/\/www.facebook.com\/PremiumTravelAndDineInfo","article_modified_time":"2019-10-29T18:50:01+00:00","og_image":[{"url":"http:\/\/www.travelanddine.info\/wp-content\/uploads\/2019\/02\/hk1.jpg"}],"twitter_card":"summary_large_image","twitter_misc":{"Odhadovan\u00e1 doba \u010dten\u00ed":"5 minut"},"schema":{"@context":"https:\/\/schema.org","@graph":[{"@type":"Organization","@id":"https:\/\/www.travelanddine.info\/#organization","name":"Premium Travel & Dine Info","url":"https:\/\/www.travelanddine.info\/","sameAs":["http:\/\/www.facebook.com\/PremiumTravelAndDineInfo","https:\/\/www.instagram.com\/premium_travel_and_dine_info\/","https:\/\/www.youtube.com\/channel\/UCq4d7zmKK3AOuzDrR1p_2Qw\/featured?disable_polymer=1"],"logo":{"@type":"ImageObject","@id":"https:\/\/www.travelanddine.info\/#logo","inLanguage":"cs","url":"https:\/\/www.travelanddine.info\/wp-content\/uploads\/2019\/01\/logo-premium-e1547240252292.jpg","contentUrl":"https:\/\/www.travelanddine.info\/wp-content\/uploads\/2019\/01\/logo-premium-e1547240252292.jpg","width":1000,"height":406,"caption":"Premium Travel & Dine Info"},"image":{"@id":"https:\/\/www.travelanddine.info\/#logo"}},{"@type":"WebSite","@id":"https:\/\/www.travelanddine.info\/#website","url":"https:\/\/www.travelanddine.info\/","name":"Premium Travel&amp;Dine Info","description":"tipy, doporu\u010den\u00ed, informace.. pro ty, kte\u0159\u00ed maj\u00ed r\u00e1di cestov\u00e1n\u00ed na vysok\u00e9 \u00farovni a skv\u011bl\u00e9 j\u00eddlo","publisher":{"@id":"https:\/\/www.travelanddine.info\/#organization"},"potentialAction":[{"@type":"SearchAction","target":{"@type":"EntryPoint","urlTemplate":"https:\/\/www.travelanddine.info\/?s={search_term_string}"},"query-input":"required name=search_term_string"}],"inLanguage":"cs"},{"@type":"ImageObject","@id":"https:\/\/www.travelanddine.info\/index.php\/hong-kong-hotely\/the-peninsula-hotel-hong-kong-hu\/#primaryimage","inLanguage":"cs","url":"http:\/\/www.travelanddine.info\/wp-content\/uploads\/2019\/02\/hk1.jpg","contentUrl":"http:\/\/www.travelanddine.info\/wp-content\/uploads\/2019\/02\/hk1.jpg"},{"@type":"WebPage","@id":"https:\/\/www.travelanddine.info\/index.php\/hong-kong-hotely\/the-peninsula-hotel-hong-kong-hu\/#webpage","url":"https:\/\/www.travelanddine.info\/index.php\/hong-kong-hotely\/the-peninsula-hotel-hong-kong-hu\/","name":"THE PENINSULA HOTEL - Premium Travel&amp;Dine Info","isPartOf":{"@id":"https:\/\/www.travelanddine.info\/#website"},"primaryImageOfPage":{"@id":"https:\/\/www.travelanddine.info\/index.php\/hong-kong-hotely\/the-peninsula-hotel-hong-kong-hu\/#primaryimage"},"datePublished":"2019-02-08T14:15:26+00:00","dateModified":"2019-10-29T18:50:01+00:00","breadcrumb":{"@id":"https:\/\/www.travelanddine.info\/index.php\/hong-kong-hotely\/the-peninsula-hotel-hong-kong-hu\/#breadcrumb"},"inLanguage":"cs","potentialAction":[{"@type":"ReadAction","target":["https:\/\/www.travelanddine.info\/index.php\/hong-kong-hotely\/the-peninsula-hotel-hong-kong-hu\/"]}]},{"@type":"BreadcrumbList","@id":"https:\/\/www.travelanddine.info\/index.php\/hong-kong-hotely\/the-peninsula-hotel-hong-kong-hu\/#breadcrumb","itemListElement":[{"@type":"ListItem","position":1,"name":"Dom\u016f","item":"https:\/\/www.travelanddine.info\/index.php\/en\/home\/"},{"@type":"ListItem","position":2,"name":"Hong Kong","item":"https:\/\/www.travelanddine.info\/index.php\/hong-kong-hotely\/"},{"@type":"ListItem","position":3,"name":"THE PENINSULA HOTEL"}]}]}},"_links":{"self":[{"href":"https:\/\/www.travelanddine.info\/index.php\/wp-json\/wp\/v2\/pages\/1163"}],"collection":[{"href":"https:\/\/www.travelanddine.info\/index.php\/wp-json\/wp\/v2\/pages"}],"about":[{"href":"https:\/\/www.travelanddine.info\/index.php\/wp-json\/wp\/v2\/types\/page"}],"author":[{"embeddable":true,"href":"https:\/\/www.travelanddine.info\/index.php\/wp-json\/wp\/v2\/users\/1"}],"replies":[{"embeddable":true,"href":"https:\/\/www.travelanddine.info\/index.php\/wp-json\/wp\/v2\/comments?post=1163"}],"version-history":[{"count":8,"href":"https:\/\/www.travelanddine.info\/index.php\/wp-json\/wp\/v2\/pages\/1163\/revisions"}],"predecessor-version":[{"id":3410,"href":"https:\/\/www.travelanddine.info\/index.php\/wp-json\/wp\/v2\/pages\/1163\/revisions\/3410"}],"up":[{"embeddable":true,"href":"https:\/\/www.travelanddine.info\/index.php\/wp-json\/wp\/v2\/pages\/1155"}],"wp:attachment":[{"href":"https:\/\/www.travelanddine.info\/index.php\/wp-json\/wp\/v2\/media?parent=1163"}],"curies":[{"name":"wp","href":"https:\/\/api.w.org\/{rel}","templated":true}]}}