{"id":1510,"date":"2019-02-16T20:13:37","date_gmt":"2019-02-16T20:13:37","guid":{"rendered":"http:\/\/www.travelanddine.info\/?page_id=1510"},"modified":"2019-07-09T21:36:20","modified_gmt":"2019-07-09T21:36:20","slug":"shangri-la-tanjung-aru-resort-and-spa-kota-kinabalu-borneo","status":"publish","type":"page","link":"https:\/\/www.travelanddine.info\/index.php\/malajsie-cz\/shangri-la-tanjung-aru-resort-and-spa-kota-kinabalu-borneo\/","title":{"rendered":"SHANGRI-LA TANJUNG ARU RESORT AND SPA KOTA KINABALU, BORNEO"},"content":{"rendered":"\n<p><em>Hotelov<\/em><em>\u00fd \u0159et\u011bzec a v\u011brnostn\u00ed program<\/em><\/p>\n\n\n\n<p>Shangri-La Hotels and Resorts, 5hv\u011bzdi\u010dkov\u00fd hotelov\u00fd \u0159et\u011bzec. V\u011brnostn\u00ed program \u0159et\u011bzce je Golden Circle.<\/p>\n\n\n\n<figure class=\"wp-block-image\"><img loading=\"lazy\" width=\"514\" height=\"292\" src=\"https:\/\/www.travelanddine.info\/wp-content\/uploads\/2019\/02\/image-34.png\" alt=\"\" class=\"wp-image-1511\" srcset=\"https:\/\/www.travelanddine.info\/wp-content\/uploads\/2019\/02\/image-34.png 514w, https:\/\/www.travelanddine.info\/wp-content\/uploads\/2019\/02\/image-34-300x170.png 300w\" sizes=\"(max-width: 514px) 100vw, 514px\" \/><\/figure>\n\n\n\n<figure class=\"wp-block-image\"><img loading=\"lazy\" width=\"612\" height=\"332\" src=\"https:\/\/www.travelanddine.info\/wp-content\/uploads\/2019\/02\/image-35.png\" alt=\"\" class=\"wp-image-1512\" srcset=\"https:\/\/www.travelanddine.info\/wp-content\/uploads\/2019\/02\/image-35.png 612w, https:\/\/www.travelanddine.info\/wp-content\/uploads\/2019\/02\/image-35-300x163.png 300w\" sizes=\"(max-width: 612px) 100vw, 612px\" \/><\/figure>\n\n\n\n<p><em>Hotelov\u00e9 lobby<\/em><\/p>\n\n\n\n<p>Do hotelu jsme p\u0159ijeli p\u0159\u00edmo z leti\u0161t\u011b pozd\u011bji odpoledne. K hlavn\u00edmu vstupu do hotelu mus\u00ed host\u00e9 proj\u00edt kr\u00e1snou zahradou plnou kokosov\u00fdch palem. V hotelu n\u00e1s p\u0159iv\u00edtala \u017eiv\u00e1 tradi\u010dn\u00ed a uklid\u0148uj\u00edc\u00ed hudba. Pro\u0161li jsme k recepci, kde n\u00e1s person\u00e1l p\u0159iv\u00edtal n\u00e1pojem na uv\u00edtanou \u2013 \u010derstvou ovocnou \u0161\u0165\u00e1vou a chlazen\u00fdm ru\u010dn\u00edkem. Vzhledem k tomu, \u017ee hotelov\u00fd resort je skute\u010dn\u011b obrovsk\u00fd, u recepce \u010dekalo na odbaven\u00ed mnoho dal\u0161\u00edch host\u016f. N\u011bkolik recep\u010dn\u00edch v\u0161ak bylo velmi zdatn\u00fdch a n\u00e1\u0161e odbaven\u00ed bylo pom\u011brn\u011b rychl\u00e9 a hladk\u00e9. Zam\u011bstnanci hotelu byli v\u0161ude v rezortu velmi p\u0159\u00e1tel\u0161t\u00ed a vyjad\u0159ovali v\u0159el\u00e9 p\u0159iv\u00edt\u00e1n\u00ed n\u00e1s host\u016f \u0161irok\u00fdmi \u00fasm\u011bvy na sv\u00fdch tv\u00e1\u0159\u00edch. Velmi p\u0159\u00edjemn\u00e9. Brzy jsme byli doprovozeni do na\u0161eho pokoje Kinabalu Mountain View.<\/p>\n\n\n\n<p>Lobby je obrovsk\u00e9 a jeho dizajn je v tradi\u010dn\u00edm bornejsk\u00e9m stylu. V lobby se nach\u00e1z\u00ed lobby bar a tak\u00e9 p\u0159\u00edstup do restaurace Peppino a Caf\u00e9 TATU.<\/p>\n\n\n\n<p>V\u0161echny typick\u00e9 slu\u017eby 5hv\u011bzdi\u010dkov\u00fdch hotel\u016f se nach\u00e1zej\u00ed ve vstupn\u00ed hale hotelu, jako jsou slu\u017eby concierge, zavazadlov\u00e1 slu\u017eba, p\u0159ep\u00e1\u017eka p\u00e9\u010de se z\u00e1kazn\u00edky, sm\u011bn\u00e1rna atd. V\u0161echny hlavn\u00ed kreditn\u00ed karty jsou v hotelu p\u0159ij\u00edm\u00e1ny.<\/p>\n\n\n\n<figure class=\"wp-block-image\"><img loading=\"lazy\" width=\"612\" height=\"350\" src=\"https:\/\/www.travelanddine.info\/wp-content\/uploads\/2019\/02\/image-36.png\" alt=\"\" class=\"wp-image-1513\" srcset=\"https:\/\/www.travelanddine.info\/wp-content\/uploads\/2019\/02\/image-36.png 612w, https:\/\/www.travelanddine.info\/wp-content\/uploads\/2019\/02\/image-36-300x172.png 300w\" sizes=\"(max-width: 612px) 100vw, 612px\" \/><\/figure>\n\n\n\n<figure class=\"wp-block-image\"><img loading=\"lazy\" width=\"612\" height=\"347\" src=\"https:\/\/www.travelanddine.info\/wp-content\/uploads\/2019\/02\/image-37.png\" alt=\"\" class=\"wp-image-1514\" srcset=\"https:\/\/www.travelanddine.info\/wp-content\/uploads\/2019\/02\/image-37.png 612w, https:\/\/www.travelanddine.info\/wp-content\/uploads\/2019\/02\/image-37-300x170.png 300w\" sizes=\"(max-width: 612px) 100vw, 612px\" \/><\/figure>\n\n\n\n<p><em>Um\u00edst\u011bn\u00ed<\/em><\/p>\n\n\n\n<p>Shangri-La Tanjung Aru Resort &amp; Spa Resort se nach\u00e1z\u00ed v oblasti Tanjung Aru, mimo hlavn\u00edho m\u011bsta provincie Sabah &#8211; Kota Kinabalu. Mezin\u00e1rodn\u00ed leti\u0161t\u011b se nach\u00e1z\u00ed asi 4 km od hotelu, co je m\u00e9n\u011b ne\u017e 10 minut j\u00edzdy autem. M\u011bsto Kota Kinabalu je vzd\u00e1leno tak\u00e9 p\u0159ibli\u017en\u011b 10 minut j\u00edzdy autem.<\/p>\n\n\n\n<p>Oblast Tanjung Aru je obl\u00edben\u00fdm m\u00edstem m\u00edstn\u00edch obyvatel, proto\u017ee m\u00e1 b\u00fdt nejlep\u0161\u00edm m\u00edstem pro pozorov\u00e1n\u00ed z\u00e1padu slunce. Ka\u017ed\u00fd den ve\u010der chod\u00ed stovky n\u00e1v\u0161t\u011bvn\u00edk\u016f do oblasti kolem hotelu, aby si u\u017eili a vyfotili barevn\u00fd a romantick\u00fd z\u00e1pad slunce.<\/p>\n\n\n\n<p><em>Hotelov\u00fd pokoj<\/em><\/p>\n\n\n\n<p>Hotelov\u00fd rezort m\u00e1 v\u00edce ne\u017e 490 pokoj\u016f a apartm\u00e1 ve dvou k\u0159\u00eddlech, Kinabalu a Tanjung j. N\u00e1\u0161 modern\u00ed a \u010dist\u00fd dvoul\u016f\u017ekov\u00fd pokoj Kinabalu Mountain View s v\u00fdhledem na horu Kinabalu, nejvy\u0161\u0161\u00ed horu Bornea, ale tak\u00e9 kr\u00e1sn\u00fd v\u00fdhled do hotelov\u00fdch zahrad i na mo\u0159e. Pokoj byl prostorn\u00fd a pohodln\u00fd, s balkonem, na kter\u00e9m je st\u016fl i \u017eidle. L\u016f\u017eka byla velk\u00e1 a komfortn\u00ed. Typick\u00e1 nab\u00eddka pol\u0161t\u00e1\u0159\u016f Shangri-La je v hotelu tak\u00e9 k dispozici. Znamen\u00e1 to, \u017ee si host\u00e9 mohou vybrat r\u016fzn\u00e9 typy pol\u0161t\u00e1\u0159\u016f podle sv\u00fdch p\u0159\u00e1n\u00ed. Vybaven\u00ed pokoje zahrnuje pracovn\u00ed st\u016fl, sk\u0159\u00ed\u0148ku s velk\u00fdm ploch\u00fdm televizorem se satelitn\u00edm p\u0159\u00edjmem a hotelov\u00fdm programem, konferen\u010dn\u00edm stolkem s k\u0159esly, minibarem, konvic\u00ed pro p\u0159\u00edpravu k\u00e1vy a \u010daje, pantofle &#8230; Pokoj je vybaven n\u00e1bytkem z tmav\u00e9ho d\u0159eva s tradi\u010dn\u00edmi prvky provincie Sabah a pohodln\u00fdm m\u011bkk\u00fdm kobercem na podlaze.<\/p>\n\n\n\n<p>Koupelna nen\u00ed p\u0159\u00edli\u0161 velk\u00e1, ale je v n\u00ed v\u0161e co pot\u0159ebujete, velk\u00e9 zrcadlo s umyvadlem, WC, vana a sprchov\u00fd kout, v\u010detn\u011b pohodln\u00fdch \u017eupan\u016f a hygienick\u00fdch pot\u0159eb.<\/p>\n\n\n\n<p>Wifi p\u0159ipojen\u00ed je stabiln\u00ed a rychl\u00e9, v\u010detn\u011b baz\u00e9nu a pl\u00e1\u017ee.<\/p>\n\n\n\n<figure class=\"wp-block-image is-resized\"><img loading=\"lazy\" src=\"https:\/\/www.travelanddine.info\/wp-content\/uploads\/2019\/02\/image-38.png\" alt=\"\" class=\"wp-image-1515\" width=\"568\" height=\"264\" srcset=\"https:\/\/www.travelanddine.info\/wp-content\/uploads\/2019\/02\/image-38.png 612w, https:\/\/www.travelanddine.info\/wp-content\/uploads\/2019\/02\/image-38-300x140.png 300w\" sizes=\"(max-width: 568px) 100vw, 568px\" \/><\/figure>\n\n\n\n<figure class=\"wp-block-image is-resized\"><img loading=\"lazy\" src=\"https:\/\/www.travelanddine.info\/wp-content\/uploads\/2019\/02\/image-39.png\" alt=\"\" class=\"wp-image-1516\" width=\"569\" height=\"345\" srcset=\"https:\/\/www.travelanddine.info\/wp-content\/uploads\/2019\/02\/image-39.png 576w, https:\/\/www.travelanddine.info\/wp-content\/uploads\/2019\/02\/image-39-300x182.png 300w\" sizes=\"(max-width: 569px) 100vw, 569px\" \/><\/figure>\n\n\n\n<p><em>Restaurace a j\u00eddlo<\/em><\/p>\n\n\n\n<p>V rezortu je 7 restaurac\u00ed a bar\u016f.&nbsp;<em>Caf\u00e9 TATU<\/em>je rozs\u00e1hl\u00e1 restaurace, ve kter\u00e9 se pod\u00e1vaj\u00ed sn\u00eddan\u011b. Sn\u00eddan\u011b je obrovsk\u00e1 a chutn\u00e1, s mo\u017enost\u00ed j\u00edst uvnit\u0159 nebo venku a t\u00e9m\u011b\u0159 v\u0161e je na v\u00fdb\u011br. Od \u010derstv\u00fdch d\u017eus\u016f k z\u00e1padn\u00edmu a asijsk\u00e9mu j\u00eddlu, v\u010detn\u011b d\u011btsk\u00e9ho koutku pro mal\u00e9 hosty s jejich obl\u00edben\u00fdmi j\u00eddly.&nbsp;<em>Restaurace Peppino<\/em>pod\u00e1v\u00e1 italsk\u00e1 j\u00eddla a restaurace je dlouhodob\u011b oce\u0148ov\u00e1na jako jedna z nejlep\u0161\u00edch italsk\u00fdch restaurac\u00ed v Malajsii.&nbsp;<em>Shang Palace<\/em>je restaurace, kter\u00e1 se specializuje na kantonsk\u00e1 a \u010d\u00ednsk\u00e1 j\u00eddla.&nbsp;<em>Coco-Joe&#8217;s Bar &amp; Grill<\/em>je pl\u00e1\u017eov\u00e1 restaurace a bar, kde se pod\u00e1vaj\u00ed grilovan\u00e1 j\u00eddla a je z n\u00ed v\u00fdhled na jiho\u010d\u00ednsk\u00e9 mo\u0159e.&nbsp;<em>Borneo Lounge &amp; Bar<\/em>je m\u00edstem k vychutn\u00e1v\u00e1n\u00ed koktejl\u016f, n\u00e1poj\u016f a mal\u00e9ho ob\u010derstven\u00ed s \u017eivou hudbou ve ve\u010dern\u00edch hodin\u00e1ch. Nej\u00fa\u017easn\u011bj\u0161\u00ed je&nbsp;<em>Sunset Bar<\/em>, kter\u00fd se nach\u00e1z\u00ed na c\u00edpu mal\u00e9ho poloostrova. Pod\u00e1vaj\u00ed se zde koktejly a \u0161ampa\u0148sk\u00e9. Ka\u017ed\u00fd ve\u010der je bar a jeho okol\u00ed pln\u00e9 host\u016f, kte\u0159\u00ed si p\u0159ich\u00e1zej\u00ed po\u0159\u00eddit nezapomenuteln\u00e9 sn\u00edmky z\u00e1padu slunce a vychutnat si neoby\u010dejnou atmosf\u00e9ru.<\/p>\n\n\n\n<figure class=\"wp-block-image\"><img loading=\"lazy\" width=\"486\" height=\"275\" src=\"https:\/\/www.travelanddine.info\/wp-content\/uploads\/2019\/02\/image-40.png\" alt=\"\" class=\"wp-image-1517\" srcset=\"https:\/\/www.travelanddine.info\/wp-content\/uploads\/2019\/02\/image-40.png 486w, https:\/\/www.travelanddine.info\/wp-content\/uploads\/2019\/02\/image-40-300x170.png 300w\" sizes=\"(max-width: 486px) 100vw, 486px\" \/><\/figure>\n\n\n\n<figure class=\"wp-block-image is-resized\"><img loading=\"lazy\" src=\"https:\/\/www.travelanddine.info\/wp-content\/uploads\/2019\/02\/image-41.png\" alt=\"\" class=\"wp-image-1518\" width=\"498\" height=\"364\" srcset=\"https:\/\/www.travelanddine.info\/wp-content\/uploads\/2019\/02\/image-41.png 584w, https:\/\/www.travelanddine.info\/wp-content\/uploads\/2019\/02\/image-41-300x219.png 300w\" sizes=\"(max-width: 498px) 100vw, 498px\" \/><\/figure>\n\n\n\n<p><em>Mo\u017enosti pro voln\u00fd \u010das&nbsp;<\/em><\/p>\n\n\n\n<p>V are\u00e1lu jsou dva baz\u00e9ny, jeden pro d\u011bti s mno\u017estv\u00edm atrakc\u00ed pro vodn\u00ed hry a jeden pouze pro dosp\u011bl\u00e9. Baz\u00e9n Infinity s um\u011bl\u00fdm vodop\u00e1dem je obl\u00edben\u00fdm m\u00edstem k fotografov\u00e1n\u00ed s mo\u0159em v pozad\u00ed. K dispozici jsou l\u00e1zn\u011b Chi, kter\u00e9 nab\u00edz\u00ed ve\u0161ker\u00e9 rozmazlov\u00e1n\u00ed od mas\u00e1\u017e\u00ed t\u011bla a\u017e po p\u00e9\u010di o ple\u0165. V hotelu je dob\u0159e vybaven\u00fd health club, stejn\u011b jako i d\u011btsk\u00fd klub, petanque a tenisov\u00e9 kurty. K dispozici je tak\u00e9 soukrom\u00e1 pl\u00e1\u017e s jemn\u00fdm p\u00edskem a leh\u00e1tky um\u00edst\u011bn\u00fdmi na d\u0159ev\u011bn\u00e9m povrchu. Star Marina nab\u00edz\u00ed mo\u0159sk\u00e9 sporty jako vodn\u00ed ly\u017eov\u00e1n\u00ed nebo wakeboarding, stejn\u011b tak i lodn\u00ed v\u00fdlety na sousedn\u00ed ostrovy.<\/p>\n\n\n\n<p>Pran\u00ed pr\u00e1dla je samoz\u0159ejm\u011b k dispozici, ale nebylo vyzkou\u0161eno.<\/p>\n\n\n\n<figure class=\"wp-block-image\"><img loading=\"lazy\" width=\"613\" height=\"407\" src=\"https:\/\/www.travelanddine.info\/wp-content\/uploads\/2019\/02\/image-42.png\" alt=\"\" class=\"wp-image-1519\" srcset=\"https:\/\/www.travelanddine.info\/wp-content\/uploads\/2019\/02\/image-42.png 613w, https:\/\/www.travelanddine.info\/wp-content\/uploads\/2019\/02\/image-42-300x199.png 300w\" sizes=\"(max-width: 613px) 100vw, 613px\" \/><\/figure>\n\n\n\n<figure class=\"wp-block-image\"><img loading=\"lazy\" width=\"613\" height=\"407\" src=\"https:\/\/www.travelanddine.info\/wp-content\/uploads\/2019\/02\/image-43.png\" alt=\"\" class=\"wp-image-1520\" srcset=\"https:\/\/www.travelanddine.info\/wp-content\/uploads\/2019\/02\/image-43.png 613w, https:\/\/www.travelanddine.info\/wp-content\/uploads\/2019\/02\/image-43-300x199.png 300w\" sizes=\"(max-width: 613px) 100vw, 613px\" \/><\/figure>\n\n\n\n<p><em>Z\u00e1v\u011br<\/em><\/p>\n\n\n\n<p>Nejlep\u0161\u00ed pro : 5hv\u011bzdi\u010dkov\u00fd komfort a \u010distotu&nbsp;<\/p>\n\n\n\n<p>Neprop\u00e1sn\u011bte : nav\u0161t\u00edvit p\u0159\u00edrodn\u00ed rezervace Bornea a zahrady s orangutany<\/p>\n\n\n\n<p>Cena pokoje : od 260,- EUR \/ Kinabalu Mountain View Room<\/p>\n\n\n\n<p>Kontakt : <a href=\"https:\/\/www.shangri-la.com\/kotakinabalu\/tanjungaruresort\/\" target=\"_blank\" rel=\"noreferrer noopener\" aria-label=\"https:\/\/www.shangri-la.com\/kotakinabalu\/tanjungaruresort\/ (otev\u0159e se na nov\u00e9 z\u00e1lo\u017ece)\">https:\/\/www.shangri-la.com\/kotakinabalu\/tanjungaruresort\/<\/a><br><\/p>\n\n\n\n<p><\/p>\n","protected":false},"excerpt":{"rendered":"<p>Hotelov\u00fd \u0159et\u011bzec a v\u011brnostn\u00ed program Shangri-La Hotels and Resorts, 5hv\u011bzdi\u010dkov\u00fd hotelov\u00fd \u0159et\u011bzec. V\u011brnostn\u00ed program \u0159et\u011bzce je Golden Circle. Hotelov\u00e9 lobby Do hotelu jsme p\u0159ijeli p\u0159\u00edmo z leti\u0161t\u011b pozd\u011bji odpoledne. K hlavn\u00edmu vstupu do hotelu mus\u00ed host\u00e9 proj\u00edt kr\u00e1snou zahradou plnou&#8230;<\/p>\n","protected":false},"author":1,"featured_media":0,"parent":1524,"menu_order":0,"comment_status":"closed","ping_status":"closed","template":"","meta":[],"yoast_head":"<!-- This site is optimized with the Yoast SEO plugin v17.0 - https:\/\/yoast.com\/wordpress\/plugins\/seo\/ -->\n<title>SHANGRI-LA TANJUNG ARU RESORT AND SPA KOTA KINABALU, BORNEO - Premium Travel&amp;Dine Info<\/title>\n<meta name=\"robots\" content=\"index, follow, max-snippet:-1, max-image-preview:large, max-video-preview:-1\" \/>\n<link rel=\"canonical\" href=\"https:\/\/www.travelanddine.info\/index.php\/malajsie-cz\/shangri-la-tanjung-aru-resort-and-spa-kota-kinabalu-borneo\/\" \/>\n<meta property=\"og:locale\" content=\"cs_CZ\" \/>\n<meta property=\"og:type\" content=\"article\" \/>\n<meta property=\"og:title\" content=\"SHANGRI-LA TANJUNG ARU RESORT AND SPA KOTA KINABALU, BORNEO - Premium Travel&amp;Dine Info\" \/>\n<meta property=\"og:description\" content=\"Hotelov\u00fd \u0159et\u011bzec a v\u011brnostn\u00ed program Shangri-La Hotels and Resorts, 5hv\u011bzdi\u010dkov\u00fd hotelov\u00fd \u0159et\u011bzec. V\u011brnostn\u00ed program \u0159et\u011bzce je Golden Circle. Hotelov\u00e9 lobby Do hotelu jsme p\u0159ijeli p\u0159\u00edmo z leti\u0161t\u011b pozd\u011bji odpoledne. K hlavn\u00edmu vstupu do hotelu mus\u00ed host\u00e9 proj\u00edt kr\u00e1snou zahradou plnou...\" \/>\n<meta property=\"og:url\" content=\"https:\/\/www.travelanddine.info\/index.php\/malajsie-cz\/shangri-la-tanjung-aru-resort-and-spa-kota-kinabalu-borneo\/\" \/>\n<meta property=\"og:site_name\" content=\"Premium Travel&amp;Dine Info\" \/>\n<meta property=\"article:publisher\" content=\"http:\/\/www.facebook.com\/PremiumTravelAndDineInfo\" \/>\n<meta property=\"article:modified_time\" content=\"2019-07-09T21:36:20+00:00\" \/>\n<meta property=\"og:image\" content=\"http:\/\/www.travelanddine.info\/wp-content\/uploads\/2019\/02\/image-34.png\" \/>\n<meta name=\"twitter:card\" content=\"summary_large_image\" \/>\n<meta name=\"twitter:label1\" content=\"Odhadovan\u00e1 doba \u010dten\u00ed\" \/>\n\t<meta name=\"twitter:data1\" content=\"5 minut\" \/>\n<script type=\"application\/ld+json\" class=\"yoast-schema-graph\">{\"@context\":\"https:\/\/schema.org\",\"@graph\":[{\"@type\":\"Organization\",\"@id\":\"https:\/\/www.travelanddine.info\/#organization\",\"name\":\"Premium Travel & Dine Info\",\"url\":\"https:\/\/www.travelanddine.info\/\",\"sameAs\":[\"http:\/\/www.facebook.com\/PremiumTravelAndDineInfo\",\"https:\/\/www.instagram.com\/premium_travel_and_dine_info\/\",\"https:\/\/www.youtube.com\/channel\/UCq4d7zmKK3AOuzDrR1p_2Qw\/featured?disable_polymer=1\"],\"logo\":{\"@type\":\"ImageObject\",\"@id\":\"https:\/\/www.travelanddine.info\/#logo\",\"inLanguage\":\"cs\",\"url\":\"https:\/\/www.travelanddine.info\/wp-content\/uploads\/2019\/01\/logo-premium-e1547240252292.jpg\",\"contentUrl\":\"https:\/\/www.travelanddine.info\/wp-content\/uploads\/2019\/01\/logo-premium-e1547240252292.jpg\",\"width\":1000,\"height\":406,\"caption\":\"Premium Travel & Dine Info\"},\"image\":{\"@id\":\"https:\/\/www.travelanddine.info\/#logo\"}},{\"@type\":\"WebSite\",\"@id\":\"https:\/\/www.travelanddine.info\/#website\",\"url\":\"https:\/\/www.travelanddine.info\/\",\"name\":\"Premium Travel&amp;Dine Info\",\"description\":\"tipy, doporu\\u010den\\u00ed, informace.. pro ty, kte\\u0159\\u00ed maj\\u00ed r\\u00e1di cestov\\u00e1n\\u00ed na vysok\\u00e9 \\u00farovni a skv\\u011bl\\u00e9 j\\u00eddlo\",\"publisher\":{\"@id\":\"https:\/\/www.travelanddine.info\/#organization\"},\"potentialAction\":[{\"@type\":\"SearchAction\",\"target\":{\"@type\":\"EntryPoint\",\"urlTemplate\":\"https:\/\/www.travelanddine.info\/?s={search_term_string}\"},\"query-input\":\"required name=search_term_string\"}],\"inLanguage\":\"cs\"},{\"@type\":\"ImageObject\",\"@id\":\"https:\/\/www.travelanddine.info\/index.php\/malajsie-cz\/shangri-la-tanjung-aru-resort-and-spa-kota-kinabalu-borneo\/#primaryimage\",\"inLanguage\":\"cs\",\"url\":\"http:\/\/www.travelanddine.info\/wp-content\/uploads\/2019\/02\/image-34.png\",\"contentUrl\":\"http:\/\/www.travelanddine.info\/wp-content\/uploads\/2019\/02\/image-34.png\"},{\"@type\":\"WebPage\",\"@id\":\"https:\/\/www.travelanddine.info\/index.php\/malajsie-cz\/shangri-la-tanjung-aru-resort-and-spa-kota-kinabalu-borneo\/#webpage\",\"url\":\"https:\/\/www.travelanddine.info\/index.php\/malajsie-cz\/shangri-la-tanjung-aru-resort-and-spa-kota-kinabalu-borneo\/\",\"name\":\"SHANGRI-LA TANJUNG ARU RESORT AND SPA KOTA KINABALU, BORNEO - Premium Travel&amp;Dine Info\",\"isPartOf\":{\"@id\":\"https:\/\/www.travelanddine.info\/#website\"},\"primaryImageOfPage\":{\"@id\":\"https:\/\/www.travelanddine.info\/index.php\/malajsie-cz\/shangri-la-tanjung-aru-resort-and-spa-kota-kinabalu-borneo\/#primaryimage\"},\"datePublished\":\"2019-02-16T20:13:37+00:00\",\"dateModified\":\"2019-07-09T21:36:20+00:00\",\"breadcrumb\":{\"@id\":\"https:\/\/www.travelanddine.info\/index.php\/malajsie-cz\/shangri-la-tanjung-aru-resort-and-spa-kota-kinabalu-borneo\/#breadcrumb\"},\"inLanguage\":\"cs\",\"potentialAction\":[{\"@type\":\"ReadAction\",\"target\":[\"https:\/\/www.travelanddine.info\/index.php\/malajsie-cz\/shangri-la-tanjung-aru-resort-and-spa-kota-kinabalu-borneo\/\"]}]},{\"@type\":\"BreadcrumbList\",\"@id\":\"https:\/\/www.travelanddine.info\/index.php\/malajsie-cz\/shangri-la-tanjung-aru-resort-and-spa-kota-kinabalu-borneo\/#breadcrumb\",\"itemListElement\":[{\"@type\":\"ListItem\",\"position\":1,\"name\":\"Dom\\u016f\",\"item\":\"https:\/\/www.travelanddine.info\/index.php\/en\/home\/\"},{\"@type\":\"ListItem\",\"position\":2,\"name\":\"Malajsie\",\"item\":\"https:\/\/www.travelanddine.info\/index.php\/malajsie-cz\/\"},{\"@type\":\"ListItem\",\"position\":3,\"name\":\"SHANGRI-LA TANJUNG ARU RESORT AND SPA KOTA KINABALU, BORNEO\"}]}]}<\/script>\n<!-- \/ Yoast SEO plugin. -->","yoast_head_json":{"title":"SHANGRI-LA TANJUNG ARU RESORT AND SPA KOTA KINABALU, BORNEO - Premium Travel&amp;Dine Info","robots":{"index":"index","follow":"follow","max-snippet":"max-snippet:-1","max-image-preview":"max-image-preview:large","max-video-preview":"max-video-preview:-1"},"canonical":"https:\/\/www.travelanddine.info\/index.php\/malajsie-cz\/shangri-la-tanjung-aru-resort-and-spa-kota-kinabalu-borneo\/","og_locale":"cs_CZ","og_type":"article","og_title":"SHANGRI-LA TANJUNG ARU RESORT AND SPA KOTA KINABALU, BORNEO - Premium Travel&amp;Dine Info","og_description":"Hotelov\u00fd \u0159et\u011bzec a v\u011brnostn\u00ed program Shangri-La Hotels and Resorts, 5hv\u011bzdi\u010dkov\u00fd hotelov\u00fd \u0159et\u011bzec. V\u011brnostn\u00ed program \u0159et\u011bzce je Golden Circle. Hotelov\u00e9 lobby Do hotelu jsme p\u0159ijeli p\u0159\u00edmo z leti\u0161t\u011b pozd\u011bji odpoledne. K hlavn\u00edmu vstupu do hotelu mus\u00ed host\u00e9 proj\u00edt kr\u00e1snou zahradou plnou...","og_url":"https:\/\/www.travelanddine.info\/index.php\/malajsie-cz\/shangri-la-tanjung-aru-resort-and-spa-kota-kinabalu-borneo\/","og_site_name":"Premium Travel&amp;Dine Info","article_publisher":"http:\/\/www.facebook.com\/PremiumTravelAndDineInfo","article_modified_time":"2019-07-09T21:36:20+00:00","og_image":[{"url":"http:\/\/www.travelanddine.info\/wp-content\/uploads\/2019\/02\/image-34.png"}],"twitter_card":"summary_large_image","twitter_misc":{"Odhadovan\u00e1 doba \u010dten\u00ed":"5 minut"},"schema":{"@context":"https:\/\/schema.org","@graph":[{"@type":"Organization","@id":"https:\/\/www.travelanddine.info\/#organization","name":"Premium Travel & Dine Info","url":"https:\/\/www.travelanddine.info\/","sameAs":["http:\/\/www.facebook.com\/PremiumTravelAndDineInfo","https:\/\/www.instagram.com\/premium_travel_and_dine_info\/","https:\/\/www.youtube.com\/channel\/UCq4d7zmKK3AOuzDrR1p_2Qw\/featured?disable_polymer=1"],"logo":{"@type":"ImageObject","@id":"https:\/\/www.travelanddine.info\/#logo","inLanguage":"cs","url":"https:\/\/www.travelanddine.info\/wp-content\/uploads\/2019\/01\/logo-premium-e1547240252292.jpg","contentUrl":"https:\/\/www.travelanddine.info\/wp-content\/uploads\/2019\/01\/logo-premium-e1547240252292.jpg","width":1000,"height":406,"caption":"Premium Travel & Dine Info"},"image":{"@id":"https:\/\/www.travelanddine.info\/#logo"}},{"@type":"WebSite","@id":"https:\/\/www.travelanddine.info\/#website","url":"https:\/\/www.travelanddine.info\/","name":"Premium Travel&amp;Dine Info","description":"tipy, doporu\u010den\u00ed, informace.. pro ty, kte\u0159\u00ed maj\u00ed r\u00e1di cestov\u00e1n\u00ed na vysok\u00e9 \u00farovni a skv\u011bl\u00e9 j\u00eddlo","publisher":{"@id":"https:\/\/www.travelanddine.info\/#organization"},"potentialAction":[{"@type":"SearchAction","target":{"@type":"EntryPoint","urlTemplate":"https:\/\/www.travelanddine.info\/?s={search_term_string}"},"query-input":"required name=search_term_string"}],"inLanguage":"cs"},{"@type":"ImageObject","@id":"https:\/\/www.travelanddine.info\/index.php\/malajsie-cz\/shangri-la-tanjung-aru-resort-and-spa-kota-kinabalu-borneo\/#primaryimage","inLanguage":"cs","url":"http:\/\/www.travelanddine.info\/wp-content\/uploads\/2019\/02\/image-34.png","contentUrl":"http:\/\/www.travelanddine.info\/wp-content\/uploads\/2019\/02\/image-34.png"},{"@type":"WebPage","@id":"https:\/\/www.travelanddine.info\/index.php\/malajsie-cz\/shangri-la-tanjung-aru-resort-and-spa-kota-kinabalu-borneo\/#webpage","url":"https:\/\/www.travelanddine.info\/index.php\/malajsie-cz\/shangri-la-tanjung-aru-resort-and-spa-kota-kinabalu-borneo\/","name":"SHANGRI-LA TANJUNG ARU RESORT AND SPA KOTA KINABALU, BORNEO - Premium Travel&amp;Dine Info","isPartOf":{"@id":"https:\/\/www.travelanddine.info\/#website"},"primaryImageOfPage":{"@id":"https:\/\/www.travelanddine.info\/index.php\/malajsie-cz\/shangri-la-tanjung-aru-resort-and-spa-kota-kinabalu-borneo\/#primaryimage"},"datePublished":"2019-02-16T20:13:37+00:00","dateModified":"2019-07-09T21:36:20+00:00","breadcrumb":{"@id":"https:\/\/www.travelanddine.info\/index.php\/malajsie-cz\/shangri-la-tanjung-aru-resort-and-spa-kota-kinabalu-borneo\/#breadcrumb"},"inLanguage":"cs","potentialAction":[{"@type":"ReadAction","target":["https:\/\/www.travelanddine.info\/index.php\/malajsie-cz\/shangri-la-tanjung-aru-resort-and-spa-kota-kinabalu-borneo\/"]}]},{"@type":"BreadcrumbList","@id":"https:\/\/www.travelanddine.info\/index.php\/malajsie-cz\/shangri-la-tanjung-aru-resort-and-spa-kota-kinabalu-borneo\/#breadcrumb","itemListElement":[{"@type":"ListItem","position":1,"name":"Dom\u016f","item":"https:\/\/www.travelanddine.info\/index.php\/en\/home\/"},{"@type":"ListItem","position":2,"name":"Malajsie","item":"https:\/\/www.travelanddine.info\/index.php\/malajsie-cz\/"},{"@type":"ListItem","position":3,"name":"SHANGRI-LA TANJUNG ARU RESORT AND SPA KOTA KINABALU, BORNEO"}]}]}},"_links":{"self":[{"href":"https:\/\/www.travelanddine.info\/index.php\/wp-json\/wp\/v2\/pages\/1510"}],"collection":[{"href":"https:\/\/www.travelanddine.info\/index.php\/wp-json\/wp\/v2\/pages"}],"about":[{"href":"https:\/\/www.travelanddine.info\/index.php\/wp-json\/wp\/v2\/types\/page"}],"author":[{"embeddable":true,"href":"https:\/\/www.travelanddine.info\/index.php\/wp-json\/wp\/v2\/users\/1"}],"replies":[{"embeddable":true,"href":"https:\/\/www.travelanddine.info\/index.php\/wp-json\/wp\/v2\/comments?post=1510"}],"version-history":[{"count":6,"href":"https:\/\/www.travelanddine.info\/index.php\/wp-json\/wp\/v2\/pages\/1510\/revisions"}],"predecessor-version":[{"id":3412,"href":"https:\/\/www.travelanddine.info\/index.php\/wp-json\/wp\/v2\/pages\/1510\/revisions\/3412"}],"up":[{"embeddable":true,"href":"https:\/\/www.travelanddine.info\/index.php\/wp-json\/wp\/v2\/pages\/1524"}],"wp:attachment":[{"href":"https:\/\/www.travelanddine.info\/index.php\/wp-json\/wp\/v2\/media?parent=1510"}],"curies":[{"name":"wp","href":"https:\/\/api.w.org\/{rel}","templated":true}]}}