{"id":1524,"date":"2019-02-16T20:14:29","date_gmt":"2019-02-16T20:14:29","guid":{"rendered":"http:\/\/www.travelanddine.info\/?page_id=1524"},"modified":"2021-05-18T12:50:43","modified_gmt":"2021-05-18T12:50:43","slug":"malajsie-cz","status":"publish","type":"page","link":"https:\/\/www.travelanddine.info\/index.php\/malajsie-cz\/","title":{"rendered":"Malajsie"},"content":{"rendered":"\n<figure class=\"wp-block-image\"><img loading=\"lazy\" width=\"1024\" height=\"589\" src=\"https:\/\/www.travelanddine.info\/wp-content\/uploads\/2019\/07\/malaysia1-1024x589.jpg\" alt=\"\" class=\"wp-image-2499\" srcset=\"https:\/\/www.travelanddine.info\/wp-content\/uploads\/2019\/07\/malaysia1-1024x589.jpg 1024w, https:\/\/www.travelanddine.info\/wp-content\/uploads\/2019\/07\/malaysia1-300x173.jpg 300w, https:\/\/www.travelanddine.info\/wp-content\/uploads\/2019\/07\/malaysia1-768x442.jpg 768w, https:\/\/www.travelanddine.info\/wp-content\/uploads\/2019\/07\/malaysia1.jpg 1911w\" sizes=\"(max-width: 1024px) 100vw, 1024px\" \/><\/figure>\n\n\n\n<hr class=\"wp-block-separator\"\/>\n\n\n\n<div class=\"wp-block-image\"><figure class=\"aligncenter size-large\"><img loading=\"lazy\" width=\"1024\" height=\"84\" src=\"https:\/\/www.travelanddine.info\/wp-content\/uploads\/2021\/05\/NAVSTIVENE-HOTELY-CZE-1-1024x84.png\" alt=\"\" class=\"wp-image-4129\" srcset=\"https:\/\/www.travelanddine.info\/wp-content\/uploads\/2021\/05\/NAVSTIVENE-HOTELY-CZE-1-1024x84.png 1024w, https:\/\/www.travelanddine.info\/wp-content\/uploads\/2021\/05\/NAVSTIVENE-HOTELY-CZE-1-300x24.png 300w, https:\/\/www.travelanddine.info\/wp-content\/uploads\/2021\/05\/NAVSTIVENE-HOTELY-CZE-1-768x63.png 768w, https:\/\/www.travelanddine.info\/wp-content\/uploads\/2021\/05\/NAVSTIVENE-HOTELY-CZE-1.png 1250w\" sizes=\"(max-width: 1024px) 100vw, 1024px\" \/><\/figure><\/div>\n\n\n\n<div class=\"wp-block-columns has-2-columns\">\n<div class=\"wp-block-column\">\n<figure class=\"wp-block-image size-large\"><a href=\"https:\/\/www.travelanddine.info\/index.php\/malajsie-cz\/ahangri-la-rasa-sayang-resort-spa-penang-cz\/\"><img loading=\"lazy\" width=\"770\" height=\"189\" src=\"https:\/\/www.travelanddine.info\/wp-content\/uploads\/2021\/05\/shangri-la-penang-cz.png\" alt=\"\" class=\"wp-image-4136\" srcset=\"https:\/\/www.travelanddine.info\/wp-content\/uploads\/2021\/05\/shangri-la-penang-cz.png 770w, https:\/\/www.travelanddine.info\/wp-content\/uploads\/2021\/05\/shangri-la-penang-cz-300x74.png 300w, https:\/\/www.travelanddine.info\/wp-content\/uploads\/2021\/05\/shangri-la-penang-cz-768x189.png 768w\" sizes=\"(max-width: 770px) 100vw, 770px\" \/><\/a><\/figure>\n\n\n\n<figure class=\"wp-block-image size-large\"><a href=\"https:\/\/www.travelanddine.info\/index.php\/mandarin-oriental\/\"><img loading=\"lazy\" width=\"770\" height=\"189\" src=\"https:\/\/www.travelanddine.info\/wp-content\/uploads\/2021\/05\/MANDARIN-ORIENTAL-kl-CZ.png\" alt=\"\" class=\"wp-image-4133\" srcset=\"https:\/\/www.travelanddine.info\/wp-content\/uploads\/2021\/05\/MANDARIN-ORIENTAL-kl-CZ.png 770w, https:\/\/www.travelanddine.info\/wp-content\/uploads\/2021\/05\/MANDARIN-ORIENTAL-kl-CZ-300x74.png 300w, https:\/\/www.travelanddine.info\/wp-content\/uploads\/2021\/05\/MANDARIN-ORIENTAL-kl-CZ-768x189.png 768w\" sizes=\"(max-width: 770px) 100vw, 770px\" \/><\/a><\/figure>\n<\/div>\n\n\n\n<div class=\"wp-block-column\">\n<figure class=\"wp-block-image size-large\"><a href=\"https:\/\/www.travelanddine.info\/index.php\/malajsie-cz\/shangri-la-tanjung-aru-resort-and-spa-kota-kinabalu-borneo\/\"><img loading=\"lazy\" width=\"770\" height=\"189\" src=\"https:\/\/www.travelanddine.info\/wp-content\/uploads\/2021\/05\/shangri-la-borneo-cz.png\" alt=\"\" class=\"wp-image-4137\" srcset=\"https:\/\/www.travelanddine.info\/wp-content\/uploads\/2021\/05\/shangri-la-borneo-cz.png 770w, https:\/\/www.travelanddine.info\/wp-content\/uploads\/2021\/05\/shangri-la-borneo-cz-300x74.png 300w, https:\/\/www.travelanddine.info\/wp-content\/uploads\/2021\/05\/shangri-la-borneo-cz-768x189.png 768w\" sizes=\"(max-width: 770px) 100vw, 770px\" \/><\/a><\/figure>\n\n\n\n<figure class=\"wp-block-image size-large\"><a href=\"https:\/\/www.travelanddine.info\/index.php\/majestic-hotel\/\"><img loading=\"lazy\" width=\"770\" height=\"189\" src=\"https:\/\/www.travelanddine.info\/wp-content\/uploads\/2021\/05\/MAJESTIC-kl-CZ.png\" alt=\"\" class=\"wp-image-4134\" srcset=\"https:\/\/www.travelanddine.info\/wp-content\/uploads\/2021\/05\/MAJESTIC-kl-CZ.png 770w, https:\/\/www.travelanddine.info\/wp-content\/uploads\/2021\/05\/MAJESTIC-kl-CZ-300x74.png 300w, https:\/\/www.travelanddine.info\/wp-content\/uploads\/2021\/05\/MAJESTIC-kl-CZ-768x189.png 768w\" sizes=\"(max-width: 770px) 100vw, 770px\" \/><\/a><\/figure>\n<\/div>\n<\/div>\n\n\n\n<hr class=\"wp-block-separator\"\/>\n\n\n\n<figure class=\"wp-block-image size-large\"><img loading=\"lazy\" width=\"1024\" height=\"39\" src=\"https:\/\/www.travelanddine.info\/wp-content\/uploads\/2021\/05\/OSTATNI-HOTELY-CZE-1-1024x39.png\" alt=\"\" class=\"wp-image-4131\" srcset=\"https:\/\/www.travelanddine.info\/wp-content\/uploads\/2021\/05\/OSTATNI-HOTELY-CZE-1-1024x39.png 1024w, https:\/\/www.travelanddine.info\/wp-content\/uploads\/2021\/05\/OSTATNI-HOTELY-CZE-1-300x12.png 300w, https:\/\/www.travelanddine.info\/wp-content\/uploads\/2021\/05\/OSTATNI-HOTELY-CZE-1-768x29.png 768w, https:\/\/www.travelanddine.info\/wp-content\/uploads\/2021\/05\/OSTATNI-HOTELY-CZE-1.png 1250w\" sizes=\"(max-width: 1024px) 100vw, 1024px\" \/><\/figure>\n\n\n\n<figure class=\"wp-block-table\"><table><tbody><tr><td><\/td><td><\/td><td><\/td><td><\/td><\/tr><tr><td>H<\/td><td>GRAND HYATT<\/td><td>KUALA LUMPUR<\/td><td><\/td><\/tr><tr><td>H<\/td><td>W KUALA LUMPUR<\/td><td>KUALA LUMPUR<\/td><td><\/td><\/tr><tr><td>H<\/td><td>SHANGRI-LA<\/td><td>KUALA LUMPUR<\/td><td><\/td><\/tr><tr><td>H<\/td><td>ST. REGIS<\/td><td>KUALA LUMPUR<\/td><td><\/td><\/tr><tr><td>H<\/td><td>FOUR SEASONS<\/td><td>KUALA LUMPUR<\/td><td><\/td><\/tr><tr><td>H<\/td><td>THE RITZ-CARLTON<\/td><td>KUALA LUMPUR<\/td><td><\/td><\/tr><tr><td>H<\/td><td>LE MERIDIEN<\/td><td>KUALA LUMPUR<\/td><td><\/td><\/tr><tr><td>H<\/td><td>TRADERS<\/td><td>KUALA LUMPUR<\/td><td><\/td><\/tr><tr><td>H<\/td><td>SOFITEL<\/td><td>KUALA LUMPUR<\/td><td><\/td><\/tr><tr><td>H<\/td><td>INTERCONTINENTAL<\/td><td>KUALA LUMPUR<\/td><td><\/td><\/tr><tr><td>H<\/td><td>HILTON<\/td><td>KUALA LUMPUR<\/td><td><\/td><\/tr><tr><td>H<\/td><td>EASTERN &amp; ORIENTAL HOTEL<\/td><td>PENANG<\/td><td><\/td><\/tr><tr><td>H<\/td><td>SHANGRI-LA RASA RIA RESORT &amp; SPA<\/td><td>KOTA KINABALU<\/td><td>BORNEO<\/td><\/tr><tr><td>H<\/td><td>HILTON&nbsp;<\/td><td>KOTA KINABALU<\/td><td>BORNEO<\/td><\/tr><tr><td>H<\/td><td>LE MERIDIEN<\/td><td>KOTA KINABALU<\/td><td>BORNEO<\/td><\/tr><tr><td>H<\/td><td>HAYTT REGENCY<\/td><td>KOTA KINABALU<\/td><td>BORNEO<\/td><\/tr><tr><td>H<\/td><td>FOUR SEASONS RESORT<\/td><td>LANGKAWI<\/td><td><\/td><\/tr><tr><td>H<\/td><td>THE DANA<\/td><td>LANGKAWI<\/td><td><\/td><\/tr><tr><td>H<\/td><td>THE RITZ-CARLTON<\/td><td>LANGKAWI<\/td><td><\/td><\/tr><tr><td>H<\/td><td>THE ST.REGIS<\/td><td>LANGKAWI<\/td><td><\/td><\/tr><tr><td>H<\/td><td>THE DATAI<\/td><td>LANGKAWI<\/td><td><\/td><\/tr><tr><td>H<\/td><td>THE WESTIN RESORT &amp; SPA<\/td><td>LANGKAWI<\/td><td><\/td><\/tr><\/tbody><\/table><\/figure>\n","protected":false},"excerpt":{"rendered":"<p>H GRAND HYATT KUALA LUMPUR H W KUALA LUMPUR KUALA LUMPUR H SHANGRI-LA KUALA LUMPUR H ST. REGIS KUALA LUMPUR H FOUR SEASONS KUALA LUMPUR H THE RITZ-CARLTON KUALA LUMPUR H LE MERIDIEN KUALA LUMPUR H TRADERS KUALA LUMPUR H&#8230;<\/p>\n","protected":false},"author":1,"featured_media":0,"parent":0,"menu_order":0,"comment_status":"closed","ping_status":"closed","template":"","meta":[],"yoast_head":"<!-- This site is optimized with the Yoast SEO plugin v17.0 - https:\/\/yoast.com\/wordpress\/plugins\/seo\/ -->\n<title>Malajsie - Premium Travel&amp;Dine Info<\/title>\n<meta name=\"robots\" content=\"index, follow, max-snippet:-1, max-image-preview:large, max-video-preview:-1\" \/>\n<link rel=\"canonical\" href=\"https:\/\/www.travelanddine.info\/index.php\/malajsie-cz\/\" \/>\n<meta property=\"og:locale\" content=\"cs_CZ\" \/>\n<meta property=\"og:type\" content=\"article\" \/>\n<meta property=\"og:title\" content=\"Malajsie - Premium Travel&amp;Dine Info\" \/>\n<meta property=\"og:description\" content=\"H GRAND HYATT KUALA LUMPUR H W KUALA LUMPUR KUALA LUMPUR H SHANGRI-LA KUALA LUMPUR H ST. REGIS KUALA LUMPUR H FOUR SEASONS KUALA LUMPUR H THE RITZ-CARLTON KUALA LUMPUR H LE MERIDIEN KUALA LUMPUR H TRADERS KUALA LUMPUR H...\" \/>\n<meta property=\"og:url\" content=\"https:\/\/www.travelanddine.info\/index.php\/malajsie-cz\/\" \/>\n<meta property=\"og:site_name\" content=\"Premium Travel&amp;Dine Info\" \/>\n<meta property=\"article:publisher\" content=\"http:\/\/www.facebook.com\/PremiumTravelAndDineInfo\" \/>\n<meta property=\"article:modified_time\" content=\"2021-05-18T12:50:43+00:00\" \/>\n<meta property=\"og:image\" content=\"http:\/\/www.travelanddine.info\/wp-content\/uploads\/2019\/07\/malaysia1-1024x589.jpg\" \/>\n<meta name=\"twitter:card\" content=\"summary_large_image\" \/>\n<meta name=\"twitter:label1\" content=\"Odhadovan\u00e1 doba \u010dten\u00ed\" \/>\n\t<meta name=\"twitter:data1\" content=\"2 minuty\" \/>\n<script type=\"application\/ld+json\" class=\"yoast-schema-graph\">{\"@context\":\"https:\/\/schema.org\",\"@graph\":[{\"@type\":\"Organization\",\"@id\":\"https:\/\/www.travelanddine.info\/#organization\",\"name\":\"Premium Travel & Dine Info\",\"url\":\"https:\/\/www.travelanddine.info\/\",\"sameAs\":[\"http:\/\/www.facebook.com\/PremiumTravelAndDineInfo\",\"https:\/\/www.instagram.com\/premium_travel_and_dine_info\/\",\"https:\/\/www.youtube.com\/channel\/UCq4d7zmKK3AOuzDrR1p_2Qw\/featured?disable_polymer=1\"],\"logo\":{\"@type\":\"ImageObject\",\"@id\":\"https:\/\/www.travelanddine.info\/#logo\",\"inLanguage\":\"cs\",\"url\":\"https:\/\/www.travelanddine.info\/wp-content\/uploads\/2019\/01\/logo-premium-e1547240252292.jpg\",\"contentUrl\":\"https:\/\/www.travelanddine.info\/wp-content\/uploads\/2019\/01\/logo-premium-e1547240252292.jpg\",\"width\":1000,\"height\":406,\"caption\":\"Premium Travel & Dine Info\"},\"image\":{\"@id\":\"https:\/\/www.travelanddine.info\/#logo\"}},{\"@type\":\"WebSite\",\"@id\":\"https:\/\/www.travelanddine.info\/#website\",\"url\":\"https:\/\/www.travelanddine.info\/\",\"name\":\"Premium Travel&amp;Dine Info\",\"description\":\"tipy, doporu\\u010den\\u00ed, informace.. pro ty, kte\\u0159\\u00ed maj\\u00ed r\\u00e1di cestov\\u00e1n\\u00ed na vysok\\u00e9 \\u00farovni a skv\\u011bl\\u00e9 j\\u00eddlo\",\"publisher\":{\"@id\":\"https:\/\/www.travelanddine.info\/#organization\"},\"potentialAction\":[{\"@type\":\"SearchAction\",\"target\":{\"@type\":\"EntryPoint\",\"urlTemplate\":\"https:\/\/www.travelanddine.info\/?s={search_term_string}\"},\"query-input\":\"required name=search_term_string\"}],\"inLanguage\":\"cs\"},{\"@type\":\"ImageObject\",\"@id\":\"https:\/\/www.travelanddine.info\/index.php\/malajsie-cz\/#primaryimage\",\"inLanguage\":\"cs\",\"url\":\"http:\/\/www.travelanddine.info\/wp-content\/uploads\/2019\/07\/malaysia1-1024x589.jpg\",\"contentUrl\":\"http:\/\/www.travelanddine.info\/wp-content\/uploads\/2019\/07\/malaysia1-1024x589.jpg\"},{\"@type\":\"WebPage\",\"@id\":\"https:\/\/www.travelanddine.info\/index.php\/malajsie-cz\/#webpage\",\"url\":\"https:\/\/www.travelanddine.info\/index.php\/malajsie-cz\/\",\"name\":\"Malajsie - Premium Travel&amp;Dine Info\",\"isPartOf\":{\"@id\":\"https:\/\/www.travelanddine.info\/#website\"},\"primaryImageOfPage\":{\"@id\":\"https:\/\/www.travelanddine.info\/index.php\/malajsie-cz\/#primaryimage\"},\"datePublished\":\"2019-02-16T20:14:29+00:00\",\"dateModified\":\"2021-05-18T12:50:43+00:00\",\"breadcrumb\":{\"@id\":\"https:\/\/www.travelanddine.info\/index.php\/malajsie-cz\/#breadcrumb\"},\"inLanguage\":\"cs\",\"potentialAction\":[{\"@type\":\"ReadAction\",\"target\":[\"https:\/\/www.travelanddine.info\/index.php\/malajsie-cz\/\"]}]},{\"@type\":\"BreadcrumbList\",\"@id\":\"https:\/\/www.travelanddine.info\/index.php\/malajsie-cz\/#breadcrumb\",\"itemListElement\":[{\"@type\":\"ListItem\",\"position\":1,\"name\":\"Dom\\u016f\",\"item\":\"https:\/\/www.travelanddine.info\/index.php\/en\/home\/\"},{\"@type\":\"ListItem\",\"position\":2,\"name\":\"Malajsie\"}]}]}<\/script>\n<!-- \/ Yoast SEO plugin. -->","yoast_head_json":{"title":"Malajsie - Premium Travel&amp;Dine Info","robots":{"index":"index","follow":"follow","max-snippet":"max-snippet:-1","max-image-preview":"max-image-preview:large","max-video-preview":"max-video-preview:-1"},"canonical":"https:\/\/www.travelanddine.info\/index.php\/malajsie-cz\/","og_locale":"cs_CZ","og_type":"article","og_title":"Malajsie - Premium Travel&amp;Dine Info","og_description":"H GRAND HYATT KUALA LUMPUR H W KUALA LUMPUR KUALA LUMPUR H SHANGRI-LA KUALA LUMPUR H ST. REGIS KUALA LUMPUR H FOUR SEASONS KUALA LUMPUR H THE RITZ-CARLTON KUALA LUMPUR H LE MERIDIEN KUALA LUMPUR H TRADERS KUALA LUMPUR H...","og_url":"https:\/\/www.travelanddine.info\/index.php\/malajsie-cz\/","og_site_name":"Premium Travel&amp;Dine Info","article_publisher":"http:\/\/www.facebook.com\/PremiumTravelAndDineInfo","article_modified_time":"2021-05-18T12:50:43+00:00","og_image":[{"url":"http:\/\/www.travelanddine.info\/wp-content\/uploads\/2019\/07\/malaysia1-1024x589.jpg"}],"twitter_card":"summary_large_image","twitter_misc":{"Odhadovan\u00e1 doba \u010dten\u00ed":"2 minuty"},"schema":{"@context":"https:\/\/schema.org","@graph":[{"@type":"Organization","@id":"https:\/\/www.travelanddine.info\/#organization","name":"Premium Travel & Dine Info","url":"https:\/\/www.travelanddine.info\/","sameAs":["http:\/\/www.facebook.com\/PremiumTravelAndDineInfo","https:\/\/www.instagram.com\/premium_travel_and_dine_info\/","https:\/\/www.youtube.com\/channel\/UCq4d7zmKK3AOuzDrR1p_2Qw\/featured?disable_polymer=1"],"logo":{"@type":"ImageObject","@id":"https:\/\/www.travelanddine.info\/#logo","inLanguage":"cs","url":"https:\/\/www.travelanddine.info\/wp-content\/uploads\/2019\/01\/logo-premium-e1547240252292.jpg","contentUrl":"https:\/\/www.travelanddine.info\/wp-content\/uploads\/2019\/01\/logo-premium-e1547240252292.jpg","width":1000,"height":406,"caption":"Premium Travel & Dine Info"},"image":{"@id":"https:\/\/www.travelanddine.info\/#logo"}},{"@type":"WebSite","@id":"https:\/\/www.travelanddine.info\/#website","url":"https:\/\/www.travelanddine.info\/","name":"Premium Travel&amp;Dine Info","description":"tipy, doporu\u010den\u00ed, informace.. pro ty, kte\u0159\u00ed maj\u00ed r\u00e1di cestov\u00e1n\u00ed na vysok\u00e9 \u00farovni a skv\u011bl\u00e9 j\u00eddlo","publisher":{"@id":"https:\/\/www.travelanddine.info\/#organization"},"potentialAction":[{"@type":"SearchAction","target":{"@type":"EntryPoint","urlTemplate":"https:\/\/www.travelanddine.info\/?s={search_term_string}"},"query-input":"required name=search_term_string"}],"inLanguage":"cs"},{"@type":"ImageObject","@id":"https:\/\/www.travelanddine.info\/index.php\/malajsie-cz\/#primaryimage","inLanguage":"cs","url":"http:\/\/www.travelanddine.info\/wp-content\/uploads\/2019\/07\/malaysia1-1024x589.jpg","contentUrl":"http:\/\/www.travelanddine.info\/wp-content\/uploads\/2019\/07\/malaysia1-1024x589.jpg"},{"@type":"WebPage","@id":"https:\/\/www.travelanddine.info\/index.php\/malajsie-cz\/#webpage","url":"https:\/\/www.travelanddine.info\/index.php\/malajsie-cz\/","name":"Malajsie - Premium Travel&amp;Dine Info","isPartOf":{"@id":"https:\/\/www.travelanddine.info\/#website"},"primaryImageOfPage":{"@id":"https:\/\/www.travelanddine.info\/index.php\/malajsie-cz\/#primaryimage"},"datePublished":"2019-02-16T20:14:29+00:00","dateModified":"2021-05-18T12:50:43+00:00","breadcrumb":{"@id":"https:\/\/www.travelanddine.info\/index.php\/malajsie-cz\/#breadcrumb"},"inLanguage":"cs","potentialAction":[{"@type":"ReadAction","target":["https:\/\/www.travelanddine.info\/index.php\/malajsie-cz\/"]}]},{"@type":"BreadcrumbList","@id":"https:\/\/www.travelanddine.info\/index.php\/malajsie-cz\/#breadcrumb","itemListElement":[{"@type":"ListItem","position":1,"name":"Dom\u016f","item":"https:\/\/www.travelanddine.info\/index.php\/en\/home\/"},{"@type":"ListItem","position":2,"name":"Malajsie"}]}]}},"_links":{"self":[{"href":"https:\/\/www.travelanddine.info\/index.php\/wp-json\/wp\/v2\/pages\/1524"}],"collection":[{"href":"https:\/\/www.travelanddine.info\/index.php\/wp-json\/wp\/v2\/pages"}],"about":[{"href":"https:\/\/www.travelanddine.info\/index.php\/wp-json\/wp\/v2\/types\/page"}],"author":[{"embeddable":true,"href":"https:\/\/www.travelanddine.info\/index.php\/wp-json\/wp\/v2\/users\/1"}],"replies":[{"embeddable":true,"href":"https:\/\/www.travelanddine.info\/index.php\/wp-json\/wp\/v2\/comments?post=1524"}],"version-history":[{"count":16,"href":"https:\/\/www.travelanddine.info\/index.php\/wp-json\/wp\/v2\/pages\/1524\/revisions"}],"predecessor-version":[{"id":4147,"href":"https:\/\/www.travelanddine.info\/index.php\/wp-json\/wp\/v2\/pages\/1524\/revisions\/4147"}],"wp:attachment":[{"href":"https:\/\/www.travelanddine.info\/index.php\/wp-json\/wp\/v2\/media?parent=1524"}],"curies":[{"name":"wp","href":"https:\/\/api.w.org\/{rel}","templated":true}]}}