{"id":1532,"date":"2019-02-16T20:13:37","date_gmt":"2019-02-16T20:13:37","guid":{"rendered":"http:\/\/www.travelanddine.info\/?page_id=1532"},"modified":"2019-07-09T21:43:09","modified_gmt":"2019-07-09T21:43:09","slug":"shangri-la-tanjung-aru-resort-and-spa-kota-konabalu-borneo-aj","status":"publish","type":"page","link":"https:\/\/www.travelanddine.info\/index.php\/en\/malaysia-2\/shangri-la-tanjung-aru-resort-and-spa-kota-konabalu-borneo-aj\/","title":{"rendered":"SHANGRI-LA TANJUNG ARU RESORT AND SPA KOTA KONABALU, BORNEO"},"content":{"rendered":"\n<p><em>Hotel Chain and Loyalty Program<\/em><\/p>\n\n\n\n<p>Shangri-La Hotels and Resorts, the 5star worldwide hotel chain. Golden Circle loyalty program is applied.<\/p>\n\n\n\n<figure class=\"wp-block-image\"><img loading=\"lazy\" width=\"514\" height=\"292\" src=\"https:\/\/www.travelanddine.info\/wp-content\/uploads\/2019\/02\/image-44.png\" alt=\"\" class=\"wp-image-1533\" srcset=\"https:\/\/www.travelanddine.info\/wp-content\/uploads\/2019\/02\/image-44.png 514w, https:\/\/www.travelanddine.info\/wp-content\/uploads\/2019\/02\/image-44-300x170.png 300w\" sizes=\"(max-width: 514px) 100vw, 514px\" \/><\/figure>\n\n\n\n<figure class=\"wp-block-image\"><img loading=\"lazy\" width=\"612\" height=\"332\" src=\"https:\/\/www.travelanddine.info\/wp-content\/uploads\/2019\/02\/image-45.png\" alt=\"\" class=\"wp-image-1534\" srcset=\"https:\/\/www.travelanddine.info\/wp-content\/uploads\/2019\/02\/image-45.png 612w, https:\/\/www.travelanddine.info\/wp-content\/uploads\/2019\/02\/image-45-300x163.png 300w\" sizes=\"(max-width: 612px) 100vw, 612px\" \/><\/figure>\n\n\n\n<p><em>Hotel lobby<\/em><\/p>\n\n\n\n<p>We arrived to the hotel in the late afternoon directly from the airport. To get to the main hotel entrance, guests must pass lovely coconut trees gardens. Our first welcome to the hotel was a live traditional relaxing music at the entrance. As we proceeded to the front desk, we were welcomed by a fruity juice and cold towel. As the hotel premises are truly huge, there was a line of people waiting for checking-in. However, several receptionists were efficient, and our check in process was fairly fast and smooth. The hotel staff everywhere within the venue was very friendly, and expressing their warm welcome with wide smiles on their faces. Soon after we were escorted to our Kinabalu Mountain View room.<\/p>\n\n\n\n<p>The lobby is huge and designed in traditional Borneo d\u00e9cor. There is a lobby bar, and access to the Peppino Restaurant and Caf\u00e9 TATU from there.<\/p>\n\n\n\n<p>All typical 5star services are located at the lobby as concierge, luggage porter, guest relations, money exchange etc. All major credit cards are accepted at the hotel.<\/p>\n\n\n\n<figure class=\"wp-block-image\"><img loading=\"lazy\" width=\"612\" height=\"350\" src=\"https:\/\/www.travelanddine.info\/wp-content\/uploads\/2019\/02\/image-46.png\" alt=\"\" class=\"wp-image-1535\" srcset=\"https:\/\/www.travelanddine.info\/wp-content\/uploads\/2019\/02\/image-46.png 612w, https:\/\/www.travelanddine.info\/wp-content\/uploads\/2019\/02\/image-46-300x172.png 300w\" sizes=\"(max-width: 612px) 100vw, 612px\" \/><\/figure>\n\n\n\n<figure class=\"wp-block-image\"><img loading=\"lazy\" width=\"612\" height=\"347\" src=\"https:\/\/www.travelanddine.info\/wp-content\/uploads\/2019\/02\/image-47.png\" alt=\"\" class=\"wp-image-1536\" srcset=\"https:\/\/www.travelanddine.info\/wp-content\/uploads\/2019\/02\/image-47.png 612w, https:\/\/www.travelanddine.info\/wp-content\/uploads\/2019\/02\/image-47-300x170.png 300w\" sizes=\"(max-width: 612px) 100vw, 612px\" \/><\/figure>\n\n\n\n<p><em>Location<\/em><\/p>\n\n\n\n<p>Shangri-La Tanjung Aru Resort &amp; Spa Resort is located at Tanjung Aru area, away from the city of Kota Kinabalu, the capital city of Sabah. Kota Kinabalu international airport is situated about 4 km from the hotel which makes less than 10 minutes drive. The city of Kota Kinabalu is approximately 10 minutes by car.&nbsp;<\/p>\n\n\n\n<p>Tanjung Aru area is a popular place with locals, as it is supposed to be the best place to see the sunset. Hundreds of visitors come to the area outside the hotel each evening to make a picture of colorful and romantic sunset.<\/p>\n\n\n\n<p><em>Room<\/em><\/p>\n\n\n\n<p>The resort has more than 490 rooms and suites in two hotel wings, Kinabalu and Tanjung one. Our modern and clean 45sqm twin-bed Kinabalu Mountain View Room was facing the Mount Kinabalu, the Borneo highest mountain but there was also a nice view to the hotel gardens as well as sea. The room was spacious and comfortable, with a good size balcony with chairs and table. The beds were large and comfortable. The typical Shangri-La pillow menu is available, meaning the guests can choose the different types of pillows to sleep on. The room equipment includes work desk, cabinet with large flat TV with satellite and in-house programs, coffee table with chairs, minibar, coffee and tea making facilities, slippers\u2026 Room is decorated in dark wood furniture with traditional Sabah-inspired touches and comfortable soft carpet on the floor.&nbsp;<\/p>\n\n\n\n<p>The bathroom is not that huge but everything is there, large mirror and wash basin, toilet, bath tub and shower corner, including the comfy bathrobes.&nbsp;<\/p>\n\n\n\n<p>Wifi connectivity is stable and fast, including the pool and beach area.<\/p>\n\n\n\n<figure class=\"wp-block-image\"><img loading=\"lazy\" width=\"612\" height=\"285\" src=\"https:\/\/www.travelanddine.info\/wp-content\/uploads\/2019\/02\/image-48.png\" alt=\"\" class=\"wp-image-1537\" srcset=\"https:\/\/www.travelanddine.info\/wp-content\/uploads\/2019\/02\/image-48.png 612w, https:\/\/www.travelanddine.info\/wp-content\/uploads\/2019\/02\/image-48-300x140.png 300w\" sizes=\"(max-width: 612px) 100vw, 612px\" \/><\/figure>\n\n\n\n<figure class=\"wp-block-image\"><img loading=\"lazy\" width=\"576\" height=\"349\" src=\"https:\/\/www.travelanddine.info\/wp-content\/uploads\/2019\/02\/image-49.png\" alt=\"\" class=\"wp-image-1538\" srcset=\"https:\/\/www.travelanddine.info\/wp-content\/uploads\/2019\/02\/image-49.png 576w, https:\/\/www.travelanddine.info\/wp-content\/uploads\/2019\/02\/image-49-300x182.png 300w\" sizes=\"(max-width: 576px) 100vw, 576px\" \/><\/figure>\n\n\n\n<p><em>Restaurants and food<\/em><\/p>\n\n\n\n<p>There are 7 restaurants and bars at the resort.&nbsp;<em>Caf\u00e9 TATU<\/em>is a large restaurant venue where breakfast is served. The breakfast is huge and tasty, with a possibility to eat inside or outside, and almost everything is on choice. From fresh juices corner to Western and Asian food, including the child\u2019s corner for little ones\u2019 favourities.&nbsp;<em>Peppino Restaurant&nbsp;<\/em>serves Italian dishes and the venue is awarded as one of the best Italian themed restaurants in Malaysia.&nbsp;<em>Shang Palace<\/em>is a place for Cantonese and Chinese food.&nbsp;<em>Coco-Joe&#8217;s Bar &amp; Grill<\/em>is a beachfront barbeque restaurant and bar with views of the South China Sea.&nbsp;<em>Borneo Lounge &amp; Bar<\/em>is a good place to enjoy the drinks and small bites with live music in the evening. The most epic bar is&nbsp;<em>Sunset Bar<\/em>situated at the top of a little peninsula which serves cocktails and champagne, and is full every single evening as the guests are coming over and around to make unforgettable pictures of the sunset.<\/p>\n\n\n\n<figure class=\"wp-block-image\"><img loading=\"lazy\" width=\"486\" height=\"275\" src=\"https:\/\/www.travelanddine.info\/wp-content\/uploads\/2019\/02\/image-50.png\" alt=\"\" class=\"wp-image-1539\" srcset=\"https:\/\/www.travelanddine.info\/wp-content\/uploads\/2019\/02\/image-50.png 486w, https:\/\/www.travelanddine.info\/wp-content\/uploads\/2019\/02\/image-50-300x170.png 300w\" sizes=\"(max-width: 486px) 100vw, 486px\" \/><\/figure>\n\n\n\n<figure class=\"wp-block-image\"><img loading=\"lazy\" width=\"584\" height=\"427\" src=\"https:\/\/www.travelanddine.info\/wp-content\/uploads\/2019\/02\/image-51.png\" alt=\"\" class=\"wp-image-1540\" srcset=\"https:\/\/www.travelanddine.info\/wp-content\/uploads\/2019\/02\/image-51.png 584w, https:\/\/www.travelanddine.info\/wp-content\/uploads\/2019\/02\/image-51-300x219.png 300w\" sizes=\"(max-width: 584px) 100vw, 584px\" \/><\/figure>\n\n\n\n<p><em>Leisure facilities&nbsp;<\/em><\/p>\n\n\n\n<p>There are two swimming pools at the resort, one special for children with plenty of water play attractions, and one called Infinity pool for adults only. The Infinity pool with artificial waterfalls is popular place to make pictures with sea in the backgrounds. There is a Chi Spa offering all pampering from body massage to skin treatments. There is well equipped health club as well as kids club, petanque and tennis courts. There is a private sandy beach with soft sands and sun beds located on the wooden surface. A Star Marina is providing sea sports as water skiing or wakeboarding, as well as boat shuttle service to the neighboring islands.&nbsp;<\/p>\n\n\n\n<p>Laundry service is, of course, available, but not tried.<\/p>\n\n\n\n<figure class=\"wp-block-image\"><img loading=\"lazy\" width=\"613\" height=\"407\" src=\"https:\/\/www.travelanddine.info\/wp-content\/uploads\/2019\/02\/image-52.png\" alt=\"\" class=\"wp-image-1541\" srcset=\"https:\/\/www.travelanddine.info\/wp-content\/uploads\/2019\/02\/image-52.png 613w, https:\/\/www.travelanddine.info\/wp-content\/uploads\/2019\/02\/image-52-300x199.png 300w\" sizes=\"(max-width: 613px) 100vw, 613px\" \/><\/figure>\n\n\n\n<figure class=\"wp-block-image\"><img loading=\"lazy\" width=\"613\" height=\"407\" src=\"https:\/\/www.travelanddine.info\/wp-content\/uploads\/2019\/02\/image-53.png\" alt=\"\" class=\"wp-image-1542\" srcset=\"https:\/\/www.travelanddine.info\/wp-content\/uploads\/2019\/02\/image-53.png 613w, https:\/\/www.travelanddine.info\/wp-content\/uploads\/2019\/02\/image-53-300x199.png 300w\" sizes=\"(max-width: 613px) 100vw, 613px\" \/><\/figure>\n\n\n\n<p><em>Verdict<\/em><\/p>\n\n\n\n<p>Best for :\t<\/p>\n\n\n\n<p>5star comfort and cleanliness<\/p>\n\n\n\n<p>Don\u2019t miss :\t<\/p>\n\n\n\n<p>to see the Borneo wildlife, and orangutan gardens<\/p>\n\n\n\n<p>Room price :\t<\/p>\n\n\n\n<p>from 260,- Euro \/ Kinabalu Mountain View Room<\/p>\n\n\n\n<p>Contact : <a href=\"https:\/\/www.shangri-la.com\/kotakinabalu\/tanjungaruresort\/\" target=\"_blank\" rel=\"noreferrer noopener\" aria-label=\"https:\/\/www.shangri-la.com\/kotakinabalu\/tanjungaruresort\/ (otev\u0159e se na nov\u00e9 z\u00e1lo\u017ece)\">https:\/\/www.shangri-la.com\/kotakinabalu\/tanjungaruresort\/<\/a><\/p>\n\n\n\n<p><\/p>\n","protected":false},"excerpt":{"rendered":"<p>Hotel Chain and Loyalty Program Shangri-La Hotels and Resorts, the 5star worldwide hotel chain. Golden Circle loyalty program is applied. Hotel lobby We arrived to the hotel in the late afternoon directly from the airport. To get to the main&#8230;<\/p>\n","protected":false},"author":1,"featured_media":0,"parent":1528,"menu_order":0,"comment_status":"closed","ping_status":"closed","template":"","meta":[],"yoast_head":"<!-- This site is optimized with the Yoast SEO plugin v17.0 - https:\/\/yoast.com\/wordpress\/plugins\/seo\/ -->\n<title>SHANGRI-LA TANJUNG ARU RESORT AND SPA KOTA KONABALU, BORNEO - Premium Travel&amp;Dine Info<\/title>\n<meta name=\"robots\" content=\"index, follow, max-snippet:-1, max-image-preview:large, max-video-preview:-1\" \/>\n<link rel=\"canonical\" href=\"https:\/\/www.travelanddine.info\/index.php\/en\/malaysia-2\/shangri-la-tanjung-aru-resort-and-spa-kota-konabalu-borneo-aj\/\" \/>\n<meta property=\"og:locale\" content=\"cs_CZ\" \/>\n<meta property=\"og:type\" content=\"article\" \/>\n<meta property=\"og:title\" content=\"SHANGRI-LA TANJUNG ARU RESORT AND SPA KOTA KONABALU, BORNEO - Premium Travel&amp;Dine Info\" \/>\n<meta property=\"og:description\" content=\"Hotel Chain and Loyalty Program Shangri-La Hotels and Resorts, the 5star worldwide hotel chain. Golden Circle loyalty program is applied. Hotel lobby We arrived to the hotel in the late afternoon directly from the airport. To get to the main...\" \/>\n<meta property=\"og:url\" content=\"https:\/\/www.travelanddine.info\/index.php\/en\/malaysia-2\/shangri-la-tanjung-aru-resort-and-spa-kota-konabalu-borneo-aj\/\" \/>\n<meta property=\"og:site_name\" content=\"Premium Travel&amp;Dine Info\" \/>\n<meta property=\"article:publisher\" content=\"http:\/\/www.facebook.com\/PremiumTravelAndDineInfo\" \/>\n<meta property=\"article:modified_time\" content=\"2019-07-09T21:43:09+00:00\" \/>\n<meta property=\"og:image\" content=\"http:\/\/www.travelanddine.info\/wp-content\/uploads\/2019\/02\/image-44.png\" \/>\n<meta name=\"twitter:card\" content=\"summary_large_image\" \/>\n<meta name=\"twitter:label1\" content=\"Odhadovan\u00e1 doba \u010dten\u00ed\" \/>\n\t<meta name=\"twitter:data1\" content=\"4 minuty\" \/>\n<script type=\"application\/ld+json\" class=\"yoast-schema-graph\">{\"@context\":\"https:\/\/schema.org\",\"@graph\":[{\"@type\":\"Organization\",\"@id\":\"https:\/\/www.travelanddine.info\/#organization\",\"name\":\"Premium Travel & Dine Info\",\"url\":\"https:\/\/www.travelanddine.info\/\",\"sameAs\":[\"http:\/\/www.facebook.com\/PremiumTravelAndDineInfo\",\"https:\/\/www.instagram.com\/premium_travel_and_dine_info\/\",\"https:\/\/www.youtube.com\/channel\/UCq4d7zmKK3AOuzDrR1p_2Qw\/featured?disable_polymer=1\"],\"logo\":{\"@type\":\"ImageObject\",\"@id\":\"https:\/\/www.travelanddine.info\/#logo\",\"inLanguage\":\"cs\",\"url\":\"https:\/\/www.travelanddine.info\/wp-content\/uploads\/2019\/01\/logo-premium-e1547240252292.jpg\",\"contentUrl\":\"https:\/\/www.travelanddine.info\/wp-content\/uploads\/2019\/01\/logo-premium-e1547240252292.jpg\",\"width\":1000,\"height\":406,\"caption\":\"Premium Travel & Dine Info\"},\"image\":{\"@id\":\"https:\/\/www.travelanddine.info\/#logo\"}},{\"@type\":\"WebSite\",\"@id\":\"https:\/\/www.travelanddine.info\/#website\",\"url\":\"https:\/\/www.travelanddine.info\/\",\"name\":\"Premium Travel&amp;Dine Info\",\"description\":\"tipy, doporu\\u010den\\u00ed, informace.. pro ty, kte\\u0159\\u00ed maj\\u00ed r\\u00e1di cestov\\u00e1n\\u00ed na vysok\\u00e9 \\u00farovni a skv\\u011bl\\u00e9 j\\u00eddlo\",\"publisher\":{\"@id\":\"https:\/\/www.travelanddine.info\/#organization\"},\"potentialAction\":[{\"@type\":\"SearchAction\",\"target\":{\"@type\":\"EntryPoint\",\"urlTemplate\":\"https:\/\/www.travelanddine.info\/?s={search_term_string}\"},\"query-input\":\"required name=search_term_string\"}],\"inLanguage\":\"cs\"},{\"@type\":\"ImageObject\",\"@id\":\"https:\/\/www.travelanddine.info\/index.php\/en\/malaysia-2\/shangri-la-tanjung-aru-resort-and-spa-kota-konabalu-borneo-aj\/#primaryimage\",\"inLanguage\":\"cs\",\"url\":\"http:\/\/www.travelanddine.info\/wp-content\/uploads\/2019\/02\/image-44.png\",\"contentUrl\":\"http:\/\/www.travelanddine.info\/wp-content\/uploads\/2019\/02\/image-44.png\"},{\"@type\":\"WebPage\",\"@id\":\"https:\/\/www.travelanddine.info\/index.php\/en\/malaysia-2\/shangri-la-tanjung-aru-resort-and-spa-kota-konabalu-borneo-aj\/#webpage\",\"url\":\"https:\/\/www.travelanddine.info\/index.php\/en\/malaysia-2\/shangri-la-tanjung-aru-resort-and-spa-kota-konabalu-borneo-aj\/\",\"name\":\"SHANGRI-LA TANJUNG ARU RESORT AND SPA KOTA KONABALU, BORNEO - Premium Travel&amp;Dine Info\",\"isPartOf\":{\"@id\":\"https:\/\/www.travelanddine.info\/#website\"},\"primaryImageOfPage\":{\"@id\":\"https:\/\/www.travelanddine.info\/index.php\/en\/malaysia-2\/shangri-la-tanjung-aru-resort-and-spa-kota-konabalu-borneo-aj\/#primaryimage\"},\"datePublished\":\"2019-02-16T20:13:37+00:00\",\"dateModified\":\"2019-07-09T21:43:09+00:00\",\"breadcrumb\":{\"@id\":\"https:\/\/www.travelanddine.info\/index.php\/en\/malaysia-2\/shangri-la-tanjung-aru-resort-and-spa-kota-konabalu-borneo-aj\/#breadcrumb\"},\"inLanguage\":\"cs\",\"potentialAction\":[{\"@type\":\"ReadAction\",\"target\":[\"https:\/\/www.travelanddine.info\/index.php\/en\/malaysia-2\/shangri-la-tanjung-aru-resort-and-spa-kota-konabalu-borneo-aj\/\"]}]},{\"@type\":\"BreadcrumbList\",\"@id\":\"https:\/\/www.travelanddine.info\/index.php\/en\/malaysia-2\/shangri-la-tanjung-aru-resort-and-spa-kota-konabalu-borneo-aj\/#breadcrumb\",\"itemListElement\":[{\"@type\":\"ListItem\",\"position\":1,\"name\":\"Dom\\u016f\",\"item\":\"https:\/\/www.travelanddine.info\/index.php\/en\/home\/\"},{\"@type\":\"ListItem\",\"position\":2,\"name\":\"Malaysia\",\"item\":\"https:\/\/www.travelanddine.info\/index.php\/en\/malaysia-2\/\"},{\"@type\":\"ListItem\",\"position\":3,\"name\":\"SHANGRI-LA TANJUNG ARU RESORT AND SPA KOTA KONABALU, BORNEO\"}]}]}<\/script>\n<!-- \/ Yoast SEO plugin. -->","yoast_head_json":{"title":"SHANGRI-LA TANJUNG ARU RESORT AND SPA KOTA KONABALU, BORNEO - Premium Travel&amp;Dine Info","robots":{"index":"index","follow":"follow","max-snippet":"max-snippet:-1","max-image-preview":"max-image-preview:large","max-video-preview":"max-video-preview:-1"},"canonical":"https:\/\/www.travelanddine.info\/index.php\/en\/malaysia-2\/shangri-la-tanjung-aru-resort-and-spa-kota-konabalu-borneo-aj\/","og_locale":"cs_CZ","og_type":"article","og_title":"SHANGRI-LA TANJUNG ARU RESORT AND SPA KOTA KONABALU, BORNEO - Premium Travel&amp;Dine Info","og_description":"Hotel Chain and Loyalty Program Shangri-La Hotels and Resorts, the 5star worldwide hotel chain. Golden Circle loyalty program is applied. Hotel lobby We arrived to the hotel in the late afternoon directly from the airport. To get to the main...","og_url":"https:\/\/www.travelanddine.info\/index.php\/en\/malaysia-2\/shangri-la-tanjung-aru-resort-and-spa-kota-konabalu-borneo-aj\/","og_site_name":"Premium Travel&amp;Dine Info","article_publisher":"http:\/\/www.facebook.com\/PremiumTravelAndDineInfo","article_modified_time":"2019-07-09T21:43:09+00:00","og_image":[{"url":"http:\/\/www.travelanddine.info\/wp-content\/uploads\/2019\/02\/image-44.png"}],"twitter_card":"summary_large_image","twitter_misc":{"Odhadovan\u00e1 doba \u010dten\u00ed":"4 minuty"},"schema":{"@context":"https:\/\/schema.org","@graph":[{"@type":"Organization","@id":"https:\/\/www.travelanddine.info\/#organization","name":"Premium Travel & Dine Info","url":"https:\/\/www.travelanddine.info\/","sameAs":["http:\/\/www.facebook.com\/PremiumTravelAndDineInfo","https:\/\/www.instagram.com\/premium_travel_and_dine_info\/","https:\/\/www.youtube.com\/channel\/UCq4d7zmKK3AOuzDrR1p_2Qw\/featured?disable_polymer=1"],"logo":{"@type":"ImageObject","@id":"https:\/\/www.travelanddine.info\/#logo","inLanguage":"cs","url":"https:\/\/www.travelanddine.info\/wp-content\/uploads\/2019\/01\/logo-premium-e1547240252292.jpg","contentUrl":"https:\/\/www.travelanddine.info\/wp-content\/uploads\/2019\/01\/logo-premium-e1547240252292.jpg","width":1000,"height":406,"caption":"Premium Travel & Dine Info"},"image":{"@id":"https:\/\/www.travelanddine.info\/#logo"}},{"@type":"WebSite","@id":"https:\/\/www.travelanddine.info\/#website","url":"https:\/\/www.travelanddine.info\/","name":"Premium Travel&amp;Dine Info","description":"tipy, doporu\u010den\u00ed, informace.. pro ty, kte\u0159\u00ed maj\u00ed r\u00e1di cestov\u00e1n\u00ed na vysok\u00e9 \u00farovni a skv\u011bl\u00e9 j\u00eddlo","publisher":{"@id":"https:\/\/www.travelanddine.info\/#organization"},"potentialAction":[{"@type":"SearchAction","target":{"@type":"EntryPoint","urlTemplate":"https:\/\/www.travelanddine.info\/?s={search_term_string}"},"query-input":"required name=search_term_string"}],"inLanguage":"cs"},{"@type":"ImageObject","@id":"https:\/\/www.travelanddine.info\/index.php\/en\/malaysia-2\/shangri-la-tanjung-aru-resort-and-spa-kota-konabalu-borneo-aj\/#primaryimage","inLanguage":"cs","url":"http:\/\/www.travelanddine.info\/wp-content\/uploads\/2019\/02\/image-44.png","contentUrl":"http:\/\/www.travelanddine.info\/wp-content\/uploads\/2019\/02\/image-44.png"},{"@type":"WebPage","@id":"https:\/\/www.travelanddine.info\/index.php\/en\/malaysia-2\/shangri-la-tanjung-aru-resort-and-spa-kota-konabalu-borneo-aj\/#webpage","url":"https:\/\/www.travelanddine.info\/index.php\/en\/malaysia-2\/shangri-la-tanjung-aru-resort-and-spa-kota-konabalu-borneo-aj\/","name":"SHANGRI-LA TANJUNG ARU RESORT AND SPA KOTA KONABALU, BORNEO - Premium Travel&amp;Dine Info","isPartOf":{"@id":"https:\/\/www.travelanddine.info\/#website"},"primaryImageOfPage":{"@id":"https:\/\/www.travelanddine.info\/index.php\/en\/malaysia-2\/shangri-la-tanjung-aru-resort-and-spa-kota-konabalu-borneo-aj\/#primaryimage"},"datePublished":"2019-02-16T20:13:37+00:00","dateModified":"2019-07-09T21:43:09+00:00","breadcrumb":{"@id":"https:\/\/www.travelanddine.info\/index.php\/en\/malaysia-2\/shangri-la-tanjung-aru-resort-and-spa-kota-konabalu-borneo-aj\/#breadcrumb"},"inLanguage":"cs","potentialAction":[{"@type":"ReadAction","target":["https:\/\/www.travelanddine.info\/index.php\/en\/malaysia-2\/shangri-la-tanjung-aru-resort-and-spa-kota-konabalu-borneo-aj\/"]}]},{"@type":"BreadcrumbList","@id":"https:\/\/www.travelanddine.info\/index.php\/en\/malaysia-2\/shangri-la-tanjung-aru-resort-and-spa-kota-konabalu-borneo-aj\/#breadcrumb","itemListElement":[{"@type":"ListItem","position":1,"name":"Dom\u016f","item":"https:\/\/www.travelanddine.info\/index.php\/en\/home\/"},{"@type":"ListItem","position":2,"name":"Malaysia","item":"https:\/\/www.travelanddine.info\/index.php\/en\/malaysia-2\/"},{"@type":"ListItem","position":3,"name":"SHANGRI-LA TANJUNG ARU RESORT AND SPA KOTA KONABALU, BORNEO"}]}]}},"_links":{"self":[{"href":"https:\/\/www.travelanddine.info\/index.php\/wp-json\/wp\/v2\/pages\/1532"}],"collection":[{"href":"https:\/\/www.travelanddine.info\/index.php\/wp-json\/wp\/v2\/pages"}],"about":[{"href":"https:\/\/www.travelanddine.info\/index.php\/wp-json\/wp\/v2\/types\/page"}],"author":[{"embeddable":true,"href":"https:\/\/www.travelanddine.info\/index.php\/wp-json\/wp\/v2\/users\/1"}],"replies":[{"embeddable":true,"href":"https:\/\/www.travelanddine.info\/index.php\/wp-json\/wp\/v2\/comments?post=1532"}],"version-history":[{"count":5,"href":"https:\/\/www.travelanddine.info\/index.php\/wp-json\/wp\/v2\/pages\/1532\/revisions"}],"predecessor-version":[{"id":3423,"href":"https:\/\/www.travelanddine.info\/index.php\/wp-json\/wp\/v2\/pages\/1532\/revisions\/3423"}],"up":[{"embeddable":true,"href":"https:\/\/www.travelanddine.info\/index.php\/wp-json\/wp\/v2\/pages\/1528"}],"wp:attachment":[{"href":"https:\/\/www.travelanddine.info\/index.php\/wp-json\/wp\/v2\/media?parent=1532"}],"curies":[{"name":"wp","href":"https:\/\/api.w.org\/{rel}","templated":true}]}}