{"id":1579,"date":"2019-02-16T20:41:30","date_gmt":"2019-02-16T20:41:30","guid":{"rendered":"http:\/\/www.travelanddine.info\/?page_id=1579"},"modified":"2019-07-09T21:43:56","modified_gmt":"2019-07-09T21:43:56","slug":"shangri-la-rasa-sayang-resort-spa-penang-aj","status":"publish","type":"page","link":"https:\/\/www.travelanddine.info\/index.php\/en\/malaysia-2\/shangri-la-rasa-sayang-resort-spa-penang-aj\/","title":{"rendered":"SHANGRI-LA RASA SAYANG RESORT &#038; SPA, PENANG"},"content":{"rendered":"\n<figure class=\"wp-block-image\"><img loading=\"lazy\" width=\"800\" height=\"370\" src=\"https:\/\/www.travelanddine.info\/wp-content\/uploads\/2019\/02\/image-76.png\" alt=\"\" class=\"wp-image-1581\" srcset=\"https:\/\/www.travelanddine.info\/wp-content\/uploads\/2019\/02\/image-76.png 800w, https:\/\/www.travelanddine.info\/wp-content\/uploads\/2019\/02\/image-76-300x139.png 300w, https:\/\/www.travelanddine.info\/wp-content\/uploads\/2019\/02\/image-76-768x355.png 768w\" sizes=\"(max-width: 800px) 100vw, 800px\" \/><\/figure>\n\n\n\n<p><em>Hotel chain and loyalty program<\/em><\/p>\n\n\n\n<p>Shangri-La hotels and resorts, 5star worldwide hospitality chain. Golden Circle loyalty program is applied.<\/p>\n\n\n\n<p><em>Hotel lobby<\/em><\/p>\n\n\n\n<p>Upon the arrival at the hotel spacious reception area, we were welcomed by fresh fruit juice and a cold refreshing towel. Staff were professional and friendly. During our checking-in, we received an offer for a superior Rasa Premier room upgrade. We took the time to make a decision, and first we wanted to see our booked Deluxe Garden View room. The guest relation clerk came with us to check the original room, then showed us an upgraded room at Rasa Premier so we could see the difference in person. Afterwards we decided for upgraded room at Rasa Wing. Staying at the Rasa Premier room also offers some really nice benefits. There is a fee for upgrade to Rasa Wing.<\/p>\n\n\n\n<p>The hotel&#8217;s comfortable lobby has a reception, concierge, guest relations desk, currency exchange, luggage service and a souvenir shop. Comfortable sofas and chairs in the lobby area can make waiting there a pleasant experience. All major credit cards are, of course, accepted at the hotel.&nbsp;<\/p>\n\n\n\n<figure class=\"wp-block-image\"><img loading=\"lazy\" width=\"690\" height=\"460\" src=\"https:\/\/www.travelanddine.info\/wp-content\/uploads\/2019\/02\/image-77.png\" alt=\"\" class=\"wp-image-1582\" srcset=\"https:\/\/www.travelanddine.info\/wp-content\/uploads\/2019\/02\/image-77.png 690w, https:\/\/www.travelanddine.info\/wp-content\/uploads\/2019\/02\/image-77-300x200.png 300w\" sizes=\"(max-width: 690px) 100vw, 690px\" \/><\/figure>\n\n\n\n<figure class=\"wp-block-image\"><img loading=\"lazy\" width=\"666\" height=\"375\" src=\"https:\/\/www.travelanddine.info\/wp-content\/uploads\/2019\/02\/image-78.png\" alt=\"\" class=\"wp-image-1583\" srcset=\"https:\/\/www.travelanddine.info\/wp-content\/uploads\/2019\/02\/image-78.png 666w, https:\/\/www.travelanddine.info\/wp-content\/uploads\/2019\/02\/image-78-300x169.png 300w\" sizes=\"(max-width: 666px) 100vw, 666px\" \/><\/figure>\n\n\n\n<p><em>Location<\/em><\/p>\n\n\n\n<p>The Batu Ferringhi area, located in the northern part of Penang, is probably the most touristic part of the island. Penang International Airport is about 45 minutes drive, and Georgetown &#8211; Penang&#8217;s capital city is about 25 minutes away by car.<\/p>\n\n\n\n<p>The resort is located on the beach. However, you would hardly find anyone swimming in the sea. Why? Tons of small jellyfish. Could it be because of global warming? As the locals say, jellyfish are not dangerous but their touch can be really painful. Walking along the sandy beach can be changed into a walk on hundreds of dead jellyfish if you go out there at a certain time of a day.<\/p>\n\n\n\n<p>Penang Island is famous for its food. Thousands of tourists arrive regularly not only for relaxation but also for the famous local cuisine. Fresh fish and seafood are among the top of the local menu. A typical Penangese meal called Asam Laksa, made from fish broth, fresh fish, seafood and vegetables, is considered to be &#8222;heaven in the mouth&#8220; by many visitors.<\/p>\n\n\n\n<p><em>Rooms<\/em><\/p>\n\n\n\n<p>304 deluxe rooms and suites. The 62sqm Rasa Premier room is divided into a large living and sleeping areas. The living area features a sofa and chairs, a coffee table, a minibar, a coffee maker and an electric kettle. The sleeping area has large comfortable beds and bedside tables with a lamp and a classic alarm clock. Flat TV mounted on the wall can be easily turned into both parts of the room. Large wardrobes with a safe deposit are located at the entrance to the room, and the area can also be used as a changing room. The bathroom with separate toilet space is large and is made of marble. The shower corner is located at the end of the bathroom and its size exceeds the standard dimensions.<\/p>\n\n\n\n<p>Decorated in dark wooden d\u00e9cor, the room combines modern design with traditional Malaysian details. The Rasa Premier Room has a large balcony with a whirlpool, a table with chairs, a sofa and sunshades which can be deployed for a complete privacy.<\/p>\n\n\n\n<p>The benefits of the Rasa are also afternoon high tea and canap\u00e9s served in the Rasa lounge together with selected alcoholic drinks and cocktails, soft drinks, wines including champagne with pre-dinner snacks. Coffee and tea is served for complimentary at Rasa&#8217;s pool. 24-hour room service is available. Rasa guests can enjoy an exclusive access to the Rasa Wing pool reserved for adults only. Certainly, there is an etiquette required to use the benefits of Rasa Wing.<\/p>\n\n\n\n<p>The WIFI connection is good, fast and fairly stable.<\/p>\n\n\n\n<figure class=\"wp-block-image\"><img loading=\"lazy\" width=\"612\" height=\"408\" src=\"https:\/\/www.travelanddine.info\/wp-content\/uploads\/2019\/02\/image-79.png\" alt=\"\" class=\"wp-image-1584\" srcset=\"https:\/\/www.travelanddine.info\/wp-content\/uploads\/2019\/02\/image-79.png 612w, https:\/\/www.travelanddine.info\/wp-content\/uploads\/2019\/02\/image-79-300x200.png 300w\" sizes=\"(max-width: 612px) 100vw, 612px\" \/><\/figure>\n\n\n\n<figure class=\"wp-block-image\"><img loading=\"lazy\" width=\"612\" height=\"408\" src=\"https:\/\/www.travelanddine.info\/wp-content\/uploads\/2019\/02\/image-80.png\" alt=\"\" class=\"wp-image-1585\" srcset=\"https:\/\/www.travelanddine.info\/wp-content\/uploads\/2019\/02\/image-80.png 612w, https:\/\/www.travelanddine.info\/wp-content\/uploads\/2019\/02\/image-80-300x200.png 300w\" sizes=\"(max-width: 612px) 100vw, 612px\" \/><\/figure>\n\n\n\n<p><em>Restaurants and food<\/em><\/p>\n\n\n\n<p>There are 3 restaurants and 2 bars at the resort.&nbsp;<em>Spice Market Caf\u00e9<\/em>serves buffet-style breakfast. Breakfast is huge and offers many options \u2013 continental, American, Malaysian, Chinese\u2026 Food is tasty, and friendly staff is always at your service. After breakfast hours, restaurant serves a la carte and buffet-style western and Asian meals, such as Malaysian, Thai, Chinese, Indian or Japanese. Selection of wines and quality of dinner food is truly 5star.<em>Feringgi Grill<\/em>can be used by Rasa wing guests for a la carte breakfast. Otherwise it serves as a place for modern grill cuisine with selection of vintage wines and fine cigars.&nbsp;<em>Pinang<\/em><em>restaurant and bar<\/em>is a casual place for daytime eating and drinking close to a main swimming pool. To have a beer or cocktail, guests can visit&nbsp;<em>FIP Fun Interactive &amp; Play Bar<\/em>where snacks \u2013 chicken or crab, maccarons etc. are served. An intimate atmosphere with live music at&nbsp;<em>Feringgi Bar<\/em>can be enjoyed.<\/p>\n\n\n\n<figure class=\"wp-block-image\"><img loading=\"lazy\" width=\"612\" height=\"408\" src=\"https:\/\/www.travelanddine.info\/wp-content\/uploads\/2019\/02\/image-81.png\" alt=\"\" class=\"wp-image-1586\" srcset=\"https:\/\/www.travelanddine.info\/wp-content\/uploads\/2019\/02\/image-81.png 612w, https:\/\/www.travelanddine.info\/wp-content\/uploads\/2019\/02\/image-81-300x200.png 300w\" sizes=\"(max-width: 612px) 100vw, 612px\" \/><\/figure>\n\n\n\n<figure class=\"wp-block-image\"><img loading=\"lazy\" width=\"666\" height=\"375\" src=\"https:\/\/www.travelanddine.info\/wp-content\/uploads\/2019\/02\/image-82.png\" alt=\"\" class=\"wp-image-1587\" srcset=\"https:\/\/www.travelanddine.info\/wp-content\/uploads\/2019\/02\/image-82.png 666w, https:\/\/www.travelanddine.info\/wp-content\/uploads\/2019\/02\/image-82-300x169.png 300w\" sizes=\"(max-width: 666px) 100vw, 666px\" \/><\/figure>\n\n\n\n<p><em>Leisure facilities&nbsp;<\/em><\/p>\n\n\n\n<p>The resort has three swimming pools in 30 acres gardens. The main swimming pool for all hotel guests, children\u2019s pool and Rasa wing pool for Rasa adult guests only. There is a 9 hole golf course, well-equipped health club, three tennis courts and poolside table tennis as well as tai-chi sessions.<\/p>\n\n\n\n<p>Rasa guests can enjoy the poolside massage at the adults only pool.<\/p>\n\n\n\n<p>Laundry service is good and reliable from one day to another.<\/p>\n\n\n\n<figure class=\"wp-block-image\"><img loading=\"lazy\" width=\"666\" height=\"375\" src=\"https:\/\/www.travelanddine.info\/wp-content\/uploads\/2019\/02\/image-83.png\" alt=\"\" class=\"wp-image-1588\" srcset=\"https:\/\/www.travelanddine.info\/wp-content\/uploads\/2019\/02\/image-83.png 666w, https:\/\/www.travelanddine.info\/wp-content\/uploads\/2019\/02\/image-83-300x169.png 300w\" sizes=\"(max-width: 666px) 100vw, 666px\" \/><\/figure>\n\n\n\n<figure class=\"wp-block-image\"><img loading=\"lazy\" width=\"666\" height=\"375\" src=\"https:\/\/www.travelanddine.info\/wp-content\/uploads\/2019\/02\/image-84.png\" alt=\"\" class=\"wp-image-1589\" srcset=\"https:\/\/www.travelanddine.info\/wp-content\/uploads\/2019\/02\/image-84.png 666w, https:\/\/www.travelanddine.info\/wp-content\/uploads\/2019\/02\/image-84-300x169.png 300w\" sizes=\"(max-width: 666px) 100vw, 666px\" \/><\/figure>\n\n\n\n<p><em>Verdict<\/em><\/p>\n\n\n\n<p>Best for :\t<\/p>\n\n\n\n<p>ambience and food<\/p>\n\n\n\n<p>Don\u2019t miss :\t<\/p>\n\n\n\n<p>food in and out resort, massages at the nearby centers<\/p>\n\n\n\n<p>Room price :\t<\/p>\n\n\n\n<p>280,- Euro \/ Rasa Premier room<\/p>\n\n\n\n<p>Contact : <a href=\"http:\/\/www.shangri-la.com\/penang\/rasasayangresort\/\" target=\"_blank\" rel=\"noreferrer noopener\" aria-label=\"http:\/\/www.shangri-la.com\/penang\/rasasayangresort\/ (otev\u0159e se na nov\u00e9 z\u00e1lo\u017ece)\">http:\/\/www.shangri-la.com\/penang\/rasasayangresort\/<\/a><\/p>\n\n\n\n<p>Very pleasant and relaxing stay at the resort.<\/p>\n\n\n\n<p><\/p>\n","protected":false},"excerpt":{"rendered":"<p>Hotel chain and loyalty program Shangri-La hotels and resorts, 5star worldwide hospitality chain. Golden Circle loyalty program is applied. Hotel lobby Upon the arrival at the hotel spacious reception area, we were welcomed by fresh fruit juice and a cold&#8230;<\/p>\n","protected":false},"author":1,"featured_media":0,"parent":1528,"menu_order":0,"comment_status":"closed","ping_status":"closed","template":"","meta":[],"yoast_head":"<!-- This site is optimized with the Yoast SEO plugin v17.0 - https:\/\/yoast.com\/wordpress\/plugins\/seo\/ -->\n<title>SHANGRI-LA RASA SAYANG RESORT &amp; SPA, PENANG - Premium Travel&amp;Dine Info<\/title>\n<meta name=\"robots\" content=\"index, follow, max-snippet:-1, max-image-preview:large, max-video-preview:-1\" \/>\n<link rel=\"canonical\" href=\"https:\/\/www.travelanddine.info\/index.php\/en\/malaysia-2\/shangri-la-rasa-sayang-resort-spa-penang-aj\/\" \/>\n<meta property=\"og:locale\" content=\"cs_CZ\" \/>\n<meta property=\"og:type\" content=\"article\" \/>\n<meta property=\"og:title\" content=\"SHANGRI-LA RASA SAYANG RESORT &amp; SPA, PENANG - Premium Travel&amp;Dine Info\" \/>\n<meta property=\"og:description\" content=\"Hotel chain and loyalty program Shangri-La hotels and resorts, 5star worldwide hospitality chain. Golden Circle loyalty program is applied. Hotel lobby Upon the arrival at the hotel spacious reception area, we were welcomed by fresh fruit juice and a cold...\" \/>\n<meta property=\"og:url\" content=\"https:\/\/www.travelanddine.info\/index.php\/en\/malaysia-2\/shangri-la-rasa-sayang-resort-spa-penang-aj\/\" \/>\n<meta property=\"og:site_name\" content=\"Premium Travel&amp;Dine Info\" \/>\n<meta property=\"article:publisher\" content=\"http:\/\/www.facebook.com\/PremiumTravelAndDineInfo\" \/>\n<meta property=\"article:modified_time\" content=\"2019-07-09T21:43:56+00:00\" \/>\n<meta property=\"og:image\" content=\"http:\/\/www.travelanddine.info\/wp-content\/uploads\/2019\/02\/image-76.png\" \/>\n<meta name=\"twitter:card\" content=\"summary_large_image\" \/>\n<meta name=\"twitter:label1\" content=\"Odhadovan\u00e1 doba \u010dten\u00ed\" \/>\n\t<meta name=\"twitter:data1\" content=\"4 minuty\" \/>\n<script type=\"application\/ld+json\" class=\"yoast-schema-graph\">{\"@context\":\"https:\/\/schema.org\",\"@graph\":[{\"@type\":\"Organization\",\"@id\":\"https:\/\/www.travelanddine.info\/#organization\",\"name\":\"Premium Travel & Dine Info\",\"url\":\"https:\/\/www.travelanddine.info\/\",\"sameAs\":[\"http:\/\/www.facebook.com\/PremiumTravelAndDineInfo\",\"https:\/\/www.instagram.com\/premium_travel_and_dine_info\/\",\"https:\/\/www.youtube.com\/channel\/UCq4d7zmKK3AOuzDrR1p_2Qw\/featured?disable_polymer=1\"],\"logo\":{\"@type\":\"ImageObject\",\"@id\":\"https:\/\/www.travelanddine.info\/#logo\",\"inLanguage\":\"cs\",\"url\":\"https:\/\/www.travelanddine.info\/wp-content\/uploads\/2019\/01\/logo-premium-e1547240252292.jpg\",\"contentUrl\":\"https:\/\/www.travelanddine.info\/wp-content\/uploads\/2019\/01\/logo-premium-e1547240252292.jpg\",\"width\":1000,\"height\":406,\"caption\":\"Premium Travel & Dine Info\"},\"image\":{\"@id\":\"https:\/\/www.travelanddine.info\/#logo\"}},{\"@type\":\"WebSite\",\"@id\":\"https:\/\/www.travelanddine.info\/#website\",\"url\":\"https:\/\/www.travelanddine.info\/\",\"name\":\"Premium Travel&amp;Dine Info\",\"description\":\"tipy, doporu\\u010den\\u00ed, informace.. pro ty, kte\\u0159\\u00ed maj\\u00ed r\\u00e1di cestov\\u00e1n\\u00ed na vysok\\u00e9 \\u00farovni a skv\\u011bl\\u00e9 j\\u00eddlo\",\"publisher\":{\"@id\":\"https:\/\/www.travelanddine.info\/#organization\"},\"potentialAction\":[{\"@type\":\"SearchAction\",\"target\":{\"@type\":\"EntryPoint\",\"urlTemplate\":\"https:\/\/www.travelanddine.info\/?s={search_term_string}\"},\"query-input\":\"required name=search_term_string\"}],\"inLanguage\":\"cs\"},{\"@type\":\"ImageObject\",\"@id\":\"https:\/\/www.travelanddine.info\/index.php\/en\/malaysia-2\/shangri-la-rasa-sayang-resort-spa-penang-aj\/#primaryimage\",\"inLanguage\":\"cs\",\"url\":\"http:\/\/www.travelanddine.info\/wp-content\/uploads\/2019\/02\/image-76.png\",\"contentUrl\":\"http:\/\/www.travelanddine.info\/wp-content\/uploads\/2019\/02\/image-76.png\"},{\"@type\":\"WebPage\",\"@id\":\"https:\/\/www.travelanddine.info\/index.php\/en\/malaysia-2\/shangri-la-rasa-sayang-resort-spa-penang-aj\/#webpage\",\"url\":\"https:\/\/www.travelanddine.info\/index.php\/en\/malaysia-2\/shangri-la-rasa-sayang-resort-spa-penang-aj\/\",\"name\":\"SHANGRI-LA RASA SAYANG RESORT & SPA, PENANG - Premium Travel&amp;Dine Info\",\"isPartOf\":{\"@id\":\"https:\/\/www.travelanddine.info\/#website\"},\"primaryImageOfPage\":{\"@id\":\"https:\/\/www.travelanddine.info\/index.php\/en\/malaysia-2\/shangri-la-rasa-sayang-resort-spa-penang-aj\/#primaryimage\"},\"datePublished\":\"2019-02-16T20:41:30+00:00\",\"dateModified\":\"2019-07-09T21:43:56+00:00\",\"breadcrumb\":{\"@id\":\"https:\/\/www.travelanddine.info\/index.php\/en\/malaysia-2\/shangri-la-rasa-sayang-resort-spa-penang-aj\/#breadcrumb\"},\"inLanguage\":\"cs\",\"potentialAction\":[{\"@type\":\"ReadAction\",\"target\":[\"https:\/\/www.travelanddine.info\/index.php\/en\/malaysia-2\/shangri-la-rasa-sayang-resort-spa-penang-aj\/\"]}]},{\"@type\":\"BreadcrumbList\",\"@id\":\"https:\/\/www.travelanddine.info\/index.php\/en\/malaysia-2\/shangri-la-rasa-sayang-resort-spa-penang-aj\/#breadcrumb\",\"itemListElement\":[{\"@type\":\"ListItem\",\"position\":1,\"name\":\"Dom\\u016f\",\"item\":\"https:\/\/www.travelanddine.info\/index.php\/en\/home\/\"},{\"@type\":\"ListItem\",\"position\":2,\"name\":\"Malaysia\",\"item\":\"https:\/\/www.travelanddine.info\/index.php\/en\/malaysia-2\/\"},{\"@type\":\"ListItem\",\"position\":3,\"name\":\"SHANGRI-LA RASA SAYANG RESORT &#038; SPA, PENANG\"}]}]}<\/script>\n<!-- \/ Yoast SEO plugin. -->","yoast_head_json":{"title":"SHANGRI-LA RASA SAYANG RESORT & SPA, PENANG - Premium Travel&amp;Dine Info","robots":{"index":"index","follow":"follow","max-snippet":"max-snippet:-1","max-image-preview":"max-image-preview:large","max-video-preview":"max-video-preview:-1"},"canonical":"https:\/\/www.travelanddine.info\/index.php\/en\/malaysia-2\/shangri-la-rasa-sayang-resort-spa-penang-aj\/","og_locale":"cs_CZ","og_type":"article","og_title":"SHANGRI-LA RASA SAYANG RESORT & SPA, PENANG - Premium Travel&amp;Dine Info","og_description":"Hotel chain and loyalty program Shangri-La hotels and resorts, 5star worldwide hospitality chain. Golden Circle loyalty program is applied. Hotel lobby Upon the arrival at the hotel spacious reception area, we were welcomed by fresh fruit juice and a cold...","og_url":"https:\/\/www.travelanddine.info\/index.php\/en\/malaysia-2\/shangri-la-rasa-sayang-resort-spa-penang-aj\/","og_site_name":"Premium Travel&amp;Dine Info","article_publisher":"http:\/\/www.facebook.com\/PremiumTravelAndDineInfo","article_modified_time":"2019-07-09T21:43:56+00:00","og_image":[{"url":"http:\/\/www.travelanddine.info\/wp-content\/uploads\/2019\/02\/image-76.png"}],"twitter_card":"summary_large_image","twitter_misc":{"Odhadovan\u00e1 doba \u010dten\u00ed":"4 minuty"},"schema":{"@context":"https:\/\/schema.org","@graph":[{"@type":"Organization","@id":"https:\/\/www.travelanddine.info\/#organization","name":"Premium Travel & Dine Info","url":"https:\/\/www.travelanddine.info\/","sameAs":["http:\/\/www.facebook.com\/PremiumTravelAndDineInfo","https:\/\/www.instagram.com\/premium_travel_and_dine_info\/","https:\/\/www.youtube.com\/channel\/UCq4d7zmKK3AOuzDrR1p_2Qw\/featured?disable_polymer=1"],"logo":{"@type":"ImageObject","@id":"https:\/\/www.travelanddine.info\/#logo","inLanguage":"cs","url":"https:\/\/www.travelanddine.info\/wp-content\/uploads\/2019\/01\/logo-premium-e1547240252292.jpg","contentUrl":"https:\/\/www.travelanddine.info\/wp-content\/uploads\/2019\/01\/logo-premium-e1547240252292.jpg","width":1000,"height":406,"caption":"Premium Travel & Dine Info"},"image":{"@id":"https:\/\/www.travelanddine.info\/#logo"}},{"@type":"WebSite","@id":"https:\/\/www.travelanddine.info\/#website","url":"https:\/\/www.travelanddine.info\/","name":"Premium Travel&amp;Dine Info","description":"tipy, doporu\u010den\u00ed, informace.. pro ty, kte\u0159\u00ed maj\u00ed r\u00e1di cestov\u00e1n\u00ed na vysok\u00e9 \u00farovni a skv\u011bl\u00e9 j\u00eddlo","publisher":{"@id":"https:\/\/www.travelanddine.info\/#organization"},"potentialAction":[{"@type":"SearchAction","target":{"@type":"EntryPoint","urlTemplate":"https:\/\/www.travelanddine.info\/?s={search_term_string}"},"query-input":"required name=search_term_string"}],"inLanguage":"cs"},{"@type":"ImageObject","@id":"https:\/\/www.travelanddine.info\/index.php\/en\/malaysia-2\/shangri-la-rasa-sayang-resort-spa-penang-aj\/#primaryimage","inLanguage":"cs","url":"http:\/\/www.travelanddine.info\/wp-content\/uploads\/2019\/02\/image-76.png","contentUrl":"http:\/\/www.travelanddine.info\/wp-content\/uploads\/2019\/02\/image-76.png"},{"@type":"WebPage","@id":"https:\/\/www.travelanddine.info\/index.php\/en\/malaysia-2\/shangri-la-rasa-sayang-resort-spa-penang-aj\/#webpage","url":"https:\/\/www.travelanddine.info\/index.php\/en\/malaysia-2\/shangri-la-rasa-sayang-resort-spa-penang-aj\/","name":"SHANGRI-LA RASA SAYANG RESORT & SPA, PENANG - Premium Travel&amp;Dine Info","isPartOf":{"@id":"https:\/\/www.travelanddine.info\/#website"},"primaryImageOfPage":{"@id":"https:\/\/www.travelanddine.info\/index.php\/en\/malaysia-2\/shangri-la-rasa-sayang-resort-spa-penang-aj\/#primaryimage"},"datePublished":"2019-02-16T20:41:30+00:00","dateModified":"2019-07-09T21:43:56+00:00","breadcrumb":{"@id":"https:\/\/www.travelanddine.info\/index.php\/en\/malaysia-2\/shangri-la-rasa-sayang-resort-spa-penang-aj\/#breadcrumb"},"inLanguage":"cs","potentialAction":[{"@type":"ReadAction","target":["https:\/\/www.travelanddine.info\/index.php\/en\/malaysia-2\/shangri-la-rasa-sayang-resort-spa-penang-aj\/"]}]},{"@type":"BreadcrumbList","@id":"https:\/\/www.travelanddine.info\/index.php\/en\/malaysia-2\/shangri-la-rasa-sayang-resort-spa-penang-aj\/#breadcrumb","itemListElement":[{"@type":"ListItem","position":1,"name":"Dom\u016f","item":"https:\/\/www.travelanddine.info\/index.php\/en\/home\/"},{"@type":"ListItem","position":2,"name":"Malaysia","item":"https:\/\/www.travelanddine.info\/index.php\/en\/malaysia-2\/"},{"@type":"ListItem","position":3,"name":"SHANGRI-LA RASA SAYANG RESORT &#038; SPA, PENANG"}]}]}},"_links":{"self":[{"href":"https:\/\/www.travelanddine.info\/index.php\/wp-json\/wp\/v2\/pages\/1579"}],"collection":[{"href":"https:\/\/www.travelanddine.info\/index.php\/wp-json\/wp\/v2\/pages"}],"about":[{"href":"https:\/\/www.travelanddine.info\/index.php\/wp-json\/wp\/v2\/types\/page"}],"author":[{"embeddable":true,"href":"https:\/\/www.travelanddine.info\/index.php\/wp-json\/wp\/v2\/users\/1"}],"replies":[{"embeddable":true,"href":"https:\/\/www.travelanddine.info\/index.php\/wp-json\/wp\/v2\/comments?post=1579"}],"version-history":[{"count":5,"href":"https:\/\/www.travelanddine.info\/index.php\/wp-json\/wp\/v2\/pages\/1579\/revisions"}],"predecessor-version":[{"id":3424,"href":"https:\/\/www.travelanddine.info\/index.php\/wp-json\/wp\/v2\/pages\/1579\/revisions\/3424"}],"up":[{"embeddable":true,"href":"https:\/\/www.travelanddine.info\/index.php\/wp-json\/wp\/v2\/pages\/1528"}],"wp:attachment":[{"href":"https:\/\/www.travelanddine.info\/index.php\/wp-json\/wp\/v2\/media?parent=1579"}],"curies":[{"name":"wp","href":"https:\/\/api.w.org\/{rel}","templated":true}]}}