{"id":1605,"date":"2019-02-16T21:57:27","date_gmt":"2019-02-16T21:57:27","guid":{"rendered":"http:\/\/www.travelanddine.info\/?page_id=1605"},"modified":"2019-07-09T21:35:40","modified_gmt":"2019-07-09T21:35:40","slug":"holiday-inn-golden-mile-hotel-cz","status":"publish","type":"page","link":"https:\/\/www.travelanddine.info\/index.php\/hong-kong-hotely\/holiday-inn-golden-mile-hotel-cz\/","title":{"rendered":"HOLIDAY INN GOLDEN MILE HOTEL"},"content":{"rendered":"\n<p><em>Hotelov\u00fd \u0159et\u011bzec a v\u011brnostn\u00ed program.<\/em><\/p>\n\n\n\n<p>Celosv\u011btov\u00e1 hotelov\u00e1 s\u00ed\u0165 IHG InterContinental Hotel Group. V\u011brnostn\u00ed program je IHG Rewards Club loyalty program.<\/p>\n\n\n\n<figure class=\"wp-block-image\"><img loading=\"lazy\" width=\"577\" height=\"433\" src=\"https:\/\/www.travelanddine.info\/wp-content\/uploads\/2019\/02\/image-85.png\" alt=\"\" class=\"wp-image-1606\" srcset=\"https:\/\/www.travelanddine.info\/wp-content\/uploads\/2019\/02\/image-85.png 577w, https:\/\/www.travelanddine.info\/wp-content\/uploads\/2019\/02\/image-85-300x225.png 300w\" sizes=\"(max-width: 577px) 100vw, 577px\" \/><\/figure>\n\n\n\n<p><em>Hotelov\u00e9 lobby<\/em><\/p>\n\n\n\n<p>Do hotelu jsme p\u0159ijeli brzy ve\u010der. Lobby nebylo obrovsk\u00e9, ale dostate\u010dn\u011b prostorn\u00e9 a p\u0159\u00edjemn\u011b vo\u0148av\u00e9. Person\u00e1l recepce byl zdvo\u0159il\u00fd a profesion\u00e1ln\u00ed b\u011bhem na\u0161em odbaven\u00ed. Prvn\u00ed dojem byl, \u017ee tento hotel by mohlo b\u00fdt dobr\u00fdm m\u00edstem k na\u0161emu pobytu.<\/p>\n\n\n\n<p>Ve vstupn\u00ed hale je recepce, slu\u017eby concierge, \u00faschovna zavazadel, sm\u011bn\u00e1rna a v\u0161echny typick\u00e9 hotelov\u00e9 slu\u017eby. Byl n\u00e1m nab\u00eddnut n\u00e1poj na \u00fav\u00edtanou a vz\u00e1p\u011bt\u00ed n\u00e1s doprovodili do na\u0161eho pokoje Premier.<\/p>\n\n\n\n<p>Do hotelu je mo\u017en\u00e9 vstoupit hlavn\u00edm vchodem nebo p\u0159\u00edmo z ulice Nathan Road po eskal\u00e1toru p\u0159\u00edmo do hotelov\u00e9ho lobby. Pokud vstupujete do hotelu vchodem z Nathan Road, v p\u0159\u00edzem\u00ed projdete n\u00e1kupn\u00ed ark\u00e1dou.&nbsp;<\/p>\n\n\n\n<figure class=\"wp-block-image\"><img loading=\"lazy\" width=\"894\" height=\"279\" src=\"https:\/\/www.travelanddine.info\/wp-content\/uploads\/2019\/02\/image-86.png\" alt=\"\" class=\"wp-image-1607\" srcset=\"https:\/\/www.travelanddine.info\/wp-content\/uploads\/2019\/02\/image-86.png 894w, https:\/\/www.travelanddine.info\/wp-content\/uploads\/2019\/02\/image-86-300x94.png 300w, https:\/\/www.travelanddine.info\/wp-content\/uploads\/2019\/02\/image-86-768x240.png 768w\" sizes=\"(max-width: 894px) 100vw, 894px\" \/><\/figure>\n\n\n\n<figure class=\"wp-block-image\"><img loading=\"lazy\" width=\"894\" height=\"279\" src=\"https:\/\/www.travelanddine.info\/wp-content\/uploads\/2019\/02\/image-87.png\" alt=\"\" class=\"wp-image-1608\" srcset=\"https:\/\/www.travelanddine.info\/wp-content\/uploads\/2019\/02\/image-87.png 894w, https:\/\/www.travelanddine.info\/wp-content\/uploads\/2019\/02\/image-87-300x94.png 300w, https:\/\/www.travelanddine.info\/wp-content\/uploads\/2019\/02\/image-87-768x240.png 768w\" sizes=\"(max-width: 894px) 100vw, 894px\" \/><\/figure>\n\n\n\n<p><em>Um\u00edst\u011bn\u00ed hotelu<\/em><\/p>\n\n\n\n<p>V Kowloon-u. \u010ctvr\u0165 Tsim Sha Tsui, p\u0159\u00edmo na Nathan Road, co je hlavn\u00ed ulice v Kowloon-u obklopen\u00e1 obchody, restauracemi a bary. Hongkongsk\u00e9 mezin\u00e1rodn\u00ed leti\u0161t\u011b je asi hodinu j\u00edzdy. Hlavn\u00ed kulturn\u00ed centra se nach\u00e1zej\u00ed nedaleko od hotelu, Clock Tower a Avenue Stars jsou vzd\u00e1leny pouh\u00fdch 5 minut p\u011b\u0161ky, stejn\u011b jako m\u00edsto, z kter\u00e9ho m\u016f\u017eete sledovat slavnou sv\u011btelnou show Symphony of Lights. P\u0159\u00edstav Star Ferry se nach\u00e1z\u00ed asi 5 minut ch\u016fze.<\/p>\n\n\n\n<p><em>Hotelov\u00e9 pokoje<\/em><\/p>\n\n\n\n<p>Hotel m\u00e1 v\u00edce ne\u017e 600 pokoj\u016f a apartm\u00e1n\u016f. Pokoje pro hosty s posti\u017een\u00edm jsou samoz\u0159ejm\u011b rovn\u011b\u017e k dispozici. N\u00e1\u0161 pokoj Premier Room byl vybaven dv\u011bma velmi \u0161irok\u00fdmi l\u016f\u017eky, proto\u017ee \u0161\u00ed\u0159ka postele byla 140 cm. Pokoj o rozloze 30 m\u00b2 je jinak vybaven pracovn\u00edm stolem se \u017eidl\u00ed, konferen\u010dn\u00edm stolkem a k\u0159esly, kabelovou TV, minibarem, trezorem, konvic\u00ed k p\u0159\u00edprav\u011b k\u00e1vy a \u010daje, klimatizac\u00ed a pantofly. Na velk\u00e9m okn\u011b vis\u00ed t\u011b\u017ek\u00e9 z\u00e1v\u011bsy, kter\u00e9 pokoj zcela zatemn\u00ed a na podlaze je koberec. Co mnoho lid\u00ed m\u016f\u017ee pot\u011b\u0161it je tzv. pol\u0161t\u00e1\u0159ov\u00e9 menu, co\u017e znamen\u00e1, \u017ee si m\u016f\u017eete vybrat z r\u016fzn\u00fdch typ\u016f pol\u0161t\u00e1\u0159\u016f, na kter\u00e9m budete sp\u00e1t. N\u00e1bytek m\u016f\u017ee trochu vykazovat zn\u00e1mky pou\u017eit\u00ed.<\/p>\n\n\n\n<p>Koupelna nen\u00ed p\u0159\u00edli\u0161 velk\u00e1, ale m\u00e1 v\u0161e, co pot\u0159ebujete, vanu, toaletu, toaletn\u00ed a kosmetick\u00e9 pot\u0159eby, vysou\u0161e\u010d vlas\u016f a samoz\u0159ejm\u011b telefon.<\/p>\n\n\n\n<p>Slu\u017eby pr\u00e1delny jsou spolehliv\u00e9. Wifi p\u0159ipojen\u00ed je pom\u011brn\u011b rychl\u00e9 a dobr\u00e9.<\/p>\n\n\n\n<figure class=\"wp-block-image\"><img loading=\"lazy\" width=\"612\" height=\"408\" src=\"https:\/\/www.travelanddine.info\/wp-content\/uploads\/2019\/02\/image-88.png\" alt=\"\" class=\"wp-image-1609\" srcset=\"https:\/\/www.travelanddine.info\/wp-content\/uploads\/2019\/02\/image-88.png 612w, https:\/\/www.travelanddine.info\/wp-content\/uploads\/2019\/02\/image-88-300x200.png 300w\" sizes=\"(max-width: 612px) 100vw, 612px\" \/><\/figure>\n\n\n\n<p><em>Restaurace a j\u00eddlo<\/em><\/p>\n\n\n\n<p>V hotelu jsou 3 restaurace a 1 bar. Sn\u00eddan\u011b formou bufetu se pod\u00e1vaj\u00ed v restauraci&nbsp;<em>Bistro On The Mile<\/em>, kter\u00e1 se nach\u00e1z\u00ed v prvn\u00edm pat\u0159e. Sn\u00eddan\u011b m\u011bla dobr\u00fd v\u00fdb\u011br, od z\u00e1padn\u00ed a\u017e po asijskou volbu j\u00eddel. U sn\u00eddan\u011b v Bistro On The Mile si host\u00e9 mohou vychutnat p\u011bkn\u00fd v\u00fdhled na Nathan Road. Restaurace&nbsp;<em>Loong Yuen Cantonese Restaurant<\/em>pod\u00e1v\u00e1 ob\u011bdy a ve\u010de\u0159e a je zn\u00e1m\u00e1 sv\u00fdmi kantonsk\u00fdmi lah\u016fdkami, jako je na\u0161e obl\u00edben\u00e9 dim sum j\u00eddlo. Podle informac\u00ed od zam\u011bstnanc\u016f hotelu je restaurace pova\u017eov\u00e1na za jednu z nejlep\u0161\u00edch v Hongkongu.&nbsp;<em>Osteria Ristorante Italiano<\/em>pod\u00e1v\u00e1 j\u00eddla italsk\u00e9 jak k ob\u011bdu, tak i k ve\u010de\u0159i.&nbsp;<em>Hart&#8217;s At Golden Mile<\/em>je typick\u00fd bar se \u017eivou hudbou s v\u00fdborn\u00fdm v\u00fdb\u011brem n\u00e1poj\u016f a koktejl\u016f.<\/p>\n\n\n\n<figure class=\"wp-block-image is-resized\"><img loading=\"lazy\" src=\"https:\/\/www.travelanddine.info\/wp-content\/uploads\/2019\/02\/image-89.png\" alt=\"\" class=\"wp-image-1610\" width=\"531\" height=\"353\" srcset=\"https:\/\/www.travelanddine.info\/wp-content\/uploads\/2019\/02\/image-89.png 612w, https:\/\/www.travelanddine.info\/wp-content\/uploads\/2019\/02\/image-89-300x200.png 300w\" sizes=\"(max-width: 531px) 100vw, 531px\" \/><\/figure>\n\n\n\n<figure class=\"wp-block-image is-resized\"><img loading=\"lazy\" src=\"https:\/\/www.travelanddine.info\/wp-content\/uploads\/2019\/02\/image-90.png\" alt=\"\" class=\"wp-image-1611\" width=\"535\" height=\"356\" srcset=\"https:\/\/www.travelanddine.info\/wp-content\/uploads\/2019\/02\/image-90.png 550w, https:\/\/www.travelanddine.info\/wp-content\/uploads\/2019\/02\/image-90-300x200.png 300w\" sizes=\"(max-width: 535px) 100vw, 535px\" \/><\/figure>\n\n\n\n<p><em>Mo\u017enosti pro voln\u00fd \u010das<\/em><\/p>\n\n\n\n<p>Hotel m\u00e1 venkovn\u00ed baz\u00e9n se z\u00e1chrannou slu\u017ebou, saunu, parn\u00ed l\u00e1ze\u0148 a fitness centrum, stejn\u011b jako holi\u010dstv\u00ed a kosmetick\u00fd salon.<\/p>\n\n\n\n<p><em>Z\u00e1v\u011br<\/em><\/p>\n\n\n\n<p>Nejlep\u0161\u00ed pro : <\/p>\n\n\n\n<p>obrovsk\u00e1 postel a dobr\u00e9 centr\u00e1ln\u00ed um\u00edst\u011bn\u00ed v Tsim Sha Tsui<\/p>\n\n\n\n<p>neprop\u00e1sn\u011bte : <\/p>\n\n\n\n<p>restaurace Loong Yuen Cantonese<\/p>\n\n\n\n<p>Cena pokoje : <\/p>\n\n\n\n<p>190,- EUR \/ Premier Room<\/p>\n\n\n\n<p>Kontact : <\/p>\n\n\n\n<p><a rel=\"noreferrer noopener\" aria-label=\"https:\/\/www.ihg.com\/holidayinn\/hotels\/us\/en\/reservation (otev\u0159e se na nov\u00e9 z\u00e1lo\u017ece)\" href=\"https:\/\/www.ihg.com\/holidayinn\/hotels\/us\/en\/reservation\" target=\"_blank\">https:\/\/www.ihg.com\/holidayinn\/hotels\/us\/en\/reservation<\/a><\/p>\n\n\n\n<p>50 Nathan Road,Tsim Sha Tsui, Kowloon, Hong Kong<\/p>\n\n\n\n<p>Tel: 852 2369 3111<\/p>\n\n\n\n<p><\/p>\n","protected":false},"excerpt":{"rendered":"<p>Hotelov\u00fd \u0159et\u011bzec a v\u011brnostn\u00ed program. Celosv\u011btov\u00e1 hotelov\u00e1 s\u00ed\u0165 IHG InterContinental Hotel Group. V\u011brnostn\u00ed program je IHG Rewards Club loyalty program. Hotelov\u00e9 lobby Do hotelu jsme p\u0159ijeli brzy ve\u010der. Lobby nebylo obrovsk\u00e9, ale dostate\u010dn\u011b prostorn\u00e9 a p\u0159\u00edjemn\u011b vo\u0148av\u00e9. Person\u00e1l recepce byl&#8230;<\/p>\n","protected":false},"author":1,"featured_media":0,"parent":1155,"menu_order":0,"comment_status":"closed","ping_status":"closed","template":"","meta":[],"yoast_head":"<!-- This site is optimized with the Yoast SEO plugin v17.0 - https:\/\/yoast.com\/wordpress\/plugins\/seo\/ -->\n<title>HOLIDAY INN GOLDEN MILE HOTEL - Premium Travel&amp;Dine Info<\/title>\n<meta name=\"robots\" content=\"index, follow, max-snippet:-1, max-image-preview:large, max-video-preview:-1\" \/>\n<link rel=\"canonical\" href=\"https:\/\/www.travelanddine.info\/index.php\/hong-kong-hotely\/holiday-inn-golden-mile-hotel-cz\/\" \/>\n<meta property=\"og:locale\" content=\"cs_CZ\" \/>\n<meta property=\"og:type\" content=\"article\" \/>\n<meta property=\"og:title\" content=\"HOLIDAY INN GOLDEN MILE HOTEL - Premium Travel&amp;Dine Info\" \/>\n<meta property=\"og:description\" content=\"Hotelov\u00fd \u0159et\u011bzec a v\u011brnostn\u00ed program. Celosv\u011btov\u00e1 hotelov\u00e1 s\u00ed\u0165 IHG InterContinental Hotel Group. V\u011brnostn\u00ed program je IHG Rewards Club loyalty program. Hotelov\u00e9 lobby Do hotelu jsme p\u0159ijeli brzy ve\u010der. Lobby nebylo obrovsk\u00e9, ale dostate\u010dn\u011b prostorn\u00e9 a p\u0159\u00edjemn\u011b vo\u0148av\u00e9. Person\u00e1l recepce byl...\" \/>\n<meta property=\"og:url\" content=\"https:\/\/www.travelanddine.info\/index.php\/hong-kong-hotely\/holiday-inn-golden-mile-hotel-cz\/\" \/>\n<meta property=\"og:site_name\" content=\"Premium Travel&amp;Dine Info\" \/>\n<meta property=\"article:publisher\" content=\"http:\/\/www.facebook.com\/PremiumTravelAndDineInfo\" \/>\n<meta property=\"article:modified_time\" content=\"2019-07-09T21:35:40+00:00\" \/>\n<meta property=\"og:image\" content=\"http:\/\/www.travelanddine.info\/wp-content\/uploads\/2019\/02\/image-85.png\" \/>\n<meta name=\"twitter:card\" content=\"summary_large_image\" \/>\n<meta name=\"twitter:label1\" content=\"Odhadovan\u00e1 doba \u010dten\u00ed\" \/>\n\t<meta name=\"twitter:data1\" content=\"3 minuty\" \/>\n<script type=\"application\/ld+json\" class=\"yoast-schema-graph\">{\"@context\":\"https:\/\/schema.org\",\"@graph\":[{\"@type\":\"Organization\",\"@id\":\"https:\/\/www.travelanddine.info\/#organization\",\"name\":\"Premium Travel & Dine Info\",\"url\":\"https:\/\/www.travelanddine.info\/\",\"sameAs\":[\"http:\/\/www.facebook.com\/PremiumTravelAndDineInfo\",\"https:\/\/www.instagram.com\/premium_travel_and_dine_info\/\",\"https:\/\/www.youtube.com\/channel\/UCq4d7zmKK3AOuzDrR1p_2Qw\/featured?disable_polymer=1\"],\"logo\":{\"@type\":\"ImageObject\",\"@id\":\"https:\/\/www.travelanddine.info\/#logo\",\"inLanguage\":\"cs\",\"url\":\"https:\/\/www.travelanddine.info\/wp-content\/uploads\/2019\/01\/logo-premium-e1547240252292.jpg\",\"contentUrl\":\"https:\/\/www.travelanddine.info\/wp-content\/uploads\/2019\/01\/logo-premium-e1547240252292.jpg\",\"width\":1000,\"height\":406,\"caption\":\"Premium Travel & Dine Info\"},\"image\":{\"@id\":\"https:\/\/www.travelanddine.info\/#logo\"}},{\"@type\":\"WebSite\",\"@id\":\"https:\/\/www.travelanddine.info\/#website\",\"url\":\"https:\/\/www.travelanddine.info\/\",\"name\":\"Premium Travel&amp;Dine Info\",\"description\":\"tipy, doporu\\u010den\\u00ed, informace.. pro ty, kte\\u0159\\u00ed maj\\u00ed r\\u00e1di cestov\\u00e1n\\u00ed na vysok\\u00e9 \\u00farovni a skv\\u011bl\\u00e9 j\\u00eddlo\",\"publisher\":{\"@id\":\"https:\/\/www.travelanddine.info\/#organization\"},\"potentialAction\":[{\"@type\":\"SearchAction\",\"target\":{\"@type\":\"EntryPoint\",\"urlTemplate\":\"https:\/\/www.travelanddine.info\/?s={search_term_string}\"},\"query-input\":\"required name=search_term_string\"}],\"inLanguage\":\"cs\"},{\"@type\":\"ImageObject\",\"@id\":\"https:\/\/www.travelanddine.info\/index.php\/hong-kong-hotely\/holiday-inn-golden-mile-hotel-cz\/#primaryimage\",\"inLanguage\":\"cs\",\"url\":\"http:\/\/www.travelanddine.info\/wp-content\/uploads\/2019\/02\/image-85.png\",\"contentUrl\":\"http:\/\/www.travelanddine.info\/wp-content\/uploads\/2019\/02\/image-85.png\"},{\"@type\":\"WebPage\",\"@id\":\"https:\/\/www.travelanddine.info\/index.php\/hong-kong-hotely\/holiday-inn-golden-mile-hotel-cz\/#webpage\",\"url\":\"https:\/\/www.travelanddine.info\/index.php\/hong-kong-hotely\/holiday-inn-golden-mile-hotel-cz\/\",\"name\":\"HOLIDAY INN GOLDEN MILE HOTEL - Premium Travel&amp;Dine Info\",\"isPartOf\":{\"@id\":\"https:\/\/www.travelanddine.info\/#website\"},\"primaryImageOfPage\":{\"@id\":\"https:\/\/www.travelanddine.info\/index.php\/hong-kong-hotely\/holiday-inn-golden-mile-hotel-cz\/#primaryimage\"},\"datePublished\":\"2019-02-16T21:57:27+00:00\",\"dateModified\":\"2019-07-09T21:35:40+00:00\",\"breadcrumb\":{\"@id\":\"https:\/\/www.travelanddine.info\/index.php\/hong-kong-hotely\/holiday-inn-golden-mile-hotel-cz\/#breadcrumb\"},\"inLanguage\":\"cs\",\"potentialAction\":[{\"@type\":\"ReadAction\",\"target\":[\"https:\/\/www.travelanddine.info\/index.php\/hong-kong-hotely\/holiday-inn-golden-mile-hotel-cz\/\"]}]},{\"@type\":\"BreadcrumbList\",\"@id\":\"https:\/\/www.travelanddine.info\/index.php\/hong-kong-hotely\/holiday-inn-golden-mile-hotel-cz\/#breadcrumb\",\"itemListElement\":[{\"@type\":\"ListItem\",\"position\":1,\"name\":\"Dom\\u016f\",\"item\":\"https:\/\/www.travelanddine.info\/index.php\/en\/home\/\"},{\"@type\":\"ListItem\",\"position\":2,\"name\":\"Hong Kong\",\"item\":\"https:\/\/www.travelanddine.info\/index.php\/hong-kong-hotely\/\"},{\"@type\":\"ListItem\",\"position\":3,\"name\":\"HOLIDAY INN GOLDEN MILE HOTEL\"}]}]}<\/script>\n<!-- \/ Yoast SEO plugin. -->","yoast_head_json":{"title":"HOLIDAY INN GOLDEN MILE HOTEL - Premium Travel&amp;Dine Info","robots":{"index":"index","follow":"follow","max-snippet":"max-snippet:-1","max-image-preview":"max-image-preview:large","max-video-preview":"max-video-preview:-1"},"canonical":"https:\/\/www.travelanddine.info\/index.php\/hong-kong-hotely\/holiday-inn-golden-mile-hotel-cz\/","og_locale":"cs_CZ","og_type":"article","og_title":"HOLIDAY INN GOLDEN MILE HOTEL - Premium Travel&amp;Dine Info","og_description":"Hotelov\u00fd \u0159et\u011bzec a v\u011brnostn\u00ed program. Celosv\u011btov\u00e1 hotelov\u00e1 s\u00ed\u0165 IHG InterContinental Hotel Group. V\u011brnostn\u00ed program je IHG Rewards Club loyalty program. Hotelov\u00e9 lobby Do hotelu jsme p\u0159ijeli brzy ve\u010der. Lobby nebylo obrovsk\u00e9, ale dostate\u010dn\u011b prostorn\u00e9 a p\u0159\u00edjemn\u011b vo\u0148av\u00e9. Person\u00e1l recepce byl...","og_url":"https:\/\/www.travelanddine.info\/index.php\/hong-kong-hotely\/holiday-inn-golden-mile-hotel-cz\/","og_site_name":"Premium Travel&amp;Dine Info","article_publisher":"http:\/\/www.facebook.com\/PremiumTravelAndDineInfo","article_modified_time":"2019-07-09T21:35:40+00:00","og_image":[{"url":"http:\/\/www.travelanddine.info\/wp-content\/uploads\/2019\/02\/image-85.png"}],"twitter_card":"summary_large_image","twitter_misc":{"Odhadovan\u00e1 doba \u010dten\u00ed":"3 minuty"},"schema":{"@context":"https:\/\/schema.org","@graph":[{"@type":"Organization","@id":"https:\/\/www.travelanddine.info\/#organization","name":"Premium Travel & Dine Info","url":"https:\/\/www.travelanddine.info\/","sameAs":["http:\/\/www.facebook.com\/PremiumTravelAndDineInfo","https:\/\/www.instagram.com\/premium_travel_and_dine_info\/","https:\/\/www.youtube.com\/channel\/UCq4d7zmKK3AOuzDrR1p_2Qw\/featured?disable_polymer=1"],"logo":{"@type":"ImageObject","@id":"https:\/\/www.travelanddine.info\/#logo","inLanguage":"cs","url":"https:\/\/www.travelanddine.info\/wp-content\/uploads\/2019\/01\/logo-premium-e1547240252292.jpg","contentUrl":"https:\/\/www.travelanddine.info\/wp-content\/uploads\/2019\/01\/logo-premium-e1547240252292.jpg","width":1000,"height":406,"caption":"Premium Travel & Dine Info"},"image":{"@id":"https:\/\/www.travelanddine.info\/#logo"}},{"@type":"WebSite","@id":"https:\/\/www.travelanddine.info\/#website","url":"https:\/\/www.travelanddine.info\/","name":"Premium Travel&amp;Dine Info","description":"tipy, doporu\u010den\u00ed, informace.. pro ty, kte\u0159\u00ed maj\u00ed r\u00e1di cestov\u00e1n\u00ed na vysok\u00e9 \u00farovni a skv\u011bl\u00e9 j\u00eddlo","publisher":{"@id":"https:\/\/www.travelanddine.info\/#organization"},"potentialAction":[{"@type":"SearchAction","target":{"@type":"EntryPoint","urlTemplate":"https:\/\/www.travelanddine.info\/?s={search_term_string}"},"query-input":"required name=search_term_string"}],"inLanguage":"cs"},{"@type":"ImageObject","@id":"https:\/\/www.travelanddine.info\/index.php\/hong-kong-hotely\/holiday-inn-golden-mile-hotel-cz\/#primaryimage","inLanguage":"cs","url":"http:\/\/www.travelanddine.info\/wp-content\/uploads\/2019\/02\/image-85.png","contentUrl":"http:\/\/www.travelanddine.info\/wp-content\/uploads\/2019\/02\/image-85.png"},{"@type":"WebPage","@id":"https:\/\/www.travelanddine.info\/index.php\/hong-kong-hotely\/holiday-inn-golden-mile-hotel-cz\/#webpage","url":"https:\/\/www.travelanddine.info\/index.php\/hong-kong-hotely\/holiday-inn-golden-mile-hotel-cz\/","name":"HOLIDAY INN GOLDEN MILE HOTEL - Premium Travel&amp;Dine Info","isPartOf":{"@id":"https:\/\/www.travelanddine.info\/#website"},"primaryImageOfPage":{"@id":"https:\/\/www.travelanddine.info\/index.php\/hong-kong-hotely\/holiday-inn-golden-mile-hotel-cz\/#primaryimage"},"datePublished":"2019-02-16T21:57:27+00:00","dateModified":"2019-07-09T21:35:40+00:00","breadcrumb":{"@id":"https:\/\/www.travelanddine.info\/index.php\/hong-kong-hotely\/holiday-inn-golden-mile-hotel-cz\/#breadcrumb"},"inLanguage":"cs","potentialAction":[{"@type":"ReadAction","target":["https:\/\/www.travelanddine.info\/index.php\/hong-kong-hotely\/holiday-inn-golden-mile-hotel-cz\/"]}]},{"@type":"BreadcrumbList","@id":"https:\/\/www.travelanddine.info\/index.php\/hong-kong-hotely\/holiday-inn-golden-mile-hotel-cz\/#breadcrumb","itemListElement":[{"@type":"ListItem","position":1,"name":"Dom\u016f","item":"https:\/\/www.travelanddine.info\/index.php\/en\/home\/"},{"@type":"ListItem","position":2,"name":"Hong Kong","item":"https:\/\/www.travelanddine.info\/index.php\/hong-kong-hotely\/"},{"@type":"ListItem","position":3,"name":"HOLIDAY INN GOLDEN MILE HOTEL"}]}]}},"_links":{"self":[{"href":"https:\/\/www.travelanddine.info\/index.php\/wp-json\/wp\/v2\/pages\/1605"}],"collection":[{"href":"https:\/\/www.travelanddine.info\/index.php\/wp-json\/wp\/v2\/pages"}],"about":[{"href":"https:\/\/www.travelanddine.info\/index.php\/wp-json\/wp\/v2\/types\/page"}],"author":[{"embeddable":true,"href":"https:\/\/www.travelanddine.info\/index.php\/wp-json\/wp\/v2\/users\/1"}],"replies":[{"embeddable":true,"href":"https:\/\/www.travelanddine.info\/index.php\/wp-json\/wp\/v2\/comments?post=1605"}],"version-history":[{"count":5,"href":"https:\/\/www.travelanddine.info\/index.php\/wp-json\/wp\/v2\/pages\/1605\/revisions"}],"predecessor-version":[{"id":3411,"href":"https:\/\/www.travelanddine.info\/index.php\/wp-json\/wp\/v2\/pages\/1605\/revisions\/3411"}],"up":[{"embeddable":true,"href":"https:\/\/www.travelanddine.info\/index.php\/wp-json\/wp\/v2\/pages\/1155"}],"wp:attachment":[{"href":"https:\/\/www.travelanddine.info\/index.php\/wp-json\/wp\/v2\/media?parent=1605"}],"curies":[{"name":"wp","href":"https:\/\/api.w.org\/{rel}","templated":true}]}}