{"id":1626,"date":"2019-02-16T22:04:41","date_gmt":"2019-02-16T22:04:41","guid":{"rendered":"http:\/\/www.travelanddine.info\/?page_id=1626"},"modified":"2021-05-18T13:02:04","modified_gmt":"2021-05-18T13:02:04","slug":"singapur","status":"publish","type":"page","link":"https:\/\/www.travelanddine.info\/index.php\/singapur\/","title":{"rendered":"Singapur"},"content":{"rendered":"\n<figure class=\"wp-block-image\"><img loading=\"lazy\" width=\"1024\" height=\"703\" src=\"https:\/\/www.travelanddine.info\/wp-content\/uploads\/2019\/07\/singapore-1024x703.jpg\" alt=\"\" class=\"wp-image-2513\" srcset=\"https:\/\/www.travelanddine.info\/wp-content\/uploads\/2019\/07\/singapore-1024x703.jpg 1024w, https:\/\/www.travelanddine.info\/wp-content\/uploads\/2019\/07\/singapore-300x206.jpg 300w, https:\/\/www.travelanddine.info\/wp-content\/uploads\/2019\/07\/singapore-768x527.jpg 768w, https:\/\/www.travelanddine.info\/wp-content\/uploads\/2019\/07\/singapore.jpg 1920w\" sizes=\"(max-width: 1024px) 100vw, 1024px\" \/><\/figure>\n\n\n\n<hr class=\"wp-block-separator\"\/>\n\n\n\n<div class=\"wp-block-image\"><figure class=\"aligncenter size-large\"><img loading=\"lazy\" width=\"1024\" height=\"84\" src=\"https:\/\/www.travelanddine.info\/wp-content\/uploads\/2021\/05\/NAVSTIVENE-HOTELY-CZE-2-1024x84.png\" alt=\"\" class=\"wp-image-4148\" srcset=\"https:\/\/www.travelanddine.info\/wp-content\/uploads\/2021\/05\/NAVSTIVENE-HOTELY-CZE-2-1024x84.png 1024w, https:\/\/www.travelanddine.info\/wp-content\/uploads\/2021\/05\/NAVSTIVENE-HOTELY-CZE-2-300x24.png 300w, https:\/\/www.travelanddine.info\/wp-content\/uploads\/2021\/05\/NAVSTIVENE-HOTELY-CZE-2-768x63.png 768w, https:\/\/www.travelanddine.info\/wp-content\/uploads\/2021\/05\/NAVSTIVENE-HOTELY-CZE-2.png 1250w\" sizes=\"(max-width: 1024px) 100vw, 1024px\" \/><\/figure><\/div>\n\n\n\n<div class=\"wp-block-columns has-2-columns\">\n<div class=\"wp-block-column\">\n<figure class=\"wp-block-image size-large\"><a href=\"https:\/\/www.travelanddine.info\/index.php\/indigo-hotel\/\"><img loading=\"lazy\" width=\"770\" height=\"189\" src=\"https:\/\/www.travelanddine.info\/wp-content\/uploads\/2021\/05\/INDIGO-sin-CZ.png\" alt=\"\" class=\"wp-image-4156\" srcset=\"https:\/\/www.travelanddine.info\/wp-content\/uploads\/2021\/05\/INDIGO-sin-CZ.png 770w, https:\/\/www.travelanddine.info\/wp-content\/uploads\/2021\/05\/INDIGO-sin-CZ-300x74.png 300w, https:\/\/www.travelanddine.info\/wp-content\/uploads\/2021\/05\/INDIGO-sin-CZ-768x189.png 768w\" sizes=\"(max-width: 770px) 100vw, 770px\" \/><\/a><\/figure>\n<\/div>\n\n\n\n<div class=\"wp-block-column\">\n<figure class=\"wp-block-image size-large\"><a href=\"https:\/\/www.travelanddine.info\/index.php\/singapur\/marina-bay-sands-hotel\/\"><img loading=\"lazy\" width=\"770\" height=\"189\" src=\"https:\/\/www.travelanddine.info\/wp-content\/uploads\/2021\/05\/MARINA-BAY-SIN-CZ.png\" alt=\"\" class=\"wp-image-4154\" srcset=\"https:\/\/www.travelanddine.info\/wp-content\/uploads\/2021\/05\/MARINA-BAY-SIN-CZ.png 770w, https:\/\/www.travelanddine.info\/wp-content\/uploads\/2021\/05\/MARINA-BAY-SIN-CZ-300x74.png 300w, https:\/\/www.travelanddine.info\/wp-content\/uploads\/2021\/05\/MARINA-BAY-SIN-CZ-768x189.png 768w\" sizes=\"(max-width: 770px) 100vw, 770px\" \/><\/a><\/figure>\n<\/div>\n<\/div>\n\n\n\n<hr class=\"wp-block-separator\"\/>\n\n\n\n<figure class=\"wp-block-image size-large is-resized\"><img loading=\"lazy\" src=\"https:\/\/www.travelanddine.info\/wp-content\/uploads\/2021\/05\/OSTATNI-HOTELY-CZE-2-1024x39.png\" alt=\"\" class=\"wp-image-4151\" width=\"840\" height=\"31\" srcset=\"https:\/\/www.travelanddine.info\/wp-content\/uploads\/2021\/05\/OSTATNI-HOTELY-CZE-2-1024x39.png 1024w, https:\/\/www.travelanddine.info\/wp-content\/uploads\/2021\/05\/OSTATNI-HOTELY-CZE-2-300x12.png 300w, https:\/\/www.travelanddine.info\/wp-content\/uploads\/2021\/05\/OSTATNI-HOTELY-CZE-2-768x29.png 768w, https:\/\/www.travelanddine.info\/wp-content\/uploads\/2021\/05\/OSTATNI-HOTELY-CZE-2.png 1250w\" sizes=\"(max-width: 840px) 100vw, 840px\" \/><\/figure>\n\n\n\n<div class=\"wp-block-columns has-2-columns\">\n<div class=\"wp-block-column\"><\/div>\n\n\n\n<div class=\"wp-block-column\"><\/div>\n<\/div>\n\n\n\n<figure class=\"wp-block-table\"><table><tbody><tr><td><\/td><td class=\"has-text-align-center\" data-align=\"center\"><\/td><\/tr><tr><td>H<\/td><td class=\"has-text-align-center\" data-align=\"center\">FULLERTON BAY<\/td><\/tr><tr><td>H<\/td><td class=\"has-text-align-center\" data-align=\"center\">MANDARIN ORIENTAL<\/td><\/tr><tr><td>H<\/td><td class=\"has-text-align-center\" data-align=\"center\">FOUR SEASONS<\/td><\/tr><tr><td>H<\/td><td class=\"has-text-align-center\" data-align=\"center\">ST. REGIS<\/td><\/tr><tr><td>H<\/td><td class=\"has-text-align-center\" data-align=\"center\">MARINA BAY SANDS<\/td><\/tr><tr><td>H<\/td><td class=\"has-text-align-center\" data-align=\"center\">FULLERTON&nbsp;&nbsp;&nbsp;<\/td><\/tr><tr><td>H<\/td><td class=\"has-text-align-center\" data-align=\"center\">THE RITZ-CARLTON MILENIA<\/td><\/tr><tr><td>H<\/td><td class=\"has-text-align-center\" data-align=\"center\">RESORTS WORLD SENTOSA &#8211; BEACH VILLAS<\/td><\/tr><tr><td>H<\/td><td class=\"has-text-align-center\" data-align=\"center\">SOFITEL CITY CENTRE<\/td><\/tr><tr><td>H<\/td><td class=\"has-text-align-center\" data-align=\"center\">SHANGRI-LA<\/td><\/tr><tr><td>H<\/td><td class=\"has-text-align-center\" data-align=\"center\">CONRAD CENTENNIAL<\/td><\/tr><tr><td>H<\/td><td class=\"has-text-align-center\" data-align=\"center\">ANDAZ<\/td><\/tr><tr><td>H<\/td><td class=\"has-text-align-center\" data-align=\"center\">W SINGAPORE<\/td><\/tr><tr><td>H<\/td><td class=\"has-text-align-center\" data-align=\"center\">PAN PACIFIC<\/td><\/tr><tr><td>H<\/td><td class=\"has-text-align-center\" data-align=\"center\">SHANGRI-LA RASA SENTOSA RESORT &amp; SPA<\/td><\/tr><tr><td>H<\/td><td class=\"has-text-align-center\" data-align=\"center\">INTERCONTINENTAL<\/td><\/tr><tr><td>H<\/td><td class=\"has-text-align-center\" data-align=\"center\">GRAND HYATT<\/td><\/tr><tr><td>H<\/td><td class=\"has-text-align-center\" data-align=\"center\">THE WESTIN&nbsp;<\/td><\/tr><tr><td>H<\/td><td class=\"has-text-align-center\" data-align=\"center\">NOVOTEL CLARK QUAY<\/td><\/tr><tr><td>H<\/td><td class=\"has-text-align-center\" data-align=\"center\">JW MARRIOTT SOUTH BEACH<\/td><\/tr><tr><td>H<\/td><td class=\"has-text-align-center\" data-align=\"center\">SOFITEL SENTOSA RESORT &amp; SPA<\/td><\/tr><tr><td>H<\/td><td class=\"has-text-align-center\" data-align=\"center\">MARINA MANDARIN<\/td><\/tr><tr><td>H<\/td><td class=\"has-text-align-center\" data-align=\"center\">CARLTON<\/td><\/tr><tr><td>H<\/td><td class=\"has-text-align-center\" data-align=\"center\">SO SOFITEL<\/td><\/tr><tr><td>H<\/td><td class=\"has-text-align-center\" data-align=\"center\">HILTON<\/td><\/tr><tr><td>H<\/td><td class=\"has-text-align-center\" data-align=\"center\">LE MERIDIEN SENTOSA<\/td><\/tr><tr><td>H<\/td><td class=\"has-text-align-center\" data-align=\"center\">SHERATON TOWERS<\/td><\/tr><tr><td>H<\/td><td class=\"has-text-align-center\" data-align=\"center\">SWISSOTEL MERCHANT COURT<\/td><\/tr><\/tbody><\/table><\/figure>\n","protected":false},"excerpt":{"rendered":"<p>H FULLERTON BAY H MANDARIN ORIENTAL H FOUR SEASONS H ST. REGIS H MARINA BAY SANDS H FULLERTON&nbsp;&nbsp;&nbsp; H THE RITZ-CARLTON MILENIA H RESORTS WORLD SENTOSA &#8211; BEACH VILLAS H SOFITEL CITY CENTRE H SHANGRI-LA H CONRAD CENTENNIAL H ANDAZ&#8230;<\/p>\n","protected":false},"author":1,"featured_media":0,"parent":0,"menu_order":0,"comment_status":"closed","ping_status":"closed","template":"","meta":[],"yoast_head":"<!-- This site is optimized with the Yoast SEO plugin v17.0 - https:\/\/yoast.com\/wordpress\/plugins\/seo\/ -->\n<title>Singapur - Premium Travel&amp;Dine Info<\/title>\n<meta name=\"robots\" content=\"index, follow, max-snippet:-1, max-image-preview:large, max-video-preview:-1\" \/>\n<link rel=\"canonical\" href=\"https:\/\/www.travelanddine.info\/index.php\/singapur\/\" \/>\n<meta property=\"og:locale\" content=\"cs_CZ\" \/>\n<meta property=\"og:type\" content=\"article\" \/>\n<meta property=\"og:title\" content=\"Singapur - Premium Travel&amp;Dine Info\" \/>\n<meta property=\"og:description\" content=\"H FULLERTON BAY H MANDARIN ORIENTAL H FOUR SEASONS H ST. REGIS H MARINA BAY SANDS H FULLERTON&nbsp;&nbsp;&nbsp; H THE RITZ-CARLTON MILENIA H RESORTS WORLD SENTOSA &#8211; BEACH VILLAS H SOFITEL CITY CENTRE H SHANGRI-LA H CONRAD CENTENNIAL H ANDAZ...\" \/>\n<meta property=\"og:url\" content=\"https:\/\/www.travelanddine.info\/index.php\/singapur\/\" \/>\n<meta property=\"og:site_name\" content=\"Premium Travel&amp;Dine Info\" \/>\n<meta property=\"article:publisher\" content=\"http:\/\/www.facebook.com\/PremiumTravelAndDineInfo\" \/>\n<meta property=\"article:modified_time\" content=\"2021-05-18T13:02:04+00:00\" \/>\n<meta property=\"og:image\" content=\"http:\/\/www.travelanddine.info\/wp-content\/uploads\/2019\/07\/singapore-1024x703.jpg\" \/>\n<meta name=\"twitter:card\" content=\"summary_large_image\" \/>\n<meta name=\"twitter:label1\" content=\"Odhadovan\u00e1 doba \u010dten\u00ed\" \/>\n\t<meta name=\"twitter:data1\" content=\"2 minuty\" \/>\n<script type=\"application\/ld+json\" class=\"yoast-schema-graph\">{\"@context\":\"https:\/\/schema.org\",\"@graph\":[{\"@type\":\"Organization\",\"@id\":\"https:\/\/www.travelanddine.info\/#organization\",\"name\":\"Premium Travel & Dine Info\",\"url\":\"https:\/\/www.travelanddine.info\/\",\"sameAs\":[\"http:\/\/www.facebook.com\/PremiumTravelAndDineInfo\",\"https:\/\/www.instagram.com\/premium_travel_and_dine_info\/\",\"https:\/\/www.youtube.com\/channel\/UCq4d7zmKK3AOuzDrR1p_2Qw\/featured?disable_polymer=1\"],\"logo\":{\"@type\":\"ImageObject\",\"@id\":\"https:\/\/www.travelanddine.info\/#logo\",\"inLanguage\":\"cs\",\"url\":\"https:\/\/www.travelanddine.info\/wp-content\/uploads\/2019\/01\/logo-premium-e1547240252292.jpg\",\"contentUrl\":\"https:\/\/www.travelanddine.info\/wp-content\/uploads\/2019\/01\/logo-premium-e1547240252292.jpg\",\"width\":1000,\"height\":406,\"caption\":\"Premium Travel & Dine Info\"},\"image\":{\"@id\":\"https:\/\/www.travelanddine.info\/#logo\"}},{\"@type\":\"WebSite\",\"@id\":\"https:\/\/www.travelanddine.info\/#website\",\"url\":\"https:\/\/www.travelanddine.info\/\",\"name\":\"Premium Travel&amp;Dine Info\",\"description\":\"tipy, doporu\\u010den\\u00ed, informace.. pro ty, kte\\u0159\\u00ed maj\\u00ed r\\u00e1di cestov\\u00e1n\\u00ed na vysok\\u00e9 \\u00farovni a skv\\u011bl\\u00e9 j\\u00eddlo\",\"publisher\":{\"@id\":\"https:\/\/www.travelanddine.info\/#organization\"},\"potentialAction\":[{\"@type\":\"SearchAction\",\"target\":{\"@type\":\"EntryPoint\",\"urlTemplate\":\"https:\/\/www.travelanddine.info\/?s={search_term_string}\"},\"query-input\":\"required name=search_term_string\"}],\"inLanguage\":\"cs\"},{\"@type\":\"ImageObject\",\"@id\":\"https:\/\/www.travelanddine.info\/index.php\/singapur\/#primaryimage\",\"inLanguage\":\"cs\",\"url\":\"http:\/\/www.travelanddine.info\/wp-content\/uploads\/2019\/07\/singapore-1024x703.jpg\",\"contentUrl\":\"http:\/\/www.travelanddine.info\/wp-content\/uploads\/2019\/07\/singapore-1024x703.jpg\"},{\"@type\":\"WebPage\",\"@id\":\"https:\/\/www.travelanddine.info\/index.php\/singapur\/#webpage\",\"url\":\"https:\/\/www.travelanddine.info\/index.php\/singapur\/\",\"name\":\"Singapur - Premium Travel&amp;Dine Info\",\"isPartOf\":{\"@id\":\"https:\/\/www.travelanddine.info\/#website\"},\"primaryImageOfPage\":{\"@id\":\"https:\/\/www.travelanddine.info\/index.php\/singapur\/#primaryimage\"},\"datePublished\":\"2019-02-16T22:04:41+00:00\",\"dateModified\":\"2021-05-18T13:02:04+00:00\",\"breadcrumb\":{\"@id\":\"https:\/\/www.travelanddine.info\/index.php\/singapur\/#breadcrumb\"},\"inLanguage\":\"cs\",\"potentialAction\":[{\"@type\":\"ReadAction\",\"target\":[\"https:\/\/www.travelanddine.info\/index.php\/singapur\/\"]}]},{\"@type\":\"BreadcrumbList\",\"@id\":\"https:\/\/www.travelanddine.info\/index.php\/singapur\/#breadcrumb\",\"itemListElement\":[{\"@type\":\"ListItem\",\"position\":1,\"name\":\"Dom\\u016f\",\"item\":\"https:\/\/www.travelanddine.info\/index.php\/en\/home\/\"},{\"@type\":\"ListItem\",\"position\":2,\"name\":\"Singapur\"}]}]}<\/script>\n<!-- \/ Yoast SEO plugin. -->","yoast_head_json":{"title":"Singapur - Premium Travel&amp;Dine Info","robots":{"index":"index","follow":"follow","max-snippet":"max-snippet:-1","max-image-preview":"max-image-preview:large","max-video-preview":"max-video-preview:-1"},"canonical":"https:\/\/www.travelanddine.info\/index.php\/singapur\/","og_locale":"cs_CZ","og_type":"article","og_title":"Singapur - Premium Travel&amp;Dine Info","og_description":"H FULLERTON BAY H MANDARIN ORIENTAL H FOUR SEASONS H ST. REGIS H MARINA BAY SANDS H FULLERTON&nbsp;&nbsp;&nbsp; H THE RITZ-CARLTON MILENIA H RESORTS WORLD SENTOSA &#8211; BEACH VILLAS H SOFITEL CITY CENTRE H SHANGRI-LA H CONRAD CENTENNIAL H ANDAZ...","og_url":"https:\/\/www.travelanddine.info\/index.php\/singapur\/","og_site_name":"Premium Travel&amp;Dine Info","article_publisher":"http:\/\/www.facebook.com\/PremiumTravelAndDineInfo","article_modified_time":"2021-05-18T13:02:04+00:00","og_image":[{"url":"http:\/\/www.travelanddine.info\/wp-content\/uploads\/2019\/07\/singapore-1024x703.jpg"}],"twitter_card":"summary_large_image","twitter_misc":{"Odhadovan\u00e1 doba \u010dten\u00ed":"2 minuty"},"schema":{"@context":"https:\/\/schema.org","@graph":[{"@type":"Organization","@id":"https:\/\/www.travelanddine.info\/#organization","name":"Premium Travel & Dine Info","url":"https:\/\/www.travelanddine.info\/","sameAs":["http:\/\/www.facebook.com\/PremiumTravelAndDineInfo","https:\/\/www.instagram.com\/premium_travel_and_dine_info\/","https:\/\/www.youtube.com\/channel\/UCq4d7zmKK3AOuzDrR1p_2Qw\/featured?disable_polymer=1"],"logo":{"@type":"ImageObject","@id":"https:\/\/www.travelanddine.info\/#logo","inLanguage":"cs","url":"https:\/\/www.travelanddine.info\/wp-content\/uploads\/2019\/01\/logo-premium-e1547240252292.jpg","contentUrl":"https:\/\/www.travelanddine.info\/wp-content\/uploads\/2019\/01\/logo-premium-e1547240252292.jpg","width":1000,"height":406,"caption":"Premium Travel & Dine Info"},"image":{"@id":"https:\/\/www.travelanddine.info\/#logo"}},{"@type":"WebSite","@id":"https:\/\/www.travelanddine.info\/#website","url":"https:\/\/www.travelanddine.info\/","name":"Premium Travel&amp;Dine Info","description":"tipy, doporu\u010den\u00ed, informace.. pro ty, kte\u0159\u00ed maj\u00ed r\u00e1di cestov\u00e1n\u00ed na vysok\u00e9 \u00farovni a skv\u011bl\u00e9 j\u00eddlo","publisher":{"@id":"https:\/\/www.travelanddine.info\/#organization"},"potentialAction":[{"@type":"SearchAction","target":{"@type":"EntryPoint","urlTemplate":"https:\/\/www.travelanddine.info\/?s={search_term_string}"},"query-input":"required name=search_term_string"}],"inLanguage":"cs"},{"@type":"ImageObject","@id":"https:\/\/www.travelanddine.info\/index.php\/singapur\/#primaryimage","inLanguage":"cs","url":"http:\/\/www.travelanddine.info\/wp-content\/uploads\/2019\/07\/singapore-1024x703.jpg","contentUrl":"http:\/\/www.travelanddine.info\/wp-content\/uploads\/2019\/07\/singapore-1024x703.jpg"},{"@type":"WebPage","@id":"https:\/\/www.travelanddine.info\/index.php\/singapur\/#webpage","url":"https:\/\/www.travelanddine.info\/index.php\/singapur\/","name":"Singapur - Premium Travel&amp;Dine Info","isPartOf":{"@id":"https:\/\/www.travelanddine.info\/#website"},"primaryImageOfPage":{"@id":"https:\/\/www.travelanddine.info\/index.php\/singapur\/#primaryimage"},"datePublished":"2019-02-16T22:04:41+00:00","dateModified":"2021-05-18T13:02:04+00:00","breadcrumb":{"@id":"https:\/\/www.travelanddine.info\/index.php\/singapur\/#breadcrumb"},"inLanguage":"cs","potentialAction":[{"@type":"ReadAction","target":["https:\/\/www.travelanddine.info\/index.php\/singapur\/"]}]},{"@type":"BreadcrumbList","@id":"https:\/\/www.travelanddine.info\/index.php\/singapur\/#breadcrumb","itemListElement":[{"@type":"ListItem","position":1,"name":"Dom\u016f","item":"https:\/\/www.travelanddine.info\/index.php\/en\/home\/"},{"@type":"ListItem","position":2,"name":"Singapur"}]}]}},"_links":{"self":[{"href":"https:\/\/www.travelanddine.info\/index.php\/wp-json\/wp\/v2\/pages\/1626"}],"collection":[{"href":"https:\/\/www.travelanddine.info\/index.php\/wp-json\/wp\/v2\/pages"}],"about":[{"href":"https:\/\/www.travelanddine.info\/index.php\/wp-json\/wp\/v2\/types\/page"}],"author":[{"embeddable":true,"href":"https:\/\/www.travelanddine.info\/index.php\/wp-json\/wp\/v2\/users\/1"}],"replies":[{"embeddable":true,"href":"https:\/\/www.travelanddine.info\/index.php\/wp-json\/wp\/v2\/comments?post=1626"}],"version-history":[{"count":17,"href":"https:\/\/www.travelanddine.info\/index.php\/wp-json\/wp\/v2\/pages\/1626\/revisions"}],"predecessor-version":[{"id":4163,"href":"https:\/\/www.travelanddine.info\/index.php\/wp-json\/wp\/v2\/pages\/1626\/revisions\/4163"}],"wp:attachment":[{"href":"https:\/\/www.travelanddine.info\/index.php\/wp-json\/wp\/v2\/media?parent=1626"}],"curies":[{"name":"wp","href":"https:\/\/api.w.org\/{rel}","templated":true}]}}