{"id":1636,"date":"2019-02-16T22:12:13","date_gmt":"2019-02-16T22:12:13","guid":{"rendered":"http:\/\/www.travelanddine.info\/?page_id=1636"},"modified":"2019-07-09T21:37:39","modified_gmt":"2019-07-09T21:37:39","slug":"novotel-clarke-quay","status":"publish","type":"page","link":"https:\/\/www.travelanddine.info\/index.php\/singapur\/novotel-clarke-quay\/","title":{"rendered":"NOVOTEL CLARKE QUAY"},"content":{"rendered":"\n<p><em>Hotelov\u00fd \u0159et\u011bzec a v\u011brnostn\u00ed program<\/em><\/p>\n\n\n\n<p>Accor Hotels, jeden z hlavn\u00edch sv\u011btov\u00fdch hotelov\u00fdch \u0159et\u011bzc\u016f. Pou\u017eijte v\u011brnostn\u00ed program Le Club Accor.<\/p>\n\n\n\n<figure class=\"wp-block-image\"><img loading=\"lazy\" width=\"574\" height=\"323\" src=\"https:\/\/www.travelanddine.info\/wp-content\/uploads\/2019\/02\/image-97.png\" alt=\"\" class=\"wp-image-1637\" srcset=\"https:\/\/www.travelanddine.info\/wp-content\/uploads\/2019\/02\/image-97.png 574w, https:\/\/www.travelanddine.info\/wp-content\/uploads\/2019\/02\/image-97-300x169.png 300w\" sizes=\"(max-width: 574px) 100vw, 574px\" \/><\/figure>\n\n\n\n<p><em>Hotelov\u00e9 lobby<\/em><\/p>\n\n\n\n<p>Lobby nen\u00ed p\u0159\u00edli\u0161 velk\u00e9, ale pln\u011b funk\u010dn\u00ed a modern\u00ed m\u00edsto pro recepci, slu\u017eby concierge, zavazadlov\u00fd servis a sm\u011bn\u00e1rnu. Do hotelu jsme p\u0159i\u0161li odpoledne a na\u0161e odbaven\u00ed prob\u011bhlo rychle a bez probl\u00e9m\u016f. Person\u00e1l byl p\u0159\u00e1telsk\u00fd a zdvo\u0159il\u00fd. Z hotelov\u00e9ho lobby je p\u0159\u00edstup do Le Bar Rouge a restaurace The Square Restaurant. Tak jako b\u00fdv\u00e1 zvykem v hotelech \u0159et\u011bzce Accor, v lobby se nach\u00e1z\u00ed tak\u00e9 koutek s po\u010d\u00edta\u010di, kter\u00e9 jsou host\u016fm k dispozici.<\/p>\n\n\n\n<figure class=\"wp-block-image\"><img loading=\"lazy\" width=\"612\" height=\"353\" src=\"https:\/\/www.travelanddine.info\/wp-content\/uploads\/2019\/02\/image-98.png\" alt=\"\" class=\"wp-image-1638\" srcset=\"https:\/\/www.travelanddine.info\/wp-content\/uploads\/2019\/02\/image-98.png 612w, https:\/\/www.travelanddine.info\/wp-content\/uploads\/2019\/02\/image-98-300x173.png 300w\" sizes=\"(max-width: 612px) 100vw, 612px\" \/><\/figure>\n\n\n\n<p><em>Um\u00edst\u011bn\u00ed hotelu<\/em><\/p>\n\n\n\n<p>Hotel se nach\u00e1z\u00ed v \u010d\u00e1sti Clarke Quay v centru m\u011bsta. Mezin\u00e1rodn\u00ed leti\u0161t\u011b Changi je vzd\u00e1len\u00e9 asi 30 minut j\u00edzdy. Clarke Quay se nach\u00e1z\u00ed na b\u0159ehu \u0159eky Singapur. Tato oblast je m\u00edstem \u017eiv\u00e9ho no\u010dn\u00edho \u017eivota s \u0159adou dobr\u00fdch restaurac\u00ed a bar\u016f. Je to jen 5 minut ch\u016fze od nejbli\u017e\u0161\u00ed stanice MRT nebo p\u016fl hodiny ch\u016fze k ikonick\u00e9 font\u00e1n\u011b Merlion \u2013 symbolu m\u011bsta Singapur.&nbsp;<\/p>\n\n\n\n<p><em>Hotelov\u00fd pokoj<\/em><\/p>\n\n\n\n<p>Hotel m\u00e1 v\u00edce ne\u017e 400 pokoj\u016f a apartm\u00e1n\u016f. N\u00e1\u0161 pokoj Superior o rozloze 32m2 byl dostate\u010dn\u011b prostorn\u00fd. Je za\u0159\u00edzen\u00fd v jednoduch\u00e9m a modern\u00edm stylu a je lad\u011bn do sv\u011btl\u00fdch barev. Nejv\u011bt\u0161\u00edm plusem pokoje je balkon, kter\u00fd je v dne\u0161n\u00ed dob\u011b v m\u011bstsk\u00fdch hotelech velmi vz\u00e1cn\u00fd, ale za to velmi oceniteln\u00fd. Pokoj je vybaven pohodln\u00fdmi postelemi, pracovn\u00edm stolem se \u017eidl\u00ed, malou pohovkou, velkou plochou TV s DVD p\u0159ehr\u00e1va\u010dem, minibarem, rychlovarnou konvic\u00ed a \u0161atn\u00ed sk\u0159\u00edn\u00ed s trezorem. Koupelna nen\u00ed p\u0159\u00edli\u0161 velk\u00e1 a je vybavena vanou, sprchov\u00fdm koutem a toaletou. K dispozici jsou i ve\u0161ker\u00e9 pot\u0159ebn\u00e9 toaletn\u00ed pot\u0159eby.<\/p>\n\n\n\n<p>Wifi p\u0159ipojen\u00ed bylo dobr\u00e9 a slu\u017eba pran\u00ed pr\u00e1dla je samoz\u0159ejm\u011b k dispozici, ale nebyla vyzkou\u0161eno.<\/p>\n\n\n\n<figure class=\"wp-block-image is-resized\"><img loading=\"lazy\" src=\"https:\/\/www.travelanddine.info\/wp-content\/uploads\/2019\/02\/image-99.png\" alt=\"\" class=\"wp-image-1639\" width=\"528\" height=\"396\" srcset=\"https:\/\/www.travelanddine.info\/wp-content\/uploads\/2019\/02\/image-99.png 577w, https:\/\/www.travelanddine.info\/wp-content\/uploads\/2019\/02\/image-99-300x225.png 300w\" sizes=\"(max-width: 528px) 100vw, 528px\" \/><\/figure>\n\n\n\n<figure class=\"wp-block-image is-resized\"><img loading=\"lazy\" src=\"https:\/\/www.travelanddine.info\/wp-content\/uploads\/2019\/02\/image-100.png\" alt=\"\" class=\"wp-image-1640\" width=\"532\" height=\"399\" srcset=\"https:\/\/www.travelanddine.info\/wp-content\/uploads\/2019\/02\/image-100.png 550w, https:\/\/www.travelanddine.info\/wp-content\/uploads\/2019\/02\/image-100-300x225.png 300w\" sizes=\"(max-width: 532px) 100vw, 532px\" \/><\/figure>\n\n\n\n<p><em>Restaurace a j\u00eddlo<\/em><\/p>\n\n\n\n<p>V hotelu je jedna restaurace a jeden bar.&nbsp;<em>Restaurace Square<\/em>nab\u00edz\u00ed bohat\u00e9 sn\u00eddan\u011b. V\u00fdb\u011br j\u00eddel je v\u00edce ne\u017e uspokojiv\u00fd, od z\u00e1padn\u00edch po asijsk\u00e9 speciality. Po sn\u00eddani se v restauraci se pod\u00e1vaj\u00ed j\u00eddla mezin\u00e1rodn\u00ed kuchyn\u011b. Abychom byli up\u0159\u00edmn\u00ed, v hotelu nen\u00ed v\u016fbec t\u0159eba v\u00edce restaurac\u00ed, proto\u017ee okol\u00ed hotelu je pln\u00e9 skv\u011bl\u00fdch m\u00edst k j\u00eddlu.<\/p>\n\n\n\n<figure class=\"wp-block-image is-resized\"><img loading=\"lazy\" src=\"https:\/\/www.travelanddine.info\/wp-content\/uploads\/2019\/02\/image-101.png\" alt=\"\" class=\"wp-image-1641\" width=\"384\" height=\"255\"\/><\/figure>\n\n\n\n<figure class=\"wp-block-image is-resized\"><img loading=\"lazy\" src=\"https:\/\/www.travelanddine.info\/wp-content\/uploads\/2019\/02\/image-102.png\" alt=\"\" class=\"wp-image-1642\" width=\"388\" height=\"255\" srcset=\"https:\/\/www.travelanddine.info\/wp-content\/uploads\/2019\/02\/image-102.png 616w, https:\/\/www.travelanddine.info\/wp-content\/uploads\/2019\/02\/image-102-300x197.png 300w, https:\/\/www.travelanddine.info\/wp-content\/uploads\/2019\/02\/image-102-230x150.png 230w\" sizes=\"(max-width: 388px) 100vw, 388px\" \/><\/figure>\n\n\n\n<p><em>Mo\u017enosti pro voln\u00fd \u010das&nbsp;<\/em><\/p>\n\n\n\n<p>Hotel m\u00e1 venkovn\u00ed baz\u00e9n a fitness centrum.<\/p>\n\n\n\n<p><em>Z\u00e1v\u011br<\/em><\/p>\n\n\n\n<p>Nejlep\u0161\u00ed pro : um\u00edst\u011bn\u00ed hotelu v \u010d\u00e1sti Clarke Quay<\/p>\n\n\n\n<p>Neprop\u00e1sn\u011bte : skv\u011bl\u00e9 restaurace pobl\u00ed\u017e hotelu&nbsp;<\/p>\n\n\n\n<p>Cena pokoje : od 200,- EUR \/ Superior twin room<\/p>\n\n\n\n<p>Kontakt : <a href=\"https:\/\/www.accorhotels.com\/gb\/hotel-5993-novotel-singapore-clarke-quay-\/index.shtml\" target=\"_blank\" rel=\"noreferrer noopener\" aria-label=\"https:\/\/www.accorhotels.com\/gb\/hotel-5993-novotel-singapore-clarke-quay-\/index.shtml (otev\u0159e se na nov\u00e9 z\u00e1lo\u017ece)\">https:\/\/www.accorhotels.com\/gb\/hotel-5993-novotel-singapore-clarke-quay-\/index.shtml<\/a><\/p>\n\n\n\n<p>177A River Valley Road<\/p>\n\n\n\n<p>179031 Singapore<\/p>\n\n\n\n<p>Tel: (+65) 6338 3333<\/p>\n\n\n\n<p><\/p>\n","protected":false},"excerpt":{"rendered":"<p>Hotelov\u00fd \u0159et\u011bzec a v\u011brnostn\u00ed program Accor Hotels, jeden z hlavn\u00edch sv\u011btov\u00fdch hotelov\u00fdch \u0159et\u011bzc\u016f. Pou\u017eijte v\u011brnostn\u00ed program Le Club Accor. Hotelov\u00e9 lobby Lobby nen\u00ed p\u0159\u00edli\u0161 velk\u00e9, ale pln\u011b funk\u010dn\u00ed a modern\u00ed m\u00edsto pro recepci, slu\u017eby concierge, zavazadlov\u00fd servis a sm\u011bn\u00e1rnu. Do&#8230;<\/p>\n","protected":false},"author":1,"featured_media":0,"parent":1626,"menu_order":0,"comment_status":"closed","ping_status":"closed","template":"","meta":[],"yoast_head":"<!-- This site is optimized with the Yoast SEO plugin v17.0 - https:\/\/yoast.com\/wordpress\/plugins\/seo\/ -->\n<title>NOVOTEL CLARKE QUAY - Premium Travel&amp;Dine Info<\/title>\n<meta name=\"robots\" content=\"index, follow, max-snippet:-1, max-image-preview:large, max-video-preview:-1\" \/>\n<link rel=\"canonical\" href=\"https:\/\/www.travelanddine.info\/index.php\/singapur\/novotel-clarke-quay\/\" \/>\n<meta property=\"og:locale\" content=\"cs_CZ\" \/>\n<meta property=\"og:type\" content=\"article\" \/>\n<meta property=\"og:title\" content=\"NOVOTEL CLARKE QUAY - Premium Travel&amp;Dine Info\" \/>\n<meta property=\"og:description\" content=\"Hotelov\u00fd \u0159et\u011bzec a v\u011brnostn\u00ed program Accor Hotels, jeden z hlavn\u00edch sv\u011btov\u00fdch hotelov\u00fdch \u0159et\u011bzc\u016f. Pou\u017eijte v\u011brnostn\u00ed program Le Club Accor. Hotelov\u00e9 lobby Lobby nen\u00ed p\u0159\u00edli\u0161 velk\u00e9, ale pln\u011b funk\u010dn\u00ed a modern\u00ed m\u00edsto pro recepci, slu\u017eby concierge, zavazadlov\u00fd servis a sm\u011bn\u00e1rnu. Do...\" \/>\n<meta property=\"og:url\" content=\"https:\/\/www.travelanddine.info\/index.php\/singapur\/novotel-clarke-quay\/\" \/>\n<meta property=\"og:site_name\" content=\"Premium Travel&amp;Dine Info\" \/>\n<meta property=\"article:publisher\" content=\"http:\/\/www.facebook.com\/PremiumTravelAndDineInfo\" \/>\n<meta property=\"article:modified_time\" content=\"2019-07-09T21:37:39+00:00\" \/>\n<meta property=\"og:image\" content=\"http:\/\/www.travelanddine.info\/wp-content\/uploads\/2019\/02\/image-97.png\" \/>\n<meta name=\"twitter:card\" content=\"summary_large_image\" \/>\n<meta name=\"twitter:label1\" content=\"Odhadovan\u00e1 doba \u010dten\u00ed\" \/>\n\t<meta name=\"twitter:data1\" content=\"2 minuty\" \/>\n<script type=\"application\/ld+json\" class=\"yoast-schema-graph\">{\"@context\":\"https:\/\/schema.org\",\"@graph\":[{\"@type\":\"Organization\",\"@id\":\"https:\/\/www.travelanddine.info\/#organization\",\"name\":\"Premium Travel & Dine Info\",\"url\":\"https:\/\/www.travelanddine.info\/\",\"sameAs\":[\"http:\/\/www.facebook.com\/PremiumTravelAndDineInfo\",\"https:\/\/www.instagram.com\/premium_travel_and_dine_info\/\",\"https:\/\/www.youtube.com\/channel\/UCq4d7zmKK3AOuzDrR1p_2Qw\/featured?disable_polymer=1\"],\"logo\":{\"@type\":\"ImageObject\",\"@id\":\"https:\/\/www.travelanddine.info\/#logo\",\"inLanguage\":\"cs\",\"url\":\"https:\/\/www.travelanddine.info\/wp-content\/uploads\/2019\/01\/logo-premium-e1547240252292.jpg\",\"contentUrl\":\"https:\/\/www.travelanddine.info\/wp-content\/uploads\/2019\/01\/logo-premium-e1547240252292.jpg\",\"width\":1000,\"height\":406,\"caption\":\"Premium Travel & Dine Info\"},\"image\":{\"@id\":\"https:\/\/www.travelanddine.info\/#logo\"}},{\"@type\":\"WebSite\",\"@id\":\"https:\/\/www.travelanddine.info\/#website\",\"url\":\"https:\/\/www.travelanddine.info\/\",\"name\":\"Premium Travel&amp;Dine Info\",\"description\":\"tipy, doporu\\u010den\\u00ed, informace.. pro ty, kte\\u0159\\u00ed maj\\u00ed r\\u00e1di cestov\\u00e1n\\u00ed na vysok\\u00e9 \\u00farovni a skv\\u011bl\\u00e9 j\\u00eddlo\",\"publisher\":{\"@id\":\"https:\/\/www.travelanddine.info\/#organization\"},\"potentialAction\":[{\"@type\":\"SearchAction\",\"target\":{\"@type\":\"EntryPoint\",\"urlTemplate\":\"https:\/\/www.travelanddine.info\/?s={search_term_string}\"},\"query-input\":\"required name=search_term_string\"}],\"inLanguage\":\"cs\"},{\"@type\":\"ImageObject\",\"@id\":\"https:\/\/www.travelanddine.info\/index.php\/singapur\/novotel-clarke-quay\/#primaryimage\",\"inLanguage\":\"cs\",\"url\":\"http:\/\/www.travelanddine.info\/wp-content\/uploads\/2019\/02\/image-97.png\",\"contentUrl\":\"http:\/\/www.travelanddine.info\/wp-content\/uploads\/2019\/02\/image-97.png\"},{\"@type\":\"WebPage\",\"@id\":\"https:\/\/www.travelanddine.info\/index.php\/singapur\/novotel-clarke-quay\/#webpage\",\"url\":\"https:\/\/www.travelanddine.info\/index.php\/singapur\/novotel-clarke-quay\/\",\"name\":\"NOVOTEL CLARKE QUAY - Premium Travel&amp;Dine Info\",\"isPartOf\":{\"@id\":\"https:\/\/www.travelanddine.info\/#website\"},\"primaryImageOfPage\":{\"@id\":\"https:\/\/www.travelanddine.info\/index.php\/singapur\/novotel-clarke-quay\/#primaryimage\"},\"datePublished\":\"2019-02-16T22:12:13+00:00\",\"dateModified\":\"2019-07-09T21:37:39+00:00\",\"breadcrumb\":{\"@id\":\"https:\/\/www.travelanddine.info\/index.php\/singapur\/novotel-clarke-quay\/#breadcrumb\"},\"inLanguage\":\"cs\",\"potentialAction\":[{\"@type\":\"ReadAction\",\"target\":[\"https:\/\/www.travelanddine.info\/index.php\/singapur\/novotel-clarke-quay\/\"]}]},{\"@type\":\"BreadcrumbList\",\"@id\":\"https:\/\/www.travelanddine.info\/index.php\/singapur\/novotel-clarke-quay\/#breadcrumb\",\"itemListElement\":[{\"@type\":\"ListItem\",\"position\":1,\"name\":\"Dom\\u016f\",\"item\":\"https:\/\/www.travelanddine.info\/index.php\/en\/home\/\"},{\"@type\":\"ListItem\",\"position\":2,\"name\":\"Singapur\",\"item\":\"https:\/\/www.travelanddine.info\/index.php\/singapur\/\"},{\"@type\":\"ListItem\",\"position\":3,\"name\":\"NOVOTEL CLARKE QUAY\"}]}]}<\/script>\n<!-- \/ Yoast SEO plugin. -->","yoast_head_json":{"title":"NOVOTEL CLARKE QUAY - Premium Travel&amp;Dine Info","robots":{"index":"index","follow":"follow","max-snippet":"max-snippet:-1","max-image-preview":"max-image-preview:large","max-video-preview":"max-video-preview:-1"},"canonical":"https:\/\/www.travelanddine.info\/index.php\/singapur\/novotel-clarke-quay\/","og_locale":"cs_CZ","og_type":"article","og_title":"NOVOTEL CLARKE QUAY - Premium Travel&amp;Dine Info","og_description":"Hotelov\u00fd \u0159et\u011bzec a v\u011brnostn\u00ed program Accor Hotels, jeden z hlavn\u00edch sv\u011btov\u00fdch hotelov\u00fdch \u0159et\u011bzc\u016f. Pou\u017eijte v\u011brnostn\u00ed program Le Club Accor. Hotelov\u00e9 lobby Lobby nen\u00ed p\u0159\u00edli\u0161 velk\u00e9, ale pln\u011b funk\u010dn\u00ed a modern\u00ed m\u00edsto pro recepci, slu\u017eby concierge, zavazadlov\u00fd servis a sm\u011bn\u00e1rnu. Do...","og_url":"https:\/\/www.travelanddine.info\/index.php\/singapur\/novotel-clarke-quay\/","og_site_name":"Premium Travel&amp;Dine Info","article_publisher":"http:\/\/www.facebook.com\/PremiumTravelAndDineInfo","article_modified_time":"2019-07-09T21:37:39+00:00","og_image":[{"url":"http:\/\/www.travelanddine.info\/wp-content\/uploads\/2019\/02\/image-97.png"}],"twitter_card":"summary_large_image","twitter_misc":{"Odhadovan\u00e1 doba \u010dten\u00ed":"2 minuty"},"schema":{"@context":"https:\/\/schema.org","@graph":[{"@type":"Organization","@id":"https:\/\/www.travelanddine.info\/#organization","name":"Premium Travel & Dine Info","url":"https:\/\/www.travelanddine.info\/","sameAs":["http:\/\/www.facebook.com\/PremiumTravelAndDineInfo","https:\/\/www.instagram.com\/premium_travel_and_dine_info\/","https:\/\/www.youtube.com\/channel\/UCq4d7zmKK3AOuzDrR1p_2Qw\/featured?disable_polymer=1"],"logo":{"@type":"ImageObject","@id":"https:\/\/www.travelanddine.info\/#logo","inLanguage":"cs","url":"https:\/\/www.travelanddine.info\/wp-content\/uploads\/2019\/01\/logo-premium-e1547240252292.jpg","contentUrl":"https:\/\/www.travelanddine.info\/wp-content\/uploads\/2019\/01\/logo-premium-e1547240252292.jpg","width":1000,"height":406,"caption":"Premium Travel & Dine Info"},"image":{"@id":"https:\/\/www.travelanddine.info\/#logo"}},{"@type":"WebSite","@id":"https:\/\/www.travelanddine.info\/#website","url":"https:\/\/www.travelanddine.info\/","name":"Premium Travel&amp;Dine Info","description":"tipy, doporu\u010den\u00ed, informace.. pro ty, kte\u0159\u00ed maj\u00ed r\u00e1di cestov\u00e1n\u00ed na vysok\u00e9 \u00farovni a skv\u011bl\u00e9 j\u00eddlo","publisher":{"@id":"https:\/\/www.travelanddine.info\/#organization"},"potentialAction":[{"@type":"SearchAction","target":{"@type":"EntryPoint","urlTemplate":"https:\/\/www.travelanddine.info\/?s={search_term_string}"},"query-input":"required name=search_term_string"}],"inLanguage":"cs"},{"@type":"ImageObject","@id":"https:\/\/www.travelanddine.info\/index.php\/singapur\/novotel-clarke-quay\/#primaryimage","inLanguage":"cs","url":"http:\/\/www.travelanddine.info\/wp-content\/uploads\/2019\/02\/image-97.png","contentUrl":"http:\/\/www.travelanddine.info\/wp-content\/uploads\/2019\/02\/image-97.png"},{"@type":"WebPage","@id":"https:\/\/www.travelanddine.info\/index.php\/singapur\/novotel-clarke-quay\/#webpage","url":"https:\/\/www.travelanddine.info\/index.php\/singapur\/novotel-clarke-quay\/","name":"NOVOTEL CLARKE QUAY - Premium Travel&amp;Dine Info","isPartOf":{"@id":"https:\/\/www.travelanddine.info\/#website"},"primaryImageOfPage":{"@id":"https:\/\/www.travelanddine.info\/index.php\/singapur\/novotel-clarke-quay\/#primaryimage"},"datePublished":"2019-02-16T22:12:13+00:00","dateModified":"2019-07-09T21:37:39+00:00","breadcrumb":{"@id":"https:\/\/www.travelanddine.info\/index.php\/singapur\/novotel-clarke-quay\/#breadcrumb"},"inLanguage":"cs","potentialAction":[{"@type":"ReadAction","target":["https:\/\/www.travelanddine.info\/index.php\/singapur\/novotel-clarke-quay\/"]}]},{"@type":"BreadcrumbList","@id":"https:\/\/www.travelanddine.info\/index.php\/singapur\/novotel-clarke-quay\/#breadcrumb","itemListElement":[{"@type":"ListItem","position":1,"name":"Dom\u016f","item":"https:\/\/www.travelanddine.info\/index.php\/en\/home\/"},{"@type":"ListItem","position":2,"name":"Singapur","item":"https:\/\/www.travelanddine.info\/index.php\/singapur\/"},{"@type":"ListItem","position":3,"name":"NOVOTEL CLARKE QUAY"}]}]}},"_links":{"self":[{"href":"https:\/\/www.travelanddine.info\/index.php\/wp-json\/wp\/v2\/pages\/1636"}],"collection":[{"href":"https:\/\/www.travelanddine.info\/index.php\/wp-json\/wp\/v2\/pages"}],"about":[{"href":"https:\/\/www.travelanddine.info\/index.php\/wp-json\/wp\/v2\/types\/page"}],"author":[{"embeddable":true,"href":"https:\/\/www.travelanddine.info\/index.php\/wp-json\/wp\/v2\/users\/1"}],"replies":[{"embeddable":true,"href":"https:\/\/www.travelanddine.info\/index.php\/wp-json\/wp\/v2\/comments?post=1636"}],"version-history":[{"count":6,"href":"https:\/\/www.travelanddine.info\/index.php\/wp-json\/wp\/v2\/pages\/1636\/revisions"}],"predecessor-version":[{"id":3414,"href":"https:\/\/www.travelanddine.info\/index.php\/wp-json\/wp\/v2\/pages\/1636\/revisions\/3414"}],"up":[{"embeddable":true,"href":"https:\/\/www.travelanddine.info\/index.php\/wp-json\/wp\/v2\/pages\/1626"}],"wp:attachment":[{"href":"https:\/\/www.travelanddine.info\/index.php\/wp-json\/wp\/v2\/media?parent=1636"}],"curies":[{"name":"wp","href":"https:\/\/api.w.org\/{rel}","templated":true}]}}