{"id":1646,"date":"2019-02-16T22:12:13","date_gmt":"2019-02-16T22:12:13","guid":{"rendered":"http:\/\/www.travelanddine.info\/?page_id=1646"},"modified":"2019-07-09T21:44:44","modified_gmt":"2019-07-09T21:44:44","slug":"novotel-clarke-quay-2","status":"publish","type":"page","link":"https:\/\/www.travelanddine.info\/index.php\/en\/singapore\/novotel-clarke-quay-2\/","title":{"rendered":"NOVOTEL CLARKE QUAY"},"content":{"rendered":"\n<p><em>Hotel Chain and Loyalty Program<\/em><\/p>\n\n\n\n<p>Accor hotels, one of the major worldwide hotel chains. Le Club loyalty program is applied.<\/p>\n\n\n\n<figure class=\"wp-block-image\"><img loading=\"lazy\" width=\"574\" height=\"323\" src=\"https:\/\/www.travelanddine.info\/wp-content\/uploads\/2019\/02\/image-103.png\" alt=\"\" class=\"wp-image-1647\" srcset=\"https:\/\/www.travelanddine.info\/wp-content\/uploads\/2019\/02\/image-103.png 574w, https:\/\/www.travelanddine.info\/wp-content\/uploads\/2019\/02\/image-103-300x169.png 300w\" sizes=\"(max-width: 574px) 100vw, 574px\" \/><\/figure>\n\n\n\n<p><em>Hotel lobby<\/em><\/p>\n\n\n\n<p>Lobby is not very large, to be honest, but fully functional spot for the front desk, concierge, baggage porter service and money exchange. We arrived to the hotel in the afternoon, and our checking in was fast and unproblematic. The staff was friendly and polite. There is an access to the Le Bar Rouge lounge and The Square Restaurant. A computer corner for guests use is located there too.&nbsp;<\/p>\n\n\n\n<figure class=\"wp-block-image\"><img loading=\"lazy\" width=\"612\" height=\"353\" src=\"https:\/\/www.travelanddine.info\/wp-content\/uploads\/2019\/02\/image-104.png\" alt=\"\" class=\"wp-image-1648\" srcset=\"https:\/\/www.travelanddine.info\/wp-content\/uploads\/2019\/02\/image-104.png 612w, https:\/\/www.travelanddine.info\/wp-content\/uploads\/2019\/02\/image-104-300x173.png 300w\" sizes=\"(max-width: 612px) 100vw, 612px\" \/><\/figure>\n\n\n\n<p><em>Location<\/em><\/p>\n\n\n\n<p>The hotel is located at Clarke Quay in the city center. Singapore Changi international airport is about 30 minutes drive. Clarke Quay area is situated by the banks of Singapore river. This area is a place of lively night life with many good restaurants and bars. It is just 5 minutes by walk to the nearest MRT station or half an hour walk to the Singapore iconic Merlion statue fountain.&nbsp;<\/p>\n\n\n\n<p><em>Room<\/em><\/p>\n\n\n\n<p>The hotel has more than 400 rooms and suites. Our 32sqm Superior room was spacious enough furnished in simple and modern style, in bright look. The biggest plus is a balcony which is very rare feature of the modern city hotels these days but very much accepted. The room is equipped with comfy beds, work desk with chair, small sofa, large flat TV with DVD player, minibar, coffee and tea kettle as well as wardrobe with a safe deposit. The bathroom is not huge equipped with a bath tub, shower corner and toilet. All necessary bathroom amenities are there too.&nbsp;<\/p>\n\n\n\n<p>Wifi connection was good, and laundry is, of course, available but was not tried.<\/p>\n\n\n\n<figure class=\"wp-block-image\"><img loading=\"lazy\" width=\"577\" height=\"433\" src=\"https:\/\/www.travelanddine.info\/wp-content\/uploads\/2019\/02\/image-105.png\" alt=\"\" class=\"wp-image-1649\" srcset=\"https:\/\/www.travelanddine.info\/wp-content\/uploads\/2019\/02\/image-105.png 577w, https:\/\/www.travelanddine.info\/wp-content\/uploads\/2019\/02\/image-105-300x225.png 300w\" sizes=\"(max-width: 577px) 100vw, 577px\" \/><\/figure>\n\n\n\n<figure class=\"wp-block-image\"><img loading=\"lazy\" width=\"550\" height=\"413\" src=\"https:\/\/www.travelanddine.info\/wp-content\/uploads\/2019\/02\/image-106.png\" alt=\"\" class=\"wp-image-1650\" srcset=\"https:\/\/www.travelanddine.info\/wp-content\/uploads\/2019\/02\/image-106.png 550w, https:\/\/www.travelanddine.info\/wp-content\/uploads\/2019\/02\/image-106-300x225.png 300w\" sizes=\"(max-width: 550px) 100vw, 550px\" \/><\/figure>\n\n\n\n<p><em>Restaurants and food<\/em><\/p>\n\n\n\n<p>There is one restaurant and one bar lounge at the hotel. The&nbsp;<em>Square Restaurant<\/em>serves plentiful breakfast. Food selection is more than satisfactory, from western to Asian options. The restaurant serves international dishes after breakfast hours. To be honest, there is no need for more restaurants at the hotel as the area around is full of great venues for eating.<\/p>\n\n\n\n<figure class=\"wp-block-image\"><img loading=\"lazy\" width=\"275\" height=\"183\" src=\"https:\/\/www.travelanddine.info\/wp-content\/uploads\/2019\/02\/image-107.png\" alt=\"\" class=\"wp-image-1651\"\/><\/figure>\n\n\n\n<figure class=\"wp-block-image\"><img loading=\"lazy\" width=\"616\" height=\"405\" src=\"https:\/\/www.travelanddine.info\/wp-content\/uploads\/2019\/02\/image-108.png\" alt=\"\" class=\"wp-image-1652\" srcset=\"https:\/\/www.travelanddine.info\/wp-content\/uploads\/2019\/02\/image-108.png 616w, https:\/\/www.travelanddine.info\/wp-content\/uploads\/2019\/02\/image-108-300x197.png 300w, https:\/\/www.travelanddine.info\/wp-content\/uploads\/2019\/02\/image-108-230x150.png 230w\" sizes=\"(max-width: 616px) 100vw, 616px\" \/><\/figure>\n\n\n\n<p><em>Leisure facilities&nbsp;<\/em><\/p>\n\n\n\n<p>There is an outdoor swimming pool and fitness center at the hotel.<\/p>\n\n\n\n<p><em>Verdict<\/em><\/p>\n\n\n\n<p>Best for :\t<\/p>\n\n\n\n<p>location of Clarke Quay<\/p>\n\n\n\n<p>Don\u2019t miss :\t<\/p>\n\n\n\n<p>stunning restaurants in the proximity of the hotel<\/p>\n\n\n\n<p>Room price :\t<\/p>\n\n\n\n<p>from 200,- Euro \/ Superior twin room<\/p>\n\n\n\n<p>Contact : <a href=\"https:\/\/www.accorhotels.com\/gb\/hotel-5993-novotel-singapore-clarke-quay-\/index.shtml\" target=\"_blank\" rel=\"noreferrer noopener\" aria-label=\"https:\/\/www.accorhotels.com\/gb\/hotel-5993-novotel-singapore-clarke-quay-\/index.shtml (otev\u0159e se na nov\u00e9 z\u00e1lo\u017ece)\">https:\/\/www.accorhotels.com\/gb\/hotel-5993-novotel-singapore-clarke-quay-\/index.shtml<\/a><\/p>\n\n\n\n<p>177A River Valley Road&nbsp;<\/p>\n\n\n\n<p>179031 Singapore&nbsp;<\/p>\n\n\n\n<p>Tel: (+65) 6338 3333<\/p>\n\n\n\n<p><\/p>\n","protected":false},"excerpt":{"rendered":"<p>Hotel Chain and Loyalty Program Accor hotels, one of the major worldwide hotel chains. Le Club loyalty program is applied. Hotel lobby Lobby is not very large, to be honest, but fully functional spot for the front desk, concierge, baggage&#8230;<\/p>\n","protected":false},"author":1,"featured_media":0,"parent":1630,"menu_order":0,"comment_status":"closed","ping_status":"closed","template":"","meta":[],"yoast_head":"<!-- This site is optimized with the Yoast SEO plugin v17.0 - https:\/\/yoast.com\/wordpress\/plugins\/seo\/ -->\n<title>NOVOTEL CLARKE QUAY - Premium Travel&amp;Dine Info<\/title>\n<meta name=\"robots\" content=\"index, follow, max-snippet:-1, max-image-preview:large, max-video-preview:-1\" \/>\n<link rel=\"canonical\" href=\"https:\/\/www.travelanddine.info\/index.php\/en\/singapore\/novotel-clarke-quay-2\/\" \/>\n<meta property=\"og:locale\" content=\"cs_CZ\" \/>\n<meta property=\"og:type\" content=\"article\" \/>\n<meta property=\"og:title\" content=\"NOVOTEL CLARKE QUAY - Premium Travel&amp;Dine Info\" \/>\n<meta property=\"og:description\" content=\"Hotel Chain and Loyalty Program Accor hotels, one of the major worldwide hotel chains. Le Club loyalty program is applied. Hotel lobby Lobby is not very large, to be honest, but fully functional spot for the front desk, concierge, baggage...\" \/>\n<meta property=\"og:url\" content=\"https:\/\/www.travelanddine.info\/index.php\/en\/singapore\/novotel-clarke-quay-2\/\" \/>\n<meta property=\"og:site_name\" content=\"Premium Travel&amp;Dine Info\" \/>\n<meta property=\"article:publisher\" content=\"http:\/\/www.facebook.com\/PremiumTravelAndDineInfo\" \/>\n<meta property=\"article:modified_time\" content=\"2019-07-09T21:44:44+00:00\" \/>\n<meta property=\"og:image\" content=\"http:\/\/www.travelanddine.info\/wp-content\/uploads\/2019\/02\/image-103.png\" \/>\n<meta name=\"twitter:card\" content=\"summary_large_image\" \/>\n<meta name=\"twitter:label1\" content=\"Odhadovan\u00e1 doba \u010dten\u00ed\" \/>\n\t<meta name=\"twitter:data1\" content=\"2 minuty\" \/>\n<script type=\"application\/ld+json\" class=\"yoast-schema-graph\">{\"@context\":\"https:\/\/schema.org\",\"@graph\":[{\"@type\":\"Organization\",\"@id\":\"https:\/\/www.travelanddine.info\/#organization\",\"name\":\"Premium Travel & Dine Info\",\"url\":\"https:\/\/www.travelanddine.info\/\",\"sameAs\":[\"http:\/\/www.facebook.com\/PremiumTravelAndDineInfo\",\"https:\/\/www.instagram.com\/premium_travel_and_dine_info\/\",\"https:\/\/www.youtube.com\/channel\/UCq4d7zmKK3AOuzDrR1p_2Qw\/featured?disable_polymer=1\"],\"logo\":{\"@type\":\"ImageObject\",\"@id\":\"https:\/\/www.travelanddine.info\/#logo\",\"inLanguage\":\"cs\",\"url\":\"https:\/\/www.travelanddine.info\/wp-content\/uploads\/2019\/01\/logo-premium-e1547240252292.jpg\",\"contentUrl\":\"https:\/\/www.travelanddine.info\/wp-content\/uploads\/2019\/01\/logo-premium-e1547240252292.jpg\",\"width\":1000,\"height\":406,\"caption\":\"Premium Travel & Dine Info\"},\"image\":{\"@id\":\"https:\/\/www.travelanddine.info\/#logo\"}},{\"@type\":\"WebSite\",\"@id\":\"https:\/\/www.travelanddine.info\/#website\",\"url\":\"https:\/\/www.travelanddine.info\/\",\"name\":\"Premium Travel&amp;Dine Info\",\"description\":\"tipy, doporu\\u010den\\u00ed, informace.. pro ty, kte\\u0159\\u00ed maj\\u00ed r\\u00e1di cestov\\u00e1n\\u00ed na vysok\\u00e9 \\u00farovni a skv\\u011bl\\u00e9 j\\u00eddlo\",\"publisher\":{\"@id\":\"https:\/\/www.travelanddine.info\/#organization\"},\"potentialAction\":[{\"@type\":\"SearchAction\",\"target\":{\"@type\":\"EntryPoint\",\"urlTemplate\":\"https:\/\/www.travelanddine.info\/?s={search_term_string}\"},\"query-input\":\"required name=search_term_string\"}],\"inLanguage\":\"cs\"},{\"@type\":\"ImageObject\",\"@id\":\"https:\/\/www.travelanddine.info\/index.php\/en\/singapore\/novotel-clarke-quay-2\/#primaryimage\",\"inLanguage\":\"cs\",\"url\":\"http:\/\/www.travelanddine.info\/wp-content\/uploads\/2019\/02\/image-103.png\",\"contentUrl\":\"http:\/\/www.travelanddine.info\/wp-content\/uploads\/2019\/02\/image-103.png\"},{\"@type\":\"WebPage\",\"@id\":\"https:\/\/www.travelanddine.info\/index.php\/en\/singapore\/novotel-clarke-quay-2\/#webpage\",\"url\":\"https:\/\/www.travelanddine.info\/index.php\/en\/singapore\/novotel-clarke-quay-2\/\",\"name\":\"NOVOTEL CLARKE QUAY - Premium Travel&amp;Dine Info\",\"isPartOf\":{\"@id\":\"https:\/\/www.travelanddine.info\/#website\"},\"primaryImageOfPage\":{\"@id\":\"https:\/\/www.travelanddine.info\/index.php\/en\/singapore\/novotel-clarke-quay-2\/#primaryimage\"},\"datePublished\":\"2019-02-16T22:12:13+00:00\",\"dateModified\":\"2019-07-09T21:44:44+00:00\",\"breadcrumb\":{\"@id\":\"https:\/\/www.travelanddine.info\/index.php\/en\/singapore\/novotel-clarke-quay-2\/#breadcrumb\"},\"inLanguage\":\"cs\",\"potentialAction\":[{\"@type\":\"ReadAction\",\"target\":[\"https:\/\/www.travelanddine.info\/index.php\/en\/singapore\/novotel-clarke-quay-2\/\"]}]},{\"@type\":\"BreadcrumbList\",\"@id\":\"https:\/\/www.travelanddine.info\/index.php\/en\/singapore\/novotel-clarke-quay-2\/#breadcrumb\",\"itemListElement\":[{\"@type\":\"ListItem\",\"position\":1,\"name\":\"Dom\\u016f\",\"item\":\"https:\/\/www.travelanddine.info\/index.php\/en\/home\/\"},{\"@type\":\"ListItem\",\"position\":2,\"name\":\"Singapore\",\"item\":\"https:\/\/www.travelanddine.info\/index.php\/en\/singapore\/\"},{\"@type\":\"ListItem\",\"position\":3,\"name\":\"NOVOTEL CLARKE QUAY\"}]}]}<\/script>\n<!-- \/ Yoast SEO plugin. -->","yoast_head_json":{"title":"NOVOTEL CLARKE QUAY - Premium Travel&amp;Dine Info","robots":{"index":"index","follow":"follow","max-snippet":"max-snippet:-1","max-image-preview":"max-image-preview:large","max-video-preview":"max-video-preview:-1"},"canonical":"https:\/\/www.travelanddine.info\/index.php\/en\/singapore\/novotel-clarke-quay-2\/","og_locale":"cs_CZ","og_type":"article","og_title":"NOVOTEL CLARKE QUAY - Premium Travel&amp;Dine Info","og_description":"Hotel Chain and Loyalty Program Accor hotels, one of the major worldwide hotel chains. Le Club loyalty program is applied. Hotel lobby Lobby is not very large, to be honest, but fully functional spot for the front desk, concierge, baggage...","og_url":"https:\/\/www.travelanddine.info\/index.php\/en\/singapore\/novotel-clarke-quay-2\/","og_site_name":"Premium Travel&amp;Dine Info","article_publisher":"http:\/\/www.facebook.com\/PremiumTravelAndDineInfo","article_modified_time":"2019-07-09T21:44:44+00:00","og_image":[{"url":"http:\/\/www.travelanddine.info\/wp-content\/uploads\/2019\/02\/image-103.png"}],"twitter_card":"summary_large_image","twitter_misc":{"Odhadovan\u00e1 doba \u010dten\u00ed":"2 minuty"},"schema":{"@context":"https:\/\/schema.org","@graph":[{"@type":"Organization","@id":"https:\/\/www.travelanddine.info\/#organization","name":"Premium Travel & Dine Info","url":"https:\/\/www.travelanddine.info\/","sameAs":["http:\/\/www.facebook.com\/PremiumTravelAndDineInfo","https:\/\/www.instagram.com\/premium_travel_and_dine_info\/","https:\/\/www.youtube.com\/channel\/UCq4d7zmKK3AOuzDrR1p_2Qw\/featured?disable_polymer=1"],"logo":{"@type":"ImageObject","@id":"https:\/\/www.travelanddine.info\/#logo","inLanguage":"cs","url":"https:\/\/www.travelanddine.info\/wp-content\/uploads\/2019\/01\/logo-premium-e1547240252292.jpg","contentUrl":"https:\/\/www.travelanddine.info\/wp-content\/uploads\/2019\/01\/logo-premium-e1547240252292.jpg","width":1000,"height":406,"caption":"Premium Travel & Dine Info"},"image":{"@id":"https:\/\/www.travelanddine.info\/#logo"}},{"@type":"WebSite","@id":"https:\/\/www.travelanddine.info\/#website","url":"https:\/\/www.travelanddine.info\/","name":"Premium Travel&amp;Dine Info","description":"tipy, doporu\u010den\u00ed, informace.. pro ty, kte\u0159\u00ed maj\u00ed r\u00e1di cestov\u00e1n\u00ed na vysok\u00e9 \u00farovni a skv\u011bl\u00e9 j\u00eddlo","publisher":{"@id":"https:\/\/www.travelanddine.info\/#organization"},"potentialAction":[{"@type":"SearchAction","target":{"@type":"EntryPoint","urlTemplate":"https:\/\/www.travelanddine.info\/?s={search_term_string}"},"query-input":"required name=search_term_string"}],"inLanguage":"cs"},{"@type":"ImageObject","@id":"https:\/\/www.travelanddine.info\/index.php\/en\/singapore\/novotel-clarke-quay-2\/#primaryimage","inLanguage":"cs","url":"http:\/\/www.travelanddine.info\/wp-content\/uploads\/2019\/02\/image-103.png","contentUrl":"http:\/\/www.travelanddine.info\/wp-content\/uploads\/2019\/02\/image-103.png"},{"@type":"WebPage","@id":"https:\/\/www.travelanddine.info\/index.php\/en\/singapore\/novotel-clarke-quay-2\/#webpage","url":"https:\/\/www.travelanddine.info\/index.php\/en\/singapore\/novotel-clarke-quay-2\/","name":"NOVOTEL CLARKE QUAY - Premium Travel&amp;Dine Info","isPartOf":{"@id":"https:\/\/www.travelanddine.info\/#website"},"primaryImageOfPage":{"@id":"https:\/\/www.travelanddine.info\/index.php\/en\/singapore\/novotel-clarke-quay-2\/#primaryimage"},"datePublished":"2019-02-16T22:12:13+00:00","dateModified":"2019-07-09T21:44:44+00:00","breadcrumb":{"@id":"https:\/\/www.travelanddine.info\/index.php\/en\/singapore\/novotel-clarke-quay-2\/#breadcrumb"},"inLanguage":"cs","potentialAction":[{"@type":"ReadAction","target":["https:\/\/www.travelanddine.info\/index.php\/en\/singapore\/novotel-clarke-quay-2\/"]}]},{"@type":"BreadcrumbList","@id":"https:\/\/www.travelanddine.info\/index.php\/en\/singapore\/novotel-clarke-quay-2\/#breadcrumb","itemListElement":[{"@type":"ListItem","position":1,"name":"Dom\u016f","item":"https:\/\/www.travelanddine.info\/index.php\/en\/home\/"},{"@type":"ListItem","position":2,"name":"Singapore","item":"https:\/\/www.travelanddine.info\/index.php\/en\/singapore\/"},{"@type":"ListItem","position":3,"name":"NOVOTEL CLARKE QUAY"}]}]}},"_links":{"self":[{"href":"https:\/\/www.travelanddine.info\/index.php\/wp-json\/wp\/v2\/pages\/1646"}],"collection":[{"href":"https:\/\/www.travelanddine.info\/index.php\/wp-json\/wp\/v2\/pages"}],"about":[{"href":"https:\/\/www.travelanddine.info\/index.php\/wp-json\/wp\/v2\/types\/page"}],"author":[{"embeddable":true,"href":"https:\/\/www.travelanddine.info\/index.php\/wp-json\/wp\/v2\/users\/1"}],"replies":[{"embeddable":true,"href":"https:\/\/www.travelanddine.info\/index.php\/wp-json\/wp\/v2\/comments?post=1646"}],"version-history":[{"count":5,"href":"https:\/\/www.travelanddine.info\/index.php\/wp-json\/wp\/v2\/pages\/1646\/revisions"}],"predecessor-version":[{"id":3425,"href":"https:\/\/www.travelanddine.info\/index.php\/wp-json\/wp\/v2\/pages\/1646\/revisions\/3425"}],"up":[{"embeddable":true,"href":"https:\/\/www.travelanddine.info\/index.php\/wp-json\/wp\/v2\/pages\/1630"}],"wp:attachment":[{"href":"https:\/\/www.travelanddine.info\/index.php\/wp-json\/wp\/v2\/media?parent=1646"}],"curies":[{"name":"wp","href":"https:\/\/api.w.org\/{rel}","templated":true}]}}