{"id":1658,"date":"2019-02-16T22:23:46","date_gmt":"2019-02-16T22:23:46","guid":{"rendered":"http:\/\/www.travelanddine.info\/?page_id=1658"},"modified":"2021-07-21T08:20:57","modified_gmt":"2021-07-21T08:20:57","slug":"marina-bay-sands-hotel","status":"publish","type":"page","link":"https:\/\/www.travelanddine.info\/index.php\/singapur\/marina-bay-sands-hotel\/","title":{"rendered":"MARINA BAY SANDS HOTEL"},"content":{"rendered":"\n<p><em>Hotelov\u00fd \u0159et\u011bzec a v\u011brnostn\u00ed program<\/em><\/p>\n\n\n\n<p>Hotelov\u00fd komplex je sou\u010d\u00e1st\u00ed korporace Las Vegas Sands Corporations provozuj\u00edc\u00ed hotelov\u00e9 a kas\u00edno komplexy v USA a Macau v \u010c\u00edn\u011b. Sands Rewards Club je jej\u00ed v\u011brnostn\u00ed program.<\/p>\n\n\n\n<figure class=\"wp-block-image\"><img loading=\"lazy\" width=\"609\" height=\"373\" src=\"https:\/\/www.travelanddine.info\/wp-content\/uploads\/2019\/06\/image-109-2.png\" alt=\"\" class=\"wp-image-2297\" srcset=\"https:\/\/www.travelanddine.info\/wp-content\/uploads\/2019\/06\/image-109-2.png 609w, https:\/\/www.travelanddine.info\/wp-content\/uploads\/2019\/06\/image-109-2-300x184.png 300w\" sizes=\"(max-width: 609px) 100vw, 609px\" \/><\/figure>\n\n\n\n<p><em>Hotelov\u00e9 lobby<\/em><\/p>\n\n\n\n<p>Je nutno \u0159\u00edci, \u017ee Marina Bay Hotel je jednou ze symbolick\u00fdch budov Singapuru. Marina Bay Sands m\u00e1 t\u0159i 55-podla\u017en\u00ed hotelov\u00e9 v\u011b\u017ee. T\u0159i v\u011b\u017ee jsou spojeny st\u0159e\u0161n\u00ed terasou o velikosti 1 hektaru, tzv. Sands SkyPark. Vyhl\u00eddkov\u00e1 terasa na st\u0159e\u0161e hotelu poskytuje panoramatick\u00fd v\u00fdhled na z\u00e1toku a okol\u00ed. Sands SkyPark Observation Deck se nach\u00e1z\u00ed v 57. pat\u0159e. Bar na vyhl\u00eddkov\u00e9 terase pod\u00e1v\u00e1 n\u00e1poje a mal\u00e9 ob\u010derstven\u00ed. N\u00e1v\u0161t\u011bvn\u00edci si mohou zakoupit vstupenku na vyhl\u00eddku, kter\u00e1 je na st\u0159e\u0161e v\u011b\u017ee 3 za poplatek ve v\u00fd\u0161i 23 singapursk\u00fdch dolar\u016f (15 EUR). Host\u00e9 hotelu ji mohou nav\u0161t\u00edvit zdarma. Obrovsk\u00fd baz\u00e9n um\u00edst\u011bn\u00fd na spojovac\u00ed st\u0159e\u0161e budov je hlavn\u00ed atrakc\u00ed hotelu a je p\u0159\u00edstupn\u00fd pouze pro hotelov\u00e9 hosty.<\/p>\n\n\n\n<p>Do hotelu jsme p\u0159i\u0161li odpoledne, kde n\u00e1s ohromilo obrovsk\u00e9 lobby. Byl n\u00e1m nab\u00eddnut n\u00e1poj na p\u0159iv\u00edtanou. Hotelov\u00e1 hala je tak obrovsk\u00e1, \u017ee se d\u00e1 \u0159\u00edct, \u017ee tak velk\u00fd prostor jsme v&nbsp;hotelu snad nikdy nevid\u011bli. Snad to m\u016f\u017ee p\u0159ipom\u00ednat velkou \u017eelezni\u010dn\u00ed stanici, proto\u017ee prostor byl skute\u010dn\u011b p\u0159epln\u011bn a pln\u00fd hotelov\u00fdch host\u016f a tak\u00e9 stovek zv\u011bdav\u00fdch turist\u016f. Po kr\u00e1tk\u00e9m \u010dek\u00e1n\u00ed jsme se nakonec dostali na recepci, abychom se mohli odbavit do hotelu. Tento proces prob\u011bhnul bezprobl\u00e9mov\u011b. K dispozici jsou zde v\u0161echny standardn\u00ed hotelov\u00e9 slu\u017eby, kter\u00e9 jsou typick\u00e9 pro p\u011btihv\u011bzdi\u010dkov\u00fd hotel. Brzy pot\u00e9 jsme mohli p\u0159ej\u00edt do na\u0161eho pokoje Premier.<\/p>\n\n\n\n<p>V lobby je n\u011bkolik bar\u016f s \u017eivou hudbou a restauracemi.<\/p>\n\n\n\n<figure class=\"wp-block-image is-resized\"><img loading=\"lazy\" src=\"https:\/\/www.travelanddine.info\/wp-content\/uploads\/2019\/02\/image-110.png\" alt=\"\" class=\"wp-image-1660\" width=\"533\" height=\"352\" srcset=\"https:\/\/www.travelanddine.info\/wp-content\/uploads\/2019\/02\/image-110.png 614w, https:\/\/www.travelanddine.info\/wp-content\/uploads\/2019\/02\/image-110-300x198.png 300w\" sizes=\"(max-width: 533px) 100vw, 533px\" \/><\/figure>\n\n\n\n<figure class=\"wp-block-image is-resized\"><img loading=\"lazy\" src=\"https:\/\/www.travelanddine.info\/wp-content\/uploads\/2019\/02\/image-111.png\" alt=\"\" class=\"wp-image-1661\" width=\"539\" height=\"341\" srcset=\"https:\/\/www.travelanddine.info\/wp-content\/uploads\/2019\/02\/image-111.png 538w, https:\/\/www.travelanddine.info\/wp-content\/uploads\/2019\/02\/image-111-300x190.png 300w, https:\/\/www.travelanddine.info\/wp-content\/uploads\/2019\/02\/image-111-410x260.png 410w\" sizes=\"(max-width: 539px) 100vw, 539px\" \/><\/figure>\n\n\n\n<p><em>Um\u00edst\u011bn\u00ed hotelu<\/em><\/p>\n\n\n\n<p>Marina Bay Sands se nach\u00e1z\u00ed v srdci Singapursk\u00e9 obchodn\u00ed a z\u00e1bavn\u00ed \u010dtvrti postaven\u00e9 na um\u011bl\u00e9 p\u016fd\u011b. Mezin\u00e1rodn\u00ed leti\u0161t\u011b Changi je vzd\u00e1len\u00e9 asi 30 minut j\u00edzdy. K&nbsp;ikonick\u00e9 font\u00e1n\u011b Merlion \u2013 symbolu m\u011bsta \u2013 se d\u00e1 proj\u00edt proch\u00e1zkou. V are\u00e1lu je velk\u00e1 n\u00e1kupn\u00ed ark\u00e1da s&nbsp;obchody sv\u011btov\u00fdch \u0161pi\u010dkov\u00fdch m\u00f3dn\u00edch zna\u010dek, divadeln\u00ed a muzik\u00e1lov\u00e1 p\u0159edstaven\u00ed, kasino a mnoho dal\u0161\u00edho. Gardens by the Bay, tropick\u00fd park s um\u011bl\u00fdmi sv\u00edt\u00edc\u00edmi stromy, se nach\u00e1zej\u00ed hned za hotelem. Sampan Ride proveze hosty v \u010d\u00ednsk\u00e9 d\u0159ev\u011bn\u00e9 lodi po m\u00edstn\u00edm kan\u00e1lu. Host\u00e9 mohou str\u00e1vit cel\u00e9 dny v komplexu Marina Bay Sands, ani\u017e by vid\u011bli n\u011bco jin\u00e9ho z tohoto b\u00e1je\u010dn\u00e9ho m\u011bsta.<\/p>\n\n\n\n<p><em>Hotelov\u00fd pokoj<\/em><\/p>\n\n\n\n<p>Hotel m\u00e1 v\u00edce ne\u017e 2 500 pokoj\u016f a apartm\u00e1n\u016f. N\u00e1\u0161 pokoj Premier o rozloze 42m2 byl dostate\u010dn\u011b prostorn\u00fd a pohodln\u00fd. Z balkonu pokoje byl fantastick\u00fdm v\u00fdhled. Balkon je opravdu velk\u00e9 plus. Dekor pokoje je modern\u00ed v \u0161ed\u00e9 a tmav\u011b hn\u011bd\u00e9 barv\u011b. Pokoj je vybaven velk\u00fdmi pohodln\u00fdmi postelemi, pracovn\u00edm stolem s \u017eidl\u00ed, konferen\u010dn\u00edm stolkem a k\u0159eslem, velkou interaktivn\u00ed tenkou TV, minibarem, trezorem a velmi p\u0159\u00edjemn\u00fdmi \u017eupany. V koupeln\u011b je vana v butikov\u00e9m stylu, sklen\u011bn\u00fd sprchov\u00fd kout, dv\u011b umyvadla v mramoru a zna\u010dkov\u00e9 toaletn\u00ed pot\u0159eby.<\/p>\n\n\n\n<p>Host\u00e9 pokoj\u016f Premier maj\u00ed p\u0159\u00edstup do ikonick\u00e9ho baz\u00e9nu Infinity, kter\u00fd se nach\u00e1z\u00ed na st\u0159e\u0161e hotelu, a do fitness klubu Banyan Tree. Sn\u00eddan\u011b, stejn\u011b jako jin\u00e1 j\u00eddla serv\u00edrov\u00e1na p\u0159\u00edmo na pokoj, jsou zpoplatn\u011bna za pom\u011brn\u011b vysokou cenu.<\/p>\n\n\n\n<figure class=\"wp-block-image is-resized\"><img loading=\"lazy\" src=\"https:\/\/www.travelanddine.info\/wp-content\/uploads\/2019\/02\/image-112.png\" alt=\"\" class=\"wp-image-1662\" width=\"489\" height=\"196\" srcset=\"https:\/\/www.travelanddine.info\/wp-content\/uploads\/2019\/02\/image-112.png 500w, https:\/\/www.travelanddine.info\/wp-content\/uploads\/2019\/02\/image-112-300x120.png 300w\" sizes=\"(max-width: 489px) 100vw, 489px\" \/><\/figure>\n\n\n\n<figure class=\"wp-block-image is-resized\"><img loading=\"lazy\" src=\"https:\/\/www.travelanddine.info\/wp-content\/uploads\/2019\/02\/image-113.png\" alt=\"\" class=\"wp-image-1663\" width=\"494\" height=\"370\" srcset=\"https:\/\/www.travelanddine.info\/wp-content\/uploads\/2019\/02\/image-113.png 515w, https:\/\/www.travelanddine.info\/wp-content\/uploads\/2019\/02\/image-113-300x225.png 300w\" sizes=\"(max-width: 494px) 100vw, 494px\" \/><\/figure>\n\n\n\n<p><em>Restaurace a j\u00eddlo<\/em><\/p>\n\n\n\n<p>Pokud se nem\u00fdl\u00edm, v hotelu je v\u00edce ne\u017e 80 restaurac\u00ed mnoha mezin\u00e1rodn\u00edch kuchyn\u00ed, od francouzsk\u00e9 a\u017e po italskou, americkou, \u010d\u00ednskou, japonskou, indickou, halal j\u00eddla a mnoho dal\u0161\u00edch. N\u011bkter\u00e9 z restaurac\u00ed jsou mezin\u00e1rodn\u011b ocen\u011bny, jako nap\u0159\u00edklad<em>Bread Street Kitchen od Gordona Ramsaye<\/em>s&nbsp;klasick\u00fdm britsk\u00fdm j\u00eddeln\u00ed\u010dkem. Nebo&nbsp;<em>Club 55<\/em>, barov\u00fd salonek vyhrazen\u00fd v\u00fdhradn\u011b pro hotelov\u00e9 hosty, nab\u00edz\u00ed \u00fa\u017easn\u00fd v\u00fdhled na m\u011bsto, zat\u00edmco je mo\u017en\u00e9 si pop\u00edjet n\u00e1poje a koktejly nebo si zakousnout mal\u00e9 ob\u010derstven\u00ed. Nen\u00ed mo\u017en\u00e9 popsat v\u0161echny restaurace a bary, proto\u017ee jejich po\u010det v hotelu je t\u00e9m\u011b\u0159 nepopsateln\u00fd.<\/p>\n\n\n\n<figure class=\"wp-block-image is-resized\"><img loading=\"lazy\" src=\"https:\/\/www.travelanddine.info\/wp-content\/uploads\/2019\/02\/image-114.png\" alt=\"\" class=\"wp-image-1664\" width=\"449\" height=\"288\" srcset=\"https:\/\/www.travelanddine.info\/wp-content\/uploads\/2019\/02\/image-114.png 512w, https:\/\/www.travelanddine.info\/wp-content\/uploads\/2019\/02\/image-114-300x192.png 300w\" sizes=\"(max-width: 449px) 100vw, 449px\" \/><\/figure>\n\n\n\n<p><em>Mo\u017enosti pro voln\u00fd \u010das&nbsp;<\/em><\/p>\n\n\n\n<p>Hotel m\u00e1 ikonick\u00fd baz\u00e9n Infinity, kter\u00fd se nach\u00e1z\u00ed na st\u0159e\u0161e budovy. Pouze hotelov\u00ed host\u00e9 maj\u00ed p\u0159\u00edstup do baz\u00e9nu s barem. Obrovsk\u00e9 kasino je velmi obl\u00edben\u00e9 zvl\u00e1\u0161t\u011b u asijsk\u00fdch turist\u016f, stovky hr\u00e1\u010d\u016f hraj\u00ed jak na hern\u00edch automatech, tak i ostatn\u00ed kasino hry. Banyan Tree Spa nab\u00edz\u00ed omlazuj\u00edc\u00ed k\u00fary v 55. pat\u0159e s kr\u00e1sn\u00fdm v\u00fdhledem.<\/p>\n\n\n\n<figure class=\"wp-block-image is-resized\"><img loading=\"lazy\" src=\"https:\/\/www.travelanddine.info\/wp-content\/uploads\/2019\/02\/image-116.png\" alt=\"\" class=\"wp-image-1666\" width=\"489\" height=\"245\" srcset=\"https:\/\/www.travelanddine.info\/wp-content\/uploads\/2019\/02\/image-116.png 705w, https:\/\/www.travelanddine.info\/wp-content\/uploads\/2019\/02\/image-116-300x151.png 300w\" sizes=\"(max-width: 489px) 100vw, 489px\" \/><\/figure>\n\n\n\n<figure class=\"wp-block-image is-resized\"><img loading=\"lazy\" src=\"https:\/\/www.travelanddine.info\/wp-content\/uploads\/2019\/02\/image-117.png\" alt=\"\" class=\"wp-image-1667\" width=\"495\" height=\"335\" srcset=\"https:\/\/www.travelanddine.info\/wp-content\/uploads\/2019\/02\/image-117.png 500w, https:\/\/www.travelanddine.info\/wp-content\/uploads\/2019\/02\/image-117-300x203.png 300w, https:\/\/www.travelanddine.info\/wp-content\/uploads\/2019\/02\/image-117-414x279.png 414w\" sizes=\"(max-width: 495px) 100vw, 495px\" \/><\/figure>\n\n\n\n<p><em>Z\u00e1v\u011br<\/em><\/p>\n\n\n\n<p>Nejlep\u0161\u00ed pro : jedine\u010dnost hotelu&nbsp;<\/p>\n\n\n\n<p>Cena pokoje : od 380,- EUR \/ Premier room<\/p>\n\n\n\n<p>Kontakt : <a href=\"https:\/\/www.marinabaysands.com\/\" target=\"_blank\" rel=\"noreferrer noopener\" aria-label=\"https:\/\/www.marinabaysands.com\/ (otev\u0159e se na nov\u00e9 z\u00e1lo\u017ece)\">https:\/\/www.marinabaysands.com\/<\/a><\/p>\n\n\n\n<p>10 Bayfront Avenue<\/p>\n\n\n\n<p>Singapore 018956\t<\/p>\n\n\n\n<p>Tel: +65 6688 8888<\/p>\n\n\n\n<p>Jedine\u010dn\u00e9, s vysok\u00fdmi cenami a p\u0159epln\u011bn\u00e9.&nbsp;<br><\/p>\n\n\n\n<p><\/p>\n","protected":false},"excerpt":{"rendered":"<p>Hotelov\u00fd \u0159et\u011bzec a v\u011brnostn\u00ed program Hotelov\u00fd komplex je sou\u010d\u00e1st\u00ed korporace Las Vegas Sands Corporations provozuj\u00edc\u00ed hotelov\u00e9 a kas\u00edno komplexy v USA a Macau v \u010c\u00edn\u011b. Sands Rewards Club je jej\u00ed v\u011brnostn\u00ed program. Hotelov\u00e9 lobby Je nutno \u0159\u00edci, \u017ee Marina Bay&#8230;<\/p>\n","protected":false},"author":1,"featured_media":0,"parent":1626,"menu_order":0,"comment_status":"closed","ping_status":"closed","template":"","meta":[],"yoast_head":"<!-- This site is optimized with the Yoast SEO plugin v17.0 - https:\/\/yoast.com\/wordpress\/plugins\/seo\/ -->\n<title>MARINA BAY SANDS HOTEL - Premium Travel&amp;Dine Info<\/title>\n<meta name=\"robots\" content=\"index, follow, max-snippet:-1, max-image-preview:large, max-video-preview:-1\" \/>\n<link rel=\"canonical\" href=\"https:\/\/www.travelanddine.info\/index.php\/singapur\/marina-bay-sands-hotel\/\" \/>\n<meta property=\"og:locale\" content=\"cs_CZ\" \/>\n<meta property=\"og:type\" content=\"article\" \/>\n<meta property=\"og:title\" content=\"MARINA BAY SANDS HOTEL - Premium Travel&amp;Dine Info\" \/>\n<meta property=\"og:description\" content=\"Hotelov\u00fd \u0159et\u011bzec a v\u011brnostn\u00ed program Hotelov\u00fd komplex je sou\u010d\u00e1st\u00ed korporace Las Vegas Sands Corporations provozuj\u00edc\u00ed hotelov\u00e9 a kas\u00edno komplexy v USA a Macau v \u010c\u00edn\u011b. Sands Rewards Club je jej\u00ed v\u011brnostn\u00ed program. Hotelov\u00e9 lobby Je nutno \u0159\u00edci, \u017ee Marina Bay...\" \/>\n<meta property=\"og:url\" content=\"https:\/\/www.travelanddine.info\/index.php\/singapur\/marina-bay-sands-hotel\/\" \/>\n<meta property=\"og:site_name\" content=\"Premium Travel&amp;Dine Info\" \/>\n<meta property=\"article:publisher\" content=\"http:\/\/www.facebook.com\/PremiumTravelAndDineInfo\" \/>\n<meta property=\"article:modified_time\" content=\"2021-07-21T08:20:57+00:00\" \/>\n<meta property=\"og:image\" content=\"http:\/\/www.travelanddine.info\/wp-content\/uploads\/2019\/06\/image-109-2.png\" \/>\n<meta name=\"twitter:card\" content=\"summary_large_image\" \/>\n<meta name=\"twitter:label1\" content=\"Odhadovan\u00e1 doba \u010dten\u00ed\" \/>\n\t<meta name=\"twitter:data1\" content=\"5 minut\" \/>\n<script type=\"application\/ld+json\" class=\"yoast-schema-graph\">{\"@context\":\"https:\/\/schema.org\",\"@graph\":[{\"@type\":\"Organization\",\"@id\":\"https:\/\/www.travelanddine.info\/#organization\",\"name\":\"Premium Travel & Dine Info\",\"url\":\"https:\/\/www.travelanddine.info\/\",\"sameAs\":[\"http:\/\/www.facebook.com\/PremiumTravelAndDineInfo\",\"https:\/\/www.instagram.com\/premium_travel_and_dine_info\/\",\"https:\/\/www.youtube.com\/channel\/UCq4d7zmKK3AOuzDrR1p_2Qw\/featured?disable_polymer=1\"],\"logo\":{\"@type\":\"ImageObject\",\"@id\":\"https:\/\/www.travelanddine.info\/#logo\",\"inLanguage\":\"cs\",\"url\":\"https:\/\/www.travelanddine.info\/wp-content\/uploads\/2019\/01\/logo-premium-e1547240252292.jpg\",\"contentUrl\":\"https:\/\/www.travelanddine.info\/wp-content\/uploads\/2019\/01\/logo-premium-e1547240252292.jpg\",\"width\":1000,\"height\":406,\"caption\":\"Premium Travel & Dine Info\"},\"image\":{\"@id\":\"https:\/\/www.travelanddine.info\/#logo\"}},{\"@type\":\"WebSite\",\"@id\":\"https:\/\/www.travelanddine.info\/#website\",\"url\":\"https:\/\/www.travelanddine.info\/\",\"name\":\"Premium Travel&amp;Dine Info\",\"description\":\"tipy, doporu\\u010den\\u00ed, informace.. pro ty, kte\\u0159\\u00ed maj\\u00ed r\\u00e1di cestov\\u00e1n\\u00ed na vysok\\u00e9 \\u00farovni a skv\\u011bl\\u00e9 j\\u00eddlo\",\"publisher\":{\"@id\":\"https:\/\/www.travelanddine.info\/#organization\"},\"potentialAction\":[{\"@type\":\"SearchAction\",\"target\":{\"@type\":\"EntryPoint\",\"urlTemplate\":\"https:\/\/www.travelanddine.info\/?s={search_term_string}\"},\"query-input\":\"required name=search_term_string\"}],\"inLanguage\":\"cs\"},{\"@type\":\"ImageObject\",\"@id\":\"https:\/\/www.travelanddine.info\/index.php\/singapur\/marina-bay-sands-hotel\/#primaryimage\",\"inLanguage\":\"cs\",\"url\":\"http:\/\/www.travelanddine.info\/wp-content\/uploads\/2019\/06\/image-109-2.png\",\"contentUrl\":\"http:\/\/www.travelanddine.info\/wp-content\/uploads\/2019\/06\/image-109-2.png\"},{\"@type\":\"WebPage\",\"@id\":\"https:\/\/www.travelanddine.info\/index.php\/singapur\/marina-bay-sands-hotel\/#webpage\",\"url\":\"https:\/\/www.travelanddine.info\/index.php\/singapur\/marina-bay-sands-hotel\/\",\"name\":\"MARINA BAY SANDS HOTEL - Premium Travel&amp;Dine Info\",\"isPartOf\":{\"@id\":\"https:\/\/www.travelanddine.info\/#website\"},\"primaryImageOfPage\":{\"@id\":\"https:\/\/www.travelanddine.info\/index.php\/singapur\/marina-bay-sands-hotel\/#primaryimage\"},\"datePublished\":\"2019-02-16T22:23:46+00:00\",\"dateModified\":\"2021-07-21T08:20:57+00:00\",\"breadcrumb\":{\"@id\":\"https:\/\/www.travelanddine.info\/index.php\/singapur\/marina-bay-sands-hotel\/#breadcrumb\"},\"inLanguage\":\"cs\",\"potentialAction\":[{\"@type\":\"ReadAction\",\"target\":[\"https:\/\/www.travelanddine.info\/index.php\/singapur\/marina-bay-sands-hotel\/\"]}]},{\"@type\":\"BreadcrumbList\",\"@id\":\"https:\/\/www.travelanddine.info\/index.php\/singapur\/marina-bay-sands-hotel\/#breadcrumb\",\"itemListElement\":[{\"@type\":\"ListItem\",\"position\":1,\"name\":\"Dom\\u016f\",\"item\":\"https:\/\/www.travelanddine.info\/index.php\/en\/home\/\"},{\"@type\":\"ListItem\",\"position\":2,\"name\":\"Singapur\",\"item\":\"https:\/\/www.travelanddine.info\/index.php\/singapur\/\"},{\"@type\":\"ListItem\",\"position\":3,\"name\":\"MARINA BAY SANDS HOTEL\"}]}]}<\/script>\n<!-- \/ Yoast SEO plugin. -->","yoast_head_json":{"title":"MARINA BAY SANDS HOTEL - Premium Travel&amp;Dine Info","robots":{"index":"index","follow":"follow","max-snippet":"max-snippet:-1","max-image-preview":"max-image-preview:large","max-video-preview":"max-video-preview:-1"},"canonical":"https:\/\/www.travelanddine.info\/index.php\/singapur\/marina-bay-sands-hotel\/","og_locale":"cs_CZ","og_type":"article","og_title":"MARINA BAY SANDS HOTEL - Premium Travel&amp;Dine Info","og_description":"Hotelov\u00fd \u0159et\u011bzec a v\u011brnostn\u00ed program Hotelov\u00fd komplex je sou\u010d\u00e1st\u00ed korporace Las Vegas Sands Corporations provozuj\u00edc\u00ed hotelov\u00e9 a kas\u00edno komplexy v USA a Macau v \u010c\u00edn\u011b. Sands Rewards Club je jej\u00ed v\u011brnostn\u00ed program. Hotelov\u00e9 lobby Je nutno \u0159\u00edci, \u017ee Marina Bay...","og_url":"https:\/\/www.travelanddine.info\/index.php\/singapur\/marina-bay-sands-hotel\/","og_site_name":"Premium Travel&amp;Dine Info","article_publisher":"http:\/\/www.facebook.com\/PremiumTravelAndDineInfo","article_modified_time":"2021-07-21T08:20:57+00:00","og_image":[{"url":"http:\/\/www.travelanddine.info\/wp-content\/uploads\/2019\/06\/image-109-2.png"}],"twitter_card":"summary_large_image","twitter_misc":{"Odhadovan\u00e1 doba \u010dten\u00ed":"5 minut"},"schema":{"@context":"https:\/\/schema.org","@graph":[{"@type":"Organization","@id":"https:\/\/www.travelanddine.info\/#organization","name":"Premium Travel & Dine Info","url":"https:\/\/www.travelanddine.info\/","sameAs":["http:\/\/www.facebook.com\/PremiumTravelAndDineInfo","https:\/\/www.instagram.com\/premium_travel_and_dine_info\/","https:\/\/www.youtube.com\/channel\/UCq4d7zmKK3AOuzDrR1p_2Qw\/featured?disable_polymer=1"],"logo":{"@type":"ImageObject","@id":"https:\/\/www.travelanddine.info\/#logo","inLanguage":"cs","url":"https:\/\/www.travelanddine.info\/wp-content\/uploads\/2019\/01\/logo-premium-e1547240252292.jpg","contentUrl":"https:\/\/www.travelanddine.info\/wp-content\/uploads\/2019\/01\/logo-premium-e1547240252292.jpg","width":1000,"height":406,"caption":"Premium Travel & Dine Info"},"image":{"@id":"https:\/\/www.travelanddine.info\/#logo"}},{"@type":"WebSite","@id":"https:\/\/www.travelanddine.info\/#website","url":"https:\/\/www.travelanddine.info\/","name":"Premium Travel&amp;Dine Info","description":"tipy, doporu\u010den\u00ed, informace.. pro ty, kte\u0159\u00ed maj\u00ed r\u00e1di cestov\u00e1n\u00ed na vysok\u00e9 \u00farovni a skv\u011bl\u00e9 j\u00eddlo","publisher":{"@id":"https:\/\/www.travelanddine.info\/#organization"},"potentialAction":[{"@type":"SearchAction","target":{"@type":"EntryPoint","urlTemplate":"https:\/\/www.travelanddine.info\/?s={search_term_string}"},"query-input":"required name=search_term_string"}],"inLanguage":"cs"},{"@type":"ImageObject","@id":"https:\/\/www.travelanddine.info\/index.php\/singapur\/marina-bay-sands-hotel\/#primaryimage","inLanguage":"cs","url":"http:\/\/www.travelanddine.info\/wp-content\/uploads\/2019\/06\/image-109-2.png","contentUrl":"http:\/\/www.travelanddine.info\/wp-content\/uploads\/2019\/06\/image-109-2.png"},{"@type":"WebPage","@id":"https:\/\/www.travelanddine.info\/index.php\/singapur\/marina-bay-sands-hotel\/#webpage","url":"https:\/\/www.travelanddine.info\/index.php\/singapur\/marina-bay-sands-hotel\/","name":"MARINA BAY SANDS HOTEL - Premium Travel&amp;Dine Info","isPartOf":{"@id":"https:\/\/www.travelanddine.info\/#website"},"primaryImageOfPage":{"@id":"https:\/\/www.travelanddine.info\/index.php\/singapur\/marina-bay-sands-hotel\/#primaryimage"},"datePublished":"2019-02-16T22:23:46+00:00","dateModified":"2021-07-21T08:20:57+00:00","breadcrumb":{"@id":"https:\/\/www.travelanddine.info\/index.php\/singapur\/marina-bay-sands-hotel\/#breadcrumb"},"inLanguage":"cs","potentialAction":[{"@type":"ReadAction","target":["https:\/\/www.travelanddine.info\/index.php\/singapur\/marina-bay-sands-hotel\/"]}]},{"@type":"BreadcrumbList","@id":"https:\/\/www.travelanddine.info\/index.php\/singapur\/marina-bay-sands-hotel\/#breadcrumb","itemListElement":[{"@type":"ListItem","position":1,"name":"Dom\u016f","item":"https:\/\/www.travelanddine.info\/index.php\/en\/home\/"},{"@type":"ListItem","position":2,"name":"Singapur","item":"https:\/\/www.travelanddine.info\/index.php\/singapur\/"},{"@type":"ListItem","position":3,"name":"MARINA BAY SANDS HOTEL"}]}]}},"_links":{"self":[{"href":"https:\/\/www.travelanddine.info\/index.php\/wp-json\/wp\/v2\/pages\/1658"}],"collection":[{"href":"https:\/\/www.travelanddine.info\/index.php\/wp-json\/wp\/v2\/pages"}],"about":[{"href":"https:\/\/www.travelanddine.info\/index.php\/wp-json\/wp\/v2\/types\/page"}],"author":[{"embeddable":true,"href":"https:\/\/www.travelanddine.info\/index.php\/wp-json\/wp\/v2\/users\/1"}],"replies":[{"embeddable":true,"href":"https:\/\/www.travelanddine.info\/index.php\/wp-json\/wp\/v2\/comments?post=1658"}],"version-history":[{"count":9,"href":"https:\/\/www.travelanddine.info\/index.php\/wp-json\/wp\/v2\/pages\/1658\/revisions"}],"predecessor-version":[{"id":4780,"href":"https:\/\/www.travelanddine.info\/index.php\/wp-json\/wp\/v2\/pages\/1658\/revisions\/4780"}],"up":[{"embeddable":true,"href":"https:\/\/www.travelanddine.info\/index.php\/wp-json\/wp\/v2\/pages\/1626"}],"wp:attachment":[{"href":"https:\/\/www.travelanddine.info\/index.php\/wp-json\/wp\/v2\/media?parent=1658"}],"curies":[{"name":"wp","href":"https:\/\/api.w.org\/{rel}","templated":true}]}}