{"id":1717,"date":"2019-02-17T10:46:06","date_gmt":"2019-02-17T10:46:06","guid":{"rendered":"http:\/\/www.travelanddine.info\/?page_id=1717"},"modified":"2019-07-09T21:40:07","modified_gmt":"2019-07-09T21:40:07","slug":"doubletree-by-hilton-baga-arpora-goa-2","status":"publish","type":"page","link":"https:\/\/www.travelanddine.info\/index.php\/indie\/doubletree-by-hilton-baga-arpora-goa-2\/","title":{"rendered":"DOUBLETREE BY HILTON, BAGA ARPORA GOA"},"content":{"rendered":"\n<figure class=\"wp-block-image\"><img loading=\"lazy\" width=\"577\" height=\"433\" src=\"https:\/\/www.travelanddine.info\/wp-content\/uploads\/2019\/02\/image-139.png\" alt=\"\" class=\"wp-image-1718\" srcset=\"https:\/\/www.travelanddine.info\/wp-content\/uploads\/2019\/02\/image-139.png 577w, https:\/\/www.travelanddine.info\/wp-content\/uploads\/2019\/02\/image-139-300x225.png 300w\" sizes=\"(max-width: 577px) 100vw, 577px\" \/><\/figure>\n\n\n\n<p><em>Hotelov\u00fd \u0159et\u011bzec a v\u011brnostn\u00ed program<\/em><\/p>\n\n\n\n<p>Celosv\u011btov\u00e1 s\u00ed\u0165 hotel\u016f Hilton hotels and resorts. Program Hilton Honors je aplikov\u00e1n.<\/p>\n\n\n\n<p><em>Hotelov\u00e9 lobby<\/em><\/p>\n\n\n\n<p>Chcete-li se dostat do hotelu, je nutn\u00e9 proj\u00edt malou pas\u00e1\u017e z ru\u0161n\u00e9 hlavn\u00ed silnice. V&nbsp;hotelov\u00fdm lobby se nach\u00e1z\u00ed recepce a lobby bar a rovn\u011b\u017e p\u0159\u00edstup k baz\u00e9nu z jedn\u00e9 strany a do restaurace Flame z druh\u00e9 strany.<br>P\u0159i odbaven\u00ed do hotelu jsem byl na recepci p\u0159iv\u00edt\u00e1n ovocnou \u0161\u0165\u00e1vou a typickou teplou su\u0161enkou Doubletree. Person\u00e1l byl p\u0159\u00e1telsk\u00fd a vst\u0159\u00edcn\u00fd, co na mn\u011b ud\u011blalo dobr\u00fd prvn\u00ed dojem. Do hotelu jsem se p\u0159ijel r\u00e1no, m\u016fj pokoj nebyl je\u0161t\u011b p\u0159ipraven\u00fd kv\u016fli pln\u00e9 obsazenosti. Nicm\u00e9n\u011b po dvou hodin\u00e1ch \u010dek\u00e1n\u00ed (b\u011bhem \u010dek\u00e1n\u00ed byla sn\u00eddani\u011b) jsem byl doprovozen do sv\u00e9ho pokoje, a\u010dkoli zb\u00fdvaly je\u0161t\u011b asi 4 hodiny k ofici\u00e1ln\u00edmu \u010dasu odbaven\u00ed.<br>V hotelu nen\u00ed sm\u011bn\u00e1rna. Hlavn\u00ed kreditn\u00ed karty jsou ale p\u0159ij\u00edm\u00e1ny.<\/p>\n\n\n\n<figure class=\"wp-block-image\"><img loading=\"lazy\" width=\"433\" height=\"577\" src=\"https:\/\/www.travelanddine.info\/wp-content\/uploads\/2019\/02\/image-140.png\" alt=\"\" class=\"wp-image-1719\" srcset=\"https:\/\/www.travelanddine.info\/wp-content\/uploads\/2019\/02\/image-140.png 433w, https:\/\/www.travelanddine.info\/wp-content\/uploads\/2019\/02\/image-140-225x300.png 225w\" sizes=\"(max-width: 433px) 100vw, 433px\" \/><\/figure>\n\n\n\n<figure class=\"wp-block-image\"><img loading=\"lazy\" width=\"433\" height=\"577\" src=\"https:\/\/www.travelanddine.info\/wp-content\/uploads\/2019\/02\/image-141.png\" alt=\"\" class=\"wp-image-1720\" srcset=\"https:\/\/www.travelanddine.info\/wp-content\/uploads\/2019\/02\/image-141.png 433w, https:\/\/www.travelanddine.info\/wp-content\/uploads\/2019\/02\/image-141-225x300.png 225w\" sizes=\"(max-width: 433px) 100vw, 433px\" \/><\/figure>\n\n\n\n<p><em>Um\u00edst\u011bn\u00ed hotelu<\/em><\/p>\n\n\n\n<p>V Severn\u00ed Goa, v oblasti Arpora. Mezin\u00e1rodn\u00ed leti\u0161t\u011b Goa Dabolim je asi hodinu j\u00edzdy. Hotel provozuje autobusovou dopravu na pl\u00e1\u017e Baga v&nbsp;hodinov\u00fdch intervalech. Pl\u00e1\u017e Baga je lemovan\u00e1 restauracemi, bary, obchody a pl\u00e1\u017eov\u00fdmi st\u00e1nky. Hotelov\u00e1 doprava ov\u0161em nen\u00ed spolehliv\u00e1, nebo\u0165 v dob\u011b odjezdu z pl\u00e1\u017ee Baga minibus nep\u0159ijel. \u010cekal jsem asi 15 minut a nakonec jsem musel vz\u00edt tax\u00edk, abych se vr\u00e1til zp\u011bt do hotelu.&nbsp;<\/p>\n\n\n\n<figure class=\"wp-block-image\"><img loading=\"lazy\" width=\"433\" height=\"577\" src=\"https:\/\/www.travelanddine.info\/wp-content\/uploads\/2019\/02\/image-142.png\" alt=\"\" class=\"wp-image-1721\" srcset=\"https:\/\/www.travelanddine.info\/wp-content\/uploads\/2019\/02\/image-142.png 433w, https:\/\/www.travelanddine.info\/wp-content\/uploads\/2019\/02\/image-142-225x300.png 225w\" sizes=\"(max-width: 433px) 100vw, 433px\" \/><\/figure>\n\n\n\n<figure class=\"wp-block-image\"><img loading=\"lazy\" width=\"433\" height=\"577\" src=\"https:\/\/www.travelanddine.info\/wp-content\/uploads\/2019\/02\/image-143.png\" alt=\"\" class=\"wp-image-1722\" srcset=\"https:\/\/www.travelanddine.info\/wp-content\/uploads\/2019\/02\/image-143.png 433w, https:\/\/www.travelanddine.info\/wp-content\/uploads\/2019\/02\/image-143-225x300.png 225w\" sizes=\"(max-width: 433px) 100vw, 433px\" \/><\/figure>\n\n\n\n<p><em>Hotelov\u00e9 pokoje<\/em><\/p>\n\n\n\n<p>V\u00edce ne\u017e 100 pokoj\u016f a apartm\u00e1n\u016f m\u00e1 v\u00fdhled bu\u010f na lagunu nebo na hotelov\u00fd baz\u00e9nu. V\u0161echny pokoje maj\u00ed balkon s&nbsp;mal\u00fdm stolkem a \u017eidlemi, mal\u00fdm psac\u00edm stolem, velkou plochou TV, minibarem, rychlovarnou konvic\u00ed, konferen\u010dn\u00edm stolkem se k\u0159esly, velkou postel\u00ed, klimatizac\u00ed a stropn\u00edm ventil\u00e1torem. Pokoj je za\u0159\u00edzen\u00fd v odst\u00ednu tmav\u00e9ho d\u0159eva. Dekor je zastaral\u00fd a p\u0159ipom\u00edn\u00e1 kvalitn\u00ed hotely z osmdes\u00e1t\u00fdch let minul\u00e9ho stolet\u00ed. V pokoji je dla\u017edicov\u00e1 podlaha bez koberce. Za vstupn\u00edmi dve\u0159mi je um\u00edst\u011bna \u0161atn\u00ed sk\u0159\u00ed\u0148 s trezorem.<br>WIFI je zdarma, ale p\u0159ipojen\u00ed m\u016f\u017ee b\u00fdt velmi nestabiln\u00ed a n\u011bkdy \u00fapln\u011b spadne. K dispozici je mo\u017enost vylep\u0161en\u00e9ho p\u0159ipojen\u00ed k wifi za poplatek. Tuto nab\u00eddku jsem neshledal jako v\u00fdhodnou, proto\u017ee rychlost p\u0159ipojen\u00ed se p\u0159\u00edli\u0161 nezm\u011bnila.<\/p>\n\n\n\n<figure class=\"wp-block-image\"><img loading=\"lazy\" width=\"577\" height=\"433\" src=\"https:\/\/www.travelanddine.info\/wp-content\/uploads\/2019\/02\/image-144.png\" alt=\"\" class=\"wp-image-1723\" srcset=\"https:\/\/www.travelanddine.info\/wp-content\/uploads\/2019\/02\/image-144.png 577w, https:\/\/www.travelanddine.info\/wp-content\/uploads\/2019\/02\/image-144-300x225.png 300w\" sizes=\"(max-width: 577px) 100vw, 577px\" \/><\/figure>\n\n\n\n<figure class=\"wp-block-image\"><img loading=\"lazy\" width=\"577\" height=\"433\" src=\"https:\/\/www.travelanddine.info\/wp-content\/uploads\/2019\/02\/image-145.png\" alt=\"\" class=\"wp-image-1724\" srcset=\"https:\/\/www.travelanddine.info\/wp-content\/uploads\/2019\/02\/image-145.png 577w, https:\/\/www.travelanddine.info\/wp-content\/uploads\/2019\/02\/image-145-300x225.png 300w\" sizes=\"(max-width: 577px) 100vw, 577px\" \/><\/figure>\n\n\n\n<p><em>Restaurace a j\u00eddlo<\/em><\/p>\n\n\n\n<p>V hotelu jsou 2 restaurace a jeden lobby bar. V restauraci&nbsp;<em>Flame<\/em>se pod\u00e1v\u00e1j\u00ed sn\u00eddan\u011b, kter\u00e9 jsou dobr\u00e1. Velk\u00fd v\u00fdb\u011br &#8211; koutek s \u010derstv\u00fdmi d\u017eusy, omeleta na vy\u017e\u00e1d\u00e1n\u00ed, kontinent\u00e1ln\u00ed a americk\u00e1 sn\u00eddan\u011b, indick\u00e1 masov\u00e1 i bezmasov\u00e1 sn\u00eddan\u011b . J\u00eddlo je \u010derstv\u00e9 a chutn\u00e9. Person\u00e1l je zdvo\u0159il\u00fd a k dispozici. V restauraci&nbsp;<em>Flame<\/em>se po sn\u00eddan\u00edch pod\u00e1vaj\u00ed j\u00eddla indick\u00e9 a z\u00e1padn\u00ed kuchyn\u011b.<br>Restaurace&nbsp;<em>TAAL<\/em>, kter\u00e1 se nach\u00e1z\u00ed v bl\u00edzkosti baz\u00e9nu, nab\u00edz\u00ed indick\u00e9 speciality.&nbsp;<em>Caffeine Lobby Bar<\/em>je kav\u00e1rna, kter\u00e1 nab\u00edz\u00ed mal\u00e9 ob\u010derstven\u00ed, stejn\u011b tak jako koktejly a n\u00e1poje.<\/p>\n\n\n\n<figure class=\"wp-block-image\"><img loading=\"lazy\" width=\"433\" height=\"577\" src=\"https:\/\/www.travelanddine.info\/wp-content\/uploads\/2019\/02\/image-146.png\" alt=\"\" class=\"wp-image-1725\" srcset=\"https:\/\/www.travelanddine.info\/wp-content\/uploads\/2019\/02\/image-146.png 433w, https:\/\/www.travelanddine.info\/wp-content\/uploads\/2019\/02\/image-146-225x300.png 225w\" sizes=\"(max-width: 433px) 100vw, 433px\" \/><\/figure>\n\n\n\n<figure class=\"wp-block-image\"><img loading=\"lazy\" width=\"433\" height=\"577\" src=\"https:\/\/www.travelanddine.info\/wp-content\/uploads\/2019\/02\/image-147.png\" alt=\"\" class=\"wp-image-1726\" srcset=\"https:\/\/www.travelanddine.info\/wp-content\/uploads\/2019\/02\/image-147.png 433w, https:\/\/www.travelanddine.info\/wp-content\/uploads\/2019\/02\/image-147-225x300.png 225w\" sizes=\"(max-width: 433px) 100vw, 433px\" \/><\/figure>\n\n\n\n<p><em>Mo\u017enosti pro voln\u00fd \u010das<\/em><\/p>\n\n\n\n<p>V&nbsp;hotelu je k dispozici venkovn\u00ed baz\u00e9n, mal\u00e1 posilovna a l\u00e1ze\u0148sk\u00e9 slu\u017eby. Slu\u017eby pr\u00e1delny jsou k dispozici, ale nebyly vyzkou\u0161eny.<\/p>\n\n\n\n<figure class=\"wp-block-image\"><img loading=\"lazy\" width=\"577\" height=\"433\" src=\"https:\/\/www.travelanddine.info\/wp-content\/uploads\/2019\/02\/image-148.png\" alt=\"\" class=\"wp-image-1727\" srcset=\"https:\/\/www.travelanddine.info\/wp-content\/uploads\/2019\/02\/image-148.png 577w, https:\/\/www.travelanddine.info\/wp-content\/uploads\/2019\/02\/image-148-300x225.png 300w\" sizes=\"(max-width: 577px) 100vw, 577px\" \/><\/figure>\n\n\n\n<p><em>Z\u00e1v\u011br<\/em><\/p>\n\n\n\n<p>Neprop\u00e1sn\u011bte : ajurv\u00e9dsk\u00e9 mas\u00e1\u017ee pobl\u00ed\u017e hotelu. Skv\u011bl\u00e1 zku\u0161enost!!!<\/p>\n\n\n\n<p>Cena pokoje : 100,- Euro <br><\/p>\n\n\n\n<p>Kontakt : <a href=\"https:\/\/doubletree3.hilton.com\/en\/hotels\/india\/doubletree-by-hilton-hotel-goa-arpora-baga-GOIABDI\/index.html?WT.mc_id=zELWAKN0APAC1DT2DMH3LocalSearch4DGGenericx6GOIABDI\" target=\"_blank\" rel=\"noreferrer noopener\" aria-label=\"https:\/\/doubletree3.hilton.com\/en\/hotels\/india\/doubletree-by-hilton-hotel-goa-arpora-baga-GOIABDI\/index.html?WT.mc_id=zELWAKN0APAC1DT2DMH3LocalSearch4DGGenericx6GOIABDI (otev\u0159e se na nov\u00e9 z\u00e1lo\u017ece)\">https:\/\/doubletree3.hilton.com\/en\/hotels\/india\/doubletree-by-hilton-hotel-goa-arpora-baga-GOIABDI\/index.html?WT.mc_id=zELWAKN0APAC1DT2DMH3LocalSearch4DGGenericx6GOIABDI<\/a><\/p>\n\n\n\n<p>Hotel je pova\u017eov\u00e1n za 5hv\u011bzdi\u010dkov\u00e9 za\u0159\u00edzen\u00ed. Z m\u00e9 osobn\u00ed zku\u0161enosti ov\u0161em s&nbsp;5 hv\u011bzdami nem\u00e1 nic spole\u010dn\u00e9ho. \u010cistota a za\u0159\u00edzen\u00ed pokoj\u016f by se mohlo zlep\u0161it. Person\u00e1l je mil\u00fd a zdvo\u0159il\u00fd, ale mus\u00edte po\u0159\u00e1d p\u0159ipom\u00ednat, co chcete, nap\u0159\u00edklad chyb\u011bj\u00edc\u00ed toaletn\u00ed pap\u00edr na toalet\u011b &#8230;<\/p>\n\n\n\n<p><\/p>\n","protected":false},"excerpt":{"rendered":"<p>Hotelov\u00fd \u0159et\u011bzec a v\u011brnostn\u00ed program Celosv\u011btov\u00e1 s\u00ed\u0165 hotel\u016f Hilton hotels and resorts. Program Hilton Honors je aplikov\u00e1n. Hotelov\u00e9 lobby Chcete-li se dostat do hotelu, je nutn\u00e9 proj\u00edt malou pas\u00e1\u017e z ru\u0161n\u00e9 hlavn\u00ed silnice. V&nbsp;hotelov\u00fdm lobby se nach\u00e1z\u00ed recepce a lobby&#8230;<\/p>\n","protected":false},"author":1,"featured_media":0,"parent":1686,"menu_order":0,"comment_status":"closed","ping_status":"closed","template":"","meta":[],"yoast_head":"<!-- This site is optimized with the Yoast SEO plugin v17.0 - https:\/\/yoast.com\/wordpress\/plugins\/seo\/ -->\n<title>DOUBLETREE BY HILTON, BAGA ARPORA GOA - Premium Travel&amp;Dine Info<\/title>\n<meta name=\"robots\" content=\"index, follow, max-snippet:-1, max-image-preview:large, max-video-preview:-1\" \/>\n<link rel=\"canonical\" href=\"https:\/\/www.travelanddine.info\/index.php\/indie\/doubletree-by-hilton-baga-arpora-goa-2\/\" \/>\n<meta property=\"og:locale\" content=\"cs_CZ\" \/>\n<meta property=\"og:type\" content=\"article\" \/>\n<meta property=\"og:title\" content=\"DOUBLETREE BY HILTON, BAGA ARPORA GOA - Premium Travel&amp;Dine Info\" \/>\n<meta property=\"og:description\" content=\"Hotelov\u00fd \u0159et\u011bzec a v\u011brnostn\u00ed program Celosv\u011btov\u00e1 s\u00ed\u0165 hotel\u016f Hilton hotels and resorts. Program Hilton Honors je aplikov\u00e1n. Hotelov\u00e9 lobby Chcete-li se dostat do hotelu, je nutn\u00e9 proj\u00edt malou pas\u00e1\u017e z ru\u0161n\u00e9 hlavn\u00ed silnice. V&nbsp;hotelov\u00fdm lobby se nach\u00e1z\u00ed recepce a lobby...\" \/>\n<meta property=\"og:url\" content=\"https:\/\/www.travelanddine.info\/index.php\/indie\/doubletree-by-hilton-baga-arpora-goa-2\/\" \/>\n<meta property=\"og:site_name\" content=\"Premium Travel&amp;Dine Info\" \/>\n<meta property=\"article:publisher\" content=\"http:\/\/www.facebook.com\/PremiumTravelAndDineInfo\" \/>\n<meta property=\"article:modified_time\" content=\"2019-07-09T21:40:07+00:00\" \/>\n<meta property=\"og:image\" content=\"http:\/\/www.travelanddine.info\/wp-content\/uploads\/2019\/02\/image-139.png\" \/>\n<meta name=\"twitter:card\" content=\"summary_large_image\" \/>\n<meta name=\"twitter:label1\" content=\"Odhadovan\u00e1 doba \u010dten\u00ed\" \/>\n\t<meta name=\"twitter:data1\" content=\"3 minuty\" \/>\n<script type=\"application\/ld+json\" class=\"yoast-schema-graph\">{\"@context\":\"https:\/\/schema.org\",\"@graph\":[{\"@type\":\"Organization\",\"@id\":\"https:\/\/www.travelanddine.info\/#organization\",\"name\":\"Premium Travel & Dine Info\",\"url\":\"https:\/\/www.travelanddine.info\/\",\"sameAs\":[\"http:\/\/www.facebook.com\/PremiumTravelAndDineInfo\",\"https:\/\/www.instagram.com\/premium_travel_and_dine_info\/\",\"https:\/\/www.youtube.com\/channel\/UCq4d7zmKK3AOuzDrR1p_2Qw\/featured?disable_polymer=1\"],\"logo\":{\"@type\":\"ImageObject\",\"@id\":\"https:\/\/www.travelanddine.info\/#logo\",\"inLanguage\":\"cs\",\"url\":\"https:\/\/www.travelanddine.info\/wp-content\/uploads\/2019\/01\/logo-premium-e1547240252292.jpg\",\"contentUrl\":\"https:\/\/www.travelanddine.info\/wp-content\/uploads\/2019\/01\/logo-premium-e1547240252292.jpg\",\"width\":1000,\"height\":406,\"caption\":\"Premium Travel & Dine Info\"},\"image\":{\"@id\":\"https:\/\/www.travelanddine.info\/#logo\"}},{\"@type\":\"WebSite\",\"@id\":\"https:\/\/www.travelanddine.info\/#website\",\"url\":\"https:\/\/www.travelanddine.info\/\",\"name\":\"Premium Travel&amp;Dine Info\",\"description\":\"tipy, doporu\\u010den\\u00ed, informace.. pro ty, kte\\u0159\\u00ed maj\\u00ed r\\u00e1di cestov\\u00e1n\\u00ed na vysok\\u00e9 \\u00farovni a skv\\u011bl\\u00e9 j\\u00eddlo\",\"publisher\":{\"@id\":\"https:\/\/www.travelanddine.info\/#organization\"},\"potentialAction\":[{\"@type\":\"SearchAction\",\"target\":{\"@type\":\"EntryPoint\",\"urlTemplate\":\"https:\/\/www.travelanddine.info\/?s={search_term_string}\"},\"query-input\":\"required name=search_term_string\"}],\"inLanguage\":\"cs\"},{\"@type\":\"ImageObject\",\"@id\":\"https:\/\/www.travelanddine.info\/index.php\/indie\/doubletree-by-hilton-baga-arpora-goa-2\/#primaryimage\",\"inLanguage\":\"cs\",\"url\":\"http:\/\/www.travelanddine.info\/wp-content\/uploads\/2019\/02\/image-139.png\",\"contentUrl\":\"http:\/\/www.travelanddine.info\/wp-content\/uploads\/2019\/02\/image-139.png\"},{\"@type\":\"WebPage\",\"@id\":\"https:\/\/www.travelanddine.info\/index.php\/indie\/doubletree-by-hilton-baga-arpora-goa-2\/#webpage\",\"url\":\"https:\/\/www.travelanddine.info\/index.php\/indie\/doubletree-by-hilton-baga-arpora-goa-2\/\",\"name\":\"DOUBLETREE BY HILTON, BAGA ARPORA GOA - Premium Travel&amp;Dine Info\",\"isPartOf\":{\"@id\":\"https:\/\/www.travelanddine.info\/#website\"},\"primaryImageOfPage\":{\"@id\":\"https:\/\/www.travelanddine.info\/index.php\/indie\/doubletree-by-hilton-baga-arpora-goa-2\/#primaryimage\"},\"datePublished\":\"2019-02-17T10:46:06+00:00\",\"dateModified\":\"2019-07-09T21:40:07+00:00\",\"breadcrumb\":{\"@id\":\"https:\/\/www.travelanddine.info\/index.php\/indie\/doubletree-by-hilton-baga-arpora-goa-2\/#breadcrumb\"},\"inLanguage\":\"cs\",\"potentialAction\":[{\"@type\":\"ReadAction\",\"target\":[\"https:\/\/www.travelanddine.info\/index.php\/indie\/doubletree-by-hilton-baga-arpora-goa-2\/\"]}]},{\"@type\":\"BreadcrumbList\",\"@id\":\"https:\/\/www.travelanddine.info\/index.php\/indie\/doubletree-by-hilton-baga-arpora-goa-2\/#breadcrumb\",\"itemListElement\":[{\"@type\":\"ListItem\",\"position\":1,\"name\":\"Dom\\u016f\",\"item\":\"https:\/\/www.travelanddine.info\/index.php\/en\/home\/\"},{\"@type\":\"ListItem\",\"position\":2,\"name\":\"Indie\",\"item\":\"https:\/\/www.travelanddine.info\/index.php\/indie\/\"},{\"@type\":\"ListItem\",\"position\":3,\"name\":\"DOUBLETREE BY HILTON, BAGA ARPORA GOA\"}]}]}<\/script>\n<!-- \/ Yoast SEO plugin. -->","yoast_head_json":{"title":"DOUBLETREE BY HILTON, BAGA ARPORA GOA - Premium Travel&amp;Dine Info","robots":{"index":"index","follow":"follow","max-snippet":"max-snippet:-1","max-image-preview":"max-image-preview:large","max-video-preview":"max-video-preview:-1"},"canonical":"https:\/\/www.travelanddine.info\/index.php\/indie\/doubletree-by-hilton-baga-arpora-goa-2\/","og_locale":"cs_CZ","og_type":"article","og_title":"DOUBLETREE BY HILTON, BAGA ARPORA GOA - Premium Travel&amp;Dine Info","og_description":"Hotelov\u00fd \u0159et\u011bzec a v\u011brnostn\u00ed program Celosv\u011btov\u00e1 s\u00ed\u0165 hotel\u016f Hilton hotels and resorts. Program Hilton Honors je aplikov\u00e1n. Hotelov\u00e9 lobby Chcete-li se dostat do hotelu, je nutn\u00e9 proj\u00edt malou pas\u00e1\u017e z ru\u0161n\u00e9 hlavn\u00ed silnice. V&nbsp;hotelov\u00fdm lobby se nach\u00e1z\u00ed recepce a lobby...","og_url":"https:\/\/www.travelanddine.info\/index.php\/indie\/doubletree-by-hilton-baga-arpora-goa-2\/","og_site_name":"Premium Travel&amp;Dine Info","article_publisher":"http:\/\/www.facebook.com\/PremiumTravelAndDineInfo","article_modified_time":"2019-07-09T21:40:07+00:00","og_image":[{"url":"http:\/\/www.travelanddine.info\/wp-content\/uploads\/2019\/02\/image-139.png"}],"twitter_card":"summary_large_image","twitter_misc":{"Odhadovan\u00e1 doba \u010dten\u00ed":"3 minuty"},"schema":{"@context":"https:\/\/schema.org","@graph":[{"@type":"Organization","@id":"https:\/\/www.travelanddine.info\/#organization","name":"Premium Travel & Dine Info","url":"https:\/\/www.travelanddine.info\/","sameAs":["http:\/\/www.facebook.com\/PremiumTravelAndDineInfo","https:\/\/www.instagram.com\/premium_travel_and_dine_info\/","https:\/\/www.youtube.com\/channel\/UCq4d7zmKK3AOuzDrR1p_2Qw\/featured?disable_polymer=1"],"logo":{"@type":"ImageObject","@id":"https:\/\/www.travelanddine.info\/#logo","inLanguage":"cs","url":"https:\/\/www.travelanddine.info\/wp-content\/uploads\/2019\/01\/logo-premium-e1547240252292.jpg","contentUrl":"https:\/\/www.travelanddine.info\/wp-content\/uploads\/2019\/01\/logo-premium-e1547240252292.jpg","width":1000,"height":406,"caption":"Premium Travel & Dine Info"},"image":{"@id":"https:\/\/www.travelanddine.info\/#logo"}},{"@type":"WebSite","@id":"https:\/\/www.travelanddine.info\/#website","url":"https:\/\/www.travelanddine.info\/","name":"Premium Travel&amp;Dine Info","description":"tipy, doporu\u010den\u00ed, informace.. pro ty, kte\u0159\u00ed maj\u00ed r\u00e1di cestov\u00e1n\u00ed na vysok\u00e9 \u00farovni a skv\u011bl\u00e9 j\u00eddlo","publisher":{"@id":"https:\/\/www.travelanddine.info\/#organization"},"potentialAction":[{"@type":"SearchAction","target":{"@type":"EntryPoint","urlTemplate":"https:\/\/www.travelanddine.info\/?s={search_term_string}"},"query-input":"required name=search_term_string"}],"inLanguage":"cs"},{"@type":"ImageObject","@id":"https:\/\/www.travelanddine.info\/index.php\/indie\/doubletree-by-hilton-baga-arpora-goa-2\/#primaryimage","inLanguage":"cs","url":"http:\/\/www.travelanddine.info\/wp-content\/uploads\/2019\/02\/image-139.png","contentUrl":"http:\/\/www.travelanddine.info\/wp-content\/uploads\/2019\/02\/image-139.png"},{"@type":"WebPage","@id":"https:\/\/www.travelanddine.info\/index.php\/indie\/doubletree-by-hilton-baga-arpora-goa-2\/#webpage","url":"https:\/\/www.travelanddine.info\/index.php\/indie\/doubletree-by-hilton-baga-arpora-goa-2\/","name":"DOUBLETREE BY HILTON, BAGA ARPORA GOA - Premium Travel&amp;Dine Info","isPartOf":{"@id":"https:\/\/www.travelanddine.info\/#website"},"primaryImageOfPage":{"@id":"https:\/\/www.travelanddine.info\/index.php\/indie\/doubletree-by-hilton-baga-arpora-goa-2\/#primaryimage"},"datePublished":"2019-02-17T10:46:06+00:00","dateModified":"2019-07-09T21:40:07+00:00","breadcrumb":{"@id":"https:\/\/www.travelanddine.info\/index.php\/indie\/doubletree-by-hilton-baga-arpora-goa-2\/#breadcrumb"},"inLanguage":"cs","potentialAction":[{"@type":"ReadAction","target":["https:\/\/www.travelanddine.info\/index.php\/indie\/doubletree-by-hilton-baga-arpora-goa-2\/"]}]},{"@type":"BreadcrumbList","@id":"https:\/\/www.travelanddine.info\/index.php\/indie\/doubletree-by-hilton-baga-arpora-goa-2\/#breadcrumb","itemListElement":[{"@type":"ListItem","position":1,"name":"Dom\u016f","item":"https:\/\/www.travelanddine.info\/index.php\/en\/home\/"},{"@type":"ListItem","position":2,"name":"Indie","item":"https:\/\/www.travelanddine.info\/index.php\/indie\/"},{"@type":"ListItem","position":3,"name":"DOUBLETREE BY HILTON, BAGA ARPORA GOA"}]}]}},"_links":{"self":[{"href":"https:\/\/www.travelanddine.info\/index.php\/wp-json\/wp\/v2\/pages\/1717"}],"collection":[{"href":"https:\/\/www.travelanddine.info\/index.php\/wp-json\/wp\/v2\/pages"}],"about":[{"href":"https:\/\/www.travelanddine.info\/index.php\/wp-json\/wp\/v2\/types\/page"}],"author":[{"embeddable":true,"href":"https:\/\/www.travelanddine.info\/index.php\/wp-json\/wp\/v2\/users\/1"}],"replies":[{"embeddable":true,"href":"https:\/\/www.travelanddine.info\/index.php\/wp-json\/wp\/v2\/comments?post=1717"}],"version-history":[{"count":6,"href":"https:\/\/www.travelanddine.info\/index.php\/wp-json\/wp\/v2\/pages\/1717\/revisions"}],"predecessor-version":[{"id":3418,"href":"https:\/\/www.travelanddine.info\/index.php\/wp-json\/wp\/v2\/pages\/1717\/revisions\/3418"}],"up":[{"embeddable":true,"href":"https:\/\/www.travelanddine.info\/index.php\/wp-json\/wp\/v2\/pages\/1686"}],"wp:attachment":[{"href":"https:\/\/www.travelanddine.info\/index.php\/wp-json\/wp\/v2\/media?parent=1717"}],"curies":[{"name":"wp","href":"https:\/\/api.w.org\/{rel}","templated":true}]}}