{"id":1728,"date":"2019-02-17T10:46:06","date_gmt":"2019-02-17T10:46:06","guid":{"rendered":"http:\/\/www.travelanddine.info\/?page_id=1728"},"modified":"2019-07-09T21:47:43","modified_gmt":"2019-07-09T21:47:43","slug":"doubletree-by-hilton-baga-arpora-goa","status":"publish","type":"page","link":"https:\/\/www.travelanddine.info\/index.php\/en\/india\/doubletree-by-hilton-baga-arpora-goa\/","title":{"rendered":"DOUBLETREE BY HILTON, BAGA ARPORA GOA"},"content":{"rendered":"\n<figure class=\"wp-block-image\"><img loading=\"lazy\" width=\"577\" height=\"433\" src=\"https:\/\/www.travelanddine.info\/wp-content\/uploads\/2019\/02\/image-149.png\" alt=\"\" class=\"wp-image-1729\" srcset=\"https:\/\/www.travelanddine.info\/wp-content\/uploads\/2019\/02\/image-149.png 577w, https:\/\/www.travelanddine.info\/wp-content\/uploads\/2019\/02\/image-149-300x225.png 300w\" sizes=\"(max-width: 577px) 100vw, 577px\" \/><\/figure>\n\n\n\n<p><em>Hotel Chain and Loyalty Program<\/em><\/p>\n\n\n\n<p>Worldwide Hilton hotels and resorts. Hilton Honors program is applied.<\/p>\n\n\n\n<p><em>Check-in and public area lobby<\/em><\/p>\n\n\n\n<p>To get to the hotel entrance, it is necessary to pass a small passage from the busy main road. There is a reception and lobby bar at the main lobby, and access to the swimming pool from one side and to the Flame restaurant from the other side.<\/p>\n\n\n\n<p>I was welcomed with a fruity juice and a typical Doubletree cake at the reception when checking in. The staff was friendly and helpful which made me a good first impression of the property. I showed up at the hotel in the morning, my room was not ready as the property was fully occupied. However after two hours of waiting (having breakfast instead) I was escorted to my room despite the fact it was still about 4 hours ahead of official check-in time.<\/p>\n\n\n\n<p>There is no possibility to exchange the foreign currency in the hotel. Major credit cards are accepted.<\/p>\n\n\n\n<figure class=\"wp-block-image\"><img loading=\"lazy\" width=\"433\" height=\"577\" src=\"https:\/\/www.travelanddine.info\/wp-content\/uploads\/2019\/02\/image-150.png\" alt=\"\" class=\"wp-image-1730\" srcset=\"https:\/\/www.travelanddine.info\/wp-content\/uploads\/2019\/02\/image-150.png 433w, https:\/\/www.travelanddine.info\/wp-content\/uploads\/2019\/02\/image-150-225x300.png 225w\" sizes=\"(max-width: 433px) 100vw, 433px\" \/><\/figure>\n\n\n\n<figure class=\"wp-block-image\"><img loading=\"lazy\" width=\"433\" height=\"577\" src=\"https:\/\/www.travelanddine.info\/wp-content\/uploads\/2019\/02\/image-151.png\" alt=\"\" class=\"wp-image-1731\" srcset=\"https:\/\/www.travelanddine.info\/wp-content\/uploads\/2019\/02\/image-151.png 433w, https:\/\/www.travelanddine.info\/wp-content\/uploads\/2019\/02\/image-151-225x300.png 225w\" sizes=\"(max-width: 433px) 100vw, 433px\" \/><\/figure>\n\n\n\n<p><em>Location<\/em><\/p>\n\n\n\n<p>In the North Goa, at Arpora area. The Goa Dabolim international airport is about an hour drive. There is an hourly shuttle bus service to Baga beach lined with restaurants, bars, shops and beach shacks. The shuttle service provided by the hotel is not reliable as a minivan didn\u2019t arrive at the time of departure from Baga beach. I was waiting for 15 minutes, and finally a taxi car had to be taken to return back to the hotel.<\/p>\n\n\n\n<figure class=\"wp-block-image\"><img loading=\"lazy\" width=\"433\" height=\"577\" src=\"https:\/\/www.travelanddine.info\/wp-content\/uploads\/2019\/02\/image-152.png\" alt=\"\" class=\"wp-image-1732\" srcset=\"https:\/\/www.travelanddine.info\/wp-content\/uploads\/2019\/02\/image-152.png 433w, https:\/\/www.travelanddine.info\/wp-content\/uploads\/2019\/02\/image-152-225x300.png 225w\" sizes=\"(max-width: 433px) 100vw, 433px\" \/><\/figure>\n\n\n\n<figure class=\"wp-block-image\"><img loading=\"lazy\" width=\"433\" height=\"577\" src=\"https:\/\/www.travelanddine.info\/wp-content\/uploads\/2019\/02\/image-153.png\" alt=\"\" class=\"wp-image-1733\" srcset=\"https:\/\/www.travelanddine.info\/wp-content\/uploads\/2019\/02\/image-153.png 433w, https:\/\/www.travelanddine.info\/wp-content\/uploads\/2019\/02\/image-153-225x300.png 225w\" sizes=\"(max-width: 433px) 100vw, 433px\" \/><\/figure>\n\n\n\n<p><em>Room<\/em><\/p>\n\n\n\n<p>More than 100 rooms and suites face either a lagoon or a swimming pool. All rooms have balcony with chairs and small table, a work desk, large flat TV, a minibar, coffee and tea kettle, coffee table with chairs, large bed and air conditioning and ceiling fan. Room is decorated in dark wood. The d\u00e9cor is outdated and reminds good quality hotels of 1980\u2019s. There is a tale floor with no carpet. A wardrobe with safe deposit is located behind the entry door.<\/p>\n\n\n\n<p>WIFI is free but a connectivity might be very unstable, and sometimes breaks down completely. There is possibility for upgraded wifi connection for a fee. I didn\u2019t find this offer very convenient as the speed didn\u2019t change much.<\/p>\n\n\n\n<figure class=\"wp-block-image\"><img loading=\"lazy\" width=\"577\" height=\"433\" src=\"https:\/\/www.travelanddine.info\/wp-content\/uploads\/2019\/02\/image-154.png\" alt=\"\" class=\"wp-image-1734\" srcset=\"https:\/\/www.travelanddine.info\/wp-content\/uploads\/2019\/02\/image-154.png 577w, https:\/\/www.travelanddine.info\/wp-content\/uploads\/2019\/02\/image-154-300x225.png 300w\" sizes=\"(max-width: 577px) 100vw, 577px\" \/><\/figure>\n\n\n\n<figure class=\"wp-block-image\"><img loading=\"lazy\" width=\"577\" height=\"433\" src=\"https:\/\/www.travelanddine.info\/wp-content\/uploads\/2019\/02\/image-155.png\" alt=\"\" class=\"wp-image-1735\" srcset=\"https:\/\/www.travelanddine.info\/wp-content\/uploads\/2019\/02\/image-155.png 577w, https:\/\/www.travelanddine.info\/wp-content\/uploads\/2019\/02\/image-155-300x225.png 300w\" sizes=\"(max-width: 577px) 100vw, 577px\" \/><\/figure>\n\n\n\n<p><em>Restaurants and food<\/em><\/p>\n\n\n\n<p>There are 2 restaurants and one lobby bar at the hotel. The&nbsp;<em>Flame<\/em>restaurant also serves the breakfast which is good. A large selection of options \u2013 a corner with fresh juices, omelette on demand, continental and American breakfast, Indian vegetarian and non-vegetarian choices. The food is fresh and tasty. The staff is at the service and polite. The Flame restaurant serves Indian and western dishes after breakfast hours.<\/p>\n\n\n\n<p>The<em>TAAL<\/em>restaurant located near the swimming pool offers Indian specialities. The&nbsp;<em>Caffeine Lobby Bar&nbsp;<\/em>is a coffee shop offering small bites as well as cocktails and drinks.<\/p>\n\n\n\n<figure class=\"wp-block-image\"><img loading=\"lazy\" width=\"433\" height=\"577\" src=\"https:\/\/www.travelanddine.info\/wp-content\/uploads\/2019\/02\/image-156.png\" alt=\"\" class=\"wp-image-1736\" srcset=\"https:\/\/www.travelanddine.info\/wp-content\/uploads\/2019\/02\/image-156.png 433w, https:\/\/www.travelanddine.info\/wp-content\/uploads\/2019\/02\/image-156-225x300.png 225w\" sizes=\"(max-width: 433px) 100vw, 433px\" \/><\/figure>\n\n\n\n<figure class=\"wp-block-image\"><img loading=\"lazy\" width=\"433\" height=\"577\" src=\"https:\/\/www.travelanddine.info\/wp-content\/uploads\/2019\/02\/image-157.png\" alt=\"\" class=\"wp-image-1737\" srcset=\"https:\/\/www.travelanddine.info\/wp-content\/uploads\/2019\/02\/image-157.png 433w, https:\/\/www.travelanddine.info\/wp-content\/uploads\/2019\/02\/image-157-225x300.png 225w\" sizes=\"(max-width: 433px) 100vw, 433px\" \/><\/figure>\n\n\n\n<p><em>Leisure facilities&nbsp;<\/em><\/p>\n\n\n\n<p>There is an outdoor swimming pool, a small gym and a spa at the hotel. Laundry services are available but not tried.<\/p>\n\n\n\n<figure class=\"wp-block-image\"><img loading=\"lazy\" width=\"577\" height=\"433\" src=\"https:\/\/www.travelanddine.info\/wp-content\/uploads\/2019\/02\/image-158.png\" alt=\"\" class=\"wp-image-1738\" srcset=\"https:\/\/www.travelanddine.info\/wp-content\/uploads\/2019\/02\/image-158.png 577w, https:\/\/www.travelanddine.info\/wp-content\/uploads\/2019\/02\/image-158-300x225.png 300w\" sizes=\"(max-width: 577px) 100vw, 577px\" \/><\/figure>\n\n\n\n<p><em>Verdict<\/em><\/p>\n\n\n\n<p>Don\u2019t miss :\t<\/p>\n\n\n\n<p>ayurvedic massages in the proximity of the hotel. Stunning experience!<\/p>\n\n\n\n<p>Room price :\t<\/p>\n\n\n\n<p>from 100,- EUR&nbsp;<\/p>\n\n\n\n<p>Contact : <a href=\"https:\/\/doubletree3.hilton.com\/en\/hotels\/india\/doubletree-by-hilton-hotel-goa-arpora-baga-GOIABDI\/index.html?WT.mc_id=zELWAKN0APAC1DT2DMH3LocalSearch4DGGenericx6GOIABDI\" target=\"_blank\" rel=\"noreferrer noopener\" aria-label=\"https:\/\/doubletree3.hilton.com\/en\/hotels\/india\/doubletree-by-hilton-hotel-goa-arpora-baga-GOIABDI\/index.html?WT.mc_id=zELWAKN0APAC1DT2DMH3LocalSearch4DGGenericx6GOIABDI (otev\u0159e se na nov\u00e9 z\u00e1lo\u017ece)\">https:\/\/doubletree3.hilton.com\/en\/hotels\/india\/doubletree-by-hilton-hotel-goa-arpora-baga-GOIABDI\/index.html?WT.mc_id=zELWAKN0APAC1DT2DMH3LocalSearch4DGGenericx6GOIABDI<\/a><\/p>\n\n\n\n<p>The hotel is considered to be a 5star property. From my personal experience, it has nothing to do with 5 stars. Cleanliness and furniture should be improved in the hotel rooms. Staff is nice and polite but you need to remind them on what you want, example a missing toilet paper in the bathroom\u2026<\/p>\n\n\n\n<p><\/p>\n","protected":false},"excerpt":{"rendered":"<p>Hotel Chain and Loyalty Program Worldwide Hilton hotels and resorts. Hilton Honors program is applied. Check-in and public area lobby To get to the hotel entrance, it is necessary to pass a small passage from the busy main road. There&#8230;<\/p>\n","protected":false},"author":1,"featured_media":0,"parent":1690,"menu_order":0,"comment_status":"closed","ping_status":"closed","template":"","meta":[],"yoast_head":"<!-- This site is optimized with the Yoast SEO plugin v17.0 - https:\/\/yoast.com\/wordpress\/plugins\/seo\/ -->\n<title>DOUBLETREE BY HILTON, BAGA ARPORA GOA - Premium Travel&amp;Dine Info<\/title>\n<meta name=\"robots\" content=\"index, follow, max-snippet:-1, max-image-preview:large, max-video-preview:-1\" \/>\n<link rel=\"canonical\" href=\"https:\/\/www.travelanddine.info\/index.php\/en\/india\/doubletree-by-hilton-baga-arpora-goa\/\" \/>\n<meta property=\"og:locale\" content=\"cs_CZ\" \/>\n<meta property=\"og:type\" content=\"article\" \/>\n<meta property=\"og:title\" content=\"DOUBLETREE BY HILTON, BAGA ARPORA GOA - Premium Travel&amp;Dine Info\" \/>\n<meta property=\"og:description\" content=\"Hotel Chain and Loyalty Program Worldwide Hilton hotels and resorts. Hilton Honors program is applied. Check-in and public area lobby To get to the hotel entrance, it is necessary to pass a small passage from the busy main road. There...\" \/>\n<meta property=\"og:url\" content=\"https:\/\/www.travelanddine.info\/index.php\/en\/india\/doubletree-by-hilton-baga-arpora-goa\/\" \/>\n<meta property=\"og:site_name\" content=\"Premium Travel&amp;Dine Info\" \/>\n<meta property=\"article:publisher\" content=\"http:\/\/www.facebook.com\/PremiumTravelAndDineInfo\" \/>\n<meta property=\"article:modified_time\" content=\"2019-07-09T21:47:43+00:00\" \/>\n<meta property=\"og:image\" content=\"http:\/\/www.travelanddine.info\/wp-content\/uploads\/2019\/02\/image-149.png\" \/>\n<meta name=\"twitter:card\" content=\"summary_large_image\" \/>\n<meta name=\"twitter:label1\" content=\"Odhadovan\u00e1 doba \u010dten\u00ed\" \/>\n\t<meta name=\"twitter:data1\" content=\"3 minuty\" \/>\n<script type=\"application\/ld+json\" class=\"yoast-schema-graph\">{\"@context\":\"https:\/\/schema.org\",\"@graph\":[{\"@type\":\"Organization\",\"@id\":\"https:\/\/www.travelanddine.info\/#organization\",\"name\":\"Premium Travel & Dine Info\",\"url\":\"https:\/\/www.travelanddine.info\/\",\"sameAs\":[\"http:\/\/www.facebook.com\/PremiumTravelAndDineInfo\",\"https:\/\/www.instagram.com\/premium_travel_and_dine_info\/\",\"https:\/\/www.youtube.com\/channel\/UCq4d7zmKK3AOuzDrR1p_2Qw\/featured?disable_polymer=1\"],\"logo\":{\"@type\":\"ImageObject\",\"@id\":\"https:\/\/www.travelanddine.info\/#logo\",\"inLanguage\":\"cs\",\"url\":\"https:\/\/www.travelanddine.info\/wp-content\/uploads\/2019\/01\/logo-premium-e1547240252292.jpg\",\"contentUrl\":\"https:\/\/www.travelanddine.info\/wp-content\/uploads\/2019\/01\/logo-premium-e1547240252292.jpg\",\"width\":1000,\"height\":406,\"caption\":\"Premium Travel & Dine Info\"},\"image\":{\"@id\":\"https:\/\/www.travelanddine.info\/#logo\"}},{\"@type\":\"WebSite\",\"@id\":\"https:\/\/www.travelanddine.info\/#website\",\"url\":\"https:\/\/www.travelanddine.info\/\",\"name\":\"Premium Travel&amp;Dine Info\",\"description\":\"tipy, doporu\\u010den\\u00ed, informace.. pro ty, kte\\u0159\\u00ed maj\\u00ed r\\u00e1di cestov\\u00e1n\\u00ed na vysok\\u00e9 \\u00farovni a skv\\u011bl\\u00e9 j\\u00eddlo\",\"publisher\":{\"@id\":\"https:\/\/www.travelanddine.info\/#organization\"},\"potentialAction\":[{\"@type\":\"SearchAction\",\"target\":{\"@type\":\"EntryPoint\",\"urlTemplate\":\"https:\/\/www.travelanddine.info\/?s={search_term_string}\"},\"query-input\":\"required name=search_term_string\"}],\"inLanguage\":\"cs\"},{\"@type\":\"ImageObject\",\"@id\":\"https:\/\/www.travelanddine.info\/index.php\/en\/india\/doubletree-by-hilton-baga-arpora-goa\/#primaryimage\",\"inLanguage\":\"cs\",\"url\":\"http:\/\/www.travelanddine.info\/wp-content\/uploads\/2019\/02\/image-149.png\",\"contentUrl\":\"http:\/\/www.travelanddine.info\/wp-content\/uploads\/2019\/02\/image-149.png\"},{\"@type\":\"WebPage\",\"@id\":\"https:\/\/www.travelanddine.info\/index.php\/en\/india\/doubletree-by-hilton-baga-arpora-goa\/#webpage\",\"url\":\"https:\/\/www.travelanddine.info\/index.php\/en\/india\/doubletree-by-hilton-baga-arpora-goa\/\",\"name\":\"DOUBLETREE BY HILTON, BAGA ARPORA GOA - Premium Travel&amp;Dine Info\",\"isPartOf\":{\"@id\":\"https:\/\/www.travelanddine.info\/#website\"},\"primaryImageOfPage\":{\"@id\":\"https:\/\/www.travelanddine.info\/index.php\/en\/india\/doubletree-by-hilton-baga-arpora-goa\/#primaryimage\"},\"datePublished\":\"2019-02-17T10:46:06+00:00\",\"dateModified\":\"2019-07-09T21:47:43+00:00\",\"breadcrumb\":{\"@id\":\"https:\/\/www.travelanddine.info\/index.php\/en\/india\/doubletree-by-hilton-baga-arpora-goa\/#breadcrumb\"},\"inLanguage\":\"cs\",\"potentialAction\":[{\"@type\":\"ReadAction\",\"target\":[\"https:\/\/www.travelanddine.info\/index.php\/en\/india\/doubletree-by-hilton-baga-arpora-goa\/\"]}]},{\"@type\":\"BreadcrumbList\",\"@id\":\"https:\/\/www.travelanddine.info\/index.php\/en\/india\/doubletree-by-hilton-baga-arpora-goa\/#breadcrumb\",\"itemListElement\":[{\"@type\":\"ListItem\",\"position\":1,\"name\":\"Dom\\u016f\",\"item\":\"https:\/\/www.travelanddine.info\/index.php\/en\/home\/\"},{\"@type\":\"ListItem\",\"position\":2,\"name\":\"India\",\"item\":\"https:\/\/www.travelanddine.info\/index.php\/en\/india\/\"},{\"@type\":\"ListItem\",\"position\":3,\"name\":\"DOUBLETREE BY HILTON, BAGA ARPORA GOA\"}]}]}<\/script>\n<!-- \/ Yoast SEO plugin. -->","yoast_head_json":{"title":"DOUBLETREE BY HILTON, BAGA ARPORA GOA - Premium Travel&amp;Dine Info","robots":{"index":"index","follow":"follow","max-snippet":"max-snippet:-1","max-image-preview":"max-image-preview:large","max-video-preview":"max-video-preview:-1"},"canonical":"https:\/\/www.travelanddine.info\/index.php\/en\/india\/doubletree-by-hilton-baga-arpora-goa\/","og_locale":"cs_CZ","og_type":"article","og_title":"DOUBLETREE BY HILTON, BAGA ARPORA GOA - Premium Travel&amp;Dine Info","og_description":"Hotel Chain and Loyalty Program Worldwide Hilton hotels and resorts. Hilton Honors program is applied. Check-in and public area lobby To get to the hotel entrance, it is necessary to pass a small passage from the busy main road. There...","og_url":"https:\/\/www.travelanddine.info\/index.php\/en\/india\/doubletree-by-hilton-baga-arpora-goa\/","og_site_name":"Premium Travel&amp;Dine Info","article_publisher":"http:\/\/www.facebook.com\/PremiumTravelAndDineInfo","article_modified_time":"2019-07-09T21:47:43+00:00","og_image":[{"url":"http:\/\/www.travelanddine.info\/wp-content\/uploads\/2019\/02\/image-149.png"}],"twitter_card":"summary_large_image","twitter_misc":{"Odhadovan\u00e1 doba \u010dten\u00ed":"3 minuty"},"schema":{"@context":"https:\/\/schema.org","@graph":[{"@type":"Organization","@id":"https:\/\/www.travelanddine.info\/#organization","name":"Premium Travel & Dine Info","url":"https:\/\/www.travelanddine.info\/","sameAs":["http:\/\/www.facebook.com\/PremiumTravelAndDineInfo","https:\/\/www.instagram.com\/premium_travel_and_dine_info\/","https:\/\/www.youtube.com\/channel\/UCq4d7zmKK3AOuzDrR1p_2Qw\/featured?disable_polymer=1"],"logo":{"@type":"ImageObject","@id":"https:\/\/www.travelanddine.info\/#logo","inLanguage":"cs","url":"https:\/\/www.travelanddine.info\/wp-content\/uploads\/2019\/01\/logo-premium-e1547240252292.jpg","contentUrl":"https:\/\/www.travelanddine.info\/wp-content\/uploads\/2019\/01\/logo-premium-e1547240252292.jpg","width":1000,"height":406,"caption":"Premium Travel & Dine Info"},"image":{"@id":"https:\/\/www.travelanddine.info\/#logo"}},{"@type":"WebSite","@id":"https:\/\/www.travelanddine.info\/#website","url":"https:\/\/www.travelanddine.info\/","name":"Premium Travel&amp;Dine Info","description":"tipy, doporu\u010den\u00ed, informace.. pro ty, kte\u0159\u00ed maj\u00ed r\u00e1di cestov\u00e1n\u00ed na vysok\u00e9 \u00farovni a skv\u011bl\u00e9 j\u00eddlo","publisher":{"@id":"https:\/\/www.travelanddine.info\/#organization"},"potentialAction":[{"@type":"SearchAction","target":{"@type":"EntryPoint","urlTemplate":"https:\/\/www.travelanddine.info\/?s={search_term_string}"},"query-input":"required name=search_term_string"}],"inLanguage":"cs"},{"@type":"ImageObject","@id":"https:\/\/www.travelanddine.info\/index.php\/en\/india\/doubletree-by-hilton-baga-arpora-goa\/#primaryimage","inLanguage":"cs","url":"http:\/\/www.travelanddine.info\/wp-content\/uploads\/2019\/02\/image-149.png","contentUrl":"http:\/\/www.travelanddine.info\/wp-content\/uploads\/2019\/02\/image-149.png"},{"@type":"WebPage","@id":"https:\/\/www.travelanddine.info\/index.php\/en\/india\/doubletree-by-hilton-baga-arpora-goa\/#webpage","url":"https:\/\/www.travelanddine.info\/index.php\/en\/india\/doubletree-by-hilton-baga-arpora-goa\/","name":"DOUBLETREE BY HILTON, BAGA ARPORA GOA - Premium Travel&amp;Dine Info","isPartOf":{"@id":"https:\/\/www.travelanddine.info\/#website"},"primaryImageOfPage":{"@id":"https:\/\/www.travelanddine.info\/index.php\/en\/india\/doubletree-by-hilton-baga-arpora-goa\/#primaryimage"},"datePublished":"2019-02-17T10:46:06+00:00","dateModified":"2019-07-09T21:47:43+00:00","breadcrumb":{"@id":"https:\/\/www.travelanddine.info\/index.php\/en\/india\/doubletree-by-hilton-baga-arpora-goa\/#breadcrumb"},"inLanguage":"cs","potentialAction":[{"@type":"ReadAction","target":["https:\/\/www.travelanddine.info\/index.php\/en\/india\/doubletree-by-hilton-baga-arpora-goa\/"]}]},{"@type":"BreadcrumbList","@id":"https:\/\/www.travelanddine.info\/index.php\/en\/india\/doubletree-by-hilton-baga-arpora-goa\/#breadcrumb","itemListElement":[{"@type":"ListItem","position":1,"name":"Dom\u016f","item":"https:\/\/www.travelanddine.info\/index.php\/en\/home\/"},{"@type":"ListItem","position":2,"name":"India","item":"https:\/\/www.travelanddine.info\/index.php\/en\/india\/"},{"@type":"ListItem","position":3,"name":"DOUBLETREE BY HILTON, BAGA ARPORA GOA"}]}]}},"_links":{"self":[{"href":"https:\/\/www.travelanddine.info\/index.php\/wp-json\/wp\/v2\/pages\/1728"}],"collection":[{"href":"https:\/\/www.travelanddine.info\/index.php\/wp-json\/wp\/v2\/pages"}],"about":[{"href":"https:\/\/www.travelanddine.info\/index.php\/wp-json\/wp\/v2\/types\/page"}],"author":[{"embeddable":true,"href":"https:\/\/www.travelanddine.info\/index.php\/wp-json\/wp\/v2\/users\/1"}],"replies":[{"embeddable":true,"href":"https:\/\/www.travelanddine.info\/index.php\/wp-json\/wp\/v2\/comments?post=1728"}],"version-history":[{"count":4,"href":"https:\/\/www.travelanddine.info\/index.php\/wp-json\/wp\/v2\/pages\/1728\/revisions"}],"predecessor-version":[{"id":3429,"href":"https:\/\/www.travelanddine.info\/index.php\/wp-json\/wp\/v2\/pages\/1728\/revisions\/3429"}],"up":[{"embeddable":true,"href":"https:\/\/www.travelanddine.info\/index.php\/wp-json\/wp\/v2\/pages\/1690"}],"wp:attachment":[{"href":"https:\/\/www.travelanddine.info\/index.php\/wp-json\/wp\/v2\/media?parent=1728"}],"curies":[{"name":"wp","href":"https:\/\/api.w.org\/{rel}","templated":true}]}}