{"id":1748,"date":"2019-02-17T10:56:12","date_gmt":"2019-02-17T10:56:12","guid":{"rendered":"http:\/\/www.travelanddine.info\/?page_id=1748"},"modified":"2021-05-18T13:05:45","modified_gmt":"2021-05-18T13:05:45","slug":"filipiny","status":"publish","type":"page","link":"https:\/\/www.travelanddine.info\/index.php\/filipiny\/","title":{"rendered":"Filip\u00edny"},"content":{"rendered":"\n<figure class=\"wp-block-image\"><img loading=\"lazy\" width=\"1024\" height=\"440\" src=\"https:\/\/www.travelanddine.info\/wp-content\/uploads\/2019\/07\/philippines-1-1024x440.jpg\" alt=\"\" class=\"wp-image-2550\" srcset=\"https:\/\/www.travelanddine.info\/wp-content\/uploads\/2019\/07\/philippines-1-1024x440.jpg 1024w, https:\/\/www.travelanddine.info\/wp-content\/uploads\/2019\/07\/philippines-1-300x129.jpg 300w, https:\/\/www.travelanddine.info\/wp-content\/uploads\/2019\/07\/philippines-1-768x330.jpg 768w, https:\/\/www.travelanddine.info\/wp-content\/uploads\/2019\/07\/philippines-1.jpg 1905w\" sizes=\"(max-width: 1024px) 100vw, 1024px\" \/><\/figure>\n\n\n\n<hr class=\"wp-block-separator\"\/>\n\n\n\n<div class=\"wp-block-image\"><figure class=\"aligncenter size-large\"><img loading=\"lazy\" width=\"1024\" height=\"84\" src=\"https:\/\/www.travelanddine.info\/wp-content\/uploads\/2021\/05\/NAVSTIVENE-HOTELY-CZE-3-1024x84.png\" alt=\"\" class=\"wp-image-4164\" srcset=\"https:\/\/www.travelanddine.info\/wp-content\/uploads\/2021\/05\/NAVSTIVENE-HOTELY-CZE-3-1024x84.png 1024w, https:\/\/www.travelanddine.info\/wp-content\/uploads\/2021\/05\/NAVSTIVENE-HOTELY-CZE-3-300x24.png 300w, https:\/\/www.travelanddine.info\/wp-content\/uploads\/2021\/05\/NAVSTIVENE-HOTELY-CZE-3-768x63.png 768w, https:\/\/www.travelanddine.info\/wp-content\/uploads\/2021\/05\/NAVSTIVENE-HOTELY-CZE-3.png 1250w\" sizes=\"(max-width: 1024px) 100vw, 1024px\" \/><\/figure><\/div>\n\n\n\n<div class=\"wp-block-columns has-2-columns\">\n<div class=\"wp-block-column\">\n<figure class=\"wp-block-image size-large\"><a href=\"https:\/\/www.travelanddine.info\/index.php\/filipiny\/sofitel-philippine-plaza-manila\/\"><img loading=\"lazy\" width=\"770\" height=\"189\" src=\"https:\/\/www.travelanddine.info\/wp-content\/uploads\/2021\/05\/SOFITEL-MANILA-CZ.png\" alt=\"\" class=\"wp-image-4168\" srcset=\"https:\/\/www.travelanddine.info\/wp-content\/uploads\/2021\/05\/SOFITEL-MANILA-CZ.png 770w, https:\/\/www.travelanddine.info\/wp-content\/uploads\/2021\/05\/SOFITEL-MANILA-CZ-300x74.png 300w, https:\/\/www.travelanddine.info\/wp-content\/uploads\/2021\/05\/SOFITEL-MANILA-CZ-768x189.png 768w\" sizes=\"(max-width: 770px) 100vw, 770px\" \/><\/a><\/figure>\n<\/div>\n\n\n\n<div class=\"wp-block-column\"><\/div>\n<\/div>\n\n\n\n<hr class=\"wp-block-separator\"\/>\n\n\n\n<div class=\"wp-block-image\"><figure class=\"aligncenter size-large\"><img loading=\"lazy\" width=\"1024\" height=\"39\" src=\"https:\/\/www.travelanddine.info\/wp-content\/uploads\/2021\/05\/OSTATNI-HOTELY-CZE-3-1024x39.png\" alt=\"\" class=\"wp-image-4166\" srcset=\"https:\/\/www.travelanddine.info\/wp-content\/uploads\/2021\/05\/OSTATNI-HOTELY-CZE-3-1024x39.png 1024w, https:\/\/www.travelanddine.info\/wp-content\/uploads\/2021\/05\/OSTATNI-HOTELY-CZE-3-300x12.png 300w, https:\/\/www.travelanddine.info\/wp-content\/uploads\/2021\/05\/OSTATNI-HOTELY-CZE-3-768x29.png 768w, https:\/\/www.travelanddine.info\/wp-content\/uploads\/2021\/05\/OSTATNI-HOTELY-CZE-3.png 1250w\" sizes=\"(max-width: 1024px) 100vw, 1024px\" \/><\/figure><\/div>\n\n\n\n<figure class=\"wp-block-table\"><table><tbody><tr><td><strong>H<\/strong><\/td><td><strong>SOFITEL PHILIPPINES PLAZA<\/strong><\/td><td>MANILA<\/td><\/tr><tr><td><strong>H<\/strong><\/td><td><strong>THE PENINSULA<\/strong><\/td><td>MANILA<\/td><\/tr><tr><td><strong>H<\/strong><\/td><td><strong>GRAND HYATT<\/strong><\/td><td>MANILA<\/td><\/tr><tr><td><strong>H<\/strong><\/td><td><strong>SHANRI-LA AT THE FORT<\/strong><\/td><td>MANILA<\/td><\/tr><tr><td><strong>H<\/strong><\/td><td><strong>RAFFLES MAKATI<\/strong><\/td><td>MANILA<\/td><\/tr><tr><td><strong>H<\/strong><\/td><td><strong>MARCO POLO ORTIGAS<\/strong><\/td><td>MANILA<\/td><\/tr><tr><td><strong>H<\/strong><\/td><td><strong>CONRAD<\/strong><\/td><td>MANILA<\/td><\/tr><tr><td><strong>H<\/strong><\/td><td><strong>PAN PACIFIC<\/strong><\/td><td>MANILA<\/td><\/tr><tr><td><strong>H<\/strong><\/td><td><strong>FAIRMONT MAKATI<\/strong><\/td><td>MANILA<\/td><\/tr><tr><td><strong>H<\/strong><\/td><td><strong>DUSIT THANI<\/strong><\/td><td>MANILA<\/td><\/tr><tr><td><strong>H<\/strong><\/td><td><strong>OKADA<\/strong><\/td><td>MANILA<\/td><\/tr><tr><td><strong>H<\/strong><\/td><td><strong>SOLAIR RESORT &amp; CASINO<\/strong><\/td><td>MANILA<\/td><\/tr><tr><td><strong>H<\/strong><\/td><td><strong>MAKATI SHANGRI-LA<\/strong><\/td><td>MANILA<\/td><\/tr><tr><td><strong>H<\/strong><\/td><td><strong>SHANRI-LA BORACAY RESORT AND SPA<\/strong><\/td><td>BORACAY<\/td><\/tr><tr><td><strong>H<\/strong><\/td><td><strong>THE LIND<\/strong><\/td><td>BORACAY<\/td><\/tr><tr><td><strong>H<\/strong><\/td><td><strong>MOVENPICK RESORT &amp; SPA<\/strong><\/td><td>BORACAY<\/td><\/tr><tr><td><strong>H<\/strong><\/td><td><strong>AMUN INI BEACH RESORT &amp; SPA<\/strong><\/td><td>BOHOL ISLAND<\/td><\/tr><tr><td><strong>H<\/strong><\/td><td><strong>BELLVUE RESORT<\/strong><\/td><td>BOHOL ISLAND<\/td><\/tr><tr><td><strong>H<\/strong><\/td><td><strong>HENANN RESORT ALONA BEACH<\/strong><\/td><td>BOHOL ISLAND<\/td><\/tr><tr><td><strong>H<\/strong><\/td><td><strong>TWO SEASONS CORON ISLAND RESORT&amp;SPA<\/strong><\/td><td>PALAWAN<\/td><\/tr><tr><td><strong>H<\/strong><\/td><td><strong>SEDA LIO<\/strong><\/td><td>PALAWAN<\/td><\/tr><tr><td><strong>H<\/strong><\/td><td><strong>EL NIDO RESORTS LAGEN ISLAND<\/strong><\/td><td>PALAWAN<\/td><\/tr><tr><td><strong>H<\/strong><\/td><td><strong>SHANGRI-LA MACTAN RESORT &amp; SPA<\/strong><\/td><td>CEBU<\/td><\/tr><tr><td><strong>H<\/strong><\/td><td><strong>CRIMSON RESORT &amp; SPA MACTAN ISLAND<\/strong><\/td><td>CEBU<\/td><\/tr><tr><td><strong>H<\/strong><\/td><td><strong>RADISSON BLU<\/strong><\/td><td>CEBU<\/td><\/tr><\/tbody><\/table><\/figure>\n","protected":false},"excerpt":{"rendered":"<p>H SOFITEL PHILIPPINES PLAZA MANILA H THE PENINSULA MANILA H GRAND HYATT MANILA H SHANRI-LA AT THE FORT MANILA H RAFFLES MAKATI MANILA H MARCO POLO ORTIGAS MANILA H CONRAD MANILA H PAN PACIFIC MANILA H FAIRMONT MAKATI MANILA H&#8230;<\/p>\n","protected":false},"author":1,"featured_media":0,"parent":0,"menu_order":0,"comment_status":"closed","ping_status":"closed","template":"","meta":[],"yoast_head":"<!-- This site is optimized with the Yoast SEO plugin v17.0 - https:\/\/yoast.com\/wordpress\/plugins\/seo\/ -->\n<title>Filip\u00edny - Premium Travel&amp;Dine Info<\/title>\n<meta name=\"robots\" content=\"index, follow, max-snippet:-1, max-image-preview:large, max-video-preview:-1\" \/>\n<link rel=\"canonical\" href=\"https:\/\/www.travelanddine.info\/index.php\/filipiny\/\" \/>\n<meta property=\"og:locale\" content=\"cs_CZ\" \/>\n<meta property=\"og:type\" content=\"article\" \/>\n<meta property=\"og:title\" content=\"Filip\u00edny - Premium Travel&amp;Dine Info\" \/>\n<meta property=\"og:description\" content=\"H SOFITEL PHILIPPINES PLAZA MANILA H THE PENINSULA MANILA H GRAND HYATT MANILA H SHANRI-LA AT THE FORT MANILA H RAFFLES MAKATI MANILA H MARCO POLO ORTIGAS MANILA H CONRAD MANILA H PAN PACIFIC MANILA H FAIRMONT MAKATI MANILA H...\" \/>\n<meta property=\"og:url\" content=\"https:\/\/www.travelanddine.info\/index.php\/filipiny\/\" \/>\n<meta property=\"og:site_name\" content=\"Premium Travel&amp;Dine Info\" \/>\n<meta property=\"article:publisher\" content=\"http:\/\/www.facebook.com\/PremiumTravelAndDineInfo\" \/>\n<meta property=\"article:modified_time\" content=\"2021-05-18T13:05:45+00:00\" \/>\n<meta property=\"og:image\" content=\"http:\/\/www.travelanddine.info\/wp-content\/uploads\/2019\/07\/philippines-1-1024x440.jpg\" \/>\n<meta name=\"twitter:card\" content=\"summary_large_image\" \/>\n<meta name=\"twitter:label1\" content=\"Odhadovan\u00e1 doba \u010dten\u00ed\" \/>\n\t<meta name=\"twitter:data1\" content=\"2 minuty\" \/>\n<script type=\"application\/ld+json\" class=\"yoast-schema-graph\">{\"@context\":\"https:\/\/schema.org\",\"@graph\":[{\"@type\":\"Organization\",\"@id\":\"https:\/\/www.travelanddine.info\/#organization\",\"name\":\"Premium Travel & Dine Info\",\"url\":\"https:\/\/www.travelanddine.info\/\",\"sameAs\":[\"http:\/\/www.facebook.com\/PremiumTravelAndDineInfo\",\"https:\/\/www.instagram.com\/premium_travel_and_dine_info\/\",\"https:\/\/www.youtube.com\/channel\/UCq4d7zmKK3AOuzDrR1p_2Qw\/featured?disable_polymer=1\"],\"logo\":{\"@type\":\"ImageObject\",\"@id\":\"https:\/\/www.travelanddine.info\/#logo\",\"inLanguage\":\"cs\",\"url\":\"https:\/\/www.travelanddine.info\/wp-content\/uploads\/2019\/01\/logo-premium-e1547240252292.jpg\",\"contentUrl\":\"https:\/\/www.travelanddine.info\/wp-content\/uploads\/2019\/01\/logo-premium-e1547240252292.jpg\",\"width\":1000,\"height\":406,\"caption\":\"Premium Travel & Dine Info\"},\"image\":{\"@id\":\"https:\/\/www.travelanddine.info\/#logo\"}},{\"@type\":\"WebSite\",\"@id\":\"https:\/\/www.travelanddine.info\/#website\",\"url\":\"https:\/\/www.travelanddine.info\/\",\"name\":\"Premium Travel&amp;Dine Info\",\"description\":\"tipy, doporu\\u010den\\u00ed, informace.. pro ty, kte\\u0159\\u00ed maj\\u00ed r\\u00e1di cestov\\u00e1n\\u00ed na vysok\\u00e9 \\u00farovni a skv\\u011bl\\u00e9 j\\u00eddlo\",\"publisher\":{\"@id\":\"https:\/\/www.travelanddine.info\/#organization\"},\"potentialAction\":[{\"@type\":\"SearchAction\",\"target\":{\"@type\":\"EntryPoint\",\"urlTemplate\":\"https:\/\/www.travelanddine.info\/?s={search_term_string}\"},\"query-input\":\"required name=search_term_string\"}],\"inLanguage\":\"cs\"},{\"@type\":\"ImageObject\",\"@id\":\"https:\/\/www.travelanddine.info\/index.php\/filipiny\/#primaryimage\",\"inLanguage\":\"cs\",\"url\":\"http:\/\/www.travelanddine.info\/wp-content\/uploads\/2019\/07\/philippines-1-1024x440.jpg\",\"contentUrl\":\"http:\/\/www.travelanddine.info\/wp-content\/uploads\/2019\/07\/philippines-1-1024x440.jpg\"},{\"@type\":\"WebPage\",\"@id\":\"https:\/\/www.travelanddine.info\/index.php\/filipiny\/#webpage\",\"url\":\"https:\/\/www.travelanddine.info\/index.php\/filipiny\/\",\"name\":\"Filip\\u00edny - Premium Travel&amp;Dine Info\",\"isPartOf\":{\"@id\":\"https:\/\/www.travelanddine.info\/#website\"},\"primaryImageOfPage\":{\"@id\":\"https:\/\/www.travelanddine.info\/index.php\/filipiny\/#primaryimage\"},\"datePublished\":\"2019-02-17T10:56:12+00:00\",\"dateModified\":\"2021-05-18T13:05:45+00:00\",\"breadcrumb\":{\"@id\":\"https:\/\/www.travelanddine.info\/index.php\/filipiny\/#breadcrumb\"},\"inLanguage\":\"cs\",\"potentialAction\":[{\"@type\":\"ReadAction\",\"target\":[\"https:\/\/www.travelanddine.info\/index.php\/filipiny\/\"]}]},{\"@type\":\"BreadcrumbList\",\"@id\":\"https:\/\/www.travelanddine.info\/index.php\/filipiny\/#breadcrumb\",\"itemListElement\":[{\"@type\":\"ListItem\",\"position\":1,\"name\":\"Dom\\u016f\",\"item\":\"https:\/\/www.travelanddine.info\/index.php\/en\/home\/\"},{\"@type\":\"ListItem\",\"position\":2,\"name\":\"Filip\\u00edny\"}]}]}<\/script>\n<!-- \/ Yoast SEO plugin. -->","yoast_head_json":{"title":"Filip\u00edny - Premium Travel&amp;Dine Info","robots":{"index":"index","follow":"follow","max-snippet":"max-snippet:-1","max-image-preview":"max-image-preview:large","max-video-preview":"max-video-preview:-1"},"canonical":"https:\/\/www.travelanddine.info\/index.php\/filipiny\/","og_locale":"cs_CZ","og_type":"article","og_title":"Filip\u00edny - Premium Travel&amp;Dine Info","og_description":"H SOFITEL PHILIPPINES PLAZA MANILA H THE PENINSULA MANILA H GRAND HYATT MANILA H SHANRI-LA AT THE FORT MANILA H RAFFLES MAKATI MANILA H MARCO POLO ORTIGAS MANILA H CONRAD MANILA H PAN PACIFIC MANILA H FAIRMONT MAKATI MANILA H...","og_url":"https:\/\/www.travelanddine.info\/index.php\/filipiny\/","og_site_name":"Premium Travel&amp;Dine Info","article_publisher":"http:\/\/www.facebook.com\/PremiumTravelAndDineInfo","article_modified_time":"2021-05-18T13:05:45+00:00","og_image":[{"url":"http:\/\/www.travelanddine.info\/wp-content\/uploads\/2019\/07\/philippines-1-1024x440.jpg"}],"twitter_card":"summary_large_image","twitter_misc":{"Odhadovan\u00e1 doba \u010dten\u00ed":"2 minuty"},"schema":{"@context":"https:\/\/schema.org","@graph":[{"@type":"Organization","@id":"https:\/\/www.travelanddine.info\/#organization","name":"Premium Travel & Dine Info","url":"https:\/\/www.travelanddine.info\/","sameAs":["http:\/\/www.facebook.com\/PremiumTravelAndDineInfo","https:\/\/www.instagram.com\/premium_travel_and_dine_info\/","https:\/\/www.youtube.com\/channel\/UCq4d7zmKK3AOuzDrR1p_2Qw\/featured?disable_polymer=1"],"logo":{"@type":"ImageObject","@id":"https:\/\/www.travelanddine.info\/#logo","inLanguage":"cs","url":"https:\/\/www.travelanddine.info\/wp-content\/uploads\/2019\/01\/logo-premium-e1547240252292.jpg","contentUrl":"https:\/\/www.travelanddine.info\/wp-content\/uploads\/2019\/01\/logo-premium-e1547240252292.jpg","width":1000,"height":406,"caption":"Premium Travel & Dine Info"},"image":{"@id":"https:\/\/www.travelanddine.info\/#logo"}},{"@type":"WebSite","@id":"https:\/\/www.travelanddine.info\/#website","url":"https:\/\/www.travelanddine.info\/","name":"Premium Travel&amp;Dine Info","description":"tipy, doporu\u010den\u00ed, informace.. pro ty, kte\u0159\u00ed maj\u00ed r\u00e1di cestov\u00e1n\u00ed na vysok\u00e9 \u00farovni a skv\u011bl\u00e9 j\u00eddlo","publisher":{"@id":"https:\/\/www.travelanddine.info\/#organization"},"potentialAction":[{"@type":"SearchAction","target":{"@type":"EntryPoint","urlTemplate":"https:\/\/www.travelanddine.info\/?s={search_term_string}"},"query-input":"required name=search_term_string"}],"inLanguage":"cs"},{"@type":"ImageObject","@id":"https:\/\/www.travelanddine.info\/index.php\/filipiny\/#primaryimage","inLanguage":"cs","url":"http:\/\/www.travelanddine.info\/wp-content\/uploads\/2019\/07\/philippines-1-1024x440.jpg","contentUrl":"http:\/\/www.travelanddine.info\/wp-content\/uploads\/2019\/07\/philippines-1-1024x440.jpg"},{"@type":"WebPage","@id":"https:\/\/www.travelanddine.info\/index.php\/filipiny\/#webpage","url":"https:\/\/www.travelanddine.info\/index.php\/filipiny\/","name":"Filip\u00edny - Premium Travel&amp;Dine Info","isPartOf":{"@id":"https:\/\/www.travelanddine.info\/#website"},"primaryImageOfPage":{"@id":"https:\/\/www.travelanddine.info\/index.php\/filipiny\/#primaryimage"},"datePublished":"2019-02-17T10:56:12+00:00","dateModified":"2021-05-18T13:05:45+00:00","breadcrumb":{"@id":"https:\/\/www.travelanddine.info\/index.php\/filipiny\/#breadcrumb"},"inLanguage":"cs","potentialAction":[{"@type":"ReadAction","target":["https:\/\/www.travelanddine.info\/index.php\/filipiny\/"]}]},{"@type":"BreadcrumbList","@id":"https:\/\/www.travelanddine.info\/index.php\/filipiny\/#breadcrumb","itemListElement":[{"@type":"ListItem","position":1,"name":"Dom\u016f","item":"https:\/\/www.travelanddine.info\/index.php\/en\/home\/"},{"@type":"ListItem","position":2,"name":"Filip\u00edny"}]}]}},"_links":{"self":[{"href":"https:\/\/www.travelanddine.info\/index.php\/wp-json\/wp\/v2\/pages\/1748"}],"collection":[{"href":"https:\/\/www.travelanddine.info\/index.php\/wp-json\/wp\/v2\/pages"}],"about":[{"href":"https:\/\/www.travelanddine.info\/index.php\/wp-json\/wp\/v2\/types\/page"}],"author":[{"embeddable":true,"href":"https:\/\/www.travelanddine.info\/index.php\/wp-json\/wp\/v2\/users\/1"}],"replies":[{"embeddable":true,"href":"https:\/\/www.travelanddine.info\/index.php\/wp-json\/wp\/v2\/comments?post=1748"}],"version-history":[{"count":9,"href":"https:\/\/www.travelanddine.info\/index.php\/wp-json\/wp\/v2\/pages\/1748\/revisions"}],"predecessor-version":[{"id":4171,"href":"https:\/\/www.travelanddine.info\/index.php\/wp-json\/wp\/v2\/pages\/1748\/revisions\/4171"}],"wp:attachment":[{"href":"https:\/\/www.travelanddine.info\/index.php\/wp-json\/wp\/v2\/media?parent=1748"}],"curies":[{"name":"wp","href":"https:\/\/api.w.org\/{rel}","templated":true}]}}