{"id":1756,"date":"2019-02-17T11:02:16","date_gmt":"2019-02-17T11:02:16","guid":{"rendered":"http:\/\/www.travelanddine.info\/?page_id=1756"},"modified":"2019-07-09T21:38:48","modified_gmt":"2019-07-09T21:38:48","slug":"sofitel-philippine-plaza-manila","status":"publish","type":"page","link":"https:\/\/www.travelanddine.info\/index.php\/filipiny\/sofitel-philippine-plaza-manila\/","title":{"rendered":"SOFITEL PHILIPPINE PLAZA, MANILA"},"content":{"rendered":"\n<p><em>Hotelov\u00fd \u0159et\u011bzec a v\u011brnostn\u00ed program<\/em><\/p>\n\n\n\n<p>Celosv\u011btov\u00fd hotelov\u00fd \u0159et\u011bzec AccorHotels. Jeho v\u011brnostn\u00ed program je Le Club Accor.<\/p>\n\n\n\n<figure class=\"wp-block-image\"><img loading=\"lazy\" width=\"325\" height=\"182\" src=\"https:\/\/www.travelanddine.info\/wp-content\/uploads\/2019\/02\/image-159.png\" alt=\"\" class=\"wp-image-1757\" srcset=\"https:\/\/www.travelanddine.info\/wp-content\/uploads\/2019\/02\/image-159.png 325w, https:\/\/www.travelanddine.info\/wp-content\/uploads\/2019\/02\/image-159-300x168.png 300w\" sizes=\"(max-width: 325px) 100vw, 325px\" \/><\/figure>\n\n\n\n<figure class=\"wp-block-image\"><img loading=\"lazy\" width=\"324\" height=\"194\" src=\"https:\/\/www.travelanddine.info\/wp-content\/uploads\/2019\/02\/image-160.png\" alt=\"\" class=\"wp-image-1758\" srcset=\"https:\/\/www.travelanddine.info\/wp-content\/uploads\/2019\/02\/image-160.png 324w, https:\/\/www.travelanddine.info\/wp-content\/uploads\/2019\/02\/image-160-300x180.png 300w\" sizes=\"(max-width: 324px) 100vw, 324px\" \/><\/figure>\n\n\n\n<p><em>Hotelov\u00e9 lobby<\/em><\/p>\n\n\n\n<p>Do hotelu jsme p\u0159ijeli odpoledne a pro\u0161li jsme p\u0159\u00edmo k recepci. Person\u00e1l hotelu byl velmi mil\u00fd a n\u00e1pomocn\u00fd. Sofitel Philippine Plaza je jedn\u00edm z nejlep\u0161\u00edch p\u011btihv\u011bzdi\u010dkov\u00fdch hotel\u016f v metropolitn\u00ed oblasti Manila.<\/p>\n\n\n\n<p>Hotelov\u00e1 hala byla prostorn\u00e1 a pohodln\u00e1 s obrovskou kv\u011btinovou v\u00fdzdobou um\u00edst\u011bnou uprost\u0159ed haly. Kv\u011btinov\u00e1 v\u00fdzdoba byla \u00fachvatn\u00e1 a p\u0159itahovala pozornost mnoha host\u016f, kte\u0159\u00ed si tam museli ud\u011blat foto.<\/p>\n\n\n\n<p>V lobby hotelu jsou k dispozici ve\u0161ker\u00e9 hotelov\u00e9 slu\u017eby jako je recepce, \u00faschovna zavazadel, slu\u017eby concierge, pult vztah\u016f k z\u00e1kazn\u00edk\u016fm, business centrum, sm\u011bn\u00e1rna, abychom jmenovali jen n\u011bkolik. V\u0161echny hlavn\u00ed kreditn\u00ed karty jsou p\u0159ij\u00edm\u00e1ny.<\/p>\n\n\n\n<figure class=\"wp-block-image\"><img loading=\"lazy\" width=\"360\" height=\"459\" src=\"https:\/\/www.travelanddine.info\/wp-content\/uploads\/2019\/02\/image-161.png\" alt=\"\" class=\"wp-image-1759\" srcset=\"https:\/\/www.travelanddine.info\/wp-content\/uploads\/2019\/02\/image-161.png 360w, https:\/\/www.travelanddine.info\/wp-content\/uploads\/2019\/02\/image-161-235x300.png 235w\" sizes=\"(max-width: 360px) 100vw, 360px\" \/><\/figure>\n\n\n\n<figure class=\"wp-block-image\"><img loading=\"lazy\" width=\"525\" height=\"315\" src=\"https:\/\/www.travelanddine.info\/wp-content\/uploads\/2019\/02\/image-162.png\" alt=\"\" class=\"wp-image-1760\" srcset=\"https:\/\/www.travelanddine.info\/wp-content\/uploads\/2019\/02\/image-162.png 525w, https:\/\/www.travelanddine.info\/wp-content\/uploads\/2019\/02\/image-162-300x180.png 300w\" sizes=\"(max-width: 525px) 100vw, 525px\" \/><\/figure>\n\n\n\n<p><em>Um\u00edst\u011bn\u00ed hotelu&nbsp;<\/em><\/p>\n\n\n\n<p>Hotel se um\u00edst\u011bn v Manilsk\u00e9 z\u00e1toce asi 20 minut j\u00edzdy od mezin\u00e1rodn\u00edho leti\u0161t\u011b Manila Ninoy Aquino. Hotel se nach\u00e1z\u00ed v bl\u00edzkosti Filip\u00ednsk\u00e9ho Kulturn\u00edho Centra a nedaleko jednoho z nejv\u011bt\u0161\u00edch n\u00e1kupn\u00edch center v Asii nazvan\u00e9m Mall of Asia.<\/p>\n\n\n\n<p><em>Hotelov\u00fd pokoj<\/em><\/p>\n\n\n\n<p>Hotel m\u00e1 v\u00edce ne\u017e 600 pokoj\u016f a apartm\u00e1n\u016f. N\u00e1\u0161 dvoul\u016f\u017ekov\u00fd pokoj Superior Room o rozloze 42m2 byl prostorn\u00fd a dostate\u010dn\u011b komfortn\u00ed abychom m\u011bli p\u0159\u00edjemn\u00fd pobyt v tomto za\u0159\u00edzen\u00ed. Skv\u011bl\u00e1 v\u011bc je balkon s posezen\u00edm.<\/p>\n\n\n\n<p>Pokoj byl vybaven dv\u011bma pohodln\u00fdmi postelemi s no\u010dn\u00edmi stolky, psac\u00edm stolem, velkou plochou kabelovou TV, konferen\u010dn\u00edm stolkem se \u017eidlemi, minibarem, za\u0159\u00edzen\u00edm na p\u0159\u00edpravu k\u00e1vy a \u010daje a p\u0159\u00edjemn\u00fdm kobercem na podlaze. Trezor, \u017eupany a pantofle byly um\u00edst\u011bny v \u0161atn\u00edku spolu s dal\u0161\u00edmi z\u00e1kladn\u00edmi pot\u0159ebami. Dokor pokoje je modern\u00ed v odst\u00ednu tmav\u00e9ho d\u0159eva a sv\u011btl\u00e9 b\u00e9\u017eov\u00e9 barvy.<\/p>\n\n\n\n<p>Koupelna je dostate\u010dn\u011b prostorn\u00e1 vybaven\u00e1 vanou, sprchov\u00fdm koutem, umyvadly a toaletou.<\/p>\n\n\n\n<p>Wifi p\u0159ipojen\u00ed bylo bezprobl\u00e9mov\u00e9.<\/p>\n\n\n\n<figure class=\"wp-block-image\"><img loading=\"lazy\" width=\"325\" height=\"224\" src=\"https:\/\/www.travelanddine.info\/wp-content\/uploads\/2019\/02\/image-163.png\" alt=\"\" class=\"wp-image-1761\" srcset=\"https:\/\/www.travelanddine.info\/wp-content\/uploads\/2019\/02\/image-163.png 325w, https:\/\/www.travelanddine.info\/wp-content\/uploads\/2019\/02\/image-163-300x207.png 300w\" sizes=\"(max-width: 325px) 100vw, 325px\" \/><\/figure>\n\n\n\n<p><\/p>\n\n\n\n<p><em>Restaurace a j\u00eddlo<\/em><\/p>\n\n\n\n<p>V hotelu je 6 restaurac\u00ed a bar\u016f. LA VERANDA a SPIRAL jsou restaurace nab\u00edzej\u00edc\u00ed francouzsk\u00e9 a asijsk\u00e9 gastronomick\u00e9 z\u00e1\u017eitky. Bary a salonky nab\u00edzej\u00ed n\u00e1poje, koktejly a francouzsk\u00e9 delikatesy, jmenovit\u011b LE BAR, SNAPS SPORTS BAR, SUNSET BAR nebo CLUB MILLESIME.<\/p>\n\n\n\n<figure class=\"wp-block-image\"><img loading=\"lazy\" width=\"325\" height=\"433\" src=\"https:\/\/www.travelanddine.info\/wp-content\/uploads\/2019\/02\/image-164.png\" alt=\"\" class=\"wp-image-1762\" srcset=\"https:\/\/www.travelanddine.info\/wp-content\/uploads\/2019\/02\/image-164.png 325w, https:\/\/www.travelanddine.info\/wp-content\/uploads\/2019\/02\/image-164-225x300.png 225w\" sizes=\"(max-width: 325px) 100vw, 325px\" \/><\/figure>\n\n\n\n<figure class=\"wp-block-image\"><img loading=\"lazy\" width=\"324\" height=\"243\" src=\"https:\/\/www.travelanddine.info\/wp-content\/uploads\/2019\/02\/image-165.png\" alt=\"\" class=\"wp-image-1763\" srcset=\"https:\/\/www.travelanddine.info\/wp-content\/uploads\/2019\/02\/image-165.png 324w, https:\/\/www.travelanddine.info\/wp-content\/uploads\/2019\/02\/image-165-300x225.png 300w\" sizes=\"(max-width: 324px) 100vw, 324px\" \/><\/figure>\n\n\n\n<figure class=\"wp-block-image\"><img loading=\"lazy\" width=\"324\" height=\"243\" src=\"https:\/\/www.travelanddine.info\/wp-content\/uploads\/2019\/02\/image-166.png\" alt=\"\" class=\"wp-image-1764\" srcset=\"https:\/\/www.travelanddine.info\/wp-content\/uploads\/2019\/02\/image-166.png 324w, https:\/\/www.travelanddine.info\/wp-content\/uploads\/2019\/02\/image-166-300x225.png 300w\" sizes=\"(max-width: 324px) 100vw, 324px\" \/><\/figure>\n\n\n\n<p><em>Mo\u017enosti pro voln\u00fd \u010das<\/em><\/p>\n\n\n\n<p>Sofitel Manila m\u00e1 n\u00e1dhernou baz\u00e9novou lagunu, kter\u00e1 se nach\u00e1z\u00ed v hotelov\u00fdch zahrad\u00e1ch. L\u00e1zn\u011b, salon kr\u00e1sy, posilovna, tenisov\u00e9 kurty jsou rovn\u011b\u017e k dispozici v hotelu.<\/p>\n\n\n\n<p>Slu\u017eby pr\u00e1delny nebyly vyzkou\u0161eny.<\/p>\n\n\n\n<figure class=\"wp-block-image\"><img loading=\"lazy\" width=\"325\" height=\"249\" src=\"https:\/\/www.travelanddine.info\/wp-content\/uploads\/2019\/02\/image-167.png\" alt=\"\" class=\"wp-image-1765\" srcset=\"https:\/\/www.travelanddine.info\/wp-content\/uploads\/2019\/02\/image-167.png 325w, https:\/\/www.travelanddine.info\/wp-content\/uploads\/2019\/02\/image-167-300x230.png 300w\" sizes=\"(max-width: 325px) 100vw, 325px\" \/><\/figure>\n\n\n\n<figure class=\"wp-block-image\"><img loading=\"lazy\" width=\"324\" height=\"243\" src=\"https:\/\/www.travelanddine.info\/wp-content\/uploads\/2019\/02\/image-168.png\" alt=\"\" class=\"wp-image-1766\" srcset=\"https:\/\/www.travelanddine.info\/wp-content\/uploads\/2019\/02\/image-168.png 324w, https:\/\/www.travelanddine.info\/wp-content\/uploads\/2019\/02\/image-168-300x225.png 300w\" sizes=\"(max-width: 324px) 100vw, 324px\" \/><\/figure>\n\n\n\n<p><em>Z\u00e1v\u011br<\/em><\/p>\n\n\n\n<p>Nejlep\u0161\u00ed pro : um\u00edst\u011bn\u00ed hotelu nedaleko obrovsk\u00e9ho n\u00e1kupn\u00edho centra&nbsp;<\/p>\n\n\n\n<p>Neprop\u00e1sn\u011bte : odpo\u010dinek u baz\u00e9npov\u00e9 laguny<\/p>\n\n\n\n<p>Cena pokoje : od 150.- EUR \/ Superior Room<\/p>\n\n\n\n<p>Kontakt : <a rel=\"noreferrer noopener\" aria-label=\" (otev\u0159e se na nov\u00e9 z\u00e1lo\u017ece)\" href=\"https:\/\/www.sofitelmanila.com\/\" target=\"_blank\">https:\/\/www.sofitelmanila.com\/<\/a><br><\/p>\n\n\n\n<p><\/p>\n","protected":false},"excerpt":{"rendered":"<p>Hotelov\u00fd \u0159et\u011bzec a v\u011brnostn\u00ed program Celosv\u011btov\u00fd hotelov\u00fd \u0159et\u011bzec AccorHotels. Jeho v\u011brnostn\u00ed program je Le Club Accor. Hotelov\u00e9 lobby Do hotelu jsme p\u0159ijeli odpoledne a pro\u0161li jsme p\u0159\u00edmo k recepci. Person\u00e1l hotelu byl velmi mil\u00fd a n\u00e1pomocn\u00fd. Sofitel Philippine Plaza je&#8230;<\/p>\n","protected":false},"author":1,"featured_media":0,"parent":1748,"menu_order":0,"comment_status":"closed","ping_status":"closed","template":"","meta":[],"yoast_head":"<!-- This site is optimized with the Yoast SEO plugin v17.0 - https:\/\/yoast.com\/wordpress\/plugins\/seo\/ -->\n<title>SOFITEL PHILIPPINE PLAZA, MANILA - Premium Travel&amp;Dine Info<\/title>\n<meta name=\"robots\" content=\"index, follow, max-snippet:-1, max-image-preview:large, max-video-preview:-1\" \/>\n<link rel=\"canonical\" href=\"https:\/\/www.travelanddine.info\/index.php\/filipiny\/sofitel-philippine-plaza-manila\/\" \/>\n<meta property=\"og:locale\" content=\"cs_CZ\" \/>\n<meta property=\"og:type\" content=\"article\" \/>\n<meta property=\"og:title\" content=\"SOFITEL PHILIPPINE PLAZA, MANILA - Premium Travel&amp;Dine Info\" \/>\n<meta property=\"og:description\" content=\"Hotelov\u00fd \u0159et\u011bzec a v\u011brnostn\u00ed program Celosv\u011btov\u00fd hotelov\u00fd \u0159et\u011bzec AccorHotels. Jeho v\u011brnostn\u00ed program je Le Club Accor. Hotelov\u00e9 lobby Do hotelu jsme p\u0159ijeli odpoledne a pro\u0161li jsme p\u0159\u00edmo k recepci. Person\u00e1l hotelu byl velmi mil\u00fd a n\u00e1pomocn\u00fd. Sofitel Philippine Plaza je...\" \/>\n<meta property=\"og:url\" content=\"https:\/\/www.travelanddine.info\/index.php\/filipiny\/sofitel-philippine-plaza-manila\/\" \/>\n<meta property=\"og:site_name\" content=\"Premium Travel&amp;Dine Info\" \/>\n<meta property=\"article:publisher\" content=\"http:\/\/www.facebook.com\/PremiumTravelAndDineInfo\" \/>\n<meta property=\"article:modified_time\" content=\"2019-07-09T21:38:48+00:00\" \/>\n<meta property=\"og:image\" content=\"http:\/\/www.travelanddine.info\/wp-content\/uploads\/2019\/02\/image-159.png\" \/>\n<meta name=\"twitter:card\" content=\"summary_large_image\" \/>\n<meta name=\"twitter:label1\" content=\"Odhadovan\u00e1 doba \u010dten\u00ed\" \/>\n\t<meta name=\"twitter:data1\" content=\"2 minuty\" \/>\n<script type=\"application\/ld+json\" class=\"yoast-schema-graph\">{\"@context\":\"https:\/\/schema.org\",\"@graph\":[{\"@type\":\"Organization\",\"@id\":\"https:\/\/www.travelanddine.info\/#organization\",\"name\":\"Premium Travel & Dine Info\",\"url\":\"https:\/\/www.travelanddine.info\/\",\"sameAs\":[\"http:\/\/www.facebook.com\/PremiumTravelAndDineInfo\",\"https:\/\/www.instagram.com\/premium_travel_and_dine_info\/\",\"https:\/\/www.youtube.com\/channel\/UCq4d7zmKK3AOuzDrR1p_2Qw\/featured?disable_polymer=1\"],\"logo\":{\"@type\":\"ImageObject\",\"@id\":\"https:\/\/www.travelanddine.info\/#logo\",\"inLanguage\":\"cs\",\"url\":\"https:\/\/www.travelanddine.info\/wp-content\/uploads\/2019\/01\/logo-premium-e1547240252292.jpg\",\"contentUrl\":\"https:\/\/www.travelanddine.info\/wp-content\/uploads\/2019\/01\/logo-premium-e1547240252292.jpg\",\"width\":1000,\"height\":406,\"caption\":\"Premium Travel & Dine Info\"},\"image\":{\"@id\":\"https:\/\/www.travelanddine.info\/#logo\"}},{\"@type\":\"WebSite\",\"@id\":\"https:\/\/www.travelanddine.info\/#website\",\"url\":\"https:\/\/www.travelanddine.info\/\",\"name\":\"Premium Travel&amp;Dine Info\",\"description\":\"tipy, doporu\\u010den\\u00ed, informace.. pro ty, kte\\u0159\\u00ed maj\\u00ed r\\u00e1di cestov\\u00e1n\\u00ed na vysok\\u00e9 \\u00farovni a skv\\u011bl\\u00e9 j\\u00eddlo\",\"publisher\":{\"@id\":\"https:\/\/www.travelanddine.info\/#organization\"},\"potentialAction\":[{\"@type\":\"SearchAction\",\"target\":{\"@type\":\"EntryPoint\",\"urlTemplate\":\"https:\/\/www.travelanddine.info\/?s={search_term_string}\"},\"query-input\":\"required name=search_term_string\"}],\"inLanguage\":\"cs\"},{\"@type\":\"ImageObject\",\"@id\":\"https:\/\/www.travelanddine.info\/index.php\/filipiny\/sofitel-philippine-plaza-manila\/#primaryimage\",\"inLanguage\":\"cs\",\"url\":\"http:\/\/www.travelanddine.info\/wp-content\/uploads\/2019\/02\/image-159.png\",\"contentUrl\":\"http:\/\/www.travelanddine.info\/wp-content\/uploads\/2019\/02\/image-159.png\"},{\"@type\":\"WebPage\",\"@id\":\"https:\/\/www.travelanddine.info\/index.php\/filipiny\/sofitel-philippine-plaza-manila\/#webpage\",\"url\":\"https:\/\/www.travelanddine.info\/index.php\/filipiny\/sofitel-philippine-plaza-manila\/\",\"name\":\"SOFITEL PHILIPPINE PLAZA, MANILA - Premium Travel&amp;Dine Info\",\"isPartOf\":{\"@id\":\"https:\/\/www.travelanddine.info\/#website\"},\"primaryImageOfPage\":{\"@id\":\"https:\/\/www.travelanddine.info\/index.php\/filipiny\/sofitel-philippine-plaza-manila\/#primaryimage\"},\"datePublished\":\"2019-02-17T11:02:16+00:00\",\"dateModified\":\"2019-07-09T21:38:48+00:00\",\"breadcrumb\":{\"@id\":\"https:\/\/www.travelanddine.info\/index.php\/filipiny\/sofitel-philippine-plaza-manila\/#breadcrumb\"},\"inLanguage\":\"cs\",\"potentialAction\":[{\"@type\":\"ReadAction\",\"target\":[\"https:\/\/www.travelanddine.info\/index.php\/filipiny\/sofitel-philippine-plaza-manila\/\"]}]},{\"@type\":\"BreadcrumbList\",\"@id\":\"https:\/\/www.travelanddine.info\/index.php\/filipiny\/sofitel-philippine-plaza-manila\/#breadcrumb\",\"itemListElement\":[{\"@type\":\"ListItem\",\"position\":1,\"name\":\"Dom\\u016f\",\"item\":\"https:\/\/www.travelanddine.info\/index.php\/en\/home\/\"},{\"@type\":\"ListItem\",\"position\":2,\"name\":\"Filip\\u00edny\",\"item\":\"https:\/\/www.travelanddine.info\/index.php\/filipiny\/\"},{\"@type\":\"ListItem\",\"position\":3,\"name\":\"SOFITEL PHILIPPINE PLAZA, MANILA\"}]}]}<\/script>\n<!-- \/ Yoast SEO plugin. -->","yoast_head_json":{"title":"SOFITEL PHILIPPINE PLAZA, MANILA - Premium Travel&amp;Dine Info","robots":{"index":"index","follow":"follow","max-snippet":"max-snippet:-1","max-image-preview":"max-image-preview:large","max-video-preview":"max-video-preview:-1"},"canonical":"https:\/\/www.travelanddine.info\/index.php\/filipiny\/sofitel-philippine-plaza-manila\/","og_locale":"cs_CZ","og_type":"article","og_title":"SOFITEL PHILIPPINE PLAZA, MANILA - Premium Travel&amp;Dine Info","og_description":"Hotelov\u00fd \u0159et\u011bzec a v\u011brnostn\u00ed program Celosv\u011btov\u00fd hotelov\u00fd \u0159et\u011bzec AccorHotels. Jeho v\u011brnostn\u00ed program je Le Club Accor. Hotelov\u00e9 lobby Do hotelu jsme p\u0159ijeli odpoledne a pro\u0161li jsme p\u0159\u00edmo k recepci. Person\u00e1l hotelu byl velmi mil\u00fd a n\u00e1pomocn\u00fd. Sofitel Philippine Plaza je...","og_url":"https:\/\/www.travelanddine.info\/index.php\/filipiny\/sofitel-philippine-plaza-manila\/","og_site_name":"Premium Travel&amp;Dine Info","article_publisher":"http:\/\/www.facebook.com\/PremiumTravelAndDineInfo","article_modified_time":"2019-07-09T21:38:48+00:00","og_image":[{"url":"http:\/\/www.travelanddine.info\/wp-content\/uploads\/2019\/02\/image-159.png"}],"twitter_card":"summary_large_image","twitter_misc":{"Odhadovan\u00e1 doba \u010dten\u00ed":"2 minuty"},"schema":{"@context":"https:\/\/schema.org","@graph":[{"@type":"Organization","@id":"https:\/\/www.travelanddine.info\/#organization","name":"Premium Travel & Dine Info","url":"https:\/\/www.travelanddine.info\/","sameAs":["http:\/\/www.facebook.com\/PremiumTravelAndDineInfo","https:\/\/www.instagram.com\/premium_travel_and_dine_info\/","https:\/\/www.youtube.com\/channel\/UCq4d7zmKK3AOuzDrR1p_2Qw\/featured?disable_polymer=1"],"logo":{"@type":"ImageObject","@id":"https:\/\/www.travelanddine.info\/#logo","inLanguage":"cs","url":"https:\/\/www.travelanddine.info\/wp-content\/uploads\/2019\/01\/logo-premium-e1547240252292.jpg","contentUrl":"https:\/\/www.travelanddine.info\/wp-content\/uploads\/2019\/01\/logo-premium-e1547240252292.jpg","width":1000,"height":406,"caption":"Premium Travel & Dine Info"},"image":{"@id":"https:\/\/www.travelanddine.info\/#logo"}},{"@type":"WebSite","@id":"https:\/\/www.travelanddine.info\/#website","url":"https:\/\/www.travelanddine.info\/","name":"Premium Travel&amp;Dine Info","description":"tipy, doporu\u010den\u00ed, informace.. pro ty, kte\u0159\u00ed maj\u00ed r\u00e1di cestov\u00e1n\u00ed na vysok\u00e9 \u00farovni a skv\u011bl\u00e9 j\u00eddlo","publisher":{"@id":"https:\/\/www.travelanddine.info\/#organization"},"potentialAction":[{"@type":"SearchAction","target":{"@type":"EntryPoint","urlTemplate":"https:\/\/www.travelanddine.info\/?s={search_term_string}"},"query-input":"required name=search_term_string"}],"inLanguage":"cs"},{"@type":"ImageObject","@id":"https:\/\/www.travelanddine.info\/index.php\/filipiny\/sofitel-philippine-plaza-manila\/#primaryimage","inLanguage":"cs","url":"http:\/\/www.travelanddine.info\/wp-content\/uploads\/2019\/02\/image-159.png","contentUrl":"http:\/\/www.travelanddine.info\/wp-content\/uploads\/2019\/02\/image-159.png"},{"@type":"WebPage","@id":"https:\/\/www.travelanddine.info\/index.php\/filipiny\/sofitel-philippine-plaza-manila\/#webpage","url":"https:\/\/www.travelanddine.info\/index.php\/filipiny\/sofitel-philippine-plaza-manila\/","name":"SOFITEL PHILIPPINE PLAZA, MANILA - Premium Travel&amp;Dine Info","isPartOf":{"@id":"https:\/\/www.travelanddine.info\/#website"},"primaryImageOfPage":{"@id":"https:\/\/www.travelanddine.info\/index.php\/filipiny\/sofitel-philippine-plaza-manila\/#primaryimage"},"datePublished":"2019-02-17T11:02:16+00:00","dateModified":"2019-07-09T21:38:48+00:00","breadcrumb":{"@id":"https:\/\/www.travelanddine.info\/index.php\/filipiny\/sofitel-philippine-plaza-manila\/#breadcrumb"},"inLanguage":"cs","potentialAction":[{"@type":"ReadAction","target":["https:\/\/www.travelanddine.info\/index.php\/filipiny\/sofitel-philippine-plaza-manila\/"]}]},{"@type":"BreadcrumbList","@id":"https:\/\/www.travelanddine.info\/index.php\/filipiny\/sofitel-philippine-plaza-manila\/#breadcrumb","itemListElement":[{"@type":"ListItem","position":1,"name":"Dom\u016f","item":"https:\/\/www.travelanddine.info\/index.php\/en\/home\/"},{"@type":"ListItem","position":2,"name":"Filip\u00edny","item":"https:\/\/www.travelanddine.info\/index.php\/filipiny\/"},{"@type":"ListItem","position":3,"name":"SOFITEL PHILIPPINE PLAZA, MANILA"}]}]}},"_links":{"self":[{"href":"https:\/\/www.travelanddine.info\/index.php\/wp-json\/wp\/v2\/pages\/1756"}],"collection":[{"href":"https:\/\/www.travelanddine.info\/index.php\/wp-json\/wp\/v2\/pages"}],"about":[{"href":"https:\/\/www.travelanddine.info\/index.php\/wp-json\/wp\/v2\/types\/page"}],"author":[{"embeddable":true,"href":"https:\/\/www.travelanddine.info\/index.php\/wp-json\/wp\/v2\/users\/1"}],"replies":[{"embeddable":true,"href":"https:\/\/www.travelanddine.info\/index.php\/wp-json\/wp\/v2\/comments?post=1756"}],"version-history":[{"count":5,"href":"https:\/\/www.travelanddine.info\/index.php\/wp-json\/wp\/v2\/pages\/1756\/revisions"}],"predecessor-version":[{"id":3416,"href":"https:\/\/www.travelanddine.info\/index.php\/wp-json\/wp\/v2\/pages\/1756\/revisions\/3416"}],"up":[{"embeddable":true,"href":"https:\/\/www.travelanddine.info\/index.php\/wp-json\/wp\/v2\/pages\/1748"}],"wp:attachment":[{"href":"https:\/\/www.travelanddine.info\/index.php\/wp-json\/wp\/v2\/media?parent=1756"}],"curies":[{"name":"wp","href":"https:\/\/api.w.org\/{rel}","templated":true}]}}