{"id":1770,"date":"2019-02-17T11:02:16","date_gmt":"2019-02-17T11:02:16","guid":{"rendered":"http:\/\/www.travelanddine.info\/?page_id=1770"},"modified":"2019-07-09T21:46:05","modified_gmt":"2019-07-09T21:46:05","slug":"sofitel-philippine-plaza-manila-2","status":"publish","type":"page","link":"https:\/\/www.travelanddine.info\/index.php\/en\/philippines\/sofitel-philippine-plaza-manila-2\/","title":{"rendered":"SOFITEL PHILIPPINE PLAZA, MANILA"},"content":{"rendered":"\n<p><em>Hotel Chain and Loyalty Program<\/em><\/p>\n\n\n\n<p>AccorHotels worldwide hospitality chain. Le Club loyalty program is applied.<\/p>\n\n\n\n<figure class=\"wp-block-image\"><img loading=\"lazy\" width=\"324\" height=\"194\" src=\"https:\/\/www.travelanddine.info\/wp-content\/uploads\/2019\/02\/image-169.png\" alt=\"\" class=\"wp-image-1771\" srcset=\"https:\/\/www.travelanddine.info\/wp-content\/uploads\/2019\/02\/image-169.png 324w, https:\/\/www.travelanddine.info\/wp-content\/uploads\/2019\/02\/image-169-300x180.png 300w\" sizes=\"(max-width: 324px) 100vw, 324px\" \/><\/figure>\n\n\n\n<p><em>Hotel lobby<\/em><\/p>\n\n\n\n<p>We arrived to the hotel in the afternoon, and proceeded directly to the front desk. The check-in to the hotel was fairly fast and smooth by polite and helpful staff. The Sofitel Philippine Plaza is supposed to be one of the best 5star hotels at Manila metropolitan area.<\/p>\n\n\n\n<p>The hotel lobby was spacious and comfortable with a huge flower decoration located in the middle of the lobby. The flower decoration was fascinating and attracted the attention of many guests who had to took a picture there.&nbsp;<\/p>\n\n\n\n<p>There are all necessary hotel services located at the lobby as a reception, luggage services, concierge, guest relations, business center, money exchange to name a few. All major credit cards are accepted.<\/p>\n\n\n\n<figure class=\"wp-block-image\"><img loading=\"lazy\" width=\"360\" height=\"459\" src=\"https:\/\/www.travelanddine.info\/wp-content\/uploads\/2019\/02\/image-170.png\" alt=\"\" class=\"wp-image-1772\" srcset=\"https:\/\/www.travelanddine.info\/wp-content\/uploads\/2019\/02\/image-170.png 360w, https:\/\/www.travelanddine.info\/wp-content\/uploads\/2019\/02\/image-170-235x300.png 235w\" sizes=\"(max-width: 360px) 100vw, 360px\" \/><\/figure>\n\n\n\n<figure class=\"wp-block-image\"><img loading=\"lazy\" width=\"525\" height=\"315\" src=\"https:\/\/www.travelanddine.info\/wp-content\/uploads\/2019\/02\/image-171.png\" alt=\"\" class=\"wp-image-1773\" srcset=\"https:\/\/www.travelanddine.info\/wp-content\/uploads\/2019\/02\/image-171.png 525w, https:\/\/www.travelanddine.info\/wp-content\/uploads\/2019\/02\/image-171-300x180.png 300w\" sizes=\"(max-width: 525px) 100vw, 525px\" \/><\/figure>\n\n\n\n<p><em>Location<\/em><\/p>\n\n\n\n<p>The hotel is located at Manila Bay about 20 minutes drive from the Manila Ninoy Aquino International airport. The venue sits close to Cultural Center of the Philippines, and not far from one of the biggest shopping malls in Asia called Mall of Asia.<\/p>\n\n\n\n<p><em>Room<\/em><\/p>\n\n\n\n<p>The hotel has more than 600 rooms and suites. Our 42sqm Superior Twin Room was spacious and comfortable enough to have a pleasant stay at this property. The great thing is a balcony with seating facilities.&nbsp;<\/p>\n\n\n\n<p>The room was equipped with two comfortable bed with bedside tables, work desk with chair, large flat cable TV, coffee table with chairs, minibar, coffee and tea making facilities and comfortable carpet on the floor. Safe deposit, bathrobes and slippers were placed in the wardrobe together with other basic amenities. Room d\u00e9cor is modern in dark wood and light beige color.&nbsp;<\/p>\n\n\n\n<p>The bathroom is spacious enough equipped with a bathtub, shower corner, wash basins and toilet.&nbsp;<\/p>\n\n\n\n<p>Wifi connectivity was unproblematic.&nbsp;<\/p>\n\n\n\n<figure class=\"wp-block-image\"><img loading=\"lazy\" width=\"325\" height=\"224\" src=\"https:\/\/www.travelanddine.info\/wp-content\/uploads\/2019\/02\/image-172.png\" alt=\"\" class=\"wp-image-1774\" srcset=\"https:\/\/www.travelanddine.info\/wp-content\/uploads\/2019\/02\/image-172.png 325w, https:\/\/www.travelanddine.info\/wp-content\/uploads\/2019\/02\/image-172-300x207.png 300w\" sizes=\"(max-width: 325px) 100vw, 325px\" \/><\/figure>\n\n\n\n<p><em>Restaurants and food<\/em><\/p>\n\n\n\n<p>There are 6 restaurants and bars at the hotel. LA VERANDA and SPIRAL are the restaurants offering French and Asian gastronomic experience. The bars and lounges offer drinks, cocktails and French savor small bites namely LE BAR, SNAPS SPORTS BAR, SUNSET BAR or CLUB MILLESIME.<\/p>\n\n\n\n<figure class=\"wp-block-image\"><img loading=\"lazy\" width=\"325\" height=\"433\" src=\"https:\/\/www.travelanddine.info\/wp-content\/uploads\/2019\/02\/image-173.png\" alt=\"\" class=\"wp-image-1775\" srcset=\"https:\/\/www.travelanddine.info\/wp-content\/uploads\/2019\/02\/image-173.png 325w, https:\/\/www.travelanddine.info\/wp-content\/uploads\/2019\/02\/image-173-225x300.png 225w\" sizes=\"(max-width: 325px) 100vw, 325px\" \/><\/figure>\n\n\n\n<figure class=\"wp-block-image\"><img loading=\"lazy\" width=\"324\" height=\"243\" src=\"https:\/\/www.travelanddine.info\/wp-content\/uploads\/2019\/02\/image-174.png\" alt=\"\" class=\"wp-image-1776\" srcset=\"https:\/\/www.travelanddine.info\/wp-content\/uploads\/2019\/02\/image-174.png 324w, https:\/\/www.travelanddine.info\/wp-content\/uploads\/2019\/02\/image-174-300x225.png 300w\" sizes=\"(max-width: 324px) 100vw, 324px\" \/><\/figure>\n\n\n\n<figure class=\"wp-block-image\"><img loading=\"lazy\" width=\"324\" height=\"243\" src=\"https:\/\/www.travelanddine.info\/wp-content\/uploads\/2019\/02\/image-175.png\" alt=\"\" class=\"wp-image-1777\" srcset=\"https:\/\/www.travelanddine.info\/wp-content\/uploads\/2019\/02\/image-175.png 324w, https:\/\/www.travelanddine.info\/wp-content\/uploads\/2019\/02\/image-175-300x225.png 300w\" sizes=\"(max-width: 324px) 100vw, 324px\" \/><\/figure>\n\n\n\n<p><em>Leisure facilities&nbsp;<\/em><\/p>\n\n\n\n<p>Sofitel Manila has a wonderful swimming pool lagoon located in the hotel gardens. The spa, beauty salon, gym, tennis courts are available at the hotel.<\/p>\n\n\n\n<p>Laundry services were not tried.<\/p>\n\n\n\n<figure class=\"wp-block-image\"><img loading=\"lazy\" width=\"325\" height=\"249\" src=\"https:\/\/www.travelanddine.info\/wp-content\/uploads\/2019\/02\/image-176.png\" alt=\"\" class=\"wp-image-1778\" srcset=\"https:\/\/www.travelanddine.info\/wp-content\/uploads\/2019\/02\/image-176.png 325w, https:\/\/www.travelanddine.info\/wp-content\/uploads\/2019\/02\/image-176-300x230.png 300w\" sizes=\"(max-width: 325px) 100vw, 325px\" \/><\/figure>\n\n\n\n<figure class=\"wp-block-image\"><img loading=\"lazy\" width=\"324\" height=\"243\" src=\"https:\/\/www.travelanddine.info\/wp-content\/uploads\/2019\/02\/image-177.png\" alt=\"\" class=\"wp-image-1779\" srcset=\"https:\/\/www.travelanddine.info\/wp-content\/uploads\/2019\/02\/image-177.png 324w, https:\/\/www.travelanddine.info\/wp-content\/uploads\/2019\/02\/image-177-300x225.png 300w\" sizes=\"(max-width: 324px) 100vw, 324px\" \/><\/figure>\n\n\n\n<p><em>Verdict<\/em><\/p>\n\n\n\n<p>Best for :\t<\/p>\n\n\n\n<p>location close to large shopping mall<\/p>\n\n\n\n<p>Don\u2019t miss :\t<\/p>\n\n\n\n<p>pool lagoon relaxation<\/p>\n\n\n\n<p>Room price :\t<\/p>\n\n\n\n<p>from 150.- EUR \/ Superior Room<\/p>\n\n\n\n<p>Contact :\t<\/p>\n\n\n\n<figure class=\"wp-block-embed-wordpress wp-block-embed is-type-wp-embed is-provider-sofitel-philippine-plaza-manila\"><div class=\"wp-block-embed__wrapper\">\n<blockquote class=\"wp-embedded-content\" data-secret=\"8cuVkhL4Jn\"><a href=\"https:\/\/www.sofitelmanila.com\/\">The Hotel<\/a><\/blockquote><iframe class=\"wp-embedded-content\" sandbox=\"allow-scripts\" security=\"restricted\" style=\"position: absolute; clip: rect(1px, 1px, 1px, 1px);\" src=\"https:\/\/www.sofitelmanila.com\/embed\/#?secret=8cuVkhL4Jn\" data-secret=\"8cuVkhL4Jn\" width=\"600\" height=\"338\" title=\"&#8220;The Hotel&#8221; &#8212; Sofitel Philippine Plaza Manila\" frameborder=\"0\" marginwidth=\"0\" marginheight=\"0\" scrolling=\"no\"><\/iframe>\n<\/div><\/figure>\n\n\n\n<p><\/p>\n","protected":false},"excerpt":{"rendered":"<p>Hotel Chain and Loyalty Program AccorHotels worldwide hospitality chain. Le Club loyalty program is applied. Hotel lobby We arrived to the hotel in the afternoon, and proceeded directly to the front desk. The check-in to the hotel was fairly fast&#8230;<\/p>\n","protected":false},"author":1,"featured_media":0,"parent":1752,"menu_order":0,"comment_status":"closed","ping_status":"closed","template":"","meta":[],"yoast_head":"<!-- This site is optimized with the Yoast SEO plugin v17.0 - https:\/\/yoast.com\/wordpress\/plugins\/seo\/ -->\n<title>SOFITEL PHILIPPINE PLAZA, MANILA - Premium Travel&amp;Dine Info<\/title>\n<meta name=\"robots\" content=\"index, follow, max-snippet:-1, max-image-preview:large, max-video-preview:-1\" \/>\n<link rel=\"canonical\" href=\"https:\/\/www.travelanddine.info\/index.php\/en\/philippines\/sofitel-philippine-plaza-manila-2\/\" \/>\n<meta property=\"og:locale\" content=\"cs_CZ\" \/>\n<meta property=\"og:type\" content=\"article\" \/>\n<meta property=\"og:title\" content=\"SOFITEL PHILIPPINE PLAZA, MANILA - Premium Travel&amp;Dine Info\" \/>\n<meta property=\"og:description\" content=\"Hotel Chain and Loyalty Program AccorHotels worldwide hospitality chain. Le Club loyalty program is applied. Hotel lobby We arrived to the hotel in the afternoon, and proceeded directly to the front desk. The check-in to the hotel was fairly fast...\" \/>\n<meta property=\"og:url\" content=\"https:\/\/www.travelanddine.info\/index.php\/en\/philippines\/sofitel-philippine-plaza-manila-2\/\" \/>\n<meta property=\"og:site_name\" content=\"Premium Travel&amp;Dine Info\" \/>\n<meta property=\"article:publisher\" content=\"http:\/\/www.facebook.com\/PremiumTravelAndDineInfo\" \/>\n<meta property=\"article:modified_time\" content=\"2019-07-09T21:46:05+00:00\" \/>\n<meta property=\"og:image\" content=\"http:\/\/www.travelanddine.info\/wp-content\/uploads\/2019\/02\/image-169.png\" \/>\n<meta name=\"twitter:card\" content=\"summary_large_image\" \/>\n<meta name=\"twitter:label1\" content=\"Odhadovan\u00e1 doba \u010dten\u00ed\" \/>\n\t<meta name=\"twitter:data1\" content=\"2 minuty\" \/>\n<script type=\"application\/ld+json\" class=\"yoast-schema-graph\">{\"@context\":\"https:\/\/schema.org\",\"@graph\":[{\"@type\":\"Organization\",\"@id\":\"https:\/\/www.travelanddine.info\/#organization\",\"name\":\"Premium Travel & Dine Info\",\"url\":\"https:\/\/www.travelanddine.info\/\",\"sameAs\":[\"http:\/\/www.facebook.com\/PremiumTravelAndDineInfo\",\"https:\/\/www.instagram.com\/premium_travel_and_dine_info\/\",\"https:\/\/www.youtube.com\/channel\/UCq4d7zmKK3AOuzDrR1p_2Qw\/featured?disable_polymer=1\"],\"logo\":{\"@type\":\"ImageObject\",\"@id\":\"https:\/\/www.travelanddine.info\/#logo\",\"inLanguage\":\"cs\",\"url\":\"https:\/\/www.travelanddine.info\/wp-content\/uploads\/2019\/01\/logo-premium-e1547240252292.jpg\",\"contentUrl\":\"https:\/\/www.travelanddine.info\/wp-content\/uploads\/2019\/01\/logo-premium-e1547240252292.jpg\",\"width\":1000,\"height\":406,\"caption\":\"Premium Travel & Dine Info\"},\"image\":{\"@id\":\"https:\/\/www.travelanddine.info\/#logo\"}},{\"@type\":\"WebSite\",\"@id\":\"https:\/\/www.travelanddine.info\/#website\",\"url\":\"https:\/\/www.travelanddine.info\/\",\"name\":\"Premium Travel&amp;Dine Info\",\"description\":\"tipy, doporu\\u010den\\u00ed, informace.. pro ty, kte\\u0159\\u00ed maj\\u00ed r\\u00e1di cestov\\u00e1n\\u00ed na vysok\\u00e9 \\u00farovni a skv\\u011bl\\u00e9 j\\u00eddlo\",\"publisher\":{\"@id\":\"https:\/\/www.travelanddine.info\/#organization\"},\"potentialAction\":[{\"@type\":\"SearchAction\",\"target\":{\"@type\":\"EntryPoint\",\"urlTemplate\":\"https:\/\/www.travelanddine.info\/?s={search_term_string}\"},\"query-input\":\"required name=search_term_string\"}],\"inLanguage\":\"cs\"},{\"@type\":\"ImageObject\",\"@id\":\"https:\/\/www.travelanddine.info\/index.php\/en\/philippines\/sofitel-philippine-plaza-manila-2\/#primaryimage\",\"inLanguage\":\"cs\",\"url\":\"http:\/\/www.travelanddine.info\/wp-content\/uploads\/2019\/02\/image-169.png\",\"contentUrl\":\"http:\/\/www.travelanddine.info\/wp-content\/uploads\/2019\/02\/image-169.png\"},{\"@type\":\"WebPage\",\"@id\":\"https:\/\/www.travelanddine.info\/index.php\/en\/philippines\/sofitel-philippine-plaza-manila-2\/#webpage\",\"url\":\"https:\/\/www.travelanddine.info\/index.php\/en\/philippines\/sofitel-philippine-plaza-manila-2\/\",\"name\":\"SOFITEL PHILIPPINE PLAZA, MANILA - Premium Travel&amp;Dine Info\",\"isPartOf\":{\"@id\":\"https:\/\/www.travelanddine.info\/#website\"},\"primaryImageOfPage\":{\"@id\":\"https:\/\/www.travelanddine.info\/index.php\/en\/philippines\/sofitel-philippine-plaza-manila-2\/#primaryimage\"},\"datePublished\":\"2019-02-17T11:02:16+00:00\",\"dateModified\":\"2019-07-09T21:46:05+00:00\",\"breadcrumb\":{\"@id\":\"https:\/\/www.travelanddine.info\/index.php\/en\/philippines\/sofitel-philippine-plaza-manila-2\/#breadcrumb\"},\"inLanguage\":\"cs\",\"potentialAction\":[{\"@type\":\"ReadAction\",\"target\":[\"https:\/\/www.travelanddine.info\/index.php\/en\/philippines\/sofitel-philippine-plaza-manila-2\/\"]}]},{\"@type\":\"BreadcrumbList\",\"@id\":\"https:\/\/www.travelanddine.info\/index.php\/en\/philippines\/sofitel-philippine-plaza-manila-2\/#breadcrumb\",\"itemListElement\":[{\"@type\":\"ListItem\",\"position\":1,\"name\":\"Dom\\u016f\",\"item\":\"https:\/\/www.travelanddine.info\/index.php\/en\/home\/\"},{\"@type\":\"ListItem\",\"position\":2,\"name\":\"Philippines\",\"item\":\"https:\/\/www.travelanddine.info\/index.php\/en\/philippines\/\"},{\"@type\":\"ListItem\",\"position\":3,\"name\":\"SOFITEL PHILIPPINE PLAZA, MANILA\"}]}]}<\/script>\n<!-- \/ Yoast SEO plugin. -->","yoast_head_json":{"title":"SOFITEL PHILIPPINE PLAZA, MANILA - Premium Travel&amp;Dine Info","robots":{"index":"index","follow":"follow","max-snippet":"max-snippet:-1","max-image-preview":"max-image-preview:large","max-video-preview":"max-video-preview:-1"},"canonical":"https:\/\/www.travelanddine.info\/index.php\/en\/philippines\/sofitel-philippine-plaza-manila-2\/","og_locale":"cs_CZ","og_type":"article","og_title":"SOFITEL PHILIPPINE PLAZA, MANILA - Premium Travel&amp;Dine Info","og_description":"Hotel Chain and Loyalty Program AccorHotels worldwide hospitality chain. Le Club loyalty program is applied. Hotel lobby We arrived to the hotel in the afternoon, and proceeded directly to the front desk. The check-in to the hotel was fairly fast...","og_url":"https:\/\/www.travelanddine.info\/index.php\/en\/philippines\/sofitel-philippine-plaza-manila-2\/","og_site_name":"Premium Travel&amp;Dine Info","article_publisher":"http:\/\/www.facebook.com\/PremiumTravelAndDineInfo","article_modified_time":"2019-07-09T21:46:05+00:00","og_image":[{"url":"http:\/\/www.travelanddine.info\/wp-content\/uploads\/2019\/02\/image-169.png"}],"twitter_card":"summary_large_image","twitter_misc":{"Odhadovan\u00e1 doba \u010dten\u00ed":"2 minuty"},"schema":{"@context":"https:\/\/schema.org","@graph":[{"@type":"Organization","@id":"https:\/\/www.travelanddine.info\/#organization","name":"Premium Travel & Dine Info","url":"https:\/\/www.travelanddine.info\/","sameAs":["http:\/\/www.facebook.com\/PremiumTravelAndDineInfo","https:\/\/www.instagram.com\/premium_travel_and_dine_info\/","https:\/\/www.youtube.com\/channel\/UCq4d7zmKK3AOuzDrR1p_2Qw\/featured?disable_polymer=1"],"logo":{"@type":"ImageObject","@id":"https:\/\/www.travelanddine.info\/#logo","inLanguage":"cs","url":"https:\/\/www.travelanddine.info\/wp-content\/uploads\/2019\/01\/logo-premium-e1547240252292.jpg","contentUrl":"https:\/\/www.travelanddine.info\/wp-content\/uploads\/2019\/01\/logo-premium-e1547240252292.jpg","width":1000,"height":406,"caption":"Premium Travel & Dine Info"},"image":{"@id":"https:\/\/www.travelanddine.info\/#logo"}},{"@type":"WebSite","@id":"https:\/\/www.travelanddine.info\/#website","url":"https:\/\/www.travelanddine.info\/","name":"Premium Travel&amp;Dine Info","description":"tipy, doporu\u010den\u00ed, informace.. pro ty, kte\u0159\u00ed maj\u00ed r\u00e1di cestov\u00e1n\u00ed na vysok\u00e9 \u00farovni a skv\u011bl\u00e9 j\u00eddlo","publisher":{"@id":"https:\/\/www.travelanddine.info\/#organization"},"potentialAction":[{"@type":"SearchAction","target":{"@type":"EntryPoint","urlTemplate":"https:\/\/www.travelanddine.info\/?s={search_term_string}"},"query-input":"required name=search_term_string"}],"inLanguage":"cs"},{"@type":"ImageObject","@id":"https:\/\/www.travelanddine.info\/index.php\/en\/philippines\/sofitel-philippine-plaza-manila-2\/#primaryimage","inLanguage":"cs","url":"http:\/\/www.travelanddine.info\/wp-content\/uploads\/2019\/02\/image-169.png","contentUrl":"http:\/\/www.travelanddine.info\/wp-content\/uploads\/2019\/02\/image-169.png"},{"@type":"WebPage","@id":"https:\/\/www.travelanddine.info\/index.php\/en\/philippines\/sofitel-philippine-plaza-manila-2\/#webpage","url":"https:\/\/www.travelanddine.info\/index.php\/en\/philippines\/sofitel-philippine-plaza-manila-2\/","name":"SOFITEL PHILIPPINE PLAZA, MANILA - Premium Travel&amp;Dine Info","isPartOf":{"@id":"https:\/\/www.travelanddine.info\/#website"},"primaryImageOfPage":{"@id":"https:\/\/www.travelanddine.info\/index.php\/en\/philippines\/sofitel-philippine-plaza-manila-2\/#primaryimage"},"datePublished":"2019-02-17T11:02:16+00:00","dateModified":"2019-07-09T21:46:05+00:00","breadcrumb":{"@id":"https:\/\/www.travelanddine.info\/index.php\/en\/philippines\/sofitel-philippine-plaza-manila-2\/#breadcrumb"},"inLanguage":"cs","potentialAction":[{"@type":"ReadAction","target":["https:\/\/www.travelanddine.info\/index.php\/en\/philippines\/sofitel-philippine-plaza-manila-2\/"]}]},{"@type":"BreadcrumbList","@id":"https:\/\/www.travelanddine.info\/index.php\/en\/philippines\/sofitel-philippine-plaza-manila-2\/#breadcrumb","itemListElement":[{"@type":"ListItem","position":1,"name":"Dom\u016f","item":"https:\/\/www.travelanddine.info\/index.php\/en\/home\/"},{"@type":"ListItem","position":2,"name":"Philippines","item":"https:\/\/www.travelanddine.info\/index.php\/en\/philippines\/"},{"@type":"ListItem","position":3,"name":"SOFITEL PHILIPPINE PLAZA, MANILA"}]}]}},"_links":{"self":[{"href":"https:\/\/www.travelanddine.info\/index.php\/wp-json\/wp\/v2\/pages\/1770"}],"collection":[{"href":"https:\/\/www.travelanddine.info\/index.php\/wp-json\/wp\/v2\/pages"}],"about":[{"href":"https:\/\/www.travelanddine.info\/index.php\/wp-json\/wp\/v2\/types\/page"}],"author":[{"embeddable":true,"href":"https:\/\/www.travelanddine.info\/index.php\/wp-json\/wp\/v2\/users\/1"}],"replies":[{"embeddable":true,"href":"https:\/\/www.travelanddine.info\/index.php\/wp-json\/wp\/v2\/comments?post=1770"}],"version-history":[{"count":4,"href":"https:\/\/www.travelanddine.info\/index.php\/wp-json\/wp\/v2\/pages\/1770\/revisions"}],"predecessor-version":[{"id":3427,"href":"https:\/\/www.travelanddine.info\/index.php\/wp-json\/wp\/v2\/pages\/1770\/revisions\/3427"}],"up":[{"embeddable":true,"href":"https:\/\/www.travelanddine.info\/index.php\/wp-json\/wp\/v2\/pages\/1752"}],"wp:attachment":[{"href":"https:\/\/www.travelanddine.info\/index.php\/wp-json\/wp\/v2\/media?parent=1770"}],"curies":[{"name":"wp","href":"https:\/\/api.w.org\/{rel}","templated":true}]}}