{"id":1793,"date":"2019-02-17T11:26:13","date_gmt":"2019-02-17T11:26:13","guid":{"rendered":"http:\/\/www.travelanddine.info\/?page_id=1793"},"modified":"2019-07-09T21:40:45","modified_gmt":"2019-07-09T21:40:45","slug":"hilton-al-hamra-beach-golf-resort-ras-al-khaimah-cz","status":"publish","type":"page","link":"https:\/\/www.travelanddine.info\/index.php\/spojene-arabske-emiraty\/hilton-al-hamra-beach-golf-resort-ras-al-khaimah-cz\/","title":{"rendered":"HILTON AL HAMRA BEACH &#038; GOLF RESORT RAS AL KHAIMAH"},"content":{"rendered":"\n<figure class=\"wp-block-image\"><img loading=\"lazy\" width=\"433\" height=\"577\" src=\"https:\/\/www.travelanddine.info\/wp-content\/uploads\/2019\/02\/image-178.png\" alt=\"\" class=\"wp-image-1794\" srcset=\"https:\/\/www.travelanddine.info\/wp-content\/uploads\/2019\/02\/image-178.png 433w, https:\/\/www.travelanddine.info\/wp-content\/uploads\/2019\/02\/image-178-225x300.png 225w\" sizes=\"(max-width: 433px) 100vw, 433px\" \/><\/figure>\n\n\n\n<figure class=\"wp-block-image\"><img loading=\"lazy\" width=\"577\" height=\"433\" src=\"https:\/\/www.travelanddine.info\/wp-content\/uploads\/2019\/02\/image-179.png\" alt=\"\" class=\"wp-image-1795\" srcset=\"https:\/\/www.travelanddine.info\/wp-content\/uploads\/2019\/02\/image-179.png 577w, https:\/\/www.travelanddine.info\/wp-content\/uploads\/2019\/02\/image-179-300x225.png 300w\" sizes=\"(max-width: 577px) 100vw, 577px\" \/><\/figure>\n\n\n\n<p><em>Hotelov\u00fd \u0159et\u011bzec a v\u011brnostn\u00ed program<\/em><br>Celosv\u011btov\u00e1 s\u00ed\u0165 hotel\u016f Hilton hotels and resorts. V\u011brnostn\u00ed program je Hilton Honors.<br><br><em>Hotelov\u00e9 lobby<\/em><br>Do hotelu jsem p\u0159ijel pozd\u011bji ve\u010der, tak\u017ee recepce v tuto chv\u00edli nebyla p\u0159\u00edli\u0161 zanepr\u00e1zdn\u011bna. Byl jsem p\u0159iv\u00edt\u00e1n n\u00e1pojem na uv\u00edtanou, kter\u00fd ochutnal jako nealkoholick\u00fd a velmi lehk\u00fd gin a tonik. Proces p\u0159ihl\u00e1\u0161en\u00ed byl hladk\u00fd a rychl\u00fd a b\u011bhem 5 minut jsem byl doprov\u00e1zen p\u0159\u00edjemn\u00fdm person\u00e1lem do m\u00e9ho pokoje.<br>Lobby nen\u00ed obrovsk\u00e9, ale dostate\u010dn\u011b prostorn\u00e9, navr\u017een\u00fd v modern\u00edm dekoru s mno\u017estv\u00edm tradi\u010dn\u00edch arabsk\u00fdch detail\u016f. Pohodln\u00e9 posezen\u00ed d\u00e1v\u00e1 mo\u017enost \u010dekat na sv\u00e9 p\u0159\u00e1tele v pohodl\u00ed. V&nbsp;lobby se nach\u00e1z\u00ed recepce, slu\u017eby concierge, zavazadlov\u00e9 slu\u017eby a \u00faschovna zavazadel, speci\u00e1ln\u00ed pult pro \u010dleny programu Hilton Honors, sm\u011bn\u00e1rna a bankomat. \u010cas od \u010dasu je mo\u017en\u00e9 sly\u0161et \u017eivou klav\u00edrn\u00ed hudbu. Mal\u00ed host\u00e9 jist\u011b ocen\u00ed st\u00e1nek na zmrzlinu, kter\u00fd um\u00edst\u011bn\u00fd po stran\u011b vstupn\u00ed haly. Je zde tak\u00e9 lobby bar s velk\u00fdm v\u00fdb\u011brem k\u00e1v, \u010daj\u016f a sladkost\u00ed. Z&nbsp;lobby je p\u0159\u00edstup k&nbsp;pokoj\u016fm, v\u00fdtah\u016fm, hlavn\u00edmu baz\u00e9nu a restauraci Al Shamal.&nbsp;<\/p>\n\n\n\n<figure class=\"wp-block-image\"><img loading=\"lazy\" width=\"577\" height=\"433\" src=\"https:\/\/www.travelanddine.info\/wp-content\/uploads\/2019\/02\/image-180.png\" alt=\"\" class=\"wp-image-1796\" srcset=\"https:\/\/www.travelanddine.info\/wp-content\/uploads\/2019\/02\/image-180.png 577w, https:\/\/www.travelanddine.info\/wp-content\/uploads\/2019\/02\/image-180-300x225.png 300w\" sizes=\"(max-width: 577px) 100vw, 577px\" \/><\/figure>\n\n\n\n<p><em>Um\u00edst\u011bn\u00ed hotelu<\/em><br>Ve \u010dtvrti Al Hamra pobl\u00ed\u017e m\u011bsta Ras Al Khaimah. Dubajsk\u00e9 mezin\u00e1rodn\u00ed leti\u0161t\u011b se nach\u00e1z\u00ed asi hodinu j\u00edzdy autem a centrum m\u011bsta Ras Al Khaimah je vzd\u00e1leno asi 10 minut j\u00edzdy. Rezort se nach\u00e1z\u00ed na pl\u00e1\u017ei, kter\u00e1 je rozd\u011blena a je vlastn\u011bna n\u011bkolika dal\u0161\u00edmi p\u011btihv\u011bzdi\u010dkov\u00fdmi hotely. Dlouh\u00e1 pl\u00e1\u017e je \u00fa\u017easn\u00e1, s b\u00edl\u00fdm p\u00edskem. Al Hamra m\u00e1 tak\u00e9 18 jamkov\u00e9 golfov\u00e9 h\u0159i\u0161t\u011b a v bl\u00edzkosti hotelu je n\u00e1kupn\u00ed st\u0159edisko, kter\u00e9 m\u00e1 mnoho obchod\u016f, restaurac\u00ed a dokonce i kino.<br><br><em>Hotelov\u00fd pokoj<\/em><br>V rezortu je v\u00edce ne\u017e 260 pokoj\u016f a apartm\u00e1n\u016f. Pohodln\u00fd a prostorn\u00fd pokoj, ve kter\u00e9 jsem pob\u00fdval, byl v&nbsp;kategorii King Deluxe Marina View Room. Byl vybavena velkou postel\u00ed, no\u010dn\u00edmi stolky, pohodlnou rohovou pohovkou, pracovn\u00edm stolem s \u017eidlemi, sk\u0159\u00ed\u0148kou s velkou plochou TV. N\u00e1bytek je vyroben v tradi\u010dn\u00edm arabsk\u00e9m designu. Koberec s arabsk\u00fdmi detaily je um\u00edst\u011bn pod velkou postel\u00ed a kolem n\u00ed. Prostorn\u00e1 koupelna m\u00e1 prosklen\u00fd sprchov\u00fd kout, vanu, toaletu s bidetem, umyvadlem a velk\u00fdm zrcadlem v tradi\u010dn\u00edm d\u0159ev\u011bn\u00e9m r\u00e1mu.<br>Pokoj se nach\u00e1z\u00ed v p\u0159\u00edzem\u00ed a m\u00e1 p\u0159\u00edm\u00fd p\u0159\u00edstup na velkou venkovn\u00ed terasu s d\u0159ev\u011bn\u00fdm stolem a \u017eidlemi. Perfektn\u00ed v\u011bc, kde se d\u00e1 str\u00e1vit ve\u010der se sklenkou v\u00edna, a vychutnat si v\u00fdhled v \u010derstv\u00e9m v\u00e1nku. Venkovn\u00ed terasa byla jedn\u00edm z&nbsp;nejlep\u0161\u00edch v\u011bc\u00ed p\u0159i pobytu v pokoji King Deluxe Marine View. Velmi p\u0159\u00edjemn\u00e9.<\/p>\n\n\n\n<figure class=\"wp-block-image\"><img loading=\"lazy\" width=\"577\" height=\"433\" src=\"https:\/\/www.travelanddine.info\/wp-content\/uploads\/2019\/02\/image-181.png\" alt=\"\" class=\"wp-image-1797\" srcset=\"https:\/\/www.travelanddine.info\/wp-content\/uploads\/2019\/02\/image-181.png 577w, https:\/\/www.travelanddine.info\/wp-content\/uploads\/2019\/02\/image-181-300x225.png 300w\" sizes=\"(max-width: 577px) 100vw, 577px\" \/><\/figure>\n\n\n\n<figure class=\"wp-block-image\"><img loading=\"lazy\" width=\"577\" height=\"433\" src=\"https:\/\/www.travelanddine.info\/wp-content\/uploads\/2019\/02\/image-182.png\" alt=\"\" class=\"wp-image-1798\" srcset=\"https:\/\/www.travelanddine.info\/wp-content\/uploads\/2019\/02\/image-182.png 577w, https:\/\/www.travelanddine.info\/wp-content\/uploads\/2019\/02\/image-182-300x225.png 300w\" sizes=\"(max-width: 577px) 100vw, 577px\" \/><\/figure>\n\n\n\n<figure class=\"wp-block-image\"><img loading=\"lazy\" width=\"433\" height=\"577\" src=\"https:\/\/www.travelanddine.info\/wp-content\/uploads\/2019\/02\/image-183.png\" alt=\"\" class=\"wp-image-1799\" srcset=\"https:\/\/www.travelanddine.info\/wp-content\/uploads\/2019\/02\/image-183.png 433w, https:\/\/www.travelanddine.info\/wp-content\/uploads\/2019\/02\/image-183-225x300.png 225w\" sizes=\"(max-width: 433px) 100vw, 433px\" \/><\/figure>\n\n\n\n<p><em>Restaurace a j\u00eddlo<br><\/em>V objektu je 5 restaurac\u00ed. Sn\u00eddan\u011b v&nbsp;restauraci&nbsp;<em>Al Shamal<\/em>se pod\u00e1vaj\u00ed formou bufetu. Ve sn\u00edda\u0148ov\u00e9 nab\u00eddce je velk\u00fd v\u00fdb\u011br, od kontinent\u00e1ln\u00ed, americk\u00e9 a\u017e po m\u00edstn\u00ed arabskou sn\u00eddani. Jedinou nepatrnou nev\u00fdhodou je velk\u00e9 mno\u017estv\u00ed hladov\u00fdch host\u016f, kte\u0159\u00ed sn\u00eddaj\u00ed ve stejnou dobu, a proto se m\u016f\u017ee zd\u00e1t, \u017ee person\u00e1l restaurace je n\u011bkdy pod tlakem v z\u00e1sobov\u00e1n\u00ed j\u00eddel a n\u00e1poj\u016f na \u0161v\u00e9dsk\u00e9 stoly. Dekor restaurace Al Shamal je inspirov\u00e1n tradi\u010dn\u00edmi arabsk\u00fdmi trhy, kter\u00fdm se \u0159\u00edk\u00e1 suk. Velmi zaj\u00edmav\u00fd n\u00e1pad.<br><em>Scirocco<\/em>p\u0159ipom\u00edn\u00e1 typickou britskou hosp\u016fdku s barem a velk\u00fdm televizorem se sportovn\u00edmi p\u0159enosy. Hospoda nab\u00edz\u00ed nejenom pivo a koktejly, ale tak\u00e9 typick\u00e9 britsk\u00e9 j\u00eddla, jako fish&nbsp;&amp; chipsnebo sortiment zap\u00e9kan\u00fdch kol\u00e1\u010d\u016f. Hraje zde \u017eiv\u00e1 hudba.&nbsp;<em>Trader Vic&#8217;s Mai Tai<\/em>je jedinou polyn\u00e9zskou restaurac\u00ed ve m\u011bst\u011b. Je zde mo\u017en\u00e9 tak\u00e9 si sednout do pohovek a pop\u00edjet drink nebo koktejl.&nbsp;<em>Le Chalet<\/em>je terasov\u00e1 restaurace, kter\u00e1 se nach\u00e1z\u00ed v bl\u00edzkosti hlavn\u00edho baz\u00e9nu s&nbsp;v\u00fdhledem na pl\u00e1\u017e.<\/p>\n\n\n\n<figure class=\"wp-block-image\"><img loading=\"lazy\" width=\"433\" height=\"577\" src=\"https:\/\/www.travelanddine.info\/wp-content\/uploads\/2019\/02\/image-184.png\" alt=\"\" class=\"wp-image-1800\" srcset=\"https:\/\/www.travelanddine.info\/wp-content\/uploads\/2019\/02\/image-184.png 433w, https:\/\/www.travelanddine.info\/wp-content\/uploads\/2019\/02\/image-184-225x300.png 225w\" sizes=\"(max-width: 433px) 100vw, 433px\" \/><\/figure>\n\n\n\n<p><em>Mo\u017enosti pro voln\u00fd \u010das<\/em><br>V rezortu jsou dva baz\u00e9ny, kter\u00e9 mohou vyu\u017e\u00edvat i d\u011bti. Milovn\u00edci golfu mohou vyu\u017e\u00edt golfov\u00e9 h\u0159i\u0161t\u011b s 18 jamkami. Mezi dal\u0161\u00ed mo\u017enosti hotelu pat\u0159\u00ed vodn\u00ed ly\u017eov\u00e1n\u00ed, tenisov\u00e9 kurty, volejbal apod. Je zde tak\u00e9 dob\u0159e vybaven\u00e1 posilovna a hotelov\u00e9 l\u00e1zn\u011b, kter\u00e9 nab\u00edzej\u00ed mas\u00e1\u017en\u00ed procedury i p\u00e9\u010di o obli\u010dej a t\u011blo. N\u011bco, co se v&nbsp;hotelu v\u016fbec ned\u00e1 vynechat, je \u00fa\u017easn\u00e1 dlouh\u00e1 b\u00edl\u00e1 pl\u00e1\u017e s mno\u017estv\u00edm pl\u00e1\u017eov\u00fdch leh\u00e1tek a slune\u010dn\u00edk\u016f.<\/p>\n\n\n\n<figure class=\"wp-block-image\"><img loading=\"lazy\" width=\"577\" height=\"433\" src=\"https:\/\/www.travelanddine.info\/wp-content\/uploads\/2019\/02\/image-185.png\" alt=\"\" class=\"wp-image-1801\" srcset=\"https:\/\/www.travelanddine.info\/wp-content\/uploads\/2019\/02\/image-185.png 577w, https:\/\/www.travelanddine.info\/wp-content\/uploads\/2019\/02\/image-185-300x225.png 300w\" sizes=\"(max-width: 577px) 100vw, 577px\" \/><\/figure>\n\n\n\n<figure class=\"wp-block-image\"><img loading=\"lazy\" width=\"577\" height=\"433\" src=\"https:\/\/www.travelanddine.info\/wp-content\/uploads\/2019\/02\/image-186.png\" alt=\"\" class=\"wp-image-1802\" srcset=\"https:\/\/www.travelanddine.info\/wp-content\/uploads\/2019\/02\/image-186.png 577w, https:\/\/www.travelanddine.info\/wp-content\/uploads\/2019\/02\/image-186-300x225.png 300w\" sizes=\"(max-width: 577px) 100vw, 577px\" \/><\/figure>\n\n\n\n<p><em>Verdict<\/em><\/p>\n\n\n\n<p>Neprop\u00e1sn\u011bte : velkou dlouhou pl\u00e1\u017e s b\u00edl\u00fdm p\u00edskem<\/p>\n\n\n\n<p>Cena pokoje : 145,- Euro \/ King Deluxe Marina View room<\/p>\n\n\n\n<p>Kontakt : <a href=\"https:\/\/www3.hilton.com\/en\/hotels\/uae\/hilton-al-hamra-beach-and-golf-resort-RKTAHHI\/index.html?WT.mc_id=zELWAKN0EMEA1HI2DMH3LocalSearch4DGGenericx6RKTAHHI\" target=\"_blank\" rel=\"noreferrer noopener\" aria-label=\"https:\/\/www3.hilton.com\/en\/hotels\/uae\/hilton-al-hamra-beach-and-golf-resort-RKTAHHI\/index.html?WT.mc_id=zELWAKN0EMEA1HI2DMH3LocalSearch4DGGenericx6RKTAHHI (otev\u0159e se na nov\u00e9 z\u00e1lo\u017ece)\">https:\/\/www3.hilton.com\/en\/hotels\/uae\/hilton-al-hamra-beach-and-golf-resort-RKTAHHI\/index.html?WT.mc_id=zELWAKN0EMEA1HI2DMH3LocalSearch4DGGenericx6RKTAHHI<\/a><\/p>\n\n\n\n<p>Velmi p\u0159\u00edjemn\u00fd pobyt a odpo\u010dinek v tomto hotelu.<\/p>\n\n\n\n<p><\/p>\n","protected":false},"excerpt":{"rendered":"<p>Hotelov\u00fd \u0159et\u011bzec a v\u011brnostn\u00ed programCelosv\u011btov\u00e1 s\u00ed\u0165 hotel\u016f Hilton hotels and resorts. V\u011brnostn\u00ed program je Hilton Honors. Hotelov\u00e9 lobbyDo hotelu jsem p\u0159ijel pozd\u011bji ve\u010der, tak\u017ee recepce v tuto chv\u00edli nebyla p\u0159\u00edli\u0161 zanepr\u00e1zdn\u011bna. Byl jsem p\u0159iv\u00edt\u00e1n n\u00e1pojem na uv\u00edtanou, kter\u00fd ochutnal jako&#8230;<\/p>\n","protected":false},"author":1,"featured_media":0,"parent":1785,"menu_order":0,"comment_status":"closed","ping_status":"closed","template":"","meta":[],"yoast_head":"<!-- This site is optimized with the Yoast SEO plugin v17.0 - https:\/\/yoast.com\/wordpress\/plugins\/seo\/ -->\n<title>HILTON AL HAMRA BEACH &amp; GOLF RESORT RAS AL KHAIMAH - Premium Travel&amp;Dine Info<\/title>\n<meta name=\"robots\" content=\"index, follow, max-snippet:-1, max-image-preview:large, max-video-preview:-1\" \/>\n<link rel=\"canonical\" href=\"https:\/\/www.travelanddine.info\/index.php\/spojene-arabske-emiraty\/hilton-al-hamra-beach-golf-resort-ras-al-khaimah-cz\/\" \/>\n<meta property=\"og:locale\" content=\"cs_CZ\" \/>\n<meta property=\"og:type\" content=\"article\" \/>\n<meta property=\"og:title\" content=\"HILTON AL HAMRA BEACH &amp; GOLF RESORT RAS AL KHAIMAH - Premium Travel&amp;Dine Info\" \/>\n<meta property=\"og:description\" content=\"Hotelov\u00fd \u0159et\u011bzec a v\u011brnostn\u00ed programCelosv\u011btov\u00e1 s\u00ed\u0165 hotel\u016f Hilton hotels and resorts. V\u011brnostn\u00ed program je Hilton Honors. Hotelov\u00e9 lobbyDo hotelu jsem p\u0159ijel pozd\u011bji ve\u010der, tak\u017ee recepce v tuto chv\u00edli nebyla p\u0159\u00edli\u0161 zanepr\u00e1zdn\u011bna. Byl jsem p\u0159iv\u00edt\u00e1n n\u00e1pojem na uv\u00edtanou, kter\u00fd ochutnal jako...\" \/>\n<meta property=\"og:url\" content=\"https:\/\/www.travelanddine.info\/index.php\/spojene-arabske-emiraty\/hilton-al-hamra-beach-golf-resort-ras-al-khaimah-cz\/\" \/>\n<meta property=\"og:site_name\" content=\"Premium Travel&amp;Dine Info\" \/>\n<meta property=\"article:publisher\" content=\"http:\/\/www.facebook.com\/PremiumTravelAndDineInfo\" \/>\n<meta property=\"article:modified_time\" content=\"2019-07-09T21:40:45+00:00\" \/>\n<meta property=\"og:image\" content=\"http:\/\/www.travelanddine.info\/wp-content\/uploads\/2019\/02\/image-178.png\" \/>\n<meta name=\"twitter:card\" content=\"summary_large_image\" \/>\n<meta name=\"twitter:label1\" content=\"Odhadovan\u00e1 doba \u010dten\u00ed\" \/>\n\t<meta name=\"twitter:data1\" content=\"4 minuty\" \/>\n<script type=\"application\/ld+json\" class=\"yoast-schema-graph\">{\"@context\":\"https:\/\/schema.org\",\"@graph\":[{\"@type\":\"Organization\",\"@id\":\"https:\/\/www.travelanddine.info\/#organization\",\"name\":\"Premium Travel & Dine Info\",\"url\":\"https:\/\/www.travelanddine.info\/\",\"sameAs\":[\"http:\/\/www.facebook.com\/PremiumTravelAndDineInfo\",\"https:\/\/www.instagram.com\/premium_travel_and_dine_info\/\",\"https:\/\/www.youtube.com\/channel\/UCq4d7zmKK3AOuzDrR1p_2Qw\/featured?disable_polymer=1\"],\"logo\":{\"@type\":\"ImageObject\",\"@id\":\"https:\/\/www.travelanddine.info\/#logo\",\"inLanguage\":\"cs\",\"url\":\"https:\/\/www.travelanddine.info\/wp-content\/uploads\/2019\/01\/logo-premium-e1547240252292.jpg\",\"contentUrl\":\"https:\/\/www.travelanddine.info\/wp-content\/uploads\/2019\/01\/logo-premium-e1547240252292.jpg\",\"width\":1000,\"height\":406,\"caption\":\"Premium Travel & Dine Info\"},\"image\":{\"@id\":\"https:\/\/www.travelanddine.info\/#logo\"}},{\"@type\":\"WebSite\",\"@id\":\"https:\/\/www.travelanddine.info\/#website\",\"url\":\"https:\/\/www.travelanddine.info\/\",\"name\":\"Premium Travel&amp;Dine Info\",\"description\":\"tipy, doporu\\u010den\\u00ed, informace.. pro ty, kte\\u0159\\u00ed maj\\u00ed r\\u00e1di cestov\\u00e1n\\u00ed na vysok\\u00e9 \\u00farovni a skv\\u011bl\\u00e9 j\\u00eddlo\",\"publisher\":{\"@id\":\"https:\/\/www.travelanddine.info\/#organization\"},\"potentialAction\":[{\"@type\":\"SearchAction\",\"target\":{\"@type\":\"EntryPoint\",\"urlTemplate\":\"https:\/\/www.travelanddine.info\/?s={search_term_string}\"},\"query-input\":\"required name=search_term_string\"}],\"inLanguage\":\"cs\"},{\"@type\":\"ImageObject\",\"@id\":\"https:\/\/www.travelanddine.info\/index.php\/spojene-arabske-emiraty\/hilton-al-hamra-beach-golf-resort-ras-al-khaimah-cz\/#primaryimage\",\"inLanguage\":\"cs\",\"url\":\"http:\/\/www.travelanddine.info\/wp-content\/uploads\/2019\/02\/image-178.png\",\"contentUrl\":\"http:\/\/www.travelanddine.info\/wp-content\/uploads\/2019\/02\/image-178.png\"},{\"@type\":\"WebPage\",\"@id\":\"https:\/\/www.travelanddine.info\/index.php\/spojene-arabske-emiraty\/hilton-al-hamra-beach-golf-resort-ras-al-khaimah-cz\/#webpage\",\"url\":\"https:\/\/www.travelanddine.info\/index.php\/spojene-arabske-emiraty\/hilton-al-hamra-beach-golf-resort-ras-al-khaimah-cz\/\",\"name\":\"HILTON AL HAMRA BEACH & GOLF RESORT RAS AL KHAIMAH - Premium Travel&amp;Dine Info\",\"isPartOf\":{\"@id\":\"https:\/\/www.travelanddine.info\/#website\"},\"primaryImageOfPage\":{\"@id\":\"https:\/\/www.travelanddine.info\/index.php\/spojene-arabske-emiraty\/hilton-al-hamra-beach-golf-resort-ras-al-khaimah-cz\/#primaryimage\"},\"datePublished\":\"2019-02-17T11:26:13+00:00\",\"dateModified\":\"2019-07-09T21:40:45+00:00\",\"breadcrumb\":{\"@id\":\"https:\/\/www.travelanddine.info\/index.php\/spojene-arabske-emiraty\/hilton-al-hamra-beach-golf-resort-ras-al-khaimah-cz\/#breadcrumb\"},\"inLanguage\":\"cs\",\"potentialAction\":[{\"@type\":\"ReadAction\",\"target\":[\"https:\/\/www.travelanddine.info\/index.php\/spojene-arabske-emiraty\/hilton-al-hamra-beach-golf-resort-ras-al-khaimah-cz\/\"]}]},{\"@type\":\"BreadcrumbList\",\"@id\":\"https:\/\/www.travelanddine.info\/index.php\/spojene-arabske-emiraty\/hilton-al-hamra-beach-golf-resort-ras-al-khaimah-cz\/#breadcrumb\",\"itemListElement\":[{\"@type\":\"ListItem\",\"position\":1,\"name\":\"Dom\\u016f\",\"item\":\"https:\/\/www.travelanddine.info\/index.php\/en\/home\/\"},{\"@type\":\"ListItem\",\"position\":2,\"name\":\"Spojen\\u00e9 Arabsk\\u00e9 Emir\\u00e1ty\",\"item\":\"https:\/\/www.travelanddine.info\/index.php\/spojene-arabske-emiraty\/\"},{\"@type\":\"ListItem\",\"position\":3,\"name\":\"HILTON AL HAMRA BEACH &#038; GOLF RESORT RAS AL KHAIMAH\"}]}]}<\/script>\n<!-- \/ Yoast SEO plugin. -->","yoast_head_json":{"title":"HILTON AL HAMRA BEACH & GOLF RESORT RAS AL KHAIMAH - Premium Travel&amp;Dine Info","robots":{"index":"index","follow":"follow","max-snippet":"max-snippet:-1","max-image-preview":"max-image-preview:large","max-video-preview":"max-video-preview:-1"},"canonical":"https:\/\/www.travelanddine.info\/index.php\/spojene-arabske-emiraty\/hilton-al-hamra-beach-golf-resort-ras-al-khaimah-cz\/","og_locale":"cs_CZ","og_type":"article","og_title":"HILTON AL HAMRA BEACH & GOLF RESORT RAS AL KHAIMAH - Premium Travel&amp;Dine Info","og_description":"Hotelov\u00fd \u0159et\u011bzec a v\u011brnostn\u00ed programCelosv\u011btov\u00e1 s\u00ed\u0165 hotel\u016f Hilton hotels and resorts. V\u011brnostn\u00ed program je Hilton Honors. Hotelov\u00e9 lobbyDo hotelu jsem p\u0159ijel pozd\u011bji ve\u010der, tak\u017ee recepce v tuto chv\u00edli nebyla p\u0159\u00edli\u0161 zanepr\u00e1zdn\u011bna. Byl jsem p\u0159iv\u00edt\u00e1n n\u00e1pojem na uv\u00edtanou, kter\u00fd ochutnal jako...","og_url":"https:\/\/www.travelanddine.info\/index.php\/spojene-arabske-emiraty\/hilton-al-hamra-beach-golf-resort-ras-al-khaimah-cz\/","og_site_name":"Premium Travel&amp;Dine Info","article_publisher":"http:\/\/www.facebook.com\/PremiumTravelAndDineInfo","article_modified_time":"2019-07-09T21:40:45+00:00","og_image":[{"url":"http:\/\/www.travelanddine.info\/wp-content\/uploads\/2019\/02\/image-178.png"}],"twitter_card":"summary_large_image","twitter_misc":{"Odhadovan\u00e1 doba \u010dten\u00ed":"4 minuty"},"schema":{"@context":"https:\/\/schema.org","@graph":[{"@type":"Organization","@id":"https:\/\/www.travelanddine.info\/#organization","name":"Premium Travel & Dine Info","url":"https:\/\/www.travelanddine.info\/","sameAs":["http:\/\/www.facebook.com\/PremiumTravelAndDineInfo","https:\/\/www.instagram.com\/premium_travel_and_dine_info\/","https:\/\/www.youtube.com\/channel\/UCq4d7zmKK3AOuzDrR1p_2Qw\/featured?disable_polymer=1"],"logo":{"@type":"ImageObject","@id":"https:\/\/www.travelanddine.info\/#logo","inLanguage":"cs","url":"https:\/\/www.travelanddine.info\/wp-content\/uploads\/2019\/01\/logo-premium-e1547240252292.jpg","contentUrl":"https:\/\/www.travelanddine.info\/wp-content\/uploads\/2019\/01\/logo-premium-e1547240252292.jpg","width":1000,"height":406,"caption":"Premium Travel & Dine Info"},"image":{"@id":"https:\/\/www.travelanddine.info\/#logo"}},{"@type":"WebSite","@id":"https:\/\/www.travelanddine.info\/#website","url":"https:\/\/www.travelanddine.info\/","name":"Premium Travel&amp;Dine Info","description":"tipy, doporu\u010den\u00ed, informace.. pro ty, kte\u0159\u00ed maj\u00ed r\u00e1di cestov\u00e1n\u00ed na vysok\u00e9 \u00farovni a skv\u011bl\u00e9 j\u00eddlo","publisher":{"@id":"https:\/\/www.travelanddine.info\/#organization"},"potentialAction":[{"@type":"SearchAction","target":{"@type":"EntryPoint","urlTemplate":"https:\/\/www.travelanddine.info\/?s={search_term_string}"},"query-input":"required name=search_term_string"}],"inLanguage":"cs"},{"@type":"ImageObject","@id":"https:\/\/www.travelanddine.info\/index.php\/spojene-arabske-emiraty\/hilton-al-hamra-beach-golf-resort-ras-al-khaimah-cz\/#primaryimage","inLanguage":"cs","url":"http:\/\/www.travelanddine.info\/wp-content\/uploads\/2019\/02\/image-178.png","contentUrl":"http:\/\/www.travelanddine.info\/wp-content\/uploads\/2019\/02\/image-178.png"},{"@type":"WebPage","@id":"https:\/\/www.travelanddine.info\/index.php\/spojene-arabske-emiraty\/hilton-al-hamra-beach-golf-resort-ras-al-khaimah-cz\/#webpage","url":"https:\/\/www.travelanddine.info\/index.php\/spojene-arabske-emiraty\/hilton-al-hamra-beach-golf-resort-ras-al-khaimah-cz\/","name":"HILTON AL HAMRA BEACH & GOLF RESORT RAS AL KHAIMAH - Premium Travel&amp;Dine Info","isPartOf":{"@id":"https:\/\/www.travelanddine.info\/#website"},"primaryImageOfPage":{"@id":"https:\/\/www.travelanddine.info\/index.php\/spojene-arabske-emiraty\/hilton-al-hamra-beach-golf-resort-ras-al-khaimah-cz\/#primaryimage"},"datePublished":"2019-02-17T11:26:13+00:00","dateModified":"2019-07-09T21:40:45+00:00","breadcrumb":{"@id":"https:\/\/www.travelanddine.info\/index.php\/spojene-arabske-emiraty\/hilton-al-hamra-beach-golf-resort-ras-al-khaimah-cz\/#breadcrumb"},"inLanguage":"cs","potentialAction":[{"@type":"ReadAction","target":["https:\/\/www.travelanddine.info\/index.php\/spojene-arabske-emiraty\/hilton-al-hamra-beach-golf-resort-ras-al-khaimah-cz\/"]}]},{"@type":"BreadcrumbList","@id":"https:\/\/www.travelanddine.info\/index.php\/spojene-arabske-emiraty\/hilton-al-hamra-beach-golf-resort-ras-al-khaimah-cz\/#breadcrumb","itemListElement":[{"@type":"ListItem","position":1,"name":"Dom\u016f","item":"https:\/\/www.travelanddine.info\/index.php\/en\/home\/"},{"@type":"ListItem","position":2,"name":"Spojen\u00e9 Arabsk\u00e9 Emir\u00e1ty","item":"https:\/\/www.travelanddine.info\/index.php\/spojene-arabske-emiraty\/"},{"@type":"ListItem","position":3,"name":"HILTON AL HAMRA BEACH &#038; GOLF RESORT RAS AL KHAIMAH"}]}]}},"_links":{"self":[{"href":"https:\/\/www.travelanddine.info\/index.php\/wp-json\/wp\/v2\/pages\/1793"}],"collection":[{"href":"https:\/\/www.travelanddine.info\/index.php\/wp-json\/wp\/v2\/pages"}],"about":[{"href":"https:\/\/www.travelanddine.info\/index.php\/wp-json\/wp\/v2\/types\/page"}],"author":[{"embeddable":true,"href":"https:\/\/www.travelanddine.info\/index.php\/wp-json\/wp\/v2\/users\/1"}],"replies":[{"embeddable":true,"href":"https:\/\/www.travelanddine.info\/index.php\/wp-json\/wp\/v2\/comments?post=1793"}],"version-history":[{"count":5,"href":"https:\/\/www.travelanddine.info\/index.php\/wp-json\/wp\/v2\/pages\/1793\/revisions"}],"predecessor-version":[{"id":3419,"href":"https:\/\/www.travelanddine.info\/index.php\/wp-json\/wp\/v2\/pages\/1793\/revisions\/3419"}],"up":[{"embeddable":true,"href":"https:\/\/www.travelanddine.info\/index.php\/wp-json\/wp\/v2\/pages\/1785"}],"wp:attachment":[{"href":"https:\/\/www.travelanddine.info\/index.php\/wp-json\/wp\/v2\/media?parent=1793"}],"curies":[{"name":"wp","href":"https:\/\/api.w.org\/{rel}","templated":true}]}}