{"id":1806,"date":"2019-02-17T11:26:13","date_gmt":"2019-02-17T11:26:13","guid":{"rendered":"http:\/\/www.travelanddine.info\/?page_id=1806"},"modified":"2019-07-09T21:48:42","modified_gmt":"2019-07-09T21:48:42","slug":"hilton-al-hamra-beach-golf-resort-ras-al-khaimah","status":"publish","type":"page","link":"https:\/\/www.travelanddine.info\/index.php\/en\/united-arab-emirates\/hilton-al-hamra-beach-golf-resort-ras-al-khaimah\/","title":{"rendered":"HILTON AL HAMRA BEACH &#038; GOLF RESORT RAS AL KHAIMAH"},"content":{"rendered":"\n<figure class=\"wp-block-image\"><img loading=\"lazy\" width=\"433\" height=\"577\" src=\"https:\/\/www.travelanddine.info\/wp-content\/uploads\/2019\/02\/image-187.png\" alt=\"\" class=\"wp-image-1807\" srcset=\"https:\/\/www.travelanddine.info\/wp-content\/uploads\/2019\/02\/image-187.png 433w, https:\/\/www.travelanddine.info\/wp-content\/uploads\/2019\/02\/image-187-225x300.png 225w\" sizes=\"(max-width: 433px) 100vw, 433px\" \/><\/figure>\n\n\n\n<figure class=\"wp-block-image\"><img loading=\"lazy\" width=\"577\" height=\"433\" src=\"https:\/\/www.travelanddine.info\/wp-content\/uploads\/2019\/02\/image-188.png\" alt=\"\" class=\"wp-image-1808\" srcset=\"https:\/\/www.travelanddine.info\/wp-content\/uploads\/2019\/02\/image-188.png 577w, https:\/\/www.travelanddine.info\/wp-content\/uploads\/2019\/02\/image-188-300x225.png 300w\" sizes=\"(max-width: 577px) 100vw, 577px\" \/><\/figure>\n\n\n\n<p><em>Hotel Chain and Loyalty Program<\/em><\/p>\n\n\n\n<p>Worldwide Hilton hotels and resorts. Hilton Honors program is applied.<\/p>\n\n\n\n<p><em>Check-in and public area lobby<\/em><\/p>\n\n\n\n<p>I arrived to the hotel later in the evening, so the reception was not very busy at this time. I was welcomed with a welcome drink which tasted as non-alcoholic and very light gin&amp;tonic. Check-in process was smooth and fast, and within 5 minutes I was escorted, by a friendly staff, to my room.<\/p>\n\n\n\n<p>The lobby is not huge but spacious enough, designed in modern d\u00e9cor with plenty of traditional Arabic details. Comfortable seating area gives a chance to wait for the friends in comfort. There is a reception, concierge, luggage porter and storage, Hilton Honors special welcome desk, currency exchange and ATM machine in the lobby. A live piano music can be played from time to time. Little guests will definitely appreciate an ice cream stand located by side of the lobby. A lobby bar is there as well, with large selection of coffees and teas, sweets. There is an access to the rooms, elevators, swimming pool and Al Shamal restaurant from the hotel lobby.<\/p>\n\n\n\n<figure class=\"wp-block-image\"><img loading=\"lazy\" width=\"577\" height=\"433\" src=\"https:\/\/www.travelanddine.info\/wp-content\/uploads\/2019\/02\/image-189.png\" alt=\"\" class=\"wp-image-1809\" srcset=\"https:\/\/www.travelanddine.info\/wp-content\/uploads\/2019\/02\/image-189.png 577w, https:\/\/www.travelanddine.info\/wp-content\/uploads\/2019\/02\/image-189-300x225.png 300w\" sizes=\"(max-width: 577px) 100vw, 577px\" \/><\/figure>\n\n\n\n<p><em>Location<\/em><\/p>\n\n\n\n<p>In Al Hamra area close to the city of Ras Al Khaimah. Dubai international airport is located about an hour drive, and Ras Al Khaimah city center is about 10 minutes by car. The resort is located at the beach which is divided and owned by few more 5star hotel properties. The long beach is stunning with white sands. Al Hamra has a 18 holes golf course, and there is a shopping mall in the proximity of the hotel having many shops, restaurants and even a cinema.<\/p>\n\n\n\n<p><em>Room<\/em><\/p>\n\n\n\n<p>There is more than 260 rooms and suits in the resort. The room I stayed in was a comfortable and spacious King Deluxe Marina View room. It was equipped with a large bed, bedside tables, comfortable corner sofa, work table with chairs, a cabinet with large flat TV. The furniture is made in traditional Arabic design. A carpet with Arabic details is placed under and around the large bed. A spacious bathroom has a glass shower corner, a bath tub, a toilet with bidet, washbasin and large mirror in traditional wooden frame.&nbsp;<\/p>\n\n\n\n<p>As the room is located in the ground floor it has a has a direct access to the large outside terrace with wooden table and chairs. A perfect thing to spend an evening time outside with a glass of wine, and to enjoy the views in a fresh breeze. The outside terrace was a top when staying at the King Deluxe Marine View room. Very classy.<\/p>\n\n\n\n<figure class=\"wp-block-image\"><img loading=\"lazy\" width=\"577\" height=\"433\" src=\"https:\/\/www.travelanddine.info\/wp-content\/uploads\/2019\/02\/image-190.png\" alt=\"\" class=\"wp-image-1810\" srcset=\"https:\/\/www.travelanddine.info\/wp-content\/uploads\/2019\/02\/image-190.png 577w, https:\/\/www.travelanddine.info\/wp-content\/uploads\/2019\/02\/image-190-300x225.png 300w\" sizes=\"(max-width: 577px) 100vw, 577px\" \/><\/figure>\n\n\n\n<figure class=\"wp-block-image\"><img loading=\"lazy\" width=\"577\" height=\"433\" src=\"https:\/\/www.travelanddine.info\/wp-content\/uploads\/2019\/02\/image-191.png\" alt=\"\" class=\"wp-image-1811\" srcset=\"https:\/\/www.travelanddine.info\/wp-content\/uploads\/2019\/02\/image-191.png 577w, https:\/\/www.travelanddine.info\/wp-content\/uploads\/2019\/02\/image-191-300x225.png 300w\" sizes=\"(max-width: 577px) 100vw, 577px\" \/><\/figure>\n\n\n\n<figure class=\"wp-block-image\"><img loading=\"lazy\" width=\"433\" height=\"577\" src=\"https:\/\/www.travelanddine.info\/wp-content\/uploads\/2019\/02\/image-192.png\" alt=\"\" class=\"wp-image-1812\" srcset=\"https:\/\/www.travelanddine.info\/wp-content\/uploads\/2019\/02\/image-192.png 433w, https:\/\/www.travelanddine.info\/wp-content\/uploads\/2019\/02\/image-192-225x300.png 225w\" sizes=\"(max-width: 433px) 100vw, 433px\" \/><\/figure>\n\n\n\n<p><em>Restaurants and food<\/em><\/p>\n\n\n\n<p>There is 5 restaurants in the property. The buffet-style breakfast is served at&nbsp;<em>Al Shamal<\/em>restaurant with a large selection of offer, from continental to American and local arabic options. The only slight disadvantage is an enormous number of hungry guests having breakfast at the same time, so it might seen the staff is sometimes under pressure in delivering the food and drink supplies on the spot. Al Shamal restaurant d\u00e9cor is inspired by Middle Eastern markets \u2013 souqs. Very interesting idea.<\/p>\n\n\n\n<p><em>Scirocco<\/em>place is reminiscent a typical British pub with a bar and large TV showing the sport events. It serves not only beer and cocktails but also typical British favourities as fish &amp; chips or assortment of pies. It also has a live music.&nbsp;<em>Trader Vic\u2019s Mai Tai<\/em>lounge is the only Polynesian restaurant and lounge in the city. It is possible to sit there in the sofas, and to sip a drink or a cocktail.&nbsp;<em>Le Chalet<\/em>is a beachfront terrace restaurant located close to the main swimming pool.<\/p>\n\n\n\n<figure class=\"wp-block-image\"><img loading=\"lazy\" width=\"433\" height=\"577\" src=\"https:\/\/www.travelanddine.info\/wp-content\/uploads\/2019\/02\/image-193.png\" alt=\"\" class=\"wp-image-1813\" srcset=\"https:\/\/www.travelanddine.info\/wp-content\/uploads\/2019\/02\/image-193.png 433w, https:\/\/www.travelanddine.info\/wp-content\/uploads\/2019\/02\/image-193-225x300.png 225w\" sizes=\"(max-width: 433px) 100vw, 433px\" \/><\/figure>\n\n\n\n<p><em>Leisure facilities&nbsp;<\/em><\/p>\n\n\n\n<p>The resort has two swimming pools, and kids are allowed to use both of them. Golf lovers can use a 18 holes golf course. The other facilities include jet skiing, tennis courts, volleyball activities etc. There is a well equipped fitness room, and a hotel spa offers massage treatments as well as facial and body care. Something what cannot be missed at all is a wonderful long white sands beach with plenty beach beds and sunshades.<\/p>\n\n\n\n<figure class=\"wp-block-image\"><img loading=\"lazy\" width=\"577\" height=\"433\" src=\"https:\/\/www.travelanddine.info\/wp-content\/uploads\/2019\/02\/image-194.png\" alt=\"\" class=\"wp-image-1814\" srcset=\"https:\/\/www.travelanddine.info\/wp-content\/uploads\/2019\/02\/image-194.png 577w, https:\/\/www.travelanddine.info\/wp-content\/uploads\/2019\/02\/image-194-300x225.png 300w\" sizes=\"(max-width: 577px) 100vw, 577px\" \/><\/figure>\n\n\n\n<figure class=\"wp-block-image\"><img loading=\"lazy\" width=\"577\" height=\"433\" src=\"https:\/\/www.travelanddine.info\/wp-content\/uploads\/2019\/02\/image-195.png\" alt=\"\" class=\"wp-image-1815\" srcset=\"https:\/\/www.travelanddine.info\/wp-content\/uploads\/2019\/02\/image-195.png 577w, https:\/\/www.travelanddine.info\/wp-content\/uploads\/2019\/02\/image-195-300x225.png 300w\" sizes=\"(max-width: 577px) 100vw, 577px\" \/><\/figure>\n\n\n\n<p><em>Verdict<\/em><\/p>\n\n\n\n<p>Don\u2019t miss :\t<\/p>\n\n\n\n<p>the white sand long beach<\/p>\n\n\n\n<p>Room price :\t<\/p>\n\n\n\n<p>145,- EUR \/ King Deluxe Marina View room<\/p>\n\n\n\n<p>Contact : <a href=\"https:\/\/www3.hilton.com\/en\/hotels\/uae\/hilton-al-hamra-beach-and-golf-resort-RKTAHHI\/index.html?WT.mc_id=zELWAKN0EMEA1HI2DMH3LocalSearch4DGGenericx6RKTAHHI\" target=\"_blank\" rel=\"noreferrer noopener\" aria-label=\"https:\/\/www3.hilton.com\/en\/hotels\/uae\/hilton-al-hamra-beach-and-golf-resort-RKTAHHI\/index.html?WT.mc_id=zELWAKN0EMEA1HI2DMH3LocalSearch4DGGenericx6RKTAHHI (otev\u0159e se na nov\u00e9 z\u00e1lo\u017ece)\">https:\/\/www3.hilton.com\/en\/hotels\/uae\/hilton-al-hamra-beach-and-golf-resort-RKTAHHI\/index.html?WT.mc_id=zELWAKN0EMEA1HI2DMH3LocalSearch4DGGenericx6RKTAHHI<\/a><\/p>\n\n\n\n<p>Very pleasant stay and relax at the hotel.<\/p>\n\n\n\n<p><\/p>\n","protected":false},"excerpt":{"rendered":"<p>Hotel Chain and Loyalty Program Worldwide Hilton hotels and resorts. Hilton Honors program is applied. Check-in and public area lobby I arrived to the hotel later in the evening, so the reception was not very busy at this time. I&#8230;<\/p>\n","protected":false},"author":1,"featured_media":0,"parent":1789,"menu_order":0,"comment_status":"closed","ping_status":"closed","template":"","meta":[],"yoast_head":"<!-- This site is optimized with the Yoast SEO plugin v17.0 - https:\/\/yoast.com\/wordpress\/plugins\/seo\/ -->\n<title>HILTON AL HAMRA BEACH &amp; GOLF RESORT RAS AL KHAIMAH - Premium Travel&amp;Dine Info<\/title>\n<meta name=\"robots\" content=\"index, follow, max-snippet:-1, max-image-preview:large, max-video-preview:-1\" \/>\n<link rel=\"canonical\" href=\"https:\/\/www.travelanddine.info\/index.php\/en\/united-arab-emirates\/hilton-al-hamra-beach-golf-resort-ras-al-khaimah\/\" \/>\n<meta property=\"og:locale\" content=\"cs_CZ\" \/>\n<meta property=\"og:type\" content=\"article\" \/>\n<meta property=\"og:title\" content=\"HILTON AL HAMRA BEACH &amp; GOLF RESORT RAS AL KHAIMAH - Premium Travel&amp;Dine Info\" \/>\n<meta property=\"og:description\" content=\"Hotel Chain and Loyalty Program Worldwide Hilton hotels and resorts. Hilton Honors program is applied. Check-in and public area lobby I arrived to the hotel later in the evening, so the reception was not very busy at this time. I...\" \/>\n<meta property=\"og:url\" content=\"https:\/\/www.travelanddine.info\/index.php\/en\/united-arab-emirates\/hilton-al-hamra-beach-golf-resort-ras-al-khaimah\/\" \/>\n<meta property=\"og:site_name\" content=\"Premium Travel&amp;Dine Info\" \/>\n<meta property=\"article:publisher\" content=\"http:\/\/www.facebook.com\/PremiumTravelAndDineInfo\" \/>\n<meta property=\"article:modified_time\" content=\"2019-07-09T21:48:42+00:00\" \/>\n<meta property=\"og:image\" content=\"http:\/\/www.travelanddine.info\/wp-content\/uploads\/2019\/02\/image-187.png\" \/>\n<meta name=\"twitter:card\" content=\"summary_large_image\" \/>\n<meta name=\"twitter:label1\" content=\"Odhadovan\u00e1 doba \u010dten\u00ed\" \/>\n\t<meta name=\"twitter:data1\" content=\"4 minuty\" \/>\n<script type=\"application\/ld+json\" class=\"yoast-schema-graph\">{\"@context\":\"https:\/\/schema.org\",\"@graph\":[{\"@type\":\"Organization\",\"@id\":\"https:\/\/www.travelanddine.info\/#organization\",\"name\":\"Premium Travel & Dine Info\",\"url\":\"https:\/\/www.travelanddine.info\/\",\"sameAs\":[\"http:\/\/www.facebook.com\/PremiumTravelAndDineInfo\",\"https:\/\/www.instagram.com\/premium_travel_and_dine_info\/\",\"https:\/\/www.youtube.com\/channel\/UCq4d7zmKK3AOuzDrR1p_2Qw\/featured?disable_polymer=1\"],\"logo\":{\"@type\":\"ImageObject\",\"@id\":\"https:\/\/www.travelanddine.info\/#logo\",\"inLanguage\":\"cs\",\"url\":\"https:\/\/www.travelanddine.info\/wp-content\/uploads\/2019\/01\/logo-premium-e1547240252292.jpg\",\"contentUrl\":\"https:\/\/www.travelanddine.info\/wp-content\/uploads\/2019\/01\/logo-premium-e1547240252292.jpg\",\"width\":1000,\"height\":406,\"caption\":\"Premium Travel & Dine Info\"},\"image\":{\"@id\":\"https:\/\/www.travelanddine.info\/#logo\"}},{\"@type\":\"WebSite\",\"@id\":\"https:\/\/www.travelanddine.info\/#website\",\"url\":\"https:\/\/www.travelanddine.info\/\",\"name\":\"Premium Travel&amp;Dine Info\",\"description\":\"tipy, doporu\\u010den\\u00ed, informace.. pro ty, kte\\u0159\\u00ed maj\\u00ed r\\u00e1di cestov\\u00e1n\\u00ed na vysok\\u00e9 \\u00farovni a skv\\u011bl\\u00e9 j\\u00eddlo\",\"publisher\":{\"@id\":\"https:\/\/www.travelanddine.info\/#organization\"},\"potentialAction\":[{\"@type\":\"SearchAction\",\"target\":{\"@type\":\"EntryPoint\",\"urlTemplate\":\"https:\/\/www.travelanddine.info\/?s={search_term_string}\"},\"query-input\":\"required name=search_term_string\"}],\"inLanguage\":\"cs\"},{\"@type\":\"ImageObject\",\"@id\":\"https:\/\/www.travelanddine.info\/index.php\/en\/united-arab-emirates\/hilton-al-hamra-beach-golf-resort-ras-al-khaimah\/#primaryimage\",\"inLanguage\":\"cs\",\"url\":\"http:\/\/www.travelanddine.info\/wp-content\/uploads\/2019\/02\/image-187.png\",\"contentUrl\":\"http:\/\/www.travelanddine.info\/wp-content\/uploads\/2019\/02\/image-187.png\"},{\"@type\":\"WebPage\",\"@id\":\"https:\/\/www.travelanddine.info\/index.php\/en\/united-arab-emirates\/hilton-al-hamra-beach-golf-resort-ras-al-khaimah\/#webpage\",\"url\":\"https:\/\/www.travelanddine.info\/index.php\/en\/united-arab-emirates\/hilton-al-hamra-beach-golf-resort-ras-al-khaimah\/\",\"name\":\"HILTON AL HAMRA BEACH & GOLF RESORT RAS AL KHAIMAH - Premium Travel&amp;Dine Info\",\"isPartOf\":{\"@id\":\"https:\/\/www.travelanddine.info\/#website\"},\"primaryImageOfPage\":{\"@id\":\"https:\/\/www.travelanddine.info\/index.php\/en\/united-arab-emirates\/hilton-al-hamra-beach-golf-resort-ras-al-khaimah\/#primaryimage\"},\"datePublished\":\"2019-02-17T11:26:13+00:00\",\"dateModified\":\"2019-07-09T21:48:42+00:00\",\"breadcrumb\":{\"@id\":\"https:\/\/www.travelanddine.info\/index.php\/en\/united-arab-emirates\/hilton-al-hamra-beach-golf-resort-ras-al-khaimah\/#breadcrumb\"},\"inLanguage\":\"cs\",\"potentialAction\":[{\"@type\":\"ReadAction\",\"target\":[\"https:\/\/www.travelanddine.info\/index.php\/en\/united-arab-emirates\/hilton-al-hamra-beach-golf-resort-ras-al-khaimah\/\"]}]},{\"@type\":\"BreadcrumbList\",\"@id\":\"https:\/\/www.travelanddine.info\/index.php\/en\/united-arab-emirates\/hilton-al-hamra-beach-golf-resort-ras-al-khaimah\/#breadcrumb\",\"itemListElement\":[{\"@type\":\"ListItem\",\"position\":1,\"name\":\"Dom\\u016f\",\"item\":\"https:\/\/www.travelanddine.info\/index.php\/en\/home\/\"},{\"@type\":\"ListItem\",\"position\":2,\"name\":\"United Arab Emirates\",\"item\":\"https:\/\/www.travelanddine.info\/index.php\/en\/united-arab-emirates\/\"},{\"@type\":\"ListItem\",\"position\":3,\"name\":\"HILTON AL HAMRA BEACH &#038; GOLF RESORT RAS AL KHAIMAH\"}]}]}<\/script>\n<!-- \/ Yoast SEO plugin. -->","yoast_head_json":{"title":"HILTON AL HAMRA BEACH & GOLF RESORT RAS AL KHAIMAH - Premium Travel&amp;Dine Info","robots":{"index":"index","follow":"follow","max-snippet":"max-snippet:-1","max-image-preview":"max-image-preview:large","max-video-preview":"max-video-preview:-1"},"canonical":"https:\/\/www.travelanddine.info\/index.php\/en\/united-arab-emirates\/hilton-al-hamra-beach-golf-resort-ras-al-khaimah\/","og_locale":"cs_CZ","og_type":"article","og_title":"HILTON AL HAMRA BEACH & GOLF RESORT RAS AL KHAIMAH - Premium Travel&amp;Dine Info","og_description":"Hotel Chain and Loyalty Program Worldwide Hilton hotels and resorts. Hilton Honors program is applied. Check-in and public area lobby I arrived to the hotel later in the evening, so the reception was not very busy at this time. I...","og_url":"https:\/\/www.travelanddine.info\/index.php\/en\/united-arab-emirates\/hilton-al-hamra-beach-golf-resort-ras-al-khaimah\/","og_site_name":"Premium Travel&amp;Dine Info","article_publisher":"http:\/\/www.facebook.com\/PremiumTravelAndDineInfo","article_modified_time":"2019-07-09T21:48:42+00:00","og_image":[{"url":"http:\/\/www.travelanddine.info\/wp-content\/uploads\/2019\/02\/image-187.png"}],"twitter_card":"summary_large_image","twitter_misc":{"Odhadovan\u00e1 doba \u010dten\u00ed":"4 minuty"},"schema":{"@context":"https:\/\/schema.org","@graph":[{"@type":"Organization","@id":"https:\/\/www.travelanddine.info\/#organization","name":"Premium Travel & Dine Info","url":"https:\/\/www.travelanddine.info\/","sameAs":["http:\/\/www.facebook.com\/PremiumTravelAndDineInfo","https:\/\/www.instagram.com\/premium_travel_and_dine_info\/","https:\/\/www.youtube.com\/channel\/UCq4d7zmKK3AOuzDrR1p_2Qw\/featured?disable_polymer=1"],"logo":{"@type":"ImageObject","@id":"https:\/\/www.travelanddine.info\/#logo","inLanguage":"cs","url":"https:\/\/www.travelanddine.info\/wp-content\/uploads\/2019\/01\/logo-premium-e1547240252292.jpg","contentUrl":"https:\/\/www.travelanddine.info\/wp-content\/uploads\/2019\/01\/logo-premium-e1547240252292.jpg","width":1000,"height":406,"caption":"Premium Travel & Dine Info"},"image":{"@id":"https:\/\/www.travelanddine.info\/#logo"}},{"@type":"WebSite","@id":"https:\/\/www.travelanddine.info\/#website","url":"https:\/\/www.travelanddine.info\/","name":"Premium Travel&amp;Dine Info","description":"tipy, doporu\u010den\u00ed, informace.. pro ty, kte\u0159\u00ed maj\u00ed r\u00e1di cestov\u00e1n\u00ed na vysok\u00e9 \u00farovni a skv\u011bl\u00e9 j\u00eddlo","publisher":{"@id":"https:\/\/www.travelanddine.info\/#organization"},"potentialAction":[{"@type":"SearchAction","target":{"@type":"EntryPoint","urlTemplate":"https:\/\/www.travelanddine.info\/?s={search_term_string}"},"query-input":"required name=search_term_string"}],"inLanguage":"cs"},{"@type":"ImageObject","@id":"https:\/\/www.travelanddine.info\/index.php\/en\/united-arab-emirates\/hilton-al-hamra-beach-golf-resort-ras-al-khaimah\/#primaryimage","inLanguage":"cs","url":"http:\/\/www.travelanddine.info\/wp-content\/uploads\/2019\/02\/image-187.png","contentUrl":"http:\/\/www.travelanddine.info\/wp-content\/uploads\/2019\/02\/image-187.png"},{"@type":"WebPage","@id":"https:\/\/www.travelanddine.info\/index.php\/en\/united-arab-emirates\/hilton-al-hamra-beach-golf-resort-ras-al-khaimah\/#webpage","url":"https:\/\/www.travelanddine.info\/index.php\/en\/united-arab-emirates\/hilton-al-hamra-beach-golf-resort-ras-al-khaimah\/","name":"HILTON AL HAMRA BEACH & GOLF RESORT RAS AL KHAIMAH - Premium Travel&amp;Dine Info","isPartOf":{"@id":"https:\/\/www.travelanddine.info\/#website"},"primaryImageOfPage":{"@id":"https:\/\/www.travelanddine.info\/index.php\/en\/united-arab-emirates\/hilton-al-hamra-beach-golf-resort-ras-al-khaimah\/#primaryimage"},"datePublished":"2019-02-17T11:26:13+00:00","dateModified":"2019-07-09T21:48:42+00:00","breadcrumb":{"@id":"https:\/\/www.travelanddine.info\/index.php\/en\/united-arab-emirates\/hilton-al-hamra-beach-golf-resort-ras-al-khaimah\/#breadcrumb"},"inLanguage":"cs","potentialAction":[{"@type":"ReadAction","target":["https:\/\/www.travelanddine.info\/index.php\/en\/united-arab-emirates\/hilton-al-hamra-beach-golf-resort-ras-al-khaimah\/"]}]},{"@type":"BreadcrumbList","@id":"https:\/\/www.travelanddine.info\/index.php\/en\/united-arab-emirates\/hilton-al-hamra-beach-golf-resort-ras-al-khaimah\/#breadcrumb","itemListElement":[{"@type":"ListItem","position":1,"name":"Dom\u016f","item":"https:\/\/www.travelanddine.info\/index.php\/en\/home\/"},{"@type":"ListItem","position":2,"name":"United Arab Emirates","item":"https:\/\/www.travelanddine.info\/index.php\/en\/united-arab-emirates\/"},{"@type":"ListItem","position":3,"name":"HILTON AL HAMRA BEACH &#038; GOLF RESORT RAS AL KHAIMAH"}]}]}},"_links":{"self":[{"href":"https:\/\/www.travelanddine.info\/index.php\/wp-json\/wp\/v2\/pages\/1806"}],"collection":[{"href":"https:\/\/www.travelanddine.info\/index.php\/wp-json\/wp\/v2\/pages"}],"about":[{"href":"https:\/\/www.travelanddine.info\/index.php\/wp-json\/wp\/v2\/types\/page"}],"author":[{"embeddable":true,"href":"https:\/\/www.travelanddine.info\/index.php\/wp-json\/wp\/v2\/users\/1"}],"replies":[{"embeddable":true,"href":"https:\/\/www.travelanddine.info\/index.php\/wp-json\/wp\/v2\/comments?post=1806"}],"version-history":[{"count":4,"href":"https:\/\/www.travelanddine.info\/index.php\/wp-json\/wp\/v2\/pages\/1806\/revisions"}],"predecessor-version":[{"id":3430,"href":"https:\/\/www.travelanddine.info\/index.php\/wp-json\/wp\/v2\/pages\/1806\/revisions\/3430"}],"up":[{"embeddable":true,"href":"https:\/\/www.travelanddine.info\/index.php\/wp-json\/wp\/v2\/pages\/1789"}],"wp:attachment":[{"href":"https:\/\/www.travelanddine.info\/index.php\/wp-json\/wp\/v2\/media?parent=1806"}],"curies":[{"name":"wp","href":"https:\/\/api.w.org\/{rel}","templated":true}]}}