{"id":1821,"date":"2019-02-17T11:42:27","date_gmt":"2019-02-17T11:42:27","guid":{"rendered":"http:\/\/www.travelanddine.info\/?page_id=1821"},"modified":"2019-07-09T21:41:19","modified_gmt":"2019-07-09T21:41:19","slug":"waldorf-astoria-ras-al-khaimah-cz","status":"publish","type":"page","link":"https:\/\/www.travelanddine.info\/index.php\/spojene-arabske-emiraty\/waldorf-astoria-ras-al-khaimah-cz\/","title":{"rendered":"WALDORF ASTORIA, RAS AL KHAIMAH"},"content":{"rendered":"\n<p><em>Hotelov<\/em><em>\u00fd \u0159et\u011bzec a v\u011brnostn\u00ed program<\/em><\/p>\n\n\n\n<p>Worldwide Hilton hotels and resorts. Waldorf Astoria is nejluxusn\u011bj\u0161\u00ed zna\u010dkou tohoto \u0159et\u011bzce. Hilton Honors program je v\u011brnostn\u00ed program pro Hilton hotels and resorts.<\/p>\n\n\n\n<figure class=\"wp-block-image\"><img loading=\"lazy\" width=\"275\" height=\"275\" src=\"https:\/\/www.travelanddine.info\/wp-content\/uploads\/2019\/02\/image-196.png\" alt=\"\" class=\"wp-image-1822\" srcset=\"https:\/\/www.travelanddine.info\/wp-content\/uploads\/2019\/02\/image-196.png 275w, https:\/\/www.travelanddine.info\/wp-content\/uploads\/2019\/02\/image-196-150x150.png 150w\" sizes=\"(max-width: 275px) 100vw, 275px\" \/><\/figure>\n\n\n\n<figure class=\"wp-block-image\"><img loading=\"lazy\" width=\"374\" height=\"281\" src=\"https:\/\/www.travelanddine.info\/wp-content\/uploads\/2019\/02\/image-197.png\" alt=\"\" class=\"wp-image-1823\" srcset=\"https:\/\/www.travelanddine.info\/wp-content\/uploads\/2019\/02\/image-197.png 374w, https:\/\/www.travelanddine.info\/wp-content\/uploads\/2019\/02\/image-197-300x225.png 300w\" sizes=\"(max-width: 374px) 100vw, 374px\" \/><\/figure>\n\n\n\n<p><em>Hotelov\u00e9 lobby<\/em><\/p>\n\n\n\n<p>Do obrovsk\u00e9ho a luxusn\u00edho hotelov\u00e9ho lobby jsme p\u0159ijeli r\u00e1no kolem 7.30. Byli jsme p\u0159iv\u00edt\u00e1ni \u010derstv\u00fdm ovocn\u00fdm d\u017eusem. Arabsk\u00e1 k\u00e1va a datle byly k dispozici opod\u00e1l, pokud by si n\u011bkdo p\u0159\u00e1l. Proces p\u0159ihl\u00e1\u0161en\u00ed byl hladk\u00fd a rychl\u00fd. Navzdory brzk\u00e9mu p\u0159\u00edjezdu do hotelu jsme byli do na\u0161eho pokoje doprovozeni zam\u011bstnancem odd\u011blen\u00ed vztah\u016f se z\u00e1kazn\u00edky, kter\u00fd n\u00e1m uk\u00e1zal v\u0161e kolem na\u0161eho prostorn\u00e9ho a luxusn\u00edho pokoje. Hotelov\u00e1 hala je obrovsk\u00e1 a navr\u017een\u00e1 do posledn\u00edho detailu v opulentn\u00edm arabsk\u00e9m dekoru. Uprost\u0159ed hotelov\u00e9ho lobby stoj\u00ed velk\u00e9 hodiny, kter\u00e9 jsou navr\u017eeny a vyrobeny hodin\u00e1\u0159skou firmou Smiths of Derby. Toto mistrovsk\u00e9 hodin\u00e1\u0159sk\u00e9 d\u00edlo je navr\u017eeno tak, aby hodiny ukazovaly tak\u00e9 p\u0159esn\u00fd \u010das p\u011bti denn\u00edch muslimsk\u00fdch modliteb &#8211; na po\u010dest arabsk\u00e9 kultury.<br>Ve vstupn\u00ed hale hotelu se nach\u00e1z\u00ed recepce, slu\u017eby concierge, pult odd\u011blen\u00ed pro vztah se z\u00e1kazn\u00edky, zavazadlov\u00e1 slu\u017eba a sm\u011bn\u00e1rna. V\u0161echny hlavn\u00ed kreditn\u00ed karty jsou samoz\u0159ejm\u011b p\u0159ij\u00edm\u00e1ny. Z lobby je p\u0159\u00edstup do n\u00e1kupn\u00ed z\u00f3ny s luxusn\u00edmi butiky a cestovn\u00edmi slu\u017ebami. Lobby bar s \u017eivou hudbou, kde hraje pianista nebo kytarista, je dobr\u00fdm m\u00edstem pro str\u00e1ven\u00ed \u010dasu.<\/p>\n\n\n\n<figure class=\"wp-block-image is-resized\"><img loading=\"lazy\" src=\"https:\/\/www.travelanddine.info\/wp-content\/uploads\/2019\/02\/image-198.png\" alt=\"\" class=\"wp-image-1824\" width=\"501\" height=\"317\" srcset=\"https:\/\/www.travelanddine.info\/wp-content\/uploads\/2019\/02\/image-198.png 504w, https:\/\/www.travelanddine.info\/wp-content\/uploads\/2019\/02\/image-198-300x190.png 300w, https:\/\/www.travelanddine.info\/wp-content\/uploads\/2019\/02\/image-198-410x260.png 410w\" sizes=\"(max-width: 501px) 100vw, 501px\" \/><\/figure>\n\n\n\n<figure class=\"wp-block-image is-resized\"><img loading=\"lazy\" src=\"https:\/\/www.travelanddine.info\/wp-content\/uploads\/2019\/02\/image-199.png\" alt=\"\" class=\"wp-image-1825\" width=\"508\" height=\"304\" srcset=\"https:\/\/www.travelanddine.info\/wp-content\/uploads\/2019\/02\/image-199.png 533w, https:\/\/www.travelanddine.info\/wp-content\/uploads\/2019\/02\/image-199-300x180.png 300w\" sizes=\"(max-width: 508px) 100vw, 508px\" \/><\/figure>\n\n\n\n<p><em>Um\u00edst\u011bn\u00ed hotelu<\/em><\/p>\n\n\n\n<p>Hotel Waldorf Astoria je asi hodinu j\u00edzdy od mezin\u00e1rodn\u00edho leti\u0161t\u011b v Dubaji a 10 minut j\u00edzdy autem do centra Ras Al Khaimah. Nach\u00e1z\u00ed se v oblasti Al Hamra, kde jsou dal\u0161\u00ed 5hv\u011bzdi\u010dkov\u00e9 hotely.<br>Al Hamra m\u00e1 18 jamkov\u00e9 golfov\u00e9 h\u0159i\u0161t\u011b a nedaleko je n\u00e1kupn\u00ed centrum s mnoha obchody, restauracemi a kinem. Hotel se nach\u00e1z\u00ed na pl\u00e1\u017ei, kter\u00e1 je obrovsk\u00e1 a s b\u00edl\u00fdm p\u00edskem.<\/p>\n\n\n\n<p><em>Hotelov\u00e9 pokoje<\/em><\/p>\n\n\n\n<p>Hotel m\u00e1 t\u00e9m\u011b\u0159 350 prostorn\u00fdch pokoj\u016f a apartm\u00e1n\u016f. N\u00e1\u0161 pokoj typu Family Deluxe s balkonem m\u00e1 asi 90 m\u00b2 a m\u00e1 v\u00fdhled na mo\u0159e. Pokoj m\u00e1 dv\u011b \u010d\u00e1sti, jedna je ob\u00fdvac\u00ed a jedna pro span\u00ed. Ob\u00fdvac\u00ed \u010d\u00e1st pokoje m\u00e1 obrovskou pohovku a \u017eidle, konferen\u010dn\u00ed stolek, velkou plochou TV, k\u00e1vovar Nespresso, rychlovarnou konvici a minibar. Spac\u00ed \u010d\u00e1st je vybavena velk\u00fdmi pohodln\u00fdmi postelemi, velk\u00fdm ploch\u00fdm televizorem, dokovac\u00ed stanic\u00ed, DVD a p\u0159ehr\u00e1va\u010dem m\u00e9di\u00ed.<br>Dal\u0161\u00ed \u010d\u00e1st\u00ed m\u00edstnosti je prostor se sk\u0159\u00edn\u011bmi a trezorem, f\u00e9nem, \u017eupany a kosmetick\u00fdm stolkem se \u017eidl\u00ed. Na podlaze je komfortn\u00ed tlust\u00fd koberec. Pokoj je vyzdoben v b\u00edl\u00e9, sv\u011btle b\u00e9\u017eov\u00e9 a zlat\u00e9 barv\u011b. Mramorov\u00e1 koupelna m\u00e1 velk\u00e9 zrcadlo, dv\u011b umyvadla, vanu a sprchov\u00fd kout, stejn\u011b jako samostatn\u00e9 WC s bidetem.<br>WIFI p\u0159ipojen\u00ed je rychl\u00e9 a stabiln\u00ed, v\u010detn\u011b oblasti pl\u00e1\u017ee.<\/p>\n\n\n\n<figure class=\"wp-block-image is-resized\"><img loading=\"lazy\" src=\"https:\/\/www.travelanddine.info\/wp-content\/uploads\/2019\/02\/image-200.png\" alt=\"\" class=\"wp-image-1826\" width=\"514\" height=\"290\" srcset=\"https:\/\/www.travelanddine.info\/wp-content\/uploads\/2019\/02\/image-200.png 537w, https:\/\/www.travelanddine.info\/wp-content\/uploads\/2019\/02\/image-200-300x169.png 300w\" sizes=\"(max-width: 514px) 100vw, 514px\" \/><\/figure>\n\n\n\n<figure class=\"wp-block-image is-resized\"><img loading=\"lazy\" src=\"https:\/\/www.travelanddine.info\/wp-content\/uploads\/2019\/02\/image-201.png\" alt=\"\" class=\"wp-image-1827\" width=\"518\" height=\"312\" srcset=\"https:\/\/www.travelanddine.info\/wp-content\/uploads\/2019\/02\/image-201.png 504w, https:\/\/www.travelanddine.info\/wp-content\/uploads\/2019\/02\/image-201-300x181.png 300w\" sizes=\"(max-width: 518px) 100vw, 518px\" \/><\/figure>\n\n\n\n<p><em>Restaurace a j\u00eddlo<\/em><\/p>\n\n\n\n<p>V hotelu je 6 restaurac\u00ed a 4 barov\u00e9 salonky. Restaurace&nbsp;<em>Qasr Al Bahar&nbsp;<\/em>pod\u00e1v\u00e1 sn\u00eddan\u011b s prost\u011b v\u0161\u00edm po \u010dem va\u0161e srdce m\u016f\u017ee tou\u017eit, od \u010derstv\u00fdch d\u017eus\u016f, detoxika\u010dn\u00edch j\u00eddel a\u017e po speci\u00e1ln\u00ed dietn\u00ed j\u00eddla. Ob\u011bdy a ve\u010de\u0159e v restauraci nab\u00edzej\u00ed mezin\u00e1rodn\u00ed menu.&nbsp;<em>Lexington Grill&nbsp;<\/em>se zam\u011b\u0159uje na steaky a mo\u0159sk\u00e9 plody a nab\u00edz\u00ed ust\u0159icov\u00fd bar a vinn\u00fd skl\u00edpek. Restaurace&nbsp;<em>UMI&nbsp;<\/em>nab\u00edz\u00ed japonsk\u00e9 speciality. Arabskou \u0161\u00ed\u0161u si m\u016f\u017eete vychutnat v salonku&nbsp;<em>Camelia<\/em>. <em>Azur&nbsp;<\/em>u baz\u00e9nu nab\u00edz\u00ed st\u0159edomo\u0159sk\u00e9 a italsk\u00e9 j\u00eddlo, n\u00e1poje a koktejly.&nbsp;<em>17square&nbsp;<\/em>salonek nab\u00edz\u00ed velk\u00fd v\u00fdb\u011br r\u016fzn\u00fdch \u0161ampa\u0148sk\u00fdch a koktejl\u016f. Dal\u0161\u00edm m\u00edstem pro chutn\u00e9 j\u00eddlo a n\u00e1poje jsou&nbsp;<em>Le Diwan<\/em>, <em>Marjan<\/em>, <em>Al Fayrous<\/em>a&nbsp;<em>Peacock Alley<\/em>. J\u00eddlo je chutn\u00e9 a pod\u00e1v\u00e1 se bu\u010f ve form\u011b bufetu, nebo a la carte.<\/p>\n\n\n\n<figure class=\"wp-block-image is-resized\"><img loading=\"lazy\" src=\"https:\/\/www.travelanddine.info\/wp-content\/uploads\/2019\/02\/image-202.png\" alt=\"\" class=\"wp-image-1828\" width=\"469\" height=\"215\" srcset=\"https:\/\/www.travelanddine.info\/wp-content\/uploads\/2019\/02\/image-202.png 583w, https:\/\/www.travelanddine.info\/wp-content\/uploads\/2019\/02\/image-202-300x138.png 300w\" sizes=\"(max-width: 469px) 100vw, 469px\" \/><\/figure>\n\n\n\n<figure class=\"wp-block-image is-resized\"><img loading=\"lazy\" src=\"https:\/\/www.travelanddine.info\/wp-content\/uploads\/2019\/02\/image-203.png\" alt=\"\" class=\"wp-image-1829\" width=\"473\" height=\"276\" srcset=\"https:\/\/www.travelanddine.info\/wp-content\/uploads\/2019\/02\/image-203.png 458w, https:\/\/www.travelanddine.info\/wp-content\/uploads\/2019\/02\/image-203-300x175.png 300w\" sizes=\"(max-width: 473px) 100vw, 473px\" \/><\/figure>\n\n\n\n<p><em>Mo\u017enosti pro voln\u00fd \u010das<\/em><\/p>\n\n\n\n<p>V&nbsp;hotelu jsou dva baz\u00e9ny, jeden hlavn\u00ed baz\u00e9n a jeden pouze pro dosp\u011bl\u00e9. Proto\u017ee se hotel nach\u00e1z\u00ed se na pl\u00e1\u017ei, organizuje aktivity jako pot\u00e1p\u011bn\u00ed, j\u00edzda na ban\u00e1nu, wakeboarding, l\u00e9t\u00e1n\u00ed na pad\u00e1ku atd. Ostatn\u00ed mohou vyu\u017e\u00edvat 18 jamkov\u00e9 golfov\u00e9 h\u0159i\u0161t\u011b nebo j\u00edzdu na koni.<br>K dispozici jsou tak\u00e9 dobr\u00e9 l\u00e1zn\u011b a dob\u0159e vybaven\u00e1 posilovna.<br>Pr\u00e1delna je spolehliv\u00e1.<\/p>\n\n\n\n<figure class=\"wp-block-image is-resized\"><img loading=\"lazy\" src=\"https:\/\/www.travelanddine.info\/wp-content\/uploads\/2019\/02\/image-204.png\" alt=\"\" class=\"wp-image-1830\" width=\"498\" height=\"332\" srcset=\"https:\/\/www.travelanddine.info\/wp-content\/uploads\/2019\/02\/image-204.png 475w, https:\/\/www.travelanddine.info\/wp-content\/uploads\/2019\/02\/image-204-300x200.png 300w\" sizes=\"(max-width: 498px) 100vw, 498px\" \/><\/figure>\n\n\n\n<figure class=\"wp-block-image is-resized\"><img loading=\"lazy\" src=\"https:\/\/www.travelanddine.info\/wp-content\/uploads\/2019\/02\/image-205.png\" alt=\"\" class=\"wp-image-1831\" width=\"502\" height=\"302\" srcset=\"https:\/\/www.travelanddine.info\/wp-content\/uploads\/2019\/02\/image-205.png 531w, https:\/\/www.travelanddine.info\/wp-content\/uploads\/2019\/02\/image-205-300x180.png 300w\" sizes=\"(max-width: 502px) 100vw, 502px\" \/><\/figure>\n\n\n\n<p><em>Z\u00e1v\u011br<\/em><\/p>\n\n\n\n<p>Nejlep\u0161\u00ed pro : luxus s\u00e1m o sob\u011b<\/p>\n\n\n\n<p>Neprop\u00e1sn\u011bte : velkou b\u00edlou pl\u00e1\u017e a palmovou zahradu&nbsp;<\/p>\n\n\n\n<p>Cena pokoje : from 200,- EUR \/ Family Deluxe Room with Balcony<\/p>\n\n\n\n<p>Kontact : <a href=\"https:\/\/waldorfastoria3.hilton.com\/en\/hotels\/uae\/waldorf-astoria-ras-al-khaimah-RKTWAWA\/index.html?WT.mc_id=zELWAKN0EMEA1WA2DMH3LocalSearch4DGGenericx6RKTWAWA\" target=\"_blank\" rel=\"noreferrer noopener\" aria-label=\"https:\/\/waldorfastoria3.hilton.com\/en\/hotels\/uae\/waldorf-astoria-ras-al-khaimah-RKTWAWA\/index.html?WT.mc_id=zELWAKN0EMEA1WA2DMH3LocalSearch4DGGenericx6RKTWAWA (otev\u0159e se na nov\u00e9 z\u00e1lo\u017ece)\">https:\/\/waldorfastoria3.hilton.com\/en\/hotels\/uae\/waldorf-astoria-ras-al-khaimah-RKTWAWA\/index.html?WT.mc_id=zELWAKN0EMEA1WA2DMH3LocalSearch4DGGenericx6RKTWAWA<\/a><\/p>\n\n\n\n<p>Dokonal\u00fd p\u0159\u00edstup hotelov\u00e9ho person\u00e1lu uspokoj\u00ed pot\u0159eby ka\u017ed\u00e9ho hosta.<\/p>\n\n\n\n<p><br><\/p>\n","protected":false},"excerpt":{"rendered":"<p>Hotelov\u00fd \u0159et\u011bzec a v\u011brnostn\u00ed program Worldwide Hilton hotels and resorts. Waldorf Astoria is nejluxusn\u011bj\u0161\u00ed zna\u010dkou tohoto \u0159et\u011bzce. Hilton Honors program je v\u011brnostn\u00ed program pro Hilton hotels and resorts. Hotelov\u00e9 lobby Do obrovsk\u00e9ho a luxusn\u00edho hotelov\u00e9ho lobby jsme p\u0159ijeli r\u00e1no kolem&#8230;<\/p>\n","protected":false},"author":1,"featured_media":0,"parent":1785,"menu_order":0,"comment_status":"closed","ping_status":"closed","template":"","meta":[],"yoast_head":"<!-- This site is optimized with the Yoast SEO plugin v17.0 - https:\/\/yoast.com\/wordpress\/plugins\/seo\/ -->\n<title>WALDORF ASTORIA, RAS AL KHAIMAH - Premium Travel&amp;Dine Info<\/title>\n<meta name=\"robots\" content=\"index, follow, max-snippet:-1, max-image-preview:large, max-video-preview:-1\" \/>\n<link rel=\"canonical\" href=\"https:\/\/www.travelanddine.info\/index.php\/spojene-arabske-emiraty\/waldorf-astoria-ras-al-khaimah-cz\/\" \/>\n<meta property=\"og:locale\" content=\"cs_CZ\" \/>\n<meta property=\"og:type\" content=\"article\" \/>\n<meta property=\"og:title\" content=\"WALDORF ASTORIA, RAS AL KHAIMAH - Premium Travel&amp;Dine Info\" \/>\n<meta property=\"og:description\" content=\"Hotelov\u00fd \u0159et\u011bzec a v\u011brnostn\u00ed program Worldwide Hilton hotels and resorts. Waldorf Astoria is nejluxusn\u011bj\u0161\u00ed zna\u010dkou tohoto \u0159et\u011bzce. Hilton Honors program je v\u011brnostn\u00ed program pro Hilton hotels and resorts. Hotelov\u00e9 lobby Do obrovsk\u00e9ho a luxusn\u00edho hotelov\u00e9ho lobby jsme p\u0159ijeli r\u00e1no kolem...\" \/>\n<meta property=\"og:url\" content=\"https:\/\/www.travelanddine.info\/index.php\/spojene-arabske-emiraty\/waldorf-astoria-ras-al-khaimah-cz\/\" \/>\n<meta property=\"og:site_name\" content=\"Premium Travel&amp;Dine Info\" \/>\n<meta property=\"article:publisher\" content=\"http:\/\/www.facebook.com\/PremiumTravelAndDineInfo\" \/>\n<meta property=\"article:modified_time\" content=\"2019-07-09T21:41:19+00:00\" \/>\n<meta property=\"og:image\" content=\"http:\/\/www.travelanddine.info\/wp-content\/uploads\/2019\/02\/image-196.png\" \/>\n<meta name=\"twitter:card\" content=\"summary_large_image\" \/>\n<meta name=\"twitter:label1\" content=\"Odhadovan\u00e1 doba \u010dten\u00ed\" \/>\n\t<meta name=\"twitter:data1\" content=\"4 minuty\" \/>\n<script type=\"application\/ld+json\" class=\"yoast-schema-graph\">{\"@context\":\"https:\/\/schema.org\",\"@graph\":[{\"@type\":\"Organization\",\"@id\":\"https:\/\/www.travelanddine.info\/#organization\",\"name\":\"Premium Travel & Dine Info\",\"url\":\"https:\/\/www.travelanddine.info\/\",\"sameAs\":[\"http:\/\/www.facebook.com\/PremiumTravelAndDineInfo\",\"https:\/\/www.instagram.com\/premium_travel_and_dine_info\/\",\"https:\/\/www.youtube.com\/channel\/UCq4d7zmKK3AOuzDrR1p_2Qw\/featured?disable_polymer=1\"],\"logo\":{\"@type\":\"ImageObject\",\"@id\":\"https:\/\/www.travelanddine.info\/#logo\",\"inLanguage\":\"cs\",\"url\":\"https:\/\/www.travelanddine.info\/wp-content\/uploads\/2019\/01\/logo-premium-e1547240252292.jpg\",\"contentUrl\":\"https:\/\/www.travelanddine.info\/wp-content\/uploads\/2019\/01\/logo-premium-e1547240252292.jpg\",\"width\":1000,\"height\":406,\"caption\":\"Premium Travel & Dine Info\"},\"image\":{\"@id\":\"https:\/\/www.travelanddine.info\/#logo\"}},{\"@type\":\"WebSite\",\"@id\":\"https:\/\/www.travelanddine.info\/#website\",\"url\":\"https:\/\/www.travelanddine.info\/\",\"name\":\"Premium Travel&amp;Dine Info\",\"description\":\"tipy, doporu\\u010den\\u00ed, informace.. pro ty, kte\\u0159\\u00ed maj\\u00ed r\\u00e1di cestov\\u00e1n\\u00ed na vysok\\u00e9 \\u00farovni a skv\\u011bl\\u00e9 j\\u00eddlo\",\"publisher\":{\"@id\":\"https:\/\/www.travelanddine.info\/#organization\"},\"potentialAction\":[{\"@type\":\"SearchAction\",\"target\":{\"@type\":\"EntryPoint\",\"urlTemplate\":\"https:\/\/www.travelanddine.info\/?s={search_term_string}\"},\"query-input\":\"required name=search_term_string\"}],\"inLanguage\":\"cs\"},{\"@type\":\"ImageObject\",\"@id\":\"https:\/\/www.travelanddine.info\/index.php\/spojene-arabske-emiraty\/waldorf-astoria-ras-al-khaimah-cz\/#primaryimage\",\"inLanguage\":\"cs\",\"url\":\"http:\/\/www.travelanddine.info\/wp-content\/uploads\/2019\/02\/image-196.png\",\"contentUrl\":\"http:\/\/www.travelanddine.info\/wp-content\/uploads\/2019\/02\/image-196.png\"},{\"@type\":\"WebPage\",\"@id\":\"https:\/\/www.travelanddine.info\/index.php\/spojene-arabske-emiraty\/waldorf-astoria-ras-al-khaimah-cz\/#webpage\",\"url\":\"https:\/\/www.travelanddine.info\/index.php\/spojene-arabske-emiraty\/waldorf-astoria-ras-al-khaimah-cz\/\",\"name\":\"WALDORF ASTORIA, RAS AL KHAIMAH - Premium Travel&amp;Dine Info\",\"isPartOf\":{\"@id\":\"https:\/\/www.travelanddine.info\/#website\"},\"primaryImageOfPage\":{\"@id\":\"https:\/\/www.travelanddine.info\/index.php\/spojene-arabske-emiraty\/waldorf-astoria-ras-al-khaimah-cz\/#primaryimage\"},\"datePublished\":\"2019-02-17T11:42:27+00:00\",\"dateModified\":\"2019-07-09T21:41:19+00:00\",\"breadcrumb\":{\"@id\":\"https:\/\/www.travelanddine.info\/index.php\/spojene-arabske-emiraty\/waldorf-astoria-ras-al-khaimah-cz\/#breadcrumb\"},\"inLanguage\":\"cs\",\"potentialAction\":[{\"@type\":\"ReadAction\",\"target\":[\"https:\/\/www.travelanddine.info\/index.php\/spojene-arabske-emiraty\/waldorf-astoria-ras-al-khaimah-cz\/\"]}]},{\"@type\":\"BreadcrumbList\",\"@id\":\"https:\/\/www.travelanddine.info\/index.php\/spojene-arabske-emiraty\/waldorf-astoria-ras-al-khaimah-cz\/#breadcrumb\",\"itemListElement\":[{\"@type\":\"ListItem\",\"position\":1,\"name\":\"Dom\\u016f\",\"item\":\"https:\/\/www.travelanddine.info\/index.php\/en\/home\/\"},{\"@type\":\"ListItem\",\"position\":2,\"name\":\"Spojen\\u00e9 Arabsk\\u00e9 Emir\\u00e1ty\",\"item\":\"https:\/\/www.travelanddine.info\/index.php\/spojene-arabske-emiraty\/\"},{\"@type\":\"ListItem\",\"position\":3,\"name\":\"WALDORF ASTORIA, RAS AL KHAIMAH\"}]}]}<\/script>\n<!-- \/ Yoast SEO plugin. -->","yoast_head_json":{"title":"WALDORF ASTORIA, RAS AL KHAIMAH - Premium Travel&amp;Dine Info","robots":{"index":"index","follow":"follow","max-snippet":"max-snippet:-1","max-image-preview":"max-image-preview:large","max-video-preview":"max-video-preview:-1"},"canonical":"https:\/\/www.travelanddine.info\/index.php\/spojene-arabske-emiraty\/waldorf-astoria-ras-al-khaimah-cz\/","og_locale":"cs_CZ","og_type":"article","og_title":"WALDORF ASTORIA, RAS AL KHAIMAH - Premium Travel&amp;Dine Info","og_description":"Hotelov\u00fd \u0159et\u011bzec a v\u011brnostn\u00ed program Worldwide Hilton hotels and resorts. Waldorf Astoria is nejluxusn\u011bj\u0161\u00ed zna\u010dkou tohoto \u0159et\u011bzce. Hilton Honors program je v\u011brnostn\u00ed program pro Hilton hotels and resorts. Hotelov\u00e9 lobby Do obrovsk\u00e9ho a luxusn\u00edho hotelov\u00e9ho lobby jsme p\u0159ijeli r\u00e1no kolem...","og_url":"https:\/\/www.travelanddine.info\/index.php\/spojene-arabske-emiraty\/waldorf-astoria-ras-al-khaimah-cz\/","og_site_name":"Premium Travel&amp;Dine Info","article_publisher":"http:\/\/www.facebook.com\/PremiumTravelAndDineInfo","article_modified_time":"2019-07-09T21:41:19+00:00","og_image":[{"url":"http:\/\/www.travelanddine.info\/wp-content\/uploads\/2019\/02\/image-196.png"}],"twitter_card":"summary_large_image","twitter_misc":{"Odhadovan\u00e1 doba \u010dten\u00ed":"4 minuty"},"schema":{"@context":"https:\/\/schema.org","@graph":[{"@type":"Organization","@id":"https:\/\/www.travelanddine.info\/#organization","name":"Premium Travel & Dine Info","url":"https:\/\/www.travelanddine.info\/","sameAs":["http:\/\/www.facebook.com\/PremiumTravelAndDineInfo","https:\/\/www.instagram.com\/premium_travel_and_dine_info\/","https:\/\/www.youtube.com\/channel\/UCq4d7zmKK3AOuzDrR1p_2Qw\/featured?disable_polymer=1"],"logo":{"@type":"ImageObject","@id":"https:\/\/www.travelanddine.info\/#logo","inLanguage":"cs","url":"https:\/\/www.travelanddine.info\/wp-content\/uploads\/2019\/01\/logo-premium-e1547240252292.jpg","contentUrl":"https:\/\/www.travelanddine.info\/wp-content\/uploads\/2019\/01\/logo-premium-e1547240252292.jpg","width":1000,"height":406,"caption":"Premium Travel & Dine Info"},"image":{"@id":"https:\/\/www.travelanddine.info\/#logo"}},{"@type":"WebSite","@id":"https:\/\/www.travelanddine.info\/#website","url":"https:\/\/www.travelanddine.info\/","name":"Premium Travel&amp;Dine Info","description":"tipy, doporu\u010den\u00ed, informace.. pro ty, kte\u0159\u00ed maj\u00ed r\u00e1di cestov\u00e1n\u00ed na vysok\u00e9 \u00farovni a skv\u011bl\u00e9 j\u00eddlo","publisher":{"@id":"https:\/\/www.travelanddine.info\/#organization"},"potentialAction":[{"@type":"SearchAction","target":{"@type":"EntryPoint","urlTemplate":"https:\/\/www.travelanddine.info\/?s={search_term_string}"},"query-input":"required name=search_term_string"}],"inLanguage":"cs"},{"@type":"ImageObject","@id":"https:\/\/www.travelanddine.info\/index.php\/spojene-arabske-emiraty\/waldorf-astoria-ras-al-khaimah-cz\/#primaryimage","inLanguage":"cs","url":"http:\/\/www.travelanddine.info\/wp-content\/uploads\/2019\/02\/image-196.png","contentUrl":"http:\/\/www.travelanddine.info\/wp-content\/uploads\/2019\/02\/image-196.png"},{"@type":"WebPage","@id":"https:\/\/www.travelanddine.info\/index.php\/spojene-arabske-emiraty\/waldorf-astoria-ras-al-khaimah-cz\/#webpage","url":"https:\/\/www.travelanddine.info\/index.php\/spojene-arabske-emiraty\/waldorf-astoria-ras-al-khaimah-cz\/","name":"WALDORF ASTORIA, RAS AL KHAIMAH - Premium Travel&amp;Dine Info","isPartOf":{"@id":"https:\/\/www.travelanddine.info\/#website"},"primaryImageOfPage":{"@id":"https:\/\/www.travelanddine.info\/index.php\/spojene-arabske-emiraty\/waldorf-astoria-ras-al-khaimah-cz\/#primaryimage"},"datePublished":"2019-02-17T11:42:27+00:00","dateModified":"2019-07-09T21:41:19+00:00","breadcrumb":{"@id":"https:\/\/www.travelanddine.info\/index.php\/spojene-arabske-emiraty\/waldorf-astoria-ras-al-khaimah-cz\/#breadcrumb"},"inLanguage":"cs","potentialAction":[{"@type":"ReadAction","target":["https:\/\/www.travelanddine.info\/index.php\/spojene-arabske-emiraty\/waldorf-astoria-ras-al-khaimah-cz\/"]}]},{"@type":"BreadcrumbList","@id":"https:\/\/www.travelanddine.info\/index.php\/spojene-arabske-emiraty\/waldorf-astoria-ras-al-khaimah-cz\/#breadcrumb","itemListElement":[{"@type":"ListItem","position":1,"name":"Dom\u016f","item":"https:\/\/www.travelanddine.info\/index.php\/en\/home\/"},{"@type":"ListItem","position":2,"name":"Spojen\u00e9 Arabsk\u00e9 Emir\u00e1ty","item":"https:\/\/www.travelanddine.info\/index.php\/spojene-arabske-emiraty\/"},{"@type":"ListItem","position":3,"name":"WALDORF ASTORIA, RAS AL KHAIMAH"}]}]}},"_links":{"self":[{"href":"https:\/\/www.travelanddine.info\/index.php\/wp-json\/wp\/v2\/pages\/1821"}],"collection":[{"href":"https:\/\/www.travelanddine.info\/index.php\/wp-json\/wp\/v2\/pages"}],"about":[{"href":"https:\/\/www.travelanddine.info\/index.php\/wp-json\/wp\/v2\/types\/page"}],"author":[{"embeddable":true,"href":"https:\/\/www.travelanddine.info\/index.php\/wp-json\/wp\/v2\/users\/1"}],"replies":[{"embeddable":true,"href":"https:\/\/www.travelanddine.info\/index.php\/wp-json\/wp\/v2\/comments?post=1821"}],"version-history":[{"count":5,"href":"https:\/\/www.travelanddine.info\/index.php\/wp-json\/wp\/v2\/pages\/1821\/revisions"}],"predecessor-version":[{"id":3420,"href":"https:\/\/www.travelanddine.info\/index.php\/wp-json\/wp\/v2\/pages\/1821\/revisions\/3420"}],"up":[{"embeddable":true,"href":"https:\/\/www.travelanddine.info\/index.php\/wp-json\/wp\/v2\/pages\/1785"}],"wp:attachment":[{"href":"https:\/\/www.travelanddine.info\/index.php\/wp-json\/wp\/v2\/media?parent=1821"}],"curies":[{"name":"wp","href":"https:\/\/api.w.org\/{rel}","templated":true}]}}