{"id":1947,"date":"2019-02-17T15:43:46","date_gmt":"2019-02-17T15:43:46","guid":{"rendered":"http:\/\/www.travelanddine.info\/?page_id=1947"},"modified":"2019-02-19T11:22:58","modified_gmt":"2019-02-19T11:22:58","slug":"ser-wong-fun-restaurant-cz","status":"publish","type":"page","link":"https:\/\/www.travelanddine.info\/index.php\/hong-kong-cz\/ser-wong-fun-restaurant-cz\/","title":{"rendered":"SER WONG FUN RESTAURANT"},"content":{"rendered":"\n<p><em>O restauraci<\/em><\/p>\n\n\n\n<p>Tato restaurace je otev\u0159ena ji\u017e v\u00edce ne\u017e 120 let a je jednou z mnoha restaurac\u00ed v Hongkongu, kter\u00e9 se py\u0161n\u00ed michelinskou hv\u011bzdou.&nbsp;<\/p>\n\n\n\n<p><em>Um\u00edst\u011bn\u00ed restaurace a prostor<\/em><\/p>\n\n\n\n<p>Restaurace se nach\u00e1z\u00ed v \u010d\u00e1sti Central na ostrov\u011b Hong Kong v bl\u00edzkosti eskal\u00e1tor\u016f do Mid-Levels.<\/p>\n\n\n\n<p>Do restaurace jsme p\u0159ijeli kolem 18:30 a p\u0159ed restaurac\u00ed se jsme potkali frontu lid\u00ed, kte\u0159\u00ed \u010dekali na vstup. Od zam\u011bstnankyn\u011b jsme dostali po\u0159adov\u00e9 \u010d\u00edslo a venku jsme \u010dekali asi 30 minut, ne\u017e n\u00e1s zavolali a uvedli n\u00e1s ke stolu. Restaurace nen\u00ed velk\u00e1 se stoly um\u00edst\u011bn\u00fdmi bl\u00edzko vedle sebe. M\u016f\u017ee se st\u00e1t, \u017ee budete sed\u011bt u stolu s ciz\u00edmi lidmi, nebo\u0165 restaurace je obvykle velmi zapln\u011bn\u00e1. J\u00eddeln\u00ed l\u00edstek je vyti\u0161t\u011bn v kanton\u0161tin\u011b a angli\u010dtin\u011b. Person\u00e1l je opravdu velmi zanepr\u00e1zdn\u011bn\u00fd. Rozhodn\u011b nen\u00ed p\u0159\u00edli\u0161 zdvo\u0159il\u00fd a jeho chov\u00e1n\u00ed je daleko od toho, na kter\u00fd jste zvykl\u00ed v n\u00f3bl restaurac\u00edch. Dekorace je jednoduch\u00e1 a \u010distota element\u00e1rn\u00ed.<\/p>\n\n\n\n<p>Ale. Ano, je tu to jedno velk\u00e9 ale. Inspekto\u0159i od Michelinu rozhodn\u011b v\u011bd\u011bli pro\u010d t\u00e9to restauraci ud\u011blili Michelinsk\u00e9 ocen\u011bn\u00ed. J\u00eddlo je b\u00e1je\u010dn\u00e9. Je t\u0159eba ochutnat had\u00ed pol\u00e9vku. Opravdu m\u00edsto, kter\u00e9 se mus\u00ed nav\u0161t\u00edvit!<\/p>\n\n\n\n<figure class=\"wp-block-image is-resized\"><img loading=\"lazy\" src=\"https:\/\/www.travelanddine.info\/wp-content\/uploads\/2019\/02\/image-216.png\" alt=\"\" class=\"wp-image-1948\" width=\"517\" height=\"290\" srcset=\"https:\/\/www.travelanddine.info\/wp-content\/uploads\/2019\/02\/image-216.png 666w, https:\/\/www.travelanddine.info\/wp-content\/uploads\/2019\/02\/image-216-300x169.png 300w\" sizes=\"(max-width: 517px) 100vw, 517px\" \/><\/figure>\n\n\n\n<figure class=\"wp-block-image is-resized\"><img loading=\"lazy\" src=\"https:\/\/www.travelanddine.info\/wp-content\/uploads\/2019\/02\/image-217.png\" alt=\"\" class=\"wp-image-1949\" width=\"522\" height=\"294\" srcset=\"https:\/\/www.travelanddine.info\/wp-content\/uploads\/2019\/02\/image-217.png 542w, https:\/\/www.travelanddine.info\/wp-content\/uploads\/2019\/02\/image-217-300x169.png 300w\" sizes=\"(max-width: 522px) 100vw, 522px\" \/><\/figure>\n\n\n\n<p><em>Specialita restaurace<\/em><\/p>\n\n\n\n<p>Had\u00ed pol\u00e9vka.<\/p>\n\n\n\n<p>Kombinace jemn\u00fdch chut\u00ed. Tradi\u010dn\u00ed recept pou\u017e\u00edv\u00e1 pr\u00e9miov\u00e9 p\u0159\u00edsady v umami v\u00fdvaru s jemn\u00fdm had\u00edm masem a pokryt\u00e9 k\u0159upavou ryb\u00ed \u201cdu\u0161\u00ed\u201d neboli wonton k\u016f\u017ei\u010dkou. Cena za had\u00ed pol\u00e9vku byla asi 150, &#8211; HK dolar\u016f, co\u017e je p\u0159ibli\u017en\u011b 17, &#8211; EUR.<\/p>\n\n\n\n<figure class=\"wp-block-image\"><img loading=\"lazy\" width=\"375\" height=\"666\" src=\"https:\/\/www.travelanddine.info\/wp-content\/uploads\/2019\/02\/image-218.png\" alt=\"\" class=\"wp-image-1950\" srcset=\"https:\/\/www.travelanddine.info\/wp-content\/uploads\/2019\/02\/image-218.png 375w, https:\/\/www.travelanddine.info\/wp-content\/uploads\/2019\/02\/image-218-169x300.png 169w\" sizes=\"(max-width: 375px) 100vw, 375px\" \/><\/figure>\n\n\n\n<p><em>Dal\u0161\u00ed j\u00eddla na j\u00eddeln\u00ed\u010dku<\/em><\/p>\n\n\n\n<p>J\u00eddla kantonsk\u00e9 kuchyn\u011b, na kter\u00e9m figuruj\u00ed siln\u00e9 nudle, r\u00fd\u017eov\u00e9 nudle, \u010d\u00ednsk\u00e9 ka\u0161e a rychle osma\u017een\u00e1 j\u00eddla. Skute\u010dn\u00e1 kombinace jemn\u00fdch chut\u00ed. Cena j\u00eddel na osobu se pohybuje v rozmez\u00ed 150 \u2013 450 HK dolar\u016f (17 \u2013 50 EUR)<\/p>\n\n\n\n<figure class=\"wp-block-image\"><img loading=\"lazy\" width=\"577\" height=\"433\" src=\"https:\/\/www.travelanddine.info\/wp-content\/uploads\/2019\/02\/image-219.png\" alt=\"\" class=\"wp-image-1951\" srcset=\"https:\/\/www.travelanddine.info\/wp-content\/uploads\/2019\/02\/image-219.png 577w, https:\/\/www.travelanddine.info\/wp-content\/uploads\/2019\/02\/image-219-300x225.png 300w\" sizes=\"(max-width: 577px) 100vw, 577px\" \/><\/figure>\n\n\n\n<p><em>Servis<\/em><\/p>\n\n\n\n<p>Servis poskytuj\u00edc\u00ed person\u00e1l restaurace je rychl\u00fd a neosobn\u00ed. V\u011bt\u0161inou venku p\u0159ed restaurac\u00ed \u010dek\u00e1 mno\u017estv\u00ed dal\u0161\u00edch lid\u00ed.<\/p>\n\n\n\n<p><em>Z\u00e1v\u011br<\/em><\/p>\n\n\n\n<p>Jednoduch\u00e1 restaurace se skv\u011bl\u00fdm kantonsk\u00fdm j\u00eddlem a jak ji\u017e bylo \u0159e\u010deno, had\u00ed pol\u00e9vku mus\u00edte ochutnat.<\/p>\n\n\n\n<p>Otev\u00edrac\u00ed hodiny\t11.00 \u2013 22.15<\/p>\n\n\n\n<p>Kontakt 30 Cochrane Street, Central, Hong Kong Island, Hong Kong&nbsp;<\/p>\n\n\n\n<p>Tel: +852 2543 1032<\/p>\n","protected":false},"excerpt":{"rendered":"<p>O restauraci Tato restaurace je otev\u0159ena ji\u017e v\u00edce ne\u017e 120 let a je jednou z mnoha restaurac\u00ed v Hongkongu, kter\u00e9 se py\u0161n\u00ed michelinskou hv\u011bzdou.&nbsp; Um\u00edst\u011bn\u00ed restaurace a prostor Restaurace se nach\u00e1z\u00ed v \u010d\u00e1sti Central na ostrov\u011b Hong Kong v bl\u00edzkosti&#8230;<\/p>\n","protected":false},"author":1,"featured_media":0,"parent":1935,"menu_order":0,"comment_status":"closed","ping_status":"closed","template":"","meta":[],"yoast_head":"<!-- This site is optimized with the Yoast SEO plugin v17.0 - https:\/\/yoast.com\/wordpress\/plugins\/seo\/ -->\n<title>SER WONG FUN RESTAURANT - Premium Travel&amp;Dine Info<\/title>\n<meta name=\"robots\" content=\"index, follow, max-snippet:-1, max-image-preview:large, max-video-preview:-1\" \/>\n<link rel=\"canonical\" href=\"https:\/\/www.travelanddine.info\/index.php\/hong-kong-cz\/ser-wong-fun-restaurant-cz\/\" \/>\n<meta property=\"og:locale\" content=\"cs_CZ\" \/>\n<meta property=\"og:type\" content=\"article\" \/>\n<meta property=\"og:title\" content=\"SER WONG FUN RESTAURANT - Premium Travel&amp;Dine Info\" \/>\n<meta property=\"og:description\" content=\"O restauraci Tato restaurace je otev\u0159ena ji\u017e v\u00edce ne\u017e 120 let a je jednou z mnoha restaurac\u00ed v Hongkongu, kter\u00e9 se py\u0161n\u00ed michelinskou hv\u011bzdou.&nbsp; Um\u00edst\u011bn\u00ed restaurace a prostor Restaurace se nach\u00e1z\u00ed v \u010d\u00e1sti Central na ostrov\u011b Hong Kong v bl\u00edzkosti...\" \/>\n<meta property=\"og:url\" content=\"https:\/\/www.travelanddine.info\/index.php\/hong-kong-cz\/ser-wong-fun-restaurant-cz\/\" \/>\n<meta property=\"og:site_name\" content=\"Premium Travel&amp;Dine Info\" \/>\n<meta property=\"article:publisher\" content=\"http:\/\/www.facebook.com\/PremiumTravelAndDineInfo\" \/>\n<meta property=\"article:modified_time\" content=\"2019-02-19T11:22:58+00:00\" \/>\n<meta property=\"og:image\" content=\"http:\/\/www.travelanddine.info\/wp-content\/uploads\/2019\/02\/image-216.png\" \/>\n<meta name=\"twitter:card\" content=\"summary_large_image\" \/>\n<meta name=\"twitter:label1\" content=\"Odhadovan\u00e1 doba \u010dten\u00ed\" \/>\n\t<meta name=\"twitter:data1\" content=\"2 minuty\" \/>\n<script type=\"application\/ld+json\" class=\"yoast-schema-graph\">{\"@context\":\"https:\/\/schema.org\",\"@graph\":[{\"@type\":\"Organization\",\"@id\":\"https:\/\/www.travelanddine.info\/#organization\",\"name\":\"Premium Travel & Dine Info\",\"url\":\"https:\/\/www.travelanddine.info\/\",\"sameAs\":[\"http:\/\/www.facebook.com\/PremiumTravelAndDineInfo\",\"https:\/\/www.instagram.com\/premium_travel_and_dine_info\/\",\"https:\/\/www.youtube.com\/channel\/UCq4d7zmKK3AOuzDrR1p_2Qw\/featured?disable_polymer=1\"],\"logo\":{\"@type\":\"ImageObject\",\"@id\":\"https:\/\/www.travelanddine.info\/#logo\",\"inLanguage\":\"cs\",\"url\":\"https:\/\/www.travelanddine.info\/wp-content\/uploads\/2019\/01\/logo-premium-e1547240252292.jpg\",\"contentUrl\":\"https:\/\/www.travelanddine.info\/wp-content\/uploads\/2019\/01\/logo-premium-e1547240252292.jpg\",\"width\":1000,\"height\":406,\"caption\":\"Premium Travel & Dine Info\"},\"image\":{\"@id\":\"https:\/\/www.travelanddine.info\/#logo\"}},{\"@type\":\"WebSite\",\"@id\":\"https:\/\/www.travelanddine.info\/#website\",\"url\":\"https:\/\/www.travelanddine.info\/\",\"name\":\"Premium Travel&amp;Dine Info\",\"description\":\"tipy, doporu\\u010den\\u00ed, informace.. pro ty, kte\\u0159\\u00ed maj\\u00ed r\\u00e1di cestov\\u00e1n\\u00ed na vysok\\u00e9 \\u00farovni a skv\\u011bl\\u00e9 j\\u00eddlo\",\"publisher\":{\"@id\":\"https:\/\/www.travelanddine.info\/#organization\"},\"potentialAction\":[{\"@type\":\"SearchAction\",\"target\":{\"@type\":\"EntryPoint\",\"urlTemplate\":\"https:\/\/www.travelanddine.info\/?s={search_term_string}\"},\"query-input\":\"required name=search_term_string\"}],\"inLanguage\":\"cs\"},{\"@type\":\"ImageObject\",\"@id\":\"https:\/\/www.travelanddine.info\/index.php\/hong-kong-cz\/ser-wong-fun-restaurant-cz\/#primaryimage\",\"inLanguage\":\"cs\",\"url\":\"http:\/\/www.travelanddine.info\/wp-content\/uploads\/2019\/02\/image-216.png\",\"contentUrl\":\"http:\/\/www.travelanddine.info\/wp-content\/uploads\/2019\/02\/image-216.png\"},{\"@type\":\"WebPage\",\"@id\":\"https:\/\/www.travelanddine.info\/index.php\/hong-kong-cz\/ser-wong-fun-restaurant-cz\/#webpage\",\"url\":\"https:\/\/www.travelanddine.info\/index.php\/hong-kong-cz\/ser-wong-fun-restaurant-cz\/\",\"name\":\"SER WONG FUN RESTAURANT - Premium Travel&amp;Dine Info\",\"isPartOf\":{\"@id\":\"https:\/\/www.travelanddine.info\/#website\"},\"primaryImageOfPage\":{\"@id\":\"https:\/\/www.travelanddine.info\/index.php\/hong-kong-cz\/ser-wong-fun-restaurant-cz\/#primaryimage\"},\"datePublished\":\"2019-02-17T15:43:46+00:00\",\"dateModified\":\"2019-02-19T11:22:58+00:00\",\"breadcrumb\":{\"@id\":\"https:\/\/www.travelanddine.info\/index.php\/hong-kong-cz\/ser-wong-fun-restaurant-cz\/#breadcrumb\"},\"inLanguage\":\"cs\",\"potentialAction\":[{\"@type\":\"ReadAction\",\"target\":[\"https:\/\/www.travelanddine.info\/index.php\/hong-kong-cz\/ser-wong-fun-restaurant-cz\/\"]}]},{\"@type\":\"BreadcrumbList\",\"@id\":\"https:\/\/www.travelanddine.info\/index.php\/hong-kong-cz\/ser-wong-fun-restaurant-cz\/#breadcrumb\",\"itemListElement\":[{\"@type\":\"ListItem\",\"position\":1,\"name\":\"Dom\\u016f\",\"item\":\"https:\/\/www.travelanddine.info\/index.php\/en\/home\/\"},{\"@type\":\"ListItem\",\"position\":2,\"name\":\"Hong Kong\",\"item\":\"https:\/\/www.travelanddine.info\/index.php\/hong-kong-cz\/\"},{\"@type\":\"ListItem\",\"position\":3,\"name\":\"SER WONG FUN RESTAURANT\"}]}]}<\/script>\n<!-- \/ Yoast SEO plugin. -->","yoast_head_json":{"title":"SER WONG FUN RESTAURANT - Premium Travel&amp;Dine Info","robots":{"index":"index","follow":"follow","max-snippet":"max-snippet:-1","max-image-preview":"max-image-preview:large","max-video-preview":"max-video-preview:-1"},"canonical":"https:\/\/www.travelanddine.info\/index.php\/hong-kong-cz\/ser-wong-fun-restaurant-cz\/","og_locale":"cs_CZ","og_type":"article","og_title":"SER WONG FUN RESTAURANT - Premium Travel&amp;Dine Info","og_description":"O restauraci Tato restaurace je otev\u0159ena ji\u017e v\u00edce ne\u017e 120 let a je jednou z mnoha restaurac\u00ed v Hongkongu, kter\u00e9 se py\u0161n\u00ed michelinskou hv\u011bzdou.&nbsp; Um\u00edst\u011bn\u00ed restaurace a prostor Restaurace se nach\u00e1z\u00ed v \u010d\u00e1sti Central na ostrov\u011b Hong Kong v bl\u00edzkosti...","og_url":"https:\/\/www.travelanddine.info\/index.php\/hong-kong-cz\/ser-wong-fun-restaurant-cz\/","og_site_name":"Premium Travel&amp;Dine Info","article_publisher":"http:\/\/www.facebook.com\/PremiumTravelAndDineInfo","article_modified_time":"2019-02-19T11:22:58+00:00","og_image":[{"url":"http:\/\/www.travelanddine.info\/wp-content\/uploads\/2019\/02\/image-216.png"}],"twitter_card":"summary_large_image","twitter_misc":{"Odhadovan\u00e1 doba \u010dten\u00ed":"2 minuty"},"schema":{"@context":"https:\/\/schema.org","@graph":[{"@type":"Organization","@id":"https:\/\/www.travelanddine.info\/#organization","name":"Premium Travel & Dine Info","url":"https:\/\/www.travelanddine.info\/","sameAs":["http:\/\/www.facebook.com\/PremiumTravelAndDineInfo","https:\/\/www.instagram.com\/premium_travel_and_dine_info\/","https:\/\/www.youtube.com\/channel\/UCq4d7zmKK3AOuzDrR1p_2Qw\/featured?disable_polymer=1"],"logo":{"@type":"ImageObject","@id":"https:\/\/www.travelanddine.info\/#logo","inLanguage":"cs","url":"https:\/\/www.travelanddine.info\/wp-content\/uploads\/2019\/01\/logo-premium-e1547240252292.jpg","contentUrl":"https:\/\/www.travelanddine.info\/wp-content\/uploads\/2019\/01\/logo-premium-e1547240252292.jpg","width":1000,"height":406,"caption":"Premium Travel & Dine Info"},"image":{"@id":"https:\/\/www.travelanddine.info\/#logo"}},{"@type":"WebSite","@id":"https:\/\/www.travelanddine.info\/#website","url":"https:\/\/www.travelanddine.info\/","name":"Premium Travel&amp;Dine Info","description":"tipy, doporu\u010den\u00ed, informace.. pro ty, kte\u0159\u00ed maj\u00ed r\u00e1di cestov\u00e1n\u00ed na vysok\u00e9 \u00farovni a skv\u011bl\u00e9 j\u00eddlo","publisher":{"@id":"https:\/\/www.travelanddine.info\/#organization"},"potentialAction":[{"@type":"SearchAction","target":{"@type":"EntryPoint","urlTemplate":"https:\/\/www.travelanddine.info\/?s={search_term_string}"},"query-input":"required name=search_term_string"}],"inLanguage":"cs"},{"@type":"ImageObject","@id":"https:\/\/www.travelanddine.info\/index.php\/hong-kong-cz\/ser-wong-fun-restaurant-cz\/#primaryimage","inLanguage":"cs","url":"http:\/\/www.travelanddine.info\/wp-content\/uploads\/2019\/02\/image-216.png","contentUrl":"http:\/\/www.travelanddine.info\/wp-content\/uploads\/2019\/02\/image-216.png"},{"@type":"WebPage","@id":"https:\/\/www.travelanddine.info\/index.php\/hong-kong-cz\/ser-wong-fun-restaurant-cz\/#webpage","url":"https:\/\/www.travelanddine.info\/index.php\/hong-kong-cz\/ser-wong-fun-restaurant-cz\/","name":"SER WONG FUN RESTAURANT - Premium Travel&amp;Dine Info","isPartOf":{"@id":"https:\/\/www.travelanddine.info\/#website"},"primaryImageOfPage":{"@id":"https:\/\/www.travelanddine.info\/index.php\/hong-kong-cz\/ser-wong-fun-restaurant-cz\/#primaryimage"},"datePublished":"2019-02-17T15:43:46+00:00","dateModified":"2019-02-19T11:22:58+00:00","breadcrumb":{"@id":"https:\/\/www.travelanddine.info\/index.php\/hong-kong-cz\/ser-wong-fun-restaurant-cz\/#breadcrumb"},"inLanguage":"cs","potentialAction":[{"@type":"ReadAction","target":["https:\/\/www.travelanddine.info\/index.php\/hong-kong-cz\/ser-wong-fun-restaurant-cz\/"]}]},{"@type":"BreadcrumbList","@id":"https:\/\/www.travelanddine.info\/index.php\/hong-kong-cz\/ser-wong-fun-restaurant-cz\/#breadcrumb","itemListElement":[{"@type":"ListItem","position":1,"name":"Dom\u016f","item":"https:\/\/www.travelanddine.info\/index.php\/en\/home\/"},{"@type":"ListItem","position":2,"name":"Hong Kong","item":"https:\/\/www.travelanddine.info\/index.php\/hong-kong-cz\/"},{"@type":"ListItem","position":3,"name":"SER WONG FUN RESTAURANT"}]}]}},"_links":{"self":[{"href":"https:\/\/www.travelanddine.info\/index.php\/wp-json\/wp\/v2\/pages\/1947"}],"collection":[{"href":"https:\/\/www.travelanddine.info\/index.php\/wp-json\/wp\/v2\/pages"}],"about":[{"href":"https:\/\/www.travelanddine.info\/index.php\/wp-json\/wp\/v2\/types\/page"}],"author":[{"embeddable":true,"href":"https:\/\/www.travelanddine.info\/index.php\/wp-json\/wp\/v2\/users\/1"}],"replies":[{"embeddable":true,"href":"https:\/\/www.travelanddine.info\/index.php\/wp-json\/wp\/v2\/comments?post=1947"}],"version-history":[{"count":3,"href":"https:\/\/www.travelanddine.info\/index.php\/wp-json\/wp\/v2\/pages\/1947\/revisions"}],"predecessor-version":[{"id":2069,"href":"https:\/\/www.travelanddine.info\/index.php\/wp-json\/wp\/v2\/pages\/1947\/revisions\/2069"}],"up":[{"embeddable":true,"href":"https:\/\/www.travelanddine.info\/index.php\/wp-json\/wp\/v2\/pages\/1935"}],"wp:attachment":[{"href":"https:\/\/www.travelanddine.info\/index.php\/wp-json\/wp\/v2\/media?parent=1947"}],"curies":[{"name":"wp","href":"https:\/\/api.w.org\/{rel}","templated":true}]}}