{"id":1966,"date":"2019-02-17T16:47:49","date_gmt":"2019-02-17T16:47:49","guid":{"rendered":"http:\/\/www.travelanddine.info\/?page_id=1966"},"modified":"2021-05-18T14:07:59","modified_gmt":"2021-05-18T14:07:59","slug":"hutong-restaurant-cz","status":"publish","type":"page","link":"https:\/\/www.travelanddine.info\/index.php\/hong-kong-cz\/hutong-restaurant-cz\/","title":{"rendered":"HUTONG RESTAURANT"},"content":{"rendered":"\n<p><\/p>\n\n\n\n<p><em>O restauraci<\/em><\/p>\n\n\n\n<p>Restaurace byla otev\u0159ena v roce 2000 a pat\u0159\u00ed do skupiny Aqua Restaurant Group, kter\u00e1 provozuje 25 dal\u0161\u00edch restaurac\u00ed v Hongkongu, Pekingu a Lond\u00fdn\u011b.<\/p>\n\n\n\n<p><em>Um\u00edst\u011bn\u00ed restaurace a prostor<\/em><\/p>\n\n\n\n<p>Restaurace Hutong se nach\u00e1z\u00ed v Kowloon-u, \u010dtvrti Tsim Sha Tsui v 28. pat\u0159e budovy na ulici One Peking. Byl jsem informov\u00e1n, \u017ee restaurace m\u00e1 b\u00fdt jednou z nejlep\u0161\u00edch restaurac\u00ed ve m\u011bst\u011b specializuj\u00edc\u00ed se na \u010d\u00ednskou kuchyni. Moje rezervace byla ud\u011bl\u00e1na na ned\u011bli v 13:30, a na m\u00edsto jsem se dostavil p\u0159esn\u011b.&nbsp;<\/p>\n\n\n\n<p>Restaurace je rozd\u011blena na 3 j\u00eddelny a interi\u00e9r je inspirov\u00e1n &#8222;hutongy&#8220;, star\u00fdmi \u010d\u00ednsk\u00fdmi uli\u010dkami. V interi\u00e9ru je mo\u017eno vid\u011bt repliky staro\u017eitn\u00fdch dve\u0159\u00ed, hedv\u00e1bn\u00e9 z\u00e1v\u011bsy a \u010derven\u00e9 \u010d\u00ednsk\u00e9 lucerny, v\u0161e navr\u017een\u00e9 do posledn\u00edho detailu. Interi\u00e9r je p\u011bkn\u00fd a \u010dist\u00fd. V\u00fdhledy z restaurace jsou vynikaj\u00edc\u00ed, pokud m\u00e1te \u0161t\u011bst\u00ed a po\u010das\u00ed je hezk\u00e9. Do restaurace jsem p\u0159ijel ochutnat Feng Wei Brunch.<\/p>\n\n\n\n<p><em>Specialita restaurace<\/em><\/p>\n\n\n\n<p>Feng Wei Brunch. Vybral jsem si k\u0159ehk\u00e9 vykost\u011bn\u00e9 jehn\u011b\u010d\u00ed \u017eebra marinovan\u00e9 24 hodin, du\u0161en\u00e9 a hluboce sma\u017een\u00e9. Jedna ze specialit t\u00e9to restaurace. J\u00eddlo bylo chutn\u00e9, k\u0159upav\u00e9, jemn\u00e9 a \u0161\u0165avnat\u00e9 se specifickou chut\u00ed. K j\u00eddlu jsem si objednal skleni\u010dku Veuve Cliquot.&nbsp;<\/p>\n\n\n\n<p>J\u00eddlo s pit\u00edm a \u00fachvatn\u00fdm v\u00fdhledem z restaurace bylo p\u0159\u00edjemn\u00fdm z\u00e1\u017eitkem. Cena j\u00eddla a n\u00e1poje \u010dinila p\u0159ibli\u017en\u011b 450 HK dolar\u016f (50 EUR).<\/p>\n\n\n\n<p>Restaurace m\u00e1 v nab\u00eddce i p\u00e1r dal\u0161\u00edch specialit, tyto jsem ov\u0161em nechutnal.&nbsp;<\/p>\n\n\n\n<figure class=\"wp-block-image\"><img loading=\"lazy\" width=\"550\" height=\"412\" src=\"https:\/\/www.travelanddine.info\/wp-content\/uploads\/2019\/02\/image-224.png\" alt=\"\" class=\"wp-image-1967\" srcset=\"https:\/\/www.travelanddine.info\/wp-content\/uploads\/2019\/02\/image-224.png 550w, https:\/\/www.travelanddine.info\/wp-content\/uploads\/2019\/02\/image-224-300x225.png 300w\" sizes=\"(max-width: 550px) 100vw, 550px\" \/><\/figure>\n\n\n\n<p><em>Dal\u0161\u00ed j\u00eddla na j\u00eddeln\u00ed\u010dku<\/em><\/p>\n\n\n\n<p>V nab\u00eddce j\u00eddeln\u00ed\u010dku je mnoho r\u016fzn\u00fdch \u010d\u00ednsk\u00fdch j\u00eddel, od p\u0159edkrm\u016f a\u017e po ryby a mo\u0159sk\u00e9 plody, maso a tofu, nudle a r\u00fd\u017ei, v\u00fdb\u011br menu je dlouh\u00fd. K dispozici jsou v\u00edna z Francie, \u0160pan\u011blska, Nov\u00e9ho Z\u00e9landu, Austr\u00e1lie a \u010c\u00edny. M\u00edchan\u00e9 n\u00e1poje jsou tak\u00e9 v nab\u00eddce.<\/p>\n\n\n\n<p><em>Servis<\/em><\/p>\n\n\n\n<p>Person\u00e1l byl neosobn\u00ed.&nbsp;<\/p>\n\n\n\n<p><em>Z\u00e1v\u011br<\/em><\/p>\n\n\n\n<p>Otev\u00edrac\u00ed hodiny :<\/p>\n\n\n\n<p>12.00 \u2013 15.00 Feng Wei Brunch v ned\u011bli<\/p>\n\n\n\n<p>12.00 \u2013 14.30 ob\u011bd od pond\u011bl\u00ed do soboty&nbsp;<\/p>\n\n\n\n<p>18.00 \u2013 23.00 ve\u010der\u011b od pond\u011bl\u00ed do soboty&nbsp;<\/p>\n\n\n\n<p>Kontakt\t28\/F One Peking, Tsim Sha Tsui, Hong Kong<\/p>\n\n\n\n<p>Tel: 3428 8342<\/p>\n","protected":false},"excerpt":{"rendered":"<p>O restauraci Restaurace byla otev\u0159ena v roce 2000 a pat\u0159\u00ed do skupiny Aqua Restaurant Group, kter\u00e1 provozuje 25 dal\u0161\u00edch restaurac\u00ed v Hongkongu, Pekingu a Lond\u00fdn\u011b. Um\u00edst\u011bn\u00ed restaurace a prostor Restaurace Hutong se nach\u00e1z\u00ed v Kowloon-u, \u010dtvrti Tsim Sha Tsui v&#8230;<\/p>\n","protected":false},"author":1,"featured_media":0,"parent":1935,"menu_order":0,"comment_status":"closed","ping_status":"closed","template":"","meta":[],"yoast_head":"<!-- This site is optimized with the Yoast SEO plugin v17.0 - https:\/\/yoast.com\/wordpress\/plugins\/seo\/ -->\n<title>HUTONG RESTAURANT - Premium Travel&amp;Dine Info<\/title>\n<meta name=\"robots\" content=\"index, follow, max-snippet:-1, max-image-preview:large, max-video-preview:-1\" \/>\n<link rel=\"canonical\" href=\"https:\/\/www.travelanddine.info\/index.php\/hong-kong-cz\/hutong-restaurant-cz\/\" \/>\n<meta property=\"og:locale\" content=\"cs_CZ\" \/>\n<meta property=\"og:type\" content=\"article\" \/>\n<meta property=\"og:title\" content=\"HUTONG RESTAURANT - Premium Travel&amp;Dine Info\" \/>\n<meta property=\"og:description\" content=\"O restauraci Restaurace byla otev\u0159ena v roce 2000 a pat\u0159\u00ed do skupiny Aqua Restaurant Group, kter\u00e1 provozuje 25 dal\u0161\u00edch restaurac\u00ed v Hongkongu, Pekingu a Lond\u00fdn\u011b. Um\u00edst\u011bn\u00ed restaurace a prostor Restaurace Hutong se nach\u00e1z\u00ed v Kowloon-u, \u010dtvrti Tsim Sha Tsui v...\" \/>\n<meta property=\"og:url\" content=\"https:\/\/www.travelanddine.info\/index.php\/hong-kong-cz\/hutong-restaurant-cz\/\" \/>\n<meta property=\"og:site_name\" content=\"Premium Travel&amp;Dine Info\" \/>\n<meta property=\"article:publisher\" content=\"http:\/\/www.facebook.com\/PremiumTravelAndDineInfo\" \/>\n<meta property=\"article:modified_time\" content=\"2021-05-18T14:07:59+00:00\" \/>\n<meta property=\"og:image\" content=\"http:\/\/www.travelanddine.info\/wp-content\/uploads\/2019\/02\/image-224.png\" \/>\n<meta name=\"twitter:card\" content=\"summary_large_image\" \/>\n<meta name=\"twitter:label1\" content=\"Odhadovan\u00e1 doba \u010dten\u00ed\" \/>\n\t<meta name=\"twitter:data1\" content=\"2 minuty\" \/>\n<script type=\"application\/ld+json\" class=\"yoast-schema-graph\">{\"@context\":\"https:\/\/schema.org\",\"@graph\":[{\"@type\":\"Organization\",\"@id\":\"https:\/\/www.travelanddine.info\/#organization\",\"name\":\"Premium Travel & Dine Info\",\"url\":\"https:\/\/www.travelanddine.info\/\",\"sameAs\":[\"http:\/\/www.facebook.com\/PremiumTravelAndDineInfo\",\"https:\/\/www.instagram.com\/premium_travel_and_dine_info\/\",\"https:\/\/www.youtube.com\/channel\/UCq4d7zmKK3AOuzDrR1p_2Qw\/featured?disable_polymer=1\"],\"logo\":{\"@type\":\"ImageObject\",\"@id\":\"https:\/\/www.travelanddine.info\/#logo\",\"inLanguage\":\"cs\",\"url\":\"https:\/\/www.travelanddine.info\/wp-content\/uploads\/2019\/01\/logo-premium-e1547240252292.jpg\",\"contentUrl\":\"https:\/\/www.travelanddine.info\/wp-content\/uploads\/2019\/01\/logo-premium-e1547240252292.jpg\",\"width\":1000,\"height\":406,\"caption\":\"Premium Travel & Dine Info\"},\"image\":{\"@id\":\"https:\/\/www.travelanddine.info\/#logo\"}},{\"@type\":\"WebSite\",\"@id\":\"https:\/\/www.travelanddine.info\/#website\",\"url\":\"https:\/\/www.travelanddine.info\/\",\"name\":\"Premium Travel&amp;Dine Info\",\"description\":\"tipy, doporu\\u010den\\u00ed, informace.. pro ty, kte\\u0159\\u00ed maj\\u00ed r\\u00e1di cestov\\u00e1n\\u00ed na vysok\\u00e9 \\u00farovni a skv\\u011bl\\u00e9 j\\u00eddlo\",\"publisher\":{\"@id\":\"https:\/\/www.travelanddine.info\/#organization\"},\"potentialAction\":[{\"@type\":\"SearchAction\",\"target\":{\"@type\":\"EntryPoint\",\"urlTemplate\":\"https:\/\/www.travelanddine.info\/?s={search_term_string}\"},\"query-input\":\"required name=search_term_string\"}],\"inLanguage\":\"cs\"},{\"@type\":\"ImageObject\",\"@id\":\"https:\/\/www.travelanddine.info\/index.php\/hong-kong-cz\/hutong-restaurant-cz\/#primaryimage\",\"inLanguage\":\"cs\",\"url\":\"http:\/\/www.travelanddine.info\/wp-content\/uploads\/2019\/02\/image-224.png\",\"contentUrl\":\"http:\/\/www.travelanddine.info\/wp-content\/uploads\/2019\/02\/image-224.png\"},{\"@type\":\"WebPage\",\"@id\":\"https:\/\/www.travelanddine.info\/index.php\/hong-kong-cz\/hutong-restaurant-cz\/#webpage\",\"url\":\"https:\/\/www.travelanddine.info\/index.php\/hong-kong-cz\/hutong-restaurant-cz\/\",\"name\":\"HUTONG RESTAURANT - Premium Travel&amp;Dine Info\",\"isPartOf\":{\"@id\":\"https:\/\/www.travelanddine.info\/#website\"},\"primaryImageOfPage\":{\"@id\":\"https:\/\/www.travelanddine.info\/index.php\/hong-kong-cz\/hutong-restaurant-cz\/#primaryimage\"},\"datePublished\":\"2019-02-17T16:47:49+00:00\",\"dateModified\":\"2021-05-18T14:07:59+00:00\",\"breadcrumb\":{\"@id\":\"https:\/\/www.travelanddine.info\/index.php\/hong-kong-cz\/hutong-restaurant-cz\/#breadcrumb\"},\"inLanguage\":\"cs\",\"potentialAction\":[{\"@type\":\"ReadAction\",\"target\":[\"https:\/\/www.travelanddine.info\/index.php\/hong-kong-cz\/hutong-restaurant-cz\/\"]}]},{\"@type\":\"BreadcrumbList\",\"@id\":\"https:\/\/www.travelanddine.info\/index.php\/hong-kong-cz\/hutong-restaurant-cz\/#breadcrumb\",\"itemListElement\":[{\"@type\":\"ListItem\",\"position\":1,\"name\":\"Dom\\u016f\",\"item\":\"https:\/\/www.travelanddine.info\/index.php\/en\/home\/\"},{\"@type\":\"ListItem\",\"position\":2,\"name\":\"Hong Kong\",\"item\":\"https:\/\/www.travelanddine.info\/index.php\/hong-kong-cz\/\"},{\"@type\":\"ListItem\",\"position\":3,\"name\":\"HUTONG RESTAURANT\"}]}]}<\/script>\n<!-- \/ Yoast SEO plugin. -->","yoast_head_json":{"title":"HUTONG RESTAURANT - Premium Travel&amp;Dine Info","robots":{"index":"index","follow":"follow","max-snippet":"max-snippet:-1","max-image-preview":"max-image-preview:large","max-video-preview":"max-video-preview:-1"},"canonical":"https:\/\/www.travelanddine.info\/index.php\/hong-kong-cz\/hutong-restaurant-cz\/","og_locale":"cs_CZ","og_type":"article","og_title":"HUTONG RESTAURANT - Premium Travel&amp;Dine Info","og_description":"O restauraci Restaurace byla otev\u0159ena v roce 2000 a pat\u0159\u00ed do skupiny Aqua Restaurant Group, kter\u00e1 provozuje 25 dal\u0161\u00edch restaurac\u00ed v Hongkongu, Pekingu a Lond\u00fdn\u011b. Um\u00edst\u011bn\u00ed restaurace a prostor Restaurace Hutong se nach\u00e1z\u00ed v Kowloon-u, \u010dtvrti Tsim Sha Tsui v...","og_url":"https:\/\/www.travelanddine.info\/index.php\/hong-kong-cz\/hutong-restaurant-cz\/","og_site_name":"Premium Travel&amp;Dine Info","article_publisher":"http:\/\/www.facebook.com\/PremiumTravelAndDineInfo","article_modified_time":"2021-05-18T14:07:59+00:00","og_image":[{"url":"http:\/\/www.travelanddine.info\/wp-content\/uploads\/2019\/02\/image-224.png"}],"twitter_card":"summary_large_image","twitter_misc":{"Odhadovan\u00e1 doba \u010dten\u00ed":"2 minuty"},"schema":{"@context":"https:\/\/schema.org","@graph":[{"@type":"Organization","@id":"https:\/\/www.travelanddine.info\/#organization","name":"Premium Travel & Dine Info","url":"https:\/\/www.travelanddine.info\/","sameAs":["http:\/\/www.facebook.com\/PremiumTravelAndDineInfo","https:\/\/www.instagram.com\/premium_travel_and_dine_info\/","https:\/\/www.youtube.com\/channel\/UCq4d7zmKK3AOuzDrR1p_2Qw\/featured?disable_polymer=1"],"logo":{"@type":"ImageObject","@id":"https:\/\/www.travelanddine.info\/#logo","inLanguage":"cs","url":"https:\/\/www.travelanddine.info\/wp-content\/uploads\/2019\/01\/logo-premium-e1547240252292.jpg","contentUrl":"https:\/\/www.travelanddine.info\/wp-content\/uploads\/2019\/01\/logo-premium-e1547240252292.jpg","width":1000,"height":406,"caption":"Premium Travel & Dine Info"},"image":{"@id":"https:\/\/www.travelanddine.info\/#logo"}},{"@type":"WebSite","@id":"https:\/\/www.travelanddine.info\/#website","url":"https:\/\/www.travelanddine.info\/","name":"Premium Travel&amp;Dine Info","description":"tipy, doporu\u010den\u00ed, informace.. pro ty, kte\u0159\u00ed maj\u00ed r\u00e1di cestov\u00e1n\u00ed na vysok\u00e9 \u00farovni a skv\u011bl\u00e9 j\u00eddlo","publisher":{"@id":"https:\/\/www.travelanddine.info\/#organization"},"potentialAction":[{"@type":"SearchAction","target":{"@type":"EntryPoint","urlTemplate":"https:\/\/www.travelanddine.info\/?s={search_term_string}"},"query-input":"required name=search_term_string"}],"inLanguage":"cs"},{"@type":"ImageObject","@id":"https:\/\/www.travelanddine.info\/index.php\/hong-kong-cz\/hutong-restaurant-cz\/#primaryimage","inLanguage":"cs","url":"http:\/\/www.travelanddine.info\/wp-content\/uploads\/2019\/02\/image-224.png","contentUrl":"http:\/\/www.travelanddine.info\/wp-content\/uploads\/2019\/02\/image-224.png"},{"@type":"WebPage","@id":"https:\/\/www.travelanddine.info\/index.php\/hong-kong-cz\/hutong-restaurant-cz\/#webpage","url":"https:\/\/www.travelanddine.info\/index.php\/hong-kong-cz\/hutong-restaurant-cz\/","name":"HUTONG RESTAURANT - Premium Travel&amp;Dine Info","isPartOf":{"@id":"https:\/\/www.travelanddine.info\/#website"},"primaryImageOfPage":{"@id":"https:\/\/www.travelanddine.info\/index.php\/hong-kong-cz\/hutong-restaurant-cz\/#primaryimage"},"datePublished":"2019-02-17T16:47:49+00:00","dateModified":"2021-05-18T14:07:59+00:00","breadcrumb":{"@id":"https:\/\/www.travelanddine.info\/index.php\/hong-kong-cz\/hutong-restaurant-cz\/#breadcrumb"},"inLanguage":"cs","potentialAction":[{"@type":"ReadAction","target":["https:\/\/www.travelanddine.info\/index.php\/hong-kong-cz\/hutong-restaurant-cz\/"]}]},{"@type":"BreadcrumbList","@id":"https:\/\/www.travelanddine.info\/index.php\/hong-kong-cz\/hutong-restaurant-cz\/#breadcrumb","itemListElement":[{"@type":"ListItem","position":1,"name":"Dom\u016f","item":"https:\/\/www.travelanddine.info\/index.php\/en\/home\/"},{"@type":"ListItem","position":2,"name":"Hong Kong","item":"https:\/\/www.travelanddine.info\/index.php\/hong-kong-cz\/"},{"@type":"ListItem","position":3,"name":"HUTONG RESTAURANT"}]}]}},"_links":{"self":[{"href":"https:\/\/www.travelanddine.info\/index.php\/wp-json\/wp\/v2\/pages\/1966"}],"collection":[{"href":"https:\/\/www.travelanddine.info\/index.php\/wp-json\/wp\/v2\/pages"}],"about":[{"href":"https:\/\/www.travelanddine.info\/index.php\/wp-json\/wp\/v2\/types\/page"}],"author":[{"embeddable":true,"href":"https:\/\/www.travelanddine.info\/index.php\/wp-json\/wp\/v2\/users\/1"}],"replies":[{"embeddable":true,"href":"https:\/\/www.travelanddine.info\/index.php\/wp-json\/wp\/v2\/comments?post=1966"}],"version-history":[{"count":3,"href":"https:\/\/www.travelanddine.info\/index.php\/wp-json\/wp\/v2\/pages\/1966\/revisions"}],"predecessor-version":[{"id":4267,"href":"https:\/\/www.travelanddine.info\/index.php\/wp-json\/wp\/v2\/pages\/1966\/revisions\/4267"}],"up":[{"embeddable":true,"href":"https:\/\/www.travelanddine.info\/index.php\/wp-json\/wp\/v2\/pages\/1935"}],"wp:attachment":[{"href":"https:\/\/www.travelanddine.info\/index.php\/wp-json\/wp\/v2\/media?parent=1966"}],"curies":[{"name":"wp","href":"https:\/\/api.w.org\/{rel}","templated":true}]}}