{"id":1971,"date":"2019-02-17T16:47:49","date_gmt":"2019-02-17T16:47:49","guid":{"rendered":"http:\/\/www.travelanddine.info\/?page_id=1971"},"modified":"2019-02-17T16:51:08","modified_gmt":"2019-02-17T16:51:08","slug":"hutong-restaurant","status":"publish","type":"page","link":"https:\/\/www.travelanddine.info\/index.php\/en\/hong-kong-aj\/hutong-restaurant\/","title":{"rendered":"HUTONG RESTAURANT"},"content":{"rendered":"\n<p><em>Restaurant background<\/em><\/p>\n\n\n\n<p>The venue was opened in 2000 and belongs to Aqua Restaurant Group which operates 25 other venues in Hong Kong, Beijing and London.&nbsp;<\/p>\n\n\n\n<p><em>Location and venue<\/em><\/p>\n\n\n\n<p>Hutong restaurant is located in Kowloon, Tsim Sha Tsui on 28<sup>th<\/sup>floor at One Peking road. I was informed the venue is to be one of the fine high end restaurants in the city.&nbsp;<\/p>\n\n\n\n<p>My reservation was done for Sunday at 1.30pm, so I showed up at the spot on time. The restaurant is divided into 3 dining rooms, and the interior is inspired by \u201chutongs\u201d, the ancient Chinese alleyways with antique doors, silk curtains and red lanterns, everything designed to the detail. The interior is nice and clean. Views from the venue are outstanding if you are lucky and the weather is nice.<\/p>\n\n\n\n<p>I came to the restaurant for a Feng Wei Brunch<\/p>\n\n\n\n<p><em>Signature dish<\/em><\/p>\n\n\n\n<p>Feng Wei Brunch . Crispy deboned lamb ribs marinated for 24 hours, braised and deep-fried. One of the signature dishes. The food was nice, crispy, tender and juicy with&nbsp;specific taste. I had a glass of Veuve Cliquot with it.&nbsp;<\/p>\n\n\n\n<p>The food with drink and stunning views from a restaurant was a pleasant experience. The price for the meal and drink was about 450 HK dollars (50 EUR).&nbsp;<\/p>\n\n\n\n<p>The restaurant has also some other signature dishes but not tasted yet.<\/p>\n\n\n\n<figure class=\"wp-block-image\"><img loading=\"lazy\" width=\"550\" height=\"412\" src=\"https:\/\/www.travelanddine.info\/wp-content\/uploads\/2019\/02\/image-225.png\" alt=\"\" class=\"wp-image-1972\" srcset=\"https:\/\/www.travelanddine.info\/wp-content\/uploads\/2019\/02\/image-225.png 550w, https:\/\/www.travelanddine.info\/wp-content\/uploads\/2019\/02\/image-225-300x225.png 300w\" sizes=\"(max-width: 550px) 100vw, 550px\" \/><\/figure>\n\n\n\n<p><em>Food on menu<\/em><\/p>\n\n\n\n<p>There are many different Chinese meals on the menu, from appetizers to fish and seafood, meat and tofu, noodles and rice, the menu selection is long. Wines from France, Spain, New Zealand, Australia and China are served. Cocktails are on offer too.<\/p>\n\n\n\n<p><em>Service<\/em><\/p>\n\n\n\n<p>Staff service was impersonal.&nbsp;<\/p>\n\n\n\n<p><em>Verdict<\/em><\/p>\n\n\n\n<p>Opening hours\t<\/p>\n\n\n\n<p>12.00 \u2013 15.00&nbsp;for Feng Wei Brunch on Sundays<\/p>\n\n\n\n<p>12.00 \u2013 14.30 for lunch from Monday to Saturday<\/p>\n\n\n\n<p>18.00 \u2013 23.00 for dinner from Monday to Saturday<\/p>\n\n\n\n<p>Contact\t<\/p>\n\n\n\n<p>28\/F One Peking, Tsim Sha Tsui, Hong Kong<\/p>\n\n\n\n<p>Tel: 3428 8342<\/p>\n","protected":false},"excerpt":{"rendered":"<p>Restaurant background The venue was opened in 2000 and belongs to Aqua Restaurant Group which operates 25 other venues in Hong Kong, Beijing and London.&nbsp; Location and venue Hutong restaurant is located in Kowloon, Tsim Sha Tsui on 28thfloor at&#8230;<\/p>\n","protected":false},"author":1,"featured_media":0,"parent":1939,"menu_order":0,"comment_status":"closed","ping_status":"closed","template":"","meta":[],"yoast_head":"<!-- This site is optimized with the Yoast SEO plugin v17.0 - https:\/\/yoast.com\/wordpress\/plugins\/seo\/ -->\n<title>HUTONG RESTAURANT - Premium Travel&amp;Dine Info<\/title>\n<meta name=\"robots\" content=\"index, follow, max-snippet:-1, max-image-preview:large, max-video-preview:-1\" \/>\n<link rel=\"canonical\" href=\"https:\/\/www.travelanddine.info\/index.php\/en\/hong-kong-aj\/hutong-restaurant\/\" \/>\n<meta property=\"og:locale\" content=\"cs_CZ\" \/>\n<meta property=\"og:type\" content=\"article\" \/>\n<meta property=\"og:title\" content=\"HUTONG RESTAURANT - Premium Travel&amp;Dine Info\" \/>\n<meta property=\"og:description\" content=\"Restaurant background The venue was opened in 2000 and belongs to Aqua Restaurant Group which operates 25 other venues in Hong Kong, Beijing and London.&nbsp; Location and venue Hutong restaurant is located in Kowloon, Tsim Sha Tsui on 28thfloor at...\" \/>\n<meta property=\"og:url\" content=\"https:\/\/www.travelanddine.info\/index.php\/en\/hong-kong-aj\/hutong-restaurant\/\" \/>\n<meta property=\"og:site_name\" content=\"Premium Travel&amp;Dine Info\" \/>\n<meta property=\"article:publisher\" content=\"http:\/\/www.facebook.com\/PremiumTravelAndDineInfo\" \/>\n<meta property=\"article:modified_time\" content=\"2019-02-17T16:51:08+00:00\" \/>\n<meta property=\"og:image\" content=\"http:\/\/www.travelanddine.info\/wp-content\/uploads\/2019\/02\/image-225.png\" \/>\n<meta name=\"twitter:card\" content=\"summary_large_image\" \/>\n<meta name=\"twitter:label1\" content=\"Odhadovan\u00e1 doba \u010dten\u00ed\" \/>\n\t<meta name=\"twitter:data1\" content=\"2 minuty\" \/>\n<script type=\"application\/ld+json\" class=\"yoast-schema-graph\">{\"@context\":\"https:\/\/schema.org\",\"@graph\":[{\"@type\":\"Organization\",\"@id\":\"https:\/\/www.travelanddine.info\/#organization\",\"name\":\"Premium Travel & Dine Info\",\"url\":\"https:\/\/www.travelanddine.info\/\",\"sameAs\":[\"http:\/\/www.facebook.com\/PremiumTravelAndDineInfo\",\"https:\/\/www.instagram.com\/premium_travel_and_dine_info\/\",\"https:\/\/www.youtube.com\/channel\/UCq4d7zmKK3AOuzDrR1p_2Qw\/featured?disable_polymer=1\"],\"logo\":{\"@type\":\"ImageObject\",\"@id\":\"https:\/\/www.travelanddine.info\/#logo\",\"inLanguage\":\"cs\",\"url\":\"https:\/\/www.travelanddine.info\/wp-content\/uploads\/2019\/01\/logo-premium-e1547240252292.jpg\",\"contentUrl\":\"https:\/\/www.travelanddine.info\/wp-content\/uploads\/2019\/01\/logo-premium-e1547240252292.jpg\",\"width\":1000,\"height\":406,\"caption\":\"Premium Travel & Dine Info\"},\"image\":{\"@id\":\"https:\/\/www.travelanddine.info\/#logo\"}},{\"@type\":\"WebSite\",\"@id\":\"https:\/\/www.travelanddine.info\/#website\",\"url\":\"https:\/\/www.travelanddine.info\/\",\"name\":\"Premium Travel&amp;Dine Info\",\"description\":\"tipy, doporu\\u010den\\u00ed, informace.. pro ty, kte\\u0159\\u00ed maj\\u00ed r\\u00e1di cestov\\u00e1n\\u00ed na vysok\\u00e9 \\u00farovni a skv\\u011bl\\u00e9 j\\u00eddlo\",\"publisher\":{\"@id\":\"https:\/\/www.travelanddine.info\/#organization\"},\"potentialAction\":[{\"@type\":\"SearchAction\",\"target\":{\"@type\":\"EntryPoint\",\"urlTemplate\":\"https:\/\/www.travelanddine.info\/?s={search_term_string}\"},\"query-input\":\"required name=search_term_string\"}],\"inLanguage\":\"cs\"},{\"@type\":\"ImageObject\",\"@id\":\"https:\/\/www.travelanddine.info\/index.php\/en\/hong-kong-aj\/hutong-restaurant\/#primaryimage\",\"inLanguage\":\"cs\",\"url\":\"http:\/\/www.travelanddine.info\/wp-content\/uploads\/2019\/02\/image-225.png\",\"contentUrl\":\"http:\/\/www.travelanddine.info\/wp-content\/uploads\/2019\/02\/image-225.png\"},{\"@type\":\"WebPage\",\"@id\":\"https:\/\/www.travelanddine.info\/index.php\/en\/hong-kong-aj\/hutong-restaurant\/#webpage\",\"url\":\"https:\/\/www.travelanddine.info\/index.php\/en\/hong-kong-aj\/hutong-restaurant\/\",\"name\":\"HUTONG RESTAURANT - Premium Travel&amp;Dine Info\",\"isPartOf\":{\"@id\":\"https:\/\/www.travelanddine.info\/#website\"},\"primaryImageOfPage\":{\"@id\":\"https:\/\/www.travelanddine.info\/index.php\/en\/hong-kong-aj\/hutong-restaurant\/#primaryimage\"},\"datePublished\":\"2019-02-17T16:47:49+00:00\",\"dateModified\":\"2019-02-17T16:51:08+00:00\",\"breadcrumb\":{\"@id\":\"https:\/\/www.travelanddine.info\/index.php\/en\/hong-kong-aj\/hutong-restaurant\/#breadcrumb\"},\"inLanguage\":\"cs\",\"potentialAction\":[{\"@type\":\"ReadAction\",\"target\":[\"https:\/\/www.travelanddine.info\/index.php\/en\/hong-kong-aj\/hutong-restaurant\/\"]}]},{\"@type\":\"BreadcrumbList\",\"@id\":\"https:\/\/www.travelanddine.info\/index.php\/en\/hong-kong-aj\/hutong-restaurant\/#breadcrumb\",\"itemListElement\":[{\"@type\":\"ListItem\",\"position\":1,\"name\":\"Dom\\u016f\",\"item\":\"https:\/\/www.travelanddine.info\/index.php\/en\/home\/\"},{\"@type\":\"ListItem\",\"position\":2,\"name\":\"Hong Kong\",\"item\":\"https:\/\/www.travelanddine.info\/index.php\/en\/hong-kong-aj\/\"},{\"@type\":\"ListItem\",\"position\":3,\"name\":\"HUTONG RESTAURANT\"}]}]}<\/script>\n<!-- \/ Yoast SEO plugin. -->","yoast_head_json":{"title":"HUTONG RESTAURANT - Premium Travel&amp;Dine Info","robots":{"index":"index","follow":"follow","max-snippet":"max-snippet:-1","max-image-preview":"max-image-preview:large","max-video-preview":"max-video-preview:-1"},"canonical":"https:\/\/www.travelanddine.info\/index.php\/en\/hong-kong-aj\/hutong-restaurant\/","og_locale":"cs_CZ","og_type":"article","og_title":"HUTONG RESTAURANT - Premium Travel&amp;Dine Info","og_description":"Restaurant background The venue was opened in 2000 and belongs to Aqua Restaurant Group which operates 25 other venues in Hong Kong, Beijing and London.&nbsp; Location and venue Hutong restaurant is located in Kowloon, Tsim Sha Tsui on 28thfloor at...","og_url":"https:\/\/www.travelanddine.info\/index.php\/en\/hong-kong-aj\/hutong-restaurant\/","og_site_name":"Premium Travel&amp;Dine Info","article_publisher":"http:\/\/www.facebook.com\/PremiumTravelAndDineInfo","article_modified_time":"2019-02-17T16:51:08+00:00","og_image":[{"url":"http:\/\/www.travelanddine.info\/wp-content\/uploads\/2019\/02\/image-225.png"}],"twitter_card":"summary_large_image","twitter_misc":{"Odhadovan\u00e1 doba \u010dten\u00ed":"2 minuty"},"schema":{"@context":"https:\/\/schema.org","@graph":[{"@type":"Organization","@id":"https:\/\/www.travelanddine.info\/#organization","name":"Premium Travel & Dine Info","url":"https:\/\/www.travelanddine.info\/","sameAs":["http:\/\/www.facebook.com\/PremiumTravelAndDineInfo","https:\/\/www.instagram.com\/premium_travel_and_dine_info\/","https:\/\/www.youtube.com\/channel\/UCq4d7zmKK3AOuzDrR1p_2Qw\/featured?disable_polymer=1"],"logo":{"@type":"ImageObject","@id":"https:\/\/www.travelanddine.info\/#logo","inLanguage":"cs","url":"https:\/\/www.travelanddine.info\/wp-content\/uploads\/2019\/01\/logo-premium-e1547240252292.jpg","contentUrl":"https:\/\/www.travelanddine.info\/wp-content\/uploads\/2019\/01\/logo-premium-e1547240252292.jpg","width":1000,"height":406,"caption":"Premium Travel & Dine Info"},"image":{"@id":"https:\/\/www.travelanddine.info\/#logo"}},{"@type":"WebSite","@id":"https:\/\/www.travelanddine.info\/#website","url":"https:\/\/www.travelanddine.info\/","name":"Premium Travel&amp;Dine Info","description":"tipy, doporu\u010den\u00ed, informace.. pro ty, kte\u0159\u00ed maj\u00ed r\u00e1di cestov\u00e1n\u00ed na vysok\u00e9 \u00farovni a skv\u011bl\u00e9 j\u00eddlo","publisher":{"@id":"https:\/\/www.travelanddine.info\/#organization"},"potentialAction":[{"@type":"SearchAction","target":{"@type":"EntryPoint","urlTemplate":"https:\/\/www.travelanddine.info\/?s={search_term_string}"},"query-input":"required name=search_term_string"}],"inLanguage":"cs"},{"@type":"ImageObject","@id":"https:\/\/www.travelanddine.info\/index.php\/en\/hong-kong-aj\/hutong-restaurant\/#primaryimage","inLanguage":"cs","url":"http:\/\/www.travelanddine.info\/wp-content\/uploads\/2019\/02\/image-225.png","contentUrl":"http:\/\/www.travelanddine.info\/wp-content\/uploads\/2019\/02\/image-225.png"},{"@type":"WebPage","@id":"https:\/\/www.travelanddine.info\/index.php\/en\/hong-kong-aj\/hutong-restaurant\/#webpage","url":"https:\/\/www.travelanddine.info\/index.php\/en\/hong-kong-aj\/hutong-restaurant\/","name":"HUTONG RESTAURANT - Premium Travel&amp;Dine Info","isPartOf":{"@id":"https:\/\/www.travelanddine.info\/#website"},"primaryImageOfPage":{"@id":"https:\/\/www.travelanddine.info\/index.php\/en\/hong-kong-aj\/hutong-restaurant\/#primaryimage"},"datePublished":"2019-02-17T16:47:49+00:00","dateModified":"2019-02-17T16:51:08+00:00","breadcrumb":{"@id":"https:\/\/www.travelanddine.info\/index.php\/en\/hong-kong-aj\/hutong-restaurant\/#breadcrumb"},"inLanguage":"cs","potentialAction":[{"@type":"ReadAction","target":["https:\/\/www.travelanddine.info\/index.php\/en\/hong-kong-aj\/hutong-restaurant\/"]}]},{"@type":"BreadcrumbList","@id":"https:\/\/www.travelanddine.info\/index.php\/en\/hong-kong-aj\/hutong-restaurant\/#breadcrumb","itemListElement":[{"@type":"ListItem","position":1,"name":"Dom\u016f","item":"https:\/\/www.travelanddine.info\/index.php\/en\/home\/"},{"@type":"ListItem","position":2,"name":"Hong Kong","item":"https:\/\/www.travelanddine.info\/index.php\/en\/hong-kong-aj\/"},{"@type":"ListItem","position":3,"name":"HUTONG RESTAURANT"}]}]}},"_links":{"self":[{"href":"https:\/\/www.travelanddine.info\/index.php\/wp-json\/wp\/v2\/pages\/1971"}],"collection":[{"href":"https:\/\/www.travelanddine.info\/index.php\/wp-json\/wp\/v2\/pages"}],"about":[{"href":"https:\/\/www.travelanddine.info\/index.php\/wp-json\/wp\/v2\/types\/page"}],"author":[{"embeddable":true,"href":"https:\/\/www.travelanddine.info\/index.php\/wp-json\/wp\/v2\/users\/1"}],"replies":[{"embeddable":true,"href":"https:\/\/www.travelanddine.info\/index.php\/wp-json\/wp\/v2\/comments?post=1971"}],"version-history":[{"count":1,"href":"https:\/\/www.travelanddine.info\/index.php\/wp-json\/wp\/v2\/pages\/1971\/revisions"}],"predecessor-version":[{"id":1975,"href":"https:\/\/www.travelanddine.info\/index.php\/wp-json\/wp\/v2\/pages\/1971\/revisions\/1975"}],"up":[{"embeddable":true,"href":"https:\/\/www.travelanddine.info\/index.php\/wp-json\/wp\/v2\/pages\/1939"}],"wp:attachment":[{"href":"https:\/\/www.travelanddine.info\/index.php\/wp-json\/wp\/v2\/media?parent=1971"}],"curies":[{"name":"wp","href":"https:\/\/api.w.org\/{rel}","templated":true}]}}