{"id":1980,"date":"2019-02-17T16:57:23","date_gmt":"2019-02-17T16:57:23","guid":{"rendered":"http:\/\/www.travelanddine.info\/?page_id=1980"},"modified":"2019-02-19T11:24:48","modified_gmt":"2019-02-19T11:24:48","slug":"dim-sum-square-cz","status":"publish","type":"page","link":"https:\/\/www.travelanddine.info\/index.php\/hong-kong-cz\/dim-sum-square-cz\/","title":{"rendered":"DIM SUM SQUARE RESTAURANT"},"content":{"rendered":"\n<p><em>O restauraci<\/em><\/p>\n\n\n\n<p>M\u00edsto je pova\u017eov\u00e1no za jednu z nejlep\u0161\u00edch restaurac\u00ed specializuj\u00edc\u00ed se na kantonsk\u00e9 knedl\u00ed\u010dky dim sumve m\u011bst\u011b.<\/p>\n\n\n\n<p><em>Um\u00edst\u011bn\u00ed restaurace a prostor<\/em><\/p>\n\n\n\n<p>Restaurace se nach\u00e1z\u00ed v oblasti Sheung Wan na Hong Kong Island. Toto m\u00edsto je velmi obl\u00edben\u00e9 u m\u00edstn\u00edch obyvatel, co\u017e je znamen\u00edm dobr\u00e9 kvality a \u010derstvosti j\u00eddla.<\/p>\n\n\n\n<p>Do restaurace jsme p\u0159\u00edsli pozd\u011bji odpoledne a m\u011bli \u0161t\u011bst\u00ed, proto\u017ee restaurace nebyla pln\u00e1, tak\u017ee jsme mohli snadno naj\u00edt st\u016fl. Restaurace nep\u0159\u00edj\u00edm\u00e1 rezervace, tak\u017ee pokud chcete p\u0159ij\u00edt, m\u016f\u017ee se st\u00e1t, \u017ee budete st\u00e1t ve front\u011b n\u011bkolik minut, abyste z\u00edskali m\u00edsto uvnit\u0159.<\/p>\n\n\n\n<p>Person\u00e1l byl p\u0159\u00e1telsk\u00fd a n\u00e1pomocn\u00fd a pomohl n\u00e1m objednat si j\u00eddlo. Obdr\u017e\u00edte objedn\u00e1vkov\u00fd formul\u00e1\u0159, kde je t\u0159eba ozna\u010dit, kter\u00e9 j\u00eddlo chcete a jak\u00fd po\u010det. Zap\u00ed\u0161ete-li \u201c1\u201d znamen\u00e1 to, \u017ee dostanete celkem 4 kusy dim sum. Po 15 minut\u00e1ch \u010dek\u00e1n\u00ed se na\u0161e objedn\u00e1vka za\u010dala serv\u00edrovat na st\u016fl. J\u00eddlo bylo velmi \u010derstv\u00e9 a p\u0159ich\u00e1zelo p\u0159\u00edmo z kuchyn\u011b pln\u00e9 p\u00e1ry. Ke ka\u017ed\u00e9mu j\u00eddlu dost\u00e1vate automaticky jasm\u00ednov\u00fd \u010daj a personal v\u00e1m ho po celou dobu pravideln\u011b dol\u00e9v\u00e1. Interi\u00e9r restaurace je p\u0159\u00edjemn\u00fd a \u010dist\u00fd, za\u0159\u00edzen\u00ed restaurace je minimalisticky modern\u00ed. Prostor nen\u00ed p\u0159\u00edli\u0161 velk\u00fd, ale m\u016f\u017ee obslou\u017eit pom\u011brn\u011b velk\u00fd po\u010det z\u00e1kazn\u00edk\u016f.<\/p>\n\n\n\n<p>V konkr\u00e9tn\u00edch \u010dasech se mohou p\u0159ed restaurac\u00ed tvo\u0159it na ulici fronty, ale host\u00e9 zpravidla ne\u010dekaj\u00ed d\u00e9le ne\u017e 30 minut. Jakmile jsme restauraci opou\u0161t\u011bli, venku se vytvo\u0159ila opravdu dlouh\u00e1 fronta z\u00e1jemc\u016f o vstup.<\/p>\n\n\n\n<figure class=\"wp-block-image is-resized\"><img loading=\"lazy\" src=\"https:\/\/www.travelanddine.info\/wp-content\/uploads\/2019\/02\/image-226.png\" alt=\"\" class=\"wp-image-1981\" width=\"513\" height=\"366\" srcset=\"https:\/\/www.travelanddine.info\/wp-content\/uploads\/2019\/02\/image-226.png 550w, https:\/\/www.travelanddine.info\/wp-content\/uploads\/2019\/02\/image-226-300x214.png 300w\" sizes=\"(max-width: 513px) 100vw, 513px\" \/><\/figure>\n\n\n\n<figure class=\"wp-block-image is-resized\"><img loading=\"lazy\" src=\"https:\/\/www.travelanddine.info\/wp-content\/uploads\/2019\/02\/image-227.png\" alt=\"\" class=\"wp-image-1982\" width=\"516\" height=\"290\" srcset=\"https:\/\/www.travelanddine.info\/wp-content\/uploads\/2019\/02\/image-227.png 666w, https:\/\/www.travelanddine.info\/wp-content\/uploads\/2019\/02\/image-227-300x169.png 300w\" sizes=\"(max-width: 516px) 100vw, 516px\" \/><\/figure>\n\n\n\n<p><em>Speci\u00e1ln\u00ed j\u00eddlo restaurace<\/em><\/p>\n\n\n\n<p>Crystal shrimp dim sum.<\/p>\n\n\n\n<p>J\u00eddlo s \u010derstv\u00fdmi a \u0161\u0165avnat\u00fdmi krevetami uvnit\u0159 a dokonalou strukturou na povrchu.<\/p>\n\n\n\n<figure class=\"wp-block-image\"><img loading=\"lazy\" width=\"666\" height=\"375\" src=\"https:\/\/www.travelanddine.info\/wp-content\/uploads\/2019\/02\/image-228.png\" alt=\"\" class=\"wp-image-1983\" srcset=\"https:\/\/www.travelanddine.info\/wp-content\/uploads\/2019\/02\/image-228.png 666w, https:\/\/www.travelanddine.info\/wp-content\/uploads\/2019\/02\/image-228-300x169.png 300w\" sizes=\"(max-width: 666px) 100vw, 666px\" \/><\/figure>\n\n\n\n<p><em>Dal\u0161\u00ed j\u00eddla na j\u00eddeln\u00ed\u010dku<\/em><\/p>\n\n\n\n<p>V nab\u00eddce restaurace je mnoho dal\u0161\u00edch r\u016fzn\u00fdch druh\u016f dim sum, od krevetov\u00fdch k vep\u0159ov\u00fdm, grilovan\u00fdm a\u017e po vegetari\u00e1nsk\u00e9 tofu. Od knedl\u00ed<\/p>\n\n\n\n<p>k\u016f a\u017e po rolky. Krom\u011b dim sum jsou nav\u00edc nab\u00edzeny pol\u00e9vky, du\u0161en\u00e1 zelenina, \u010d\u00ednsk\u00e9 ku\u0159ec\u00ed pa\u0159\u00e1ty, r\u00fd\u017ee atd.<\/p>\n\n\n\n<p>Ceny za dim sum jsou velmi n\u00edzk\u00e9 a pohybuj\u00ed se v rozmez\u00ed 15 a\u017e 35 HK dolar\u016f (1,5 &#8211; 4 EUR).<\/p>\n\n\n\n<figure class=\"wp-block-image\"><img loading=\"lazy\" width=\"666\" height=\"375\" src=\"https:\/\/www.travelanddine.info\/wp-content\/uploads\/2019\/02\/image-229.png\" alt=\"\" class=\"wp-image-1984\" srcset=\"https:\/\/www.travelanddine.info\/wp-content\/uploads\/2019\/02\/image-229.png 666w, https:\/\/www.travelanddine.info\/wp-content\/uploads\/2019\/02\/image-229-300x169.png 300w\" sizes=\"(max-width: 666px) 100vw, 666px\" \/><\/figure>\n\n\n\n<figure class=\"wp-block-image\"><img loading=\"lazy\" width=\"666\" height=\"375\" src=\"https:\/\/www.travelanddine.info\/wp-content\/uploads\/2019\/02\/image-230.png\" alt=\"\" class=\"wp-image-1985\" srcset=\"https:\/\/www.travelanddine.info\/wp-content\/uploads\/2019\/02\/image-230.png 666w, https:\/\/www.travelanddine.info\/wp-content\/uploads\/2019\/02\/image-230-300x169.png 300w\" sizes=\"(max-width: 666px) 100vw, 666px\" \/><\/figure>\n\n\n\n<p><em>Servis<\/em><\/p>\n\n\n\n<p>Personal byl rychl\u00fd, schopn\u00fd a p\u0159\u00e1telsk\u00fd.<\/p>\n\n\n\n<p><em>Z\u00e1v\u011br<\/em><\/p>\n\n\n\n<p>Otev\u00edrac\u00ed hodiny\t10.00 \u2013 22.00<\/p>\n\n\n\n<p>Kontakt 27 Hillier Street, Sheung Wan, Hong Kong Island, Hong Kong<\/p>\n\n\n\n<p>Tel: 2851 8088<\/p>\n\n\n\n<p>Na\u0161e j\u00eddlo v restauraci Dim Sum Square bylo \u010derstv\u00e9 a velmi chutn\u00e9. A neuv\u011b\u0159iteln\u011b n\u00edzk\u00e1 cena.<\/p>\n","protected":false},"excerpt":{"rendered":"<p>O restauraci M\u00edsto je pova\u017eov\u00e1no za jednu z nejlep\u0161\u00edch restaurac\u00ed specializuj\u00edc\u00ed se na kantonsk\u00e9 knedl\u00ed\u010dky dim sumve m\u011bst\u011b. Um\u00edst\u011bn\u00ed restaurace a prostor Restaurace se nach\u00e1z\u00ed v oblasti Sheung Wan na Hong Kong Island. Toto m\u00edsto je velmi obl\u00edben\u00e9 u m\u00edstn\u00edch&#8230;<\/p>\n","protected":false},"author":1,"featured_media":0,"parent":1935,"menu_order":0,"comment_status":"closed","ping_status":"closed","template":"","meta":[],"yoast_head":"<!-- This site is optimized with the Yoast SEO plugin v17.0 - https:\/\/yoast.com\/wordpress\/plugins\/seo\/ -->\n<title>DIM SUM SQUARE RESTAURANT - Premium Travel&amp;Dine Info<\/title>\n<meta name=\"robots\" content=\"index, follow, max-snippet:-1, max-image-preview:large, max-video-preview:-1\" \/>\n<link rel=\"canonical\" href=\"https:\/\/www.travelanddine.info\/index.php\/hong-kong-cz\/dim-sum-square-cz\/\" \/>\n<meta property=\"og:locale\" content=\"cs_CZ\" \/>\n<meta property=\"og:type\" content=\"article\" \/>\n<meta property=\"og:title\" content=\"DIM SUM SQUARE RESTAURANT - Premium Travel&amp;Dine Info\" \/>\n<meta property=\"og:description\" content=\"O restauraci M\u00edsto je pova\u017eov\u00e1no za jednu z nejlep\u0161\u00edch restaurac\u00ed specializuj\u00edc\u00ed se na kantonsk\u00e9 knedl\u00ed\u010dky dim sumve m\u011bst\u011b. Um\u00edst\u011bn\u00ed restaurace a prostor Restaurace se nach\u00e1z\u00ed v oblasti Sheung Wan na Hong Kong Island. Toto m\u00edsto je velmi obl\u00edben\u00e9 u m\u00edstn\u00edch...\" \/>\n<meta property=\"og:url\" content=\"https:\/\/www.travelanddine.info\/index.php\/hong-kong-cz\/dim-sum-square-cz\/\" \/>\n<meta property=\"og:site_name\" content=\"Premium Travel&amp;Dine Info\" \/>\n<meta property=\"article:publisher\" content=\"http:\/\/www.facebook.com\/PremiumTravelAndDineInfo\" \/>\n<meta property=\"article:modified_time\" content=\"2019-02-19T11:24:48+00:00\" \/>\n<meta property=\"og:image\" content=\"http:\/\/www.travelanddine.info\/wp-content\/uploads\/2019\/02\/image-226.png\" \/>\n<meta name=\"twitter:card\" content=\"summary_large_image\" \/>\n<meta name=\"twitter:label1\" content=\"Odhadovan\u00e1 doba \u010dten\u00ed\" \/>\n\t<meta name=\"twitter:data1\" content=\"2 minuty\" \/>\n<script type=\"application\/ld+json\" class=\"yoast-schema-graph\">{\"@context\":\"https:\/\/schema.org\",\"@graph\":[{\"@type\":\"Organization\",\"@id\":\"https:\/\/www.travelanddine.info\/#organization\",\"name\":\"Premium Travel & Dine Info\",\"url\":\"https:\/\/www.travelanddine.info\/\",\"sameAs\":[\"http:\/\/www.facebook.com\/PremiumTravelAndDineInfo\",\"https:\/\/www.instagram.com\/premium_travel_and_dine_info\/\",\"https:\/\/www.youtube.com\/channel\/UCq4d7zmKK3AOuzDrR1p_2Qw\/featured?disable_polymer=1\"],\"logo\":{\"@type\":\"ImageObject\",\"@id\":\"https:\/\/www.travelanddine.info\/#logo\",\"inLanguage\":\"cs\",\"url\":\"https:\/\/www.travelanddine.info\/wp-content\/uploads\/2019\/01\/logo-premium-e1547240252292.jpg\",\"contentUrl\":\"https:\/\/www.travelanddine.info\/wp-content\/uploads\/2019\/01\/logo-premium-e1547240252292.jpg\",\"width\":1000,\"height\":406,\"caption\":\"Premium Travel & Dine Info\"},\"image\":{\"@id\":\"https:\/\/www.travelanddine.info\/#logo\"}},{\"@type\":\"WebSite\",\"@id\":\"https:\/\/www.travelanddine.info\/#website\",\"url\":\"https:\/\/www.travelanddine.info\/\",\"name\":\"Premium Travel&amp;Dine Info\",\"description\":\"tipy, doporu\\u010den\\u00ed, informace.. pro ty, kte\\u0159\\u00ed maj\\u00ed r\\u00e1di cestov\\u00e1n\\u00ed na vysok\\u00e9 \\u00farovni a skv\\u011bl\\u00e9 j\\u00eddlo\",\"publisher\":{\"@id\":\"https:\/\/www.travelanddine.info\/#organization\"},\"potentialAction\":[{\"@type\":\"SearchAction\",\"target\":{\"@type\":\"EntryPoint\",\"urlTemplate\":\"https:\/\/www.travelanddine.info\/?s={search_term_string}\"},\"query-input\":\"required name=search_term_string\"}],\"inLanguage\":\"cs\"},{\"@type\":\"ImageObject\",\"@id\":\"https:\/\/www.travelanddine.info\/index.php\/hong-kong-cz\/dim-sum-square-cz\/#primaryimage\",\"inLanguage\":\"cs\",\"url\":\"http:\/\/www.travelanddine.info\/wp-content\/uploads\/2019\/02\/image-226.png\",\"contentUrl\":\"http:\/\/www.travelanddine.info\/wp-content\/uploads\/2019\/02\/image-226.png\"},{\"@type\":\"WebPage\",\"@id\":\"https:\/\/www.travelanddine.info\/index.php\/hong-kong-cz\/dim-sum-square-cz\/#webpage\",\"url\":\"https:\/\/www.travelanddine.info\/index.php\/hong-kong-cz\/dim-sum-square-cz\/\",\"name\":\"DIM SUM SQUARE RESTAURANT - Premium Travel&amp;Dine Info\",\"isPartOf\":{\"@id\":\"https:\/\/www.travelanddine.info\/#website\"},\"primaryImageOfPage\":{\"@id\":\"https:\/\/www.travelanddine.info\/index.php\/hong-kong-cz\/dim-sum-square-cz\/#primaryimage\"},\"datePublished\":\"2019-02-17T16:57:23+00:00\",\"dateModified\":\"2019-02-19T11:24:48+00:00\",\"breadcrumb\":{\"@id\":\"https:\/\/www.travelanddine.info\/index.php\/hong-kong-cz\/dim-sum-square-cz\/#breadcrumb\"},\"inLanguage\":\"cs\",\"potentialAction\":[{\"@type\":\"ReadAction\",\"target\":[\"https:\/\/www.travelanddine.info\/index.php\/hong-kong-cz\/dim-sum-square-cz\/\"]}]},{\"@type\":\"BreadcrumbList\",\"@id\":\"https:\/\/www.travelanddine.info\/index.php\/hong-kong-cz\/dim-sum-square-cz\/#breadcrumb\",\"itemListElement\":[{\"@type\":\"ListItem\",\"position\":1,\"name\":\"Dom\\u016f\",\"item\":\"https:\/\/www.travelanddine.info\/index.php\/en\/home\/\"},{\"@type\":\"ListItem\",\"position\":2,\"name\":\"Hong Kong\",\"item\":\"https:\/\/www.travelanddine.info\/index.php\/hong-kong-cz\/\"},{\"@type\":\"ListItem\",\"position\":3,\"name\":\"DIM SUM SQUARE RESTAURANT\"}]}]}<\/script>\n<!-- \/ Yoast SEO plugin. -->","yoast_head_json":{"title":"DIM SUM SQUARE RESTAURANT - Premium Travel&amp;Dine Info","robots":{"index":"index","follow":"follow","max-snippet":"max-snippet:-1","max-image-preview":"max-image-preview:large","max-video-preview":"max-video-preview:-1"},"canonical":"https:\/\/www.travelanddine.info\/index.php\/hong-kong-cz\/dim-sum-square-cz\/","og_locale":"cs_CZ","og_type":"article","og_title":"DIM SUM SQUARE RESTAURANT - Premium Travel&amp;Dine Info","og_description":"O restauraci M\u00edsto je pova\u017eov\u00e1no za jednu z nejlep\u0161\u00edch restaurac\u00ed specializuj\u00edc\u00ed se na kantonsk\u00e9 knedl\u00ed\u010dky dim sumve m\u011bst\u011b. Um\u00edst\u011bn\u00ed restaurace a prostor Restaurace se nach\u00e1z\u00ed v oblasti Sheung Wan na Hong Kong Island. Toto m\u00edsto je velmi obl\u00edben\u00e9 u m\u00edstn\u00edch...","og_url":"https:\/\/www.travelanddine.info\/index.php\/hong-kong-cz\/dim-sum-square-cz\/","og_site_name":"Premium Travel&amp;Dine Info","article_publisher":"http:\/\/www.facebook.com\/PremiumTravelAndDineInfo","article_modified_time":"2019-02-19T11:24:48+00:00","og_image":[{"url":"http:\/\/www.travelanddine.info\/wp-content\/uploads\/2019\/02\/image-226.png"}],"twitter_card":"summary_large_image","twitter_misc":{"Odhadovan\u00e1 doba \u010dten\u00ed":"2 minuty"},"schema":{"@context":"https:\/\/schema.org","@graph":[{"@type":"Organization","@id":"https:\/\/www.travelanddine.info\/#organization","name":"Premium Travel & Dine Info","url":"https:\/\/www.travelanddine.info\/","sameAs":["http:\/\/www.facebook.com\/PremiumTravelAndDineInfo","https:\/\/www.instagram.com\/premium_travel_and_dine_info\/","https:\/\/www.youtube.com\/channel\/UCq4d7zmKK3AOuzDrR1p_2Qw\/featured?disable_polymer=1"],"logo":{"@type":"ImageObject","@id":"https:\/\/www.travelanddine.info\/#logo","inLanguage":"cs","url":"https:\/\/www.travelanddine.info\/wp-content\/uploads\/2019\/01\/logo-premium-e1547240252292.jpg","contentUrl":"https:\/\/www.travelanddine.info\/wp-content\/uploads\/2019\/01\/logo-premium-e1547240252292.jpg","width":1000,"height":406,"caption":"Premium Travel & Dine Info"},"image":{"@id":"https:\/\/www.travelanddine.info\/#logo"}},{"@type":"WebSite","@id":"https:\/\/www.travelanddine.info\/#website","url":"https:\/\/www.travelanddine.info\/","name":"Premium Travel&amp;Dine Info","description":"tipy, doporu\u010den\u00ed, informace.. pro ty, kte\u0159\u00ed maj\u00ed r\u00e1di cestov\u00e1n\u00ed na vysok\u00e9 \u00farovni a skv\u011bl\u00e9 j\u00eddlo","publisher":{"@id":"https:\/\/www.travelanddine.info\/#organization"},"potentialAction":[{"@type":"SearchAction","target":{"@type":"EntryPoint","urlTemplate":"https:\/\/www.travelanddine.info\/?s={search_term_string}"},"query-input":"required name=search_term_string"}],"inLanguage":"cs"},{"@type":"ImageObject","@id":"https:\/\/www.travelanddine.info\/index.php\/hong-kong-cz\/dim-sum-square-cz\/#primaryimage","inLanguage":"cs","url":"http:\/\/www.travelanddine.info\/wp-content\/uploads\/2019\/02\/image-226.png","contentUrl":"http:\/\/www.travelanddine.info\/wp-content\/uploads\/2019\/02\/image-226.png"},{"@type":"WebPage","@id":"https:\/\/www.travelanddine.info\/index.php\/hong-kong-cz\/dim-sum-square-cz\/#webpage","url":"https:\/\/www.travelanddine.info\/index.php\/hong-kong-cz\/dim-sum-square-cz\/","name":"DIM SUM SQUARE RESTAURANT - Premium Travel&amp;Dine Info","isPartOf":{"@id":"https:\/\/www.travelanddine.info\/#website"},"primaryImageOfPage":{"@id":"https:\/\/www.travelanddine.info\/index.php\/hong-kong-cz\/dim-sum-square-cz\/#primaryimage"},"datePublished":"2019-02-17T16:57:23+00:00","dateModified":"2019-02-19T11:24:48+00:00","breadcrumb":{"@id":"https:\/\/www.travelanddine.info\/index.php\/hong-kong-cz\/dim-sum-square-cz\/#breadcrumb"},"inLanguage":"cs","potentialAction":[{"@type":"ReadAction","target":["https:\/\/www.travelanddine.info\/index.php\/hong-kong-cz\/dim-sum-square-cz\/"]}]},{"@type":"BreadcrumbList","@id":"https:\/\/www.travelanddine.info\/index.php\/hong-kong-cz\/dim-sum-square-cz\/#breadcrumb","itemListElement":[{"@type":"ListItem","position":1,"name":"Dom\u016f","item":"https:\/\/www.travelanddine.info\/index.php\/en\/home\/"},{"@type":"ListItem","position":2,"name":"Hong Kong","item":"https:\/\/www.travelanddine.info\/index.php\/hong-kong-cz\/"},{"@type":"ListItem","position":3,"name":"DIM SUM SQUARE RESTAURANT"}]}]}},"_links":{"self":[{"href":"https:\/\/www.travelanddine.info\/index.php\/wp-json\/wp\/v2\/pages\/1980"}],"collection":[{"href":"https:\/\/www.travelanddine.info\/index.php\/wp-json\/wp\/v2\/pages"}],"about":[{"href":"https:\/\/www.travelanddine.info\/index.php\/wp-json\/wp\/v2\/types\/page"}],"author":[{"embeddable":true,"href":"https:\/\/www.travelanddine.info\/index.php\/wp-json\/wp\/v2\/users\/1"}],"replies":[{"embeddable":true,"href":"https:\/\/www.travelanddine.info\/index.php\/wp-json\/wp\/v2\/comments?post=1980"}],"version-history":[{"count":3,"href":"https:\/\/www.travelanddine.info\/index.php\/wp-json\/wp\/v2\/pages\/1980\/revisions"}],"predecessor-version":[{"id":2071,"href":"https:\/\/www.travelanddine.info\/index.php\/wp-json\/wp\/v2\/pages\/1980\/revisions\/2071"}],"up":[{"embeddable":true,"href":"https:\/\/www.travelanddine.info\/index.php\/wp-json\/wp\/v2\/pages\/1935"}],"wp:attachment":[{"href":"https:\/\/www.travelanddine.info\/index.php\/wp-json\/wp\/v2\/media?parent=1980"}],"curies":[{"name":"wp","href":"https:\/\/api.w.org\/{rel}","templated":true}]}}