{"id":2001,"date":"2019-02-17T17:05:34","date_gmt":"2019-02-17T17:05:34","guid":{"rendered":"http:\/\/www.travelanddine.info\/?page_id=2001"},"modified":"2021-05-18T14:09:52","modified_gmt":"2021-05-18T14:09:52","slug":"pivo-the-czech-bar","status":"publish","type":"page","link":"https:\/\/www.travelanddine.info\/index.php\/hong-kong-cz\/pivo-the-czech-bar\/","title":{"rendered":"PIVO THE CZECH BAR"},"content":{"rendered":"\n<p><em>O restauraci<\/em><\/p>\n\n\n\n<p>Restaurace pat\u0159\u00ed skupin\u011b Caf\u00e9 Deco Group, jednoho z p\u0159edn\u00edch provozovatel\u016f bar\u016f a restaurac\u00ed v Hongkongu.<\/p>\n\n\n\n<figure class=\"wp-block-image\"><img loading=\"lazy\" width=\"300\" height=\"300\" src=\"https:\/\/www.travelanddine.info\/wp-content\/uploads\/2019\/02\/image-236.png\" alt=\"\" class=\"wp-image-2002\" srcset=\"https:\/\/www.travelanddine.info\/wp-content\/uploads\/2019\/02\/image-236.png 300w, https:\/\/www.travelanddine.info\/wp-content\/uploads\/2019\/02\/image-236-150x150.png 150w\" sizes=\"(max-width: 300px) 100vw, 300px\" \/><\/figure>\n\n\n\n<p><em>Um\u00edst\u011bn\u00ed restaurace a prostor<\/em><\/p>\n\n\n\n<p>Nach\u00e1z\u00ed se v budov\u011b Elements na ulici Austin Road West v Kowloon-u. Nejlep\u0161\u00ed zp\u016fsob, jak se dostat do budovy Elements, je vz\u00edt taxi nebo vlak MRT. Nicm\u00e9n\u011b, po tom co jsem se dostal dovnit\u0159 budovy, nebylo pro m\u011b snadn\u00e9 bar naj\u00edt. Trochu jsem se ztratil a nev\u011bd\u011bl, kam sm\u011b\u0159ovat. Nakonec jsem na\u0161el informa\u010dn\u00ed tabuli a n\u011bkoho dal\u0161\u00edho, kdo m\u011bl nam\u00ed\u0159eno do baru Pivo. M\u011bl jsem \u0161t\u011bst\u00ed. M\u00edsto nebylo p\u0159\u00edli\u0161 pln\u00e9, ale ani pr\u00e1zdn\u00e9. Ve\u010der byl mlad\u00fd a \u010d\u00edm d\u00e1l byl prostor baru v\u00edce pln\u011bj\u0161\u00ed. Pozd\u011bji tam opravdu bylo \u017eivo a ru\u0161no. Pro \u010cecha je n\u011bkdy fajn setkat se s jin\u00fdmi \u010cechy daleko od domova a popov\u00eddat si s nimi. V Pivu bylo dost \u010cech\u016f, N\u011bmc\u016f a jin\u00fdch evropan\u016f \u017eij\u00edc\u00edch a pracuj\u00edc\u00edch v Hongkongu, ale tak\u00e9 mnoho m\u00edstn\u00edch host\u016f. Restaurace m\u00e1 vnit\u0159n\u00ed prostor se stoly pro ty, kte\u0159\u00ed cht\u011bj\u00ed j\u00edst a p\u00edt, a venkovn\u00ed prostor, kter\u00fd se otev\u00edr\u00e1, kdy\u017e je venku hezk\u00e9 po\u010das\u00ed.<\/p>\n\n\n\n<p>Person\u00e1l byl p\u0159\u00edjemn\u00fd a p\u0159\u00e1telsk\u00fd.<\/p>\n\n\n\n<figure class=\"wp-block-image\"><img loading=\"lazy\" width=\"666\" height=\"374\" src=\"https:\/\/www.travelanddine.info\/wp-content\/uploads\/2019\/02\/image-237.png\" alt=\"\" class=\"wp-image-2003\" srcset=\"https:\/\/www.travelanddine.info\/wp-content\/uploads\/2019\/02\/image-237.png 666w, https:\/\/www.travelanddine.info\/wp-content\/uploads\/2019\/02\/image-237-300x168.png 300w\" sizes=\"(max-width: 666px) 100vw, 666px\" \/><\/figure>\n\n\n\n<figure class=\"wp-block-image\"><img loading=\"lazy\" width=\"612\" height=\"408\" src=\"https:\/\/www.travelanddine.info\/wp-content\/uploads\/2019\/02\/image-238.png\" alt=\"\" class=\"wp-image-2004\" srcset=\"https:\/\/www.travelanddine.info\/wp-content\/uploads\/2019\/02\/image-238.png 612w, https:\/\/www.travelanddine.info\/wp-content\/uploads\/2019\/02\/image-238-300x200.png 300w\" sizes=\"(max-width: 612px) 100vw, 612px\" \/><\/figure>\n\n\n\n<p><em>Specialita restaurace<\/em><\/p>\n\n\n\n<p>Samoz\u0159ejm\u011b Plze\u0148sk\u00fd Prazdroj. To\u010den\u00fd i v l\u00e1hv\u00edch. Budvar a tmav\u00fd Kozel. A tak\u00e9 Becherovka!&nbsp;<\/p>\n\n\n\n<p><em>Dal\u0161\u00ed j\u00eddla na j\u00eddeln\u00ed\u010dku<\/em><\/p>\n\n\n\n<p>V nab\u00eddce jsou \u010desk\u00e1, nebo i mo\u017en\u00e1 n\u011bmeck\u00e1 j\u00eddla, jako klob\u00e1sov\u00e1 m\u00edsa s ho\u0159\u010dic\u00ed, pe\u010den\u00e9 vep\u0159ov\u00e9 koleno s k\u0159enem a ho\u0159\u010dic\u00ed, gul\u00e1\u0161ov\u00e1 pol\u00e9vka pod\u00e1van\u00e1 v chlebu, vep\u0159ov\u00fd \u0159\u00edzek apod. Najdete zde tak\u00e9 j\u00eddla jako mu\u0161le na pivu nebo&nbsp;\u201cfish and chips\u201c, kter\u00e1 rozhodn\u011b nejsou velmi \u010desk\u00e1, ale host\u00e9 sem samoz\u0159ejm\u011b p\u0159ich\u00e1zej\u00ed z r\u016fzn\u00fdch \u010d\u00e1st\u00ed sv\u011bta.<\/p>\n\n\n\n<p>Cena za sklenici piva zaplat\u00edte 78 HK dolar\u016f (9 EUR), pe\u010den\u00e9 vep\u0159ov\u00e9 koleno v\u00e1s bude st\u00e1t 258 HK dolar\u016f (30 EUR) a pomalu va\u0159en\u00e9 kachn\u00ed stehno bude za 208 HK dolar\u016f (24 EUR), abychom uvedli p\u00e1r cen.<\/p>\n\n\n\n<figure class=\"wp-block-image\"><img loading=\"lazy\" width=\"640\" height=\"360\" src=\"https:\/\/www.travelanddine.info\/wp-content\/uploads\/2019\/02\/image-239.png\" alt=\"\" class=\"wp-image-2005\" srcset=\"https:\/\/www.travelanddine.info\/wp-content\/uploads\/2019\/02\/image-239.png 640w, https:\/\/www.travelanddine.info\/wp-content\/uploads\/2019\/02\/image-239-300x169.png 300w\" sizes=\"(max-width: 640px) 100vw, 640px\" \/><\/figure>\n\n\n\n<figure class=\"wp-block-image\"><img loading=\"lazy\" width=\"550\" height=\"413\" src=\"https:\/\/www.travelanddine.info\/wp-content\/uploads\/2019\/02\/image-240.png\" alt=\"\" class=\"wp-image-2006\" srcset=\"https:\/\/www.travelanddine.info\/wp-content\/uploads\/2019\/02\/image-240.png 550w, https:\/\/www.travelanddine.info\/wp-content\/uploads\/2019\/02\/image-240-300x225.png 300w\" sizes=\"(max-width: 550px) 100vw, 550px\" \/><\/figure>\n\n\n\n<p><em>Servis<\/em><\/p>\n\n\n\n<p>Person\u00e1l je p\u0159\u00e1telsk\u00fd. Celkov\u011b, v Pivo Czech Bar je z\u00e1bava!<\/p>\n\n\n\n<p><em>Z\u00e1v\u011br<\/em><\/p>\n\n\n\n<p>Otev\u00edrac\u00ed hodiny: <\/p>\n\n\n\n<p>11.30 \u2013 23.00\u00a0<\/p>\n\n\n\n<p>Kontakt:<\/p>\n\n\n\n<p> Shop R004, Roof Level,<\/p>\n\n\n\n<p>Elements, 1 Austin Road West,<\/p>\n\n\n\n<p>Kowloon, Hong Kong<\/p>\n\n\n\n<p>Tel: +852 2196 8733<\/p>\n","protected":false},"excerpt":{"rendered":"<p>O restauraci Restaurace pat\u0159\u00ed skupin\u011b Caf\u00e9 Deco Group, jednoho z p\u0159edn\u00edch provozovatel\u016f bar\u016f a restaurac\u00ed v Hongkongu. Um\u00edst\u011bn\u00ed restaurace a prostor Nach\u00e1z\u00ed se v budov\u011b Elements na ulici Austin Road West v Kowloon-u. Nejlep\u0161\u00ed zp\u016fsob, jak se dostat do budovy&#8230;<\/p>\n","protected":false},"author":1,"featured_media":0,"parent":1935,"menu_order":0,"comment_status":"closed","ping_status":"closed","template":"","meta":[],"yoast_head":"<!-- This site is optimized with the Yoast SEO plugin v17.0 - https:\/\/yoast.com\/wordpress\/plugins\/seo\/ -->\n<title>PIVO THE CZECH BAR - Premium Travel&amp;Dine Info<\/title>\n<meta name=\"robots\" content=\"index, follow, max-snippet:-1, max-image-preview:large, max-video-preview:-1\" \/>\n<link rel=\"canonical\" href=\"https:\/\/www.travelanddine.info\/index.php\/hong-kong-cz\/pivo-the-czech-bar\/\" \/>\n<meta property=\"og:locale\" content=\"cs_CZ\" \/>\n<meta property=\"og:type\" content=\"article\" \/>\n<meta property=\"og:title\" content=\"PIVO THE CZECH BAR - Premium Travel&amp;Dine Info\" \/>\n<meta property=\"og:description\" content=\"O restauraci Restaurace pat\u0159\u00ed skupin\u011b Caf\u00e9 Deco Group, jednoho z p\u0159edn\u00edch provozovatel\u016f bar\u016f a restaurac\u00ed v Hongkongu. Um\u00edst\u011bn\u00ed restaurace a prostor Nach\u00e1z\u00ed se v budov\u011b Elements na ulici Austin Road West v Kowloon-u. Nejlep\u0161\u00ed zp\u016fsob, jak se dostat do budovy...\" \/>\n<meta property=\"og:url\" content=\"https:\/\/www.travelanddine.info\/index.php\/hong-kong-cz\/pivo-the-czech-bar\/\" \/>\n<meta property=\"og:site_name\" content=\"Premium Travel&amp;Dine Info\" \/>\n<meta property=\"article:publisher\" content=\"http:\/\/www.facebook.com\/PremiumTravelAndDineInfo\" \/>\n<meta property=\"article:modified_time\" content=\"2021-05-18T14:09:52+00:00\" \/>\n<meta property=\"og:image\" content=\"http:\/\/www.travelanddine.info\/wp-content\/uploads\/2019\/02\/image-236.png\" \/>\n<meta name=\"twitter:card\" content=\"summary_large_image\" \/>\n<meta name=\"twitter:label1\" content=\"Odhadovan\u00e1 doba \u010dten\u00ed\" \/>\n\t<meta name=\"twitter:data1\" content=\"3 minuty\" \/>\n<script type=\"application\/ld+json\" class=\"yoast-schema-graph\">{\"@context\":\"https:\/\/schema.org\",\"@graph\":[{\"@type\":\"Organization\",\"@id\":\"https:\/\/www.travelanddine.info\/#organization\",\"name\":\"Premium Travel & Dine Info\",\"url\":\"https:\/\/www.travelanddine.info\/\",\"sameAs\":[\"http:\/\/www.facebook.com\/PremiumTravelAndDineInfo\",\"https:\/\/www.instagram.com\/premium_travel_and_dine_info\/\",\"https:\/\/www.youtube.com\/channel\/UCq4d7zmKK3AOuzDrR1p_2Qw\/featured?disable_polymer=1\"],\"logo\":{\"@type\":\"ImageObject\",\"@id\":\"https:\/\/www.travelanddine.info\/#logo\",\"inLanguage\":\"cs\",\"url\":\"https:\/\/www.travelanddine.info\/wp-content\/uploads\/2019\/01\/logo-premium-e1547240252292.jpg\",\"contentUrl\":\"https:\/\/www.travelanddine.info\/wp-content\/uploads\/2019\/01\/logo-premium-e1547240252292.jpg\",\"width\":1000,\"height\":406,\"caption\":\"Premium Travel & Dine Info\"},\"image\":{\"@id\":\"https:\/\/www.travelanddine.info\/#logo\"}},{\"@type\":\"WebSite\",\"@id\":\"https:\/\/www.travelanddine.info\/#website\",\"url\":\"https:\/\/www.travelanddine.info\/\",\"name\":\"Premium Travel&amp;Dine Info\",\"description\":\"tipy, doporu\\u010den\\u00ed, informace.. pro ty, kte\\u0159\\u00ed maj\\u00ed r\\u00e1di cestov\\u00e1n\\u00ed na vysok\\u00e9 \\u00farovni a skv\\u011bl\\u00e9 j\\u00eddlo\",\"publisher\":{\"@id\":\"https:\/\/www.travelanddine.info\/#organization\"},\"potentialAction\":[{\"@type\":\"SearchAction\",\"target\":{\"@type\":\"EntryPoint\",\"urlTemplate\":\"https:\/\/www.travelanddine.info\/?s={search_term_string}\"},\"query-input\":\"required name=search_term_string\"}],\"inLanguage\":\"cs\"},{\"@type\":\"ImageObject\",\"@id\":\"https:\/\/www.travelanddine.info\/index.php\/hong-kong-cz\/pivo-the-czech-bar\/#primaryimage\",\"inLanguage\":\"cs\",\"url\":\"http:\/\/www.travelanddine.info\/wp-content\/uploads\/2019\/02\/image-236.png\",\"contentUrl\":\"http:\/\/www.travelanddine.info\/wp-content\/uploads\/2019\/02\/image-236.png\"},{\"@type\":\"WebPage\",\"@id\":\"https:\/\/www.travelanddine.info\/index.php\/hong-kong-cz\/pivo-the-czech-bar\/#webpage\",\"url\":\"https:\/\/www.travelanddine.info\/index.php\/hong-kong-cz\/pivo-the-czech-bar\/\",\"name\":\"PIVO THE CZECH BAR - Premium Travel&amp;Dine Info\",\"isPartOf\":{\"@id\":\"https:\/\/www.travelanddine.info\/#website\"},\"primaryImageOfPage\":{\"@id\":\"https:\/\/www.travelanddine.info\/index.php\/hong-kong-cz\/pivo-the-czech-bar\/#primaryimage\"},\"datePublished\":\"2019-02-17T17:05:34+00:00\",\"dateModified\":\"2021-05-18T14:09:52+00:00\",\"breadcrumb\":{\"@id\":\"https:\/\/www.travelanddine.info\/index.php\/hong-kong-cz\/pivo-the-czech-bar\/#breadcrumb\"},\"inLanguage\":\"cs\",\"potentialAction\":[{\"@type\":\"ReadAction\",\"target\":[\"https:\/\/www.travelanddine.info\/index.php\/hong-kong-cz\/pivo-the-czech-bar\/\"]}]},{\"@type\":\"BreadcrumbList\",\"@id\":\"https:\/\/www.travelanddine.info\/index.php\/hong-kong-cz\/pivo-the-czech-bar\/#breadcrumb\",\"itemListElement\":[{\"@type\":\"ListItem\",\"position\":1,\"name\":\"Dom\\u016f\",\"item\":\"https:\/\/www.travelanddine.info\/index.php\/en\/home\/\"},{\"@type\":\"ListItem\",\"position\":2,\"name\":\"Hong Kong\",\"item\":\"https:\/\/www.travelanddine.info\/index.php\/hong-kong-cz\/\"},{\"@type\":\"ListItem\",\"position\":3,\"name\":\"PIVO THE CZECH BAR\"}]}]}<\/script>\n<!-- \/ Yoast SEO plugin. -->","yoast_head_json":{"title":"PIVO THE CZECH BAR - Premium Travel&amp;Dine Info","robots":{"index":"index","follow":"follow","max-snippet":"max-snippet:-1","max-image-preview":"max-image-preview:large","max-video-preview":"max-video-preview:-1"},"canonical":"https:\/\/www.travelanddine.info\/index.php\/hong-kong-cz\/pivo-the-czech-bar\/","og_locale":"cs_CZ","og_type":"article","og_title":"PIVO THE CZECH BAR - Premium Travel&amp;Dine Info","og_description":"O restauraci Restaurace pat\u0159\u00ed skupin\u011b Caf\u00e9 Deco Group, jednoho z p\u0159edn\u00edch provozovatel\u016f bar\u016f a restaurac\u00ed v Hongkongu. Um\u00edst\u011bn\u00ed restaurace a prostor Nach\u00e1z\u00ed se v budov\u011b Elements na ulici Austin Road West v Kowloon-u. Nejlep\u0161\u00ed zp\u016fsob, jak se dostat do budovy...","og_url":"https:\/\/www.travelanddine.info\/index.php\/hong-kong-cz\/pivo-the-czech-bar\/","og_site_name":"Premium Travel&amp;Dine Info","article_publisher":"http:\/\/www.facebook.com\/PremiumTravelAndDineInfo","article_modified_time":"2021-05-18T14:09:52+00:00","og_image":[{"url":"http:\/\/www.travelanddine.info\/wp-content\/uploads\/2019\/02\/image-236.png"}],"twitter_card":"summary_large_image","twitter_misc":{"Odhadovan\u00e1 doba \u010dten\u00ed":"3 minuty"},"schema":{"@context":"https:\/\/schema.org","@graph":[{"@type":"Organization","@id":"https:\/\/www.travelanddine.info\/#organization","name":"Premium Travel & Dine Info","url":"https:\/\/www.travelanddine.info\/","sameAs":["http:\/\/www.facebook.com\/PremiumTravelAndDineInfo","https:\/\/www.instagram.com\/premium_travel_and_dine_info\/","https:\/\/www.youtube.com\/channel\/UCq4d7zmKK3AOuzDrR1p_2Qw\/featured?disable_polymer=1"],"logo":{"@type":"ImageObject","@id":"https:\/\/www.travelanddine.info\/#logo","inLanguage":"cs","url":"https:\/\/www.travelanddine.info\/wp-content\/uploads\/2019\/01\/logo-premium-e1547240252292.jpg","contentUrl":"https:\/\/www.travelanddine.info\/wp-content\/uploads\/2019\/01\/logo-premium-e1547240252292.jpg","width":1000,"height":406,"caption":"Premium Travel & Dine Info"},"image":{"@id":"https:\/\/www.travelanddine.info\/#logo"}},{"@type":"WebSite","@id":"https:\/\/www.travelanddine.info\/#website","url":"https:\/\/www.travelanddine.info\/","name":"Premium Travel&amp;Dine Info","description":"tipy, doporu\u010den\u00ed, informace.. pro ty, kte\u0159\u00ed maj\u00ed r\u00e1di cestov\u00e1n\u00ed na vysok\u00e9 \u00farovni a skv\u011bl\u00e9 j\u00eddlo","publisher":{"@id":"https:\/\/www.travelanddine.info\/#organization"},"potentialAction":[{"@type":"SearchAction","target":{"@type":"EntryPoint","urlTemplate":"https:\/\/www.travelanddine.info\/?s={search_term_string}"},"query-input":"required name=search_term_string"}],"inLanguage":"cs"},{"@type":"ImageObject","@id":"https:\/\/www.travelanddine.info\/index.php\/hong-kong-cz\/pivo-the-czech-bar\/#primaryimage","inLanguage":"cs","url":"http:\/\/www.travelanddine.info\/wp-content\/uploads\/2019\/02\/image-236.png","contentUrl":"http:\/\/www.travelanddine.info\/wp-content\/uploads\/2019\/02\/image-236.png"},{"@type":"WebPage","@id":"https:\/\/www.travelanddine.info\/index.php\/hong-kong-cz\/pivo-the-czech-bar\/#webpage","url":"https:\/\/www.travelanddine.info\/index.php\/hong-kong-cz\/pivo-the-czech-bar\/","name":"PIVO THE CZECH BAR - Premium Travel&amp;Dine Info","isPartOf":{"@id":"https:\/\/www.travelanddine.info\/#website"},"primaryImageOfPage":{"@id":"https:\/\/www.travelanddine.info\/index.php\/hong-kong-cz\/pivo-the-czech-bar\/#primaryimage"},"datePublished":"2019-02-17T17:05:34+00:00","dateModified":"2021-05-18T14:09:52+00:00","breadcrumb":{"@id":"https:\/\/www.travelanddine.info\/index.php\/hong-kong-cz\/pivo-the-czech-bar\/#breadcrumb"},"inLanguage":"cs","potentialAction":[{"@type":"ReadAction","target":["https:\/\/www.travelanddine.info\/index.php\/hong-kong-cz\/pivo-the-czech-bar\/"]}]},{"@type":"BreadcrumbList","@id":"https:\/\/www.travelanddine.info\/index.php\/hong-kong-cz\/pivo-the-czech-bar\/#breadcrumb","itemListElement":[{"@type":"ListItem","position":1,"name":"Dom\u016f","item":"https:\/\/www.travelanddine.info\/index.php\/en\/home\/"},{"@type":"ListItem","position":2,"name":"Hong Kong","item":"https:\/\/www.travelanddine.info\/index.php\/hong-kong-cz\/"},{"@type":"ListItem","position":3,"name":"PIVO THE CZECH BAR"}]}]}},"_links":{"self":[{"href":"https:\/\/www.travelanddine.info\/index.php\/wp-json\/wp\/v2\/pages\/2001"}],"collection":[{"href":"https:\/\/www.travelanddine.info\/index.php\/wp-json\/wp\/v2\/pages"}],"about":[{"href":"https:\/\/www.travelanddine.info\/index.php\/wp-json\/wp\/v2\/types\/page"}],"author":[{"embeddable":true,"href":"https:\/\/www.travelanddine.info\/index.php\/wp-json\/wp\/v2\/users\/1"}],"replies":[{"embeddable":true,"href":"https:\/\/www.travelanddine.info\/index.php\/wp-json\/wp\/v2\/comments?post=2001"}],"version-history":[{"count":4,"href":"https:\/\/www.travelanddine.info\/index.php\/wp-json\/wp\/v2\/pages\/2001\/revisions"}],"predecessor-version":[{"id":4268,"href":"https:\/\/www.travelanddine.info\/index.php\/wp-json\/wp\/v2\/pages\/2001\/revisions\/4268"}],"up":[{"embeddable":true,"href":"https:\/\/www.travelanddine.info\/index.php\/wp-json\/wp\/v2\/pages\/1935"}],"wp:attachment":[{"href":"https:\/\/www.travelanddine.info\/index.php\/wp-json\/wp\/v2\/media?parent=2001"}],"curies":[{"name":"wp","href":"https:\/\/api.w.org\/{rel}","templated":true}]}}