{"id":2040,"date":"2019-02-17T17:29:53","date_gmt":"2019-02-17T17:29:53","guid":{"rendered":"http:\/\/www.travelanddine.info\/?page_id=2040"},"modified":"2021-05-18T14:26:44","modified_gmt":"2021-05-18T14:26:44","slug":"fried-hokkien-mee-cz","status":"publish","type":"page","link":"https:\/\/www.travelanddine.info\/index.php\/singapur-2\/fried-hokkien-mee-cz\/","title":{"rendered":"FRIED HOKKIEN MEE"},"content":{"rendered":"\n<p><em>Speci<\/em><em>\u00e1ln\u00ed j\u00eddlo pouli\u010dn\u00edch st\u00e1nk\u016f<\/em><\/p>\n\n\n\n<p>\u017d\u00e1dn\u00e1 konkr\u00e9tn\u00ed restaurace, \u017e\u00e1dn\u00e1 konkr\u00e9tn\u00ed lokalita. Jenom velmi typick\u00e9 j\u00eddlo, kter\u00e9 si m\u016f\u017eete dop\u0159\u00e1t kdekoli ve m\u011bst\u011b. Pod\u00edvejme se na Fried Hokkien Mee alias Singapursk\u00e9 Nudle.<\/p>\n\n\n\n<figure class=\"wp-block-image\"><img loading=\"lazy\" width=\"612\" height=\"408\" src=\"https:\/\/www.travelanddine.info\/wp-content\/uploads\/2019\/02\/image-254.png\" alt=\"\" class=\"wp-image-2041\" srcset=\"https:\/\/www.travelanddine.info\/wp-content\/uploads\/2019\/02\/image-254.png 612w, https:\/\/www.travelanddine.info\/wp-content\/uploads\/2019\/02\/image-254-300x200.png 300w\" sizes=\"(max-width: 612px) 100vw, 612px\" \/><\/figure>\n\n\n\n<p>Jedno z nejlep\u0161\u00edch pouli\u010dn\u00edch j\u00eddel, kter\u00e9 Singapur nab\u00edz\u00ed. Toto j\u00eddlo neb\u00fdv\u00e1 \u010dasto v&nbsp;nab\u00eddk\u00e1ch prvot\u0159\u00eddn\u00edch restaurac\u00ed, ale nab\u00edz\u00ed ho mno\u017estv\u00ed pouli\u010dn\u00edch restaurac\u00ed po cel\u00e9m m\u011bst\u011b. \u0158\u00edk\u00e1 se, \u017ee n\u011bkte\u0159\u00ed lidi j\u00ed proto, aby p\u0159e\u017eili, singapurci ov\u0161em \u017eij\u00ed proto, aby si j\u00eddlo vychutn\u00e1vali. Jsou ochotni cestovat po cel\u00e9m m\u011bst\u011b \u00ed p\u0159ilehl\u00fdch ostrovech, aby hledali to nejlep\u0161\u00ed k j\u00eddlu, a hokkien mee je ur\u010dit\u011b jednou z obl\u00edben\u00fdch voleb. A\u0165 u\u017e se jedn\u00e1 o mokrou nebo suchou verzi, a\u0165 u\u017e se jedn\u00e1 o tlust\u00e9 nebo tenk\u00e9 nudle, nebo sambal anebo nasekan\u00e9 chilli pod\u00e1van\u00e9 jako p\u0159\u00edlohov\u00e9 ko\u0159en\u00ed, hokkien mee je jednodu\u0161e v\u017edy p\u0159ita\u017eliv\u00e9 j\u00eddlo, a to sv\u00fdm vlastn\u00edm zp\u016fsobem.<\/p>\n\n\n\n<p>Toto chutn\u00e9 nudlov\u00e9 j\u00eddlo p\u0159ipraveno ze siln\u00e9ho v\u00fdvaru s krevetami, chobotnic\u00ed, a vep\u0159ov\u00fdm s\u00e1dlem m\u00e1 ko\u0159eny v provincii Fujian v \u010c\u00edn\u011b. Do jihov\u00fdchodn\u00ed Asie jej p\u0159ivezli prvn\u00ed p\u0159ist\u011bhovalci. J\u00eddlo m\u016f\u017ee m\u00edt r\u016fzn\u00e9 varianty &#8211; malajsk\u00e1, v\u00edce su\u0161\u0161\u00ed varianta, pou\u017e\u00edv\u00e1 tmavou s\u00f3jovou om\u00e1\u010dkou a tlust\u00fdmi nudlemi, zat\u00edmco singapursk\u00e1 variace, kter\u00e1 je v\u00edce vlhk\u00e1, pou\u017e\u00edv\u00e1 mix tenk\u00fdch \u017elut\u00fdch nudl\u00ed s&nbsp;vermicelli \u2013 tenk\u00fdmi r\u00fd\u017eov\u00fdmi nudlemi.<\/p>\n\n\n\n<p>J\u00eddlo se p\u0159ipravuje ze siln\u00e9ho krevetov\u00e9ho v\u00fdvaru, kter\u00fd mu dod\u00e1v\u00e1 hlavn\u00ed typickou chu\u0165 a mo\u0159sk\u00e9 plody jako chobotnice a krevety, stejn\u011b jako vep\u0159ov\u00e9 s\u00e1dlo a vejce jsou sou\u010d\u00e1st\u00ed receptury. Tuk se toti\u017e perfektn\u011b propoj\u00ed s v\u00fdvarem a t\u00edm je\u0161t\u011b v\u00edc p\u0159id\u00e1v\u00e1 s\u00edlu chuti.<\/p>\n\n\n\n<p>Moje obl\u00edben\u00e9 m\u00edsto, kde si d\u00e1t singapursk\u00e9 nudle je ve FoodRepublic foodcourt v&nbsp;obchodn\u00edm centru Parkway Parade Mall, kter\u00e9 se nach\u00e1z\u00ed v&nbsp;\u010d\u00e1sti East Cost. Toto j\u00eddlo je pochopiteln\u011b k&nbsp;dost\u00e1n\u00ed na mnoha m\u00edstech po cel\u00e9m m\u011bst\u011b. M\u016f\u017ee se m\u00edrn\u011b li\u0161it na r\u016fzn\u00fdch m\u00edstech, nicm\u00e9n\u011b v\u017edy je chutn\u00e9 a jist\u011b skute\u010dn\u011b milovan\u00e9 jak m\u00edstn\u00edmi, tak i turisty, kte\u0159\u00ed nav\u0161t\u011bvuj\u00edc\u00ed m\u011bsto. Hokkien mee je obvykle nab\u00edzeno v cen\u011b ve4 a\u017e 8 Singapursk\u00fdch dolar\u016f (2,5 a\u017e 5 EUR), od mal\u00fdch porc\u00ed po st\u0159edn\u00ed a\u017e do skute\u010dn\u011b velk\u00fdch porc\u00ed.<\/p>\n\n\n\n<p><\/p>\n\n\n\n<figure class=\"wp-block-image size-medium\"><img loading=\"lazy\" width=\"300\" height=\"200\" src=\"https:\/\/www.travelanddine.info\/wp-content\/uploads\/2019\/02\/image-255-300x200.png\" alt=\"\" class=\"wp-image-2042\" srcset=\"https:\/\/www.travelanddine.info\/wp-content\/uploads\/2019\/02\/image-255-300x200.png 300w, https:\/\/www.travelanddine.info\/wp-content\/uploads\/2019\/02\/image-255.png 612w\" sizes=\"(max-width: 300px) 100vw, 300px\" \/><\/figure>\n\n\n\n<p><\/p>\n\n\n\n<p><\/p>\n\n\n\n<figure class=\"wp-block-image size-medium\"><img loading=\"lazy\" width=\"300\" height=\"169\" src=\"https:\/\/www.travelanddine.info\/wp-content\/uploads\/2019\/02\/image-256-300x169.png\" alt=\"\" class=\"wp-image-2043\" srcset=\"https:\/\/www.travelanddine.info\/wp-content\/uploads\/2019\/02\/image-256-300x169.png 300w, https:\/\/www.travelanddine.info\/wp-content\/uploads\/2019\/02\/image-256.png 666w\" sizes=\"(max-width: 300px) 100vw, 300px\" \/><\/figure>\n\n\n\n<p><br><\/p>\n","protected":false},"excerpt":{"rendered":"<p>Speci\u00e1ln\u00ed j\u00eddlo pouli\u010dn\u00edch st\u00e1nk\u016f \u017d\u00e1dn\u00e1 konkr\u00e9tn\u00ed restaurace, \u017e\u00e1dn\u00e1 konkr\u00e9tn\u00ed lokalita. Jenom velmi typick\u00e9 j\u00eddlo, kter\u00e9 si m\u016f\u017eete dop\u0159\u00e1t kdekoli ve m\u011bst\u011b. Pod\u00edvejme se na Fried Hokkien Mee alias Singapursk\u00e9 Nudle. Jedno z nejlep\u0161\u00edch pouli\u010dn\u00edch j\u00eddel, kter\u00e9 Singapur nab\u00edz\u00ed. Toto j\u00eddlo&#8230;<\/p>\n","protected":false},"author":1,"featured_media":0,"parent":1926,"menu_order":0,"comment_status":"closed","ping_status":"closed","template":"","meta":[],"yoast_head":"<!-- This site is optimized with the Yoast SEO plugin v17.0 - https:\/\/yoast.com\/wordpress\/plugins\/seo\/ -->\n<title>FRIED HOKKIEN MEE - Premium Travel&amp;Dine Info<\/title>\n<meta name=\"robots\" content=\"index, follow, max-snippet:-1, max-image-preview:large, max-video-preview:-1\" \/>\n<link rel=\"canonical\" href=\"https:\/\/www.travelanddine.info\/index.php\/singapur-2\/fried-hokkien-mee-cz\/\" \/>\n<meta property=\"og:locale\" content=\"cs_CZ\" \/>\n<meta property=\"og:type\" content=\"article\" \/>\n<meta property=\"og:title\" content=\"FRIED HOKKIEN MEE - Premium Travel&amp;Dine Info\" \/>\n<meta property=\"og:description\" content=\"Speci\u00e1ln\u00ed j\u00eddlo pouli\u010dn\u00edch st\u00e1nk\u016f \u017d\u00e1dn\u00e1 konkr\u00e9tn\u00ed restaurace, \u017e\u00e1dn\u00e1 konkr\u00e9tn\u00ed lokalita. Jenom velmi typick\u00e9 j\u00eddlo, kter\u00e9 si m\u016f\u017eete dop\u0159\u00e1t kdekoli ve m\u011bst\u011b. Pod\u00edvejme se na Fried Hokkien Mee alias Singapursk\u00e9 Nudle. Jedno z nejlep\u0161\u00edch pouli\u010dn\u00edch j\u00eddel, kter\u00e9 Singapur nab\u00edz\u00ed. Toto j\u00eddlo...\" \/>\n<meta property=\"og:url\" content=\"https:\/\/www.travelanddine.info\/index.php\/singapur-2\/fried-hokkien-mee-cz\/\" \/>\n<meta property=\"og:site_name\" content=\"Premium Travel&amp;Dine Info\" \/>\n<meta property=\"article:publisher\" content=\"http:\/\/www.facebook.com\/PremiumTravelAndDineInfo\" \/>\n<meta property=\"article:modified_time\" content=\"2021-05-18T14:26:44+00:00\" \/>\n<meta property=\"og:image\" content=\"http:\/\/www.travelanddine.info\/wp-content\/uploads\/2019\/02\/image-254.png\" \/>\n<meta name=\"twitter:card\" content=\"summary_large_image\" \/>\n<meta name=\"twitter:label1\" content=\"Odhadovan\u00e1 doba \u010dten\u00ed\" \/>\n\t<meta name=\"twitter:data1\" content=\"3 minuty\" \/>\n<script type=\"application\/ld+json\" class=\"yoast-schema-graph\">{\"@context\":\"https:\/\/schema.org\",\"@graph\":[{\"@type\":\"Organization\",\"@id\":\"https:\/\/www.travelanddine.info\/#organization\",\"name\":\"Premium Travel & Dine Info\",\"url\":\"https:\/\/www.travelanddine.info\/\",\"sameAs\":[\"http:\/\/www.facebook.com\/PremiumTravelAndDineInfo\",\"https:\/\/www.instagram.com\/premium_travel_and_dine_info\/\",\"https:\/\/www.youtube.com\/channel\/UCq4d7zmKK3AOuzDrR1p_2Qw\/featured?disable_polymer=1\"],\"logo\":{\"@type\":\"ImageObject\",\"@id\":\"https:\/\/www.travelanddine.info\/#logo\",\"inLanguage\":\"cs\",\"url\":\"https:\/\/www.travelanddine.info\/wp-content\/uploads\/2019\/01\/logo-premium-e1547240252292.jpg\",\"contentUrl\":\"https:\/\/www.travelanddine.info\/wp-content\/uploads\/2019\/01\/logo-premium-e1547240252292.jpg\",\"width\":1000,\"height\":406,\"caption\":\"Premium Travel & Dine Info\"},\"image\":{\"@id\":\"https:\/\/www.travelanddine.info\/#logo\"}},{\"@type\":\"WebSite\",\"@id\":\"https:\/\/www.travelanddine.info\/#website\",\"url\":\"https:\/\/www.travelanddine.info\/\",\"name\":\"Premium Travel&amp;Dine Info\",\"description\":\"tipy, doporu\\u010den\\u00ed, informace.. pro ty, kte\\u0159\\u00ed maj\\u00ed r\\u00e1di cestov\\u00e1n\\u00ed na vysok\\u00e9 \\u00farovni a skv\\u011bl\\u00e9 j\\u00eddlo\",\"publisher\":{\"@id\":\"https:\/\/www.travelanddine.info\/#organization\"},\"potentialAction\":[{\"@type\":\"SearchAction\",\"target\":{\"@type\":\"EntryPoint\",\"urlTemplate\":\"https:\/\/www.travelanddine.info\/?s={search_term_string}\"},\"query-input\":\"required name=search_term_string\"}],\"inLanguage\":\"cs\"},{\"@type\":\"ImageObject\",\"@id\":\"https:\/\/www.travelanddine.info\/index.php\/singapur-2\/fried-hokkien-mee-cz\/#primaryimage\",\"inLanguage\":\"cs\",\"url\":\"http:\/\/www.travelanddine.info\/wp-content\/uploads\/2019\/02\/image-254.png\",\"contentUrl\":\"http:\/\/www.travelanddine.info\/wp-content\/uploads\/2019\/02\/image-254.png\"},{\"@type\":\"WebPage\",\"@id\":\"https:\/\/www.travelanddine.info\/index.php\/singapur-2\/fried-hokkien-mee-cz\/#webpage\",\"url\":\"https:\/\/www.travelanddine.info\/index.php\/singapur-2\/fried-hokkien-mee-cz\/\",\"name\":\"FRIED HOKKIEN MEE - Premium Travel&amp;Dine Info\",\"isPartOf\":{\"@id\":\"https:\/\/www.travelanddine.info\/#website\"},\"primaryImageOfPage\":{\"@id\":\"https:\/\/www.travelanddine.info\/index.php\/singapur-2\/fried-hokkien-mee-cz\/#primaryimage\"},\"datePublished\":\"2019-02-17T17:29:53+00:00\",\"dateModified\":\"2021-05-18T14:26:44+00:00\",\"breadcrumb\":{\"@id\":\"https:\/\/www.travelanddine.info\/index.php\/singapur-2\/fried-hokkien-mee-cz\/#breadcrumb\"},\"inLanguage\":\"cs\",\"potentialAction\":[{\"@type\":\"ReadAction\",\"target\":[\"https:\/\/www.travelanddine.info\/index.php\/singapur-2\/fried-hokkien-mee-cz\/\"]}]},{\"@type\":\"BreadcrumbList\",\"@id\":\"https:\/\/www.travelanddine.info\/index.php\/singapur-2\/fried-hokkien-mee-cz\/#breadcrumb\",\"itemListElement\":[{\"@type\":\"ListItem\",\"position\":1,\"name\":\"Dom\\u016f\",\"item\":\"https:\/\/www.travelanddine.info\/index.php\/en\/home\/\"},{\"@type\":\"ListItem\",\"position\":2,\"name\":\"Singapur\",\"item\":\"https:\/\/www.travelanddine.info\/index.php\/singapur-2\/\"},{\"@type\":\"ListItem\",\"position\":3,\"name\":\"FRIED HOKKIEN MEE\"}]}]}<\/script>\n<!-- \/ Yoast SEO plugin. -->","yoast_head_json":{"title":"FRIED HOKKIEN MEE - Premium Travel&amp;Dine Info","robots":{"index":"index","follow":"follow","max-snippet":"max-snippet:-1","max-image-preview":"max-image-preview:large","max-video-preview":"max-video-preview:-1"},"canonical":"https:\/\/www.travelanddine.info\/index.php\/singapur-2\/fried-hokkien-mee-cz\/","og_locale":"cs_CZ","og_type":"article","og_title":"FRIED HOKKIEN MEE - Premium Travel&amp;Dine Info","og_description":"Speci\u00e1ln\u00ed j\u00eddlo pouli\u010dn\u00edch st\u00e1nk\u016f \u017d\u00e1dn\u00e1 konkr\u00e9tn\u00ed restaurace, \u017e\u00e1dn\u00e1 konkr\u00e9tn\u00ed lokalita. Jenom velmi typick\u00e9 j\u00eddlo, kter\u00e9 si m\u016f\u017eete dop\u0159\u00e1t kdekoli ve m\u011bst\u011b. Pod\u00edvejme se na Fried Hokkien Mee alias Singapursk\u00e9 Nudle. Jedno z nejlep\u0161\u00edch pouli\u010dn\u00edch j\u00eddel, kter\u00e9 Singapur nab\u00edz\u00ed. Toto j\u00eddlo...","og_url":"https:\/\/www.travelanddine.info\/index.php\/singapur-2\/fried-hokkien-mee-cz\/","og_site_name":"Premium Travel&amp;Dine Info","article_publisher":"http:\/\/www.facebook.com\/PremiumTravelAndDineInfo","article_modified_time":"2021-05-18T14:26:44+00:00","og_image":[{"url":"http:\/\/www.travelanddine.info\/wp-content\/uploads\/2019\/02\/image-254.png"}],"twitter_card":"summary_large_image","twitter_misc":{"Odhadovan\u00e1 doba \u010dten\u00ed":"3 minuty"},"schema":{"@context":"https:\/\/schema.org","@graph":[{"@type":"Organization","@id":"https:\/\/www.travelanddine.info\/#organization","name":"Premium Travel & Dine Info","url":"https:\/\/www.travelanddine.info\/","sameAs":["http:\/\/www.facebook.com\/PremiumTravelAndDineInfo","https:\/\/www.instagram.com\/premium_travel_and_dine_info\/","https:\/\/www.youtube.com\/channel\/UCq4d7zmKK3AOuzDrR1p_2Qw\/featured?disable_polymer=1"],"logo":{"@type":"ImageObject","@id":"https:\/\/www.travelanddine.info\/#logo","inLanguage":"cs","url":"https:\/\/www.travelanddine.info\/wp-content\/uploads\/2019\/01\/logo-premium-e1547240252292.jpg","contentUrl":"https:\/\/www.travelanddine.info\/wp-content\/uploads\/2019\/01\/logo-premium-e1547240252292.jpg","width":1000,"height":406,"caption":"Premium Travel & Dine Info"},"image":{"@id":"https:\/\/www.travelanddine.info\/#logo"}},{"@type":"WebSite","@id":"https:\/\/www.travelanddine.info\/#website","url":"https:\/\/www.travelanddine.info\/","name":"Premium Travel&amp;Dine Info","description":"tipy, doporu\u010den\u00ed, informace.. pro ty, kte\u0159\u00ed maj\u00ed r\u00e1di cestov\u00e1n\u00ed na vysok\u00e9 \u00farovni a skv\u011bl\u00e9 j\u00eddlo","publisher":{"@id":"https:\/\/www.travelanddine.info\/#organization"},"potentialAction":[{"@type":"SearchAction","target":{"@type":"EntryPoint","urlTemplate":"https:\/\/www.travelanddine.info\/?s={search_term_string}"},"query-input":"required name=search_term_string"}],"inLanguage":"cs"},{"@type":"ImageObject","@id":"https:\/\/www.travelanddine.info\/index.php\/singapur-2\/fried-hokkien-mee-cz\/#primaryimage","inLanguage":"cs","url":"http:\/\/www.travelanddine.info\/wp-content\/uploads\/2019\/02\/image-254.png","contentUrl":"http:\/\/www.travelanddine.info\/wp-content\/uploads\/2019\/02\/image-254.png"},{"@type":"WebPage","@id":"https:\/\/www.travelanddine.info\/index.php\/singapur-2\/fried-hokkien-mee-cz\/#webpage","url":"https:\/\/www.travelanddine.info\/index.php\/singapur-2\/fried-hokkien-mee-cz\/","name":"FRIED HOKKIEN MEE - Premium Travel&amp;Dine Info","isPartOf":{"@id":"https:\/\/www.travelanddine.info\/#website"},"primaryImageOfPage":{"@id":"https:\/\/www.travelanddine.info\/index.php\/singapur-2\/fried-hokkien-mee-cz\/#primaryimage"},"datePublished":"2019-02-17T17:29:53+00:00","dateModified":"2021-05-18T14:26:44+00:00","breadcrumb":{"@id":"https:\/\/www.travelanddine.info\/index.php\/singapur-2\/fried-hokkien-mee-cz\/#breadcrumb"},"inLanguage":"cs","potentialAction":[{"@type":"ReadAction","target":["https:\/\/www.travelanddine.info\/index.php\/singapur-2\/fried-hokkien-mee-cz\/"]}]},{"@type":"BreadcrumbList","@id":"https:\/\/www.travelanddine.info\/index.php\/singapur-2\/fried-hokkien-mee-cz\/#breadcrumb","itemListElement":[{"@type":"ListItem","position":1,"name":"Dom\u016f","item":"https:\/\/www.travelanddine.info\/index.php\/en\/home\/"},{"@type":"ListItem","position":2,"name":"Singapur","item":"https:\/\/www.travelanddine.info\/index.php\/singapur-2\/"},{"@type":"ListItem","position":3,"name":"FRIED HOKKIEN MEE"}]}]}},"_links":{"self":[{"href":"https:\/\/www.travelanddine.info\/index.php\/wp-json\/wp\/v2\/pages\/2040"}],"collection":[{"href":"https:\/\/www.travelanddine.info\/index.php\/wp-json\/wp\/v2\/pages"}],"about":[{"href":"https:\/\/www.travelanddine.info\/index.php\/wp-json\/wp\/v2\/types\/page"}],"author":[{"embeddable":true,"href":"https:\/\/www.travelanddine.info\/index.php\/wp-json\/wp\/v2\/users\/1"}],"replies":[{"embeddable":true,"href":"https:\/\/www.travelanddine.info\/index.php\/wp-json\/wp\/v2\/comments?post=2040"}],"version-history":[{"count":3,"href":"https:\/\/www.travelanddine.info\/index.php\/wp-json\/wp\/v2\/pages\/2040\/revisions"}],"predecessor-version":[{"id":4286,"href":"https:\/\/www.travelanddine.info\/index.php\/wp-json\/wp\/v2\/pages\/2040\/revisions\/4286"}],"up":[{"embeddable":true,"href":"https:\/\/www.travelanddine.info\/index.php\/wp-json\/wp\/v2\/pages\/1926"}],"wp:attachment":[{"href":"https:\/\/www.travelanddine.info\/index.php\/wp-json\/wp\/v2\/media?parent=2040"}],"curies":[{"name":"wp","href":"https:\/\/api.w.org\/{rel}","templated":true}]}}