{"id":2445,"date":"2019-07-08T19:32:42","date_gmt":"2019-07-08T19:32:42","guid":{"rendered":"http:\/\/www.travelanddine.info\/?page_id=2445"},"modified":"2021-05-18T13:45:29","modified_gmt":"2021-05-18T13:45:29","slug":"cina","status":"publish","type":"page","link":"https:\/\/www.travelanddine.info\/index.php\/cina\/","title":{"rendered":"\u010c\u00edna"},"content":{"rendered":"\n<figure class=\"wp-block-image\"><img loading=\"lazy\" width=\"1024\" height=\"538\" src=\"https:\/\/www.travelanddine.info\/wp-content\/uploads\/2019\/07\/china-1024x538.jpg\" alt=\"\" class=\"wp-image-2809\" srcset=\"https:\/\/www.travelanddine.info\/wp-content\/uploads\/2019\/07\/china-1024x538.jpg 1024w, https:\/\/www.travelanddine.info\/wp-content\/uploads\/2019\/07\/china-300x158.jpg 300w, https:\/\/www.travelanddine.info\/wp-content\/uploads\/2019\/07\/china-768x404.jpg 768w, https:\/\/www.travelanddine.info\/wp-content\/uploads\/2019\/07\/china.jpg 1909w\" sizes=\"(max-width: 1024px) 100vw, 1024px\" \/><\/figure>\n\n\n\n<div class=\"wp-block-image\"><figure class=\"aligncenter size-large\"><img loading=\"lazy\" width=\"1024\" height=\"39\" src=\"https:\/\/www.travelanddine.info\/wp-content\/uploads\/2021\/05\/PREMIOVE-HOTELY-CZE-5-1024x39.png\" alt=\"\" class=\"wp-image-4212\" srcset=\"https:\/\/www.travelanddine.info\/wp-content\/uploads\/2021\/05\/PREMIOVE-HOTELY-CZE-5-1024x39.png 1024w, https:\/\/www.travelanddine.info\/wp-content\/uploads\/2021\/05\/PREMIOVE-HOTELY-CZE-5-300x12.png 300w, https:\/\/www.travelanddine.info\/wp-content\/uploads\/2021\/05\/PREMIOVE-HOTELY-CZE-5-768x29.png 768w, https:\/\/www.travelanddine.info\/wp-content\/uploads\/2021\/05\/PREMIOVE-HOTELY-CZE-5.png 1250w\" sizes=\"(max-width: 1024px) 100vw, 1024px\" \/><\/figure><\/div>\n\n\n\n<figure class=\"wp-block-table\"><table><tbody><tr><td>H<\/td><td>FOUR SEASONS<\/td><td>BEIJING<\/td><\/tr><tr><td>H<\/td><td>THE PENINSULA<\/td><td>BEIJING<\/td><\/tr><tr><td>H<\/td><td>ROSEWOOD<\/td><td>BEIJING<\/td><\/tr><tr><td>H<\/td><td>BULGARI<\/td><td>BEIJING<\/td><\/tr><tr><td>H<\/td><td>PARK HYATT<\/td><td>BEIJING<\/td><\/tr><tr><td>H<\/td><td>SHANGRI-LA WORLD SUMMIT WING<\/td><td>BEIJING<\/td><\/tr><tr><td>H<\/td><td>WALDORF ASTORIA<\/td><td>BEIJING<\/td><\/tr><tr><td>H<\/td><td>PAN PACIFIC<\/td><td>BEIJING<\/td><\/tr><tr><td>H<\/td><td>INTERCONTINENTAL SANLITUN<\/td><td>BEIJING<\/td><\/tr><tr><td>H<\/td><td>ZHAOLIN GRAND<\/td><td>BEIJING<\/td><\/tr><tr><td>H<\/td><td>THE PENINSULA<\/td><td>SHANGHAI<\/td><\/tr><tr><td>H<\/td><td>BELLAGIO ON THE BUND<\/td><td>SHANGHAI<\/td><\/tr><tr><td>H<\/td><td>WALDORF ASTORIA<\/td><td>SHANGHAI<\/td><\/tr><tr><td>H<\/td><td>THE RITZ-CARLTON PUDONG<\/td><td>SHANGHAI<\/td><\/tr><tr><td>H<\/td><td>BULGARI<\/td><td>SHANGHAI<\/td><\/tr><tr><td>H<\/td><td>W HOTEL<\/td><td>SHANGHAI<\/td><\/tr><tr><td>H<\/td><td>FAIRMONT PEACE ON THE BUND<\/td><td>SHANGHAI<\/td><\/tr><tr><td>H<\/td><td>MANDARIN ORIENTAL PUDONG<\/td><td>SHANGHAI<\/td><\/tr><tr><td>H<\/td><td>THE LANGHAM<\/td><td>SHANGHAI<\/td><\/tr><tr><td>H<\/td><td>FOUR SEASONS PUDONG<\/td><td>SHANGHAI<\/td><\/tr><tr><td>H<\/td><td>THE ST.REGIS JINGAN<\/td><td>SHANGHAI<\/td><\/tr><tr><td>H<\/td><td>PARK HYATT<\/td><td>SHANGHAI<\/td><\/tr><tr><td>H<\/td><td>JW MARRIOTT AT TOMORROW SQUARE<\/td><td>SHANGHAI<\/td><\/tr><tr><td>H<\/td><td>GRAND HYATT<\/td><td>SHANGHAI<\/td><\/tr><tr><td>H<\/td><td>INTERCONTINENTAL RUIJIN<\/td><td>SHANGHAI<\/td><\/tr><tr><td>H<\/td><td>BANYAN TREE ON THE BUND<\/td><td>SHANGHAI<\/td><\/tr><tr><td>H<\/td><td>MARRIOTT CITY CENTRE<\/td><td>SHANGHAI<\/td><\/tr><tr><td>H<\/td><td>RENAISSANCE<\/td><td>XIAN<\/td><\/tr><tr><td>H<\/td><td>SOFITEL LEGEN PEOPLE&#8217;S GRAND HOTEL<\/td><td>XIAN<\/td><\/tr><tr><td>H<\/td><td>SHANGRI-LA&nbsp;&nbsp;<\/td><td>XIAN<\/td><\/tr><tr><td>H<\/td><td>HYATT REGENCY<\/td><td>XIAN<\/td><\/tr><tr><td>H<\/td><td>FOUR SEASONS<\/td><td>GUANGZHOU<\/td><\/tr><tr><td>H<\/td><td>PARK HYATT<\/td><td>GUANGZHOU<\/td><\/tr><tr><td>H<\/td><td>MANDARIN ORIENTAL&nbsp;&nbsp;<\/td><td>GUANGZHOU<\/td><\/tr><tr><td>H<\/td><td>THE RITZ-CARLTON&nbsp;&nbsp;<\/td><td>GUANGZHOU<\/td><\/tr><tr><td>H<\/td><td>CONRAD<\/td><td>GUANGZHOU<\/td><\/tr><tr><td>H<\/td><td>THE LANGHAM<\/td><td>SHENZZHEN<\/td><\/tr><tr><td>H<\/td><td>FOUR SEANSONS<\/td><td>SHENZZHEN<\/td><\/tr><tr><td>H<\/td><td>MARRIOTT NANSHAN<\/td><td>SHENZZHEN<\/td><\/tr><\/tbody><\/table><\/figure>\n","protected":false},"excerpt":{"rendered":"<p>H FOUR SEASONS BEIJING H THE PENINSULA BEIJING H ROSEWOOD BEIJING H BULGARI BEIJING H PARK HYATT BEIJING H SHANGRI-LA WORLD SUMMIT WING BEIJING H WALDORF ASTORIA BEIJING H PAN PACIFIC BEIJING H INTERCONTINENTAL SANLITUN BEIJING H ZHAOLIN GRAND BEIJING&#8230;<\/p>\n","protected":false},"author":1,"featured_media":0,"parent":0,"menu_order":0,"comment_status":"closed","ping_status":"closed","template":"","meta":[],"yoast_head":"<!-- This site is optimized with the Yoast SEO plugin v17.0 - https:\/\/yoast.com\/wordpress\/plugins\/seo\/ -->\n<title>\u010c\u00edna - Premium Travel&amp;Dine Info<\/title>\n<meta name=\"robots\" content=\"index, follow, max-snippet:-1, max-image-preview:large, max-video-preview:-1\" \/>\n<link rel=\"canonical\" href=\"https:\/\/www.travelanddine.info\/index.php\/cina\/\" \/>\n<meta property=\"og:locale\" content=\"cs_CZ\" \/>\n<meta property=\"og:type\" content=\"article\" \/>\n<meta property=\"og:title\" content=\"\u010c\u00edna - Premium Travel&amp;Dine Info\" \/>\n<meta property=\"og:description\" content=\"H FOUR SEASONS BEIJING H THE PENINSULA BEIJING H ROSEWOOD BEIJING H BULGARI BEIJING H PARK HYATT BEIJING H SHANGRI-LA WORLD SUMMIT WING BEIJING H WALDORF ASTORIA BEIJING H PAN PACIFIC BEIJING H INTERCONTINENTAL SANLITUN BEIJING H ZHAOLIN GRAND BEIJING...\" \/>\n<meta property=\"og:url\" content=\"https:\/\/www.travelanddine.info\/index.php\/cina\/\" \/>\n<meta property=\"og:site_name\" content=\"Premium Travel&amp;Dine Info\" \/>\n<meta property=\"article:publisher\" content=\"http:\/\/www.facebook.com\/PremiumTravelAndDineInfo\" \/>\n<meta property=\"article:modified_time\" content=\"2021-05-18T13:45:29+00:00\" \/>\n<meta property=\"og:image\" content=\"http:\/\/www.travelanddine.info\/wp-content\/uploads\/2019\/07\/china-1024x538.jpg\" \/>\n<meta name=\"twitter:card\" content=\"summary_large_image\" \/>\n<meta name=\"twitter:label1\" content=\"Odhadovan\u00e1 doba \u010dten\u00ed\" \/>\n\t<meta name=\"twitter:data1\" content=\"2 minuty\" \/>\n<script type=\"application\/ld+json\" class=\"yoast-schema-graph\">{\"@context\":\"https:\/\/schema.org\",\"@graph\":[{\"@type\":\"Organization\",\"@id\":\"https:\/\/www.travelanddine.info\/#organization\",\"name\":\"Premium Travel & Dine Info\",\"url\":\"https:\/\/www.travelanddine.info\/\",\"sameAs\":[\"http:\/\/www.facebook.com\/PremiumTravelAndDineInfo\",\"https:\/\/www.instagram.com\/premium_travel_and_dine_info\/\",\"https:\/\/www.youtube.com\/channel\/UCq4d7zmKK3AOuzDrR1p_2Qw\/featured?disable_polymer=1\"],\"logo\":{\"@type\":\"ImageObject\",\"@id\":\"https:\/\/www.travelanddine.info\/#logo\",\"inLanguage\":\"cs\",\"url\":\"https:\/\/www.travelanddine.info\/wp-content\/uploads\/2019\/01\/logo-premium-e1547240252292.jpg\",\"contentUrl\":\"https:\/\/www.travelanddine.info\/wp-content\/uploads\/2019\/01\/logo-premium-e1547240252292.jpg\",\"width\":1000,\"height\":406,\"caption\":\"Premium Travel & Dine Info\"},\"image\":{\"@id\":\"https:\/\/www.travelanddine.info\/#logo\"}},{\"@type\":\"WebSite\",\"@id\":\"https:\/\/www.travelanddine.info\/#website\",\"url\":\"https:\/\/www.travelanddine.info\/\",\"name\":\"Premium Travel&amp;Dine Info\",\"description\":\"tipy, doporu\\u010den\\u00ed, informace.. pro ty, kte\\u0159\\u00ed maj\\u00ed r\\u00e1di cestov\\u00e1n\\u00ed na vysok\\u00e9 \\u00farovni a skv\\u011bl\\u00e9 j\\u00eddlo\",\"publisher\":{\"@id\":\"https:\/\/www.travelanddine.info\/#organization\"},\"potentialAction\":[{\"@type\":\"SearchAction\",\"target\":{\"@type\":\"EntryPoint\",\"urlTemplate\":\"https:\/\/www.travelanddine.info\/?s={search_term_string}\"},\"query-input\":\"required name=search_term_string\"}],\"inLanguage\":\"cs\"},{\"@type\":\"ImageObject\",\"@id\":\"https:\/\/www.travelanddine.info\/index.php\/cina\/#primaryimage\",\"inLanguage\":\"cs\",\"url\":\"http:\/\/www.travelanddine.info\/wp-content\/uploads\/2019\/07\/china-1024x538.jpg\",\"contentUrl\":\"http:\/\/www.travelanddine.info\/wp-content\/uploads\/2019\/07\/china-1024x538.jpg\"},{\"@type\":\"WebPage\",\"@id\":\"https:\/\/www.travelanddine.info\/index.php\/cina\/#webpage\",\"url\":\"https:\/\/www.travelanddine.info\/index.php\/cina\/\",\"name\":\"\\u010c\\u00edna - Premium Travel&amp;Dine Info\",\"isPartOf\":{\"@id\":\"https:\/\/www.travelanddine.info\/#website\"},\"primaryImageOfPage\":{\"@id\":\"https:\/\/www.travelanddine.info\/index.php\/cina\/#primaryimage\"},\"datePublished\":\"2019-07-08T19:32:42+00:00\",\"dateModified\":\"2021-05-18T13:45:29+00:00\",\"breadcrumb\":{\"@id\":\"https:\/\/www.travelanddine.info\/index.php\/cina\/#breadcrumb\"},\"inLanguage\":\"cs\",\"potentialAction\":[{\"@type\":\"ReadAction\",\"target\":[\"https:\/\/www.travelanddine.info\/index.php\/cina\/\"]}]},{\"@type\":\"BreadcrumbList\",\"@id\":\"https:\/\/www.travelanddine.info\/index.php\/cina\/#breadcrumb\",\"itemListElement\":[{\"@type\":\"ListItem\",\"position\":1,\"name\":\"Dom\\u016f\",\"item\":\"https:\/\/www.travelanddine.info\/index.php\/en\/home\/\"},{\"@type\":\"ListItem\",\"position\":2,\"name\":\"\\u010c\\u00edna\"}]}]}<\/script>\n<!-- \/ Yoast SEO plugin. -->","yoast_head_json":{"title":"\u010c\u00edna - Premium Travel&amp;Dine Info","robots":{"index":"index","follow":"follow","max-snippet":"max-snippet:-1","max-image-preview":"max-image-preview:large","max-video-preview":"max-video-preview:-1"},"canonical":"https:\/\/www.travelanddine.info\/index.php\/cina\/","og_locale":"cs_CZ","og_type":"article","og_title":"\u010c\u00edna - Premium Travel&amp;Dine Info","og_description":"H FOUR SEASONS BEIJING H THE PENINSULA BEIJING H ROSEWOOD BEIJING H BULGARI BEIJING H PARK HYATT BEIJING H SHANGRI-LA WORLD SUMMIT WING BEIJING H WALDORF ASTORIA BEIJING H PAN PACIFIC BEIJING H INTERCONTINENTAL SANLITUN BEIJING H ZHAOLIN GRAND BEIJING...","og_url":"https:\/\/www.travelanddine.info\/index.php\/cina\/","og_site_name":"Premium Travel&amp;Dine Info","article_publisher":"http:\/\/www.facebook.com\/PremiumTravelAndDineInfo","article_modified_time":"2021-05-18T13:45:29+00:00","og_image":[{"url":"http:\/\/www.travelanddine.info\/wp-content\/uploads\/2019\/07\/china-1024x538.jpg"}],"twitter_card":"summary_large_image","twitter_misc":{"Odhadovan\u00e1 doba \u010dten\u00ed":"2 minuty"},"schema":{"@context":"https:\/\/schema.org","@graph":[{"@type":"Organization","@id":"https:\/\/www.travelanddine.info\/#organization","name":"Premium Travel & Dine Info","url":"https:\/\/www.travelanddine.info\/","sameAs":["http:\/\/www.facebook.com\/PremiumTravelAndDineInfo","https:\/\/www.instagram.com\/premium_travel_and_dine_info\/","https:\/\/www.youtube.com\/channel\/UCq4d7zmKK3AOuzDrR1p_2Qw\/featured?disable_polymer=1"],"logo":{"@type":"ImageObject","@id":"https:\/\/www.travelanddine.info\/#logo","inLanguage":"cs","url":"https:\/\/www.travelanddine.info\/wp-content\/uploads\/2019\/01\/logo-premium-e1547240252292.jpg","contentUrl":"https:\/\/www.travelanddine.info\/wp-content\/uploads\/2019\/01\/logo-premium-e1547240252292.jpg","width":1000,"height":406,"caption":"Premium Travel & Dine Info"},"image":{"@id":"https:\/\/www.travelanddine.info\/#logo"}},{"@type":"WebSite","@id":"https:\/\/www.travelanddine.info\/#website","url":"https:\/\/www.travelanddine.info\/","name":"Premium Travel&amp;Dine Info","description":"tipy, doporu\u010den\u00ed, informace.. pro ty, kte\u0159\u00ed maj\u00ed r\u00e1di cestov\u00e1n\u00ed na vysok\u00e9 \u00farovni a skv\u011bl\u00e9 j\u00eddlo","publisher":{"@id":"https:\/\/www.travelanddine.info\/#organization"},"potentialAction":[{"@type":"SearchAction","target":{"@type":"EntryPoint","urlTemplate":"https:\/\/www.travelanddine.info\/?s={search_term_string}"},"query-input":"required name=search_term_string"}],"inLanguage":"cs"},{"@type":"ImageObject","@id":"https:\/\/www.travelanddine.info\/index.php\/cina\/#primaryimage","inLanguage":"cs","url":"http:\/\/www.travelanddine.info\/wp-content\/uploads\/2019\/07\/china-1024x538.jpg","contentUrl":"http:\/\/www.travelanddine.info\/wp-content\/uploads\/2019\/07\/china-1024x538.jpg"},{"@type":"WebPage","@id":"https:\/\/www.travelanddine.info\/index.php\/cina\/#webpage","url":"https:\/\/www.travelanddine.info\/index.php\/cina\/","name":"\u010c\u00edna - Premium Travel&amp;Dine Info","isPartOf":{"@id":"https:\/\/www.travelanddine.info\/#website"},"primaryImageOfPage":{"@id":"https:\/\/www.travelanddine.info\/index.php\/cina\/#primaryimage"},"datePublished":"2019-07-08T19:32:42+00:00","dateModified":"2021-05-18T13:45:29+00:00","breadcrumb":{"@id":"https:\/\/www.travelanddine.info\/index.php\/cina\/#breadcrumb"},"inLanguage":"cs","potentialAction":[{"@type":"ReadAction","target":["https:\/\/www.travelanddine.info\/index.php\/cina\/"]}]},{"@type":"BreadcrumbList","@id":"https:\/\/www.travelanddine.info\/index.php\/cina\/#breadcrumb","itemListElement":[{"@type":"ListItem","position":1,"name":"Dom\u016f","item":"https:\/\/www.travelanddine.info\/index.php\/en\/home\/"},{"@type":"ListItem","position":2,"name":"\u010c\u00edna"}]}]}},"_links":{"self":[{"href":"https:\/\/www.travelanddine.info\/index.php\/wp-json\/wp\/v2\/pages\/2445"}],"collection":[{"href":"https:\/\/www.travelanddine.info\/index.php\/wp-json\/wp\/v2\/pages"}],"about":[{"href":"https:\/\/www.travelanddine.info\/index.php\/wp-json\/wp\/v2\/types\/page"}],"author":[{"embeddable":true,"href":"https:\/\/www.travelanddine.info\/index.php\/wp-json\/wp\/v2\/users\/1"}],"replies":[{"embeddable":true,"href":"https:\/\/www.travelanddine.info\/index.php\/wp-json\/wp\/v2\/comments?post=2445"}],"version-history":[{"count":4,"href":"https:\/\/www.travelanddine.info\/index.php\/wp-json\/wp\/v2\/pages\/2445\/revisions"}],"predecessor-version":[{"id":4213,"href":"https:\/\/www.travelanddine.info\/index.php\/wp-json\/wp\/v2\/pages\/2445\/revisions\/4213"}],"wp:attachment":[{"href":"https:\/\/www.travelanddine.info\/index.php\/wp-json\/wp\/v2\/media?parent=2445"}],"curies":[{"name":"wp","href":"https:\/\/api.w.org\/{rel}","templated":true}]}}