{"id":2588,"date":"2019-07-08T21:13:00","date_gmt":"2019-07-08T21:13:00","guid":{"rendered":"http:\/\/www.travelanddine.info\/?page_id=2588"},"modified":"2021-06-11T11:54:04","modified_gmt":"2021-06-11T11:54:04","slug":"italie","status":"publish","type":"page","link":"https:\/\/www.travelanddine.info\/index.php\/italie\/","title":{"rendered":"It\u00e1lie"},"content":{"rendered":"\n<figure class=\"wp-block-image\"><img loading=\"lazy\" width=\"1024\" height=\"693\" src=\"https:\/\/www.travelanddine.info\/wp-content\/uploads\/2019\/07\/italy-1024x693.jpg\" alt=\"\" class=\"wp-image-2916\" srcset=\"https:\/\/www.travelanddine.info\/wp-content\/uploads\/2019\/07\/italy-1024x693.jpg 1024w, https:\/\/www.travelanddine.info\/wp-content\/uploads\/2019\/07\/italy-300x203.jpg 300w, https:\/\/www.travelanddine.info\/wp-content\/uploads\/2019\/07\/italy-768x520.jpg 768w, https:\/\/www.travelanddine.info\/wp-content\/uploads\/2019\/07\/italy-414x279.jpg 414w, https:\/\/www.travelanddine.info\/wp-content\/uploads\/2019\/07\/italy.jpg 1920w\" sizes=\"(max-width: 1024px) 100vw, 1024px\" \/><\/figure>\n\n\n\n<figure class=\"wp-block-image size-large\"><img loading=\"lazy\" width=\"1024\" height=\"39\" src=\"https:\/\/www.travelanddine.info\/wp-content\/uploads\/2021\/06\/PREMIOVE-HOTELY-CZE-1-1024x39.png\" alt=\"\" class=\"wp-image-4586\" srcset=\"https:\/\/www.travelanddine.info\/wp-content\/uploads\/2021\/06\/PREMIOVE-HOTELY-CZE-1-1024x39.png 1024w, https:\/\/www.travelanddine.info\/wp-content\/uploads\/2021\/06\/PREMIOVE-HOTELY-CZE-1-300x12.png 300w, https:\/\/www.travelanddine.info\/wp-content\/uploads\/2021\/06\/PREMIOVE-HOTELY-CZE-1-768x29.png 768w, https:\/\/www.travelanddine.info\/wp-content\/uploads\/2021\/06\/PREMIOVE-HOTELY-CZE-1.png 1250w\" sizes=\"(max-width: 1024px) 100vw, 1024px\" \/><\/figure>\n\n\n\n<figure class=\"wp-block-table\"><table><tbody><tr><td>H<\/td><td>J.K. PLACE<\/td><td>ROME<\/td><\/tr><tr><td>H<\/td><td>THE ST.REGIS<\/td><td>ROME<\/td><\/tr><tr><td>H<\/td><td>EDEN &#8211; DORCHESTER COLLECTION<\/td><td>ROME<\/td><\/tr><tr><td>H<\/td><td>THE PANTHEON ICONIC ROME&nbsp;<\/td><td>ROME<\/td><\/tr><tr><td>H<\/td><td>ROME CAVALIERI, A WALDORF ASTORIA RESORT<\/td><td>ROME<\/td><\/tr><tr><td>H<\/td><td>ALEPH ROME, CURIO COLLECTION BY HILTON<\/td><td>ROME<\/td><\/tr><tr><td>H<\/td><td>THE WESTIN EXCELSIOR<\/td><td>ROME<\/td><\/tr><tr><td>H<\/td><td>GRAND HOTEL VIA VENETO<\/td><td>ROME<\/td><\/tr><tr><td>H<\/td><td>INDIGO ROME &#8211; ST. GEORGE<\/td><td>ROME<\/td><\/tr><tr><td>H<\/td><td>SOFITEL VILLA BORGHESE<\/td><td>ROME<\/td><\/tr><tr><td>H<\/td><td>FENDI PRIVATE SUITES<\/td><td>ROME<\/td><\/tr><tr><td>H<\/td><td>NH COLLECTION PALAZZO CINQUECENTO<\/td><td>ROME<\/td><\/tr><tr><td>H<\/td><td>FOUR SEASONS<\/td><td>FLORENCE<\/td><\/tr><tr><td>H<\/td><td>THE ST.REGIS<\/td><td>FLORENCE<\/td><\/tr><tr><td>H<\/td><td>THE WESTIN EXCELSIOR<\/td><td>FLORENCE<\/td><\/tr><tr><td>H<\/td><td>GOLDEN TOWER HOTEL &amp; SPA<\/td><td>FLORENCE<\/td><\/tr><tr><td>H<\/td><td>VILLA CORA&nbsp;<\/td><td>FLORENCE<\/td><\/tr><tr><td>H<\/td><td>MANDARIN ORIENTAL<\/td><td>MILANO<\/td><\/tr><tr><td>H<\/td><td>BULGARI HOTEL<\/td><td>MILANO<\/td><\/tr><tr><td>H<\/td><td>ARMANI HOTEL<\/td><td>MILANO<\/td><\/tr><tr><td>H<\/td><td>PRINCIPE DI SAVOIA<\/td><td>MILANO<\/td><\/tr><tr><td>H<\/td><td>PARK HYATT<\/td><td>MILANO<\/td><\/tr><tr><td>H<\/td><td>BAGLIONI CARLTON<\/td><td>MILANO<\/td><\/tr><tr><td>H<\/td><td>THE WESTIN PALACE<\/td><td>MILANO<\/td><\/tr><tr><td>H<\/td><td>MELIA<\/td><td>MILANO<\/td><\/tr><tr><td>H<\/td><td>PALAZZO PARIGI &amp; GRAND SPA LHW<\/td><td>MILANO<\/td><\/tr><tr><td>H<\/td><td>FOUR SEASONS<\/td><td>MILANO<\/td><\/tr><tr><td>H<\/td><td>THE GRITTI PALACE, A LUXURY COLLECTION<\/td><td>VENICE<\/td><\/tr><tr><td>H<\/td><td>PALAZZO VENART<\/td><td>VENICE<\/td><\/tr><tr><td>H<\/td><td>SAN CLEMENTE PALACE KEMPINSKI<\/td><td>VENICE<\/td><\/tr><tr><td>H<\/td><td>JW MARRIOTT VENICE RESORT &amp; SPA<\/td><td>VENICE<\/td><\/tr><tr><td>H<\/td><td>METROPOLE<\/td><td>VENICE<\/td><\/tr><tr><td>H<\/td><td>GRAND HOTEL VESUVIO<\/td><td>NAPOLI<\/td><\/tr><tr><td>H<\/td><td>ROMEO<\/td><td>NAPOLI<\/td><\/tr><\/tbody><\/table><\/figure>\n","protected":false},"excerpt":{"rendered":"<p>H J.K. PLACE ROME H THE ST.REGIS ROME H EDEN &#8211; DORCHESTER COLLECTION ROME H THE PANTHEON ICONIC ROME&nbsp; ROME H ROME CAVALIERI, A WALDORF ASTORIA RESORT ROME H ALEPH ROME, CURIO COLLECTION BY HILTON ROME H THE WESTIN EXCELSIOR&#8230;<\/p>\n","protected":false},"author":1,"featured_media":0,"parent":0,"menu_order":0,"comment_status":"closed","ping_status":"closed","template":"","meta":[],"yoast_head":"<!-- This site is optimized with the Yoast SEO plugin v17.0 - https:\/\/yoast.com\/wordpress\/plugins\/seo\/ -->\n<title>It\u00e1lie - Premium Travel&amp;Dine Info<\/title>\n<meta name=\"robots\" content=\"index, follow, max-snippet:-1, max-image-preview:large, max-video-preview:-1\" \/>\n<link rel=\"canonical\" href=\"https:\/\/www.travelanddine.info\/index.php\/italie\/\" \/>\n<meta property=\"og:locale\" content=\"cs_CZ\" \/>\n<meta property=\"og:type\" content=\"article\" \/>\n<meta property=\"og:title\" content=\"It\u00e1lie - Premium Travel&amp;Dine Info\" \/>\n<meta property=\"og:description\" content=\"H J.K. PLACE ROME H THE ST.REGIS ROME H EDEN &#8211; DORCHESTER COLLECTION ROME H THE PANTHEON ICONIC ROME&nbsp; ROME H ROME CAVALIERI, A WALDORF ASTORIA RESORT ROME H ALEPH ROME, CURIO COLLECTION BY HILTON ROME H THE WESTIN EXCELSIOR...\" \/>\n<meta property=\"og:url\" content=\"https:\/\/www.travelanddine.info\/index.php\/italie\/\" \/>\n<meta property=\"og:site_name\" content=\"Premium Travel&amp;Dine Info\" \/>\n<meta property=\"article:publisher\" content=\"http:\/\/www.facebook.com\/PremiumTravelAndDineInfo\" \/>\n<meta property=\"article:modified_time\" content=\"2021-06-11T11:54:04+00:00\" \/>\n<meta property=\"og:image\" content=\"http:\/\/www.travelanddine.info\/wp-content\/uploads\/2019\/07\/italy-1024x693.jpg\" \/>\n<meta name=\"twitter:card\" content=\"summary_large_image\" \/>\n<meta name=\"twitter:label1\" content=\"Odhadovan\u00e1 doba \u010dten\u00ed\" \/>\n\t<meta name=\"twitter:data1\" content=\"2 minuty\" \/>\n<script type=\"application\/ld+json\" class=\"yoast-schema-graph\">{\"@context\":\"https:\/\/schema.org\",\"@graph\":[{\"@type\":\"Organization\",\"@id\":\"https:\/\/www.travelanddine.info\/#organization\",\"name\":\"Premium Travel & Dine Info\",\"url\":\"https:\/\/www.travelanddine.info\/\",\"sameAs\":[\"http:\/\/www.facebook.com\/PremiumTravelAndDineInfo\",\"https:\/\/www.instagram.com\/premium_travel_and_dine_info\/\",\"https:\/\/www.youtube.com\/channel\/UCq4d7zmKK3AOuzDrR1p_2Qw\/featured?disable_polymer=1\"],\"logo\":{\"@type\":\"ImageObject\",\"@id\":\"https:\/\/www.travelanddine.info\/#logo\",\"inLanguage\":\"cs\",\"url\":\"https:\/\/www.travelanddine.info\/wp-content\/uploads\/2019\/01\/logo-premium-e1547240252292.jpg\",\"contentUrl\":\"https:\/\/www.travelanddine.info\/wp-content\/uploads\/2019\/01\/logo-premium-e1547240252292.jpg\",\"width\":1000,\"height\":406,\"caption\":\"Premium Travel & Dine Info\"},\"image\":{\"@id\":\"https:\/\/www.travelanddine.info\/#logo\"}},{\"@type\":\"WebSite\",\"@id\":\"https:\/\/www.travelanddine.info\/#website\",\"url\":\"https:\/\/www.travelanddine.info\/\",\"name\":\"Premium Travel&amp;Dine Info\",\"description\":\"tipy, doporu\\u010den\\u00ed, informace.. pro ty, kte\\u0159\\u00ed maj\\u00ed r\\u00e1di cestov\\u00e1n\\u00ed na vysok\\u00e9 \\u00farovni a skv\\u011bl\\u00e9 j\\u00eddlo\",\"publisher\":{\"@id\":\"https:\/\/www.travelanddine.info\/#organization\"},\"potentialAction\":[{\"@type\":\"SearchAction\",\"target\":{\"@type\":\"EntryPoint\",\"urlTemplate\":\"https:\/\/www.travelanddine.info\/?s={search_term_string}\"},\"query-input\":\"required name=search_term_string\"}],\"inLanguage\":\"cs\"},{\"@type\":\"ImageObject\",\"@id\":\"https:\/\/www.travelanddine.info\/index.php\/italie\/#primaryimage\",\"inLanguage\":\"cs\",\"url\":\"http:\/\/www.travelanddine.info\/wp-content\/uploads\/2019\/07\/italy-1024x693.jpg\",\"contentUrl\":\"http:\/\/www.travelanddine.info\/wp-content\/uploads\/2019\/07\/italy-1024x693.jpg\"},{\"@type\":\"WebPage\",\"@id\":\"https:\/\/www.travelanddine.info\/index.php\/italie\/#webpage\",\"url\":\"https:\/\/www.travelanddine.info\/index.php\/italie\/\",\"name\":\"It\\u00e1lie - Premium Travel&amp;Dine Info\",\"isPartOf\":{\"@id\":\"https:\/\/www.travelanddine.info\/#website\"},\"primaryImageOfPage\":{\"@id\":\"https:\/\/www.travelanddine.info\/index.php\/italie\/#primaryimage\"},\"datePublished\":\"2019-07-08T21:13:00+00:00\",\"dateModified\":\"2021-06-11T11:54:04+00:00\",\"breadcrumb\":{\"@id\":\"https:\/\/www.travelanddine.info\/index.php\/italie\/#breadcrumb\"},\"inLanguage\":\"cs\",\"potentialAction\":[{\"@type\":\"ReadAction\",\"target\":[\"https:\/\/www.travelanddine.info\/index.php\/italie\/\"]}]},{\"@type\":\"BreadcrumbList\",\"@id\":\"https:\/\/www.travelanddine.info\/index.php\/italie\/#breadcrumb\",\"itemListElement\":[{\"@type\":\"ListItem\",\"position\":1,\"name\":\"Dom\\u016f\",\"item\":\"https:\/\/www.travelanddine.info\/index.php\/en\/home\/\"},{\"@type\":\"ListItem\",\"position\":2,\"name\":\"It\\u00e1lie\"}]}]}<\/script>\n<!-- \/ Yoast SEO plugin. -->","yoast_head_json":{"title":"It\u00e1lie - Premium Travel&amp;Dine Info","robots":{"index":"index","follow":"follow","max-snippet":"max-snippet:-1","max-image-preview":"max-image-preview:large","max-video-preview":"max-video-preview:-1"},"canonical":"https:\/\/www.travelanddine.info\/index.php\/italie\/","og_locale":"cs_CZ","og_type":"article","og_title":"It\u00e1lie - Premium Travel&amp;Dine Info","og_description":"H J.K. PLACE ROME H THE ST.REGIS ROME H EDEN &#8211; DORCHESTER COLLECTION ROME H THE PANTHEON ICONIC ROME&nbsp; ROME H ROME CAVALIERI, A WALDORF ASTORIA RESORT ROME H ALEPH ROME, CURIO COLLECTION BY HILTON ROME H THE WESTIN EXCELSIOR...","og_url":"https:\/\/www.travelanddine.info\/index.php\/italie\/","og_site_name":"Premium Travel&amp;Dine Info","article_publisher":"http:\/\/www.facebook.com\/PremiumTravelAndDineInfo","article_modified_time":"2021-06-11T11:54:04+00:00","og_image":[{"url":"http:\/\/www.travelanddine.info\/wp-content\/uploads\/2019\/07\/italy-1024x693.jpg"}],"twitter_card":"summary_large_image","twitter_misc":{"Odhadovan\u00e1 doba \u010dten\u00ed":"2 minuty"},"schema":{"@context":"https:\/\/schema.org","@graph":[{"@type":"Organization","@id":"https:\/\/www.travelanddine.info\/#organization","name":"Premium Travel & Dine Info","url":"https:\/\/www.travelanddine.info\/","sameAs":["http:\/\/www.facebook.com\/PremiumTravelAndDineInfo","https:\/\/www.instagram.com\/premium_travel_and_dine_info\/","https:\/\/www.youtube.com\/channel\/UCq4d7zmKK3AOuzDrR1p_2Qw\/featured?disable_polymer=1"],"logo":{"@type":"ImageObject","@id":"https:\/\/www.travelanddine.info\/#logo","inLanguage":"cs","url":"https:\/\/www.travelanddine.info\/wp-content\/uploads\/2019\/01\/logo-premium-e1547240252292.jpg","contentUrl":"https:\/\/www.travelanddine.info\/wp-content\/uploads\/2019\/01\/logo-premium-e1547240252292.jpg","width":1000,"height":406,"caption":"Premium Travel & Dine Info"},"image":{"@id":"https:\/\/www.travelanddine.info\/#logo"}},{"@type":"WebSite","@id":"https:\/\/www.travelanddine.info\/#website","url":"https:\/\/www.travelanddine.info\/","name":"Premium Travel&amp;Dine Info","description":"tipy, doporu\u010den\u00ed, informace.. pro ty, kte\u0159\u00ed maj\u00ed r\u00e1di cestov\u00e1n\u00ed na vysok\u00e9 \u00farovni a skv\u011bl\u00e9 j\u00eddlo","publisher":{"@id":"https:\/\/www.travelanddine.info\/#organization"},"potentialAction":[{"@type":"SearchAction","target":{"@type":"EntryPoint","urlTemplate":"https:\/\/www.travelanddine.info\/?s={search_term_string}"},"query-input":"required name=search_term_string"}],"inLanguage":"cs"},{"@type":"ImageObject","@id":"https:\/\/www.travelanddine.info\/index.php\/italie\/#primaryimage","inLanguage":"cs","url":"http:\/\/www.travelanddine.info\/wp-content\/uploads\/2019\/07\/italy-1024x693.jpg","contentUrl":"http:\/\/www.travelanddine.info\/wp-content\/uploads\/2019\/07\/italy-1024x693.jpg"},{"@type":"WebPage","@id":"https:\/\/www.travelanddine.info\/index.php\/italie\/#webpage","url":"https:\/\/www.travelanddine.info\/index.php\/italie\/","name":"It\u00e1lie - Premium Travel&amp;Dine Info","isPartOf":{"@id":"https:\/\/www.travelanddine.info\/#website"},"primaryImageOfPage":{"@id":"https:\/\/www.travelanddine.info\/index.php\/italie\/#primaryimage"},"datePublished":"2019-07-08T21:13:00+00:00","dateModified":"2021-06-11T11:54:04+00:00","breadcrumb":{"@id":"https:\/\/www.travelanddine.info\/index.php\/italie\/#breadcrumb"},"inLanguage":"cs","potentialAction":[{"@type":"ReadAction","target":["https:\/\/www.travelanddine.info\/index.php\/italie\/"]}]},{"@type":"BreadcrumbList","@id":"https:\/\/www.travelanddine.info\/index.php\/italie\/#breadcrumb","itemListElement":[{"@type":"ListItem","position":1,"name":"Dom\u016f","item":"https:\/\/www.travelanddine.info\/index.php\/en\/home\/"},{"@type":"ListItem","position":2,"name":"It\u00e1lie"}]}]}},"_links":{"self":[{"href":"https:\/\/www.travelanddine.info\/index.php\/wp-json\/wp\/v2\/pages\/2588"}],"collection":[{"href":"https:\/\/www.travelanddine.info\/index.php\/wp-json\/wp\/v2\/pages"}],"about":[{"href":"https:\/\/www.travelanddine.info\/index.php\/wp-json\/wp\/v2\/types\/page"}],"author":[{"embeddable":true,"href":"https:\/\/www.travelanddine.info\/index.php\/wp-json\/wp\/v2\/users\/1"}],"replies":[{"embeddable":true,"href":"https:\/\/www.travelanddine.info\/index.php\/wp-json\/wp\/v2\/comments?post=2588"}],"version-history":[{"count":4,"href":"https:\/\/www.travelanddine.info\/index.php\/wp-json\/wp\/v2\/pages\/2588\/revisions"}],"predecessor-version":[{"id":4587,"href":"https:\/\/www.travelanddine.info\/index.php\/wp-json\/wp\/v2\/pages\/2588\/revisions\/4587"}],"wp:attachment":[{"href":"https:\/\/www.travelanddine.info\/index.php\/wp-json\/wp\/v2\/media?parent=2588"}],"curies":[{"name":"wp","href":"https:\/\/api.w.org\/{rel}","templated":true}]}}