{"id":2612,"date":"2019-07-08T21:18:33","date_gmt":"2019-07-08T21:18:33","guid":{"rendered":"http:\/\/www.travelanddine.info\/?page_id=2612"},"modified":"2021-06-11T12:05:54","modified_gmt":"2021-06-11T12:05:54","slug":"usa","status":"publish","type":"page","link":"https:\/\/www.travelanddine.info\/index.php\/usa\/","title":{"rendered":"USA"},"content":{"rendered":"\n<figure class=\"wp-block-image\"><img loading=\"lazy\" width=\"1024\" height=\"530\" src=\"https:\/\/www.travelanddine.info\/wp-content\/uploads\/2019\/07\/usa-1024x530.jpg\" alt=\"\" class=\"wp-image-2963\" srcset=\"https:\/\/www.travelanddine.info\/wp-content\/uploads\/2019\/07\/usa-1024x530.jpg 1024w, https:\/\/www.travelanddine.info\/wp-content\/uploads\/2019\/07\/usa-300x155.jpg 300w, https:\/\/www.travelanddine.info\/wp-content\/uploads\/2019\/07\/usa-768x397.jpg 768w, https:\/\/www.travelanddine.info\/wp-content\/uploads\/2019\/07\/usa.jpg 1920w\" sizes=\"(max-width: 1024px) 100vw, 1024px\" \/><\/figure>\n\n\n\n<figure class=\"wp-block-image size-large\"><img loading=\"lazy\" width=\"1024\" height=\"39\" src=\"https:\/\/www.travelanddine.info\/wp-content\/uploads\/2021\/06\/PREMIOVE-HOTELY-CZE-6-1024x39.png\" alt=\"\" class=\"wp-image-4607\" srcset=\"https:\/\/www.travelanddine.info\/wp-content\/uploads\/2021\/06\/PREMIOVE-HOTELY-CZE-6-1024x39.png 1024w, https:\/\/www.travelanddine.info\/wp-content\/uploads\/2021\/06\/PREMIOVE-HOTELY-CZE-6-300x12.png 300w, https:\/\/www.travelanddine.info\/wp-content\/uploads\/2021\/06\/PREMIOVE-HOTELY-CZE-6-768x29.png 768w, https:\/\/www.travelanddine.info\/wp-content\/uploads\/2021\/06\/PREMIOVE-HOTELY-CZE-6.png 1250w\" sizes=\"(max-width: 1024px) 100vw, 1024px\" \/><\/figure>\n\n\n\n<figure class=\"wp-block-table\"><table><tbody><tr><td>H<\/td><td>FOUR SEASONS NEW YORK DOWNTOWN<\/td><td>NEW YORK CITY<\/td><td><\/td><\/tr><tr><td>H<\/td><td>MANDARIN ORIENTAL<\/td><td>NEW YORK CITY<\/td><td><\/td><\/tr><tr><td>H<\/td><td>THE PLAZA<\/td><td>NEW YORK CITY<\/td><td><\/td><\/tr><tr><td>H<\/td><td>SOFITEL<\/td><td>NEW YORK CITY<\/td><td><\/td><\/tr><tr><td>H<\/td><td>THE SURREY<\/td><td>NEW YORK CITY<\/td><td><\/td><\/tr><tr><td>H<\/td><td>THE MARK<\/td><td>NEW YORK CITY<\/td><td><\/td><\/tr><tr><td>H<\/td><td>THE LANGHAM FIFTH AVENUE<\/td><td>NEW YORK CITY<\/td><td><\/td><\/tr><tr><td>H<\/td><td>HOTEL PLAZA ATHENEE<\/td><td>NEW YORK CITY<\/td><td><\/td><\/tr><tr><td>H<\/td><td>CONRAD<\/td><td>NEW YORK CITY<\/td><td><\/td><\/tr><tr><td>H<\/td><td>LOTTE PALACE<\/td><td>NEW YORK CITY<\/td><td><\/td><\/tr><tr><td>H<\/td><td>ANDAZ WALL STREET<\/td><td>NEW YORK CITY<\/td><td><\/td><\/tr><tr><td>H<\/td><td>W NEW YORK TIMES SQUARE<\/td><td>NEW YORK CITY<\/td><td><\/td><\/tr><tr><td>H<\/td><td>INTERCONTINENTAL TIMES SQUARE<\/td><td>NEW YORK CITY<\/td><td><\/td><\/tr><tr><td>H<\/td><td>HYATT CENTRIC TIMES SQUARE<\/td><td>NEW YORK CITY<\/td><td><\/td><\/tr><tr><td>H<\/td><td>TRUMP INTERNATIONAL<\/td><td>NEW YORK CITY<\/td><td><\/td><\/tr><tr><td>H<\/td><td>CONRAD<\/td><td>MIAMI<\/td><td>FLORIDA<\/td><\/tr><tr><td>H<\/td><td>MANDARIN ORIENTAL<\/td><td>MIAMI<\/td><td>FLORIDA<\/td><\/tr><tr><td>H<\/td><td>FOUR SEASONS&nbsp;&nbsp;<\/td><td>MIAMI<\/td><td>FLORIDA<\/td><\/tr><tr><td>H<\/td><td>THE RITZ-CARLTON KEY BISCAYNE<\/td><td>MIAMI<\/td><td>FLORIDA<\/td><\/tr><tr><td>H<\/td><td>INTERCONTINENTAL&nbsp;&nbsp;<\/td><td>MIAMI<\/td><td>FLORIDA<\/td><\/tr><tr><td>H<\/td><td>HYATT CENTRIC BRICKELL<\/td><td>MIAMI<\/td><td>FLORIDA<\/td><\/tr><tr><td>H<\/td><td>THE BREAKERS<\/td><td>PALM BEACH<\/td><td>FLORIDA<\/td><\/tr><tr><td>H<\/td><td>BOCA BEACH CLUB, A WALDORF ASTORIA RESORT<\/td><td>PALM BEACH<\/td><td>FLORIDA<\/td><\/tr><tr><td>H<\/td><td>FOUR SEASONS RESORT<\/td><td>PALM BEACH<\/td><td>FLORIDA<\/td><\/tr><tr><td>H<\/td><td>HILTON WEST<\/td><td>PALM BEACH<\/td><td>FLORIDA<\/td><\/tr><tr><td>H<\/td><td>THE RITZ-CARLTON&nbsp;&nbsp;<\/td><td>FORT LAUDERDALE<\/td><td>FLORIDA<\/td><\/tr><tr><td>H<\/td><td>HILTON BEACH RESORT<\/td><td>FORT LAUDERDALE<\/td><td>FLORIDA<\/td><\/tr><tr><td>H<\/td><td>W HOTEL<\/td><td>FORT LAUDERDALE<\/td><td>FLORIDA<\/td><\/tr><tr><td>H<\/td><td>THE PILLARS<\/td><td>FORT LAUDERDALE<\/td><td>FLORIDA<\/td><\/tr><tr><td>H<\/td><td>THE PERRY<\/td><td>KEY WEST<\/td><td>FLORIDA<\/td><\/tr><tr><td>H<\/td><td>THE MARKER WATERFRONT RESORT<\/td><td>KEY WEST<\/td><td>FLORIDA<\/td><\/tr><tr><td>H<\/td><td>THE RITZ-CARLTON GEORGETOWN<\/td><td>WASHINGTON DC<\/td><td><\/td><\/tr><tr><td>H<\/td><td>MANDARIN ORIENTAL<\/td><td>WASHINGTON DC<\/td><td><\/td><\/tr><tr><td>H<\/td><td>TRUMP INTERNATIONAL<\/td><td>WASHINGTON DC<\/td><td><\/td><\/tr><tr><td>H<\/td><td>PARK HYATT<\/td><td>WASHINGTON DC<\/td><td><\/td><\/tr><tr><td>H<\/td><td>SOFITEL LAFAYETTE SQUARE<\/td><td>WASHINGTON DC<\/td><td><\/td><\/tr><tr><td>H<\/td><td>FOUR SEASONS<\/td><td>WASHINGTON DC<\/td><td><\/td><\/tr><tr><td>H<\/td><td>THE JEFFERSON<\/td><td>WASHINGTON DC<\/td><td><\/td><\/tr><tr><td>H<\/td><td>THE FAIRMONT<\/td><td>WASHINGTON DC<\/td><td><\/td><\/tr><tr><td>H<\/td><td>JEROME, AN AUBERGE RESORT<\/td><td>ASPEN<\/td><td>COLARADO<\/td><\/tr><tr><td>H<\/td><td>ST.REGIS RESORT<\/td><td>ASPEN<\/td><td>COLARADO<\/td><\/tr><tr><td>H<\/td><td>THE LITTLE NELL<\/td><td>ASPEN<\/td><td>COLARADO<\/td><\/tr><tr><td>H<\/td><td>FAIRMONT GRAND DEL MAR<\/td><td>SAN DIEGO<\/td><td>CALIFORNIA<\/td><\/tr><tr><td>H<\/td><td>PENDRY<\/td><td>SAN DIEGO<\/td><td>CALIFORNIA<\/td><\/tr><tr><td>H<\/td><td>MANCHESTER GRAND HYATT<\/td><td>SAN DIEGO<\/td><td>CALIFORNIA<\/td><\/tr><tr><td>H<\/td><td>THE US GRANT, A LUXURY COLLECTION<\/td><td>SAN DIEGO<\/td><td>CALIFORNIA<\/td><\/tr><tr><td>H<\/td><td>THE RITZ-CARLTON<\/td><td>SAN FRANCISCO<\/td><td>CALIFORNIA<\/td><\/tr><tr><td>H<\/td><td>ST.REGIS&nbsp;&nbsp;<\/td><td>SAN FRANCISCO<\/td><td>CALIFORNIA<\/td><\/tr><tr><td>H<\/td><td>FOUR SEASONS<\/td><td>SAN FRANCISCO<\/td><td>CALIFORNIA<\/td><\/tr><tr><td>H<\/td><td>TAJ CAMPTON PLACE<\/td><td>SAN FRANCISCO<\/td><td>CALIFORNIA<\/td><\/tr><tr><td>H<\/td><td>JW MARRIOTT UNION SQUARE<\/td><td>SAN FRANCISCO<\/td><td>CALIFORNIA<\/td><\/tr><tr><td>H<\/td><td>FAIRMONT&nbsp;&nbsp;<\/td><td>SAN FRANCISCO<\/td><td>CALIFORNIA<\/td><\/tr><tr><td>H<\/td><td>LE MERIDIEN<\/td><td>SAN FRANCISCO<\/td><td>CALIFORNIA<\/td><\/tr><tr><td>H<\/td><td>INTERCONTINENTAL<\/td><td>SAN FRANCISCO<\/td><td>CALIFORNIA<\/td><\/tr><tr><td>H<\/td><td>WALDORF ASTORIA BEVERLY HILLS<\/td><td>LOS ANGELES<\/td><td>CALIFORNIA<\/td><\/tr><tr><td>H<\/td><td>THE PENINSULA BEVERLY HILLS<\/td><td>LOS ANGELES<\/td><td>CALIFORNIA<\/td><\/tr><tr><td>H<\/td><td>THE BEVERLY HILLS<\/td><td>LOS ANGELES<\/td><td>CALIFORNIA<\/td><\/tr><tr><td>H<\/td><td>THE RITZ-CARLTON MARINA DEL REY<\/td><td>LOS ANGELES<\/td><td>CALIFORNIA<\/td><\/tr><tr><td>H<\/td><td>INTERCONTINENTAL DOWNTOWN<\/td><td>LOS ANGELES<\/td><td>CALIFORNIA<\/td><\/tr><tr><td>H<\/td><td>VICEROY SANTA MONICA<\/td><td>LOS ANGELES<\/td><td>CALIFORNIA<\/td><\/tr><tr><td>H<\/td><td>BEL-AIR<\/td><td>LOS ANGELES<\/td><td>CALIFORNIA<\/td><\/tr><tr><td>H<\/td><td>SUNSET TOWER<\/td><td>LOS ANGELES<\/td><td>CALIFORNIA<\/td><\/tr><tr><td>H<\/td><td>THE GRAND HOTEL AT GRAND CANYON<\/td><td>GRAND CANYON<\/td><td>ARIZONA<\/td><\/tr><tr><td>H<\/td><td>WALDORF ASTORIA&nbsp;&nbsp;<\/td><td>LAS VEGAS<\/td><td>NEVADA<\/td><\/tr><tr><td>H<\/td><td>FOUR SEASONS<\/td><td>LAS VEGAS<\/td><td>NEVADA<\/td><\/tr><tr><td>H<\/td><td>THE PALAZZO AT THE VENETIAN<\/td><td>LAS VEGAS<\/td><td>NEVADA<\/td><\/tr><tr><td>H<\/td><td>WYNN<\/td><td>LAS VEGAS<\/td><td>NEVADA<\/td><\/tr><tr><td>H<\/td><td>BELLAGIO<\/td><td>LAS VEGAS<\/td><td>NEVADA<\/td><\/tr><tr><td>H<\/td><td>THE VENETIAN RESORT &amp; CASINO<\/td><td>LAS VEGAS<\/td><td>NEVADA<\/td><\/tr><tr><td>H<\/td><td>THE RITZ-CARLTON RESIDENCES WAIKIKI BEACH<\/td><td>OAHU<\/td><td>HAWAII<\/td><\/tr><tr><td>H<\/td><td>FOUR SEASONS RESORT OAHU AT KO OLINA<\/td><td>OAHU<\/td><td>HAWAII<\/td><\/tr><tr><td>H<\/td><td>HALEKULANI<\/td><td>OAHU<\/td><td>HAWAII<\/td><\/tr><tr><td>H<\/td><td>TRUMP INTERNATIONAL WAIKIKI<\/td><td>OAHU<\/td><td>HAWAII<\/td><\/tr><tr><td>H<\/td><td>THE ROYAL HAWAIIAN, A LUXURY COLLECTION<\/td><td>OAHU<\/td><td>HAWAII<\/td><\/tr><tr><td>H<\/td><td>PRINCE WAIKIKI<\/td><td>OAHU<\/td><td>HAWAII<\/td><\/tr><tr><td>H<\/td><td>HYATT CENTRIC WAIKIKI BEACH<\/td><td>OAHU<\/td><td>HAWAII<\/td><\/tr><tr><td>H<\/td><td>FOUR SEASONS AT WAILEA<\/td><td>MAUI<\/td><td>HAWAII<\/td><\/tr><tr><td>H<\/td><td>ANDAZ MAUI AT WAILEA RESORT, BY HYATT<\/td><td>MAUI<\/td><td>HAWAII<\/td><\/tr><tr><td>H<\/td><td>THE RITZ-CARLTON KAPALUA<\/td><td>MAUI<\/td><td>HAWAII<\/td><\/tr><tr><td>H<\/td><td>FAIRMONT KEA LANI&nbsp;<\/td><td>MAUI<\/td><td>HAWAII<\/td><\/tr><tr><td>H<\/td><td>THE WESTIN NANEA OCEAN VILLAS<\/td><td>MAUI<\/td><td>HAWAII<\/td><\/tr><tr><td>H<\/td><td>FOUR SEASONS RESORT HUALALAI<\/td><td>BIG ISLAND<\/td><td>HAWAII<\/td><\/tr><tr><td>H<\/td><td>HOLUALOA<\/td><td>BIG ISLAND<\/td><td>HAWAII<\/td><\/tr><tr><td>H<\/td><td>MAUNA KEA BEACH, AUTOGRAPH COLLECTION<\/td><td>BIG ISLAND<\/td><td>HAWAII<\/td><\/tr><tr><td>H<\/td><td>THE FAIRMONT ORCHID<\/td><td>BIG ISLAND<\/td><td>HAWAII<\/td><\/tr><\/tbody><\/table><\/figure>\n","protected":false},"excerpt":{"rendered":"<p>H FOUR SEASONS NEW YORK DOWNTOWN NEW YORK CITY H MANDARIN ORIENTAL NEW YORK CITY H THE PLAZA NEW YORK CITY H SOFITEL NEW YORK CITY H THE SURREY NEW YORK CITY H THE MARK NEW YORK CITY H THE&#8230;<\/p>\n","protected":false},"author":1,"featured_media":0,"parent":0,"menu_order":0,"comment_status":"closed","ping_status":"closed","template":"","meta":[],"yoast_head":"<!-- This site is optimized with the Yoast SEO plugin v17.0 - https:\/\/yoast.com\/wordpress\/plugins\/seo\/ -->\n<title>USA - Premium Travel&amp;Dine Info<\/title>\n<meta name=\"robots\" content=\"index, follow, max-snippet:-1, max-image-preview:large, max-video-preview:-1\" \/>\n<link rel=\"canonical\" href=\"https:\/\/www.travelanddine.info\/index.php\/usa\/\" \/>\n<meta property=\"og:locale\" content=\"cs_CZ\" \/>\n<meta property=\"og:type\" content=\"article\" \/>\n<meta property=\"og:title\" content=\"USA - Premium Travel&amp;Dine Info\" \/>\n<meta property=\"og:description\" content=\"H FOUR SEASONS NEW YORK DOWNTOWN NEW YORK CITY H MANDARIN ORIENTAL NEW YORK CITY H THE PLAZA NEW YORK CITY H SOFITEL NEW YORK CITY H THE SURREY NEW YORK CITY H THE MARK NEW YORK CITY H THE...\" \/>\n<meta property=\"og:url\" content=\"https:\/\/www.travelanddine.info\/index.php\/usa\/\" \/>\n<meta property=\"og:site_name\" content=\"Premium Travel&amp;Dine Info\" \/>\n<meta property=\"article:publisher\" content=\"http:\/\/www.facebook.com\/PremiumTravelAndDineInfo\" \/>\n<meta property=\"article:modified_time\" content=\"2021-06-11T12:05:54+00:00\" \/>\n<meta property=\"og:image\" content=\"http:\/\/www.travelanddine.info\/wp-content\/uploads\/2019\/07\/usa-1024x530.jpg\" \/>\n<meta name=\"twitter:card\" content=\"summary_large_image\" \/>\n<meta name=\"twitter:label1\" content=\"Odhadovan\u00e1 doba \u010dten\u00ed\" \/>\n\t<meta name=\"twitter:data1\" content=\"3 minuty\" \/>\n<script type=\"application\/ld+json\" class=\"yoast-schema-graph\">{\"@context\":\"https:\/\/schema.org\",\"@graph\":[{\"@type\":\"Organization\",\"@id\":\"https:\/\/www.travelanddine.info\/#organization\",\"name\":\"Premium Travel & Dine Info\",\"url\":\"https:\/\/www.travelanddine.info\/\",\"sameAs\":[\"http:\/\/www.facebook.com\/PremiumTravelAndDineInfo\",\"https:\/\/www.instagram.com\/premium_travel_and_dine_info\/\",\"https:\/\/www.youtube.com\/channel\/UCq4d7zmKK3AOuzDrR1p_2Qw\/featured?disable_polymer=1\"],\"logo\":{\"@type\":\"ImageObject\",\"@id\":\"https:\/\/www.travelanddine.info\/#logo\",\"inLanguage\":\"cs\",\"url\":\"https:\/\/www.travelanddine.info\/wp-content\/uploads\/2019\/01\/logo-premium-e1547240252292.jpg\",\"contentUrl\":\"https:\/\/www.travelanddine.info\/wp-content\/uploads\/2019\/01\/logo-premium-e1547240252292.jpg\",\"width\":1000,\"height\":406,\"caption\":\"Premium Travel & Dine Info\"},\"image\":{\"@id\":\"https:\/\/www.travelanddine.info\/#logo\"}},{\"@type\":\"WebSite\",\"@id\":\"https:\/\/www.travelanddine.info\/#website\",\"url\":\"https:\/\/www.travelanddine.info\/\",\"name\":\"Premium Travel&amp;Dine Info\",\"description\":\"tipy, doporu\\u010den\\u00ed, informace.. pro ty, kte\\u0159\\u00ed maj\\u00ed r\\u00e1di cestov\\u00e1n\\u00ed na vysok\\u00e9 \\u00farovni a skv\\u011bl\\u00e9 j\\u00eddlo\",\"publisher\":{\"@id\":\"https:\/\/www.travelanddine.info\/#organization\"},\"potentialAction\":[{\"@type\":\"SearchAction\",\"target\":{\"@type\":\"EntryPoint\",\"urlTemplate\":\"https:\/\/www.travelanddine.info\/?s={search_term_string}\"},\"query-input\":\"required name=search_term_string\"}],\"inLanguage\":\"cs\"},{\"@type\":\"ImageObject\",\"@id\":\"https:\/\/www.travelanddine.info\/index.php\/usa\/#primaryimage\",\"inLanguage\":\"cs\",\"url\":\"http:\/\/www.travelanddine.info\/wp-content\/uploads\/2019\/07\/usa-1024x530.jpg\",\"contentUrl\":\"http:\/\/www.travelanddine.info\/wp-content\/uploads\/2019\/07\/usa-1024x530.jpg\"},{\"@type\":\"WebPage\",\"@id\":\"https:\/\/www.travelanddine.info\/index.php\/usa\/#webpage\",\"url\":\"https:\/\/www.travelanddine.info\/index.php\/usa\/\",\"name\":\"USA - Premium Travel&amp;Dine Info\",\"isPartOf\":{\"@id\":\"https:\/\/www.travelanddine.info\/#website\"},\"primaryImageOfPage\":{\"@id\":\"https:\/\/www.travelanddine.info\/index.php\/usa\/#primaryimage\"},\"datePublished\":\"2019-07-08T21:18:33+00:00\",\"dateModified\":\"2021-06-11T12:05:54+00:00\",\"breadcrumb\":{\"@id\":\"https:\/\/www.travelanddine.info\/index.php\/usa\/#breadcrumb\"},\"inLanguage\":\"cs\",\"potentialAction\":[{\"@type\":\"ReadAction\",\"target\":[\"https:\/\/www.travelanddine.info\/index.php\/usa\/\"]}]},{\"@type\":\"BreadcrumbList\",\"@id\":\"https:\/\/www.travelanddine.info\/index.php\/usa\/#breadcrumb\",\"itemListElement\":[{\"@type\":\"ListItem\",\"position\":1,\"name\":\"Dom\\u016f\",\"item\":\"https:\/\/www.travelanddine.info\/index.php\/en\/home\/\"},{\"@type\":\"ListItem\",\"position\":2,\"name\":\"USA\"}]}]}<\/script>\n<!-- \/ Yoast SEO plugin. -->","yoast_head_json":{"title":"USA - Premium Travel&amp;Dine Info","robots":{"index":"index","follow":"follow","max-snippet":"max-snippet:-1","max-image-preview":"max-image-preview:large","max-video-preview":"max-video-preview:-1"},"canonical":"https:\/\/www.travelanddine.info\/index.php\/usa\/","og_locale":"cs_CZ","og_type":"article","og_title":"USA - Premium Travel&amp;Dine Info","og_description":"H FOUR SEASONS NEW YORK DOWNTOWN NEW YORK CITY H MANDARIN ORIENTAL NEW YORK CITY H THE PLAZA NEW YORK CITY H SOFITEL NEW YORK CITY H THE SURREY NEW YORK CITY H THE MARK NEW YORK CITY H THE...","og_url":"https:\/\/www.travelanddine.info\/index.php\/usa\/","og_site_name":"Premium Travel&amp;Dine Info","article_publisher":"http:\/\/www.facebook.com\/PremiumTravelAndDineInfo","article_modified_time":"2021-06-11T12:05:54+00:00","og_image":[{"url":"http:\/\/www.travelanddine.info\/wp-content\/uploads\/2019\/07\/usa-1024x530.jpg"}],"twitter_card":"summary_large_image","twitter_misc":{"Odhadovan\u00e1 doba \u010dten\u00ed":"3 minuty"},"schema":{"@context":"https:\/\/schema.org","@graph":[{"@type":"Organization","@id":"https:\/\/www.travelanddine.info\/#organization","name":"Premium Travel & Dine Info","url":"https:\/\/www.travelanddine.info\/","sameAs":["http:\/\/www.facebook.com\/PremiumTravelAndDineInfo","https:\/\/www.instagram.com\/premium_travel_and_dine_info\/","https:\/\/www.youtube.com\/channel\/UCq4d7zmKK3AOuzDrR1p_2Qw\/featured?disable_polymer=1"],"logo":{"@type":"ImageObject","@id":"https:\/\/www.travelanddine.info\/#logo","inLanguage":"cs","url":"https:\/\/www.travelanddine.info\/wp-content\/uploads\/2019\/01\/logo-premium-e1547240252292.jpg","contentUrl":"https:\/\/www.travelanddine.info\/wp-content\/uploads\/2019\/01\/logo-premium-e1547240252292.jpg","width":1000,"height":406,"caption":"Premium Travel & Dine Info"},"image":{"@id":"https:\/\/www.travelanddine.info\/#logo"}},{"@type":"WebSite","@id":"https:\/\/www.travelanddine.info\/#website","url":"https:\/\/www.travelanddine.info\/","name":"Premium Travel&amp;Dine Info","description":"tipy, doporu\u010den\u00ed, informace.. pro ty, kte\u0159\u00ed maj\u00ed r\u00e1di cestov\u00e1n\u00ed na vysok\u00e9 \u00farovni a skv\u011bl\u00e9 j\u00eddlo","publisher":{"@id":"https:\/\/www.travelanddine.info\/#organization"},"potentialAction":[{"@type":"SearchAction","target":{"@type":"EntryPoint","urlTemplate":"https:\/\/www.travelanddine.info\/?s={search_term_string}"},"query-input":"required name=search_term_string"}],"inLanguage":"cs"},{"@type":"ImageObject","@id":"https:\/\/www.travelanddine.info\/index.php\/usa\/#primaryimage","inLanguage":"cs","url":"http:\/\/www.travelanddine.info\/wp-content\/uploads\/2019\/07\/usa-1024x530.jpg","contentUrl":"http:\/\/www.travelanddine.info\/wp-content\/uploads\/2019\/07\/usa-1024x530.jpg"},{"@type":"WebPage","@id":"https:\/\/www.travelanddine.info\/index.php\/usa\/#webpage","url":"https:\/\/www.travelanddine.info\/index.php\/usa\/","name":"USA - Premium Travel&amp;Dine Info","isPartOf":{"@id":"https:\/\/www.travelanddine.info\/#website"},"primaryImageOfPage":{"@id":"https:\/\/www.travelanddine.info\/index.php\/usa\/#primaryimage"},"datePublished":"2019-07-08T21:18:33+00:00","dateModified":"2021-06-11T12:05:54+00:00","breadcrumb":{"@id":"https:\/\/www.travelanddine.info\/index.php\/usa\/#breadcrumb"},"inLanguage":"cs","potentialAction":[{"@type":"ReadAction","target":["https:\/\/www.travelanddine.info\/index.php\/usa\/"]}]},{"@type":"BreadcrumbList","@id":"https:\/\/www.travelanddine.info\/index.php\/usa\/#breadcrumb","itemListElement":[{"@type":"ListItem","position":1,"name":"Dom\u016f","item":"https:\/\/www.travelanddine.info\/index.php\/en\/home\/"},{"@type":"ListItem","position":2,"name":"USA"}]}]}},"_links":{"self":[{"href":"https:\/\/www.travelanddine.info\/index.php\/wp-json\/wp\/v2\/pages\/2612"}],"collection":[{"href":"https:\/\/www.travelanddine.info\/index.php\/wp-json\/wp\/v2\/pages"}],"about":[{"href":"https:\/\/www.travelanddine.info\/index.php\/wp-json\/wp\/v2\/types\/page"}],"author":[{"embeddable":true,"href":"https:\/\/www.travelanddine.info\/index.php\/wp-json\/wp\/v2\/users\/1"}],"replies":[{"embeddable":true,"href":"https:\/\/www.travelanddine.info\/index.php\/wp-json\/wp\/v2\/comments?post=2612"}],"version-history":[{"count":4,"href":"https:\/\/www.travelanddine.info\/index.php\/wp-json\/wp\/v2\/pages\/2612\/revisions"}],"predecessor-version":[{"id":4608,"href":"https:\/\/www.travelanddine.info\/index.php\/wp-json\/wp\/v2\/pages\/2612\/revisions\/4608"}],"wp:attachment":[{"href":"https:\/\/www.travelanddine.info\/index.php\/wp-json\/wp\/v2\/media?parent=2612"}],"curies":[{"name":"wp","href":"https:\/\/api.w.org\/{rel}","templated":true}]}}