{"id":2630,"date":"2019-07-08T21:19:42","date_gmt":"2019-07-08T21:19:42","guid":{"rendered":"http:\/\/www.travelanddine.info\/?page_id=2630"},"modified":"2021-06-11T12:07:56","modified_gmt":"2021-06-11T12:07:56","slug":"brazilie","status":"publish","type":"page","link":"https:\/\/www.travelanddine.info\/index.php\/brazilie\/","title":{"rendered":"Brazilie"},"content":{"rendered":"\n<figure class=\"wp-block-image\"><img loading=\"lazy\" width=\"1024\" height=\"683\" src=\"https:\/\/www.travelanddine.info\/wp-content\/uploads\/2019\/07\/brazil-1024x683.jpg\" alt=\"\" class=\"wp-image-2981\" srcset=\"https:\/\/www.travelanddine.info\/wp-content\/uploads\/2019\/07\/brazil-1024x683.jpg 1024w, https:\/\/www.travelanddine.info\/wp-content\/uploads\/2019\/07\/brazil-300x200.jpg 300w, https:\/\/www.travelanddine.info\/wp-content\/uploads\/2019\/07\/brazil-768x512.jpg 768w, https:\/\/www.travelanddine.info\/wp-content\/uploads\/2019\/07\/brazil.jpg 1920w\" sizes=\"(max-width: 1024px) 100vw, 1024px\" \/><\/figure>\n\n\n\n<figure class=\"wp-block-image size-large\"><img loading=\"lazy\" width=\"1024\" height=\"39\" src=\"https:\/\/www.travelanddine.info\/wp-content\/uploads\/2021\/06\/PREMIOVE-HOTELY-CZE-9-1024x39.png\" alt=\"\" class=\"wp-image-4613\" srcset=\"https:\/\/www.travelanddine.info\/wp-content\/uploads\/2021\/06\/PREMIOVE-HOTELY-CZE-9-1024x39.png 1024w, https:\/\/www.travelanddine.info\/wp-content\/uploads\/2021\/06\/PREMIOVE-HOTELY-CZE-9-300x12.png 300w, https:\/\/www.travelanddine.info\/wp-content\/uploads\/2021\/06\/PREMIOVE-HOTELY-CZE-9-768x29.png 768w, https:\/\/www.travelanddine.info\/wp-content\/uploads\/2021\/06\/PREMIOVE-HOTELY-CZE-9.png 1250w\" sizes=\"(max-width: 1024px) 100vw, 1024px\" \/><\/figure>\n\n\n\n<figure class=\"wp-block-table\"><table><tbody><tr><td>H<\/td><td>VILA SANTA TERESA<\/td><td>RIO DE JANEIRO<\/td><\/tr><tr><td>H<\/td><td>BELMOND COPACABANA<\/td><td>RIO DE JANEIRO<\/td><\/tr><tr><td>H<\/td><td>FASANO<\/td><td>RIO DE JANEIRO<\/td><\/tr><tr><td>H<\/td><td>JW MARRIOTT<\/td><td>RIO DE JANEIRO<\/td><\/tr><tr><td>H<\/td><td>EMILIANO RIO<\/td><td>RIO DE JANEIRO<\/td><\/tr><tr><td>H<\/td><td>HILTON COPACABANA<\/td><td>RIO DE JANEIRO<\/td><\/tr><tr><td>H<\/td><td>SOFITEL IPANEMA<\/td><td>RIO DE JANEIRO<\/td><\/tr><tr><td>H<\/td><td>SHERATON GRAND RIO HOTEL &amp; RESORT<\/td><td>RIO DE JANEIRO<\/td><\/tr><tr><td>H<\/td><td>GRAND HYATT<\/td><td>RIO DE JANEIRO<\/td><\/tr><tr><td>H<\/td><td>SANTA TERESA HOTEL RJ &#8211; MCGALLERY BY SOFITEL<\/td><td>RIO DE JANEIRO<\/td><\/tr><tr><td>H<\/td><td>MIRAMAR BY WINDSOR<\/td><td>RIO DE JANEIRO<\/td><\/tr><tr><td>H<\/td><td>FASANO<\/td><td>SAO PAULO<\/td><\/tr><tr><td>H<\/td><td>EMILIANO&nbsp;&nbsp;<\/td><td>SAO PAULO<\/td><\/tr><tr><td>H<\/td><td>PALACIO TANGARA<\/td><td>SAO PAULO<\/td><\/tr><tr><td>H<\/td><td>HOTEL UNIQUE<\/td><td>SAO PAULO<\/td><\/tr><tr><td>H<\/td><td>GRAND HYATT<\/td><td>SAO PAULO<\/td><\/tr><tr><td>H<\/td><td>HILTON MORUMBI<\/td><td>SAO PAULO<\/td><\/tr><tr><td>H<\/td><td>INTERCONTINENTAL<\/td><td>SAO PAULO<\/td><\/tr><tr><td>H<\/td><td>RENAISSANCE<\/td><td>SAO PAULO<\/td><\/tr><tr><td>H<\/td><td>TIVOLI MOFARREJ<\/td><td>SAO PAULO<\/td><\/tr><tr><td>H<\/td><td>SHERATON WTC<\/td><td>SAO PAULO<\/td><\/tr><\/tbody><\/table><\/figure>\n","protected":false},"excerpt":{"rendered":"<p>H VILA SANTA TERESA RIO DE JANEIRO H BELMOND COPACABANA RIO DE JANEIRO H FASANO RIO DE JANEIRO H JW MARRIOTT RIO DE JANEIRO H EMILIANO RIO RIO DE JANEIRO H HILTON COPACABANA RIO DE JANEIRO H SOFITEL IPANEMA RIO&#8230;<\/p>\n","protected":false},"author":1,"featured_media":0,"parent":0,"menu_order":0,"comment_status":"closed","ping_status":"closed","template":"","meta":[],"yoast_head":"<!-- This site is optimized with the Yoast SEO plugin v17.0 - https:\/\/yoast.com\/wordpress\/plugins\/seo\/ -->\n<title>Brazilie - Premium Travel&amp;Dine Info<\/title>\n<meta name=\"robots\" content=\"index, follow, max-snippet:-1, max-image-preview:large, max-video-preview:-1\" \/>\n<link rel=\"canonical\" href=\"https:\/\/www.travelanddine.info\/index.php\/brazilie\/\" \/>\n<meta property=\"og:locale\" content=\"cs_CZ\" \/>\n<meta property=\"og:type\" content=\"article\" \/>\n<meta property=\"og:title\" content=\"Brazilie - Premium Travel&amp;Dine Info\" \/>\n<meta property=\"og:description\" content=\"H VILA SANTA TERESA RIO DE JANEIRO H BELMOND COPACABANA RIO DE JANEIRO H FASANO RIO DE JANEIRO H JW MARRIOTT RIO DE JANEIRO H EMILIANO RIO RIO DE JANEIRO H HILTON COPACABANA RIO DE JANEIRO H SOFITEL IPANEMA RIO...\" \/>\n<meta property=\"og:url\" content=\"https:\/\/www.travelanddine.info\/index.php\/brazilie\/\" \/>\n<meta property=\"og:site_name\" content=\"Premium Travel&amp;Dine Info\" \/>\n<meta property=\"article:publisher\" content=\"http:\/\/www.facebook.com\/PremiumTravelAndDineInfo\" \/>\n<meta property=\"article:modified_time\" content=\"2021-06-11T12:07:56+00:00\" \/>\n<meta property=\"og:image\" content=\"http:\/\/www.travelanddine.info\/wp-content\/uploads\/2019\/07\/brazil-1024x683.jpg\" \/>\n<meta name=\"twitter:card\" content=\"summary_large_image\" \/>\n<meta name=\"twitter:label1\" content=\"Odhadovan\u00e1 doba \u010dten\u00ed\" \/>\n\t<meta name=\"twitter:data1\" content=\"1 minuta\" \/>\n<script type=\"application\/ld+json\" class=\"yoast-schema-graph\">{\"@context\":\"https:\/\/schema.org\",\"@graph\":[{\"@type\":\"Organization\",\"@id\":\"https:\/\/www.travelanddine.info\/#organization\",\"name\":\"Premium Travel & Dine Info\",\"url\":\"https:\/\/www.travelanddine.info\/\",\"sameAs\":[\"http:\/\/www.facebook.com\/PremiumTravelAndDineInfo\",\"https:\/\/www.instagram.com\/premium_travel_and_dine_info\/\",\"https:\/\/www.youtube.com\/channel\/UCq4d7zmKK3AOuzDrR1p_2Qw\/featured?disable_polymer=1\"],\"logo\":{\"@type\":\"ImageObject\",\"@id\":\"https:\/\/www.travelanddine.info\/#logo\",\"inLanguage\":\"cs\",\"url\":\"https:\/\/www.travelanddine.info\/wp-content\/uploads\/2019\/01\/logo-premium-e1547240252292.jpg\",\"contentUrl\":\"https:\/\/www.travelanddine.info\/wp-content\/uploads\/2019\/01\/logo-premium-e1547240252292.jpg\",\"width\":1000,\"height\":406,\"caption\":\"Premium Travel & Dine Info\"},\"image\":{\"@id\":\"https:\/\/www.travelanddine.info\/#logo\"}},{\"@type\":\"WebSite\",\"@id\":\"https:\/\/www.travelanddine.info\/#website\",\"url\":\"https:\/\/www.travelanddine.info\/\",\"name\":\"Premium Travel&amp;Dine Info\",\"description\":\"tipy, doporu\\u010den\\u00ed, informace.. pro ty, kte\\u0159\\u00ed maj\\u00ed r\\u00e1di cestov\\u00e1n\\u00ed na vysok\\u00e9 \\u00farovni a skv\\u011bl\\u00e9 j\\u00eddlo\",\"publisher\":{\"@id\":\"https:\/\/www.travelanddine.info\/#organization\"},\"potentialAction\":[{\"@type\":\"SearchAction\",\"target\":{\"@type\":\"EntryPoint\",\"urlTemplate\":\"https:\/\/www.travelanddine.info\/?s={search_term_string}\"},\"query-input\":\"required name=search_term_string\"}],\"inLanguage\":\"cs\"},{\"@type\":\"ImageObject\",\"@id\":\"https:\/\/www.travelanddine.info\/index.php\/brazilie\/#primaryimage\",\"inLanguage\":\"cs\",\"url\":\"http:\/\/www.travelanddine.info\/wp-content\/uploads\/2019\/07\/brazil-1024x683.jpg\",\"contentUrl\":\"http:\/\/www.travelanddine.info\/wp-content\/uploads\/2019\/07\/brazil-1024x683.jpg\"},{\"@type\":\"WebPage\",\"@id\":\"https:\/\/www.travelanddine.info\/index.php\/brazilie\/#webpage\",\"url\":\"https:\/\/www.travelanddine.info\/index.php\/brazilie\/\",\"name\":\"Brazilie - Premium Travel&amp;Dine Info\",\"isPartOf\":{\"@id\":\"https:\/\/www.travelanddine.info\/#website\"},\"primaryImageOfPage\":{\"@id\":\"https:\/\/www.travelanddine.info\/index.php\/brazilie\/#primaryimage\"},\"datePublished\":\"2019-07-08T21:19:42+00:00\",\"dateModified\":\"2021-06-11T12:07:56+00:00\",\"breadcrumb\":{\"@id\":\"https:\/\/www.travelanddine.info\/index.php\/brazilie\/#breadcrumb\"},\"inLanguage\":\"cs\",\"potentialAction\":[{\"@type\":\"ReadAction\",\"target\":[\"https:\/\/www.travelanddine.info\/index.php\/brazilie\/\"]}]},{\"@type\":\"BreadcrumbList\",\"@id\":\"https:\/\/www.travelanddine.info\/index.php\/brazilie\/#breadcrumb\",\"itemListElement\":[{\"@type\":\"ListItem\",\"position\":1,\"name\":\"Dom\\u016f\",\"item\":\"https:\/\/www.travelanddine.info\/index.php\/en\/home\/\"},{\"@type\":\"ListItem\",\"position\":2,\"name\":\"Brazilie\"}]}]}<\/script>\n<!-- \/ Yoast SEO plugin. -->","yoast_head_json":{"title":"Brazilie - Premium Travel&amp;Dine Info","robots":{"index":"index","follow":"follow","max-snippet":"max-snippet:-1","max-image-preview":"max-image-preview:large","max-video-preview":"max-video-preview:-1"},"canonical":"https:\/\/www.travelanddine.info\/index.php\/brazilie\/","og_locale":"cs_CZ","og_type":"article","og_title":"Brazilie - Premium Travel&amp;Dine Info","og_description":"H VILA SANTA TERESA RIO DE JANEIRO H BELMOND COPACABANA RIO DE JANEIRO H FASANO RIO DE JANEIRO H JW MARRIOTT RIO DE JANEIRO H EMILIANO RIO RIO DE JANEIRO H HILTON COPACABANA RIO DE JANEIRO H SOFITEL IPANEMA RIO...","og_url":"https:\/\/www.travelanddine.info\/index.php\/brazilie\/","og_site_name":"Premium Travel&amp;Dine Info","article_publisher":"http:\/\/www.facebook.com\/PremiumTravelAndDineInfo","article_modified_time":"2021-06-11T12:07:56+00:00","og_image":[{"url":"http:\/\/www.travelanddine.info\/wp-content\/uploads\/2019\/07\/brazil-1024x683.jpg"}],"twitter_card":"summary_large_image","twitter_misc":{"Odhadovan\u00e1 doba \u010dten\u00ed":"1 minuta"},"schema":{"@context":"https:\/\/schema.org","@graph":[{"@type":"Organization","@id":"https:\/\/www.travelanddine.info\/#organization","name":"Premium Travel & Dine Info","url":"https:\/\/www.travelanddine.info\/","sameAs":["http:\/\/www.facebook.com\/PremiumTravelAndDineInfo","https:\/\/www.instagram.com\/premium_travel_and_dine_info\/","https:\/\/www.youtube.com\/channel\/UCq4d7zmKK3AOuzDrR1p_2Qw\/featured?disable_polymer=1"],"logo":{"@type":"ImageObject","@id":"https:\/\/www.travelanddine.info\/#logo","inLanguage":"cs","url":"https:\/\/www.travelanddine.info\/wp-content\/uploads\/2019\/01\/logo-premium-e1547240252292.jpg","contentUrl":"https:\/\/www.travelanddine.info\/wp-content\/uploads\/2019\/01\/logo-premium-e1547240252292.jpg","width":1000,"height":406,"caption":"Premium Travel & Dine Info"},"image":{"@id":"https:\/\/www.travelanddine.info\/#logo"}},{"@type":"WebSite","@id":"https:\/\/www.travelanddine.info\/#website","url":"https:\/\/www.travelanddine.info\/","name":"Premium Travel&amp;Dine Info","description":"tipy, doporu\u010den\u00ed, informace.. pro ty, kte\u0159\u00ed maj\u00ed r\u00e1di cestov\u00e1n\u00ed na vysok\u00e9 \u00farovni a skv\u011bl\u00e9 j\u00eddlo","publisher":{"@id":"https:\/\/www.travelanddine.info\/#organization"},"potentialAction":[{"@type":"SearchAction","target":{"@type":"EntryPoint","urlTemplate":"https:\/\/www.travelanddine.info\/?s={search_term_string}"},"query-input":"required name=search_term_string"}],"inLanguage":"cs"},{"@type":"ImageObject","@id":"https:\/\/www.travelanddine.info\/index.php\/brazilie\/#primaryimage","inLanguage":"cs","url":"http:\/\/www.travelanddine.info\/wp-content\/uploads\/2019\/07\/brazil-1024x683.jpg","contentUrl":"http:\/\/www.travelanddine.info\/wp-content\/uploads\/2019\/07\/brazil-1024x683.jpg"},{"@type":"WebPage","@id":"https:\/\/www.travelanddine.info\/index.php\/brazilie\/#webpage","url":"https:\/\/www.travelanddine.info\/index.php\/brazilie\/","name":"Brazilie - Premium Travel&amp;Dine Info","isPartOf":{"@id":"https:\/\/www.travelanddine.info\/#website"},"primaryImageOfPage":{"@id":"https:\/\/www.travelanddine.info\/index.php\/brazilie\/#primaryimage"},"datePublished":"2019-07-08T21:19:42+00:00","dateModified":"2021-06-11T12:07:56+00:00","breadcrumb":{"@id":"https:\/\/www.travelanddine.info\/index.php\/brazilie\/#breadcrumb"},"inLanguage":"cs","potentialAction":[{"@type":"ReadAction","target":["https:\/\/www.travelanddine.info\/index.php\/brazilie\/"]}]},{"@type":"BreadcrumbList","@id":"https:\/\/www.travelanddine.info\/index.php\/brazilie\/#breadcrumb","itemListElement":[{"@type":"ListItem","position":1,"name":"Dom\u016f","item":"https:\/\/www.travelanddine.info\/index.php\/en\/home\/"},{"@type":"ListItem","position":2,"name":"Brazilie"}]}]}},"_links":{"self":[{"href":"https:\/\/www.travelanddine.info\/index.php\/wp-json\/wp\/v2\/pages\/2630"}],"collection":[{"href":"https:\/\/www.travelanddine.info\/index.php\/wp-json\/wp\/v2\/pages"}],"about":[{"href":"https:\/\/www.travelanddine.info\/index.php\/wp-json\/wp\/v2\/types\/page"}],"author":[{"embeddable":true,"href":"https:\/\/www.travelanddine.info\/index.php\/wp-json\/wp\/v2\/users\/1"}],"replies":[{"embeddable":true,"href":"https:\/\/www.travelanddine.info\/index.php\/wp-json\/wp\/v2\/comments?post=2630"}],"version-history":[{"count":4,"href":"https:\/\/www.travelanddine.info\/index.php\/wp-json\/wp\/v2\/pages\/2630\/revisions"}],"predecessor-version":[{"id":4614,"href":"https:\/\/www.travelanddine.info\/index.php\/wp-json\/wp\/v2\/pages\/2630\/revisions\/4614"}],"wp:attachment":[{"href":"https:\/\/www.travelanddine.info\/index.php\/wp-json\/wp\/v2\/media?parent=2630"}],"curies":[{"name":"wp","href":"https:\/\/api.w.org\/{rel}","templated":true}]}}