{"id":2676,"date":"2019-07-08T21:30:09","date_gmt":"2019-07-08T21:30:09","guid":{"rendered":"http:\/\/www.travelanddine.info\/?page_id=2676"},"modified":"2021-05-18T14:44:27","modified_gmt":"2021-05-18T14:44:27","slug":"japonsko-2","status":"publish","type":"page","link":"https:\/\/www.travelanddine.info\/index.php\/japonsko-2\/","title":{"rendered":"Japonsko"},"content":{"rendered":"\n<figure class=\"wp-block-image\"><img loading=\"lazy\" width=\"1024\" height=\"683\" src=\"https:\/\/www.travelanddine.info\/wp-content\/uploads\/2019\/07\/japan-2-1024x683.jpg\" alt=\"\" class=\"wp-image-3068\" srcset=\"https:\/\/www.travelanddine.info\/wp-content\/uploads\/2019\/07\/japan-2-1024x683.jpg 1024w, https:\/\/www.travelanddine.info\/wp-content\/uploads\/2019\/07\/japan-2-300x200.jpg 300w, https:\/\/www.travelanddine.info\/wp-content\/uploads\/2019\/07\/japan-2-768x512.jpg 768w, https:\/\/www.travelanddine.info\/wp-content\/uploads\/2019\/07\/japan-2.jpg 1920w\" sizes=\"(max-width: 1024px) 100vw, 1024px\" \/><\/figure>\n\n\n\n<figure class=\"wp-block-image size-large\"><img loading=\"lazy\" width=\"1024\" height=\"39\" src=\"https:\/\/www.travelanddine.info\/wp-content\/uploads\/2021\/05\/PREMIOVE-RESTAURACE-CZE-1024x39.png\" alt=\"\" class=\"wp-image-4288\" srcset=\"https:\/\/www.travelanddine.info\/wp-content\/uploads\/2021\/05\/PREMIOVE-RESTAURACE-CZE-1024x39.png 1024w, https:\/\/www.travelanddine.info\/wp-content\/uploads\/2021\/05\/PREMIOVE-RESTAURACE-CZE-300x12.png 300w, https:\/\/www.travelanddine.info\/wp-content\/uploads\/2021\/05\/PREMIOVE-RESTAURACE-CZE-768x29.png 768w, https:\/\/www.travelanddine.info\/wp-content\/uploads\/2021\/05\/PREMIOVE-RESTAURACE-CZE.png 1250w\" sizes=\"(max-width: 1024px) 100vw, 1024px\" \/><\/figure>\n\n\n\n<figure class=\"wp-block-table\"><table><tbody><tr><td>R<\/td><td>AZABU YUKIMURA<\/td><td>japanese<\/td><td>TOKYO<\/td><\/tr><tr><td>R<\/td><td>MAKIMURA<\/td><td>japanese<\/td><td>TOKYO<\/td><\/tr><tr><td>R<\/td><td>JOEL ROBUCHON<\/td><td>french<\/td><td>TOKYO<\/td><\/tr><tr><td>R<\/td><td>KOHAKU<\/td><td>japanese<\/td><td>TOKYO<\/td><\/tr><tr><td>R<\/td><td>USUKIFUGU YAMADAYA<\/td><td>japanese<\/td><td>TOKYO<\/td><\/tr><tr><td>R<\/td><td>TENTEMPURA UCHITSU<\/td><td>japanese<\/td><td>TOKYO<\/td><\/tr><tr><td>R<\/td><td>ESQUISSE<\/td><td>french<\/td><td>TOKYO<\/td><\/tr><tr><td>R<\/td><td>OKAMOTO<\/td><td>japanese<\/td><td>TOKYO<\/td><\/tr><tr><td>R<\/td><td>GINZA KOJU<\/td><td>japanese<\/td><td>TOKYO<\/td><\/tr><tr><td>R<\/td><td>TEMPURA KONDO<\/td><td>japanese<\/td><td>TOKYO<\/td><\/tr><tr><td>R<\/td><td>SANT PAU<\/td><td>spanish<\/td><td>TOKYO<\/td><\/tr><tr><td>R<\/td><td>AROMA FRESCA<\/td><td>italian<\/td><td>TOKYO<\/td><\/tr><tr><td>R<\/td><td>ADACHI NAOTO<\/td><td>japanese<\/td><td>TOKYO<\/td><\/tr><tr><td>R<\/td><td>OKINA<\/td><td>japanese<\/td><td>TOKYO<\/td><\/tr><tr><td>R<\/td><td>AKASAKA KITAFUKU<\/td><td>japanese<\/td><td>TOKYO<\/td><\/tr><tr><td>&nbsp;<\/td><td>&nbsp;<\/td><td>&nbsp;<\/td><td>&nbsp;<\/td><\/tr><tr><td>R<\/td><td>KASHIWAYA<\/td><td>japanese<\/td><td>OSAKA<\/td><\/tr><tr><td>R<\/td><td>KORYU<\/td><td>japanese<\/td><td>OSAKA<\/td><\/tr><tr><td>R<\/td><td>TAIAN<\/td><td>japanese<\/td><td>OSAKA<\/td><\/tr><tr><td>R<\/td><td>AOKI<\/td><td>japanese<\/td><td>OSAKA<\/td><\/tr><tr><td>R<\/td><td>KITAHACHI<\/td><td>japanese<\/td><td>OSAKA<\/td><\/tr><tr><td>R<\/td><td>CONVIVIALITE<\/td><td>french<\/td><td>OSAKA<\/td><\/tr><tr><td>R<\/td><td>SHINTARO<\/td><td>japanese<\/td><td>OSAKA<\/td><\/tr><tr><td>R<\/td><td>LUMIERE<\/td><td>french<\/td><td>OSAKA<\/td><\/tr><tr><td>R<\/td><td>WAGEN<\/td><td>japanese<\/td><td>OSAKA<\/td><\/tr><tr><td>R<\/td><td>SHINCHI YAMAMOTO<\/td><td>japanese<\/td><td>OSAKA<\/td><\/tr><tr><td>R<\/td><td>YONEMASU<\/td><td>japanese<\/td><td>OSAKA<\/td><\/tr><tr><td>R<\/td><td>LA CASA TOM CURIOSA<\/td><td>italian<\/td><td>OSAKA<\/td><\/tr><tr><td>&nbsp;<\/td><td>&nbsp;<\/td><td>&nbsp;<\/td><td>&nbsp;<\/td><\/tr><tr><td>R<\/td><td>HYOTEI<\/td><td>japanese<\/td><td>KYOTO<\/td><\/tr><tr><td>R<\/td><td>MIZAI<\/td><td>japanese<\/td><td>KYOTO<\/td><\/tr><tr><td>R<\/td><td>KIKUNOI HONTEN<\/td><td>japanese<\/td><td>KYOTO<\/td><\/tr><tr><td>R<\/td><td>OGATA<\/td><td>japanese<\/td><td>KYOTO<\/td><\/tr><tr><td>R<\/td><td>KEIRAKU NYKURYORI ISSHIN<\/td><td>japanese<\/td><td>KYOTO<\/td><\/tr><tr><td>R<\/td><td>FUKIAGE<\/td><td>japanese<\/td><td>KYOTO<\/td><\/tr><tr><td>R<\/td><td>HONKE TANKUMA HONTEN<\/td><td>japanese<\/td><td>KYOTO<\/td><\/tr><tr><td>R<\/td><td>MOTOI<\/td><td>french<\/td><td>KYOTO<\/td><\/tr><tr><td>R<\/td><td>KINOBU<\/td><td>japanese<\/td><td>KYOTO<\/td><\/tr><\/tbody><\/table><\/figure>\n","protected":false},"excerpt":{"rendered":"<p>R AZABU YUKIMURA japanese TOKYO R MAKIMURA japanese TOKYO R JOEL ROBUCHON french TOKYO R KOHAKU japanese TOKYO R USUKIFUGU YAMADAYA japanese TOKYO R TENTEMPURA UCHITSU japanese TOKYO R ESQUISSE french TOKYO R OKAMOTO japanese TOKYO R GINZA KOJU japanese&#8230;<\/p>\n","protected":false},"author":1,"featured_media":0,"parent":0,"menu_order":0,"comment_status":"closed","ping_status":"closed","template":"","meta":[],"yoast_head":"<!-- This site is optimized with the Yoast SEO plugin v17.0 - https:\/\/yoast.com\/wordpress\/plugins\/seo\/ -->\n<title>Japonsko - Premium Travel&amp;Dine Info<\/title>\n<meta name=\"robots\" content=\"index, follow, max-snippet:-1, max-image-preview:large, max-video-preview:-1\" \/>\n<link rel=\"canonical\" href=\"https:\/\/www.travelanddine.info\/index.php\/japonsko-2\/\" \/>\n<meta property=\"og:locale\" content=\"cs_CZ\" \/>\n<meta property=\"og:type\" content=\"article\" \/>\n<meta property=\"og:title\" content=\"Japonsko - Premium Travel&amp;Dine Info\" \/>\n<meta property=\"og:description\" content=\"R AZABU YUKIMURA japanese TOKYO R MAKIMURA japanese TOKYO R JOEL ROBUCHON french TOKYO R KOHAKU japanese TOKYO R USUKIFUGU YAMADAYA japanese TOKYO R TENTEMPURA UCHITSU japanese TOKYO R ESQUISSE french TOKYO R OKAMOTO japanese TOKYO R GINZA KOJU japanese...\" \/>\n<meta property=\"og:url\" content=\"https:\/\/www.travelanddine.info\/index.php\/japonsko-2\/\" \/>\n<meta property=\"og:site_name\" content=\"Premium Travel&amp;Dine Info\" \/>\n<meta property=\"article:publisher\" content=\"http:\/\/www.facebook.com\/PremiumTravelAndDineInfo\" \/>\n<meta property=\"article:modified_time\" content=\"2021-05-18T14:44:27+00:00\" \/>\n<meta property=\"og:image\" content=\"http:\/\/www.travelanddine.info\/wp-content\/uploads\/2019\/07\/japan-2-1024x683.jpg\" \/>\n<meta name=\"twitter:card\" content=\"summary_large_image\" \/>\n<meta name=\"twitter:label1\" content=\"Odhadovan\u00e1 doba \u010dten\u00ed\" \/>\n\t<meta name=\"twitter:data1\" content=\"2 minuty\" \/>\n<script type=\"application\/ld+json\" class=\"yoast-schema-graph\">{\"@context\":\"https:\/\/schema.org\",\"@graph\":[{\"@type\":\"Organization\",\"@id\":\"https:\/\/www.travelanddine.info\/#organization\",\"name\":\"Premium Travel & Dine Info\",\"url\":\"https:\/\/www.travelanddine.info\/\",\"sameAs\":[\"http:\/\/www.facebook.com\/PremiumTravelAndDineInfo\",\"https:\/\/www.instagram.com\/premium_travel_and_dine_info\/\",\"https:\/\/www.youtube.com\/channel\/UCq4d7zmKK3AOuzDrR1p_2Qw\/featured?disable_polymer=1\"],\"logo\":{\"@type\":\"ImageObject\",\"@id\":\"https:\/\/www.travelanddine.info\/#logo\",\"inLanguage\":\"cs\",\"url\":\"https:\/\/www.travelanddine.info\/wp-content\/uploads\/2019\/01\/logo-premium-e1547240252292.jpg\",\"contentUrl\":\"https:\/\/www.travelanddine.info\/wp-content\/uploads\/2019\/01\/logo-premium-e1547240252292.jpg\",\"width\":1000,\"height\":406,\"caption\":\"Premium Travel & Dine Info\"},\"image\":{\"@id\":\"https:\/\/www.travelanddine.info\/#logo\"}},{\"@type\":\"WebSite\",\"@id\":\"https:\/\/www.travelanddine.info\/#website\",\"url\":\"https:\/\/www.travelanddine.info\/\",\"name\":\"Premium Travel&amp;Dine Info\",\"description\":\"tipy, doporu\\u010den\\u00ed, informace.. pro ty, kte\\u0159\\u00ed maj\\u00ed r\\u00e1di cestov\\u00e1n\\u00ed na vysok\\u00e9 \\u00farovni a skv\\u011bl\\u00e9 j\\u00eddlo\",\"publisher\":{\"@id\":\"https:\/\/www.travelanddine.info\/#organization\"},\"potentialAction\":[{\"@type\":\"SearchAction\",\"target\":{\"@type\":\"EntryPoint\",\"urlTemplate\":\"https:\/\/www.travelanddine.info\/?s={search_term_string}\"},\"query-input\":\"required name=search_term_string\"}],\"inLanguage\":\"cs\"},{\"@type\":\"ImageObject\",\"@id\":\"https:\/\/www.travelanddine.info\/index.php\/japonsko-2\/#primaryimage\",\"inLanguage\":\"cs\",\"url\":\"http:\/\/www.travelanddine.info\/wp-content\/uploads\/2019\/07\/japan-2-1024x683.jpg\",\"contentUrl\":\"http:\/\/www.travelanddine.info\/wp-content\/uploads\/2019\/07\/japan-2-1024x683.jpg\"},{\"@type\":\"WebPage\",\"@id\":\"https:\/\/www.travelanddine.info\/index.php\/japonsko-2\/#webpage\",\"url\":\"https:\/\/www.travelanddine.info\/index.php\/japonsko-2\/\",\"name\":\"Japonsko - Premium Travel&amp;Dine Info\",\"isPartOf\":{\"@id\":\"https:\/\/www.travelanddine.info\/#website\"},\"primaryImageOfPage\":{\"@id\":\"https:\/\/www.travelanddine.info\/index.php\/japonsko-2\/#primaryimage\"},\"datePublished\":\"2019-07-08T21:30:09+00:00\",\"dateModified\":\"2021-05-18T14:44:27+00:00\",\"breadcrumb\":{\"@id\":\"https:\/\/www.travelanddine.info\/index.php\/japonsko-2\/#breadcrumb\"},\"inLanguage\":\"cs\",\"potentialAction\":[{\"@type\":\"ReadAction\",\"target\":[\"https:\/\/www.travelanddine.info\/index.php\/japonsko-2\/\"]}]},{\"@type\":\"BreadcrumbList\",\"@id\":\"https:\/\/www.travelanddine.info\/index.php\/japonsko-2\/#breadcrumb\",\"itemListElement\":[{\"@type\":\"ListItem\",\"position\":1,\"name\":\"Dom\\u016f\",\"item\":\"https:\/\/www.travelanddine.info\/index.php\/en\/home\/\"},{\"@type\":\"ListItem\",\"position\":2,\"name\":\"Japonsko\"}]}]}<\/script>\n<!-- \/ Yoast SEO plugin. -->","yoast_head_json":{"title":"Japonsko - Premium Travel&amp;Dine Info","robots":{"index":"index","follow":"follow","max-snippet":"max-snippet:-1","max-image-preview":"max-image-preview:large","max-video-preview":"max-video-preview:-1"},"canonical":"https:\/\/www.travelanddine.info\/index.php\/japonsko-2\/","og_locale":"cs_CZ","og_type":"article","og_title":"Japonsko - Premium Travel&amp;Dine Info","og_description":"R AZABU YUKIMURA japanese TOKYO R MAKIMURA japanese TOKYO R JOEL ROBUCHON french TOKYO R KOHAKU japanese TOKYO R USUKIFUGU YAMADAYA japanese TOKYO R TENTEMPURA UCHITSU japanese TOKYO R ESQUISSE french TOKYO R OKAMOTO japanese TOKYO R GINZA KOJU japanese...","og_url":"https:\/\/www.travelanddine.info\/index.php\/japonsko-2\/","og_site_name":"Premium Travel&amp;Dine Info","article_publisher":"http:\/\/www.facebook.com\/PremiumTravelAndDineInfo","article_modified_time":"2021-05-18T14:44:27+00:00","og_image":[{"url":"http:\/\/www.travelanddine.info\/wp-content\/uploads\/2019\/07\/japan-2-1024x683.jpg"}],"twitter_card":"summary_large_image","twitter_misc":{"Odhadovan\u00e1 doba \u010dten\u00ed":"2 minuty"},"schema":{"@context":"https:\/\/schema.org","@graph":[{"@type":"Organization","@id":"https:\/\/www.travelanddine.info\/#organization","name":"Premium Travel & Dine Info","url":"https:\/\/www.travelanddine.info\/","sameAs":["http:\/\/www.facebook.com\/PremiumTravelAndDineInfo","https:\/\/www.instagram.com\/premium_travel_and_dine_info\/","https:\/\/www.youtube.com\/channel\/UCq4d7zmKK3AOuzDrR1p_2Qw\/featured?disable_polymer=1"],"logo":{"@type":"ImageObject","@id":"https:\/\/www.travelanddine.info\/#logo","inLanguage":"cs","url":"https:\/\/www.travelanddine.info\/wp-content\/uploads\/2019\/01\/logo-premium-e1547240252292.jpg","contentUrl":"https:\/\/www.travelanddine.info\/wp-content\/uploads\/2019\/01\/logo-premium-e1547240252292.jpg","width":1000,"height":406,"caption":"Premium Travel & Dine Info"},"image":{"@id":"https:\/\/www.travelanddine.info\/#logo"}},{"@type":"WebSite","@id":"https:\/\/www.travelanddine.info\/#website","url":"https:\/\/www.travelanddine.info\/","name":"Premium Travel&amp;Dine Info","description":"tipy, doporu\u010den\u00ed, informace.. pro ty, kte\u0159\u00ed maj\u00ed r\u00e1di cestov\u00e1n\u00ed na vysok\u00e9 \u00farovni a skv\u011bl\u00e9 j\u00eddlo","publisher":{"@id":"https:\/\/www.travelanddine.info\/#organization"},"potentialAction":[{"@type":"SearchAction","target":{"@type":"EntryPoint","urlTemplate":"https:\/\/www.travelanddine.info\/?s={search_term_string}"},"query-input":"required name=search_term_string"}],"inLanguage":"cs"},{"@type":"ImageObject","@id":"https:\/\/www.travelanddine.info\/index.php\/japonsko-2\/#primaryimage","inLanguage":"cs","url":"http:\/\/www.travelanddine.info\/wp-content\/uploads\/2019\/07\/japan-2-1024x683.jpg","contentUrl":"http:\/\/www.travelanddine.info\/wp-content\/uploads\/2019\/07\/japan-2-1024x683.jpg"},{"@type":"WebPage","@id":"https:\/\/www.travelanddine.info\/index.php\/japonsko-2\/#webpage","url":"https:\/\/www.travelanddine.info\/index.php\/japonsko-2\/","name":"Japonsko - Premium Travel&amp;Dine Info","isPartOf":{"@id":"https:\/\/www.travelanddine.info\/#website"},"primaryImageOfPage":{"@id":"https:\/\/www.travelanddine.info\/index.php\/japonsko-2\/#primaryimage"},"datePublished":"2019-07-08T21:30:09+00:00","dateModified":"2021-05-18T14:44:27+00:00","breadcrumb":{"@id":"https:\/\/www.travelanddine.info\/index.php\/japonsko-2\/#breadcrumb"},"inLanguage":"cs","potentialAction":[{"@type":"ReadAction","target":["https:\/\/www.travelanddine.info\/index.php\/japonsko-2\/"]}]},{"@type":"BreadcrumbList","@id":"https:\/\/www.travelanddine.info\/index.php\/japonsko-2\/#breadcrumb","itemListElement":[{"@type":"ListItem","position":1,"name":"Dom\u016f","item":"https:\/\/www.travelanddine.info\/index.php\/en\/home\/"},{"@type":"ListItem","position":2,"name":"Japonsko"}]}]}},"_links":{"self":[{"href":"https:\/\/www.travelanddine.info\/index.php\/wp-json\/wp\/v2\/pages\/2676"}],"collection":[{"href":"https:\/\/www.travelanddine.info\/index.php\/wp-json\/wp\/v2\/pages"}],"about":[{"href":"https:\/\/www.travelanddine.info\/index.php\/wp-json\/wp\/v2\/types\/page"}],"author":[{"embeddable":true,"href":"https:\/\/www.travelanddine.info\/index.php\/wp-json\/wp\/v2\/users\/1"}],"replies":[{"embeddable":true,"href":"https:\/\/www.travelanddine.info\/index.php\/wp-json\/wp\/v2\/comments?post=2676"}],"version-history":[{"count":6,"href":"https:\/\/www.travelanddine.info\/index.php\/wp-json\/wp\/v2\/pages\/2676\/revisions"}],"predecessor-version":[{"id":4303,"href":"https:\/\/www.travelanddine.info\/index.php\/wp-json\/wp\/v2\/pages\/2676\/revisions\/4303"}],"wp:attachment":[{"href":"https:\/\/www.travelanddine.info\/index.php\/wp-json\/wp\/v2\/media?parent=2676"}],"curies":[{"name":"wp","href":"https:\/\/api.w.org\/{rel}","templated":true}]}}