{"id":2701,"date":"2019-07-08T21:34:36","date_gmt":"2019-07-08T21:34:36","guid":{"rendered":"http:\/\/www.travelanddine.info\/?page_id=2701"},"modified":"2021-06-11T12:23:05","modified_gmt":"2021-06-11T12:23:05","slug":"italie-2","status":"publish","type":"page","link":"https:\/\/www.travelanddine.info\/index.php\/italie-2\/","title":{"rendered":"It\u00e1lie"},"content":{"rendered":"\n<figure class=\"wp-block-image\"><img loading=\"lazy\" width=\"1024\" height=\"693\" src=\"https:\/\/www.travelanddine.info\/wp-content\/uploads\/2019\/07\/italy-2-1024x693.jpg\" alt=\"\" class=\"wp-image-3121\" srcset=\"https:\/\/www.travelanddine.info\/wp-content\/uploads\/2019\/07\/italy-2-1024x693.jpg 1024w, https:\/\/www.travelanddine.info\/wp-content\/uploads\/2019\/07\/italy-2-300x203.jpg 300w, https:\/\/www.travelanddine.info\/wp-content\/uploads\/2019\/07\/italy-2-768x520.jpg 768w, https:\/\/www.travelanddine.info\/wp-content\/uploads\/2019\/07\/italy-2-414x279.jpg 414w, https:\/\/www.travelanddine.info\/wp-content\/uploads\/2019\/07\/italy-2.jpg 1920w\" sizes=\"(max-width: 1024px) 100vw, 1024px\" \/><\/figure>\n\n\n\n<figure class=\"wp-block-image size-large\"><img loading=\"lazy\" width=\"1024\" height=\"39\" src=\"https:\/\/www.travelanddine.info\/wp-content\/uploads\/2021\/06\/PREMIOVE-RESTAURACE-CZE-1-1024x39.png\" alt=\"\" class=\"wp-image-4639\" srcset=\"https:\/\/www.travelanddine.info\/wp-content\/uploads\/2021\/06\/PREMIOVE-RESTAURACE-CZE-1-1024x39.png 1024w, https:\/\/www.travelanddine.info\/wp-content\/uploads\/2021\/06\/PREMIOVE-RESTAURACE-CZE-1-300x12.png 300w, https:\/\/www.travelanddine.info\/wp-content\/uploads\/2021\/06\/PREMIOVE-RESTAURACE-CZE-1-768x29.png 768w, https:\/\/www.travelanddine.info\/wp-content\/uploads\/2021\/06\/PREMIOVE-RESTAURACE-CZE-1.png 1250w\" sizes=\"(max-width: 1024px) 100vw, 1024px\" \/><\/figure>\n\n\n\n<figure class=\"wp-block-table\"><table><tbody><tr><td>R<\/td><td>La Pergola<\/td><td><\/td><td>Roma<\/td><\/tr><tr><td>R<\/td><td>Il Pagliaccio<\/td><td><\/td><td>Roma<\/td><\/tr><tr><td>R<\/td><td>Bistrot 64<\/td><td><\/td><td>Roma<\/td><\/tr><tr><td>R<\/td><td>Assaje<\/td><td><\/td><td>Roma<\/td><\/tr><tr><td>R<\/td><td>Metamorfosi<\/td><td><\/td><td>Roma<\/td><\/tr><tr><td>R<\/td><td>All&#8217;Oro<\/td><td><\/td><td>Roma<\/td><\/tr><tr><td>R<\/td><td>Il Convivio-Troiani<\/td><td><\/td><td>Roma<\/td><\/tr><tr><td>R<\/td><td>Im\u00e0go<\/td><td><\/td><td>Roma<\/td><\/tr><tr><td>R<\/td><td>Moma<\/td><td><\/td><td>Roma<\/td><\/tr><tr><td>R<\/td><td>Marco Martini Restaurant<\/td><td><\/td><td>Roma<\/td><\/tr><tr><td>R<\/td><td>Aroma<\/td><td><\/td><td>Roma<\/td><\/tr><tr><td>R<\/td><td>La Terrazza<\/td><td><\/td><td>Roma<\/td><\/tr><tr><td>R<\/td><td>Enoteca al Parlamento Achilli<\/td><td><\/td><td>Roma<\/td><\/tr><tr><td>R<\/td><td>Il Luogo di Aimo e Nadia<\/td><td><\/td><td>Milano<\/td><\/tr><tr><td>R<\/td><td>Seta by Antonio Guida<\/td><td><\/td><td>Milano<\/td><\/tr><tr><td>R<\/td><td>Vun Andrea Aprea<\/td><td><\/td><td>Milano<\/td><\/tr><tr><td>R<\/td><td>Innocenti Evasioni<\/td><td><\/td><td>Milano<\/td><\/tr><tr><td>R<\/td><td>Lume by Luigi Taglienti<\/td><td><\/td><td>Milano<\/td><\/tr><tr><td>R<\/td><td>Cracco<\/td><td><\/td><td>Milano<\/td><\/tr><tr><td>R<\/td><td>Joia<\/td><td><\/td><td>Milano<\/td><\/tr><tr><td>R<\/td><td>Felix Lo Basso<\/td><td><\/td><td>Milano<\/td><\/tr><tr><td>R<\/td><td>Il Ristorante Trussardi alla Scala<\/td><td><\/td><td>Milano<\/td><\/tr><tr><td>R<\/td><td>Tano Passami l&#8217;Olio<\/td><td><\/td><td>Milano<\/td><\/tr><tr><td>R<\/td><td>Sadler<\/td><td><\/td><td>Milano<\/td><\/tr><tr><td>R<\/td><td>Enoteca Pinchiorri<\/td><td><\/td><td>Firenze<\/td><\/tr><tr><td>R<\/td><td>Il Palagio<\/td><td><\/td><td>Firenze<\/td><\/tr><tr><td>R<\/td><td>Winter Garden by Caino<\/td><td><\/td><td>Firenze<\/td><\/tr><tr><td>R<\/td><td>Ora D&#8217;Aria<\/td><td><\/td><td>Firenze<\/td><\/tr><tr><td>R<\/td><td>Borgo San Jacopo<\/td><td><\/td><td>Firenze<\/td><\/tr><\/tbody><\/table><\/figure>\n","protected":false},"excerpt":{"rendered":"<p>R La Pergola Roma R Il Pagliaccio Roma R Bistrot 64 Roma R Assaje Roma R Metamorfosi Roma R All&#8217;Oro Roma R Il Convivio-Troiani Roma R Im\u00e0go Roma R Moma Roma R Marco Martini Restaurant Roma R Aroma Roma R&#8230;<\/p>\n","protected":false},"author":1,"featured_media":0,"parent":0,"menu_order":0,"comment_status":"closed","ping_status":"closed","template":"","meta":[],"yoast_head":"<!-- This site is optimized with the Yoast SEO plugin v17.0 - https:\/\/yoast.com\/wordpress\/plugins\/seo\/ -->\n<title>It\u00e1lie - Premium Travel&amp;Dine Info<\/title>\n<meta name=\"robots\" content=\"index, follow, max-snippet:-1, max-image-preview:large, max-video-preview:-1\" \/>\n<link rel=\"canonical\" href=\"https:\/\/www.travelanddine.info\/index.php\/italie-2\/\" \/>\n<meta property=\"og:locale\" content=\"cs_CZ\" \/>\n<meta property=\"og:type\" content=\"article\" \/>\n<meta property=\"og:title\" content=\"It\u00e1lie - Premium Travel&amp;Dine Info\" \/>\n<meta property=\"og:description\" content=\"R La Pergola Roma R Il Pagliaccio Roma R Bistrot 64 Roma R Assaje Roma R Metamorfosi Roma R All&#8217;Oro Roma R Il Convivio-Troiani Roma R Im\u00e0go Roma R Moma Roma R Marco Martini Restaurant Roma R Aroma Roma R...\" \/>\n<meta property=\"og:url\" content=\"https:\/\/www.travelanddine.info\/index.php\/italie-2\/\" \/>\n<meta property=\"og:site_name\" content=\"Premium Travel&amp;Dine Info\" \/>\n<meta property=\"article:publisher\" content=\"http:\/\/www.facebook.com\/PremiumTravelAndDineInfo\" \/>\n<meta property=\"article:modified_time\" content=\"2021-06-11T12:23:05+00:00\" \/>\n<meta property=\"og:image\" content=\"http:\/\/www.travelanddine.info\/wp-content\/uploads\/2019\/07\/italy-2-1024x693.jpg\" \/>\n<meta name=\"twitter:card\" content=\"summary_large_image\" \/>\n<meta name=\"twitter:label1\" content=\"Odhadovan\u00e1 doba \u010dten\u00ed\" \/>\n\t<meta name=\"twitter:data1\" content=\"1 minuta\" \/>\n<script type=\"application\/ld+json\" class=\"yoast-schema-graph\">{\"@context\":\"https:\/\/schema.org\",\"@graph\":[{\"@type\":\"Organization\",\"@id\":\"https:\/\/www.travelanddine.info\/#organization\",\"name\":\"Premium Travel & Dine Info\",\"url\":\"https:\/\/www.travelanddine.info\/\",\"sameAs\":[\"http:\/\/www.facebook.com\/PremiumTravelAndDineInfo\",\"https:\/\/www.instagram.com\/premium_travel_and_dine_info\/\",\"https:\/\/www.youtube.com\/channel\/UCq4d7zmKK3AOuzDrR1p_2Qw\/featured?disable_polymer=1\"],\"logo\":{\"@type\":\"ImageObject\",\"@id\":\"https:\/\/www.travelanddine.info\/#logo\",\"inLanguage\":\"cs\",\"url\":\"https:\/\/www.travelanddine.info\/wp-content\/uploads\/2019\/01\/logo-premium-e1547240252292.jpg\",\"contentUrl\":\"https:\/\/www.travelanddine.info\/wp-content\/uploads\/2019\/01\/logo-premium-e1547240252292.jpg\",\"width\":1000,\"height\":406,\"caption\":\"Premium Travel & Dine Info\"},\"image\":{\"@id\":\"https:\/\/www.travelanddine.info\/#logo\"}},{\"@type\":\"WebSite\",\"@id\":\"https:\/\/www.travelanddine.info\/#website\",\"url\":\"https:\/\/www.travelanddine.info\/\",\"name\":\"Premium Travel&amp;Dine Info\",\"description\":\"tipy, doporu\\u010den\\u00ed, informace.. pro ty, kte\\u0159\\u00ed maj\\u00ed r\\u00e1di cestov\\u00e1n\\u00ed na vysok\\u00e9 \\u00farovni a skv\\u011bl\\u00e9 j\\u00eddlo\",\"publisher\":{\"@id\":\"https:\/\/www.travelanddine.info\/#organization\"},\"potentialAction\":[{\"@type\":\"SearchAction\",\"target\":{\"@type\":\"EntryPoint\",\"urlTemplate\":\"https:\/\/www.travelanddine.info\/?s={search_term_string}\"},\"query-input\":\"required name=search_term_string\"}],\"inLanguage\":\"cs\"},{\"@type\":\"ImageObject\",\"@id\":\"https:\/\/www.travelanddine.info\/index.php\/italie-2\/#primaryimage\",\"inLanguage\":\"cs\",\"url\":\"http:\/\/www.travelanddine.info\/wp-content\/uploads\/2019\/07\/italy-2-1024x693.jpg\",\"contentUrl\":\"http:\/\/www.travelanddine.info\/wp-content\/uploads\/2019\/07\/italy-2-1024x693.jpg\"},{\"@type\":\"WebPage\",\"@id\":\"https:\/\/www.travelanddine.info\/index.php\/italie-2\/#webpage\",\"url\":\"https:\/\/www.travelanddine.info\/index.php\/italie-2\/\",\"name\":\"It\\u00e1lie - Premium Travel&amp;Dine Info\",\"isPartOf\":{\"@id\":\"https:\/\/www.travelanddine.info\/#website\"},\"primaryImageOfPage\":{\"@id\":\"https:\/\/www.travelanddine.info\/index.php\/italie-2\/#primaryimage\"},\"datePublished\":\"2019-07-08T21:34:36+00:00\",\"dateModified\":\"2021-06-11T12:23:05+00:00\",\"breadcrumb\":{\"@id\":\"https:\/\/www.travelanddine.info\/index.php\/italie-2\/#breadcrumb\"},\"inLanguage\":\"cs\",\"potentialAction\":[{\"@type\":\"ReadAction\",\"target\":[\"https:\/\/www.travelanddine.info\/index.php\/italie-2\/\"]}]},{\"@type\":\"BreadcrumbList\",\"@id\":\"https:\/\/www.travelanddine.info\/index.php\/italie-2\/#breadcrumb\",\"itemListElement\":[{\"@type\":\"ListItem\",\"position\":1,\"name\":\"Dom\\u016f\",\"item\":\"https:\/\/www.travelanddine.info\/index.php\/en\/home\/\"},{\"@type\":\"ListItem\",\"position\":2,\"name\":\"It\\u00e1lie\"}]}]}<\/script>\n<!-- \/ Yoast SEO plugin. -->","yoast_head_json":{"title":"It\u00e1lie - Premium Travel&amp;Dine Info","robots":{"index":"index","follow":"follow","max-snippet":"max-snippet:-1","max-image-preview":"max-image-preview:large","max-video-preview":"max-video-preview:-1"},"canonical":"https:\/\/www.travelanddine.info\/index.php\/italie-2\/","og_locale":"cs_CZ","og_type":"article","og_title":"It\u00e1lie - Premium Travel&amp;Dine Info","og_description":"R La Pergola Roma R Il Pagliaccio Roma R Bistrot 64 Roma R Assaje Roma R Metamorfosi Roma R All&#8217;Oro Roma R Il Convivio-Troiani Roma R Im\u00e0go Roma R Moma Roma R Marco Martini Restaurant Roma R Aroma Roma R...","og_url":"https:\/\/www.travelanddine.info\/index.php\/italie-2\/","og_site_name":"Premium Travel&amp;Dine Info","article_publisher":"http:\/\/www.facebook.com\/PremiumTravelAndDineInfo","article_modified_time":"2021-06-11T12:23:05+00:00","og_image":[{"url":"http:\/\/www.travelanddine.info\/wp-content\/uploads\/2019\/07\/italy-2-1024x693.jpg"}],"twitter_card":"summary_large_image","twitter_misc":{"Odhadovan\u00e1 doba \u010dten\u00ed":"1 minuta"},"schema":{"@context":"https:\/\/schema.org","@graph":[{"@type":"Organization","@id":"https:\/\/www.travelanddine.info\/#organization","name":"Premium Travel & Dine Info","url":"https:\/\/www.travelanddine.info\/","sameAs":["http:\/\/www.facebook.com\/PremiumTravelAndDineInfo","https:\/\/www.instagram.com\/premium_travel_and_dine_info\/","https:\/\/www.youtube.com\/channel\/UCq4d7zmKK3AOuzDrR1p_2Qw\/featured?disable_polymer=1"],"logo":{"@type":"ImageObject","@id":"https:\/\/www.travelanddine.info\/#logo","inLanguage":"cs","url":"https:\/\/www.travelanddine.info\/wp-content\/uploads\/2019\/01\/logo-premium-e1547240252292.jpg","contentUrl":"https:\/\/www.travelanddine.info\/wp-content\/uploads\/2019\/01\/logo-premium-e1547240252292.jpg","width":1000,"height":406,"caption":"Premium Travel & Dine Info"},"image":{"@id":"https:\/\/www.travelanddine.info\/#logo"}},{"@type":"WebSite","@id":"https:\/\/www.travelanddine.info\/#website","url":"https:\/\/www.travelanddine.info\/","name":"Premium Travel&amp;Dine Info","description":"tipy, doporu\u010den\u00ed, informace.. pro ty, kte\u0159\u00ed maj\u00ed r\u00e1di cestov\u00e1n\u00ed na vysok\u00e9 \u00farovni a skv\u011bl\u00e9 j\u00eddlo","publisher":{"@id":"https:\/\/www.travelanddine.info\/#organization"},"potentialAction":[{"@type":"SearchAction","target":{"@type":"EntryPoint","urlTemplate":"https:\/\/www.travelanddine.info\/?s={search_term_string}"},"query-input":"required name=search_term_string"}],"inLanguage":"cs"},{"@type":"ImageObject","@id":"https:\/\/www.travelanddine.info\/index.php\/italie-2\/#primaryimage","inLanguage":"cs","url":"http:\/\/www.travelanddine.info\/wp-content\/uploads\/2019\/07\/italy-2-1024x693.jpg","contentUrl":"http:\/\/www.travelanddine.info\/wp-content\/uploads\/2019\/07\/italy-2-1024x693.jpg"},{"@type":"WebPage","@id":"https:\/\/www.travelanddine.info\/index.php\/italie-2\/#webpage","url":"https:\/\/www.travelanddine.info\/index.php\/italie-2\/","name":"It\u00e1lie - Premium Travel&amp;Dine Info","isPartOf":{"@id":"https:\/\/www.travelanddine.info\/#website"},"primaryImageOfPage":{"@id":"https:\/\/www.travelanddine.info\/index.php\/italie-2\/#primaryimage"},"datePublished":"2019-07-08T21:34:36+00:00","dateModified":"2021-06-11T12:23:05+00:00","breadcrumb":{"@id":"https:\/\/www.travelanddine.info\/index.php\/italie-2\/#breadcrumb"},"inLanguage":"cs","potentialAction":[{"@type":"ReadAction","target":["https:\/\/www.travelanddine.info\/index.php\/italie-2\/"]}]},{"@type":"BreadcrumbList","@id":"https:\/\/www.travelanddine.info\/index.php\/italie-2\/#breadcrumb","itemListElement":[{"@type":"ListItem","position":1,"name":"Dom\u016f","item":"https:\/\/www.travelanddine.info\/index.php\/en\/home\/"},{"@type":"ListItem","position":2,"name":"It\u00e1lie"}]}]}},"_links":{"self":[{"href":"https:\/\/www.travelanddine.info\/index.php\/wp-json\/wp\/v2\/pages\/2701"}],"collection":[{"href":"https:\/\/www.travelanddine.info\/index.php\/wp-json\/wp\/v2\/pages"}],"about":[{"href":"https:\/\/www.travelanddine.info\/index.php\/wp-json\/wp\/v2\/types\/page"}],"author":[{"embeddable":true,"href":"https:\/\/www.travelanddine.info\/index.php\/wp-json\/wp\/v2\/users\/1"}],"replies":[{"embeddable":true,"href":"https:\/\/www.travelanddine.info\/index.php\/wp-json\/wp\/v2\/comments?post=2701"}],"version-history":[{"count":4,"href":"https:\/\/www.travelanddine.info\/index.php\/wp-json\/wp\/v2\/pages\/2701\/revisions"}],"predecessor-version":[{"id":4640,"href":"https:\/\/www.travelanddine.info\/index.php\/wp-json\/wp\/v2\/pages\/2701\/revisions\/4640"}],"wp:attachment":[{"href":"https:\/\/www.travelanddine.info\/index.php\/wp-json\/wp\/v2\/media?parent=2701"}],"curies":[{"name":"wp","href":"https:\/\/api.w.org\/{rel}","templated":true}]}}