{"id":2707,"date":"2019-07-08T21:34:59","date_gmt":"2019-07-08T21:34:59","guid":{"rendered":"http:\/\/www.travelanddine.info\/?page_id=2707"},"modified":"2021-06-11T12:23:44","modified_gmt":"2021-06-11T12:23:44","slug":"spanelsko-2","status":"publish","type":"page","link":"https:\/\/www.travelanddine.info\/index.php\/spanelsko-2\/","title":{"rendered":"\u0160pan\u011blsko"},"content":{"rendered":"\n<figure class=\"wp-block-image\"><img loading=\"lazy\" width=\"1024\" height=\"262\" src=\"https:\/\/www.travelanddine.info\/wp-content\/uploads\/2019\/07\/spain-2-1024x262.jpg\" alt=\"\" class=\"wp-image-3127\" srcset=\"https:\/\/www.travelanddine.info\/wp-content\/uploads\/2019\/07\/spain-2-1024x262.jpg 1024w, https:\/\/www.travelanddine.info\/wp-content\/uploads\/2019\/07\/spain-2-300x77.jpg 300w, https:\/\/www.travelanddine.info\/wp-content\/uploads\/2019\/07\/spain-2-768x196.jpg 768w, https:\/\/www.travelanddine.info\/wp-content\/uploads\/2019\/07\/spain-2.jpg 1920w\" sizes=\"(max-width: 1024px) 100vw, 1024px\" \/><\/figure>\n\n\n\n<figure class=\"wp-block-image size-large\"><img loading=\"lazy\" width=\"1024\" height=\"39\" src=\"https:\/\/www.travelanddine.info\/wp-content\/uploads\/2021\/06\/PREMIOVE-RESTAURACE-CZE-2-1024x39.png\" alt=\"\" class=\"wp-image-4641\" srcset=\"https:\/\/www.travelanddine.info\/wp-content\/uploads\/2021\/06\/PREMIOVE-RESTAURACE-CZE-2-1024x39.png 1024w, https:\/\/www.travelanddine.info\/wp-content\/uploads\/2021\/06\/PREMIOVE-RESTAURACE-CZE-2-300x12.png 300w, https:\/\/www.travelanddine.info\/wp-content\/uploads\/2021\/06\/PREMIOVE-RESTAURACE-CZE-2-768x29.png 768w, https:\/\/www.travelanddine.info\/wp-content\/uploads\/2021\/06\/PREMIOVE-RESTAURACE-CZE-2.png 1250w\" sizes=\"(max-width: 1024px) 100vw, 1024px\" \/><\/figure>\n\n\n\n<figure class=\"wp-block-table\"><table><tbody><tr><td>R<\/td><td>Santceloni<\/td><td><\/td><td>Madrid<\/td><\/tr><tr><td>R<\/td><td>Coque<\/td><td><\/td><td>Madrid<\/td><\/tr><tr><td>R<\/td><td>La Terraza del Casino<\/td><td><\/td><td>Madrid<\/td><\/tr><tr><td>R<\/td><td>A&#8217;Barra<\/td><td><\/td><td>Madrid<\/td><\/tr><tr><td>R<\/td><td>Gayt\u00e1n<\/td><td><\/td><td>Madrid<\/td><\/tr><tr><td>R<\/td><td>Yugo<\/td><td><\/td><td>Madrid<\/td><\/tr><tr><td>R<\/td><td>\u00c1lbora<\/td><td><\/td><td>Madrid<\/td><\/tr><tr><td>R<\/td><td>ABaC<\/td><td><\/td><td>Barcelona<\/td><\/tr><tr><td>R<\/td><td>Lasarte<\/td><td><\/td><td>Barcelona<\/td><\/tr><tr><td>R<\/td><td>Enoteca<\/td><td><\/td><td>Barcelona<\/td><\/tr><tr><td>R<\/td><td>Cocina Hermanos Torres<\/td><td><\/td><td>Barcelona<\/td><\/tr><tr><td>R<\/td><td>Via Veneto<\/td><td><\/td><td>Barcelona<\/td><\/tr><tr><td>R<\/td><td>Dos Palillos<\/td><td><\/td><td>Barcelona<\/td><\/tr><tr><td>R<\/td><td>Xerta<\/td><td><\/td><td>Barcelona<\/td><\/tr><tr><td>R<\/td><td>Oria<\/td><td><\/td><td>Barcelona<\/td><\/tr><tr><td>R<\/td><td>Jos\u00e9 Carlos Garc\u00eda<\/td><td><\/td><td>Malaga<\/td><\/tr><tr><td>R<\/td><td>KGB<\/td><td><\/td><td>Malaga<\/td><\/tr><tr><td>R<\/td><td>Fig\u00f3n de Juan<\/td><td><\/td><td>Malaga<\/td><\/tr><tr><td>R<\/td><td>Dani Garc\u00eda<\/td><td><\/td><td>Marbella<\/td><\/tr><tr><td>R<\/td><td>Skina<\/td><td><\/td><td>Marbella<\/td><\/tr><tr><td>R<\/td><td>Messina<\/td><td><\/td><td>Marbella<\/td><\/tr><\/tbody><\/table><\/figure>\n","protected":false},"excerpt":{"rendered":"<p>R Santceloni Madrid R Coque Madrid R La Terraza del Casino Madrid R A&#8217;Barra Madrid R Gayt\u00e1n Madrid R Yugo Madrid R \u00c1lbora Madrid R ABaC Barcelona R Lasarte Barcelona R Enoteca Barcelona R Cocina Hermanos Torres Barcelona R Via&#8230;<\/p>\n","protected":false},"author":1,"featured_media":0,"parent":0,"menu_order":0,"comment_status":"closed","ping_status":"closed","template":"","meta":[],"yoast_head":"<!-- This site is optimized with the Yoast SEO plugin v17.0 - https:\/\/yoast.com\/wordpress\/plugins\/seo\/ -->\n<title>\u0160pan\u011blsko - Premium Travel&amp;Dine Info<\/title>\n<meta name=\"robots\" content=\"index, follow, max-snippet:-1, max-image-preview:large, max-video-preview:-1\" \/>\n<link rel=\"canonical\" href=\"https:\/\/www.travelanddine.info\/index.php\/spanelsko-2\/\" \/>\n<meta property=\"og:locale\" content=\"cs_CZ\" \/>\n<meta property=\"og:type\" content=\"article\" \/>\n<meta property=\"og:title\" content=\"\u0160pan\u011blsko - Premium Travel&amp;Dine Info\" \/>\n<meta property=\"og:description\" content=\"R Santceloni Madrid R Coque Madrid R La Terraza del Casino Madrid R A&#8217;Barra Madrid R Gayt\u00e1n Madrid R Yugo Madrid R \u00c1lbora Madrid R ABaC Barcelona R Lasarte Barcelona R Enoteca Barcelona R Cocina Hermanos Torres Barcelona R Via...\" \/>\n<meta property=\"og:url\" content=\"https:\/\/www.travelanddine.info\/index.php\/spanelsko-2\/\" \/>\n<meta property=\"og:site_name\" content=\"Premium Travel&amp;Dine Info\" \/>\n<meta property=\"article:publisher\" content=\"http:\/\/www.facebook.com\/PremiumTravelAndDineInfo\" \/>\n<meta property=\"article:modified_time\" content=\"2021-06-11T12:23:44+00:00\" \/>\n<meta property=\"og:image\" content=\"http:\/\/www.travelanddine.info\/wp-content\/uploads\/2019\/07\/spain-2-1024x262.jpg\" \/>\n<meta name=\"twitter:card\" content=\"summary_large_image\" \/>\n<meta name=\"twitter:label1\" content=\"Odhadovan\u00e1 doba \u010dten\u00ed\" \/>\n\t<meta name=\"twitter:data1\" content=\"1 minuta\" \/>\n<script type=\"application\/ld+json\" class=\"yoast-schema-graph\">{\"@context\":\"https:\/\/schema.org\",\"@graph\":[{\"@type\":\"Organization\",\"@id\":\"https:\/\/www.travelanddine.info\/#organization\",\"name\":\"Premium Travel & Dine Info\",\"url\":\"https:\/\/www.travelanddine.info\/\",\"sameAs\":[\"http:\/\/www.facebook.com\/PremiumTravelAndDineInfo\",\"https:\/\/www.instagram.com\/premium_travel_and_dine_info\/\",\"https:\/\/www.youtube.com\/channel\/UCq4d7zmKK3AOuzDrR1p_2Qw\/featured?disable_polymer=1\"],\"logo\":{\"@type\":\"ImageObject\",\"@id\":\"https:\/\/www.travelanddine.info\/#logo\",\"inLanguage\":\"cs\",\"url\":\"https:\/\/www.travelanddine.info\/wp-content\/uploads\/2019\/01\/logo-premium-e1547240252292.jpg\",\"contentUrl\":\"https:\/\/www.travelanddine.info\/wp-content\/uploads\/2019\/01\/logo-premium-e1547240252292.jpg\",\"width\":1000,\"height\":406,\"caption\":\"Premium Travel & Dine Info\"},\"image\":{\"@id\":\"https:\/\/www.travelanddine.info\/#logo\"}},{\"@type\":\"WebSite\",\"@id\":\"https:\/\/www.travelanddine.info\/#website\",\"url\":\"https:\/\/www.travelanddine.info\/\",\"name\":\"Premium Travel&amp;Dine Info\",\"description\":\"tipy, doporu\\u010den\\u00ed, informace.. pro ty, kte\\u0159\\u00ed maj\\u00ed r\\u00e1di cestov\\u00e1n\\u00ed na vysok\\u00e9 \\u00farovni a skv\\u011bl\\u00e9 j\\u00eddlo\",\"publisher\":{\"@id\":\"https:\/\/www.travelanddine.info\/#organization\"},\"potentialAction\":[{\"@type\":\"SearchAction\",\"target\":{\"@type\":\"EntryPoint\",\"urlTemplate\":\"https:\/\/www.travelanddine.info\/?s={search_term_string}\"},\"query-input\":\"required name=search_term_string\"}],\"inLanguage\":\"cs\"},{\"@type\":\"ImageObject\",\"@id\":\"https:\/\/www.travelanddine.info\/index.php\/spanelsko-2\/#primaryimage\",\"inLanguage\":\"cs\",\"url\":\"http:\/\/www.travelanddine.info\/wp-content\/uploads\/2019\/07\/spain-2-1024x262.jpg\",\"contentUrl\":\"http:\/\/www.travelanddine.info\/wp-content\/uploads\/2019\/07\/spain-2-1024x262.jpg\"},{\"@type\":\"WebPage\",\"@id\":\"https:\/\/www.travelanddine.info\/index.php\/spanelsko-2\/#webpage\",\"url\":\"https:\/\/www.travelanddine.info\/index.php\/spanelsko-2\/\",\"name\":\"\\u0160pan\\u011blsko - Premium Travel&amp;Dine Info\",\"isPartOf\":{\"@id\":\"https:\/\/www.travelanddine.info\/#website\"},\"primaryImageOfPage\":{\"@id\":\"https:\/\/www.travelanddine.info\/index.php\/spanelsko-2\/#primaryimage\"},\"datePublished\":\"2019-07-08T21:34:59+00:00\",\"dateModified\":\"2021-06-11T12:23:44+00:00\",\"breadcrumb\":{\"@id\":\"https:\/\/www.travelanddine.info\/index.php\/spanelsko-2\/#breadcrumb\"},\"inLanguage\":\"cs\",\"potentialAction\":[{\"@type\":\"ReadAction\",\"target\":[\"https:\/\/www.travelanddine.info\/index.php\/spanelsko-2\/\"]}]},{\"@type\":\"BreadcrumbList\",\"@id\":\"https:\/\/www.travelanddine.info\/index.php\/spanelsko-2\/#breadcrumb\",\"itemListElement\":[{\"@type\":\"ListItem\",\"position\":1,\"name\":\"Dom\\u016f\",\"item\":\"https:\/\/www.travelanddine.info\/index.php\/en\/home\/\"},{\"@type\":\"ListItem\",\"position\":2,\"name\":\"\\u0160pan\\u011blsko\"}]}]}<\/script>\n<!-- \/ Yoast SEO plugin. -->","yoast_head_json":{"title":"\u0160pan\u011blsko - Premium Travel&amp;Dine Info","robots":{"index":"index","follow":"follow","max-snippet":"max-snippet:-1","max-image-preview":"max-image-preview:large","max-video-preview":"max-video-preview:-1"},"canonical":"https:\/\/www.travelanddine.info\/index.php\/spanelsko-2\/","og_locale":"cs_CZ","og_type":"article","og_title":"\u0160pan\u011blsko - Premium Travel&amp;Dine Info","og_description":"R Santceloni Madrid R Coque Madrid R La Terraza del Casino Madrid R A&#8217;Barra Madrid R Gayt\u00e1n Madrid R Yugo Madrid R \u00c1lbora Madrid R ABaC Barcelona R Lasarte Barcelona R Enoteca Barcelona R Cocina Hermanos Torres Barcelona R Via...","og_url":"https:\/\/www.travelanddine.info\/index.php\/spanelsko-2\/","og_site_name":"Premium Travel&amp;Dine Info","article_publisher":"http:\/\/www.facebook.com\/PremiumTravelAndDineInfo","article_modified_time":"2021-06-11T12:23:44+00:00","og_image":[{"url":"http:\/\/www.travelanddine.info\/wp-content\/uploads\/2019\/07\/spain-2-1024x262.jpg"}],"twitter_card":"summary_large_image","twitter_misc":{"Odhadovan\u00e1 doba \u010dten\u00ed":"1 minuta"},"schema":{"@context":"https:\/\/schema.org","@graph":[{"@type":"Organization","@id":"https:\/\/www.travelanddine.info\/#organization","name":"Premium Travel & Dine Info","url":"https:\/\/www.travelanddine.info\/","sameAs":["http:\/\/www.facebook.com\/PremiumTravelAndDineInfo","https:\/\/www.instagram.com\/premium_travel_and_dine_info\/","https:\/\/www.youtube.com\/channel\/UCq4d7zmKK3AOuzDrR1p_2Qw\/featured?disable_polymer=1"],"logo":{"@type":"ImageObject","@id":"https:\/\/www.travelanddine.info\/#logo","inLanguage":"cs","url":"https:\/\/www.travelanddine.info\/wp-content\/uploads\/2019\/01\/logo-premium-e1547240252292.jpg","contentUrl":"https:\/\/www.travelanddine.info\/wp-content\/uploads\/2019\/01\/logo-premium-e1547240252292.jpg","width":1000,"height":406,"caption":"Premium Travel & Dine Info"},"image":{"@id":"https:\/\/www.travelanddine.info\/#logo"}},{"@type":"WebSite","@id":"https:\/\/www.travelanddine.info\/#website","url":"https:\/\/www.travelanddine.info\/","name":"Premium Travel&amp;Dine Info","description":"tipy, doporu\u010den\u00ed, informace.. pro ty, kte\u0159\u00ed maj\u00ed r\u00e1di cestov\u00e1n\u00ed na vysok\u00e9 \u00farovni a skv\u011bl\u00e9 j\u00eddlo","publisher":{"@id":"https:\/\/www.travelanddine.info\/#organization"},"potentialAction":[{"@type":"SearchAction","target":{"@type":"EntryPoint","urlTemplate":"https:\/\/www.travelanddine.info\/?s={search_term_string}"},"query-input":"required name=search_term_string"}],"inLanguage":"cs"},{"@type":"ImageObject","@id":"https:\/\/www.travelanddine.info\/index.php\/spanelsko-2\/#primaryimage","inLanguage":"cs","url":"http:\/\/www.travelanddine.info\/wp-content\/uploads\/2019\/07\/spain-2-1024x262.jpg","contentUrl":"http:\/\/www.travelanddine.info\/wp-content\/uploads\/2019\/07\/spain-2-1024x262.jpg"},{"@type":"WebPage","@id":"https:\/\/www.travelanddine.info\/index.php\/spanelsko-2\/#webpage","url":"https:\/\/www.travelanddine.info\/index.php\/spanelsko-2\/","name":"\u0160pan\u011blsko - Premium Travel&amp;Dine Info","isPartOf":{"@id":"https:\/\/www.travelanddine.info\/#website"},"primaryImageOfPage":{"@id":"https:\/\/www.travelanddine.info\/index.php\/spanelsko-2\/#primaryimage"},"datePublished":"2019-07-08T21:34:59+00:00","dateModified":"2021-06-11T12:23:44+00:00","breadcrumb":{"@id":"https:\/\/www.travelanddine.info\/index.php\/spanelsko-2\/#breadcrumb"},"inLanguage":"cs","potentialAction":[{"@type":"ReadAction","target":["https:\/\/www.travelanddine.info\/index.php\/spanelsko-2\/"]}]},{"@type":"BreadcrumbList","@id":"https:\/\/www.travelanddine.info\/index.php\/spanelsko-2\/#breadcrumb","itemListElement":[{"@type":"ListItem","position":1,"name":"Dom\u016f","item":"https:\/\/www.travelanddine.info\/index.php\/en\/home\/"},{"@type":"ListItem","position":2,"name":"\u0160pan\u011blsko"}]}]}},"_links":{"self":[{"href":"https:\/\/www.travelanddine.info\/index.php\/wp-json\/wp\/v2\/pages\/2707"}],"collection":[{"href":"https:\/\/www.travelanddine.info\/index.php\/wp-json\/wp\/v2\/pages"}],"about":[{"href":"https:\/\/www.travelanddine.info\/index.php\/wp-json\/wp\/v2\/types\/page"}],"author":[{"embeddable":true,"href":"https:\/\/www.travelanddine.info\/index.php\/wp-json\/wp\/v2\/users\/1"}],"replies":[{"embeddable":true,"href":"https:\/\/www.travelanddine.info\/index.php\/wp-json\/wp\/v2\/comments?post=2707"}],"version-history":[{"count":4,"href":"https:\/\/www.travelanddine.info\/index.php\/wp-json\/wp\/v2\/pages\/2707\/revisions"}],"predecessor-version":[{"id":4642,"href":"https:\/\/www.travelanddine.info\/index.php\/wp-json\/wp\/v2\/pages\/2707\/revisions\/4642"}],"wp:attachment":[{"href":"https:\/\/www.travelanddine.info\/index.php\/wp-json\/wp\/v2\/media?parent=2707"}],"curies":[{"name":"wp","href":"https:\/\/api.w.org\/{rel}","templated":true}]}}