{"id":2734,"date":"2019-07-08T21:37:26","date_gmt":"2019-07-08T21:37:26","guid":{"rendered":"http:\/\/www.travelanddine.info\/?page_id=2734"},"modified":"2021-06-11T13:52:50","modified_gmt":"2021-06-11T13:52:50","slug":"mexico-2","status":"publish","type":"page","link":"https:\/\/www.travelanddine.info\/index.php\/en\/mexico-2\/","title":{"rendered":"Mexico"},"content":{"rendered":"\n<figure class=\"wp-block-image\"><img loading=\"lazy\" width=\"1024\" height=\"423\" src=\"https:\/\/www.travelanddine.info\/wp-content\/uploads\/2019\/07\/mexico-3-1024x423.jpg\" alt=\"\" class=\"wp-image-3171\" srcset=\"https:\/\/www.travelanddine.info\/wp-content\/uploads\/2019\/07\/mexico-3-1024x423.jpg 1024w, https:\/\/www.travelanddine.info\/wp-content\/uploads\/2019\/07\/mexico-3-300x124.jpg 300w, https:\/\/www.travelanddine.info\/wp-content\/uploads\/2019\/07\/mexico-3-768x317.jpg 768w, https:\/\/www.travelanddine.info\/wp-content\/uploads\/2019\/07\/mexico-3.jpg 1920w\" sizes=\"(max-width: 1024px) 100vw, 1024px\" \/><\/figure>\n\n\n\n<figure class=\"wp-block-image size-large\"><img loading=\"lazy\" width=\"1024\" height=\"39\" src=\"https:\/\/www.travelanddine.info\/wp-content\/uploads\/2021\/06\/PREMIOVE-RESTAURACE-ENG-12-1024x39.png\" alt=\"\" class=\"wp-image-4741\" srcset=\"https:\/\/www.travelanddine.info\/wp-content\/uploads\/2021\/06\/PREMIOVE-RESTAURACE-ENG-12-1024x39.png 1024w, https:\/\/www.travelanddine.info\/wp-content\/uploads\/2021\/06\/PREMIOVE-RESTAURACE-ENG-12-300x12.png 300w, https:\/\/www.travelanddine.info\/wp-content\/uploads\/2021\/06\/PREMIOVE-RESTAURACE-ENG-12-768x29.png 768w, https:\/\/www.travelanddine.info\/wp-content\/uploads\/2021\/06\/PREMIOVE-RESTAURACE-ENG-12.png 1250w\" sizes=\"(max-width: 1024px) 100vw, 1024px\" \/><\/figure>\n\n\n\n<figure class=\"wp-block-table\"><table><tbody><tr><td>R<\/td><td>Pujol<\/td><td><\/td><td>Mexico City<\/td><\/tr><tr><td>R<\/td><td>Zanaya<\/td><td><\/td><td>Mexico City<\/td><\/tr><tr><td>R<\/td><td>Quintonil<\/td><td><\/td><td>Mexico City<\/td><\/tr><tr><td>R<\/td><td>Diana<\/td><td><\/td><td>Mexico City<\/td><\/tr><tr><td>R<\/td><td>Lorea<\/td><td><\/td><td>Mexico City<\/td><\/tr><tr><td>R<\/td><td>Noso<\/td><td><\/td><td>Mexico City<\/td><\/tr><tr><td>R<\/td><td>Raiz<\/td><td><\/td><td>Mexico City<\/td><\/tr><tr><td>R<\/td><td>Lorenzillo\u2019s<\/td><td>seafood<\/td><td>Canc\u00fan<\/td><\/tr><tr><td>R<\/td><td>Thai Lounge Canc\u00fan<\/td><td>thai<\/td><td>Canc\u00fan<\/td><\/tr><tr><td>R<\/td><td>Du Mexique by Sonya Grimond<\/td><td>mexican<\/td><td>Canc\u00fan<\/td><\/tr><tr><td>R<\/td><td>Passion by Martin Berasategui&nbsp;<\/td><td>spanish<\/td><td>Playa del Carmen<\/td><\/tr><tr><td>R<\/td><td>Du Mexique&nbsp;<\/td><td>french<\/td><td>Playa del Carmen<\/td><\/tr><tr><td>R<\/td><td>Fantino&nbsp;<\/td><td>mediterranean<\/td><td>Playa del Carmen<\/td><\/tr><\/tbody><\/table><\/figure>\n","protected":false},"excerpt":{"rendered":"<p>R Pujol Mexico City R Zanaya Mexico City R Quintonil Mexico City R Diana Mexico City R Lorea Mexico City R Noso Mexico City R Raiz Mexico City R Lorenzillo\u2019s seafood Canc\u00fan R Thai Lounge Canc\u00fan thai Canc\u00fan R Du&#8230;<\/p>\n","protected":false},"author":1,"featured_media":0,"parent":0,"menu_order":0,"comment_status":"closed","ping_status":"closed","template":"","meta":[],"yoast_head":"<!-- This site is optimized with the Yoast SEO plugin v17.0 - https:\/\/yoast.com\/wordpress\/plugins\/seo\/ -->\n<title>Mexico - Premium Travel&amp;Dine Info<\/title>\n<meta name=\"robots\" content=\"index, follow, max-snippet:-1, max-image-preview:large, max-video-preview:-1\" \/>\n<link rel=\"canonical\" href=\"https:\/\/www.travelanddine.info\/index.php\/en\/mexico-2\/\" \/>\n<meta property=\"og:locale\" content=\"cs_CZ\" \/>\n<meta property=\"og:type\" content=\"article\" \/>\n<meta property=\"og:title\" content=\"Mexico - Premium Travel&amp;Dine Info\" \/>\n<meta property=\"og:description\" content=\"R Pujol Mexico City R Zanaya Mexico City R Quintonil Mexico City R Diana Mexico City R Lorea Mexico City R Noso Mexico City R Raiz Mexico City R Lorenzillo\u2019s seafood Canc\u00fan R Thai Lounge Canc\u00fan thai Canc\u00fan R Du...\" \/>\n<meta property=\"og:url\" content=\"https:\/\/www.travelanddine.info\/index.php\/en\/mexico-2\/\" \/>\n<meta property=\"og:site_name\" content=\"Premium Travel&amp;Dine Info\" \/>\n<meta property=\"article:publisher\" content=\"http:\/\/www.facebook.com\/PremiumTravelAndDineInfo\" \/>\n<meta property=\"article:modified_time\" content=\"2021-06-11T13:52:50+00:00\" \/>\n<meta property=\"og:image\" content=\"http:\/\/www.travelanddine.info\/wp-content\/uploads\/2019\/07\/mexico-3-1024x423.jpg\" \/>\n<meta name=\"twitter:card\" content=\"summary_large_image\" \/>\n<meta name=\"twitter:label1\" content=\"Odhadovan\u00e1 doba \u010dten\u00ed\" \/>\n\t<meta name=\"twitter:data1\" content=\"1 minuta\" \/>\n<script type=\"application\/ld+json\" class=\"yoast-schema-graph\">{\"@context\":\"https:\/\/schema.org\",\"@graph\":[{\"@type\":\"Organization\",\"@id\":\"https:\/\/www.travelanddine.info\/#organization\",\"name\":\"Premium Travel & Dine Info\",\"url\":\"https:\/\/www.travelanddine.info\/\",\"sameAs\":[\"http:\/\/www.facebook.com\/PremiumTravelAndDineInfo\",\"https:\/\/www.instagram.com\/premium_travel_and_dine_info\/\",\"https:\/\/www.youtube.com\/channel\/UCq4d7zmKK3AOuzDrR1p_2Qw\/featured?disable_polymer=1\"],\"logo\":{\"@type\":\"ImageObject\",\"@id\":\"https:\/\/www.travelanddine.info\/#logo\",\"inLanguage\":\"cs\",\"url\":\"https:\/\/www.travelanddine.info\/wp-content\/uploads\/2019\/01\/logo-premium-e1547240252292.jpg\",\"contentUrl\":\"https:\/\/www.travelanddine.info\/wp-content\/uploads\/2019\/01\/logo-premium-e1547240252292.jpg\",\"width\":1000,\"height\":406,\"caption\":\"Premium Travel & Dine Info\"},\"image\":{\"@id\":\"https:\/\/www.travelanddine.info\/#logo\"}},{\"@type\":\"WebSite\",\"@id\":\"https:\/\/www.travelanddine.info\/#website\",\"url\":\"https:\/\/www.travelanddine.info\/\",\"name\":\"Premium Travel&amp;Dine Info\",\"description\":\"tipy, doporu\\u010den\\u00ed, informace.. pro ty, kte\\u0159\\u00ed maj\\u00ed r\\u00e1di cestov\\u00e1n\\u00ed na vysok\\u00e9 \\u00farovni a skv\\u011bl\\u00e9 j\\u00eddlo\",\"publisher\":{\"@id\":\"https:\/\/www.travelanddine.info\/#organization\"},\"potentialAction\":[{\"@type\":\"SearchAction\",\"target\":{\"@type\":\"EntryPoint\",\"urlTemplate\":\"https:\/\/www.travelanddine.info\/?s={search_term_string}\"},\"query-input\":\"required name=search_term_string\"}],\"inLanguage\":\"cs\"},{\"@type\":\"ImageObject\",\"@id\":\"https:\/\/www.travelanddine.info\/index.php\/en\/mexico-2\/#primaryimage\",\"inLanguage\":\"cs\",\"url\":\"http:\/\/www.travelanddine.info\/wp-content\/uploads\/2019\/07\/mexico-3-1024x423.jpg\",\"contentUrl\":\"http:\/\/www.travelanddine.info\/wp-content\/uploads\/2019\/07\/mexico-3-1024x423.jpg\"},{\"@type\":\"WebPage\",\"@id\":\"https:\/\/www.travelanddine.info\/index.php\/en\/mexico-2\/#webpage\",\"url\":\"https:\/\/www.travelanddine.info\/index.php\/en\/mexico-2\/\",\"name\":\"Mexico - Premium Travel&amp;Dine Info\",\"isPartOf\":{\"@id\":\"https:\/\/www.travelanddine.info\/#website\"},\"primaryImageOfPage\":{\"@id\":\"https:\/\/www.travelanddine.info\/index.php\/en\/mexico-2\/#primaryimage\"},\"datePublished\":\"2019-07-08T21:37:26+00:00\",\"dateModified\":\"2021-06-11T13:52:50+00:00\",\"breadcrumb\":{\"@id\":\"https:\/\/www.travelanddine.info\/index.php\/en\/mexico-2\/#breadcrumb\"},\"inLanguage\":\"cs\",\"potentialAction\":[{\"@type\":\"ReadAction\",\"target\":[\"https:\/\/www.travelanddine.info\/index.php\/en\/mexico-2\/\"]}]},{\"@type\":\"BreadcrumbList\",\"@id\":\"https:\/\/www.travelanddine.info\/index.php\/en\/mexico-2\/#breadcrumb\",\"itemListElement\":[{\"@type\":\"ListItem\",\"position\":1,\"name\":\"Dom\\u016f\",\"item\":\"https:\/\/www.travelanddine.info\/index.php\/en\/home\/\"},{\"@type\":\"ListItem\",\"position\":2,\"name\":\"Mexico\"}]}]}<\/script>\n<!-- \/ Yoast SEO plugin. -->","yoast_head_json":{"title":"Mexico - Premium Travel&amp;Dine Info","robots":{"index":"index","follow":"follow","max-snippet":"max-snippet:-1","max-image-preview":"max-image-preview:large","max-video-preview":"max-video-preview:-1"},"canonical":"https:\/\/www.travelanddine.info\/index.php\/en\/mexico-2\/","og_locale":"cs_CZ","og_type":"article","og_title":"Mexico - Premium Travel&amp;Dine Info","og_description":"R Pujol Mexico City R Zanaya Mexico City R Quintonil Mexico City R Diana Mexico City R Lorea Mexico City R Noso Mexico City R Raiz Mexico City R Lorenzillo\u2019s seafood Canc\u00fan R Thai Lounge Canc\u00fan thai Canc\u00fan R Du...","og_url":"https:\/\/www.travelanddine.info\/index.php\/en\/mexico-2\/","og_site_name":"Premium Travel&amp;Dine Info","article_publisher":"http:\/\/www.facebook.com\/PremiumTravelAndDineInfo","article_modified_time":"2021-06-11T13:52:50+00:00","og_image":[{"url":"http:\/\/www.travelanddine.info\/wp-content\/uploads\/2019\/07\/mexico-3-1024x423.jpg"}],"twitter_card":"summary_large_image","twitter_misc":{"Odhadovan\u00e1 doba \u010dten\u00ed":"1 minuta"},"schema":{"@context":"https:\/\/schema.org","@graph":[{"@type":"Organization","@id":"https:\/\/www.travelanddine.info\/#organization","name":"Premium Travel & Dine Info","url":"https:\/\/www.travelanddine.info\/","sameAs":["http:\/\/www.facebook.com\/PremiumTravelAndDineInfo","https:\/\/www.instagram.com\/premium_travel_and_dine_info\/","https:\/\/www.youtube.com\/channel\/UCq4d7zmKK3AOuzDrR1p_2Qw\/featured?disable_polymer=1"],"logo":{"@type":"ImageObject","@id":"https:\/\/www.travelanddine.info\/#logo","inLanguage":"cs","url":"https:\/\/www.travelanddine.info\/wp-content\/uploads\/2019\/01\/logo-premium-e1547240252292.jpg","contentUrl":"https:\/\/www.travelanddine.info\/wp-content\/uploads\/2019\/01\/logo-premium-e1547240252292.jpg","width":1000,"height":406,"caption":"Premium Travel & Dine Info"},"image":{"@id":"https:\/\/www.travelanddine.info\/#logo"}},{"@type":"WebSite","@id":"https:\/\/www.travelanddine.info\/#website","url":"https:\/\/www.travelanddine.info\/","name":"Premium Travel&amp;Dine Info","description":"tipy, doporu\u010den\u00ed, informace.. pro ty, kte\u0159\u00ed maj\u00ed r\u00e1di cestov\u00e1n\u00ed na vysok\u00e9 \u00farovni a skv\u011bl\u00e9 j\u00eddlo","publisher":{"@id":"https:\/\/www.travelanddine.info\/#organization"},"potentialAction":[{"@type":"SearchAction","target":{"@type":"EntryPoint","urlTemplate":"https:\/\/www.travelanddine.info\/?s={search_term_string}"},"query-input":"required name=search_term_string"}],"inLanguage":"cs"},{"@type":"ImageObject","@id":"https:\/\/www.travelanddine.info\/index.php\/en\/mexico-2\/#primaryimage","inLanguage":"cs","url":"http:\/\/www.travelanddine.info\/wp-content\/uploads\/2019\/07\/mexico-3-1024x423.jpg","contentUrl":"http:\/\/www.travelanddine.info\/wp-content\/uploads\/2019\/07\/mexico-3-1024x423.jpg"},{"@type":"WebPage","@id":"https:\/\/www.travelanddine.info\/index.php\/en\/mexico-2\/#webpage","url":"https:\/\/www.travelanddine.info\/index.php\/en\/mexico-2\/","name":"Mexico - Premium Travel&amp;Dine Info","isPartOf":{"@id":"https:\/\/www.travelanddine.info\/#website"},"primaryImageOfPage":{"@id":"https:\/\/www.travelanddine.info\/index.php\/en\/mexico-2\/#primaryimage"},"datePublished":"2019-07-08T21:37:26+00:00","dateModified":"2021-06-11T13:52:50+00:00","breadcrumb":{"@id":"https:\/\/www.travelanddine.info\/index.php\/en\/mexico-2\/#breadcrumb"},"inLanguage":"cs","potentialAction":[{"@type":"ReadAction","target":["https:\/\/www.travelanddine.info\/index.php\/en\/mexico-2\/"]}]},{"@type":"BreadcrumbList","@id":"https:\/\/www.travelanddine.info\/index.php\/en\/mexico-2\/#breadcrumb","itemListElement":[{"@type":"ListItem","position":1,"name":"Dom\u016f","item":"https:\/\/www.travelanddine.info\/index.php\/en\/home\/"},{"@type":"ListItem","position":2,"name":"Mexico"}]}]}},"_links":{"self":[{"href":"https:\/\/www.travelanddine.info\/index.php\/wp-json\/wp\/v2\/pages\/2734"}],"collection":[{"href":"https:\/\/www.travelanddine.info\/index.php\/wp-json\/wp\/v2\/pages"}],"about":[{"href":"https:\/\/www.travelanddine.info\/index.php\/wp-json\/wp\/v2\/types\/page"}],"author":[{"embeddable":true,"href":"https:\/\/www.travelanddine.info\/index.php\/wp-json\/wp\/v2\/users\/1"}],"replies":[{"embeddable":true,"href":"https:\/\/www.travelanddine.info\/index.php\/wp-json\/wp\/v2\/comments?post=2734"}],"version-history":[{"count":3,"href":"https:\/\/www.travelanddine.info\/index.php\/wp-json\/wp\/v2\/pages\/2734\/revisions"}],"predecessor-version":[{"id":4742,"href":"https:\/\/www.travelanddine.info\/index.php\/wp-json\/wp\/v2\/pages\/2734\/revisions\/4742"}],"wp:attachment":[{"href":"https:\/\/www.travelanddine.info\/index.php\/wp-json\/wp\/v2\/media?parent=2734"}],"curies":[{"name":"wp","href":"https:\/\/api.w.org\/{rel}","templated":true}]}}