{"id":2743,"date":"2019-07-08T21:38:02","date_gmt":"2019-07-08T21:38:02","guid":{"rendered":"http:\/\/www.travelanddine.info\/?page_id=2743"},"modified":"2021-06-11T12:27:59","modified_gmt":"2021-06-11T12:27:59","slug":"brazilie-2","status":"publish","type":"page","link":"https:\/\/www.travelanddine.info\/index.php\/brazilie-2\/","title":{"rendered":"Brazilie"},"content":{"rendered":"\n<figure class=\"wp-block-image\"><img loading=\"lazy\" width=\"1024\" height=\"683\" src=\"https:\/\/www.travelanddine.info\/wp-content\/uploads\/2019\/07\/brazil-3-1024x683.jpg\" alt=\"\" class=\"wp-image-3181\" srcset=\"https:\/\/www.travelanddine.info\/wp-content\/uploads\/2019\/07\/brazil-3-1024x683.jpg 1024w, https:\/\/www.travelanddine.info\/wp-content\/uploads\/2019\/07\/brazil-3-300x200.jpg 300w, https:\/\/www.travelanddine.info\/wp-content\/uploads\/2019\/07\/brazil-3-768x512.jpg 768w, https:\/\/www.travelanddine.info\/wp-content\/uploads\/2019\/07\/brazil-3.jpg 1920w\" sizes=\"(max-width: 1024px) 100vw, 1024px\" \/><\/figure>\n\n\n\n<figure class=\"wp-block-image size-large\"><img loading=\"lazy\" width=\"1024\" height=\"39\" src=\"https:\/\/www.travelanddine.info\/wp-content\/uploads\/2021\/06\/PREMIOVE-RESTAURACE-CZE-9-1024x39.png\" alt=\"\" class=\"wp-image-4655\" srcset=\"https:\/\/www.travelanddine.info\/wp-content\/uploads\/2021\/06\/PREMIOVE-RESTAURACE-CZE-9-1024x39.png 1024w, https:\/\/www.travelanddine.info\/wp-content\/uploads\/2021\/06\/PREMIOVE-RESTAURACE-CZE-9-300x12.png 300w, https:\/\/www.travelanddine.info\/wp-content\/uploads\/2021\/06\/PREMIOVE-RESTAURACE-CZE-9-768x29.png 768w, https:\/\/www.travelanddine.info\/wp-content\/uploads\/2021\/06\/PREMIOVE-RESTAURACE-CZE-9.png 1250w\" sizes=\"(max-width: 1024px) 100vw, 1024px\" \/><\/figure>\n\n\n\n<figure class=\"wp-block-table\"><table><tbody><tr><td>R<\/td><td>Oro<\/td><td><\/td><td>Rio de Janeiro<\/td><\/tr><tr><td>R<\/td><td>Olympe<\/td><td>french<\/td><td>Rio de Janeiro<\/td><\/tr><tr><td>R<\/td><td>Mee<\/td><td>asian<\/td><td>Rio de Janeiro<\/td><\/tr><tr><td>R<\/td><td>Cipriani<\/td><td>italian<\/td><td>Rio de Janeiro<\/td><\/tr><tr><td>R<\/td><td>Lasai<\/td><td><\/td><td>Rio de Janeiro<\/td><\/tr><tr><td>R<\/td><td>Oteque<\/td><td><\/td><td>Rio de Janeiro<\/td><\/tr><tr><td>R<\/td><td>T\u00e9r\u00e8ze<\/td><td><\/td><td>Rio de Janeiro<\/td><\/tr><tr><td>R<\/td><td>D.O.M.<\/td><td><\/td><td>Sao Paolo<\/td><\/tr><tr><td>R<\/td><td>Tuju<\/td><td><\/td><td>Sao Paolo<\/td><\/tr><tr><td>R<\/td><td>Tangar\u00e1 Jean-Georges<\/td><td><\/td><td>Sao Paolo<\/td><\/tr><tr><td>R<\/td><td>Picchi<\/td><td>italian<\/td><td>Sao Paolo<\/td><\/tr><tr><td>R<\/td><td>Jun Sakamoto<\/td><td>japanese<\/td><td>Sao Paolo<\/td><\/tr><tr><td>R<\/td><td>Man\u00ed<\/td><td><\/td><td>Sao Paolo<\/td><\/tr><tr><td>R<\/td><td>Ryo Gastronomia<\/td><td>japanese<\/td><td>Sao Paolo<\/td><\/tr><tr><td>R<\/td><td>Evvai<\/td><td><\/td><td>Sao Paolo<\/td><\/tr><tr><td>R<\/td><td>Kinoshita<\/td><td>japanese<\/td><td>Sao Paolo<\/td><\/tr><\/tbody><\/table><\/figure>\n","protected":false},"excerpt":{"rendered":"<p>R Oro Rio de Janeiro R Olympe french Rio de Janeiro R Mee asian Rio de Janeiro R Cipriani italian Rio de Janeiro R Lasai Rio de Janeiro R Oteque Rio de Janeiro R T\u00e9r\u00e8ze Rio de Janeiro R D.O.M&#8230;.<\/p>\n","protected":false},"author":1,"featured_media":0,"parent":0,"menu_order":0,"comment_status":"closed","ping_status":"closed","template":"","meta":[],"yoast_head":"<!-- This site is optimized with the Yoast SEO plugin v17.0 - https:\/\/yoast.com\/wordpress\/plugins\/seo\/ -->\n<title>Brazilie - Premium Travel&amp;Dine Info<\/title>\n<meta name=\"robots\" content=\"index, follow, max-snippet:-1, max-image-preview:large, max-video-preview:-1\" \/>\n<link rel=\"canonical\" href=\"https:\/\/www.travelanddine.info\/index.php\/brazilie-2\/\" \/>\n<meta property=\"og:locale\" content=\"cs_CZ\" \/>\n<meta property=\"og:type\" content=\"article\" \/>\n<meta property=\"og:title\" content=\"Brazilie - Premium Travel&amp;Dine Info\" \/>\n<meta property=\"og:description\" content=\"R Oro Rio de Janeiro R Olympe french Rio de Janeiro R Mee asian Rio de Janeiro R Cipriani italian Rio de Janeiro R Lasai Rio de Janeiro R Oteque Rio de Janeiro R T\u00e9r\u00e8ze Rio de Janeiro R D.O.M....\" \/>\n<meta property=\"og:url\" content=\"https:\/\/www.travelanddine.info\/index.php\/brazilie-2\/\" \/>\n<meta property=\"og:site_name\" content=\"Premium Travel&amp;Dine Info\" \/>\n<meta property=\"article:publisher\" content=\"http:\/\/www.facebook.com\/PremiumTravelAndDineInfo\" \/>\n<meta property=\"article:modified_time\" content=\"2021-06-11T12:27:59+00:00\" \/>\n<meta property=\"og:image\" content=\"http:\/\/www.travelanddine.info\/wp-content\/uploads\/2019\/07\/brazil-3-1024x683.jpg\" \/>\n<meta name=\"twitter:card\" content=\"summary_large_image\" \/>\n<meta name=\"twitter:label1\" content=\"Odhadovan\u00e1 doba \u010dten\u00ed\" \/>\n\t<meta name=\"twitter:data1\" content=\"1 minuta\" \/>\n<script type=\"application\/ld+json\" class=\"yoast-schema-graph\">{\"@context\":\"https:\/\/schema.org\",\"@graph\":[{\"@type\":\"Organization\",\"@id\":\"https:\/\/www.travelanddine.info\/#organization\",\"name\":\"Premium Travel & Dine Info\",\"url\":\"https:\/\/www.travelanddine.info\/\",\"sameAs\":[\"http:\/\/www.facebook.com\/PremiumTravelAndDineInfo\",\"https:\/\/www.instagram.com\/premium_travel_and_dine_info\/\",\"https:\/\/www.youtube.com\/channel\/UCq4d7zmKK3AOuzDrR1p_2Qw\/featured?disable_polymer=1\"],\"logo\":{\"@type\":\"ImageObject\",\"@id\":\"https:\/\/www.travelanddine.info\/#logo\",\"inLanguage\":\"cs\",\"url\":\"https:\/\/www.travelanddine.info\/wp-content\/uploads\/2019\/01\/logo-premium-e1547240252292.jpg\",\"contentUrl\":\"https:\/\/www.travelanddine.info\/wp-content\/uploads\/2019\/01\/logo-premium-e1547240252292.jpg\",\"width\":1000,\"height\":406,\"caption\":\"Premium Travel & Dine Info\"},\"image\":{\"@id\":\"https:\/\/www.travelanddine.info\/#logo\"}},{\"@type\":\"WebSite\",\"@id\":\"https:\/\/www.travelanddine.info\/#website\",\"url\":\"https:\/\/www.travelanddine.info\/\",\"name\":\"Premium Travel&amp;Dine Info\",\"description\":\"tipy, doporu\\u010den\\u00ed, informace.. pro ty, kte\\u0159\\u00ed maj\\u00ed r\\u00e1di cestov\\u00e1n\\u00ed na vysok\\u00e9 \\u00farovni a skv\\u011bl\\u00e9 j\\u00eddlo\",\"publisher\":{\"@id\":\"https:\/\/www.travelanddine.info\/#organization\"},\"potentialAction\":[{\"@type\":\"SearchAction\",\"target\":{\"@type\":\"EntryPoint\",\"urlTemplate\":\"https:\/\/www.travelanddine.info\/?s={search_term_string}\"},\"query-input\":\"required name=search_term_string\"}],\"inLanguage\":\"cs\"},{\"@type\":\"ImageObject\",\"@id\":\"https:\/\/www.travelanddine.info\/index.php\/brazilie-2\/#primaryimage\",\"inLanguage\":\"cs\",\"url\":\"http:\/\/www.travelanddine.info\/wp-content\/uploads\/2019\/07\/brazil-3-1024x683.jpg\",\"contentUrl\":\"http:\/\/www.travelanddine.info\/wp-content\/uploads\/2019\/07\/brazil-3-1024x683.jpg\"},{\"@type\":\"WebPage\",\"@id\":\"https:\/\/www.travelanddine.info\/index.php\/brazilie-2\/#webpage\",\"url\":\"https:\/\/www.travelanddine.info\/index.php\/brazilie-2\/\",\"name\":\"Brazilie - Premium Travel&amp;Dine Info\",\"isPartOf\":{\"@id\":\"https:\/\/www.travelanddine.info\/#website\"},\"primaryImageOfPage\":{\"@id\":\"https:\/\/www.travelanddine.info\/index.php\/brazilie-2\/#primaryimage\"},\"datePublished\":\"2019-07-08T21:38:02+00:00\",\"dateModified\":\"2021-06-11T12:27:59+00:00\",\"breadcrumb\":{\"@id\":\"https:\/\/www.travelanddine.info\/index.php\/brazilie-2\/#breadcrumb\"},\"inLanguage\":\"cs\",\"potentialAction\":[{\"@type\":\"ReadAction\",\"target\":[\"https:\/\/www.travelanddine.info\/index.php\/brazilie-2\/\"]}]},{\"@type\":\"BreadcrumbList\",\"@id\":\"https:\/\/www.travelanddine.info\/index.php\/brazilie-2\/#breadcrumb\",\"itemListElement\":[{\"@type\":\"ListItem\",\"position\":1,\"name\":\"Dom\\u016f\",\"item\":\"https:\/\/www.travelanddine.info\/index.php\/en\/home\/\"},{\"@type\":\"ListItem\",\"position\":2,\"name\":\"Brazilie\"}]}]}<\/script>\n<!-- \/ Yoast SEO plugin. -->","yoast_head_json":{"title":"Brazilie - Premium Travel&amp;Dine Info","robots":{"index":"index","follow":"follow","max-snippet":"max-snippet:-1","max-image-preview":"max-image-preview:large","max-video-preview":"max-video-preview:-1"},"canonical":"https:\/\/www.travelanddine.info\/index.php\/brazilie-2\/","og_locale":"cs_CZ","og_type":"article","og_title":"Brazilie - Premium Travel&amp;Dine Info","og_description":"R Oro Rio de Janeiro R Olympe french Rio de Janeiro R Mee asian Rio de Janeiro R Cipriani italian Rio de Janeiro R Lasai Rio de Janeiro R Oteque Rio de Janeiro R T\u00e9r\u00e8ze Rio de Janeiro R D.O.M....","og_url":"https:\/\/www.travelanddine.info\/index.php\/brazilie-2\/","og_site_name":"Premium Travel&amp;Dine Info","article_publisher":"http:\/\/www.facebook.com\/PremiumTravelAndDineInfo","article_modified_time":"2021-06-11T12:27:59+00:00","og_image":[{"url":"http:\/\/www.travelanddine.info\/wp-content\/uploads\/2019\/07\/brazil-3-1024x683.jpg"}],"twitter_card":"summary_large_image","twitter_misc":{"Odhadovan\u00e1 doba \u010dten\u00ed":"1 minuta"},"schema":{"@context":"https:\/\/schema.org","@graph":[{"@type":"Organization","@id":"https:\/\/www.travelanddine.info\/#organization","name":"Premium Travel & Dine Info","url":"https:\/\/www.travelanddine.info\/","sameAs":["http:\/\/www.facebook.com\/PremiumTravelAndDineInfo","https:\/\/www.instagram.com\/premium_travel_and_dine_info\/","https:\/\/www.youtube.com\/channel\/UCq4d7zmKK3AOuzDrR1p_2Qw\/featured?disable_polymer=1"],"logo":{"@type":"ImageObject","@id":"https:\/\/www.travelanddine.info\/#logo","inLanguage":"cs","url":"https:\/\/www.travelanddine.info\/wp-content\/uploads\/2019\/01\/logo-premium-e1547240252292.jpg","contentUrl":"https:\/\/www.travelanddine.info\/wp-content\/uploads\/2019\/01\/logo-premium-e1547240252292.jpg","width":1000,"height":406,"caption":"Premium Travel & Dine Info"},"image":{"@id":"https:\/\/www.travelanddine.info\/#logo"}},{"@type":"WebSite","@id":"https:\/\/www.travelanddine.info\/#website","url":"https:\/\/www.travelanddine.info\/","name":"Premium Travel&amp;Dine Info","description":"tipy, doporu\u010den\u00ed, informace.. pro ty, kte\u0159\u00ed maj\u00ed r\u00e1di cestov\u00e1n\u00ed na vysok\u00e9 \u00farovni a skv\u011bl\u00e9 j\u00eddlo","publisher":{"@id":"https:\/\/www.travelanddine.info\/#organization"},"potentialAction":[{"@type":"SearchAction","target":{"@type":"EntryPoint","urlTemplate":"https:\/\/www.travelanddine.info\/?s={search_term_string}"},"query-input":"required name=search_term_string"}],"inLanguage":"cs"},{"@type":"ImageObject","@id":"https:\/\/www.travelanddine.info\/index.php\/brazilie-2\/#primaryimage","inLanguage":"cs","url":"http:\/\/www.travelanddine.info\/wp-content\/uploads\/2019\/07\/brazil-3-1024x683.jpg","contentUrl":"http:\/\/www.travelanddine.info\/wp-content\/uploads\/2019\/07\/brazil-3-1024x683.jpg"},{"@type":"WebPage","@id":"https:\/\/www.travelanddine.info\/index.php\/brazilie-2\/#webpage","url":"https:\/\/www.travelanddine.info\/index.php\/brazilie-2\/","name":"Brazilie - Premium Travel&amp;Dine Info","isPartOf":{"@id":"https:\/\/www.travelanddine.info\/#website"},"primaryImageOfPage":{"@id":"https:\/\/www.travelanddine.info\/index.php\/brazilie-2\/#primaryimage"},"datePublished":"2019-07-08T21:38:02+00:00","dateModified":"2021-06-11T12:27:59+00:00","breadcrumb":{"@id":"https:\/\/www.travelanddine.info\/index.php\/brazilie-2\/#breadcrumb"},"inLanguage":"cs","potentialAction":[{"@type":"ReadAction","target":["https:\/\/www.travelanddine.info\/index.php\/brazilie-2\/"]}]},{"@type":"BreadcrumbList","@id":"https:\/\/www.travelanddine.info\/index.php\/brazilie-2\/#breadcrumb","itemListElement":[{"@type":"ListItem","position":1,"name":"Dom\u016f","item":"https:\/\/www.travelanddine.info\/index.php\/en\/home\/"},{"@type":"ListItem","position":2,"name":"Brazilie"}]}]}},"_links":{"self":[{"href":"https:\/\/www.travelanddine.info\/index.php\/wp-json\/wp\/v2\/pages\/2743"}],"collection":[{"href":"https:\/\/www.travelanddine.info\/index.php\/wp-json\/wp\/v2\/pages"}],"about":[{"href":"https:\/\/www.travelanddine.info\/index.php\/wp-json\/wp\/v2\/types\/page"}],"author":[{"embeddable":true,"href":"https:\/\/www.travelanddine.info\/index.php\/wp-json\/wp\/v2\/users\/1"}],"replies":[{"embeddable":true,"href":"https:\/\/www.travelanddine.info\/index.php\/wp-json\/wp\/v2\/comments?post=2743"}],"version-history":[{"count":4,"href":"https:\/\/www.travelanddine.info\/index.php\/wp-json\/wp\/v2\/pages\/2743\/revisions"}],"predecessor-version":[{"id":4656,"href":"https:\/\/www.travelanddine.info\/index.php\/wp-json\/wp\/v2\/pages\/2743\/revisions\/4656"}],"wp:attachment":[{"href":"https:\/\/www.travelanddine.info\/index.php\/wp-json\/wp\/v2\/media?parent=2743"}],"curies":[{"name":"wp","href":"https:\/\/api.w.org\/{rel}","templated":true}]}}