{"id":2749,"date":"2019-07-08T21:39:22","date_gmt":"2019-07-08T21:39:22","guid":{"rendered":"http:\/\/www.travelanddine.info\/?page_id=2749"},"modified":"2021-05-18T13:29:39","modified_gmt":"2021-05-18T13:29:39","slug":"taiwan-3","status":"publish","type":"page","link":"https:\/\/www.travelanddine.info\/index.php\/taiwan-3\/","title":{"rendered":"Taiwan"},"content":{"rendered":"\n<figure class=\"wp-block-image\"><img loading=\"lazy\" width=\"1024\" height=\"576\" src=\"https:\/\/www.travelanddine.info\/wp-content\/uploads\/2019\/07\/taiwan-1024x576.jpg\" alt=\"\" class=\"wp-image-2837\" srcset=\"https:\/\/www.travelanddine.info\/wp-content\/uploads\/2019\/07\/taiwan-1024x576.jpg 1024w, https:\/\/www.travelanddine.info\/wp-content\/uploads\/2019\/07\/taiwan-300x169.jpg 300w, https:\/\/www.travelanddine.info\/wp-content\/uploads\/2019\/07\/taiwan-768x432.jpg 768w, https:\/\/www.travelanddine.info\/wp-content\/uploads\/2019\/07\/taiwan.jpg 1920w\" sizes=\"(max-width: 1024px) 100vw, 1024px\" \/><\/figure>\n\n\n\n<div class=\"wp-block-image\"><figure class=\"aligncenter size-large\"><img loading=\"lazy\" width=\"1024\" height=\"39\" src=\"https:\/\/www.travelanddine.info\/wp-content\/uploads\/2021\/05\/PREMIOVE-HOTELY-CZE-2-1024x39.png\" alt=\"\" class=\"wp-image-4190\" srcset=\"https:\/\/www.travelanddine.info\/wp-content\/uploads\/2021\/05\/PREMIOVE-HOTELY-CZE-2-1024x39.png 1024w, https:\/\/www.travelanddine.info\/wp-content\/uploads\/2021\/05\/PREMIOVE-HOTELY-CZE-2-300x12.png 300w, https:\/\/www.travelanddine.info\/wp-content\/uploads\/2021\/05\/PREMIOVE-HOTELY-CZE-2-768x29.png 768w, https:\/\/www.travelanddine.info\/wp-content\/uploads\/2021\/05\/PREMIOVE-HOTELY-CZE-2.png 1250w\" sizes=\"(max-width: 1024px) 100vw, 1024px\" \/><\/figure><\/div>\n\n\n\n<figure class=\"wp-block-table\"><table><tbody><tr><td><\/td><td class=\"has-text-align-center\" data-align=\"center\"><\/td><\/tr><tr><td><\/td><td class=\"has-text-align-center\" data-align=\"center\"><\/td><\/tr><tr><td>H<\/td><td class=\"has-text-align-center\" data-align=\"center\">MANDARIN ORIENTAL<\/td><\/tr><tr><td>H<\/td><td class=\"has-text-align-center\" data-align=\"center\">GRAND VIEW RESORT BEITOU<\/td><\/tr><tr><td>H<\/td><td class=\"has-text-align-center\" data-align=\"center\">W TAIPEI<\/td><\/tr><tr><td>H<\/td><td class=\"has-text-align-center\" data-align=\"center\">THE OKURA PRESTIGE&nbsp;<\/td><\/tr><tr><td>H<\/td><td class=\"has-text-align-center\" data-align=\"center\">LE MERIDIEN<\/td><\/tr><tr><td>H<\/td><td class=\"has-text-align-center\" data-align=\"center\">REGENT<\/td><\/tr><tr><td>H<\/td><td class=\"has-text-align-center\" data-align=\"center\">SHANGRI-LA FAR EASTERN PLAZA<\/td><\/tr><tr><td>H<\/td><td class=\"has-text-align-center\" data-align=\"center\">GRAND HYATT<\/td><\/tr><tr><td>H<\/td><td class=\"has-text-align-center\" data-align=\"center\">PROVERBS<\/td><\/tr><tr><td>H<\/td><td class=\"has-text-align-center\" data-align=\"center\">PALAIS DE CHINE<\/td><\/tr><tr><td>H<\/td><td class=\"has-text-align-center\" data-align=\"center\">THE SHERWOOD<\/td><\/tr><tr><td>H<\/td><td class=\"has-text-align-center\" data-align=\"center\">TAIPEI MARRIOTT<\/td><\/tr><tr><td>H<\/td><td class=\"has-text-align-center\" data-align=\"center\">ESLITE<\/td><\/tr><tr><td>H<\/td><td class=\"has-text-align-center\" data-align=\"center\">RENAISSANCE TAIPEI SHIHLIN<\/td><\/tr><tr><td>H<\/td><td class=\"has-text-align-center\" data-align=\"center\">THE LANDIS<\/td><\/tr><tr><td>H<\/td><td class=\"has-text-align-center\" data-align=\"center\">SHERATON GRAND TAIPEI<\/td><\/tr><tr><td>H<\/td><td class=\"has-text-align-center\" data-align=\"center\">ROYAL NIKKO<\/td><\/tr><tr><td>H<\/td><td class=\"has-text-align-center\" data-align=\"center\">THE WESTIN<\/td><\/tr><tr><td>H<\/td><td class=\"has-text-align-center\" data-align=\"center\">ECLAT<\/td><\/tr><tr><td>H<\/td><td class=\"has-text-align-center\" data-align=\"center\">GRAND MAYFULL<\/td><\/tr><\/tbody><\/table><\/figure>\n\n\n\n<div class=\"wp-block-columns has-2-columns\">\n<div class=\"wp-block-column\"><\/div>\n\n\n\n<div class=\"wp-block-column\"><\/div>\n<\/div>\n","protected":false},"excerpt":{"rendered":"<p>H MANDARIN ORIENTAL H GRAND VIEW RESORT BEITOU H W TAIPEI H THE OKURA PRESTIGE&nbsp; H LE MERIDIEN H REGENT H SHANGRI-LA FAR EASTERN PLAZA H GRAND HYATT H PROVERBS H PALAIS DE CHINE H THE SHERWOOD H TAIPEI MARRIOTT&#8230;<\/p>\n","protected":false},"author":1,"featured_media":0,"parent":0,"menu_order":0,"comment_status":"closed","ping_status":"closed","template":"","meta":[],"yoast_head":"<!-- This site is optimized with the Yoast SEO plugin v17.0 - https:\/\/yoast.com\/wordpress\/plugins\/seo\/ -->\n<title>Taiwan - Premium Travel&amp;Dine Info<\/title>\n<meta name=\"robots\" content=\"index, follow, max-snippet:-1, max-image-preview:large, max-video-preview:-1\" \/>\n<link rel=\"canonical\" href=\"https:\/\/www.travelanddine.info\/index.php\/taiwan-3\/\" \/>\n<meta property=\"og:locale\" content=\"cs_CZ\" \/>\n<meta property=\"og:type\" content=\"article\" \/>\n<meta property=\"og:title\" content=\"Taiwan - Premium Travel&amp;Dine Info\" \/>\n<meta property=\"og:description\" content=\"H MANDARIN ORIENTAL H GRAND VIEW RESORT BEITOU H W TAIPEI H THE OKURA PRESTIGE&nbsp; H LE MERIDIEN H REGENT H SHANGRI-LA FAR EASTERN PLAZA H GRAND HYATT H PROVERBS H PALAIS DE CHINE H THE SHERWOOD H TAIPEI MARRIOTT...\" \/>\n<meta property=\"og:url\" content=\"https:\/\/www.travelanddine.info\/index.php\/taiwan-3\/\" \/>\n<meta property=\"og:site_name\" content=\"Premium Travel&amp;Dine Info\" \/>\n<meta property=\"article:publisher\" content=\"http:\/\/www.facebook.com\/PremiumTravelAndDineInfo\" \/>\n<meta property=\"article:modified_time\" content=\"2021-05-18T13:29:39+00:00\" \/>\n<meta property=\"og:image\" content=\"http:\/\/www.travelanddine.info\/wp-content\/uploads\/2019\/07\/taiwan-1024x576.jpg\" \/>\n<meta name=\"twitter:card\" content=\"summary_large_image\" \/>\n<meta name=\"twitter:label1\" content=\"Odhadovan\u00e1 doba \u010dten\u00ed\" \/>\n\t<meta name=\"twitter:data1\" content=\"1 minuta\" \/>\n<script type=\"application\/ld+json\" class=\"yoast-schema-graph\">{\"@context\":\"https:\/\/schema.org\",\"@graph\":[{\"@type\":\"Organization\",\"@id\":\"https:\/\/www.travelanddine.info\/#organization\",\"name\":\"Premium Travel & Dine Info\",\"url\":\"https:\/\/www.travelanddine.info\/\",\"sameAs\":[\"http:\/\/www.facebook.com\/PremiumTravelAndDineInfo\",\"https:\/\/www.instagram.com\/premium_travel_and_dine_info\/\",\"https:\/\/www.youtube.com\/channel\/UCq4d7zmKK3AOuzDrR1p_2Qw\/featured?disable_polymer=1\"],\"logo\":{\"@type\":\"ImageObject\",\"@id\":\"https:\/\/www.travelanddine.info\/#logo\",\"inLanguage\":\"cs\",\"url\":\"https:\/\/www.travelanddine.info\/wp-content\/uploads\/2019\/01\/logo-premium-e1547240252292.jpg\",\"contentUrl\":\"https:\/\/www.travelanddine.info\/wp-content\/uploads\/2019\/01\/logo-premium-e1547240252292.jpg\",\"width\":1000,\"height\":406,\"caption\":\"Premium Travel & Dine Info\"},\"image\":{\"@id\":\"https:\/\/www.travelanddine.info\/#logo\"}},{\"@type\":\"WebSite\",\"@id\":\"https:\/\/www.travelanddine.info\/#website\",\"url\":\"https:\/\/www.travelanddine.info\/\",\"name\":\"Premium Travel&amp;Dine Info\",\"description\":\"tipy, doporu\\u010den\\u00ed, informace.. pro ty, kte\\u0159\\u00ed maj\\u00ed r\\u00e1di cestov\\u00e1n\\u00ed na vysok\\u00e9 \\u00farovni a skv\\u011bl\\u00e9 j\\u00eddlo\",\"publisher\":{\"@id\":\"https:\/\/www.travelanddine.info\/#organization\"},\"potentialAction\":[{\"@type\":\"SearchAction\",\"target\":{\"@type\":\"EntryPoint\",\"urlTemplate\":\"https:\/\/www.travelanddine.info\/?s={search_term_string}\"},\"query-input\":\"required name=search_term_string\"}],\"inLanguage\":\"cs\"},{\"@type\":\"ImageObject\",\"@id\":\"https:\/\/www.travelanddine.info\/index.php\/taiwan-3\/#primaryimage\",\"inLanguage\":\"cs\",\"url\":\"http:\/\/www.travelanddine.info\/wp-content\/uploads\/2019\/07\/taiwan-1024x576.jpg\",\"contentUrl\":\"http:\/\/www.travelanddine.info\/wp-content\/uploads\/2019\/07\/taiwan-1024x576.jpg\"},{\"@type\":\"WebPage\",\"@id\":\"https:\/\/www.travelanddine.info\/index.php\/taiwan-3\/#webpage\",\"url\":\"https:\/\/www.travelanddine.info\/index.php\/taiwan-3\/\",\"name\":\"Taiwan - Premium Travel&amp;Dine Info\",\"isPartOf\":{\"@id\":\"https:\/\/www.travelanddine.info\/#website\"},\"primaryImageOfPage\":{\"@id\":\"https:\/\/www.travelanddine.info\/index.php\/taiwan-3\/#primaryimage\"},\"datePublished\":\"2019-07-08T21:39:22+00:00\",\"dateModified\":\"2021-05-18T13:29:39+00:00\",\"breadcrumb\":{\"@id\":\"https:\/\/www.travelanddine.info\/index.php\/taiwan-3\/#breadcrumb\"},\"inLanguage\":\"cs\",\"potentialAction\":[{\"@type\":\"ReadAction\",\"target\":[\"https:\/\/www.travelanddine.info\/index.php\/taiwan-3\/\"]}]},{\"@type\":\"BreadcrumbList\",\"@id\":\"https:\/\/www.travelanddine.info\/index.php\/taiwan-3\/#breadcrumb\",\"itemListElement\":[{\"@type\":\"ListItem\",\"position\":1,\"name\":\"Dom\\u016f\",\"item\":\"https:\/\/www.travelanddine.info\/index.php\/en\/home\/\"},{\"@type\":\"ListItem\",\"position\":2,\"name\":\"Taiwan\"}]}]}<\/script>\n<!-- \/ Yoast SEO plugin. -->","yoast_head_json":{"title":"Taiwan - Premium Travel&amp;Dine Info","robots":{"index":"index","follow":"follow","max-snippet":"max-snippet:-1","max-image-preview":"max-image-preview:large","max-video-preview":"max-video-preview:-1"},"canonical":"https:\/\/www.travelanddine.info\/index.php\/taiwan-3\/","og_locale":"cs_CZ","og_type":"article","og_title":"Taiwan - Premium Travel&amp;Dine Info","og_description":"H MANDARIN ORIENTAL H GRAND VIEW RESORT BEITOU H W TAIPEI H THE OKURA PRESTIGE&nbsp; H LE MERIDIEN H REGENT H SHANGRI-LA FAR EASTERN PLAZA H GRAND HYATT H PROVERBS H PALAIS DE CHINE H THE SHERWOOD H TAIPEI MARRIOTT...","og_url":"https:\/\/www.travelanddine.info\/index.php\/taiwan-3\/","og_site_name":"Premium Travel&amp;Dine Info","article_publisher":"http:\/\/www.facebook.com\/PremiumTravelAndDineInfo","article_modified_time":"2021-05-18T13:29:39+00:00","og_image":[{"url":"http:\/\/www.travelanddine.info\/wp-content\/uploads\/2019\/07\/taiwan-1024x576.jpg"}],"twitter_card":"summary_large_image","twitter_misc":{"Odhadovan\u00e1 doba \u010dten\u00ed":"1 minuta"},"schema":{"@context":"https:\/\/schema.org","@graph":[{"@type":"Organization","@id":"https:\/\/www.travelanddine.info\/#organization","name":"Premium Travel & Dine Info","url":"https:\/\/www.travelanddine.info\/","sameAs":["http:\/\/www.facebook.com\/PremiumTravelAndDineInfo","https:\/\/www.instagram.com\/premium_travel_and_dine_info\/","https:\/\/www.youtube.com\/channel\/UCq4d7zmKK3AOuzDrR1p_2Qw\/featured?disable_polymer=1"],"logo":{"@type":"ImageObject","@id":"https:\/\/www.travelanddine.info\/#logo","inLanguage":"cs","url":"https:\/\/www.travelanddine.info\/wp-content\/uploads\/2019\/01\/logo-premium-e1547240252292.jpg","contentUrl":"https:\/\/www.travelanddine.info\/wp-content\/uploads\/2019\/01\/logo-premium-e1547240252292.jpg","width":1000,"height":406,"caption":"Premium Travel & Dine Info"},"image":{"@id":"https:\/\/www.travelanddine.info\/#logo"}},{"@type":"WebSite","@id":"https:\/\/www.travelanddine.info\/#website","url":"https:\/\/www.travelanddine.info\/","name":"Premium Travel&amp;Dine Info","description":"tipy, doporu\u010den\u00ed, informace.. pro ty, kte\u0159\u00ed maj\u00ed r\u00e1di cestov\u00e1n\u00ed na vysok\u00e9 \u00farovni a skv\u011bl\u00e9 j\u00eddlo","publisher":{"@id":"https:\/\/www.travelanddine.info\/#organization"},"potentialAction":[{"@type":"SearchAction","target":{"@type":"EntryPoint","urlTemplate":"https:\/\/www.travelanddine.info\/?s={search_term_string}"},"query-input":"required name=search_term_string"}],"inLanguage":"cs"},{"@type":"ImageObject","@id":"https:\/\/www.travelanddine.info\/index.php\/taiwan-3\/#primaryimage","inLanguage":"cs","url":"http:\/\/www.travelanddine.info\/wp-content\/uploads\/2019\/07\/taiwan-1024x576.jpg","contentUrl":"http:\/\/www.travelanddine.info\/wp-content\/uploads\/2019\/07\/taiwan-1024x576.jpg"},{"@type":"WebPage","@id":"https:\/\/www.travelanddine.info\/index.php\/taiwan-3\/#webpage","url":"https:\/\/www.travelanddine.info\/index.php\/taiwan-3\/","name":"Taiwan - Premium Travel&amp;Dine Info","isPartOf":{"@id":"https:\/\/www.travelanddine.info\/#website"},"primaryImageOfPage":{"@id":"https:\/\/www.travelanddine.info\/index.php\/taiwan-3\/#primaryimage"},"datePublished":"2019-07-08T21:39:22+00:00","dateModified":"2021-05-18T13:29:39+00:00","breadcrumb":{"@id":"https:\/\/www.travelanddine.info\/index.php\/taiwan-3\/#breadcrumb"},"inLanguage":"cs","potentialAction":[{"@type":"ReadAction","target":["https:\/\/www.travelanddine.info\/index.php\/taiwan-3\/"]}]},{"@type":"BreadcrumbList","@id":"https:\/\/www.travelanddine.info\/index.php\/taiwan-3\/#breadcrumb","itemListElement":[{"@type":"ListItem","position":1,"name":"Dom\u016f","item":"https:\/\/www.travelanddine.info\/index.php\/en\/home\/"},{"@type":"ListItem","position":2,"name":"Taiwan"}]}]}},"_links":{"self":[{"href":"https:\/\/www.travelanddine.info\/index.php\/wp-json\/wp\/v2\/pages\/2749"}],"collection":[{"href":"https:\/\/www.travelanddine.info\/index.php\/wp-json\/wp\/v2\/pages"}],"about":[{"href":"https:\/\/www.travelanddine.info\/index.php\/wp-json\/wp\/v2\/types\/page"}],"author":[{"embeddable":true,"href":"https:\/\/www.travelanddine.info\/index.php\/wp-json\/wp\/v2\/users\/1"}],"replies":[{"embeddable":true,"href":"https:\/\/www.travelanddine.info\/index.php\/wp-json\/wp\/v2\/comments?post=2749"}],"version-history":[{"count":14,"href":"https:\/\/www.travelanddine.info\/index.php\/wp-json\/wp\/v2\/pages\/2749\/revisions"}],"predecessor-version":[{"id":4193,"href":"https:\/\/www.travelanddine.info\/index.php\/wp-json\/wp\/v2\/pages\/2749\/revisions\/4193"}],"wp:attachment":[{"href":"https:\/\/www.travelanddine.info\/index.php\/wp-json\/wp\/v2\/media?parent=2749"}],"curies":[{"name":"wp","href":"https:\/\/api.w.org\/{rel}","templated":true}]}}