{"id":3668,"date":"2019-10-29T19:00:08","date_gmt":"2019-10-29T19:00:08","guid":{"rendered":"http:\/\/www.travelanddine.info\/?page_id=3668"},"modified":"2019-10-29T20:34:32","modified_gmt":"2019-10-29T20:34:32","slug":"jalan-alor","status":"publish","type":"page","link":"https:\/\/www.travelanddine.info\/index.php\/jalan-alor\/","title":{"rendered":"JALAN ALOR"},"content":{"rendered":"\n<p><strong>JALAN\nALOR, ULICE PLN\u00c1 V\u00ddTE\u010cN\u00c9HO J\u00cdDLA. KUALA LUMPUR<\/strong><\/p>\n\n\n\n<p>Ulice Jalan Alor je jedine\u010dn\u00fd c\u00edl v srdci Kuala Lumpur pro ty, kte\u0159\u00ed miluj\u00ed\nj\u00eddlo. Po tom, co vstoup\u00edte na tuto ulici se charakter m\u011bsta zcela zm\u011bn\u00ed.\nNajednou jsou pry\u010d ultramodern\u00ed n\u00e1kupn\u00ed st\u0159ediska, kter\u00e1 jsou v\u0161ude ve m\u011bst\u011b. V\u0161e\nje najednou nahrazeno n\u011b\u010d\u00edm z&nbsp;minul\u00fdch \u010das\u016f. B\u011bhem dne je ulice velmi\npoklidn\u00e1, ale po z\u00e1padu slunce se z&nbsp;n\u00ed stane jedno z&nbsp;nejru\u0161n\u011bj\u0161\u00edch\nm\u00edst m\u011bsta. <\/p>\n\n\n\n<p><br>\nN\u011bkter\u00e9 z&nbsp;mnoha kulin\u00e1\u0159sk\u00fdch z\u00e1\u017eitk\u016f, kter\u00e9 Kuala Lumpur v Malajsii\nnab\u00edz\u00ed, jsou tak\u00e9 mal\u00e9 i v\u011bt\u0161\u00ed restaurace um\u00edst\u011bn\u00e9 p\u0159\u00edmo na chodn\u00edc\u00edch ulic. V\n\u0159ad\u00e1ch za sebou, st\u00e1nek za st\u00e1nkem. Na ulici Jalan Alor jsou tyto st\u00e1nky\nnav\u0161t\u011bvovan\u00e9 m\u00edstn\u00edmi, cizinci, turisty, ale i sv\u011btozn\u00e1m\u00fdmi \u0161\u00e9fkucha\u0159i\nz&nbsp;cel\u00e9ho sv\u011bta, kte\u0159\u00ed sem p\u0159ich\u00e1zej\u00ed, aby se sami inspirovali\nk&nbsp;vytv\u00e1\u0159en\u00ed vlastn\u00edch specialit pro sv\u00e9 oce\u0148ovan\u00e9 j\u00eddeln\u00ed l\u00edstky. &nbsp;<\/p>\n\n\n\n<p><br>\nDobrou radou pro ty, kte\u0159\u00ed cht\u011bj\u00ed nav\u0161t\u00edvit ulici Jalan Alor je vybrat si a\np\u0159in\u00e9st si sem ji\u017e vlastn\u00ed chu\u0165 k j\u00eddlu. Je zde k m\u00e1n\u00ed toti\u017e nep\u0159ebern\u00e1 spousta\nchut\u00ed a kuchyn\u00ed. &nbsp;B\u011bhem jedn\u00e9 n\u00e1v\u0161t\u011bvy\nnen\u00ed mo\u017en\u00e9 ochutnat v\u0161e co se nab\u00edz\u00ed. Rozmanitost populace v Malajsii se odr\u00e1\u017e\u00ed\ni v rozmanitosti chut\u00ed r\u016fzn\u00fdch kuchy\u0148 na ulici Jalan Alor.<\/p>\n\n\n\n<p><br>\nMnoho zdej\u0161\u00edch nab\u00eddek je&nbsp;uvedeno v tradi\u010dn\u00edch \u010d\u00ednsk\u00fdch znac\u00edch, v\u011bt\u0161ina\nv\u0161ak poskytuje tak\u00e9 anglick\u00fd p\u0159eklad. Nejenom kv\u016fli tomu, aby obslou\u017eili\ncizince, ale tak\u00e9 kv\u016fli tomu, \u017ee rostouc\u00ed po\u010det m\u00edstn\u00edch obyvatel ji\u017e nem\u00e1\ntradi\u010dn\u00ed \u010d\u00ednsk\u00e9 vzd\u011bl\u00e1n\u00ed.<\/p>\n\n\n\n<p><br>\nJalan Alor je synonymem pro dobr\u00e9 j\u00eddlo a tradi\u010dn\u00ed atmosf\u00e9ru \u201estar\u00fdch \u010das\u016f\u201c. Je\nto m\u00edsto, kde ka\u017ed\u00fd bude vychutn\u00e1vat j\u00eddlo s nad\u0161en\u00edm za ceny v\u00edce ne\u017e\np\u0159\u00edzniv\u00e9. Velmi zaj\u00edmav\u00fd z\u00e1\u017eitek.<\/p>\n\n\n\n<p><br> Jalan Alor se nach\u00e1z\u00ed v\u00a0oblasti m\u011bsta Bukit Bintang. V\u011bt\u0161ina v\u00fdznamn\u00fdch 5-hv\u011bzdi\u010dkov\u00fdch hotel\u016f je ve vz\u00e1lenosti n\u011bkolika set metr\u016f, tedy p\u011b\u0161\u00ed proch\u00e1zkou. Stanice MRT Bukit Bintang (metro) je vzd\u00e1len\u00e1 pouh\u00fdch 5 minut ch\u016fze.<\/p>\n\n\n\n<figure class=\"wp-block-image\"><img loading=\"lazy\" width=\"1024\" height=\"768\" src=\"https:\/\/www.travelanddine.info\/wp-content\/uploads\/2019\/10\/IMG_20191006_180830-1024x768.jpg\" alt=\"\" class=\"wp-image-3715\" srcset=\"https:\/\/www.travelanddine.info\/wp-content\/uploads\/2019\/10\/IMG_20191006_180830-1024x768.jpg 1024w, https:\/\/www.travelanddine.info\/wp-content\/uploads\/2019\/10\/IMG_20191006_180830-300x225.jpg 300w, https:\/\/www.travelanddine.info\/wp-content\/uploads\/2019\/10\/IMG_20191006_180830-768x576.jpg 768w\" sizes=\"(max-width: 1024px) 100vw, 1024px\" \/><\/figure>\n\n\n\n<figure class=\"wp-block-image\"><img loading=\"lazy\" width=\"1024\" height=\"768\" src=\"https:\/\/www.travelanddine.info\/wp-content\/uploads\/2019\/10\/IMG_20191006_181536-1024x768.jpg\" alt=\"\" class=\"wp-image-3716\" srcset=\"https:\/\/www.travelanddine.info\/wp-content\/uploads\/2019\/10\/IMG_20191006_181536-1024x768.jpg 1024w, https:\/\/www.travelanddine.info\/wp-content\/uploads\/2019\/10\/IMG_20191006_181536-300x225.jpg 300w, https:\/\/www.travelanddine.info\/wp-content\/uploads\/2019\/10\/IMG_20191006_181536-768x576.jpg 768w\" sizes=\"(max-width: 1024px) 100vw, 1024px\" \/><\/figure>\n\n\n\n<figure class=\"wp-block-image\"><img loading=\"lazy\" width=\"1024\" height=\"768\" src=\"https:\/\/www.travelanddine.info\/wp-content\/uploads\/2019\/10\/IMG_20191006_181640-1024x768.jpg\" alt=\"\" class=\"wp-image-3717\" srcset=\"https:\/\/www.travelanddine.info\/wp-content\/uploads\/2019\/10\/IMG_20191006_181640-1024x768.jpg 1024w, https:\/\/www.travelanddine.info\/wp-content\/uploads\/2019\/10\/IMG_20191006_181640-300x225.jpg 300w, https:\/\/www.travelanddine.info\/wp-content\/uploads\/2019\/10\/IMG_20191006_181640-768x576.jpg 768w\" sizes=\"(max-width: 1024px) 100vw, 1024px\" \/><\/figure>\n\n\n\n<figure class=\"wp-block-image\"><img loading=\"lazy\" width=\"1024\" height=\"768\" src=\"https:\/\/www.travelanddine.info\/wp-content\/uploads\/2019\/10\/IMG_20191006_181515-1024x768.jpg\" alt=\"\" class=\"wp-image-3718\" srcset=\"https:\/\/www.travelanddine.info\/wp-content\/uploads\/2019\/10\/IMG_20191006_181515-1024x768.jpg 1024w, https:\/\/www.travelanddine.info\/wp-content\/uploads\/2019\/10\/IMG_20191006_181515-300x225.jpg 300w, https:\/\/www.travelanddine.info\/wp-content\/uploads\/2019\/10\/IMG_20191006_181515-768x576.jpg 768w\" sizes=\"(max-width: 1024px) 100vw, 1024px\" \/><\/figure>\n\n\n\n<figure class=\"wp-block-image\"><img loading=\"lazy\" width=\"1024\" height=\"768\" src=\"https:\/\/www.travelanddine.info\/wp-content\/uploads\/2019\/10\/IMG_20191006_181634-1024x768.jpg\" alt=\"\" class=\"wp-image-3719\" srcset=\"https:\/\/www.travelanddine.info\/wp-content\/uploads\/2019\/10\/IMG_20191006_181634-1024x768.jpg 1024w, https:\/\/www.travelanddine.info\/wp-content\/uploads\/2019\/10\/IMG_20191006_181634-300x225.jpg 300w, https:\/\/www.travelanddine.info\/wp-content\/uploads\/2019\/10\/IMG_20191006_181634-768x576.jpg 768w\" sizes=\"(max-width: 1024px) 100vw, 1024px\" \/><\/figure>\n","protected":false},"excerpt":{"rendered":"<p>JALAN ALOR, ULICE PLN\u00c1 V\u00ddTE\u010cN\u00c9HO J\u00cdDLA. KUALA LUMPUR Ulice Jalan Alor je jedine\u010dn\u00fd c\u00edl v srdci Kuala Lumpur pro ty, kte\u0159\u00ed miluj\u00ed j\u00eddlo. Po tom, co vstoup\u00edte na tuto ulici se charakter m\u011bsta zcela zm\u011bn\u00ed. Najednou jsou pry\u010d ultramodern\u00ed n\u00e1kupn\u00ed&#8230;<\/p>\n","protected":false},"author":1,"featured_media":0,"parent":0,"menu_order":0,"comment_status":"closed","ping_status":"closed","template":"","meta":[],"yoast_head":"<!-- This site is optimized with the Yoast SEO plugin v17.0 - https:\/\/yoast.com\/wordpress\/plugins\/seo\/ -->\n<title>JALAN ALOR - Premium Travel&amp;Dine Info<\/title>\n<meta name=\"robots\" content=\"index, follow, max-snippet:-1, max-image-preview:large, max-video-preview:-1\" \/>\n<link rel=\"canonical\" href=\"https:\/\/www.travelanddine.info\/index.php\/jalan-alor\/\" \/>\n<meta property=\"og:locale\" content=\"cs_CZ\" \/>\n<meta property=\"og:type\" content=\"article\" \/>\n<meta property=\"og:title\" content=\"JALAN ALOR - Premium Travel&amp;Dine Info\" \/>\n<meta property=\"og:description\" content=\"JALAN ALOR, ULICE PLN\u00c1 V\u00ddTE\u010cN\u00c9HO J\u00cdDLA. KUALA LUMPUR Ulice Jalan Alor je jedine\u010dn\u00fd c\u00edl v srdci Kuala Lumpur pro ty, kte\u0159\u00ed miluj\u00ed j\u00eddlo. Po tom, co vstoup\u00edte na tuto ulici se charakter m\u011bsta zcela zm\u011bn\u00ed. Najednou jsou pry\u010d ultramodern\u00ed n\u00e1kupn\u00ed...\" \/>\n<meta property=\"og:url\" content=\"https:\/\/www.travelanddine.info\/index.php\/jalan-alor\/\" \/>\n<meta property=\"og:site_name\" content=\"Premium Travel&amp;Dine Info\" \/>\n<meta property=\"article:publisher\" content=\"http:\/\/www.facebook.com\/PremiumTravelAndDineInfo\" \/>\n<meta property=\"article:modified_time\" content=\"2019-10-29T20:34:32+00:00\" \/>\n<meta property=\"og:image\" content=\"http:\/\/www.travelanddine.info\/wp-content\/uploads\/2019\/10\/IMG_20191006_180830-1024x768.jpg\" \/>\n<meta name=\"twitter:card\" content=\"summary_large_image\" \/>\n<meta name=\"twitter:label1\" content=\"Odhadovan\u00e1 doba \u010dten\u00ed\" \/>\n\t<meta name=\"twitter:data1\" content=\"2 minuty\" \/>\n<script type=\"application\/ld+json\" class=\"yoast-schema-graph\">{\"@context\":\"https:\/\/schema.org\",\"@graph\":[{\"@type\":\"Organization\",\"@id\":\"https:\/\/www.travelanddine.info\/#organization\",\"name\":\"Premium Travel & Dine Info\",\"url\":\"https:\/\/www.travelanddine.info\/\",\"sameAs\":[\"http:\/\/www.facebook.com\/PremiumTravelAndDineInfo\",\"https:\/\/www.instagram.com\/premium_travel_and_dine_info\/\",\"https:\/\/www.youtube.com\/channel\/UCq4d7zmKK3AOuzDrR1p_2Qw\/featured?disable_polymer=1\"],\"logo\":{\"@type\":\"ImageObject\",\"@id\":\"https:\/\/www.travelanddine.info\/#logo\",\"inLanguage\":\"cs\",\"url\":\"https:\/\/www.travelanddine.info\/wp-content\/uploads\/2019\/01\/logo-premium-e1547240252292.jpg\",\"contentUrl\":\"https:\/\/www.travelanddine.info\/wp-content\/uploads\/2019\/01\/logo-premium-e1547240252292.jpg\",\"width\":1000,\"height\":406,\"caption\":\"Premium Travel & Dine Info\"},\"image\":{\"@id\":\"https:\/\/www.travelanddine.info\/#logo\"}},{\"@type\":\"WebSite\",\"@id\":\"https:\/\/www.travelanddine.info\/#website\",\"url\":\"https:\/\/www.travelanddine.info\/\",\"name\":\"Premium Travel&amp;Dine Info\",\"description\":\"tipy, doporu\\u010den\\u00ed, informace.. pro ty, kte\\u0159\\u00ed maj\\u00ed r\\u00e1di cestov\\u00e1n\\u00ed na vysok\\u00e9 \\u00farovni a skv\\u011bl\\u00e9 j\\u00eddlo\",\"publisher\":{\"@id\":\"https:\/\/www.travelanddine.info\/#organization\"},\"potentialAction\":[{\"@type\":\"SearchAction\",\"target\":{\"@type\":\"EntryPoint\",\"urlTemplate\":\"https:\/\/www.travelanddine.info\/?s={search_term_string}\"},\"query-input\":\"required name=search_term_string\"}],\"inLanguage\":\"cs\"},{\"@type\":\"ImageObject\",\"@id\":\"https:\/\/www.travelanddine.info\/index.php\/jalan-alor\/#primaryimage\",\"inLanguage\":\"cs\",\"url\":\"http:\/\/www.travelanddine.info\/wp-content\/uploads\/2019\/10\/IMG_20191006_180830-1024x768.jpg\",\"contentUrl\":\"http:\/\/www.travelanddine.info\/wp-content\/uploads\/2019\/10\/IMG_20191006_180830-1024x768.jpg\"},{\"@type\":\"WebPage\",\"@id\":\"https:\/\/www.travelanddine.info\/index.php\/jalan-alor\/#webpage\",\"url\":\"https:\/\/www.travelanddine.info\/index.php\/jalan-alor\/\",\"name\":\"JALAN ALOR - Premium Travel&amp;Dine Info\",\"isPartOf\":{\"@id\":\"https:\/\/www.travelanddine.info\/#website\"},\"primaryImageOfPage\":{\"@id\":\"https:\/\/www.travelanddine.info\/index.php\/jalan-alor\/#primaryimage\"},\"datePublished\":\"2019-10-29T19:00:08+00:00\",\"dateModified\":\"2019-10-29T20:34:32+00:00\",\"breadcrumb\":{\"@id\":\"https:\/\/www.travelanddine.info\/index.php\/jalan-alor\/#breadcrumb\"},\"inLanguage\":\"cs\",\"potentialAction\":[{\"@type\":\"ReadAction\",\"target\":[\"https:\/\/www.travelanddine.info\/index.php\/jalan-alor\/\"]}]},{\"@type\":\"BreadcrumbList\",\"@id\":\"https:\/\/www.travelanddine.info\/index.php\/jalan-alor\/#breadcrumb\",\"itemListElement\":[{\"@type\":\"ListItem\",\"position\":1,\"name\":\"Dom\\u016f\",\"item\":\"https:\/\/www.travelanddine.info\/index.php\/en\/home\/\"},{\"@type\":\"ListItem\",\"position\":2,\"name\":\"JALAN ALOR\"}]}]}<\/script>\n<!-- \/ Yoast SEO plugin. -->","yoast_head_json":{"title":"JALAN ALOR - Premium Travel&amp;Dine Info","robots":{"index":"index","follow":"follow","max-snippet":"max-snippet:-1","max-image-preview":"max-image-preview:large","max-video-preview":"max-video-preview:-1"},"canonical":"https:\/\/www.travelanddine.info\/index.php\/jalan-alor\/","og_locale":"cs_CZ","og_type":"article","og_title":"JALAN ALOR - Premium Travel&amp;Dine Info","og_description":"JALAN ALOR, ULICE PLN\u00c1 V\u00ddTE\u010cN\u00c9HO J\u00cdDLA. KUALA LUMPUR Ulice Jalan Alor je jedine\u010dn\u00fd c\u00edl v srdci Kuala Lumpur pro ty, kte\u0159\u00ed miluj\u00ed j\u00eddlo. Po tom, co vstoup\u00edte na tuto ulici se charakter m\u011bsta zcela zm\u011bn\u00ed. Najednou jsou pry\u010d ultramodern\u00ed n\u00e1kupn\u00ed...","og_url":"https:\/\/www.travelanddine.info\/index.php\/jalan-alor\/","og_site_name":"Premium Travel&amp;Dine Info","article_publisher":"http:\/\/www.facebook.com\/PremiumTravelAndDineInfo","article_modified_time":"2019-10-29T20:34:32+00:00","og_image":[{"url":"http:\/\/www.travelanddine.info\/wp-content\/uploads\/2019\/10\/IMG_20191006_180830-1024x768.jpg"}],"twitter_card":"summary_large_image","twitter_misc":{"Odhadovan\u00e1 doba \u010dten\u00ed":"2 minuty"},"schema":{"@context":"https:\/\/schema.org","@graph":[{"@type":"Organization","@id":"https:\/\/www.travelanddine.info\/#organization","name":"Premium Travel & Dine Info","url":"https:\/\/www.travelanddine.info\/","sameAs":["http:\/\/www.facebook.com\/PremiumTravelAndDineInfo","https:\/\/www.instagram.com\/premium_travel_and_dine_info\/","https:\/\/www.youtube.com\/channel\/UCq4d7zmKK3AOuzDrR1p_2Qw\/featured?disable_polymer=1"],"logo":{"@type":"ImageObject","@id":"https:\/\/www.travelanddine.info\/#logo","inLanguage":"cs","url":"https:\/\/www.travelanddine.info\/wp-content\/uploads\/2019\/01\/logo-premium-e1547240252292.jpg","contentUrl":"https:\/\/www.travelanddine.info\/wp-content\/uploads\/2019\/01\/logo-premium-e1547240252292.jpg","width":1000,"height":406,"caption":"Premium Travel & Dine Info"},"image":{"@id":"https:\/\/www.travelanddine.info\/#logo"}},{"@type":"WebSite","@id":"https:\/\/www.travelanddine.info\/#website","url":"https:\/\/www.travelanddine.info\/","name":"Premium Travel&amp;Dine Info","description":"tipy, doporu\u010den\u00ed, informace.. pro ty, kte\u0159\u00ed maj\u00ed r\u00e1di cestov\u00e1n\u00ed na vysok\u00e9 \u00farovni a skv\u011bl\u00e9 j\u00eddlo","publisher":{"@id":"https:\/\/www.travelanddine.info\/#organization"},"potentialAction":[{"@type":"SearchAction","target":{"@type":"EntryPoint","urlTemplate":"https:\/\/www.travelanddine.info\/?s={search_term_string}"},"query-input":"required name=search_term_string"}],"inLanguage":"cs"},{"@type":"ImageObject","@id":"https:\/\/www.travelanddine.info\/index.php\/jalan-alor\/#primaryimage","inLanguage":"cs","url":"http:\/\/www.travelanddine.info\/wp-content\/uploads\/2019\/10\/IMG_20191006_180830-1024x768.jpg","contentUrl":"http:\/\/www.travelanddine.info\/wp-content\/uploads\/2019\/10\/IMG_20191006_180830-1024x768.jpg"},{"@type":"WebPage","@id":"https:\/\/www.travelanddine.info\/index.php\/jalan-alor\/#webpage","url":"https:\/\/www.travelanddine.info\/index.php\/jalan-alor\/","name":"JALAN ALOR - Premium Travel&amp;Dine Info","isPartOf":{"@id":"https:\/\/www.travelanddine.info\/#website"},"primaryImageOfPage":{"@id":"https:\/\/www.travelanddine.info\/index.php\/jalan-alor\/#primaryimage"},"datePublished":"2019-10-29T19:00:08+00:00","dateModified":"2019-10-29T20:34:32+00:00","breadcrumb":{"@id":"https:\/\/www.travelanddine.info\/index.php\/jalan-alor\/#breadcrumb"},"inLanguage":"cs","potentialAction":[{"@type":"ReadAction","target":["https:\/\/www.travelanddine.info\/index.php\/jalan-alor\/"]}]},{"@type":"BreadcrumbList","@id":"https:\/\/www.travelanddine.info\/index.php\/jalan-alor\/#breadcrumb","itemListElement":[{"@type":"ListItem","position":1,"name":"Dom\u016f","item":"https:\/\/www.travelanddine.info\/index.php\/en\/home\/"},{"@type":"ListItem","position":2,"name":"JALAN ALOR"}]}]}},"_links":{"self":[{"href":"https:\/\/www.travelanddine.info\/index.php\/wp-json\/wp\/v2\/pages\/3668"}],"collection":[{"href":"https:\/\/www.travelanddine.info\/index.php\/wp-json\/wp\/v2\/pages"}],"about":[{"href":"https:\/\/www.travelanddine.info\/index.php\/wp-json\/wp\/v2\/types\/page"}],"author":[{"embeddable":true,"href":"https:\/\/www.travelanddine.info\/index.php\/wp-json\/wp\/v2\/users\/1"}],"replies":[{"embeddable":true,"href":"https:\/\/www.travelanddine.info\/index.php\/wp-json\/wp\/v2\/comments?post=3668"}],"version-history":[{"count":3,"href":"https:\/\/www.travelanddine.info\/index.php\/wp-json\/wp\/v2\/pages\/3668\/revisions"}],"predecessor-version":[{"id":3720,"href":"https:\/\/www.travelanddine.info\/index.php\/wp-json\/wp\/v2\/pages\/3668\/revisions\/3720"}],"wp:attachment":[{"href":"https:\/\/www.travelanddine.info\/index.php\/wp-json\/wp\/v2\/media?parent=3668"}],"curies":[{"name":"wp","href":"https:\/\/api.w.org\/{rel}","templated":true}]}}