{"id":3686,"date":"2019-10-29T19:11:13","date_gmt":"2019-10-29T19:11:13","guid":{"rendered":"http:\/\/www.travelanddine.info\/?page_id=3686"},"modified":"2019-10-30T16:34:01","modified_gmt":"2019-10-30T16:34:01","slug":"mandarin-oriental-2","status":"publish","type":"page","link":"https:\/\/www.travelanddine.info\/index.php\/en\/mandarin-oriental-2\/","title":{"rendered":"MANDARIN ORIENTAL KUALA LUMPUR"},"content":{"rendered":"\n<p><em>Hotel Chain and Loyalty Program<\/em><\/p>\n\n\n\n<p>The hotel belongs to Mandarin Oriental Hotel Group, a luxury hotel chain. The Fans of MO is its loyalty program. <\/p>\n\n\n\n<figure class=\"wp-block-image\"><img loading=\"lazy\" width=\"1024\" height=\"768\" src=\"https:\/\/www.travelanddine.info\/wp-content\/uploads\/2019\/10\/01-1-1024x768.jpg\" alt=\"\" class=\"wp-image-3777\" srcset=\"https:\/\/www.travelanddine.info\/wp-content\/uploads\/2019\/10\/01-1-1024x768.jpg 1024w, https:\/\/www.travelanddine.info\/wp-content\/uploads\/2019\/10\/01-1-300x225.jpg 300w, https:\/\/www.travelanddine.info\/wp-content\/uploads\/2019\/10\/01-1-768x576.jpg 768w\" sizes=\"(max-width: 1024px) 100vw, 1024px\" \/><\/figure>\n\n\n\n<p><em>Hotel lobby <\/em><em><\/em><\/p>\n\n\n\n<p>My arrival to the hotel was at lunch time. The\nreception area looks very nice and modern, however I had to wait as only one\nreceptionist was available there. Tracey, my receptionist was lovely, and was\nsorry for waiting. The check-in process was smooth and pleasant. No welcome\ndrink or refreshing towel was offered.<\/p>\n\n\n\n<p>The lobby looks beautiful and opulent with lots of\nmarble and crystal. It is decorated with traditional Chinese details. Very\nimpressive. The staff is more than friendly and helpful. <\/p>\n\n\n\n<p>There are all necessary 5star hotel services located in the lobby, from the front desk to a concierge, luggage service, taxi counter to name a few. Of course, all major credit cards are accepted at the hotel.<\/p>\n\n\n\n<figure class=\"wp-block-image\"><img loading=\"lazy\" width=\"1024\" height=\"768\" src=\"https:\/\/www.travelanddine.info\/wp-content\/uploads\/2019\/10\/02-1-1024x768.jpg\" alt=\"\" class=\"wp-image-3778\" srcset=\"https:\/\/www.travelanddine.info\/wp-content\/uploads\/2019\/10\/02-1-1024x768.jpg 1024w, https:\/\/www.travelanddine.info\/wp-content\/uploads\/2019\/10\/02-1-300x225.jpg 300w, https:\/\/www.travelanddine.info\/wp-content\/uploads\/2019\/10\/02-1-768x576.jpg 768w\" sizes=\"(max-width: 1024px) 100vw, 1024px\" \/><\/figure>\n\n\n\n<figure class=\"wp-block-image\"><img loading=\"lazy\" width=\"1024\" height=\"768\" src=\"https:\/\/www.travelanddine.info\/wp-content\/uploads\/2019\/10\/03-1-1024x768.jpg\" alt=\"\" class=\"wp-image-3779\" srcset=\"https:\/\/www.travelanddine.info\/wp-content\/uploads\/2019\/10\/03-1-1024x768.jpg 1024w, https:\/\/www.travelanddine.info\/wp-content\/uploads\/2019\/10\/03-1-300x225.jpg 300w, https:\/\/www.travelanddine.info\/wp-content\/uploads\/2019\/10\/03-1-768x576.jpg 768w\" sizes=\"(max-width: 1024px) 100vw, 1024px\" \/><\/figure>\n\n\n\n<figure class=\"wp-block-image\"><img loading=\"lazy\" width=\"768\" height=\"1024\" src=\"https:\/\/www.travelanddine.info\/wp-content\/uploads\/2019\/10\/04-1-768x1024.jpg\" alt=\"\" class=\"wp-image-3780\" srcset=\"https:\/\/www.travelanddine.info\/wp-content\/uploads\/2019\/10\/04-1-768x1024.jpg 768w, https:\/\/www.travelanddine.info\/wp-content\/uploads\/2019\/10\/04-1-225x300.jpg 225w\" sizes=\"(max-width: 768px) 100vw, 768px\" \/><\/figure>\n\n\n\n<figure class=\"wp-block-image\"><img loading=\"lazy\" width=\"768\" height=\"1024\" src=\"https:\/\/www.travelanddine.info\/wp-content\/uploads\/2019\/10\/05-1-768x1024.jpg\" alt=\"\" class=\"wp-image-3781\" srcset=\"https:\/\/www.travelanddine.info\/wp-content\/uploads\/2019\/10\/05-1-768x1024.jpg 768w, https:\/\/www.travelanddine.info\/wp-content\/uploads\/2019\/10\/05-1-225x300.jpg 225w\" sizes=\"(max-width: 768px) 100vw, 768px\" \/><\/figure>\n\n\n\n<p><em>Location<\/em><\/p>\n\n\n\n<p>The hotel is situated in the Kuala Lumpur city center,\njust next to the famous Petronas Towers and KLCC mall. From 1998 to 2004 the\nPetronas Towers were the highest towers in the world. The view on the towers,\nespecially in the evening, is simply breathtaking. <\/p>\n\n\n\n<p>KLIA (Kuala Lumpur International Airport)\u00a0 is about an hour drive. KL Setral area is located about 10 to 15 minutes by taxi, depending on road traffic. MRT (metro system) is also a good option to travel within the city, if you do not want to spend much time sitting in a car.<\/p>\n\n\n\n<figure class=\"wp-block-image\"><img loading=\"lazy\" width=\"971\" height=\"1024\" src=\"https:\/\/www.travelanddine.info\/wp-content\/uploads\/2019\/10\/06-1-971x1024.jpg\" alt=\"\" class=\"wp-image-3782\" srcset=\"https:\/\/www.travelanddine.info\/wp-content\/uploads\/2019\/10\/06-1-971x1024.jpg 971w, https:\/\/www.travelanddine.info\/wp-content\/uploads\/2019\/10\/06-1-284x300.jpg 284w, https:\/\/www.travelanddine.info\/wp-content\/uploads\/2019\/10\/06-1-768x810.jpg 768w\" sizes=\"(max-width: 971px) 100vw, 971px\" \/><\/figure>\n\n\n\n<p><em>Room<\/em><\/p>\n\n\n\n<p>The hotel has more than 630 rooms and suites on 30\nfloors. My 40sqm room is spacious enough, decorated in modern colors with\ntraditional Chinese details. There are signs of mandarin logo on the carpet. I\nam impressed by the traditional Chinese doors from the room to the bathroom.\nVery special and unique. <\/p>\n\n\n\n<p>There is a comfortable king size bed at my room, along\nwith a small sofa, work desk and a cabinet with large smart TV screen. A large\nsafe deposit is located at the wardrobe. There is a small cupboard with a\nminibar and kettle at the corner of room. Surprisingly, there is no coffee\nmachine which is a bit unusual for the 5star luxury hotel. <\/p>\n\n\n\n<p>The bathroom is quite small but well equipped with the\nseparate toilet and a shower corner. It is decorated in yellow and black marble\nand vintage style faucets. The large bathroom towels are incredibly soft and\npleasant.<\/p>\n\n\n\n<figure class=\"wp-block-image\"><img loading=\"lazy\" width=\"1024\" height=\"768\" src=\"https:\/\/www.travelanddine.info\/wp-content\/uploads\/2019\/10\/07-1-1024x768.jpg\" alt=\"\" class=\"wp-image-3783\" srcset=\"https:\/\/www.travelanddine.info\/wp-content\/uploads\/2019\/10\/07-1-1024x768.jpg 1024w, https:\/\/www.travelanddine.info\/wp-content\/uploads\/2019\/10\/07-1-300x225.jpg 300w, https:\/\/www.travelanddine.info\/wp-content\/uploads\/2019\/10\/07-1-768x576.jpg 768w\" sizes=\"(max-width: 1024px) 100vw, 1024px\" \/><\/figure>\n\n\n\n<figure class=\"wp-block-image\"><img loading=\"lazy\" width=\"1024\" height=\"768\" src=\"https:\/\/www.travelanddine.info\/wp-content\/uploads\/2019\/10\/08-1-1024x768.jpg\" alt=\"\" class=\"wp-image-3784\" srcset=\"https:\/\/www.travelanddine.info\/wp-content\/uploads\/2019\/10\/08-1-1024x768.jpg 1024w, https:\/\/www.travelanddine.info\/wp-content\/uploads\/2019\/10\/08-1-300x225.jpg 300w, https:\/\/www.travelanddine.info\/wp-content\/uploads\/2019\/10\/08-1-768x576.jpg 768w\" sizes=\"(max-width: 1024px) 100vw, 1024px\" \/><\/figure>\n\n\n\n<figure class=\"wp-block-image\"><img loading=\"lazy\" width=\"768\" height=\"1024\" src=\"https:\/\/www.travelanddine.info\/wp-content\/uploads\/2019\/10\/09-1-768x1024.jpg\" alt=\"\" class=\"wp-image-3785\" srcset=\"https:\/\/www.travelanddine.info\/wp-content\/uploads\/2019\/10\/09-1-768x1024.jpg 768w, https:\/\/www.travelanddine.info\/wp-content\/uploads\/2019\/10\/09-1-225x300.jpg 225w\" sizes=\"(max-width: 768px) 100vw, 768px\" \/><\/figure>\n\n\n\n<figure class=\"wp-block-image\"><img loading=\"lazy\" width=\"718\" height=\"1024\" src=\"https:\/\/www.travelanddine.info\/wp-content\/uploads\/2019\/10\/10-1-718x1024.jpg\" alt=\"\" class=\"wp-image-3786\" srcset=\"https:\/\/www.travelanddine.info\/wp-content\/uploads\/2019\/10\/10-1-718x1024.jpg 718w, https:\/\/www.travelanddine.info\/wp-content\/uploads\/2019\/10\/10-1-210x300.jpg 210w, https:\/\/www.travelanddine.info\/wp-content\/uploads\/2019\/10\/10-1-768x1096.jpg 768w\" sizes=\"(max-width: 718px) 100vw, 718px\" \/><\/figure>\n\n\n\n<figure class=\"wp-block-image\"><img loading=\"lazy\" width=\"716\" height=\"1024\" src=\"https:\/\/www.travelanddine.info\/wp-content\/uploads\/2019\/10\/11-1-716x1024.jpg\" alt=\"\" class=\"wp-image-3787\" srcset=\"https:\/\/www.travelanddine.info\/wp-content\/uploads\/2019\/10\/11-1-716x1024.jpg 716w, https:\/\/www.travelanddine.info\/wp-content\/uploads\/2019\/10\/11-1-210x300.jpg 210w, https:\/\/www.travelanddine.info\/wp-content\/uploads\/2019\/10\/11-1-768x1098.jpg 768w, https:\/\/www.travelanddine.info\/wp-content\/uploads\/2019\/10\/11-1.jpg 1386w\" sizes=\"(max-width: 716px) 100vw, 716px\" \/><figcaption>dav_vivi<\/figcaption><\/figure>\n\n\n\n<p><em>Restaurants and food<\/em><\/p>\n\n\n\n<p>There is 8 restaurants and bars at the hotel. <em>Mandarin\nGrill<\/em> serves Italian modern cuisine led by 2 Michelin star chef from Italy.\n<em>Lai Po Heen<\/em> offers classic Cantonese dishes and dim sum. <em>Mosaic <\/em>is\na place where breakfast is served to hotel guests. This another&nbsp; elegant restaurant is overlooking a beautiful\nKLCC Park, and serves the dishes of local and international cuisine. <em>Aqua\nRestaurant &amp; Bar<\/em> is located on the 3<sup>rd<\/sup> floor next to the\nswimming pool, and offers food and drinks. <em>Wasabi<\/em> Bistro specializes in\nJapanese cuisine. <em>Lounge On The Park<\/em> offers drinks and small bites,\nincluding themed Afternoon Tea. It also has a outdoor sitting area facing KLCC\nPark. <em>MO Bar<\/em> is a typical cocktail bar where dress code is required. And\nif someone wants to dance and drink, there is a KYO, a dance bar where night is\nalways young. <\/p>\n\n\n\n<p>And not to forget something what everybody loves. The\nMandarin Cake Shop where delicious cakes, pasties or macarons are on sale. My\nfavourite is New York Cheescake or Pandan Coconut. Yummie yum!<\/p>\n\n\n\n<p><em>Leisure facilities <\/em><\/p>\n\n\n\n<p>A nice swimming pool located on the 3<sup>rd<\/sup>\nfloor overlooking KLCC Park. There is an interesting reflection of Petronas\nTowers in the nearby glass building of Grand Hyatt hotel from here.<\/p>\n\n\n\n<p>The Spa offers pampering activities for ladies and men from massage to beauty. The Gym, tennis courts, table tennis and so are available too. <\/p>\n\n\n\n<figure class=\"wp-block-image\"><img loading=\"lazy\" width=\"1024\" height=\"768\" src=\"https:\/\/www.travelanddine.info\/wp-content\/uploads\/2019\/10\/12-2-1024x768.jpg\" alt=\"\" class=\"wp-image-3789\" srcset=\"https:\/\/www.travelanddine.info\/wp-content\/uploads\/2019\/10\/12-2-1024x768.jpg 1024w, https:\/\/www.travelanddine.info\/wp-content\/uploads\/2019\/10\/12-2-300x225.jpg 300w, https:\/\/www.travelanddine.info\/wp-content\/uploads\/2019\/10\/12-2-768x576.jpg 768w\" sizes=\"(max-width: 1024px) 100vw, 1024px\" \/><\/figure>\n\n\n\n<figure class=\"wp-block-image\"><img loading=\"lazy\" width=\"768\" height=\"1024\" src=\"https:\/\/www.travelanddine.info\/wp-content\/uploads\/2019\/10\/13-1-768x1024.jpg\" alt=\"\" class=\"wp-image-3790\" srcset=\"https:\/\/www.travelanddine.info\/wp-content\/uploads\/2019\/10\/13-1-768x1024.jpg 768w, https:\/\/www.travelanddine.info\/wp-content\/uploads\/2019\/10\/13-1-225x300.jpg 225w\" sizes=\"(max-width: 768px) 100vw, 768px\" \/><\/figure>\n\n\n\n<figure class=\"wp-block-image\"><img loading=\"lazy\" width=\"889\" height=\"1024\" src=\"https:\/\/www.travelanddine.info\/wp-content\/uploads\/2019\/10\/14-1-889x1024.jpg\" alt=\"\" class=\"wp-image-3791\" srcset=\"https:\/\/www.travelanddine.info\/wp-content\/uploads\/2019\/10\/14-1-889x1024.jpg 889w, https:\/\/www.travelanddine.info\/wp-content\/uploads\/2019\/10\/14-1-261x300.jpg 261w, https:\/\/www.travelanddine.info\/wp-content\/uploads\/2019\/10\/14-1-768x884.jpg 768w\" sizes=\"(max-width: 889px) 100vw, 889px\" \/><\/figure>\n\n\n\n<p><em>Verdict<\/em><\/p>\n\n\n\n<p>Best for&nbsp;&nbsp;&nbsp;&nbsp;&nbsp;&nbsp;&nbsp;&nbsp;&nbsp;&nbsp;&nbsp;&nbsp;&nbsp;&nbsp;&nbsp; :<\/p>\n\n\n\n<p>Mandarin Oriental can never disappoint&nbsp;&nbsp;&nbsp;&nbsp;&nbsp; <\/p>\n\n\n\n<p>Don\u2019t miss&nbsp;&nbsp;&nbsp;&nbsp;&nbsp;&nbsp;&nbsp;&nbsp;&nbsp;&nbsp; :&nbsp;&nbsp;&nbsp;&nbsp;&nbsp;&nbsp;&nbsp;&nbsp;&nbsp;&nbsp;&nbsp;&nbsp; <\/p>\n\n\n\n<p>Cantonese food, cakes at Cake Shop and swimming pool<\/p>\n\n\n\n<p>Room price&nbsp;&nbsp;&nbsp;&nbsp;&nbsp;&nbsp;&nbsp;&nbsp;&nbsp; :&nbsp;&nbsp;&nbsp;&nbsp;&nbsp;&nbsp;&nbsp;&nbsp;&nbsp;&nbsp;&nbsp;&nbsp; <\/p>\n\n\n\n<p>from 150,- EUR per night <\/p>\n\n\n\n<p>Contact&nbsp;&nbsp;&nbsp;&nbsp;&nbsp;&nbsp;&nbsp;&nbsp;&nbsp;&nbsp;&nbsp;&nbsp;&nbsp;&nbsp;&nbsp; :&nbsp;&nbsp;&nbsp;&nbsp;&nbsp;&nbsp;&nbsp;&nbsp;&nbsp;&nbsp;&nbsp;&nbsp; <\/p>\n\n\n\n<figure class=\"wp-block-embed\"><div class=\"wp-block-embed__wrapper\">\nhttps:\/\/www.mandarinoriental.com\/kuala-lumpur\/petronas-towers\/luxury-hotel\n<\/div><\/figure>\n","protected":false},"excerpt":{"rendered":"<p>Hotel Chain and Loyalty Program The hotel belongs to Mandarin Oriental Hotel Group, a luxury hotel chain. The Fans of MO is its loyalty program. Hotel lobby My arrival to the hotel was at lunch time. The reception area looks&#8230;<\/p>\n","protected":false},"author":1,"featured_media":0,"parent":0,"menu_order":0,"comment_status":"closed","ping_status":"closed","template":"","meta":[],"yoast_head":"<!-- This site is optimized with the Yoast SEO plugin v17.0 - https:\/\/yoast.com\/wordpress\/plugins\/seo\/ -->\n<title>MANDARIN ORIENTAL KUALA LUMPUR - Premium Travel&amp;Dine Info<\/title>\n<meta name=\"robots\" content=\"index, follow, max-snippet:-1, max-image-preview:large, max-video-preview:-1\" \/>\n<link rel=\"canonical\" href=\"https:\/\/www.travelanddine.info\/index.php\/en\/mandarin-oriental-2\/\" \/>\n<meta property=\"og:locale\" content=\"cs_CZ\" \/>\n<meta property=\"og:type\" content=\"article\" \/>\n<meta property=\"og:title\" content=\"MANDARIN ORIENTAL KUALA LUMPUR - Premium Travel&amp;Dine Info\" \/>\n<meta property=\"og:description\" content=\"Hotel Chain and Loyalty Program The hotel belongs to Mandarin Oriental Hotel Group, a luxury hotel chain. The Fans of MO is its loyalty program. Hotel lobby My arrival to the hotel was at lunch time. The reception area looks...\" \/>\n<meta property=\"og:url\" content=\"https:\/\/www.travelanddine.info\/index.php\/en\/mandarin-oriental-2\/\" \/>\n<meta property=\"og:site_name\" content=\"Premium Travel&amp;Dine Info\" \/>\n<meta property=\"article:publisher\" content=\"http:\/\/www.facebook.com\/PremiumTravelAndDineInfo\" \/>\n<meta property=\"article:modified_time\" content=\"2019-10-30T16:34:01+00:00\" \/>\n<meta property=\"og:image\" content=\"http:\/\/www.travelanddine.info\/wp-content\/uploads\/2019\/10\/01-1-1024x768.jpg\" \/>\n<meta name=\"twitter:card\" content=\"summary_large_image\" \/>\n<meta name=\"twitter:label1\" content=\"Odhadovan\u00e1 doba \u010dten\u00ed\" \/>\n\t<meta name=\"twitter:data1\" content=\"4 minuty\" \/>\n<script type=\"application\/ld+json\" class=\"yoast-schema-graph\">{\"@context\":\"https:\/\/schema.org\",\"@graph\":[{\"@type\":\"Organization\",\"@id\":\"https:\/\/www.travelanddine.info\/#organization\",\"name\":\"Premium Travel & Dine Info\",\"url\":\"https:\/\/www.travelanddine.info\/\",\"sameAs\":[\"http:\/\/www.facebook.com\/PremiumTravelAndDineInfo\",\"https:\/\/www.instagram.com\/premium_travel_and_dine_info\/\",\"https:\/\/www.youtube.com\/channel\/UCq4d7zmKK3AOuzDrR1p_2Qw\/featured?disable_polymer=1\"],\"logo\":{\"@type\":\"ImageObject\",\"@id\":\"https:\/\/www.travelanddine.info\/#logo\",\"inLanguage\":\"cs\",\"url\":\"https:\/\/www.travelanddine.info\/wp-content\/uploads\/2019\/01\/logo-premium-e1547240252292.jpg\",\"contentUrl\":\"https:\/\/www.travelanddine.info\/wp-content\/uploads\/2019\/01\/logo-premium-e1547240252292.jpg\",\"width\":1000,\"height\":406,\"caption\":\"Premium Travel & Dine Info\"},\"image\":{\"@id\":\"https:\/\/www.travelanddine.info\/#logo\"}},{\"@type\":\"WebSite\",\"@id\":\"https:\/\/www.travelanddine.info\/#website\",\"url\":\"https:\/\/www.travelanddine.info\/\",\"name\":\"Premium Travel&amp;Dine Info\",\"description\":\"tipy, doporu\\u010den\\u00ed, informace.. pro ty, kte\\u0159\\u00ed maj\\u00ed r\\u00e1di cestov\\u00e1n\\u00ed na vysok\\u00e9 \\u00farovni a skv\\u011bl\\u00e9 j\\u00eddlo\",\"publisher\":{\"@id\":\"https:\/\/www.travelanddine.info\/#organization\"},\"potentialAction\":[{\"@type\":\"SearchAction\",\"target\":{\"@type\":\"EntryPoint\",\"urlTemplate\":\"https:\/\/www.travelanddine.info\/?s={search_term_string}\"},\"query-input\":\"required name=search_term_string\"}],\"inLanguage\":\"cs\"},{\"@type\":\"ImageObject\",\"@id\":\"https:\/\/www.travelanddine.info\/index.php\/en\/mandarin-oriental-2\/#primaryimage\",\"inLanguage\":\"cs\",\"url\":\"http:\/\/www.travelanddine.info\/wp-content\/uploads\/2019\/10\/01-1-1024x768.jpg\",\"contentUrl\":\"http:\/\/www.travelanddine.info\/wp-content\/uploads\/2019\/10\/01-1-1024x768.jpg\"},{\"@type\":\"WebPage\",\"@id\":\"https:\/\/www.travelanddine.info\/index.php\/en\/mandarin-oriental-2\/#webpage\",\"url\":\"https:\/\/www.travelanddine.info\/index.php\/en\/mandarin-oriental-2\/\",\"name\":\"MANDARIN ORIENTAL KUALA LUMPUR - Premium Travel&amp;Dine Info\",\"isPartOf\":{\"@id\":\"https:\/\/www.travelanddine.info\/#website\"},\"primaryImageOfPage\":{\"@id\":\"https:\/\/www.travelanddine.info\/index.php\/en\/mandarin-oriental-2\/#primaryimage\"},\"datePublished\":\"2019-10-29T19:11:13+00:00\",\"dateModified\":\"2019-10-30T16:34:01+00:00\",\"breadcrumb\":{\"@id\":\"https:\/\/www.travelanddine.info\/index.php\/en\/mandarin-oriental-2\/#breadcrumb\"},\"inLanguage\":\"cs\",\"potentialAction\":[{\"@type\":\"ReadAction\",\"target\":[\"https:\/\/www.travelanddine.info\/index.php\/en\/mandarin-oriental-2\/\"]}]},{\"@type\":\"BreadcrumbList\",\"@id\":\"https:\/\/www.travelanddine.info\/index.php\/en\/mandarin-oriental-2\/#breadcrumb\",\"itemListElement\":[{\"@type\":\"ListItem\",\"position\":1,\"name\":\"Dom\\u016f\",\"item\":\"https:\/\/www.travelanddine.info\/index.php\/en\/home\/\"},{\"@type\":\"ListItem\",\"position\":2,\"name\":\"MANDARIN ORIENTAL KUALA LUMPUR\"}]}]}<\/script>\n<!-- \/ Yoast SEO plugin. -->","yoast_head_json":{"title":"MANDARIN ORIENTAL KUALA LUMPUR - Premium Travel&amp;Dine Info","robots":{"index":"index","follow":"follow","max-snippet":"max-snippet:-1","max-image-preview":"max-image-preview:large","max-video-preview":"max-video-preview:-1"},"canonical":"https:\/\/www.travelanddine.info\/index.php\/en\/mandarin-oriental-2\/","og_locale":"cs_CZ","og_type":"article","og_title":"MANDARIN ORIENTAL KUALA LUMPUR - Premium Travel&amp;Dine Info","og_description":"Hotel Chain and Loyalty Program The hotel belongs to Mandarin Oriental Hotel Group, a luxury hotel chain. The Fans of MO is its loyalty program. Hotel lobby My arrival to the hotel was at lunch time. The reception area looks...","og_url":"https:\/\/www.travelanddine.info\/index.php\/en\/mandarin-oriental-2\/","og_site_name":"Premium Travel&amp;Dine Info","article_publisher":"http:\/\/www.facebook.com\/PremiumTravelAndDineInfo","article_modified_time":"2019-10-30T16:34:01+00:00","og_image":[{"url":"http:\/\/www.travelanddine.info\/wp-content\/uploads\/2019\/10\/01-1-1024x768.jpg"}],"twitter_card":"summary_large_image","twitter_misc":{"Odhadovan\u00e1 doba \u010dten\u00ed":"4 minuty"},"schema":{"@context":"https:\/\/schema.org","@graph":[{"@type":"Organization","@id":"https:\/\/www.travelanddine.info\/#organization","name":"Premium Travel & Dine Info","url":"https:\/\/www.travelanddine.info\/","sameAs":["http:\/\/www.facebook.com\/PremiumTravelAndDineInfo","https:\/\/www.instagram.com\/premium_travel_and_dine_info\/","https:\/\/www.youtube.com\/channel\/UCq4d7zmKK3AOuzDrR1p_2Qw\/featured?disable_polymer=1"],"logo":{"@type":"ImageObject","@id":"https:\/\/www.travelanddine.info\/#logo","inLanguage":"cs","url":"https:\/\/www.travelanddine.info\/wp-content\/uploads\/2019\/01\/logo-premium-e1547240252292.jpg","contentUrl":"https:\/\/www.travelanddine.info\/wp-content\/uploads\/2019\/01\/logo-premium-e1547240252292.jpg","width":1000,"height":406,"caption":"Premium Travel & Dine Info"},"image":{"@id":"https:\/\/www.travelanddine.info\/#logo"}},{"@type":"WebSite","@id":"https:\/\/www.travelanddine.info\/#website","url":"https:\/\/www.travelanddine.info\/","name":"Premium Travel&amp;Dine Info","description":"tipy, doporu\u010den\u00ed, informace.. pro ty, kte\u0159\u00ed maj\u00ed r\u00e1di cestov\u00e1n\u00ed na vysok\u00e9 \u00farovni a skv\u011bl\u00e9 j\u00eddlo","publisher":{"@id":"https:\/\/www.travelanddine.info\/#organization"},"potentialAction":[{"@type":"SearchAction","target":{"@type":"EntryPoint","urlTemplate":"https:\/\/www.travelanddine.info\/?s={search_term_string}"},"query-input":"required name=search_term_string"}],"inLanguage":"cs"},{"@type":"ImageObject","@id":"https:\/\/www.travelanddine.info\/index.php\/en\/mandarin-oriental-2\/#primaryimage","inLanguage":"cs","url":"http:\/\/www.travelanddine.info\/wp-content\/uploads\/2019\/10\/01-1-1024x768.jpg","contentUrl":"http:\/\/www.travelanddine.info\/wp-content\/uploads\/2019\/10\/01-1-1024x768.jpg"},{"@type":"WebPage","@id":"https:\/\/www.travelanddine.info\/index.php\/en\/mandarin-oriental-2\/#webpage","url":"https:\/\/www.travelanddine.info\/index.php\/en\/mandarin-oriental-2\/","name":"MANDARIN ORIENTAL KUALA LUMPUR - Premium Travel&amp;Dine Info","isPartOf":{"@id":"https:\/\/www.travelanddine.info\/#website"},"primaryImageOfPage":{"@id":"https:\/\/www.travelanddine.info\/index.php\/en\/mandarin-oriental-2\/#primaryimage"},"datePublished":"2019-10-29T19:11:13+00:00","dateModified":"2019-10-30T16:34:01+00:00","breadcrumb":{"@id":"https:\/\/www.travelanddine.info\/index.php\/en\/mandarin-oriental-2\/#breadcrumb"},"inLanguage":"cs","potentialAction":[{"@type":"ReadAction","target":["https:\/\/www.travelanddine.info\/index.php\/en\/mandarin-oriental-2\/"]}]},{"@type":"BreadcrumbList","@id":"https:\/\/www.travelanddine.info\/index.php\/en\/mandarin-oriental-2\/#breadcrumb","itemListElement":[{"@type":"ListItem","position":1,"name":"Dom\u016f","item":"https:\/\/www.travelanddine.info\/index.php\/en\/home\/"},{"@type":"ListItem","position":2,"name":"MANDARIN ORIENTAL KUALA LUMPUR"}]}]}},"_links":{"self":[{"href":"https:\/\/www.travelanddine.info\/index.php\/wp-json\/wp\/v2\/pages\/3686"}],"collection":[{"href":"https:\/\/www.travelanddine.info\/index.php\/wp-json\/wp\/v2\/pages"}],"about":[{"href":"https:\/\/www.travelanddine.info\/index.php\/wp-json\/wp\/v2\/types\/page"}],"author":[{"embeddable":true,"href":"https:\/\/www.travelanddine.info\/index.php\/wp-json\/wp\/v2\/users\/1"}],"replies":[{"embeddable":true,"href":"https:\/\/www.travelanddine.info\/index.php\/wp-json\/wp\/v2\/comments?post=3686"}],"version-history":[{"count":3,"href":"https:\/\/www.travelanddine.info\/index.php\/wp-json\/wp\/v2\/pages\/3686\/revisions"}],"predecessor-version":[{"id":3792,"href":"https:\/\/www.travelanddine.info\/index.php\/wp-json\/wp\/v2\/pages\/3686\/revisions\/3792"}],"wp:attachment":[{"href":"https:\/\/www.travelanddine.info\/index.php\/wp-json\/wp\/v2\/media?parent=3686"}],"curies":[{"name":"wp","href":"https:\/\/api.w.org\/{rel}","templated":true}]}}