{"id":3689,"date":"2019-10-29T19:11:43","date_gmt":"2019-10-29T19:11:43","guid":{"rendered":"http:\/\/www.travelanddine.info\/?page_id=3689"},"modified":"2019-10-30T21:43:26","modified_gmt":"2019-10-30T21:43:26","slug":"majestic-hotel","status":"publish","type":"page","link":"https:\/\/www.travelanddine.info\/index.php\/majestic-hotel\/","title":{"rendered":"MAJESTIC KUALA LUMPUR"},"content":{"rendered":"\n<p><em>Hotelov<\/em><em>\u00fd\n\u0159et\u011bzec a v\u011brnostn\u00ed program<\/em><\/p>\n\n\n\n<p>Hotel pat\u0159\u00ed pod nadn\u00e1rodn\u00ed hotelov\u00fd \u0159et\u011bzec Marriott International a jeho vlastn\u00ed zna\u010dku Autograph Collection. V\u011brnostn\u00ed program je Marriott Bonvoy.<br> Hotel byl postaven v roce 1932 v neoklasicistn\u00edm a art deco stylu.<\/p>\n\n\n\n<figure class=\"wp-block-image\"><img loading=\"lazy\" width=\"1024\" height=\"768\" src=\"https:\/\/www.travelanddine.info\/wp-content\/uploads\/2019\/10\/01-2-1024x768.jpg\" alt=\"\" class=\"wp-image-3793\" srcset=\"https:\/\/www.travelanddine.info\/wp-content\/uploads\/2019\/10\/01-2-1024x768.jpg 1024w, https:\/\/www.travelanddine.info\/wp-content\/uploads\/2019\/10\/01-2-300x225.jpg 300w, https:\/\/www.travelanddine.info\/wp-content\/uploads\/2019\/10\/01-2-768x576.jpg 768w\" sizes=\"(max-width: 1024px) 100vw, 1024px\" \/><\/figure>\n\n\n\n<figure class=\"wp-block-image\"><img loading=\"lazy\" width=\"1024\" height=\"605\" src=\"https:\/\/www.travelanddine.info\/wp-content\/uploads\/2019\/10\/02-2-1024x605.jpg\" alt=\"\" class=\"wp-image-3794\" srcset=\"https:\/\/www.travelanddine.info\/wp-content\/uploads\/2019\/10\/02-2-1024x605.jpg 1024w, https:\/\/www.travelanddine.info\/wp-content\/uploads\/2019\/10\/02-2-300x177.jpg 300w, https:\/\/www.travelanddine.info\/wp-content\/uploads\/2019\/10\/02-2-768x454.jpg 768w\" sizes=\"(max-width: 1024px) 100vw, 1024px\" \/><\/figure>\n\n\n\n<p><em>Hotelov\u00e9 lobby<\/em><\/p>\n\n\n\n<p>Do hotelu jsem p\u0159ijel kolem poledne a ji\u017e p\u0159i vystupov\u00e1n\u00ed z\u00a0taxi jsem byl p\u0159iv\u00edt\u00e1n hotelov\u00fdm vr\u00e1tn\u00fdm, kter\u00fd byl oble\u010den do b\u00edl\u00e9 uniformy s\u00a0kra\u0165asy, b\u00edl\u00fdmi podkolenkami a typickou b\u00edlou helmou, co pova\u017euji za mil\u00e9 \u201ep\u0159ekvapen\u00ed\u201c, proto\u017ee hotel pamatuje kouzlo star\u00fdch \u010das\u016f. Posl\u00e9ze jsem p\u0159istoupil p\u0159\u00edmo k\u00a0recepci. B\u011bhem p\u0159ihla\u0161ov\u00e1n\u00ed do hotelu nebyl nab\u00eddnut \u017e\u00e1dn\u00fd n\u00e1poj na uv\u00edtanou, ale celkov\u011b proces p\u0159ihl\u00e1\u0161en\u00ed byl p\u0159\u00e1telsk\u00fd, hladk\u00fd a rychl\u00fd.<\/p>\n\n\n\n<p>Interi\u00e9r vstupn\u00ed haly je velmi p\u011bkn\u00fd s vysok\u00fdmi stropy, \u0159\u00edmsk\u00fdmi sloupy a star\u00fdmi stropn\u00edmi sv\u011btly. To, co v\u00e1s v hotelu mile p\u0159iv\u00edt\u00e1 je tak\u00e9 p\u0159\u00edjemn\u00e9 v\u016fn\u011b \u0161\u00ed\u0159\u00edc\u00ed se po cel\u00e9m objektu hotelu.<br> Ve vstupn\u00ed hale se nach\u00e1z\u00ed recepce, zavazadlov\u00e9 slu\u017eby a slu\u017eba concierge. <\/p>\n\n\n\n<figure class=\"wp-block-image\"><img loading=\"lazy\" width=\"1024\" height=\"535\" src=\"https:\/\/www.travelanddine.info\/wp-content\/uploads\/2019\/10\/03-2-1024x535.jpg\" alt=\"\" class=\"wp-image-3795\" srcset=\"https:\/\/www.travelanddine.info\/wp-content\/uploads\/2019\/10\/03-2-1024x535.jpg 1024w, https:\/\/www.travelanddine.info\/wp-content\/uploads\/2019\/10\/03-2-300x157.jpg 300w, https:\/\/www.travelanddine.info\/wp-content\/uploads\/2019\/10\/03-2-768x401.jpg 768w\" sizes=\"(max-width: 1024px) 100vw, 1024px\" \/><\/figure>\n\n\n\n<p><em>Um\u00edst\u011bn\u00ed hotelu<\/em><\/p>\n\n\n\n<p>Hotel\nse nach\u00e1z\u00ed v oblasti KL Sentral, p\u0159\u00edmo naproti vlakov\u00e9mu n\u00e1dra\u017e\u00ed. KLIA\n(mezin\u00e1rodn\u00ed leti\u0161t\u011b Kuala Lumpur) je asi hodinu j\u00edzdy tax\u00edkem. Oblast Bukit\nBintang, Petronas Towers nebo KL Tower se nach\u00e1z\u00ed jen asi 10 a\u017e 15 minut\ntax\u00edkem v z\u00e1vislosti na provozu. Monorial nebo MRT vlaky (metro syst\u00e9m) jsou\ntak\u00e9 dobrou volbou pro cestov\u00e1n\u00ed po m\u011bst\u011b, pokud nechcete tr\u00e1vit mnoho \u010dasu\nsezen\u00edm v taxi.<br>\nPro hotelov\u00e9 hosty je tak\u00e9 k dispozici Majestic Luxury Coach (kyvadlov\u00e1 doprava\nhotelu), kter\u00fd pravideln\u011b jezd\u00ed do oblasti Bukit Bintang.<\/p>\n\n\n\n<p><em>Hotelov\u00e9 pokoje<\/em><\/p>\n\n\n\n<p>Hotel m\u00e1 300 pokoj\u016f a apartm\u00e1 ve dvou budov\u00e1ch, tzv. Majestic Wing a Tower Wing. M\u016fj pokoj byl um\u00edst\u011bn v Tower Wing. Velmi pohodln\u00fd pokoj. Pokoj je dekorovan\u00fd do tmav\u011b hn\u011bd\u00e9 a b\u00e9\u017eov\u00e9 barvy, n\u00e1bytek je modern\u00ed a praktick\u00fd. K dispozici je velk\u00e1 pohovka, postel velikosti King se spoustou pol\u0161t\u00e1\u0159\u016f, pracovn\u00ed st\u016fl a stojan na \u0161aty. K\u00e1vovar Nespresso a rychlovarn\u00e1 konvice jsou p\u0159irozen\u011b k dispozici. Velk\u00e1 ploch\u00e1 TV je p\u0159ipevn\u011bna na ze\u010f.<br> Koupelna je velk\u00e9 plus. Je rozd\u011blena na toaletu, sprchov\u00fd kout a prostor s velkou vanou, kde jsou dv\u011b umyvadla a televizor namontovan\u00fd uvnit\u0159 zdi. Je p\u0159\u00edjemn\u00e9 sledovat obl\u00edben\u00fd film z pohodl\u00ed vlastn\u00ed koupele.<br> Bydlel jsem v 8. pat\u0159e a bohu\u017eel do pokoje p\u0159ich\u00e1zel trochu nep\u0159\u00edjemn\u00fd zvuk z venkovn\u00ed akce, kde b\u011bhem dne hr\u00e1la hlasit\u00e1 hudba. Dal\u0161\u00ed ve\u010der se konala party t\u00e9m\u011b\u0159 do p\u016flnoci a zvuk byl sly\u0161et v&nbsp;pokoji celou dobu. Nep\u0159\u00edjemn\u00e9.<\/p>\n\n\n\n<figure class=\"wp-block-image\"><img loading=\"lazy\" width=\"1024\" height=\"768\" src=\"https:\/\/www.travelanddine.info\/wp-content\/uploads\/2019\/10\/04-2-1024x768.jpg\" alt=\"\" class=\"wp-image-3796\" srcset=\"https:\/\/www.travelanddine.info\/wp-content\/uploads\/2019\/10\/04-2-1024x768.jpg 1024w, https:\/\/www.travelanddine.info\/wp-content\/uploads\/2019\/10\/04-2-300x225.jpg 300w, https:\/\/www.travelanddine.info\/wp-content\/uploads\/2019\/10\/04-2-768x576.jpg 768w\" sizes=\"(max-width: 1024px) 100vw, 1024px\" \/><\/figure>\n\n\n\n<figure class=\"wp-block-image\"><img loading=\"lazy\" width=\"1024\" height=\"768\" src=\"https:\/\/www.travelanddine.info\/wp-content\/uploads\/2019\/10\/05-2-1024x768.jpg\" alt=\"\" class=\"wp-image-3797\" srcset=\"https:\/\/www.travelanddine.info\/wp-content\/uploads\/2019\/10\/05-2-1024x768.jpg 1024w, https:\/\/www.travelanddine.info\/wp-content\/uploads\/2019\/10\/05-2-300x225.jpg 300w, https:\/\/www.travelanddine.info\/wp-content\/uploads\/2019\/10\/05-2-768x576.jpg 768w\" sizes=\"(max-width: 1024px) 100vw, 1024px\" \/><\/figure>\n\n\n\n<figure class=\"wp-block-image\"><img loading=\"lazy\" width=\"1024\" height=\"768\" src=\"https:\/\/www.travelanddine.info\/wp-content\/uploads\/2019\/10\/06-2-1024x768.jpg\" alt=\"\" class=\"wp-image-3798\" srcset=\"https:\/\/www.travelanddine.info\/wp-content\/uploads\/2019\/10\/06-2-1024x768.jpg 1024w, https:\/\/www.travelanddine.info\/wp-content\/uploads\/2019\/10\/06-2-300x225.jpg 300w, https:\/\/www.travelanddine.info\/wp-content\/uploads\/2019\/10\/06-2-768x576.jpg 768w\" sizes=\"(max-width: 1024px) 100vw, 1024px\" \/><\/figure>\n\n\n\n<p><em>Restaurace a j\u00eddlo<\/em><\/p>\n\n\n\n<p>V\nhotelu je celkem 6 restaurac\u00ed a salonk\u016f. <em>Contango <\/em>serv\u00edruje modern\u00ed\nz\u00e1padn\u00ed, malajskou, \u010d\u00ednskou, japonskou a thajskou kuchyni. <em>Colonial Cafe<\/em>\nnab\u00edz\u00ed autentickou klasickou kuchyni z dob koloni\u00e1ln\u00ed \u00e9ry. <em>The Bar<\/em>,\nhudebn\u00ed bar nab\u00edz\u00ed slavn\u00e9 star\u00e9 koktejly ve stylov\u00e9 atmosf\u00e9\u0159e. <em>The Tea\nLounge<\/em> je ide\u00e1ln\u00edm m\u00edstem pro vychutn\u00e1n\u00ed si tradi\u010dn\u00edho anglick\u00e9ho\nodpoledn\u00edho \u010daje. <em>The Smoke House<\/em> je soukrom\u00e1 restaurace s osobn\u00edm\n\u0161\u00e9fkucha\u0159em. Rezervace p\u0159edem je proto nezbytn\u00e1. <em>The Orchid Conservatory<\/em>,\nbotanick\u00fd \u201ez\u00e1zrak\u201c &#8211; jedin\u00fd tohoto druhu v zemi. Host\u00e9 toto m\u00edsto mohou\nrezervovat, maxim\u00e1ln\u011b ov\u0161em pro 15 osob,\naby si u\u017eili odpoledn\u00ed \u010daj nebo ob\u011bd \u010di vlastn\u00ed ve\u010de\u0159i v soukrom\u00ed.<\/p>\n\n\n\n<figure class=\"wp-block-image\"><img loading=\"lazy\" width=\"1024\" height=\"768\" src=\"https:\/\/www.travelanddine.info\/wp-content\/uploads\/2019\/10\/07-2-1024x768.jpg\" alt=\"\" class=\"wp-image-3799\" srcset=\"https:\/\/www.travelanddine.info\/wp-content\/uploads\/2019\/10\/07-2-1024x768.jpg 1024w, https:\/\/www.travelanddine.info\/wp-content\/uploads\/2019\/10\/07-2-300x225.jpg 300w, https:\/\/www.travelanddine.info\/wp-content\/uploads\/2019\/10\/07-2-768x576.jpg 768w\" sizes=\"(max-width: 1024px) 100vw, 1024px\" \/><\/figure>\n\n\n\n<p><em>Mo\u017enosti pro voln\u00fd \u010das<\/em><\/p>\n\n\n\n<p>Hotelov\u00fd\nbaz\u00e9n se nach\u00e1z\u00ed ve 4. pat\u0159e Tower Wing, d\u00e1le je v&nbsp;hotelu k&nbsp;dispozici\nfitness centrum nebo Truefitt &amp; Hill \u2013 salon pro p\u00e9\u010di o vzhled pro p\u00e1ny. <\/p>\n\n\n\n<p>The\nDrawing Room um\u00edst\u011bn\u00fd v Majesty Wing je soukrom\u00fd salonek s koloni\u00e1ln\u00ed nostalgi\u00ed\na nab\u00edz\u00ed typick\u00e9 anglick\u00e9 tradice jako je slavn\u00fd anglick\u00fd odpoledn\u00ed \u010daj.<br>\nThe Cigar Room je pro milovn\u00edky doutn\u00edk\u016f nezbytn\u00fdm z\u00e1\u017eitkem. Na vy\u017e\u00e1d\u00e1n\u00ed jsou\nposkytnuty klasick\u00e9 nebo luxusn\u00ed \u017eakety, kter\u00e9 jsou nutnost\u00ed pro vstup. Zde si host\u00e9\nmohou pochutnat na skotsk\u00fdch, americk\u00fdch nebo japonsk\u00fdch whisky nebo\nhistorick\u00fdch koktejlech.<br>\nThe Screening Room je soukrom\u00e9 kino s klasick\u00fdmi \u010dernob\u00edl\u00fdmi filmy 30. let\nminul\u00e9ho stolet\u00ed.<\/p>\n\n\n\n<p>P\u0159ipojen\u00ed k&nbsp;wi-fi nen\u00ed stabiln\u00ed. N\u011bkdy funguje rychle a bezprobl\u00e9mov\u011b, n\u011bkdy je pot\u0159eba \u010dekat cel\u00e9 v\u011bky, ne\u017e se po\u017eadovan\u00e1 str\u00e1nka zobraz\u00ed.<\/p>\n\n\n\n<figure class=\"wp-block-image\"><img loading=\"lazy\" width=\"1024\" height=\"768\" src=\"https:\/\/www.travelanddine.info\/wp-content\/uploads\/2019\/10\/08-2-1024x768.jpg\" alt=\"\" class=\"wp-image-3800\" srcset=\"https:\/\/www.travelanddine.info\/wp-content\/uploads\/2019\/10\/08-2-1024x768.jpg 1024w, https:\/\/www.travelanddine.info\/wp-content\/uploads\/2019\/10\/08-2-300x225.jpg 300w, https:\/\/www.travelanddine.info\/wp-content\/uploads\/2019\/10\/08-2-768x576.jpg 768w\" sizes=\"(max-width: 1024px) 100vw, 1024px\" \/><\/figure>\n\n\n\n<figure class=\"wp-block-image\"><img loading=\"lazy\" width=\"1024\" height=\"768\" src=\"https:\/\/www.travelanddine.info\/wp-content\/uploads\/2019\/10\/09-2-1024x768.jpg\" alt=\"\" class=\"wp-image-3801\" srcset=\"https:\/\/www.travelanddine.info\/wp-content\/uploads\/2019\/10\/09-2-1024x768.jpg 1024w, https:\/\/www.travelanddine.info\/wp-content\/uploads\/2019\/10\/09-2-300x225.jpg 300w, https:\/\/www.travelanddine.info\/wp-content\/uploads\/2019\/10\/09-2-768x576.jpg 768w\" sizes=\"(max-width: 1024px) 100vw, 1024px\" \/><\/figure>\n\n\n\n<p><em>Z\u00e1v\u011br <\/em><\/p>\n\n\n\n<p>Nejlep\u0161\u00ed pro&nbsp;&nbsp;&nbsp;&nbsp;&nbsp;&nbsp;&nbsp;&nbsp; :<\/p>\n\n\n\n<p>sv\u016fj koloni\u00e1ln\u00ed charakter&nbsp;&nbsp;&nbsp; <\/p>\n\n\n\n<p>Neprop\u00e1sn\u011bte&nbsp;&nbsp;&nbsp;&nbsp; :&nbsp;&nbsp;&nbsp;&nbsp;&nbsp;&nbsp;&nbsp;&nbsp;&nbsp;&nbsp;&nbsp;&nbsp; <\/p>\n\n\n\n<p>chutn\u00e9\nj\u00eddlo v hotelu nebo v&nbsp;restaurac\u00edch m\u011bsta<\/p>\n\n\n\n<p>Cena pokoje&nbsp;&nbsp;&nbsp;&nbsp;&nbsp;&nbsp;&nbsp; :&nbsp;&nbsp;&nbsp;&nbsp;&nbsp;&nbsp;&nbsp;&nbsp;&nbsp;&nbsp;&nbsp;&nbsp; <\/p>\n\n\n\n<p>od 110,- EUR \/ noc<\/p>\n\n\n\n<p>Kontakt&nbsp;&nbsp;&nbsp;&nbsp;&nbsp;&nbsp;&nbsp;&nbsp;&nbsp;&nbsp;&nbsp;&nbsp;&nbsp;&nbsp;&nbsp; :&nbsp;&nbsp;&nbsp;&nbsp;&nbsp;&nbsp;&nbsp;&nbsp;&nbsp;&nbsp;&nbsp;&nbsp; <\/p>\n\n\n\n<figure class=\"wp-block-embed\"><div class=\"wp-block-embed__wrapper\">\nhttps:\/\/www.majestickl.com\/index.html\n<\/div><\/figure>\n","protected":false},"excerpt":{"rendered":"<p>Hotelov\u00fd \u0159et\u011bzec a v\u011brnostn\u00ed program Hotel pat\u0159\u00ed pod nadn\u00e1rodn\u00ed hotelov\u00fd \u0159et\u011bzec Marriott International a jeho vlastn\u00ed zna\u010dku Autograph Collection. V\u011brnostn\u00ed program je Marriott Bonvoy. Hotel byl postaven v roce 1932 v neoklasicistn\u00edm a art deco stylu. Hotelov\u00e9 lobby Do hotelu&#8230;<\/p>\n","protected":false},"author":1,"featured_media":0,"parent":0,"menu_order":0,"comment_status":"closed","ping_status":"closed","template":"","meta":[],"yoast_head":"<!-- This site is optimized with the Yoast SEO plugin v17.0 - https:\/\/yoast.com\/wordpress\/plugins\/seo\/ -->\n<title>MAJESTIC KUALA LUMPUR - Premium Travel&amp;Dine Info<\/title>\n<meta name=\"robots\" content=\"index, follow, max-snippet:-1, max-image-preview:large, max-video-preview:-1\" \/>\n<link rel=\"canonical\" href=\"https:\/\/www.travelanddine.info\/index.php\/majestic-hotel\/\" \/>\n<meta property=\"og:locale\" content=\"cs_CZ\" \/>\n<meta property=\"og:type\" content=\"article\" \/>\n<meta property=\"og:title\" content=\"MAJESTIC KUALA LUMPUR - Premium Travel&amp;Dine Info\" \/>\n<meta property=\"og:description\" content=\"Hotelov\u00fd \u0159et\u011bzec a v\u011brnostn\u00ed program Hotel pat\u0159\u00ed pod nadn\u00e1rodn\u00ed hotelov\u00fd \u0159et\u011bzec Marriott International a jeho vlastn\u00ed zna\u010dku Autograph Collection. V\u011brnostn\u00ed program je Marriott Bonvoy. Hotel byl postaven v roce 1932 v neoklasicistn\u00edm a art deco stylu. Hotelov\u00e9 lobby Do hotelu...\" \/>\n<meta property=\"og:url\" content=\"https:\/\/www.travelanddine.info\/index.php\/majestic-hotel\/\" \/>\n<meta property=\"og:site_name\" content=\"Premium Travel&amp;Dine Info\" \/>\n<meta property=\"article:publisher\" content=\"http:\/\/www.facebook.com\/PremiumTravelAndDineInfo\" \/>\n<meta property=\"article:modified_time\" content=\"2019-10-30T21:43:26+00:00\" \/>\n<meta property=\"og:image\" content=\"http:\/\/www.travelanddine.info\/wp-content\/uploads\/2019\/10\/01-2-1024x768.jpg\" \/>\n<meta name=\"twitter:card\" content=\"summary_large_image\" \/>\n<meta name=\"twitter:label1\" content=\"Odhadovan\u00e1 doba \u010dten\u00ed\" \/>\n\t<meta name=\"twitter:data1\" content=\"4 minuty\" \/>\n<script type=\"application\/ld+json\" class=\"yoast-schema-graph\">{\"@context\":\"https:\/\/schema.org\",\"@graph\":[{\"@type\":\"Organization\",\"@id\":\"https:\/\/www.travelanddine.info\/#organization\",\"name\":\"Premium Travel & Dine Info\",\"url\":\"https:\/\/www.travelanddine.info\/\",\"sameAs\":[\"http:\/\/www.facebook.com\/PremiumTravelAndDineInfo\",\"https:\/\/www.instagram.com\/premium_travel_and_dine_info\/\",\"https:\/\/www.youtube.com\/channel\/UCq4d7zmKK3AOuzDrR1p_2Qw\/featured?disable_polymer=1\"],\"logo\":{\"@type\":\"ImageObject\",\"@id\":\"https:\/\/www.travelanddine.info\/#logo\",\"inLanguage\":\"cs\",\"url\":\"https:\/\/www.travelanddine.info\/wp-content\/uploads\/2019\/01\/logo-premium-e1547240252292.jpg\",\"contentUrl\":\"https:\/\/www.travelanddine.info\/wp-content\/uploads\/2019\/01\/logo-premium-e1547240252292.jpg\",\"width\":1000,\"height\":406,\"caption\":\"Premium Travel & Dine Info\"},\"image\":{\"@id\":\"https:\/\/www.travelanddine.info\/#logo\"}},{\"@type\":\"WebSite\",\"@id\":\"https:\/\/www.travelanddine.info\/#website\",\"url\":\"https:\/\/www.travelanddine.info\/\",\"name\":\"Premium Travel&amp;Dine Info\",\"description\":\"tipy, doporu\\u010den\\u00ed, informace.. pro ty, kte\\u0159\\u00ed maj\\u00ed r\\u00e1di cestov\\u00e1n\\u00ed na vysok\\u00e9 \\u00farovni a skv\\u011bl\\u00e9 j\\u00eddlo\",\"publisher\":{\"@id\":\"https:\/\/www.travelanddine.info\/#organization\"},\"potentialAction\":[{\"@type\":\"SearchAction\",\"target\":{\"@type\":\"EntryPoint\",\"urlTemplate\":\"https:\/\/www.travelanddine.info\/?s={search_term_string}\"},\"query-input\":\"required name=search_term_string\"}],\"inLanguage\":\"cs\"},{\"@type\":\"ImageObject\",\"@id\":\"https:\/\/www.travelanddine.info\/index.php\/majestic-hotel\/#primaryimage\",\"inLanguage\":\"cs\",\"url\":\"http:\/\/www.travelanddine.info\/wp-content\/uploads\/2019\/10\/01-2-1024x768.jpg\",\"contentUrl\":\"http:\/\/www.travelanddine.info\/wp-content\/uploads\/2019\/10\/01-2-1024x768.jpg\"},{\"@type\":\"WebPage\",\"@id\":\"https:\/\/www.travelanddine.info\/index.php\/majestic-hotel\/#webpage\",\"url\":\"https:\/\/www.travelanddine.info\/index.php\/majestic-hotel\/\",\"name\":\"MAJESTIC KUALA LUMPUR - Premium Travel&amp;Dine Info\",\"isPartOf\":{\"@id\":\"https:\/\/www.travelanddine.info\/#website\"},\"primaryImageOfPage\":{\"@id\":\"https:\/\/www.travelanddine.info\/index.php\/majestic-hotel\/#primaryimage\"},\"datePublished\":\"2019-10-29T19:11:43+00:00\",\"dateModified\":\"2019-10-30T21:43:26+00:00\",\"breadcrumb\":{\"@id\":\"https:\/\/www.travelanddine.info\/index.php\/majestic-hotel\/#breadcrumb\"},\"inLanguage\":\"cs\",\"potentialAction\":[{\"@type\":\"ReadAction\",\"target\":[\"https:\/\/www.travelanddine.info\/index.php\/majestic-hotel\/\"]}]},{\"@type\":\"BreadcrumbList\",\"@id\":\"https:\/\/www.travelanddine.info\/index.php\/majestic-hotel\/#breadcrumb\",\"itemListElement\":[{\"@type\":\"ListItem\",\"position\":1,\"name\":\"Dom\\u016f\",\"item\":\"https:\/\/www.travelanddine.info\/index.php\/en\/home\/\"},{\"@type\":\"ListItem\",\"position\":2,\"name\":\"MAJESTIC KUALA LUMPUR\"}]}]}<\/script>\n<!-- \/ Yoast SEO plugin. -->","yoast_head_json":{"title":"MAJESTIC KUALA LUMPUR - Premium Travel&amp;Dine Info","robots":{"index":"index","follow":"follow","max-snippet":"max-snippet:-1","max-image-preview":"max-image-preview:large","max-video-preview":"max-video-preview:-1"},"canonical":"https:\/\/www.travelanddine.info\/index.php\/majestic-hotel\/","og_locale":"cs_CZ","og_type":"article","og_title":"MAJESTIC KUALA LUMPUR - Premium Travel&amp;Dine Info","og_description":"Hotelov\u00fd \u0159et\u011bzec a v\u011brnostn\u00ed program Hotel pat\u0159\u00ed pod nadn\u00e1rodn\u00ed hotelov\u00fd \u0159et\u011bzec Marriott International a jeho vlastn\u00ed zna\u010dku Autograph Collection. V\u011brnostn\u00ed program je Marriott Bonvoy. Hotel byl postaven v roce 1932 v neoklasicistn\u00edm a art deco stylu. Hotelov\u00e9 lobby Do hotelu...","og_url":"https:\/\/www.travelanddine.info\/index.php\/majestic-hotel\/","og_site_name":"Premium Travel&amp;Dine Info","article_publisher":"http:\/\/www.facebook.com\/PremiumTravelAndDineInfo","article_modified_time":"2019-10-30T21:43:26+00:00","og_image":[{"url":"http:\/\/www.travelanddine.info\/wp-content\/uploads\/2019\/10\/01-2-1024x768.jpg"}],"twitter_card":"summary_large_image","twitter_misc":{"Odhadovan\u00e1 doba \u010dten\u00ed":"4 minuty"},"schema":{"@context":"https:\/\/schema.org","@graph":[{"@type":"Organization","@id":"https:\/\/www.travelanddine.info\/#organization","name":"Premium Travel & Dine Info","url":"https:\/\/www.travelanddine.info\/","sameAs":["http:\/\/www.facebook.com\/PremiumTravelAndDineInfo","https:\/\/www.instagram.com\/premium_travel_and_dine_info\/","https:\/\/www.youtube.com\/channel\/UCq4d7zmKK3AOuzDrR1p_2Qw\/featured?disable_polymer=1"],"logo":{"@type":"ImageObject","@id":"https:\/\/www.travelanddine.info\/#logo","inLanguage":"cs","url":"https:\/\/www.travelanddine.info\/wp-content\/uploads\/2019\/01\/logo-premium-e1547240252292.jpg","contentUrl":"https:\/\/www.travelanddine.info\/wp-content\/uploads\/2019\/01\/logo-premium-e1547240252292.jpg","width":1000,"height":406,"caption":"Premium Travel & Dine Info"},"image":{"@id":"https:\/\/www.travelanddine.info\/#logo"}},{"@type":"WebSite","@id":"https:\/\/www.travelanddine.info\/#website","url":"https:\/\/www.travelanddine.info\/","name":"Premium Travel&amp;Dine Info","description":"tipy, doporu\u010den\u00ed, informace.. pro ty, kte\u0159\u00ed maj\u00ed r\u00e1di cestov\u00e1n\u00ed na vysok\u00e9 \u00farovni a skv\u011bl\u00e9 j\u00eddlo","publisher":{"@id":"https:\/\/www.travelanddine.info\/#organization"},"potentialAction":[{"@type":"SearchAction","target":{"@type":"EntryPoint","urlTemplate":"https:\/\/www.travelanddine.info\/?s={search_term_string}"},"query-input":"required name=search_term_string"}],"inLanguage":"cs"},{"@type":"ImageObject","@id":"https:\/\/www.travelanddine.info\/index.php\/majestic-hotel\/#primaryimage","inLanguage":"cs","url":"http:\/\/www.travelanddine.info\/wp-content\/uploads\/2019\/10\/01-2-1024x768.jpg","contentUrl":"http:\/\/www.travelanddine.info\/wp-content\/uploads\/2019\/10\/01-2-1024x768.jpg"},{"@type":"WebPage","@id":"https:\/\/www.travelanddine.info\/index.php\/majestic-hotel\/#webpage","url":"https:\/\/www.travelanddine.info\/index.php\/majestic-hotel\/","name":"MAJESTIC KUALA LUMPUR - Premium Travel&amp;Dine Info","isPartOf":{"@id":"https:\/\/www.travelanddine.info\/#website"},"primaryImageOfPage":{"@id":"https:\/\/www.travelanddine.info\/index.php\/majestic-hotel\/#primaryimage"},"datePublished":"2019-10-29T19:11:43+00:00","dateModified":"2019-10-30T21:43:26+00:00","breadcrumb":{"@id":"https:\/\/www.travelanddine.info\/index.php\/majestic-hotel\/#breadcrumb"},"inLanguage":"cs","potentialAction":[{"@type":"ReadAction","target":["https:\/\/www.travelanddine.info\/index.php\/majestic-hotel\/"]}]},{"@type":"BreadcrumbList","@id":"https:\/\/www.travelanddine.info\/index.php\/majestic-hotel\/#breadcrumb","itemListElement":[{"@type":"ListItem","position":1,"name":"Dom\u016f","item":"https:\/\/www.travelanddine.info\/index.php\/en\/home\/"},{"@type":"ListItem","position":2,"name":"MAJESTIC KUALA LUMPUR"}]}]}},"_links":{"self":[{"href":"https:\/\/www.travelanddine.info\/index.php\/wp-json\/wp\/v2\/pages\/3689"}],"collection":[{"href":"https:\/\/www.travelanddine.info\/index.php\/wp-json\/wp\/v2\/pages"}],"about":[{"href":"https:\/\/www.travelanddine.info\/index.php\/wp-json\/wp\/v2\/types\/page"}],"author":[{"embeddable":true,"href":"https:\/\/www.travelanddine.info\/index.php\/wp-json\/wp\/v2\/users\/1"}],"replies":[{"embeddable":true,"href":"https:\/\/www.travelanddine.info\/index.php\/wp-json\/wp\/v2\/comments?post=3689"}],"version-history":[{"count":4,"href":"https:\/\/www.travelanddine.info\/index.php\/wp-json\/wp\/v2\/pages\/3689\/revisions"}],"predecessor-version":[{"id":3815,"href":"https:\/\/www.travelanddine.info\/index.php\/wp-json\/wp\/v2\/pages\/3689\/revisions\/3815"}],"wp:attachment":[{"href":"https:\/\/www.travelanddine.info\/index.php\/wp-json\/wp\/v2\/media?parent=3689"}],"curies":[{"name":"wp","href":"https:\/\/api.w.org\/{rel}","templated":true}]}}