{"id":3695,"date":"2019-10-29T19:12:10","date_gmt":"2019-10-29T19:12:10","guid":{"rendered":"http:\/\/www.travelanddine.info\/?page_id=3695"},"modified":"2019-10-30T21:49:00","modified_gmt":"2019-10-30T21:49:00","slug":"indigo-hotel","status":"publish","type":"page","link":"https:\/\/www.travelanddine.info\/index.php\/indigo-hotel\/","title":{"rendered":"INDIGO HOTEL"},"content":{"rendered":"\n<p><em>Hotelov<\/em><em>\u00fd\n\u0159et\u011bzec a v\u011brnostn\u00ed program<\/em><\/p>\n\n\n\n<p>Hotel\npat\u0159\u00ed do nadn\u00e1rodn\u00edho hotelov\u00e9ho \u0159et\u011bzce IHG &#8211; InterContinental Hotel Group. V\nhotelu se uplat\u0148uje v\u011brnostn\u00ed program IHG Rewards.<\/p>\n\n\n\n<figure class=\"wp-block-image\"><img loading=\"lazy\" width=\"768\" height=\"1024\" src=\"https:\/\/www.travelanddine.info\/wp-content\/uploads\/2019\/10\/IMG_20191012_174812-768x1024.jpg\" alt=\"\" class=\"wp-image-3727\" srcset=\"https:\/\/www.travelanddine.info\/wp-content\/uploads\/2019\/10\/IMG_20191012_174812-768x1024.jpg 768w, https:\/\/www.travelanddine.info\/wp-content\/uploads\/2019\/10\/IMG_20191012_174812-225x300.jpg 225w\" sizes=\"(max-width: 768px) 100vw, 768px\" \/><\/figure>\n\n\n\n<p><em>Hotelov\u00e9 lobby<\/em><\/p>\n\n\n\n<p>M\u016fj\np\u0159\u00edjezd do hotelu prob\u011bhl pozd\u011bji odpoledne. Recepce je pom\u011brn\u011b mal\u00e1, ale velmi\nstylov\u00e1, hodn\u011b vyzdoben\u00e1 v tradi\u010dn\u00edch \u010d\u00ednsk\u00fdch detailech. P\u0159ipom\u00edn\u00e1 mi to jeden\nz modern\u00edch butikov\u00fdch hotel\u016f se spoustou zvl\u00e1\u0161tn\u00edch detail\u016f. Pult recepce je\ndlouh\u00fd \u010d\u00ednsk\u00fd st\u016fl. Zaj\u00edmav\u00e9. Person\u00e1l recepce byl velmi vst\u0159\u00edcn\u00fd a zdvo\u0159il\u00fd a proces\np\u0159ihl\u00e1\u0161en\u00ed do hotelu byl hladk\u00fd, rychl\u00fd a p\u0159\u00edjemn\u00fd. Moje recep\u010dn\u00ed se dokonce\nsna\u017eila naj\u00edt moje \u010dlensk\u00e9 \u010d\u00edslo IHG Rewards v syst\u00e9mu, proto\u017ee j\u00e1 ho zrovna\nnemohl naj\u00edt.<br>\nB\u011bhem m\u00e9 p\u0159ihla\u0161ovac\u00edho procesu mi byla nab\u00eddnuta ledov\u00e1 k\u00e1va jako welcome\ndrink.<\/p>\n\n\n\n<figure class=\"wp-block-image\"><img loading=\"lazy\" width=\"1024\" height=\"768\" src=\"https:\/\/www.travelanddine.info\/wp-content\/uploads\/2019\/10\/IMG_20191012_174909-1024x768.jpg\" alt=\"\" class=\"wp-image-3728\" srcset=\"https:\/\/www.travelanddine.info\/wp-content\/uploads\/2019\/10\/IMG_20191012_174909-1024x768.jpg 1024w, https:\/\/www.travelanddine.info\/wp-content\/uploads\/2019\/10\/IMG_20191012_174909-300x225.jpg 300w, https:\/\/www.travelanddine.info\/wp-content\/uploads\/2019\/10\/IMG_20191012_174909-768x576.jpg 768w\" sizes=\"(max-width: 1024px) 100vw, 1024px\" \/><\/figure>\n\n\n\n<figure class=\"wp-block-image\"><img loading=\"lazy\" width=\"1024\" height=\"768\" src=\"https:\/\/www.travelanddine.info\/wp-content\/uploads\/2019\/10\/IMG_20191012_174905-1024x768.jpg\" alt=\"\" class=\"wp-image-3729\" srcset=\"https:\/\/www.travelanddine.info\/wp-content\/uploads\/2019\/10\/IMG_20191012_174905-1024x768.jpg 1024w, https:\/\/www.travelanddine.info\/wp-content\/uploads\/2019\/10\/IMG_20191012_174905-300x225.jpg 300w, https:\/\/www.travelanddine.info\/wp-content\/uploads\/2019\/10\/IMG_20191012_174905-768x576.jpg 768w\" sizes=\"(max-width: 1024px) 100vw, 1024px\" \/><\/figure>\n\n\n\n<p><em>Um\u00edst\u011bn\u00ed hotelu<\/em><\/p>\n\n\n\n<p>Hotel\nse nach\u00e1z\u00ed v oblasti Katong, velmi klidn\u00e9 a modern\u00ed reziden\u010dn\u00ed \u010d\u00e1sti m\u011bsta, nap\u016fl\ncesty mezi leti\u0161t\u011bm Changi a centrem m\u011bsta. Naproti hotelu se nach\u00e1z\u00ed ulice s\ntradi\u010dn\u00edmi domy bohat\u00fdch singapursk\u00fdch elit z&nbsp;obdob\u00ed od 19-ho do za\u010d\u00e1tku 20-ho.\nstolet\u00ed, kde jsou nyn\u00ed chutn\u00e9 mal\u00e9 restaurace a obch\u016fdky. Z&nbsp;hotelu je jen\np\u00e1r minut ch\u016fze na pl\u00e1\u017e a tak\u00e9 do East Coast Park, velk\u00e9ho relaxa\u010dn\u00edho m\u00edsta\nm\u011bsta Zde se nach\u00e1z\u00ed mno\u017estv\u00ed v\u00fdte\u010dn\u00fdch restaurac\u00ed a tak\u00e9 promen\u00e1da pro p\u011b\u0161\u00ed.\nLeti\u0161t\u011b Changi je asi 11 km od hotelu a p\u0159ibli\u017en\u011b 15 minut tax\u00edkem. Merlion,\nlv\u00ed font\u00e1na, symbol Singapuru, kter\u00e1 se nach\u00e1z\u00ed v centru m\u011bsta, je asi 15 minut\nj\u00edzdy.<\/p>\n\n\n\n<figure class=\"wp-block-image\"><img loading=\"lazy\" width=\"1024\" height=\"768\" src=\"https:\/\/www.travelanddine.info\/wp-content\/uploads\/2019\/10\/IMG_20191013_181507-1024x768.jpg\" alt=\"\" class=\"wp-image-3730\" srcset=\"https:\/\/www.travelanddine.info\/wp-content\/uploads\/2019\/10\/IMG_20191013_181507-1024x768.jpg 1024w, https:\/\/www.travelanddine.info\/wp-content\/uploads\/2019\/10\/IMG_20191013_181507-300x225.jpg 300w, https:\/\/www.travelanddine.info\/wp-content\/uploads\/2019\/10\/IMG_20191013_181507-768x576.jpg 768w\" sizes=\"(max-width: 1024px) 100vw, 1024px\" \/><\/figure>\n\n\n\n<p><em>Hotelov\u00e9\npokoje<\/em><\/p>\n\n\n\n<p>Hotel m\u00e1 v\u00edce ne\u017e 130 pokoj\u016f na 15 podla\u017e\u00edch. Prvn\u00ed v\u011bc\u00ed, kter\u00e1 m\u011b oslovila, kdy\u017e jsem ve\u0161el do m\u00edstnosti, byly barevn\u00e9 vzory a tradi\u010dn\u00ed um\u011bn\u00ed na ka\u017ed\u00e9m centimetru m\u00edstnosti. K dispozici je pohodln\u00e1 postel velikosti King s \u010delem postele s\u00a0\u010d\u00ednsk\u00fdm kv\u011btinov\u00fdm vzorem a batikovan\u00fdmi \u010derven\u00fdmi pol\u0161t\u00e1\u0159i, ratanov\u00e1 pohovka a konferen\u010dn\u00ed stolek, starom\u00f3dn\u00ed velk\u00e1 \u010d\u00ednsk\u00e1 sk\u0159\u00ed\u0148 s prosklen\u00fdmi dve\u0159mi, ve kter\u00e9 je um\u00edst\u011bna rychlovarn\u00e1 konvice, french-press pro p\u0159\u00edpravu k\u00e1vy a p\u0159\u00edslu\u0161enstv\u00ed pro p\u0159\u00edpravu k\u00e1vy a \u010daje. Rovn\u011b\u017e ledni\u010dka s\u00a0minibarem je um\u00edst\u011bna uvnit\u0159. V horn\u00ed \u010d\u00e1sti sk\u0159\u00edn\u011b je vystaven drah\u00fd m\u00edstn\u00ed porcel\u00e1n, stejn\u011b tak jak to b\u00fdv\u00e1 v mnoha tradi\u010dn\u00edch m\u00edstn\u00edch domech. Televizor je namontov\u00e1n na zdi. <br> Koupelna je op\u011bt velmi stylov\u00e1 a barevn\u00e1. Umyvadlov\u00e1 \u010d\u00e1st je zaj\u00edmav\u00fdm starod\u00e1vn\u00fdm kouskem. Na podstavci star\u00e9ho \u0161ic\u00edho stroje Singer. Bohu\u017eel kolem u\u017e nez\u016fst\u00e1v\u00e1 mnoho prostoru k\u00a0odlo\u017een\u00ed osobn\u00edch v\u011bc\u00ed. Na zdi vis\u00ed podsv\u00edcen\u00e9 zrcadlo se starod\u00e1vn\u00fdm motivem. K dispozici je zde tak\u00e9 \u017eidle a samostatn\u00fd staro\u017eitn\u00fd lavor ur\u010den\u00fd pro hygienu chodidel. Samostatnou sou\u010d\u00e1st\u00ed koupelny je sprchov\u00fd kout.<br>M\u00edstnost nen\u00ed p\u0159\u00edli\u0161 velk\u00e1. Pro jednoho cestovatele je to v\u00a0naprost\u00e9m po\u0159\u00e1dku, ale pro dva hosty pokoj nen\u00ed p\u0159\u00edli\u0161 prostorn\u00fd. <\/p>\n\n\n\n<figure class=\"wp-block-image\"><img loading=\"lazy\" width=\"1024\" height=\"768\" src=\"https:\/\/www.travelanddine.info\/wp-content\/uploads\/2019\/10\/IMG_20191012_153758-1024x768.jpg\" alt=\"\" class=\"wp-image-3731\" srcset=\"https:\/\/www.travelanddine.info\/wp-content\/uploads\/2019\/10\/IMG_20191012_153758-1024x768.jpg 1024w, https:\/\/www.travelanddine.info\/wp-content\/uploads\/2019\/10\/IMG_20191012_153758-300x225.jpg 300w, https:\/\/www.travelanddine.info\/wp-content\/uploads\/2019\/10\/IMG_20191012_153758-768x576.jpg 768w\" sizes=\"(max-width: 1024px) 100vw, 1024px\" \/><\/figure>\n\n\n\n<figure class=\"wp-block-image\"><img loading=\"lazy\" width=\"1024\" height=\"768\" src=\"https:\/\/www.travelanddine.info\/wp-content\/uploads\/2019\/10\/IMG_20191012_153823-1024x768.jpg\" alt=\"\" class=\"wp-image-3733\" srcset=\"https:\/\/www.travelanddine.info\/wp-content\/uploads\/2019\/10\/IMG_20191012_153823-1024x768.jpg 1024w, https:\/\/www.travelanddine.info\/wp-content\/uploads\/2019\/10\/IMG_20191012_153823-300x225.jpg 300w, https:\/\/www.travelanddine.info\/wp-content\/uploads\/2019\/10\/IMG_20191012_153823-768x576.jpg 768w\" sizes=\"(max-width: 1024px) 100vw, 1024px\" \/><\/figure>\n\n\n\n<figure class=\"wp-block-image\"><img loading=\"lazy\" width=\"1024\" height=\"768\" src=\"https:\/\/www.travelanddine.info\/wp-content\/uploads\/2019\/10\/IMG_20191012_153839-1024x768.jpg\" alt=\"\" class=\"wp-image-3734\" srcset=\"https:\/\/www.travelanddine.info\/wp-content\/uploads\/2019\/10\/IMG_20191012_153839-1024x768.jpg 1024w, https:\/\/www.travelanddine.info\/wp-content\/uploads\/2019\/10\/IMG_20191012_153839-300x225.jpg 300w, https:\/\/www.travelanddine.info\/wp-content\/uploads\/2019\/10\/IMG_20191012_153839-768x576.jpg 768w\" sizes=\"(max-width: 1024px) 100vw, 1024px\" \/><\/figure>\n\n\n\n<figure class=\"wp-block-image\"><img loading=\"lazy\" width=\"768\" height=\"1024\" src=\"https:\/\/www.travelanddine.info\/wp-content\/uploads\/2019\/10\/IMG_20191012_153850-1-768x1024.jpg\" alt=\"\" class=\"wp-image-3735\" srcset=\"https:\/\/www.travelanddine.info\/wp-content\/uploads\/2019\/10\/IMG_20191012_153850-1-768x1024.jpg 768w, https:\/\/www.travelanddine.info\/wp-content\/uploads\/2019\/10\/IMG_20191012_153850-1-225x300.jpg 225w\" sizes=\"(max-width: 768px) 100vw, 768px\" \/><\/figure>\n\n\n\n<figure class=\"wp-block-image\"><img loading=\"lazy\" width=\"768\" height=\"1024\" src=\"https:\/\/www.travelanddine.info\/wp-content\/uploads\/2019\/10\/IMG_20191012_153906-768x1024.jpg\" alt=\"\" class=\"wp-image-3736\" srcset=\"https:\/\/www.travelanddine.info\/wp-content\/uploads\/2019\/10\/IMG_20191012_153906-768x1024.jpg 768w, https:\/\/www.travelanddine.info\/wp-content\/uploads\/2019\/10\/IMG_20191012_153906-225x300.jpg 225w\" sizes=\"(max-width: 768px) 100vw, 768px\" \/><\/figure>\n\n\n\n<figure class=\"wp-block-image\"><img loading=\"lazy\" width=\"768\" height=\"1024\" src=\"https:\/\/www.travelanddine.info\/wp-content\/uploads\/2019\/10\/IMG_20191012_154003-768x1024.jpg\" alt=\"\" class=\"wp-image-3737\" srcset=\"https:\/\/www.travelanddine.info\/wp-content\/uploads\/2019\/10\/IMG_20191012_154003-768x1024.jpg 768w, https:\/\/www.travelanddine.info\/wp-content\/uploads\/2019\/10\/IMG_20191012_154003-225x300.jpg 225w\" sizes=\"(max-width: 768px) 100vw, 768px\" \/><\/figure>\n\n\n\n<p><em>Restaurace\na j\u00eddlo<\/em><\/p>\n\n\n\n<p>V\nhotelu je pouze jedna restaurace s n\u00e1zvem Baba Chews Bar &amp; Eatery. Pod\u00e1v\u00e1\nmodern\u00ed a tradi\u010dn\u00ed kuchyni z&nbsp;oblasti Malack\u00e9 \u00fa\u017einy. Nen\u00ed ani divu, \u017ee\nhotel m\u00e1 pouze jednu restauraci, proto\u017ee v nedalek\u00fdch restaurac\u00edch je spousta\nmo\u017enost\u00ed, jak si d\u00e1t skv\u011bl\u00e9 asijsk\u00e9 j\u00eddlo. P\u0159\u00edkladem je mal\u00e1 pouli\u010dn\u00ed j\u00eddelna s\nn\u00e1zvem 328 Katong Laksa, kter\u00e1 se nach\u00e1z\u00ed na ulici p\u0159\u00edmo naproti hotelu.\nJ\u00eddelna je m\u00edstem vyhl\u00e1\u0161en\u00fdm pro sv\u00e9 j\u00eddlo laksa a nav\u0161t\u011bvuj\u00ed ji kucha\u0159sk\u00e9\ncelebrity z cel\u00e9 Asie a sv\u011bta, v\u010detn\u011b Gordona Ramsaye.<\/p>\n\n\n\n<figure class=\"wp-block-image\"><img loading=\"lazy\" width=\"1024\" height=\"768\" src=\"https:\/\/www.travelanddine.info\/wp-content\/uploads\/2019\/10\/IMG_20191014_122125-1024x768.jpg\" alt=\"\" class=\"wp-image-3738\" srcset=\"https:\/\/www.travelanddine.info\/wp-content\/uploads\/2019\/10\/IMG_20191014_122125-1024x768.jpg 1024w, https:\/\/www.travelanddine.info\/wp-content\/uploads\/2019\/10\/IMG_20191014_122125-300x225.jpg 300w, https:\/\/www.travelanddine.info\/wp-content\/uploads\/2019\/10\/IMG_20191014_122125-768x576.jpg 768w\" sizes=\"(max-width: 1024px) 100vw, 1024px\" \/><\/figure>\n\n\n\n<figure class=\"wp-block-image\"><img loading=\"lazy\" width=\"768\" height=\"1024\" src=\"https:\/\/www.travelanddine.info\/wp-content\/uploads\/2019\/10\/IMG_20191014_122146-768x1024.jpg\" alt=\"\" class=\"wp-image-3739\" srcset=\"https:\/\/www.travelanddine.info\/wp-content\/uploads\/2019\/10\/IMG_20191014_122146-768x1024.jpg 768w, https:\/\/www.travelanddine.info\/wp-content\/uploads\/2019\/10\/IMG_20191014_122146-225x300.jpg 225w\" sizes=\"(max-width: 768px) 100vw, 768px\" \/><\/figure>\n\n\n\n<p><em>Mo\u017enosti\npro voln\u00fd \u010das<\/em><\/p>\n\n\n\n<p>Na\nst\u0159e\u0161e budovy je um\u00edst\u011bn baz\u00e9n, u kter\u00e9ho je men\u0161\u00ed prostor pro leh\u00e1tka a stoly\nse \u017eidlemi. &nbsp;T\u011blocvi\u010dna je hned vedle\nbaz\u00e9nu.<\/p>\n\n\n\n<figure class=\"wp-block-image\"><img loading=\"lazy\" width=\"1024\" height=\"768\" src=\"https:\/\/www.travelanddine.info\/wp-content\/uploads\/2019\/10\/IMG_20191012_192520-1024x768.jpg\" alt=\"\" class=\"wp-image-3740\" srcset=\"https:\/\/www.travelanddine.info\/wp-content\/uploads\/2019\/10\/IMG_20191012_192520-1024x768.jpg 1024w, https:\/\/www.travelanddine.info\/wp-content\/uploads\/2019\/10\/IMG_20191012_192520-300x225.jpg 300w, https:\/\/www.travelanddine.info\/wp-content\/uploads\/2019\/10\/IMG_20191012_192520-768x576.jpg 768w\" sizes=\"(max-width: 1024px) 100vw, 1024px\" \/><\/figure>\n\n\n\n<figure class=\"wp-block-image\"><img loading=\"lazy\" width=\"1024\" height=\"768\" src=\"https:\/\/www.travelanddine.info\/wp-content\/uploads\/2019\/10\/IMG_20191014_122543-1024x768.jpg\" alt=\"\" class=\"wp-image-3741\" srcset=\"https:\/\/www.travelanddine.info\/wp-content\/uploads\/2019\/10\/IMG_20191014_122543-1024x768.jpg 1024w, https:\/\/www.travelanddine.info\/wp-content\/uploads\/2019\/10\/IMG_20191014_122543-300x225.jpg 300w, https:\/\/www.travelanddine.info\/wp-content\/uploads\/2019\/10\/IMG_20191014_122543-768x576.jpg 768w\" sizes=\"(max-width: 1024px) 100vw, 1024px\" \/><\/figure>\n\n\n\n<p><em>Z\u00e1v\u011br <\/em><\/p>\n\n\n\n<p>Nejlep\u0161\u00ed\npro&nbsp;&nbsp;&nbsp;&nbsp;&nbsp;&nbsp;&nbsp;&nbsp; :<\/p>\n\n\n\n<p>Barevnost a um\u011bleck\u00fd design &nbsp;&nbsp;&nbsp;&nbsp;&nbsp;&nbsp;&nbsp;&nbsp;&nbsp;&nbsp;&nbsp; <\/p>\n\n\n\n<p>Neprop\u00e1sn\u011bte&nbsp;&nbsp;&nbsp;&nbsp; :&nbsp;&nbsp;&nbsp;&nbsp;&nbsp;&nbsp;&nbsp;&nbsp;&nbsp;&nbsp;&nbsp;&nbsp; <\/p>\n\n\n\n<p>Vyhl\u00e1\u0161enou\nj\u00eddelnu 328 Katong Laksa naproti hotelu<\/p>\n\n\n\n<p>Cena pokoje&nbsp;&nbsp;&nbsp;&nbsp;&nbsp;&nbsp;&nbsp; :&nbsp;&nbsp;&nbsp;&nbsp;&nbsp;&nbsp;&nbsp;&nbsp;&nbsp;&nbsp;&nbsp;&nbsp; <\/p>\n\n\n\n<p>od 190,- EUR \/ noc<\/p>\n\n\n\n<p>Kontakt&nbsp;&nbsp;&nbsp;&nbsp;&nbsp;&nbsp;&nbsp;&nbsp;&nbsp;&nbsp;&nbsp;&nbsp;&nbsp;&nbsp;&nbsp; :&nbsp;&nbsp;&nbsp;&nbsp;&nbsp;<\/p>\n\n\n\n<p>&nbsp; https:\/\/www.ihg.com\/hotelindigo\/hotels\/us\/en\/singapore\/sinki\/hoteldetail?cm_mmc=GoogleMaps-_-IN-_-SG-_-SINKI &nbsp;&nbsp;&nbsp;&nbsp;&nbsp;&nbsp; <\/p>\n","protected":false},"excerpt":{"rendered":"<p>Hotelov\u00fd \u0159et\u011bzec a v\u011brnostn\u00ed program Hotel pat\u0159\u00ed do nadn\u00e1rodn\u00edho hotelov\u00e9ho \u0159et\u011bzce IHG &#8211; InterContinental Hotel Group. V hotelu se uplat\u0148uje v\u011brnostn\u00ed program IHG Rewards. Hotelov\u00e9 lobby M\u016fj p\u0159\u00edjezd do hotelu prob\u011bhl pozd\u011bji odpoledne. Recepce je pom\u011brn\u011b mal\u00e1, ale velmi stylov\u00e1,&#8230;<\/p>\n","protected":false},"author":1,"featured_media":0,"parent":0,"menu_order":0,"comment_status":"closed","ping_status":"closed","template":"","meta":[],"yoast_head":"<!-- This site is optimized with the Yoast SEO plugin v17.0 - https:\/\/yoast.com\/wordpress\/plugins\/seo\/ -->\n<title>INDIGO HOTEL - Premium Travel&amp;Dine Info<\/title>\n<meta name=\"robots\" content=\"index, follow, max-snippet:-1, max-image-preview:large, max-video-preview:-1\" \/>\n<link rel=\"canonical\" href=\"https:\/\/www.travelanddine.info\/index.php\/indigo-hotel\/\" \/>\n<meta property=\"og:locale\" content=\"cs_CZ\" \/>\n<meta property=\"og:type\" content=\"article\" \/>\n<meta property=\"og:title\" content=\"INDIGO HOTEL - Premium Travel&amp;Dine Info\" \/>\n<meta property=\"og:description\" content=\"Hotelov\u00fd \u0159et\u011bzec a v\u011brnostn\u00ed program Hotel pat\u0159\u00ed do nadn\u00e1rodn\u00edho hotelov\u00e9ho \u0159et\u011bzce IHG &#8211; InterContinental Hotel Group. V hotelu se uplat\u0148uje v\u011brnostn\u00ed program IHG Rewards. Hotelov\u00e9 lobby M\u016fj p\u0159\u00edjezd do hotelu prob\u011bhl pozd\u011bji odpoledne. Recepce je pom\u011brn\u011b mal\u00e1, ale velmi stylov\u00e1,...\" \/>\n<meta property=\"og:url\" content=\"https:\/\/www.travelanddine.info\/index.php\/indigo-hotel\/\" \/>\n<meta property=\"og:site_name\" content=\"Premium Travel&amp;Dine Info\" \/>\n<meta property=\"article:publisher\" content=\"http:\/\/www.facebook.com\/PremiumTravelAndDineInfo\" \/>\n<meta property=\"article:modified_time\" content=\"2019-10-30T21:49:00+00:00\" \/>\n<meta property=\"og:image\" content=\"http:\/\/www.travelanddine.info\/wp-content\/uploads\/2019\/10\/IMG_20191012_174812-768x1024.jpg\" \/>\n<meta name=\"twitter:card\" content=\"summary_large_image\" \/>\n<meta name=\"twitter:label1\" content=\"Odhadovan\u00e1 doba \u010dten\u00ed\" \/>\n\t<meta name=\"twitter:data1\" content=\"4 minuty\" \/>\n<script type=\"application\/ld+json\" class=\"yoast-schema-graph\">{\"@context\":\"https:\/\/schema.org\",\"@graph\":[{\"@type\":\"Organization\",\"@id\":\"https:\/\/www.travelanddine.info\/#organization\",\"name\":\"Premium Travel & Dine Info\",\"url\":\"https:\/\/www.travelanddine.info\/\",\"sameAs\":[\"http:\/\/www.facebook.com\/PremiumTravelAndDineInfo\",\"https:\/\/www.instagram.com\/premium_travel_and_dine_info\/\",\"https:\/\/www.youtube.com\/channel\/UCq4d7zmKK3AOuzDrR1p_2Qw\/featured?disable_polymer=1\"],\"logo\":{\"@type\":\"ImageObject\",\"@id\":\"https:\/\/www.travelanddine.info\/#logo\",\"inLanguage\":\"cs\",\"url\":\"https:\/\/www.travelanddine.info\/wp-content\/uploads\/2019\/01\/logo-premium-e1547240252292.jpg\",\"contentUrl\":\"https:\/\/www.travelanddine.info\/wp-content\/uploads\/2019\/01\/logo-premium-e1547240252292.jpg\",\"width\":1000,\"height\":406,\"caption\":\"Premium Travel & Dine Info\"},\"image\":{\"@id\":\"https:\/\/www.travelanddine.info\/#logo\"}},{\"@type\":\"WebSite\",\"@id\":\"https:\/\/www.travelanddine.info\/#website\",\"url\":\"https:\/\/www.travelanddine.info\/\",\"name\":\"Premium Travel&amp;Dine Info\",\"description\":\"tipy, doporu\\u010den\\u00ed, informace.. pro ty, kte\\u0159\\u00ed maj\\u00ed r\\u00e1di cestov\\u00e1n\\u00ed na vysok\\u00e9 \\u00farovni a skv\\u011bl\\u00e9 j\\u00eddlo\",\"publisher\":{\"@id\":\"https:\/\/www.travelanddine.info\/#organization\"},\"potentialAction\":[{\"@type\":\"SearchAction\",\"target\":{\"@type\":\"EntryPoint\",\"urlTemplate\":\"https:\/\/www.travelanddine.info\/?s={search_term_string}\"},\"query-input\":\"required name=search_term_string\"}],\"inLanguage\":\"cs\"},{\"@type\":\"ImageObject\",\"@id\":\"https:\/\/www.travelanddine.info\/index.php\/indigo-hotel\/#primaryimage\",\"inLanguage\":\"cs\",\"url\":\"http:\/\/www.travelanddine.info\/wp-content\/uploads\/2019\/10\/IMG_20191012_174812-768x1024.jpg\",\"contentUrl\":\"http:\/\/www.travelanddine.info\/wp-content\/uploads\/2019\/10\/IMG_20191012_174812-768x1024.jpg\"},{\"@type\":\"WebPage\",\"@id\":\"https:\/\/www.travelanddine.info\/index.php\/indigo-hotel\/#webpage\",\"url\":\"https:\/\/www.travelanddine.info\/index.php\/indigo-hotel\/\",\"name\":\"INDIGO HOTEL - Premium Travel&amp;Dine Info\",\"isPartOf\":{\"@id\":\"https:\/\/www.travelanddine.info\/#website\"},\"primaryImageOfPage\":{\"@id\":\"https:\/\/www.travelanddine.info\/index.php\/indigo-hotel\/#primaryimage\"},\"datePublished\":\"2019-10-29T19:12:10+00:00\",\"dateModified\":\"2019-10-30T21:49:00+00:00\",\"breadcrumb\":{\"@id\":\"https:\/\/www.travelanddine.info\/index.php\/indigo-hotel\/#breadcrumb\"},\"inLanguage\":\"cs\",\"potentialAction\":[{\"@type\":\"ReadAction\",\"target\":[\"https:\/\/www.travelanddine.info\/index.php\/indigo-hotel\/\"]}]},{\"@type\":\"BreadcrumbList\",\"@id\":\"https:\/\/www.travelanddine.info\/index.php\/indigo-hotel\/#breadcrumb\",\"itemListElement\":[{\"@type\":\"ListItem\",\"position\":1,\"name\":\"Dom\\u016f\",\"item\":\"https:\/\/www.travelanddine.info\/index.php\/en\/home\/\"},{\"@type\":\"ListItem\",\"position\":2,\"name\":\"INDIGO HOTEL\"}]}]}<\/script>\n<!-- \/ Yoast SEO plugin. -->","yoast_head_json":{"title":"INDIGO HOTEL - Premium Travel&amp;Dine Info","robots":{"index":"index","follow":"follow","max-snippet":"max-snippet:-1","max-image-preview":"max-image-preview:large","max-video-preview":"max-video-preview:-1"},"canonical":"https:\/\/www.travelanddine.info\/index.php\/indigo-hotel\/","og_locale":"cs_CZ","og_type":"article","og_title":"INDIGO HOTEL - Premium Travel&amp;Dine Info","og_description":"Hotelov\u00fd \u0159et\u011bzec a v\u011brnostn\u00ed program Hotel pat\u0159\u00ed do nadn\u00e1rodn\u00edho hotelov\u00e9ho \u0159et\u011bzce IHG &#8211; InterContinental Hotel Group. V hotelu se uplat\u0148uje v\u011brnostn\u00ed program IHG Rewards. Hotelov\u00e9 lobby M\u016fj p\u0159\u00edjezd do hotelu prob\u011bhl pozd\u011bji odpoledne. Recepce je pom\u011brn\u011b mal\u00e1, ale velmi stylov\u00e1,...","og_url":"https:\/\/www.travelanddine.info\/index.php\/indigo-hotel\/","og_site_name":"Premium Travel&amp;Dine Info","article_publisher":"http:\/\/www.facebook.com\/PremiumTravelAndDineInfo","article_modified_time":"2019-10-30T21:49:00+00:00","og_image":[{"url":"http:\/\/www.travelanddine.info\/wp-content\/uploads\/2019\/10\/IMG_20191012_174812-768x1024.jpg"}],"twitter_card":"summary_large_image","twitter_misc":{"Odhadovan\u00e1 doba \u010dten\u00ed":"4 minuty"},"schema":{"@context":"https:\/\/schema.org","@graph":[{"@type":"Organization","@id":"https:\/\/www.travelanddine.info\/#organization","name":"Premium Travel & Dine Info","url":"https:\/\/www.travelanddine.info\/","sameAs":["http:\/\/www.facebook.com\/PremiumTravelAndDineInfo","https:\/\/www.instagram.com\/premium_travel_and_dine_info\/","https:\/\/www.youtube.com\/channel\/UCq4d7zmKK3AOuzDrR1p_2Qw\/featured?disable_polymer=1"],"logo":{"@type":"ImageObject","@id":"https:\/\/www.travelanddine.info\/#logo","inLanguage":"cs","url":"https:\/\/www.travelanddine.info\/wp-content\/uploads\/2019\/01\/logo-premium-e1547240252292.jpg","contentUrl":"https:\/\/www.travelanddine.info\/wp-content\/uploads\/2019\/01\/logo-premium-e1547240252292.jpg","width":1000,"height":406,"caption":"Premium Travel & Dine Info"},"image":{"@id":"https:\/\/www.travelanddine.info\/#logo"}},{"@type":"WebSite","@id":"https:\/\/www.travelanddine.info\/#website","url":"https:\/\/www.travelanddine.info\/","name":"Premium Travel&amp;Dine Info","description":"tipy, doporu\u010den\u00ed, informace.. pro ty, kte\u0159\u00ed maj\u00ed r\u00e1di cestov\u00e1n\u00ed na vysok\u00e9 \u00farovni a skv\u011bl\u00e9 j\u00eddlo","publisher":{"@id":"https:\/\/www.travelanddine.info\/#organization"},"potentialAction":[{"@type":"SearchAction","target":{"@type":"EntryPoint","urlTemplate":"https:\/\/www.travelanddine.info\/?s={search_term_string}"},"query-input":"required name=search_term_string"}],"inLanguage":"cs"},{"@type":"ImageObject","@id":"https:\/\/www.travelanddine.info\/index.php\/indigo-hotel\/#primaryimage","inLanguage":"cs","url":"http:\/\/www.travelanddine.info\/wp-content\/uploads\/2019\/10\/IMG_20191012_174812-768x1024.jpg","contentUrl":"http:\/\/www.travelanddine.info\/wp-content\/uploads\/2019\/10\/IMG_20191012_174812-768x1024.jpg"},{"@type":"WebPage","@id":"https:\/\/www.travelanddine.info\/index.php\/indigo-hotel\/#webpage","url":"https:\/\/www.travelanddine.info\/index.php\/indigo-hotel\/","name":"INDIGO HOTEL - Premium Travel&amp;Dine Info","isPartOf":{"@id":"https:\/\/www.travelanddine.info\/#website"},"primaryImageOfPage":{"@id":"https:\/\/www.travelanddine.info\/index.php\/indigo-hotel\/#primaryimage"},"datePublished":"2019-10-29T19:12:10+00:00","dateModified":"2019-10-30T21:49:00+00:00","breadcrumb":{"@id":"https:\/\/www.travelanddine.info\/index.php\/indigo-hotel\/#breadcrumb"},"inLanguage":"cs","potentialAction":[{"@type":"ReadAction","target":["https:\/\/www.travelanddine.info\/index.php\/indigo-hotel\/"]}]},{"@type":"BreadcrumbList","@id":"https:\/\/www.travelanddine.info\/index.php\/indigo-hotel\/#breadcrumb","itemListElement":[{"@type":"ListItem","position":1,"name":"Dom\u016f","item":"https:\/\/www.travelanddine.info\/index.php\/en\/home\/"},{"@type":"ListItem","position":2,"name":"INDIGO HOTEL"}]}]}},"_links":{"self":[{"href":"https:\/\/www.travelanddine.info\/index.php\/wp-json\/wp\/v2\/pages\/3695"}],"collection":[{"href":"https:\/\/www.travelanddine.info\/index.php\/wp-json\/wp\/v2\/pages"}],"about":[{"href":"https:\/\/www.travelanddine.info\/index.php\/wp-json\/wp\/v2\/types\/page"}],"author":[{"embeddable":true,"href":"https:\/\/www.travelanddine.info\/index.php\/wp-json\/wp\/v2\/users\/1"}],"replies":[{"embeddable":true,"href":"https:\/\/www.travelanddine.info\/index.php\/wp-json\/wp\/v2\/comments?post=3695"}],"version-history":[{"count":6,"href":"https:\/\/www.travelanddine.info\/index.php\/wp-json\/wp\/v2\/pages\/3695\/revisions"}],"predecessor-version":[{"id":3819,"href":"https:\/\/www.travelanddine.info\/index.php\/wp-json\/wp\/v2\/pages\/3695\/revisions\/3819"}],"wp:attachment":[{"href":"https:\/\/www.travelanddine.info\/index.php\/wp-json\/wp\/v2\/media?parent=3695"}],"curies":[{"name":"wp","href":"https:\/\/api.w.org\/{rel}","templated":true}]}}