{"id":3822,"date":"2019-11-05T14:43:54","date_gmt":"2019-11-05T14:43:54","guid":{"rendered":"http:\/\/www.travelanddine.info\/?page_id=3822"},"modified":"2021-09-03T14:47:39","modified_gmt":"2021-09-03T14:47:39","slug":"nase-sluzby-na-miru","status":"publish","type":"page","link":"https:\/\/www.travelanddine.info\/index.php\/nase-sluzby-na-miru\/","title":{"rendered":"Na\u0161e slu\u017eby"},"content":{"rendered":"\n<figure class=\"wp-block-image size-large\"><img loading=\"lazy\" width=\"1024\" height=\"724\" src=\"https:\/\/www.travelanddine.info\/wp-content\/uploads\/2021\/06\/OUR_SERVICES_INFOGRAPHY_CZ-1024x724.png\" alt=\"\" class=\"wp-image-4428\" srcset=\"https:\/\/www.travelanddine.info\/wp-content\/uploads\/2021\/06\/OUR_SERVICES_INFOGRAPHY_CZ-1024x724.png 1024w, https:\/\/www.travelanddine.info\/wp-content\/uploads\/2021\/06\/OUR_SERVICES_INFOGRAPHY_CZ-300x212.png 300w, https:\/\/www.travelanddine.info\/wp-content\/uploads\/2021\/06\/OUR_SERVICES_INFOGRAPHY_CZ-768x543.png 768w, https:\/\/www.travelanddine.info\/wp-content\/uploads\/2021\/06\/OUR_SERVICES_INFOGRAPHY_CZ-1536x1086.png 1536w, https:\/\/www.travelanddine.info\/wp-content\/uploads\/2021\/06\/OUR_SERVICES_INFOGRAPHY_CZ.png 2000w\" sizes=\"(max-width: 1024px) 100vw, 1024px\" \/><\/figure>\n\n\n\n<hr class=\"wp-block-separator\"\/>\n\n\n\n<h4>SD\u011aLTE N\u00c1M NEZ\u00c1VAZN\u011a SV\u00c9 P\u0158EDSTAVY A PO\u017dADAVKY<\/h4>\n\n\n<div class=\"wpforms-container wpforms-container-full\" id=\"wpforms-1203\"><form id=\"wpforms-form-1203\" class=\"wpforms-validate wpforms-form\" data-formid=\"1203\" method=\"post\" enctype=\"multipart\/form-data\" action=\"\/index.php\/wp-json\/wp\/v2\/pages\/3822\" data-token=\"90340a6d49bf0a9a5b87063a5b65ea5f\"><noscript class=\"wpforms-error-noscript\">Chcete-li vyplnit tento formul\u00e1\u0159, pros\u00edm povolte v prohl\u00ed\u017ee\u010di JavaScript.<\/noscript><div class=\"wpforms-field-container\"><div id=\"wpforms-1203-field_0-container\" class=\"wpforms-field wpforms-field-name\" data-field-id=\"0\"><label class=\"wpforms-field-label\" for=\"wpforms-1203-field_0\">Jm\u00e9no a p\u0159\u00edjmen\u00ed <span class=\"wpforms-required-label\">*<\/span><\/label><input type=\"text\" id=\"wpforms-1203-field_0\" class=\"wpforms-field-medium wpforms-field-required\" name=\"wpforms[fields][0]\" required><\/div><div id=\"wpforms-1203-field_1-container\" class=\"wpforms-field wpforms-field-email\" data-field-id=\"1\"><label class=\"wpforms-field-label\" for=\"wpforms-1203-field_1\">Email <span class=\"wpforms-required-label\">*<\/span><\/label><input type=\"email\" id=\"wpforms-1203-field_1\" class=\"wpforms-field-medium wpforms-field-required\" name=\"wpforms[fields][1]\" required><\/div><div id=\"wpforms-1203-field_2-container\" class=\"wpforms-field wpforms-field-textarea\" data-field-id=\"2\"><label class=\"wpforms-field-label\" for=\"wpforms-1203-field_2\">Va\u0161e zpr\u00e1va <span class=\"wpforms-required-label\">*<\/span><\/label><textarea id=\"wpforms-1203-field_2\" class=\"wpforms-field-medium wpforms-field-required\" name=\"wpforms[fields][2]\" required><\/textarea><\/div><\/div><div class=\"wpforms-field wpforms-field-hp\"><label for=\"wpforms-1203-field-hp\" class=\"wpforms-field-label\">Email<\/label><input type=\"text\" name=\"wpforms[hp]\" id=\"wpforms-1203-field-hp\" class=\"wpforms-field-medium\"><\/div><div class=\"wpforms-submit-container\" ><input type=\"hidden\" name=\"wpforms[id]\" value=\"1203\"><input type=\"hidden\" name=\"wpforms[author]\" value=\"1\"><button type=\"submit\" name=\"wpforms[submit]\" class=\"wpforms-submit \" id=\"wpforms-submit-1203\" value=\"wpforms-submit\" aria-live=\"assertive\" data-alt-text=\"Odesl\u00e1no...\" data-submit-text=\"Odeslat\">Odeslat<\/button><\/div><\/form><\/div>  <!-- .wpforms-container -->\n\n\n<div class=\"wp-block-button aligncenter\"><a class=\"wp-block-button__link has-background no-border-radius\" href=\"https:\/\/www.travelanddine.info\/index.php\/orientacni-cenik\/\" style=\"background-color:#d3a474\">PRO INFORMACI O CEN\u00c1CH SLU\u017dEB, KLIKN\u011aTE ZDE<\/a><\/div>\n","protected":false},"excerpt":{"rendered":"<p>SD\u011aLTE N\u00c1M NEZ\u00c1VAZN\u011a SV\u00c9 P\u0158EDSTAVY A PO\u017dADAVKY<\/p>\n","protected":false},"author":1,"featured_media":0,"parent":0,"menu_order":0,"comment_status":"closed","ping_status":"closed","template":"","meta":[],"yoast_head":"<!-- This site is optimized with the Yoast SEO plugin v17.0 - https:\/\/yoast.com\/wordpress\/plugins\/seo\/ -->\n<title>Na\u0161e slu\u017eby - Premium Travel&amp;Dine Info<\/title>\n<meta name=\"robots\" content=\"index, follow, max-snippet:-1, max-image-preview:large, max-video-preview:-1\" \/>\n<link rel=\"canonical\" href=\"https:\/\/www.travelanddine.info\/index.php\/nase-sluzby-na-miru\/\" \/>\n<meta property=\"og:locale\" content=\"cs_CZ\" \/>\n<meta property=\"og:type\" content=\"article\" \/>\n<meta property=\"og:title\" content=\"Na\u0161e slu\u017eby - Premium Travel&amp;Dine Info\" \/>\n<meta property=\"og:description\" content=\"SD\u011aLTE N\u00c1M NEZ\u00c1VAZN\u011a SV\u00c9 P\u0158EDSTAVY A PO\u017dADAVKY\" \/>\n<meta property=\"og:url\" content=\"https:\/\/www.travelanddine.info\/index.php\/nase-sluzby-na-miru\/\" \/>\n<meta property=\"og:site_name\" content=\"Premium Travel&amp;Dine Info\" \/>\n<meta property=\"article:publisher\" content=\"http:\/\/www.facebook.com\/PremiumTravelAndDineInfo\" \/>\n<meta property=\"article:modified_time\" content=\"2021-09-03T14:47:39+00:00\" \/>\n<meta property=\"og:image\" content=\"https:\/\/www.travelanddine.info\/wp-content\/uploads\/2021\/06\/OUR_SERVICES_INFOGRAPHY_CZ-1024x724.png\" \/>\n<meta name=\"twitter:card\" content=\"summary_large_image\" \/>\n<meta name=\"twitter:label1\" content=\"Odhadovan\u00e1 doba \u010dten\u00ed\" \/>\n\t<meta name=\"twitter:data1\" content=\"1 minuta\" \/>\n<script type=\"application\/ld+json\" class=\"yoast-schema-graph\">{\"@context\":\"https:\/\/schema.org\",\"@graph\":[{\"@type\":\"Organization\",\"@id\":\"https:\/\/www.travelanddine.info\/#organization\",\"name\":\"Premium Travel & Dine Info\",\"url\":\"https:\/\/www.travelanddine.info\/\",\"sameAs\":[\"http:\/\/www.facebook.com\/PremiumTravelAndDineInfo\",\"https:\/\/www.instagram.com\/premium_travel_and_dine_info\/\",\"https:\/\/www.youtube.com\/channel\/UCq4d7zmKK3AOuzDrR1p_2Qw\/featured?disable_polymer=1\"],\"logo\":{\"@type\":\"ImageObject\",\"@id\":\"https:\/\/www.travelanddine.info\/#logo\",\"inLanguage\":\"cs\",\"url\":\"https:\/\/www.travelanddine.info\/wp-content\/uploads\/2019\/01\/logo-premium-e1547240252292.jpg\",\"contentUrl\":\"https:\/\/www.travelanddine.info\/wp-content\/uploads\/2019\/01\/logo-premium-e1547240252292.jpg\",\"width\":1000,\"height\":406,\"caption\":\"Premium Travel & Dine Info\"},\"image\":{\"@id\":\"https:\/\/www.travelanddine.info\/#logo\"}},{\"@type\":\"WebSite\",\"@id\":\"https:\/\/www.travelanddine.info\/#website\",\"url\":\"https:\/\/www.travelanddine.info\/\",\"name\":\"Premium Travel&amp;Dine Info\",\"description\":\"tipy, doporu\\u010den\\u00ed, informace.. pro ty, kte\\u0159\\u00ed maj\\u00ed r\\u00e1di cestov\\u00e1n\\u00ed na vysok\\u00e9 \\u00farovni a skv\\u011bl\\u00e9 j\\u00eddlo\",\"publisher\":{\"@id\":\"https:\/\/www.travelanddine.info\/#organization\"},\"potentialAction\":[{\"@type\":\"SearchAction\",\"target\":{\"@type\":\"EntryPoint\",\"urlTemplate\":\"https:\/\/www.travelanddine.info\/?s={search_term_string}\"},\"query-input\":\"required name=search_term_string\"}],\"inLanguage\":\"cs\"},{\"@type\":\"ImageObject\",\"@id\":\"https:\/\/www.travelanddine.info\/index.php\/nase-sluzby-na-miru\/#primaryimage\",\"inLanguage\":\"cs\",\"url\":\"https:\/\/www.travelanddine.info\/wp-content\/uploads\/2021\/06\/OUR_SERVICES_INFOGRAPHY_CZ.png\",\"contentUrl\":\"https:\/\/www.travelanddine.info\/wp-content\/uploads\/2021\/06\/OUR_SERVICES_INFOGRAPHY_CZ.png\",\"width\":2000,\"height\":1414},{\"@type\":\"WebPage\",\"@id\":\"https:\/\/www.travelanddine.info\/index.php\/nase-sluzby-na-miru\/#webpage\",\"url\":\"https:\/\/www.travelanddine.info\/index.php\/nase-sluzby-na-miru\/\",\"name\":\"Na\\u0161e slu\\u017eby - Premium Travel&amp;Dine Info\",\"isPartOf\":{\"@id\":\"https:\/\/www.travelanddine.info\/#website\"},\"primaryImageOfPage\":{\"@id\":\"https:\/\/www.travelanddine.info\/index.php\/nase-sluzby-na-miru\/#primaryimage\"},\"datePublished\":\"2019-11-05T14:43:54+00:00\",\"dateModified\":\"2021-09-03T14:47:39+00:00\",\"breadcrumb\":{\"@id\":\"https:\/\/www.travelanddine.info\/index.php\/nase-sluzby-na-miru\/#breadcrumb\"},\"inLanguage\":\"cs\",\"potentialAction\":[{\"@type\":\"ReadAction\",\"target\":[\"https:\/\/www.travelanddine.info\/index.php\/nase-sluzby-na-miru\/\"]}]},{\"@type\":\"BreadcrumbList\",\"@id\":\"https:\/\/www.travelanddine.info\/index.php\/nase-sluzby-na-miru\/#breadcrumb\",\"itemListElement\":[{\"@type\":\"ListItem\",\"position\":1,\"name\":\"Dom\\u016f\",\"item\":\"https:\/\/www.travelanddine.info\/index.php\/en\/home\/\"},{\"@type\":\"ListItem\",\"position\":2,\"name\":\"Na\\u0161e slu\\u017eby\"}]}]}<\/script>\n<!-- \/ Yoast SEO plugin. -->","yoast_head_json":{"title":"Na\u0161e slu\u017eby - Premium Travel&amp;Dine Info","robots":{"index":"index","follow":"follow","max-snippet":"max-snippet:-1","max-image-preview":"max-image-preview:large","max-video-preview":"max-video-preview:-1"},"canonical":"https:\/\/www.travelanddine.info\/index.php\/nase-sluzby-na-miru\/","og_locale":"cs_CZ","og_type":"article","og_title":"Na\u0161e slu\u017eby - Premium Travel&amp;Dine Info","og_description":"SD\u011aLTE N\u00c1M NEZ\u00c1VAZN\u011a SV\u00c9 P\u0158EDSTAVY A PO\u017dADAVKY","og_url":"https:\/\/www.travelanddine.info\/index.php\/nase-sluzby-na-miru\/","og_site_name":"Premium Travel&amp;Dine Info","article_publisher":"http:\/\/www.facebook.com\/PremiumTravelAndDineInfo","article_modified_time":"2021-09-03T14:47:39+00:00","og_image":[{"url":"https:\/\/www.travelanddine.info\/wp-content\/uploads\/2021\/06\/OUR_SERVICES_INFOGRAPHY_CZ-1024x724.png"}],"twitter_card":"summary_large_image","twitter_misc":{"Odhadovan\u00e1 doba \u010dten\u00ed":"1 minuta"},"schema":{"@context":"https:\/\/schema.org","@graph":[{"@type":"Organization","@id":"https:\/\/www.travelanddine.info\/#organization","name":"Premium Travel & Dine Info","url":"https:\/\/www.travelanddine.info\/","sameAs":["http:\/\/www.facebook.com\/PremiumTravelAndDineInfo","https:\/\/www.instagram.com\/premium_travel_and_dine_info\/","https:\/\/www.youtube.com\/channel\/UCq4d7zmKK3AOuzDrR1p_2Qw\/featured?disable_polymer=1"],"logo":{"@type":"ImageObject","@id":"https:\/\/www.travelanddine.info\/#logo","inLanguage":"cs","url":"https:\/\/www.travelanddine.info\/wp-content\/uploads\/2019\/01\/logo-premium-e1547240252292.jpg","contentUrl":"https:\/\/www.travelanddine.info\/wp-content\/uploads\/2019\/01\/logo-premium-e1547240252292.jpg","width":1000,"height":406,"caption":"Premium Travel & Dine Info"},"image":{"@id":"https:\/\/www.travelanddine.info\/#logo"}},{"@type":"WebSite","@id":"https:\/\/www.travelanddine.info\/#website","url":"https:\/\/www.travelanddine.info\/","name":"Premium Travel&amp;Dine Info","description":"tipy, doporu\u010den\u00ed, informace.. pro ty, kte\u0159\u00ed maj\u00ed r\u00e1di cestov\u00e1n\u00ed na vysok\u00e9 \u00farovni a skv\u011bl\u00e9 j\u00eddlo","publisher":{"@id":"https:\/\/www.travelanddine.info\/#organization"},"potentialAction":[{"@type":"SearchAction","target":{"@type":"EntryPoint","urlTemplate":"https:\/\/www.travelanddine.info\/?s={search_term_string}"},"query-input":"required name=search_term_string"}],"inLanguage":"cs"},{"@type":"ImageObject","@id":"https:\/\/www.travelanddine.info\/index.php\/nase-sluzby-na-miru\/#primaryimage","inLanguage":"cs","url":"https:\/\/www.travelanddine.info\/wp-content\/uploads\/2021\/06\/OUR_SERVICES_INFOGRAPHY_CZ.png","contentUrl":"https:\/\/www.travelanddine.info\/wp-content\/uploads\/2021\/06\/OUR_SERVICES_INFOGRAPHY_CZ.png","width":2000,"height":1414},{"@type":"WebPage","@id":"https:\/\/www.travelanddine.info\/index.php\/nase-sluzby-na-miru\/#webpage","url":"https:\/\/www.travelanddine.info\/index.php\/nase-sluzby-na-miru\/","name":"Na\u0161e slu\u017eby - Premium Travel&amp;Dine Info","isPartOf":{"@id":"https:\/\/www.travelanddine.info\/#website"},"primaryImageOfPage":{"@id":"https:\/\/www.travelanddine.info\/index.php\/nase-sluzby-na-miru\/#primaryimage"},"datePublished":"2019-11-05T14:43:54+00:00","dateModified":"2021-09-03T14:47:39+00:00","breadcrumb":{"@id":"https:\/\/www.travelanddine.info\/index.php\/nase-sluzby-na-miru\/#breadcrumb"},"inLanguage":"cs","potentialAction":[{"@type":"ReadAction","target":["https:\/\/www.travelanddine.info\/index.php\/nase-sluzby-na-miru\/"]}]},{"@type":"BreadcrumbList","@id":"https:\/\/www.travelanddine.info\/index.php\/nase-sluzby-na-miru\/#breadcrumb","itemListElement":[{"@type":"ListItem","position":1,"name":"Dom\u016f","item":"https:\/\/www.travelanddine.info\/index.php\/en\/home\/"},{"@type":"ListItem","position":2,"name":"Na\u0161e slu\u017eby"}]}]}},"_links":{"self":[{"href":"https:\/\/www.travelanddine.info\/index.php\/wp-json\/wp\/v2\/pages\/3822"}],"collection":[{"href":"https:\/\/www.travelanddine.info\/index.php\/wp-json\/wp\/v2\/pages"}],"about":[{"href":"https:\/\/www.travelanddine.info\/index.php\/wp-json\/wp\/v2\/types\/page"}],"author":[{"embeddable":true,"href":"https:\/\/www.travelanddine.info\/index.php\/wp-json\/wp\/v2\/users\/1"}],"replies":[{"embeddable":true,"href":"https:\/\/www.travelanddine.info\/index.php\/wp-json\/wp\/v2\/comments?post=3822"}],"version-history":[{"count":30,"href":"https:\/\/www.travelanddine.info\/index.php\/wp-json\/wp\/v2\/pages\/3822\/revisions"}],"predecessor-version":[{"id":4898,"href":"https:\/\/www.travelanddine.info\/index.php\/wp-json\/wp\/v2\/pages\/3822\/revisions\/4898"}],"wp:attachment":[{"href":"https:\/\/www.travelanddine.info\/index.php\/wp-json\/wp\/v2\/media?parent=3822"}],"curies":[{"name":"wp","href":"https:\/\/api.w.org\/{rel}","templated":true}]}}