{"id":3928,"date":"2019-12-09T19:22:16","date_gmt":"2019-12-09T19:22:16","guid":{"rendered":"http:\/\/www.travelanddine.info\/?page_id=3928"},"modified":"2019-12-16T22:33:27","modified_gmt":"2019-12-16T22:33:27","slug":"hilton-dubai-the-walk","status":"publish","type":"page","link":"https:\/\/www.travelanddine.info\/index.php\/hilton-dubai-the-walk\/","title":{"rendered":"HILTON DUBAI THE WALK"},"content":{"rendered":"\n<p><em>Hotelov\u00fd \u0159et\u011bzec a v\u011brnostn\u00ed program<\/em><\/p>\n\n\n\n<p>Hotel pat\u0159\u00ed do kvalitn\u00edho hotelov\u00e9ho \u0159et\u011bzce s\u00edt\u011b Hilton\ns v\u011brnostn\u00edm programem Hilton Honors, kter\u00fd garantuje \u0161irokou nab\u00eddku benefit\u016f.\n<br>\n<br>\n<\/p>\n\n\n\n<div class=\"wp-block-image\"><figure class=\"alignleft\"><img loading=\"lazy\" width=\"1024\" height=\"682\" src=\"https:\/\/www.travelanddine.info\/wp-content\/uploads\/2019\/12\/31446849-1024x682.jpg\" alt=\"\" class=\"wp-image-3941\" srcset=\"https:\/\/www.travelanddine.info\/wp-content\/uploads\/2019\/12\/31446849-1024x682.jpg 1024w, https:\/\/www.travelanddine.info\/wp-content\/uploads\/2019\/12\/31446849-300x200.jpg 300w, https:\/\/www.travelanddine.info\/wp-content\/uploads\/2019\/12\/31446849-768x512.jpg 768w, https:\/\/www.travelanddine.info\/wp-content\/uploads\/2019\/12\/31446849.jpg 1280w\" sizes=\"(max-width: 1024px) 100vw, 1024px\" \/><\/figure><\/div>\n\n\n\n<p><br>\n<em>Hotelov\u00e9 Lobby<\/em><\/p>\n\n\n\n<p>Pokud o\u010dek\u00e1v\u00e1te n\u011bco opulentniho jste na omylu, uv\u00edt\u00e1 v\u00e1s velice jednodu\u0161e za\u0159\u00edzen\u00e9 lobby do kter\u00e9ho se vch\u00e1z\u00ed p\u0159\u00edmo z ru\u0161n\u00e9 ulice. Najdete zde v\u0161ak v\u0161e co pot\u0159ebujete, jako jsou slu\u017eby recepce, concierge, Bell boy desk a jin\u00e9. <br> P\u0159i registraci do hotelu n\u00e1m nebyl nab\u00eddnut welcome drink ani ubrousek k osv\u011b\u017een\u00ed. <br> <br> <\/p>\n\n\n\n<div class=\"wp-block-image\"><figure class=\"alignleft\"><img loading=\"lazy\" width=\"1024\" height=\"682\" src=\"https:\/\/www.travelanddine.info\/wp-content\/uploads\/2019\/12\/56089267-1024x682.jpg\" alt=\"\" class=\"wp-image-3942\" srcset=\"https:\/\/www.travelanddine.info\/wp-content\/uploads\/2019\/12\/56089267-1024x682.jpg 1024w, https:\/\/www.travelanddine.info\/wp-content\/uploads\/2019\/12\/56089267-300x200.jpg 300w, https:\/\/www.travelanddine.info\/wp-content\/uploads\/2019\/12\/56089267-768x512.jpg 768w, https:\/\/www.travelanddine.info\/wp-content\/uploads\/2019\/12\/56089267.jpg 1280w\" sizes=\"(max-width: 1024px) 100vw, 1024px\" \/><\/figure><\/div>\n\n\n\n<p><br>\n<em>Um\u00edst\u011bn\u00ed hotelu<\/em> <\/p>\n\n\n\n<p>Hotel se nach\u00e1z\u00ed p\u0159\u00edmo na nejzn\u00e1m\u011bj\u0161\u00ed pl\u00e1\u017ei Jumeirah, v bl\u00edzkosti n\u00e1kupn\u00edho st\u0159ediska Marina Mall a ru\u0161n\u00e9 n\u00e1kupn\u00ed ulice The Walk. Nejbli\u017e\u0161\u00ed stanice metra je dostupn\u00e1 do 10 min ch\u016fze. Mimochodem metro v Dubai je nejlep\u0161\u00ed volbou, pokud se n\u011bkam hodl\u00e1te dostat v\u010das. Cesta z leti\u0161t\u011b n\u00e1m trvala jen 30 min, a to zejm\u00e9na z toho d\u016fvodu, \u017ee na\u0161e letadlo p\u0159il\u00e9talo do Dubaje brzy r\u00e1no.<br> <br> <\/p>\n\n\n\n<div class=\"wp-block-image\"><figure class=\"alignleft\"><img loading=\"lazy\" width=\"1024\" height=\"682\" src=\"https:\/\/www.travelanddine.info\/wp-content\/uploads\/2019\/12\/157504670-1024x682.jpg\" alt=\"\" class=\"wp-image-3943\" srcset=\"https:\/\/www.travelanddine.info\/wp-content\/uploads\/2019\/12\/157504670-1024x682.jpg 1024w, https:\/\/www.travelanddine.info\/wp-content\/uploads\/2019\/12\/157504670-300x200.jpg 300w, https:\/\/www.travelanddine.info\/wp-content\/uploads\/2019\/12\/157504670-768x512.jpg 768w, https:\/\/www.travelanddine.info\/wp-content\/uploads\/2019\/12\/157504670.jpg 1280w\" sizes=\"(max-width: 1024px) 100vw, 1024px\" \/><\/figure><\/div>\n\n\n\n<p><br>\n<em>Hotelov\u00e9 pokoje<\/em><\/p>\n\n\n\n<p>Hotel nab\u00edz\u00ed pokoje typu studio, loft, jedno, dvou \u010di t\u0159i pokojov\u00e9 apartm\u00e1. N\u00e1s pokoj byl King Deluxe studio s v\u00fdhledem na mo\u0159e s malou kuchy\u0148kou a balk\u00f3nem. Vypad\u00e1 to, \u017ee hotel byl p\u016fvodn\u011b navr\u017een jako obytn\u00fd d\u016fm. Mo\u017en\u00e1 i proto je po\u010det v\u00fdtah\u016f ne p\u0159\u00edli\u0161 dosta\u010duj\u00edc\u00ed. Pokoji v\u00e9vod\u00ed komfortn\u00ed a obrovsk\u00e1 postel a tak\u00e9 pohovka v ob\u00fdvac\u00ed \u010d\u00e1sti studia um\u00edst\u011bn\u00e1 p\u0159ed obrovskou TV obrazovkou. Sou\u010d\u00e1st\u00ed pokoje je samoz\u0159ejm\u011b trezor ve sk\u0159\u00edni. <br> Mal\u00e1 kuchy\u0148ka s barov\u00fdm pultem je vybavena lednic\u00ed, mikrovlnou troubou, varnou konvic\u00ed, spor\u00e1kem a sou\u010d\u00e1st\u00ed je tak\u00e9 pra\u010dka. <br>Koupelna dekorovan\u00e1 v\u00a0\u010dern\u00e9m mramoru je men\u0161\u00ed a jej\u00ed sou\u010d\u00e1st\u00ed je i toaleta s\u00a0bidetem. <\/p>\n\n\n\n<div class=\"wp-block-image\"><figure class=\"alignleft\"><img loading=\"lazy\" width=\"1024\" height=\"682\" src=\"https:\/\/www.travelanddine.info\/wp-content\/uploads\/2019\/12\/151317422-1024x682.jpg\" alt=\"\" class=\"wp-image-3945\" srcset=\"https:\/\/www.travelanddine.info\/wp-content\/uploads\/2019\/12\/151317422-1024x682.jpg 1024w, https:\/\/www.travelanddine.info\/wp-content\/uploads\/2019\/12\/151317422-300x200.jpg 300w, https:\/\/www.travelanddine.info\/wp-content\/uploads\/2019\/12\/151317422-768x512.jpg 768w, https:\/\/www.travelanddine.info\/wp-content\/uploads\/2019\/12\/151317422.jpg 1280w\" sizes=\"(max-width: 1024px) 100vw, 1024px\" \/><\/figure><\/div>\n\n\n\n<div class=\"wp-block-image\"><figure class=\"alignleft\"><img loading=\"lazy\" width=\"1024\" height=\"682\" src=\"https:\/\/www.travelanddine.info\/wp-content\/uploads\/2019\/12\/149021840-1024x682.jpg\" alt=\"\" class=\"wp-image-3944\" srcset=\"https:\/\/www.travelanddine.info\/wp-content\/uploads\/2019\/12\/149021840-1024x682.jpg 1024w, https:\/\/www.travelanddine.info\/wp-content\/uploads\/2019\/12\/149021840-300x200.jpg 300w, https:\/\/www.travelanddine.info\/wp-content\/uploads\/2019\/12\/149021840-768x512.jpg 768w, https:\/\/www.travelanddine.info\/wp-content\/uploads\/2019\/12\/149021840.jpg 1280w\" sizes=\"(max-width: 1024px) 100vw, 1024px\" \/><figcaption><br><\/figcaption><\/figure><\/div>\n\n\n\n<p><br> <em>Restaurace a j\u00eddlo<\/em> <br><em>Hartisan<\/em> &#8211; \u00a0tady se denn\u011b pod\u00e1va sn\u00eddan\u011b formou bufetu. Najdete zde v\u0161e od zdrav\u00fdch smoothies a\u017e po \u010derstv\u011b pe\u010den\u00e9 wafle. Ve\u010der restaurace nab\u00edz\u00ed ve\u010de\u0159e tak\u00e9 formou \u0161v\u00e9dsk\u00fdch stol\u016f.<br><em>Mango Tree<\/em> -restaurace zam\u011b\u0159ena na \u0161irokou nab\u00eddku kulin\u00e1\u0159sk\u00fdch specialit ze \u010dty\u0159 region\u016f Thajska. \u00a0<em>The Grape Escape <\/em>&#8211; bar nab\u00edzej\u00edc\u00ed \u0161irokou \u0161k\u00e1lu koktejl\u016f, s\u00fdru a studen\u00fdch kanapek a mal\u00fdch\u00a0 snack\u016f. \u00a0<em>Pure<\/em> &#8211; situov\u00e1n ve 35.pat\u0159e hotelu je trendy bar um\u00edst\u011bn na st\u0159e\u0161e budovy, kde lze pozorovat dechberouc\u00ed z\u00e1pady slunce s v\u00fdhledem na um\u011bl\u00fd ostrov Palm Jumeirah. Bar se specializuje se na pan asijskou kuchyni a samoz\u0159ejm\u011b nab\u00edz\u00ed \u0161irok\u00fd v\u00fdb\u011br koktejl\u016f a n\u00e1poj\u016f. <br> <br> <\/p>\n\n\n\n<div class=\"wp-block-image\"><figure class=\"alignleft\"><img loading=\"lazy\" width=\"1024\" height=\"682\" src=\"https:\/\/www.travelanddine.info\/wp-content\/uploads\/2019\/12\/186763312-1024x682.jpg\" alt=\"\" class=\"wp-image-3946\" srcset=\"https:\/\/www.travelanddine.info\/wp-content\/uploads\/2019\/12\/186763312-1024x682.jpg 1024w, https:\/\/www.travelanddine.info\/wp-content\/uploads\/2019\/12\/186763312-300x200.jpg 300w, https:\/\/www.travelanddine.info\/wp-content\/uploads\/2019\/12\/186763312-768x512.jpg 768w, https:\/\/www.travelanddine.info\/wp-content\/uploads\/2019\/12\/186763312.jpg 1280w\" sizes=\"(max-width: 1024px) 100vw, 1024px\" \/><\/figure><\/div>\n\n\n\n<div class=\"wp-block-image\"><figure class=\"alignleft\"><img loading=\"lazy\" width=\"1024\" height=\"698\" src=\"https:\/\/www.travelanddine.info\/wp-content\/uploads\/2019\/12\/42253713-1024x698.jpg\" alt=\"\" class=\"wp-image-3947\" srcset=\"https:\/\/www.travelanddine.info\/wp-content\/uploads\/2019\/12\/42253713-1024x698.jpg 1024w, https:\/\/www.travelanddine.info\/wp-content\/uploads\/2019\/12\/42253713-300x204.jpg 300w, https:\/\/www.travelanddine.info\/wp-content\/uploads\/2019\/12\/42253713-768x523.jpg 768w, https:\/\/www.travelanddine.info\/wp-content\/uploads\/2019\/12\/42253713-556x380.jpg 556w, https:\/\/www.travelanddine.info\/wp-content\/uploads\/2019\/12\/42253713.jpg 1280w\" sizes=\"(max-width: 1024px) 100vw, 1024px\" \/><\/figure><\/div>\n\n\n\n<p><br> <em>Mo\u017enosti pro voln\u00fd \u010das<\/em> <br>Hotel nab\u00edz\u00ed dob\u0159e vybaven\u00e9 fitness centrum, kter\u00e9 je otev\u0159eno 24 hodin denn\u011b. Hotelov\u00fd baz\u00e9n je um\u00edst\u011bn v pat\u0159e LP a Spa \u2013 hotelov\u00e9 l\u00e1zn\u011b nab\u00edzej\u00ed r\u016fzn\u00e9 druhy mas\u00e1\u017ei t\u011bla a obli\u010deje. <br>Kids Paradise, kter\u00e9 se nach\u00e1z\u00ed ve 3.pat\u0159e je prostorn\u00e1 a roztomile dekorovan\u00e1 m\u00edstnost pro d\u011bti, na kter\u00e9 dohl\u00ed\u017e\u00ed\u00a0 hotelov\u00fd person\u00e1l. <br>Pokud by nastalo, \u017ee v\u00e1\u0161 pokoj nen\u00ed p\u0159i registraci do hotelu je\u0161t\u011b k dispozici, hotel v\u00e1s vybav\u00ed kartou, kterou u baz\u00e9nu nebo na hotelov\u00e9 pl\u00e1\u017ei lze vym\u011bnit za velkou osu\u0161ku. <\/p>\n\n\n\n<p>Hotel m\u00e1 rovn\u011b\u017e vlastn\u00ed pl\u00e1\u017e. Je pot\u0159eba m\u00edt na pam\u011bti, \u017ee Spojen\u00e9 Arabsk\u00e9 Emir\u00e1ty jsou muslimkou zem\u00ed a vhodn\u00e9 chov\u00e1n\u00ed je proto na m\u00edst\u011b.<br>P\u0159\u00edmo na hotelov\u00e9 pl\u00e1\u017ei se nach\u00e1z\u00ed tzv. Flying cup \u2013 d\u00e1 se \u0159\u00edct, \u017ee snad nejlep\u0161\u00ed m\u00edsto na pl\u00e1\u017ei Jumeirah, kde si m\u016f\u017eete vychutnat \u0161\u00e1lek k\u00e1vy ve v\u00fd\u0161ce 40 m nad zem\u00ed s panoramatick\u00fdm v\u00fdhledem od ostrova Blue Water Island a\u017e po um\u011ble vybudovanou Palm Jumeirah. <br> <\/p>\n\n\n\n<div class=\"wp-block-image\"><figure class=\"alignleft\"><img loading=\"lazy\" width=\"1024\" height=\"680\" src=\"https:\/\/www.travelanddine.info\/wp-content\/uploads\/2019\/12\/56102905-1024x680.jpg\" alt=\"\" class=\"wp-image-3948\" srcset=\"https:\/\/www.travelanddine.info\/wp-content\/uploads\/2019\/12\/56102905-1024x680.jpg 1024w, https:\/\/www.travelanddine.info\/wp-content\/uploads\/2019\/12\/56102905-300x199.jpg 300w, https:\/\/www.travelanddine.info\/wp-content\/uploads\/2019\/12\/56102905-768x510.jpg 768w, https:\/\/www.travelanddine.info\/wp-content\/uploads\/2019\/12\/56102905.jpg 1280w\" sizes=\"(max-width: 1024px) 100vw, 1024px\" \/><\/figure><\/div>\n\n\n\n<div class=\"wp-block-image\"><figure class=\"alignleft\"><img loading=\"lazy\" width=\"1024\" height=\"682\" src=\"https:\/\/www.travelanddine.info\/wp-content\/uploads\/2019\/12\/47499960-1024x682.jpg\" alt=\"\" class=\"wp-image-3949\" srcset=\"https:\/\/www.travelanddine.info\/wp-content\/uploads\/2019\/12\/47499960-1024x682.jpg 1024w, https:\/\/www.travelanddine.info\/wp-content\/uploads\/2019\/12\/47499960-300x200.jpg 300w, https:\/\/www.travelanddine.info\/wp-content\/uploads\/2019\/12\/47499960-768x512.jpg 768w, https:\/\/www.travelanddine.info\/wp-content\/uploads\/2019\/12\/47499960.jpg 1280w\" sizes=\"(max-width: 1024px) 100vw, 1024px\" \/><\/figure><\/div>\n\n\n\n<p><br> <em>Verdikt<\/em><\/p>\n\n\n\n<p>Velk\u00e9 plus tohoto hotelu je jeho skv\u011bl\u00e1 lokalita. B\u00edl\u00e1 p\u00edse\u010dn\u00e1 pl\u00e1\u017e s mno\u017estv\u00edm restaurac\u00ed, butik\u016f, obchod\u016f je to, co jsme vskutku ocenili. \u00a0Pobl\u00ed\u017e hotelu se nach\u00e1z\u00ed zn\u00e1m\u00e1 \u00a0Dubai Marina Mall, kter\u00e1 je obl\u00edben\u00fdm m\u00edstem jak pro labu\u017en\u00edky, tak pro vyznava\u010de r\u016fzn\u00fdch sport\u016f.<\/p>\n\n\n\n<p>Cena pokoje:&nbsp;&nbsp;&nbsp;&nbsp; <\/p>\n\n\n\n<p>Od 300,- Euro \/ noc pro King Deluxe Studio s&nbsp;v\u00fdhledem\nna mo\u0159e<\/p>\n\n\n\n<p>Kontakt:<\/p>\n\n\n\n<figure class=\"wp-block-embed\"><div class=\"wp-block-embed__wrapper\">\nhttps:\/\/www3.hilton.com\/en\/hotels\/uae\/hilton-dubai-the-walk-DXBBRHI\/index.html?WT.mc_id=zELWAKN0EMEA1HI2DMH3LocalSearch4DGGenericx6DXBBRHI\n<\/div><\/figure>\n","protected":false},"excerpt":{"rendered":"<p>Hotelov\u00fd \u0159et\u011bzec a v\u011brnostn\u00ed program Hotel pat\u0159\u00ed do kvalitn\u00edho hotelov\u00e9ho \u0159et\u011bzce s\u00edt\u011b Hilton s v\u011brnostn\u00edm programem Hilton Honors, kter\u00fd garantuje \u0161irokou nab\u00eddku benefit\u016f. Hotelov\u00e9 Lobby Pokud o\u010dek\u00e1v\u00e1te n\u011bco opulentniho jste na omylu, uv\u00edt\u00e1 v\u00e1s velice jednodu\u0161e za\u0159\u00edzen\u00e9 lobby do kter\u00e9ho&#8230;<\/p>\n","protected":false},"author":1,"featured_media":0,"parent":0,"menu_order":0,"comment_status":"closed","ping_status":"closed","template":"","meta":[],"yoast_head":"<!-- This site is optimized with the Yoast SEO plugin v17.0 - https:\/\/yoast.com\/wordpress\/plugins\/seo\/ -->\n<title>HILTON DUBAI THE WALK - Premium Travel&amp;Dine Info<\/title>\n<meta name=\"robots\" content=\"index, follow, max-snippet:-1, max-image-preview:large, max-video-preview:-1\" \/>\n<link rel=\"canonical\" href=\"https:\/\/www.travelanddine.info\/index.php\/hilton-dubai-the-walk\/\" \/>\n<meta property=\"og:locale\" content=\"cs_CZ\" \/>\n<meta property=\"og:type\" content=\"article\" \/>\n<meta property=\"og:title\" content=\"HILTON DUBAI THE WALK - Premium Travel&amp;Dine Info\" \/>\n<meta property=\"og:description\" content=\"Hotelov\u00fd \u0159et\u011bzec a v\u011brnostn\u00ed program Hotel pat\u0159\u00ed do kvalitn\u00edho hotelov\u00e9ho \u0159et\u011bzce s\u00edt\u011b Hilton s v\u011brnostn\u00edm programem Hilton Honors, kter\u00fd garantuje \u0161irokou nab\u00eddku benefit\u016f. Hotelov\u00e9 Lobby Pokud o\u010dek\u00e1v\u00e1te n\u011bco opulentniho jste na omylu, uv\u00edt\u00e1 v\u00e1s velice jednodu\u0161e za\u0159\u00edzen\u00e9 lobby do kter\u00e9ho...\" \/>\n<meta property=\"og:url\" content=\"https:\/\/www.travelanddine.info\/index.php\/hilton-dubai-the-walk\/\" \/>\n<meta property=\"og:site_name\" content=\"Premium Travel&amp;Dine Info\" \/>\n<meta property=\"article:publisher\" content=\"http:\/\/www.facebook.com\/PremiumTravelAndDineInfo\" \/>\n<meta property=\"article:modified_time\" content=\"2019-12-16T22:33:27+00:00\" \/>\n<meta property=\"og:image\" content=\"http:\/\/www.travelanddine.info\/wp-content\/uploads\/2019\/12\/31446849-1024x682.jpg\" \/>\n<meta name=\"twitter:card\" content=\"summary_large_image\" \/>\n<meta name=\"twitter:label1\" content=\"Odhadovan\u00e1 doba \u010dten\u00ed\" \/>\n\t<meta name=\"twitter:data1\" content=\"4 minuty\" \/>\n<script type=\"application\/ld+json\" class=\"yoast-schema-graph\">{\"@context\":\"https:\/\/schema.org\",\"@graph\":[{\"@type\":\"Organization\",\"@id\":\"https:\/\/www.travelanddine.info\/#organization\",\"name\":\"Premium Travel & Dine Info\",\"url\":\"https:\/\/www.travelanddine.info\/\",\"sameAs\":[\"http:\/\/www.facebook.com\/PremiumTravelAndDineInfo\",\"https:\/\/www.instagram.com\/premium_travel_and_dine_info\/\",\"https:\/\/www.youtube.com\/channel\/UCq4d7zmKK3AOuzDrR1p_2Qw\/featured?disable_polymer=1\"],\"logo\":{\"@type\":\"ImageObject\",\"@id\":\"https:\/\/www.travelanddine.info\/#logo\",\"inLanguage\":\"cs\",\"url\":\"https:\/\/www.travelanddine.info\/wp-content\/uploads\/2019\/01\/logo-premium-e1547240252292.jpg\",\"contentUrl\":\"https:\/\/www.travelanddine.info\/wp-content\/uploads\/2019\/01\/logo-premium-e1547240252292.jpg\",\"width\":1000,\"height\":406,\"caption\":\"Premium Travel & Dine Info\"},\"image\":{\"@id\":\"https:\/\/www.travelanddine.info\/#logo\"}},{\"@type\":\"WebSite\",\"@id\":\"https:\/\/www.travelanddine.info\/#website\",\"url\":\"https:\/\/www.travelanddine.info\/\",\"name\":\"Premium Travel&amp;Dine Info\",\"description\":\"tipy, doporu\\u010den\\u00ed, informace.. pro ty, kte\\u0159\\u00ed maj\\u00ed r\\u00e1di cestov\\u00e1n\\u00ed na vysok\\u00e9 \\u00farovni a skv\\u011bl\\u00e9 j\\u00eddlo\",\"publisher\":{\"@id\":\"https:\/\/www.travelanddine.info\/#organization\"},\"potentialAction\":[{\"@type\":\"SearchAction\",\"target\":{\"@type\":\"EntryPoint\",\"urlTemplate\":\"https:\/\/www.travelanddine.info\/?s={search_term_string}\"},\"query-input\":\"required name=search_term_string\"}],\"inLanguage\":\"cs\"},{\"@type\":\"ImageObject\",\"@id\":\"https:\/\/www.travelanddine.info\/index.php\/hilton-dubai-the-walk\/#primaryimage\",\"inLanguage\":\"cs\",\"url\":\"http:\/\/www.travelanddine.info\/wp-content\/uploads\/2019\/12\/31446849-1024x682.jpg\",\"contentUrl\":\"http:\/\/www.travelanddine.info\/wp-content\/uploads\/2019\/12\/31446849-1024x682.jpg\"},{\"@type\":\"WebPage\",\"@id\":\"https:\/\/www.travelanddine.info\/index.php\/hilton-dubai-the-walk\/#webpage\",\"url\":\"https:\/\/www.travelanddine.info\/index.php\/hilton-dubai-the-walk\/\",\"name\":\"HILTON DUBAI THE WALK - Premium Travel&amp;Dine Info\",\"isPartOf\":{\"@id\":\"https:\/\/www.travelanddine.info\/#website\"},\"primaryImageOfPage\":{\"@id\":\"https:\/\/www.travelanddine.info\/index.php\/hilton-dubai-the-walk\/#primaryimage\"},\"datePublished\":\"2019-12-09T19:22:16+00:00\",\"dateModified\":\"2019-12-16T22:33:27+00:00\",\"breadcrumb\":{\"@id\":\"https:\/\/www.travelanddine.info\/index.php\/hilton-dubai-the-walk\/#breadcrumb\"},\"inLanguage\":\"cs\",\"potentialAction\":[{\"@type\":\"ReadAction\",\"target\":[\"https:\/\/www.travelanddine.info\/index.php\/hilton-dubai-the-walk\/\"]}]},{\"@type\":\"BreadcrumbList\",\"@id\":\"https:\/\/www.travelanddine.info\/index.php\/hilton-dubai-the-walk\/#breadcrumb\",\"itemListElement\":[{\"@type\":\"ListItem\",\"position\":1,\"name\":\"Dom\\u016f\",\"item\":\"https:\/\/www.travelanddine.info\/index.php\/en\/home\/\"},{\"@type\":\"ListItem\",\"position\":2,\"name\":\"HILTON DUBAI THE WALK\"}]}]}<\/script>\n<!-- \/ Yoast SEO plugin. -->","yoast_head_json":{"title":"HILTON DUBAI THE WALK - Premium Travel&amp;Dine Info","robots":{"index":"index","follow":"follow","max-snippet":"max-snippet:-1","max-image-preview":"max-image-preview:large","max-video-preview":"max-video-preview:-1"},"canonical":"https:\/\/www.travelanddine.info\/index.php\/hilton-dubai-the-walk\/","og_locale":"cs_CZ","og_type":"article","og_title":"HILTON DUBAI THE WALK - Premium Travel&amp;Dine Info","og_description":"Hotelov\u00fd \u0159et\u011bzec a v\u011brnostn\u00ed program Hotel pat\u0159\u00ed do kvalitn\u00edho hotelov\u00e9ho \u0159et\u011bzce s\u00edt\u011b Hilton s v\u011brnostn\u00edm programem Hilton Honors, kter\u00fd garantuje \u0161irokou nab\u00eddku benefit\u016f. Hotelov\u00e9 Lobby Pokud o\u010dek\u00e1v\u00e1te n\u011bco opulentniho jste na omylu, uv\u00edt\u00e1 v\u00e1s velice jednodu\u0161e za\u0159\u00edzen\u00e9 lobby do kter\u00e9ho...","og_url":"https:\/\/www.travelanddine.info\/index.php\/hilton-dubai-the-walk\/","og_site_name":"Premium Travel&amp;Dine Info","article_publisher":"http:\/\/www.facebook.com\/PremiumTravelAndDineInfo","article_modified_time":"2019-12-16T22:33:27+00:00","og_image":[{"url":"http:\/\/www.travelanddine.info\/wp-content\/uploads\/2019\/12\/31446849-1024x682.jpg"}],"twitter_card":"summary_large_image","twitter_misc":{"Odhadovan\u00e1 doba \u010dten\u00ed":"4 minuty"},"schema":{"@context":"https:\/\/schema.org","@graph":[{"@type":"Organization","@id":"https:\/\/www.travelanddine.info\/#organization","name":"Premium Travel & Dine Info","url":"https:\/\/www.travelanddine.info\/","sameAs":["http:\/\/www.facebook.com\/PremiumTravelAndDineInfo","https:\/\/www.instagram.com\/premium_travel_and_dine_info\/","https:\/\/www.youtube.com\/channel\/UCq4d7zmKK3AOuzDrR1p_2Qw\/featured?disable_polymer=1"],"logo":{"@type":"ImageObject","@id":"https:\/\/www.travelanddine.info\/#logo","inLanguage":"cs","url":"https:\/\/www.travelanddine.info\/wp-content\/uploads\/2019\/01\/logo-premium-e1547240252292.jpg","contentUrl":"https:\/\/www.travelanddine.info\/wp-content\/uploads\/2019\/01\/logo-premium-e1547240252292.jpg","width":1000,"height":406,"caption":"Premium Travel & Dine Info"},"image":{"@id":"https:\/\/www.travelanddine.info\/#logo"}},{"@type":"WebSite","@id":"https:\/\/www.travelanddine.info\/#website","url":"https:\/\/www.travelanddine.info\/","name":"Premium Travel&amp;Dine Info","description":"tipy, doporu\u010den\u00ed, informace.. pro ty, kte\u0159\u00ed maj\u00ed r\u00e1di cestov\u00e1n\u00ed na vysok\u00e9 \u00farovni a skv\u011bl\u00e9 j\u00eddlo","publisher":{"@id":"https:\/\/www.travelanddine.info\/#organization"},"potentialAction":[{"@type":"SearchAction","target":{"@type":"EntryPoint","urlTemplate":"https:\/\/www.travelanddine.info\/?s={search_term_string}"},"query-input":"required name=search_term_string"}],"inLanguage":"cs"},{"@type":"ImageObject","@id":"https:\/\/www.travelanddine.info\/index.php\/hilton-dubai-the-walk\/#primaryimage","inLanguage":"cs","url":"http:\/\/www.travelanddine.info\/wp-content\/uploads\/2019\/12\/31446849-1024x682.jpg","contentUrl":"http:\/\/www.travelanddine.info\/wp-content\/uploads\/2019\/12\/31446849-1024x682.jpg"},{"@type":"WebPage","@id":"https:\/\/www.travelanddine.info\/index.php\/hilton-dubai-the-walk\/#webpage","url":"https:\/\/www.travelanddine.info\/index.php\/hilton-dubai-the-walk\/","name":"HILTON DUBAI THE WALK - Premium Travel&amp;Dine Info","isPartOf":{"@id":"https:\/\/www.travelanddine.info\/#website"},"primaryImageOfPage":{"@id":"https:\/\/www.travelanddine.info\/index.php\/hilton-dubai-the-walk\/#primaryimage"},"datePublished":"2019-12-09T19:22:16+00:00","dateModified":"2019-12-16T22:33:27+00:00","breadcrumb":{"@id":"https:\/\/www.travelanddine.info\/index.php\/hilton-dubai-the-walk\/#breadcrumb"},"inLanguage":"cs","potentialAction":[{"@type":"ReadAction","target":["https:\/\/www.travelanddine.info\/index.php\/hilton-dubai-the-walk\/"]}]},{"@type":"BreadcrumbList","@id":"https:\/\/www.travelanddine.info\/index.php\/hilton-dubai-the-walk\/#breadcrumb","itemListElement":[{"@type":"ListItem","position":1,"name":"Dom\u016f","item":"https:\/\/www.travelanddine.info\/index.php\/en\/home\/"},{"@type":"ListItem","position":2,"name":"HILTON DUBAI THE WALK"}]}]}},"_links":{"self":[{"href":"https:\/\/www.travelanddine.info\/index.php\/wp-json\/wp\/v2\/pages\/3928"}],"collection":[{"href":"https:\/\/www.travelanddine.info\/index.php\/wp-json\/wp\/v2\/pages"}],"about":[{"href":"https:\/\/www.travelanddine.info\/index.php\/wp-json\/wp\/v2\/types\/page"}],"author":[{"embeddable":true,"href":"https:\/\/www.travelanddine.info\/index.php\/wp-json\/wp\/v2\/users\/1"}],"replies":[{"embeddable":true,"href":"https:\/\/www.travelanddine.info\/index.php\/wp-json\/wp\/v2\/comments?post=3928"}],"version-history":[{"count":4,"href":"https:\/\/www.travelanddine.info\/index.php\/wp-json\/wp\/v2\/pages\/3928\/revisions"}],"predecessor-version":[{"id":3971,"href":"https:\/\/www.travelanddine.info\/index.php\/wp-json\/wp\/v2\/pages\/3928\/revisions\/3971"}],"wp:attachment":[{"href":"https:\/\/www.travelanddine.info\/index.php\/wp-json\/wp\/v2\/media?parent=3928"}],"curies":[{"name":"wp","href":"https:\/\/api.w.org\/{rel}","templated":true}]}}