{"id":4909,"date":"2021-12-28T19:22:51","date_gmt":"2021-12-28T19:22:51","guid":{"rendered":"https:\/\/www.travelanddine.info\/?page_id=4909"},"modified":"2021-12-28T19:56:07","modified_gmt":"2021-12-28T19:56:07","slug":"hilton-reforma-mexico-city","status":"publish","type":"page","link":"https:\/\/www.travelanddine.info\/index.php\/hilton-reforma-mexico-city\/","title":{"rendered":"Hilton Reforma Mexico City"},"content":{"rendered":"\n<p><em><u>Hotelov\u00fd \u0159et\u011bzec a v\u011brnostn\u00ed program<\/u><\/em><\/p>\n\n\n\n<p>Tento p\u011btihv\u011bzdi\u010dkov\u00fd hotel pat\u0159\u00ed do skupiny Hilton Hotels and Resorts, kter\u00e9ho v\u011brnostn\u00ed program je Hilton Honors.<\/p>\n\n\n\n<div class=\"wp-block-image\"><figure class=\"aligncenter size-large\"><img loading=\"lazy\" width=\"994\" height=\"1024\" src=\"https:\/\/www.travelanddine.info\/wp-content\/uploads\/2021\/12\/IMG_20211209_162459-994x1024.jpg\" alt=\"\" class=\"wp-image-4918\" srcset=\"https:\/\/www.travelanddine.info\/wp-content\/uploads\/2021\/12\/IMG_20211209_162459-994x1024.jpg 994w, https:\/\/www.travelanddine.info\/wp-content\/uploads\/2021\/12\/IMG_20211209_162459-291x300.jpg 291w, https:\/\/www.travelanddine.info\/wp-content\/uploads\/2021\/12\/IMG_20211209_162459-768x791.jpg 768w, https:\/\/www.travelanddine.info\/wp-content\/uploads\/2021\/12\/IMG_20211209_162459-1491x1536.jpg 1491w, https:\/\/www.travelanddine.info\/wp-content\/uploads\/2021\/12\/IMG_20211209_162459-1988x2048.jpg 1988w\" sizes=\"(max-width: 994px) 100vw, 994px\" \/><\/figure><\/div>\n\n\n\n<p><em><u>Hotelov\u00e9 lobby<\/u><\/em><\/p>\n\n\n\n<p>P\u0159\u00edjezd do hotelu byl odpoledne. V&nbsp;hotelov\u00e9m lobby se nach\u00e1z\u00ed jak recepce, tak i bar. Odbaven\u00ed prob\u011bhlo svi\u017en\u011b, recep\u010dn\u00ed byla velmi slu\u0161n\u00e1 a pozorn\u00e1 a b\u011bhem deseti minut jsem dr\u017eel svoji kartu od pokoje.<\/p>\n\n\n\n<p>Cel\u00fd prostor hotelov\u00e9ho lobby m\u00e1 modern\u00ed dizajn v&nbsp;kombinaci tmav\u00e9ho d\u0159eva a sv\u011btl\u00e9 podlahy. Person\u00e1l byl p\u0159\u00e1telsk\u00fd a ochotn\u00fd. V&nbsp;lobby jsou um\u00edst\u011bny dal\u0161\u00ed pulty slu\u017eeb, jako je concierge, hotelov\u00e9 taxi slu\u017eby, \u00faschovna zavazadel apod.<\/p>\n\n\n\n<div class=\"wp-block-image\"><figure class=\"aligncenter size-large\"><img loading=\"lazy\" width=\"1024\" height=\"663\" src=\"https:\/\/www.travelanddine.info\/wp-content\/uploads\/2021\/12\/IMG_20211210_003055-1024x663.jpg\" alt=\"\" class=\"wp-image-4917\" srcset=\"https:\/\/www.travelanddine.info\/wp-content\/uploads\/2021\/12\/IMG_20211210_003055-1024x663.jpg 1024w, https:\/\/www.travelanddine.info\/wp-content\/uploads\/2021\/12\/IMG_20211210_003055-300x194.jpg 300w, https:\/\/www.travelanddine.info\/wp-content\/uploads\/2021\/12\/IMG_20211210_003055-768x497.jpg 768w, https:\/\/www.travelanddine.info\/wp-content\/uploads\/2021\/12\/IMG_20211210_003055-1536x995.jpg 1536w, https:\/\/www.travelanddine.info\/wp-content\/uploads\/2021\/12\/IMG_20211210_003055-2048x1326.jpg 2048w, https:\/\/www.travelanddine.info\/wp-content\/uploads\/2021\/12\/IMG_20211210_003055-230x150.jpg 230w\" sizes=\"(max-width: 1024px) 100vw, 1024px\" \/><\/figure><\/div>\n\n\n\n<p><em><u>Um\u00edst\u011bn\u00ed hotelu<\/u><\/em><\/p>\n\n\n\n<p>Hotel m\u00e1 naprosto skv\u011bl\u00e9 um\u00edst\u011bn\u00ed. P\u00e1r krok\u016f od hotelu se nach\u00e1z\u00ed Muzeum Kr\u00e1sn\u00e9ho Um\u011bn\u00ed \u2013 jedna z&nbsp;turistick\u00fdch atrakc\u00ed m\u011bsta. Z\u00f3calo \u2013 historick\u00e9 n\u00e1m\u011bst\u00ed a pam\u00e1tka \u010d\u00edslo jedna v&nbsp;Mexico City je p\u011b\u0161\u00ed ch\u016fz\u00ed dostupn\u00e1 asi za 15 minut. Paseo de la Reforma, \u0161irok\u00e1 a dlouh\u00e1 m\u011bstsk\u00e1 avenida pln\u00e1 obchod\u016f a restaurac\u00ed je rovn\u011b\u017e za rohem hotelu.<\/p>\n\n\n\n<p>Mezin\u00e1rodn\u00ed leti\u0161t\u011b Benito Juarez se nach\u00e1z\u00ed pouze o n\u011bkolik m\u00e1lo v\u00edce ne\u017e 10 km od hotelu, ale vzhledem k&nbsp;siln\u00e9mu provozu na silnic\u00edch je pot\u0159eba po\u010d\u00edtat s&nbsp;del\u0161\u00ed dobou str\u00e1venou ve voze tax\u00edku. Je v\u00edce ne\u017e doporu\u010deno vyu\u017e\u00edt slu\u017eeb hotelov\u00e9ho taxi nebo autorizovan\u00fdch taxi slu\u017eeb na leti\u0161ti, ne\u017e jednodu\u0161e zastavit jak\u00fdkoliv v\u016fz taxi na silnici.<\/p>\n\n\n\n<p><em><u>Hotelov\u00e9 pokoje<\/u><\/em><\/p>\n\n\n\n<p>Hotel m\u00e1 v\u00edce ne\u017e 450 pokoj\u016f a apartm\u00e1n\u016f na 27 podla\u017e\u00edch budovy. M\u016fj pokoj byl dostate\u010dn\u011b prostrann\u00fd o rozloze 37 m2. Byl za\u0159\u00edzen do tmav\u011b hn\u011bd\u00e9 barvy, co p\u0159i prvn\u00edm otev\u0159en\u00ed dve\u0159\u00ed do pokoje nezp\u016fsobilo \u201ewow efekt\u201c, nicm\u00e9n\u011b pohodl\u00ed bylo naprosto zaji\u0161t\u011bno.<\/p>\n\n\n\n<p>Pokoj m\u00e1 pohodln\u00e9 \u0161irok\u00e9 postele, k\u0159eslo s konferen\u010dn\u00edm stolkem na k\u00e1vu, pracovn\u00ed st\u016fl s&nbsp;ergonomickou \u017eidl\u00ed a sk\u0159\u00ednku s&nbsp;malou lednic\u00ed, na kter\u00e9 byla postavena obrovsk\u00e1 televize s&nbsp;\u0161irok\u00fdm v\u00fdb\u011brem televizn\u00edch kan\u00e1l\u016f v&nbsp;r\u016fzn\u00fdch jazyc\u00edch a starom\u00f3dn\u00ed k\u00e1vovar.<\/p>\n\n\n\n<p>Koupelna je oblo\u017een\u00e1 \u017elut\u00fdm mramorem a obsahuje vanu se sprchou. Umyvadlo se starom\u00f3dn\u00edmi kohoutky je um\u00edst\u011bno na \u0161irok\u00e9m d\u0159ev\u011bn\u00e9m tmav\u00e9m stole, nad kter\u00fdm vis\u00ed zrcadlo v&nbsp;d\u0159ev\u011bn\u00e9m r\u00e1mu p\u0159es celou koupelnu. Velmi netradi\u010dn\u00ed \u2013 pro mnoh\u00e9 hotely &#8211; je um\u00edst\u011bn\u00ed toalety, kter\u00e9 je od koupelny odd\u011bleno dve\u0159mi.<\/p>\n\n\n\n<p>Koupelna je vybavena standardn\u00ed kosmetikou, kterou je mo\u017en\u00e9 vid\u011bt ve v\u0161ech hotelech Hilton po cel\u00e9m sv\u011bt\u011b.<\/p>\n\n\n\n<div class=\"wp-block-image\"><figure class=\"aligncenter size-large\"><img loading=\"lazy\" width=\"1024\" height=\"724\" src=\"https:\/\/www.travelanddine.info\/wp-content\/uploads\/2021\/12\/IMG_20211209_163003-1024x724.jpg\" alt=\"\" class=\"wp-image-4919\" srcset=\"https:\/\/www.travelanddine.info\/wp-content\/uploads\/2021\/12\/IMG_20211209_163003-1024x724.jpg 1024w, https:\/\/www.travelanddine.info\/wp-content\/uploads\/2021\/12\/IMG_20211209_163003-300x212.jpg 300w, https:\/\/www.travelanddine.info\/wp-content\/uploads\/2021\/12\/IMG_20211209_163003-768x543.jpg 768w, https:\/\/www.travelanddine.info\/wp-content\/uploads\/2021\/12\/IMG_20211209_163003-1536x1087.jpg 1536w, https:\/\/www.travelanddine.info\/wp-content\/uploads\/2021\/12\/IMG_20211209_163003-2048x1449.jpg 2048w\" sizes=\"(max-width: 1024px) 100vw, 1024px\" \/><\/figure><\/div>\n\n\n\n<div class=\"wp-block-image\"><figure class=\"aligncenter size-large\"><img loading=\"lazy\" width=\"1024\" height=\"714\" src=\"https:\/\/www.travelanddine.info\/wp-content\/uploads\/2021\/12\/IMG_20211209_163146-1024x714.jpg\" alt=\"\" class=\"wp-image-4920\" srcset=\"https:\/\/www.travelanddine.info\/wp-content\/uploads\/2021\/12\/IMG_20211209_163146-1024x714.jpg 1024w, https:\/\/www.travelanddine.info\/wp-content\/uploads\/2021\/12\/IMG_20211209_163146-300x209.jpg 300w, https:\/\/www.travelanddine.info\/wp-content\/uploads\/2021\/12\/IMG_20211209_163146-768x535.jpg 768w, https:\/\/www.travelanddine.info\/wp-content\/uploads\/2021\/12\/IMG_20211209_163146-1536x1070.jpg 1536w, https:\/\/www.travelanddine.info\/wp-content\/uploads\/2021\/12\/IMG_20211209_163146-2048x1427.jpg 2048w\" sizes=\"(max-width: 1024px) 100vw, 1024px\" \/><\/figure><\/div>\n\n\n\n<p><em><u>Restaurace a j\u00eddlo<\/u><\/em><\/p>\n\n\n\n<p>Hotel disponuje 3 restauracemi a barem. <em>Sonora Grill Prime<\/em> je vyhl\u00e1\u0161en\u00e1 restaurace, kter\u00e1 se specializuje na mexick\u00e9 steaky. Restaurace <em>El Cardenal<\/em> p\u0159ipravuje j\u00eddla tradi\u010dn\u00ed mexick\u00e9 kuchyn\u011b a restaurace <em>La Terazza Alameda<\/em> je m\u00edsto, kter\u00e9 slou\u017e\u00ed jak pro sn\u00eddan\u011b, tak i ob\u011bdy, ale i ve\u010de\u0159e s&nbsp;mezin\u00e1rodn\u00edmi chody j\u00eddel.<\/p>\n\n\n\n<p>Bar v&nbsp;lobby je p\u0159\u00edjemn\u00fdm m\u00edstem k&nbsp;posezen\u00ed.<\/p>\n\n\n\n<div class=\"wp-block-image\"><figure class=\"aligncenter size-large\"><img loading=\"lazy\" width=\"1024\" height=\"792\" src=\"https:\/\/www.travelanddine.info\/wp-content\/uploads\/2021\/12\/IMG_20211210_003129-1024x792.jpg\" alt=\"\" class=\"wp-image-4921\" srcset=\"https:\/\/www.travelanddine.info\/wp-content\/uploads\/2021\/12\/IMG_20211210_003129-1024x792.jpg 1024w, https:\/\/www.travelanddine.info\/wp-content\/uploads\/2021\/12\/IMG_20211210_003129-300x232.jpg 300w, https:\/\/www.travelanddine.info\/wp-content\/uploads\/2021\/12\/IMG_20211210_003129-768x594.jpg 768w, https:\/\/www.travelanddine.info\/wp-content\/uploads\/2021\/12\/IMG_20211210_003129-1536x1188.jpg 1536w, https:\/\/www.travelanddine.info\/wp-content\/uploads\/2021\/12\/IMG_20211210_003129.jpg 1920w\" sizes=\"(max-width: 1024px) 100vw, 1024px\" \/><\/figure><\/div>\n\n\n\n<p><em><u>Mo\u017enosti pro voln\u00fd \u010das<\/u><\/em><\/p>\n\n\n\n<p>V&nbsp;hotelu jsou dva baz\u00e9ny. Jeden je vnit\u0159n\u00ed a druh\u00fd je venkovn\u00ed s&nbsp;d\u00e9lkou 25 metr\u016f. V&nbsp;hotelu je v\u00fdborn\u011b vybaven\u00e1 posilovna a <em>Spa Alemeda<\/em> nab\u00edz\u00ed k h\u00fd\u010dk\u00e1n\u00ed mas\u00e1\u017ee, v\u00ed\u0159ivku i parn\u00ed l\u00e1zn\u011b.<\/p>\n\n\n\n<p><em><u>Z\u00e1v\u011br<\/u><\/em><\/p>\n\n\n\n<p>Nejlep\u0161\u00ed pro&nbsp;&nbsp;&nbsp;&nbsp;&nbsp;&nbsp;&nbsp;&nbsp; :<\/p>\n\n\n\n<p>Um\u00edst\u011bn\u00ed hotelu v&nbsp;centru m\u011bsta, odkud p\u011b\u0161ky se d\u00e1 dostat k&nbsp;hlavn\u00edm pam\u00e1tk\u00e1m m\u011bsta.<\/p>\n\n\n\n<p>Cena pokoje&nbsp;&nbsp;&nbsp;&nbsp;&nbsp;&nbsp;&nbsp; :<\/p>\n\n\n\n<p>Od 200,- Euro &#8211; \/ noc<\/p>\n\n\n\n<p>Kontakt&nbsp;&nbsp;&nbsp;&nbsp;&nbsp;&nbsp;&nbsp;&nbsp;&nbsp;&nbsp;&nbsp;&nbsp;&nbsp;&nbsp;&nbsp; :&nbsp;&nbsp;&nbsp;&nbsp;&nbsp;&nbsp;&nbsp;&nbsp;&nbsp;&nbsp;&nbsp;&nbsp;<\/p>\n\n\n\n<p><a href=\"http:\/\/www.hilton.com\">www.hilton.com<\/a><\/p>\n\n\n\n<p><\/p>\n","protected":false},"excerpt":{"rendered":"<p>Hotelov\u00fd \u0159et\u011bzec a v\u011brnostn\u00ed program Tento p\u011btihv\u011bzdi\u010dkov\u00fd hotel pat\u0159\u00ed do skupiny Hilton Hotels and Resorts, kter\u00e9ho v\u011brnostn\u00ed program je Hilton Honors. Hotelov\u00e9 lobby P\u0159\u00edjezd do hotelu byl odpoledne. V&nbsp;hotelov\u00e9m lobby se nach\u00e1z\u00ed jak recepce, tak i bar. Odbaven\u00ed prob\u011bhlo svi\u017en\u011b,&#8230;<\/p>\n","protected":false},"author":1,"featured_media":0,"parent":0,"menu_order":0,"comment_status":"closed","ping_status":"closed","template":"","meta":[],"yoast_head":"<!-- This site is optimized with the Yoast SEO plugin v17.0 - https:\/\/yoast.com\/wordpress\/plugins\/seo\/ -->\n<title>Hilton Reforma Mexico City - Premium Travel&amp;Dine Info<\/title>\n<meta name=\"robots\" content=\"index, follow, max-snippet:-1, max-image-preview:large, max-video-preview:-1\" \/>\n<link rel=\"canonical\" href=\"https:\/\/www.travelanddine.info\/index.php\/hilton-reforma-mexico-city\/\" \/>\n<meta property=\"og:locale\" content=\"cs_CZ\" \/>\n<meta property=\"og:type\" content=\"article\" \/>\n<meta property=\"og:title\" content=\"Hilton Reforma Mexico City - Premium Travel&amp;Dine Info\" \/>\n<meta property=\"og:description\" content=\"Hotelov\u00fd \u0159et\u011bzec a v\u011brnostn\u00ed program Tento p\u011btihv\u011bzdi\u010dkov\u00fd hotel pat\u0159\u00ed do skupiny Hilton Hotels and Resorts, kter\u00e9ho v\u011brnostn\u00ed program je Hilton Honors. Hotelov\u00e9 lobby P\u0159\u00edjezd do hotelu byl odpoledne. V&nbsp;hotelov\u00e9m lobby se nach\u00e1z\u00ed jak recepce, tak i bar. Odbaven\u00ed prob\u011bhlo svi\u017en\u011b,...\" \/>\n<meta property=\"og:url\" content=\"https:\/\/www.travelanddine.info\/index.php\/hilton-reforma-mexico-city\/\" \/>\n<meta property=\"og:site_name\" content=\"Premium Travel&amp;Dine Info\" \/>\n<meta property=\"article:publisher\" content=\"http:\/\/www.facebook.com\/PremiumTravelAndDineInfo\" \/>\n<meta property=\"article:modified_time\" content=\"2021-12-28T19:56:07+00:00\" \/>\n<meta property=\"og:image\" content=\"https:\/\/www.travelanddine.info\/wp-content\/uploads\/2021\/12\/IMG_20211209_162459-994x1024.jpg\" \/>\n<meta name=\"twitter:card\" content=\"summary_large_image\" \/>\n<meta name=\"twitter:label1\" content=\"Odhadovan\u00e1 doba \u010dten\u00ed\" \/>\n\t<meta name=\"twitter:data1\" content=\"3 minuty\" \/>\n<script type=\"application\/ld+json\" class=\"yoast-schema-graph\">{\"@context\":\"https:\/\/schema.org\",\"@graph\":[{\"@type\":\"Organization\",\"@id\":\"https:\/\/www.travelanddine.info\/#organization\",\"name\":\"Premium Travel & Dine Info\",\"url\":\"https:\/\/www.travelanddine.info\/\",\"sameAs\":[\"http:\/\/www.facebook.com\/PremiumTravelAndDineInfo\",\"https:\/\/www.instagram.com\/premium_travel_and_dine_info\/\",\"https:\/\/www.youtube.com\/channel\/UCq4d7zmKK3AOuzDrR1p_2Qw\/featured?disable_polymer=1\"],\"logo\":{\"@type\":\"ImageObject\",\"@id\":\"https:\/\/www.travelanddine.info\/#logo\",\"inLanguage\":\"cs\",\"url\":\"https:\/\/www.travelanddine.info\/wp-content\/uploads\/2019\/01\/logo-premium-e1547240252292.jpg\",\"contentUrl\":\"https:\/\/www.travelanddine.info\/wp-content\/uploads\/2019\/01\/logo-premium-e1547240252292.jpg\",\"width\":1000,\"height\":406,\"caption\":\"Premium Travel & Dine Info\"},\"image\":{\"@id\":\"https:\/\/www.travelanddine.info\/#logo\"}},{\"@type\":\"WebSite\",\"@id\":\"https:\/\/www.travelanddine.info\/#website\",\"url\":\"https:\/\/www.travelanddine.info\/\",\"name\":\"Premium Travel&amp;Dine Info\",\"description\":\"tipy, doporu\\u010den\\u00ed, informace.. pro ty, kte\\u0159\\u00ed maj\\u00ed r\\u00e1di cestov\\u00e1n\\u00ed na vysok\\u00e9 \\u00farovni a skv\\u011bl\\u00e9 j\\u00eddlo\",\"publisher\":{\"@id\":\"https:\/\/www.travelanddine.info\/#organization\"},\"potentialAction\":[{\"@type\":\"SearchAction\",\"target\":{\"@type\":\"EntryPoint\",\"urlTemplate\":\"https:\/\/www.travelanddine.info\/?s={search_term_string}\"},\"query-input\":\"required name=search_term_string\"}],\"inLanguage\":\"cs\"},{\"@type\":\"ImageObject\",\"@id\":\"https:\/\/www.travelanddine.info\/index.php\/hilton-reforma-mexico-city\/#primaryimage\",\"inLanguage\":\"cs\",\"url\":\"https:\/\/www.travelanddine.info\/wp-content\/uploads\/2021\/12\/IMG_20211209_162459-scaled.jpg\",\"contentUrl\":\"https:\/\/www.travelanddine.info\/wp-content\/uploads\/2021\/12\/IMG_20211209_162459-scaled.jpg\",\"width\":2485,\"height\":2560},{\"@type\":\"WebPage\",\"@id\":\"https:\/\/www.travelanddine.info\/index.php\/hilton-reforma-mexico-city\/#webpage\",\"url\":\"https:\/\/www.travelanddine.info\/index.php\/hilton-reforma-mexico-city\/\",\"name\":\"Hilton Reforma Mexico City - Premium Travel&amp;Dine Info\",\"isPartOf\":{\"@id\":\"https:\/\/www.travelanddine.info\/#website\"},\"primaryImageOfPage\":{\"@id\":\"https:\/\/www.travelanddine.info\/index.php\/hilton-reforma-mexico-city\/#primaryimage\"},\"datePublished\":\"2021-12-28T19:22:51+00:00\",\"dateModified\":\"2021-12-28T19:56:07+00:00\",\"breadcrumb\":{\"@id\":\"https:\/\/www.travelanddine.info\/index.php\/hilton-reforma-mexico-city\/#breadcrumb\"},\"inLanguage\":\"cs\",\"potentialAction\":[{\"@type\":\"ReadAction\",\"target\":[\"https:\/\/www.travelanddine.info\/index.php\/hilton-reforma-mexico-city\/\"]}]},{\"@type\":\"BreadcrumbList\",\"@id\":\"https:\/\/www.travelanddine.info\/index.php\/hilton-reforma-mexico-city\/#breadcrumb\",\"itemListElement\":[{\"@type\":\"ListItem\",\"position\":1,\"name\":\"Dom\\u016f\",\"item\":\"https:\/\/www.travelanddine.info\/index.php\/en\/home\/\"},{\"@type\":\"ListItem\",\"position\":2,\"name\":\"Hilton Reforma Mexico City\"}]}]}<\/script>\n<!-- \/ Yoast SEO plugin. -->","yoast_head_json":{"title":"Hilton Reforma Mexico City - Premium Travel&amp;Dine Info","robots":{"index":"index","follow":"follow","max-snippet":"max-snippet:-1","max-image-preview":"max-image-preview:large","max-video-preview":"max-video-preview:-1"},"canonical":"https:\/\/www.travelanddine.info\/index.php\/hilton-reforma-mexico-city\/","og_locale":"cs_CZ","og_type":"article","og_title":"Hilton Reforma Mexico City - Premium Travel&amp;Dine Info","og_description":"Hotelov\u00fd \u0159et\u011bzec a v\u011brnostn\u00ed program Tento p\u011btihv\u011bzdi\u010dkov\u00fd hotel pat\u0159\u00ed do skupiny Hilton Hotels and Resorts, kter\u00e9ho v\u011brnostn\u00ed program je Hilton Honors. Hotelov\u00e9 lobby P\u0159\u00edjezd do hotelu byl odpoledne. V&nbsp;hotelov\u00e9m lobby se nach\u00e1z\u00ed jak recepce, tak i bar. Odbaven\u00ed prob\u011bhlo svi\u017en\u011b,...","og_url":"https:\/\/www.travelanddine.info\/index.php\/hilton-reforma-mexico-city\/","og_site_name":"Premium Travel&amp;Dine Info","article_publisher":"http:\/\/www.facebook.com\/PremiumTravelAndDineInfo","article_modified_time":"2021-12-28T19:56:07+00:00","og_image":[{"url":"https:\/\/www.travelanddine.info\/wp-content\/uploads\/2021\/12\/IMG_20211209_162459-994x1024.jpg"}],"twitter_card":"summary_large_image","twitter_misc":{"Odhadovan\u00e1 doba \u010dten\u00ed":"3 minuty"},"schema":{"@context":"https:\/\/schema.org","@graph":[{"@type":"Organization","@id":"https:\/\/www.travelanddine.info\/#organization","name":"Premium Travel & Dine Info","url":"https:\/\/www.travelanddine.info\/","sameAs":["http:\/\/www.facebook.com\/PremiumTravelAndDineInfo","https:\/\/www.instagram.com\/premium_travel_and_dine_info\/","https:\/\/www.youtube.com\/channel\/UCq4d7zmKK3AOuzDrR1p_2Qw\/featured?disable_polymer=1"],"logo":{"@type":"ImageObject","@id":"https:\/\/www.travelanddine.info\/#logo","inLanguage":"cs","url":"https:\/\/www.travelanddine.info\/wp-content\/uploads\/2019\/01\/logo-premium-e1547240252292.jpg","contentUrl":"https:\/\/www.travelanddine.info\/wp-content\/uploads\/2019\/01\/logo-premium-e1547240252292.jpg","width":1000,"height":406,"caption":"Premium Travel & Dine Info"},"image":{"@id":"https:\/\/www.travelanddine.info\/#logo"}},{"@type":"WebSite","@id":"https:\/\/www.travelanddine.info\/#website","url":"https:\/\/www.travelanddine.info\/","name":"Premium Travel&amp;Dine Info","description":"tipy, doporu\u010den\u00ed, informace.. pro ty, kte\u0159\u00ed maj\u00ed r\u00e1di cestov\u00e1n\u00ed na vysok\u00e9 \u00farovni a skv\u011bl\u00e9 j\u00eddlo","publisher":{"@id":"https:\/\/www.travelanddine.info\/#organization"},"potentialAction":[{"@type":"SearchAction","target":{"@type":"EntryPoint","urlTemplate":"https:\/\/www.travelanddine.info\/?s={search_term_string}"},"query-input":"required name=search_term_string"}],"inLanguage":"cs"},{"@type":"ImageObject","@id":"https:\/\/www.travelanddine.info\/index.php\/hilton-reforma-mexico-city\/#primaryimage","inLanguage":"cs","url":"https:\/\/www.travelanddine.info\/wp-content\/uploads\/2021\/12\/IMG_20211209_162459-scaled.jpg","contentUrl":"https:\/\/www.travelanddine.info\/wp-content\/uploads\/2021\/12\/IMG_20211209_162459-scaled.jpg","width":2485,"height":2560},{"@type":"WebPage","@id":"https:\/\/www.travelanddine.info\/index.php\/hilton-reforma-mexico-city\/#webpage","url":"https:\/\/www.travelanddine.info\/index.php\/hilton-reforma-mexico-city\/","name":"Hilton Reforma Mexico City - Premium Travel&amp;Dine Info","isPartOf":{"@id":"https:\/\/www.travelanddine.info\/#website"},"primaryImageOfPage":{"@id":"https:\/\/www.travelanddine.info\/index.php\/hilton-reforma-mexico-city\/#primaryimage"},"datePublished":"2021-12-28T19:22:51+00:00","dateModified":"2021-12-28T19:56:07+00:00","breadcrumb":{"@id":"https:\/\/www.travelanddine.info\/index.php\/hilton-reforma-mexico-city\/#breadcrumb"},"inLanguage":"cs","potentialAction":[{"@type":"ReadAction","target":["https:\/\/www.travelanddine.info\/index.php\/hilton-reforma-mexico-city\/"]}]},{"@type":"BreadcrumbList","@id":"https:\/\/www.travelanddine.info\/index.php\/hilton-reforma-mexico-city\/#breadcrumb","itemListElement":[{"@type":"ListItem","position":1,"name":"Dom\u016f","item":"https:\/\/www.travelanddine.info\/index.php\/en\/home\/"},{"@type":"ListItem","position":2,"name":"Hilton Reforma Mexico City"}]}]}},"_links":{"self":[{"href":"https:\/\/www.travelanddine.info\/index.php\/wp-json\/wp\/v2\/pages\/4909"}],"collection":[{"href":"https:\/\/www.travelanddine.info\/index.php\/wp-json\/wp\/v2\/pages"}],"about":[{"href":"https:\/\/www.travelanddine.info\/index.php\/wp-json\/wp\/v2\/types\/page"}],"author":[{"embeddable":true,"href":"https:\/\/www.travelanddine.info\/index.php\/wp-json\/wp\/v2\/users\/1"}],"replies":[{"embeddable":true,"href":"https:\/\/www.travelanddine.info\/index.php\/wp-json\/wp\/v2\/comments?post=4909"}],"version-history":[{"count":3,"href":"https:\/\/www.travelanddine.info\/index.php\/wp-json\/wp\/v2\/pages\/4909\/revisions"}],"predecessor-version":[{"id":4923,"href":"https:\/\/www.travelanddine.info\/index.php\/wp-json\/wp\/v2\/pages\/4909\/revisions\/4923"}],"wp:attachment":[{"href":"https:\/\/www.travelanddine.info\/index.php\/wp-json\/wp\/v2\/media?parent=4909"}],"curies":[{"name":"wp","href":"https:\/\/api.w.org\/{rel}","templated":true}]}}