{"id":646,"date":"2019-01-09T23:31:39","date_gmt":"2019-01-09T23:31:39","guid":{"rendered":"http:\/\/www.travelanddine.info\/?page_id=646"},"modified":"2024-06-17T08:22:56","modified_gmt":"2024-06-17T08:22:56","slug":"domu-2","status":"publish","type":"page","link":"https:\/\/www.travelanddine.info\/","title":{"rendered":""},"content":{"rendered":"\n<div class=\"wp-block-image\"><figure class=\"aligncenter size-large\"><a href=\"https:\/\/www.travelanddine.info\/index.php\/nase-sluzby-na-miru\/\"><img loading=\"lazy\" width=\"1024\" height=\"525\" src=\"https:\/\/www.travelanddine.info\/wp-content\/uploads\/2021\/06\/HOME_MAP_CZ-1024x525.png\" alt=\"\" class=\"wp-image-4313\" srcset=\"https:\/\/www.travelanddine.info\/wp-content\/uploads\/2021\/06\/HOME_MAP_CZ-1024x525.png 1024w, https:\/\/www.travelanddine.info\/wp-content\/uploads\/2021\/06\/HOME_MAP_CZ-300x154.png 300w, https:\/\/www.travelanddine.info\/wp-content\/uploads\/2021\/06\/HOME_MAP_CZ-768x394.png 768w, https:\/\/www.travelanddine.info\/wp-content\/uploads\/2021\/06\/HOME_MAP_CZ-1536x788.png 1536w, https:\/\/www.travelanddine.info\/wp-content\/uploads\/2021\/06\/HOME_MAP_CZ.png 1600w\" sizes=\"(max-width: 1024px) 100vw, 1024px\" \/><\/a><\/figure><\/div>\n\n\n\n<figure class=\"wp-block-image size-large\"><img loading=\"lazy\" width=\"1024\" height=\"85\" src=\"https:\/\/www.travelanddine.info\/wp-content\/uploads\/2021\/06\/HOME_OUR_FEATURED_HOTELS_CZ-1024x85.png\" alt=\"\" class=\"wp-image-4330\" srcset=\"https:\/\/www.travelanddine.info\/wp-content\/uploads\/2021\/06\/HOME_OUR_FEATURED_HOTELS_CZ-1024x85.png 1024w, https:\/\/www.travelanddine.info\/wp-content\/uploads\/2021\/06\/HOME_OUR_FEATURED_HOTELS_CZ-300x25.png 300w, https:\/\/www.travelanddine.info\/wp-content\/uploads\/2021\/06\/HOME_OUR_FEATURED_HOTELS_CZ-768x64.png 768w, https:\/\/www.travelanddine.info\/wp-content\/uploads\/2021\/06\/HOME_OUR_FEATURED_HOTELS_CZ.png 1106w\" sizes=\"(max-width: 1024px) 100vw, 1024px\" \/><\/figure>\n\n\n\n<div class=\"wp-block-columns has-2-columns\">\n<div class=\"wp-block-column\">\n<div class=\"wp-block-columns has-2-columns\">\n<div class=\"wp-block-column\">\n<figure class=\"wp-block-image size-large\"><a href=\"https:\/\/www.travelanddine.info\/index.php\/hong-kong-hotely\/the-peninsula-hotel-hong-kong-hu\/\"><img loading=\"lazy\" width=\"260\" height=\"485\" src=\"https:\/\/www.travelanddine.info\/wp-content\/uploads\/2021\/06\/HOME_HOTEL_THE_PENINSULA_CZ.png\" alt=\"\" class=\"wp-image-4331\" srcset=\"https:\/\/www.travelanddine.info\/wp-content\/uploads\/2021\/06\/HOME_HOTEL_THE_PENINSULA_CZ.png 260w, https:\/\/www.travelanddine.info\/wp-content\/uploads\/2021\/06\/HOME_HOTEL_THE_PENINSULA_CZ-161x300.png 161w\" sizes=\"(max-width: 260px) 100vw, 260px\" \/><\/a><\/figure>\n<\/div>\n\n\n\n<div class=\"wp-block-column\">\n<figure class=\"wp-block-image size-large\"><a href=\"https:\/\/www.travelanddine.info\/index.php\/spojene-arabske-emiraty\/waldorf-astoria-ras-al-khaimah-cz\/\"><img loading=\"lazy\" width=\"260\" height=\"485\" src=\"https:\/\/www.travelanddine.info\/wp-content\/uploads\/2021\/06\/HOME_HOTEL_WALDORF_ASTORIA_CZ-1.png\" alt=\"\" class=\"wp-image-4760\" srcset=\"https:\/\/www.travelanddine.info\/wp-content\/uploads\/2021\/06\/HOME_HOTEL_WALDORF_ASTORIA_CZ-1.png 260w, https:\/\/www.travelanddine.info\/wp-content\/uploads\/2021\/06\/HOME_HOTEL_WALDORF_ASTORIA_CZ-1-161x300.png 161w\" sizes=\"(max-width: 260px) 100vw, 260px\" \/><\/a><\/figure>\n<\/div>\n<\/div>\n<\/div>\n\n\n\n<div class=\"wp-block-column\">\n<div class=\"wp-block-columns has-2-columns\">\n<div class=\"wp-block-column\">\n<figure class=\"wp-block-image size-large\"><a href=\"https:\/\/www.travelanddine.info\/index.php\/malajsie-cz\/shangri-la-tanjung-aru-resort-and-spa-kota-kinabalu-borneo\/\"><img loading=\"lazy\" width=\"260\" height=\"485\" src=\"https:\/\/www.travelanddine.info\/wp-content\/uploads\/2021\/06\/HOME_HOTEL_TANJUNG_CZ-1.png\" alt=\"\" class=\"wp-image-4763\" srcset=\"https:\/\/www.travelanddine.info\/wp-content\/uploads\/2021\/06\/HOME_HOTEL_TANJUNG_CZ-1.png 260w, https:\/\/www.travelanddine.info\/wp-content\/uploads\/2021\/06\/HOME_HOTEL_TANJUNG_CZ-1-161x300.png 161w\" sizes=\"(max-width: 260px) 100vw, 260px\" \/><\/a><\/figure>\n<\/div>\n\n\n\n<div class=\"wp-block-column\">\n<figure class=\"wp-block-image size-large\"><a href=\"https:\/\/www.travelanddine.info\/index.php\/indie\/sofitel-mumbai-bkc-bombaj\/\"><img loading=\"lazy\" width=\"260\" height=\"485\" src=\"https:\/\/www.travelanddine.info\/wp-content\/uploads\/2021\/06\/HOME_HOTEL_SOFITEL_CZ.png\" alt=\"\" class=\"wp-image-4334\" srcset=\"https:\/\/www.travelanddine.info\/wp-content\/uploads\/2021\/06\/HOME_HOTEL_SOFITEL_CZ.png 260w, https:\/\/www.travelanddine.info\/wp-content\/uploads\/2021\/06\/HOME_HOTEL_SOFITEL_CZ-161x300.png 161w\" sizes=\"(max-width: 260px) 100vw, 260px\" \/><\/a><\/figure>\n<\/div>\n<\/div>\n<\/div>\n<\/div>\n\n\n\n<figure class=\"wp-block-image size-large\"><img loading=\"lazy\" width=\"1024\" height=\"85\" src=\"https:\/\/www.travelanddine.info\/wp-content\/uploads\/2021\/06\/HOME_OUR_FEATURED_RESTAURANTS_CZ-1-1024x85.png\" alt=\"\" class=\"wp-image-4337\" srcset=\"https:\/\/www.travelanddine.info\/wp-content\/uploads\/2021\/06\/HOME_OUR_FEATURED_RESTAURANTS_CZ-1-1024x85.png 1024w, https:\/\/www.travelanddine.info\/wp-content\/uploads\/2021\/06\/HOME_OUR_FEATURED_RESTAURANTS_CZ-1-300x25.png 300w, https:\/\/www.travelanddine.info\/wp-content\/uploads\/2021\/06\/HOME_OUR_FEATURED_RESTAURANTS_CZ-1-768x64.png 768w, https:\/\/www.travelanddine.info\/wp-content\/uploads\/2021\/06\/HOME_OUR_FEATURED_RESTAURANTS_CZ-1.png 1106w\" sizes=\"(max-width: 1024px) 100vw, 1024px\" \/><\/figure>\n\n\n\n<div class=\"wp-block-columns has-2-columns\">\n<div class=\"wp-block-column\"><\/div>\n<\/div>\n\n\n\n<div class=\"wp-block-columns\">\n<div class=\"wp-block-column\">\n<figure class=\"wp-block-image size-large\"><a href=\"https:\/\/www.travelanddine.info\/index.php\/singapur-2\/jambo-seafood-riverside-point\/\"><img loading=\"lazy\" width=\"350\" height=\"573\" src=\"https:\/\/www.travelanddine.info\/wp-content\/uploads\/2021\/06\/HOME_RESTAURANT_JUMBO_CZ.png\" alt=\"\" class=\"wp-image-4339\" srcset=\"https:\/\/www.travelanddine.info\/wp-content\/uploads\/2021\/06\/HOME_RESTAURANT_JUMBO_CZ.png 350w, https:\/\/www.travelanddine.info\/wp-content\/uploads\/2021\/06\/HOME_RESTAURANT_JUMBO_CZ-183x300.png 183w\" sizes=\"(max-width: 350px) 100vw, 350px\" \/><\/a><\/figure>\n<\/div>\n\n\n\n<div class=\"wp-block-column\">\n<figure class=\"wp-block-image size-large\"><a href=\"https:\/\/www.travelanddine.info\/index.php\/hong-kong-cz\/dim-sum-square-cz\/\"><img loading=\"lazy\" width=\"350\" height=\"573\" src=\"https:\/\/www.travelanddine.info\/wp-content\/uploads\/2021\/06\/HOME_RESTAURANT_DIM_SUM_CZ.png\" alt=\"\" class=\"wp-image-4340\" srcset=\"https:\/\/www.travelanddine.info\/wp-content\/uploads\/2021\/06\/HOME_RESTAURANT_DIM_SUM_CZ.png 350w, https:\/\/www.travelanddine.info\/wp-content\/uploads\/2021\/06\/HOME_RESTAURANT_DIM_SUM_CZ-183x300.png 183w\" sizes=\"(max-width: 350px) 100vw, 350px\" \/><\/a><\/figure>\n<\/div>\n\n\n\n<div class=\"wp-block-column\">\n<figure class=\"wp-block-image size-large\"><a href=\"https:\/\/www.travelanddine.info\/index.php\/hong-kong-cz\/ser-wong-fun-restaurant-cz\/\"><img loading=\"lazy\" width=\"350\" height=\"573\" src=\"https:\/\/www.travelanddine.info\/wp-content\/uploads\/2021\/06\/HOME_RESTAURANT_SER_WONG_CZ.png\" alt=\"\" class=\"wp-image-4341\" srcset=\"https:\/\/www.travelanddine.info\/wp-content\/uploads\/2021\/06\/HOME_RESTAURANT_SER_WONG_CZ.png 350w, https:\/\/www.travelanddine.info\/wp-content\/uploads\/2021\/06\/HOME_RESTAURANT_SER_WONG_CZ-183x300.png 183w\" sizes=\"(max-width: 350px) 100vw, 350px\" \/><\/a><\/figure>\n<\/div>\n<\/div>\n\n\n\n<div class=\"wp-block-columns has-2-columns\">\n<div class=\"wp-block-column\">\n<div class=\"wp-block-columns has-2-columns\">\n<div class=\"wp-block-column\"><\/div>\n\n\n\n<div class=\"wp-block-column\"><\/div>\n<\/div>\n<\/div>\n\n\n\n<div class=\"wp-block-column\">\n<div class=\"wp-block-columns has-2-columns\">\n<div class=\"wp-block-column\"><\/div>\n\n\n\n<div class=\"wp-block-column\"><\/div>\n<\/div>\n<\/div>\n<\/div>\n\n\n\n<div class=\"wp-block-image\"><figure class=\"aligncenter size-large\"><a href=\"https:\/\/www.travelanddine.info\/index.php\/lufthansa-business-class\/\"><img loading=\"lazy\" width=\"1024\" height=\"266\" src=\"https:\/\/www.travelanddine.info\/wp-content\/uploads\/2021\/06\/AIRLINES_LUFTHANSA-1024x266.png\" alt=\"\" class=\"wp-image-4347\" srcset=\"https:\/\/www.travelanddine.info\/wp-content\/uploads\/2021\/06\/AIRLINES_LUFTHANSA-1024x266.png 1024w, https:\/\/www.travelanddine.info\/wp-content\/uploads\/2021\/06\/AIRLINES_LUFTHANSA-300x78.png 300w, https:\/\/www.travelanddine.info\/wp-content\/uploads\/2021\/06\/AIRLINES_LUFTHANSA-768x199.png 768w, https:\/\/www.travelanddine.info\/wp-content\/uploads\/2021\/06\/AIRLINES_LUFTHANSA-1536x399.png 1536w, https:\/\/www.travelanddine.info\/wp-content\/uploads\/2021\/06\/AIRLINES_LUFTHANSA.png 1687w\" sizes=\"(max-width: 1024px) 100vw, 1024px\" \/><\/a><\/figure><\/div>\n\n\n\n<div class=\"wp-block-columns are-vertically-aligned-center\"><\/div>\n\n\n\n<div style=\"height:100px\" aria-hidden=\"true\" class=\"wp-block-spacer\"><\/div>\n\n\n\n<div class=\"wp-block-image\"><figure class=\"aligncenter size-large\"><img loading=\"lazy\" width=\"938\" height=\"1024\" src=\"https:\/\/www.travelanddine.info\/wp-content\/uploads\/2021\/06\/podelte-se-cesky-938x1024.png\" alt=\"\" class=\"wp-image-4749\" srcset=\"https:\/\/www.travelanddine.info\/wp-content\/uploads\/2021\/06\/podelte-se-cesky-938x1024.png 938w, https:\/\/www.travelanddine.info\/wp-content\/uploads\/2021\/06\/podelte-se-cesky-275x300.png 275w, https:\/\/www.travelanddine.info\/wp-content\/uploads\/2021\/06\/podelte-se-cesky-768x839.png 768w, https:\/\/www.travelanddine.info\/wp-content\/uploads\/2021\/06\/podelte-se-cesky-1406x1536.png 1406w, https:\/\/www.travelanddine.info\/wp-content\/uploads\/2021\/06\/podelte-se-cesky.png 1442w\" sizes=\"(max-width: 938px) 100vw, 938px\" \/><\/figure><\/div>\n\n\n\n<p class=\"has-text-align-center\">Sledujte n\u00e1s na soci\u00e1ln\u00edch s\u00edt\u00edch a objevte v\u00edce<\/p>\n\n\n\n<ul class=\"wp-block-social-links aligncenter has-large-icon-size is-style-logos-only\"><li class=\"wp-social-link wp-social-link-facebook wp-block-social-link\"><a href=\"https:\/\/www.facebook.com\/PremiumTravelAndDineInfo\" aria-label=\"Facebook\" rel=\"noopener nofollow\" target=\"_blank\" class=\"wp-block-social-link-anchor\"> <svg width=\"24\" height=\"24\" viewBox=\"0 0 24 24\" version=\"1.1\" xmlns=\"http:\/\/www.w3.org\/2000\/svg\" role=\"img\" aria-hidden=\"true\" focusable=\"false\"><path d=\"M12 2C6.5 2 2 6.5 2 12c0 5 3.7 9.1 8.4 9.9v-7H7.9V12h2.5V9.8c0-2.5 1.5-3.9 3.8-3.9 1.1 0 2.2.2 2.2.2v2.5h-1.3c-1.2 0-1.6.8-1.6 1.6V12h2.8l-.4 2.9h-2.3v7C18.3 21.1 22 17 22 12c0-5.5-4.5-10-10-10z\"><\/path><\/svg><\/a><\/li>\n\n<li class=\"wp-social-link wp-social-link-instagram wp-block-social-link\"><a href=\"https:\/\/www.instagram.com\/premiumtravelanddine\/\" aria-label=\"Instagram\" rel=\"noopener nofollow\" target=\"_blank\" class=\"wp-block-social-link-anchor\"> <svg width=\"24\" height=\"24\" viewBox=\"0 0 24 24\" version=\"1.1\" xmlns=\"http:\/\/www.w3.org\/2000\/svg\" role=\"img\" aria-hidden=\"true\" focusable=\"false\"><path d=\"M12,4.622c2.403,0,2.688,0.009,3.637,0.052c0.877,0.04,1.354,0.187,1.671,0.31c0.42,0.163,0.72,0.358,1.035,0.673 c0.315,0.315,0.51,0.615,0.673,1.035c0.123,0.317,0.27,0.794,0.31,1.671c0.043,0.949,0.052,1.234,0.052,3.637 s-0.009,2.688-0.052,3.637c-0.04,0.877-0.187,1.354-0.31,1.671c-0.163,0.42-0.358,0.72-0.673,1.035 c-0.315,0.315-0.615,0.51-1.035,0.673c-0.317,0.123-0.794,0.27-1.671,0.31c-0.949,0.043-1.233,0.052-3.637,0.052 s-2.688-0.009-3.637-0.052c-0.877-0.04-1.354-0.187-1.671-0.31c-0.42-0.163-0.72-0.358-1.035-0.673 c-0.315-0.315-0.51-0.615-0.673-1.035c-0.123-0.317-0.27-0.794-0.31-1.671C4.631,14.688,4.622,14.403,4.622,12 s0.009-2.688,0.052-3.637c0.04-0.877,0.187-1.354,0.31-1.671c0.163-0.42,0.358-0.72,0.673-1.035 c0.315-0.315,0.615-0.51,1.035-0.673c0.317-0.123,0.794-0.27,1.671-0.31C9.312,4.631,9.597,4.622,12,4.622 M12,3 C9.556,3,9.249,3.01,8.289,3.054C7.331,3.098,6.677,3.25,6.105,3.472C5.513,3.702,5.011,4.01,4.511,4.511 c-0.5,0.5-0.808,1.002-1.038,1.594C3.25,6.677,3.098,7.331,3.054,8.289C3.01,9.249,3,9.556,3,12c0,2.444,0.01,2.751,0.054,3.711 c0.044,0.958,0.196,1.612,0.418,2.185c0.23,0.592,0.538,1.094,1.038,1.594c0.5,0.5,1.002,0.808,1.594,1.038 c0.572,0.222,1.227,0.375,2.185,0.418C9.249,20.99,9.556,21,12,21s2.751-0.01,3.711-0.054c0.958-0.044,1.612-0.196,2.185-0.418 c0.592-0.23,1.094-0.538,1.594-1.038c0.5-0.5,0.808-1.002,1.038-1.594c0.222-0.572,0.375-1.227,0.418-2.185 C20.99,14.751,21,14.444,21,12s-0.01-2.751-0.054-3.711c-0.044-0.958-0.196-1.612-0.418-2.185c-0.23-0.592-0.538-1.094-1.038-1.594 c-0.5-0.5-1.002-0.808-1.594-1.038c-0.572-0.222-1.227-0.375-2.185-0.418C14.751,3.01,14.444,3,12,3L12,3z M12,7.378 c-2.552,0-4.622,2.069-4.622,4.622S9.448,16.622,12,16.622s4.622-2.069,4.622-4.622S14.552,7.378,12,7.378z M12,15 c-1.657,0-3-1.343-3-3s1.343-3,3-3s3,1.343,3,3S13.657,15,12,15z M16.804,6.116c-0.596,0-1.08,0.484-1.08,1.08 s0.484,1.08,1.08,1.08c0.596,0,1.08-0.484,1.08-1.08S17.401,6.116,16.804,6.116z\"><\/path><\/svg><\/a><\/li><\/ul>\n\n\n\n<div style=\"height:100px\" aria-hidden=\"true\" class=\"wp-block-spacer\"><\/div>\n\n\n\n<div class=\"wp-block-button\"><a class=\"wp-block-button__link has-text-color has-background no-border-radius\" href=\"https:\/\/www.travelanddine.info\/index.php\/zasady-ochrany-osobnich-udaju\/\" style=\"background-color:#fffaef;color:#333547\" target=\"_blank\" rel=\"noreferrer noopener\">Z\u00e1sady ochrany osobn\u00edch \u00fadaj\u016f<\/a><\/div>\n\n\n\n<p><\/p>\n","protected":false},"excerpt":{"rendered":"<p>Sledujte n\u00e1s na soci\u00e1ln\u00edch s\u00edt\u00edch a objevte v\u00edce<\/p>\n","protected":false},"author":1,"featured_media":0,"parent":0,"menu_order":0,"comment_status":"closed","ping_status":"closed","template":"front-page.php","meta":[],"yoast_head":"<!-- This site is optimized with the Yoast SEO plugin v17.0 - https:\/\/yoast.com\/wordpress\/plugins\/seo\/ -->\n<title>- Premium Travel&amp;Dine Info<\/title>\n<meta name=\"description\" content=\"Premium Travel&amp;Dine Info pr\u00e9miov\u00e9 hotely restaurace leteck\u00e9 spole\u010dnosti osobn\u00ed zku\u0161enosti golf tipy informace doporu\u010den\u00ed premium luxus cel\u00fd sv\u011bt gastronomie\" \/>\n<meta name=\"robots\" content=\"index, follow, max-snippet:-1, max-image-preview:large, max-video-preview:-1\" \/>\n<link rel=\"canonical\" href=\"https:\/\/www.travelanddine.info\/\" \/>\n<meta property=\"og:locale\" content=\"cs_CZ\" \/>\n<meta property=\"og:type\" content=\"article\" \/>\n<meta property=\"og:title\" content=\"- Premium Travel&amp;Dine Info\" \/>\n<meta property=\"og:description\" content=\"Premium Travel&amp;Dine Info pr\u00e9miov\u00e9 hotely restaurace leteck\u00e9 spole\u010dnosti osobn\u00ed zku\u0161enosti golf tipy informace doporu\u010den\u00ed premium luxus cel\u00fd sv\u011bt gastronomie\" \/>\n<meta property=\"og:url\" content=\"https:\/\/www.travelanddine.info\/\" \/>\n<meta property=\"og:site_name\" content=\"Premium Travel&amp;Dine Info\" \/>\n<meta property=\"article:publisher\" content=\"http:\/\/www.facebook.com\/PremiumTravelAndDineInfo\" \/>\n<meta property=\"article:modified_time\" content=\"2024-06-17T08:22:56+00:00\" \/>\n<meta property=\"og:image\" content=\"http:\/\/www.travelanddine.info\/wp-content\/uploads\/2021\/06\/HOME_MAP_CZ-1024x525.png\" \/>\n<meta name=\"twitter:card\" content=\"summary_large_image\" \/>\n<meta name=\"twitter:label1\" content=\"Odhadovan\u00e1 doba \u010dten\u00ed\" \/>\n\t<meta name=\"twitter:data1\" content=\"3 minuty\" \/>\n<script type=\"application\/ld+json\" class=\"yoast-schema-graph\">{\"@context\":\"https:\/\/schema.org\",\"@graph\":[{\"@type\":\"Organization\",\"@id\":\"https:\/\/www.travelanddine.info\/#organization\",\"name\":\"Premium Travel & Dine Info\",\"url\":\"https:\/\/www.travelanddine.info\/\",\"sameAs\":[\"http:\/\/www.facebook.com\/PremiumTravelAndDineInfo\",\"https:\/\/www.instagram.com\/premium_travel_and_dine_info\/\",\"https:\/\/www.youtube.com\/channel\/UCq4d7zmKK3AOuzDrR1p_2Qw\/featured?disable_polymer=1\"],\"logo\":{\"@type\":\"ImageObject\",\"@id\":\"https:\/\/www.travelanddine.info\/#logo\",\"inLanguage\":\"cs\",\"url\":\"https:\/\/www.travelanddine.info\/wp-content\/uploads\/2019\/01\/logo-premium-e1547240252292.jpg\",\"contentUrl\":\"https:\/\/www.travelanddine.info\/wp-content\/uploads\/2019\/01\/logo-premium-e1547240252292.jpg\",\"width\":1000,\"height\":406,\"caption\":\"Premium Travel & Dine Info\"},\"image\":{\"@id\":\"https:\/\/www.travelanddine.info\/#logo\"}},{\"@type\":\"WebSite\",\"@id\":\"https:\/\/www.travelanddine.info\/#website\",\"url\":\"https:\/\/www.travelanddine.info\/\",\"name\":\"Premium Travel&amp;Dine Info\",\"description\":\"tipy, doporu\\u010den\\u00ed, informace.. pro ty, kte\\u0159\\u00ed maj\\u00ed r\\u00e1di cestov\\u00e1n\\u00ed na vysok\\u00e9 \\u00farovni a skv\\u011bl\\u00e9 j\\u00eddlo\",\"publisher\":{\"@id\":\"https:\/\/www.travelanddine.info\/#organization\"},\"potentialAction\":[{\"@type\":\"SearchAction\",\"target\":{\"@type\":\"EntryPoint\",\"urlTemplate\":\"https:\/\/www.travelanddine.info\/?s={search_term_string}\"},\"query-input\":\"required name=search_term_string\"}],\"inLanguage\":\"cs\"},{\"@type\":\"ImageObject\",\"@id\":\"https:\/\/www.travelanddine.info\/#primaryimage\",\"inLanguage\":\"cs\",\"url\":\"http:\/\/www.travelanddine.info\/wp-content\/uploads\/2021\/06\/HOME_MAP_CZ-1024x525.png\",\"contentUrl\":\"http:\/\/www.travelanddine.info\/wp-content\/uploads\/2021\/06\/HOME_MAP_CZ-1024x525.png\"},{\"@type\":\"WebPage\",\"@id\":\"https:\/\/www.travelanddine.info\/#webpage\",\"url\":\"https:\/\/www.travelanddine.info\/\",\"name\":\"- Premium Travel&amp;Dine Info\",\"isPartOf\":{\"@id\":\"https:\/\/www.travelanddine.info\/#website\"},\"primaryImageOfPage\":{\"@id\":\"https:\/\/www.travelanddine.info\/#primaryimage\"},\"datePublished\":\"2019-01-09T23:31:39+00:00\",\"dateModified\":\"2024-06-17T08:22:56+00:00\",\"description\":\"Premium Travel&amp;Dine Info pr\\u00e9miov\\u00e9 hotely restaurace leteck\\u00e9 spole\\u010dnosti osobn\\u00ed zku\\u0161enosti golf tipy informace doporu\\u010den\\u00ed premium luxus cel\\u00fd sv\\u011bt gastronomie\",\"breadcrumb\":{\"@id\":\"https:\/\/www.travelanddine.info\/#breadcrumb\"},\"inLanguage\":\"cs\",\"potentialAction\":[{\"@type\":\"ReadAction\",\"target\":[\"https:\/\/www.travelanddine.info\/\"]}]},{\"@type\":\"BreadcrumbList\",\"@id\":\"https:\/\/www.travelanddine.info\/#breadcrumb\",\"itemListElement\":[{\"@type\":\"ListItem\",\"position\":1,\"name\":\"Dom\\u016f\",\"item\":\"https:\/\/www.travelanddine.info\/index.php\/en\/home\/\"},{\"@type\":\"ListItem\",\"position\":2,\"name\":\"\"}]}]}<\/script>\n<!-- \/ Yoast SEO plugin. -->","yoast_head_json":{"title":"- Premium Travel&amp;Dine Info","description":"Premium Travel&amp;Dine Info pr\u00e9miov\u00e9 hotely restaurace leteck\u00e9 spole\u010dnosti osobn\u00ed zku\u0161enosti golf tipy informace doporu\u010den\u00ed premium luxus cel\u00fd sv\u011bt gastronomie","robots":{"index":"index","follow":"follow","max-snippet":"max-snippet:-1","max-image-preview":"max-image-preview:large","max-video-preview":"max-video-preview:-1"},"canonical":"https:\/\/www.travelanddine.info\/","og_locale":"cs_CZ","og_type":"article","og_title":"- Premium Travel&amp;Dine Info","og_description":"Premium Travel&amp;Dine Info pr\u00e9miov\u00e9 hotely restaurace leteck\u00e9 spole\u010dnosti osobn\u00ed zku\u0161enosti golf tipy informace doporu\u010den\u00ed premium luxus cel\u00fd sv\u011bt gastronomie","og_url":"https:\/\/www.travelanddine.info\/","og_site_name":"Premium Travel&amp;Dine Info","article_publisher":"http:\/\/www.facebook.com\/PremiumTravelAndDineInfo","article_modified_time":"2024-06-17T08:22:56+00:00","og_image":[{"url":"http:\/\/www.travelanddine.info\/wp-content\/uploads\/2021\/06\/HOME_MAP_CZ-1024x525.png"}],"twitter_card":"summary_large_image","twitter_misc":{"Odhadovan\u00e1 doba \u010dten\u00ed":"3 minuty"},"schema":{"@context":"https:\/\/schema.org","@graph":[{"@type":"Organization","@id":"https:\/\/www.travelanddine.info\/#organization","name":"Premium Travel & Dine Info","url":"https:\/\/www.travelanddine.info\/","sameAs":["http:\/\/www.facebook.com\/PremiumTravelAndDineInfo","https:\/\/www.instagram.com\/premium_travel_and_dine_info\/","https:\/\/www.youtube.com\/channel\/UCq4d7zmKK3AOuzDrR1p_2Qw\/featured?disable_polymer=1"],"logo":{"@type":"ImageObject","@id":"https:\/\/www.travelanddine.info\/#logo","inLanguage":"cs","url":"https:\/\/www.travelanddine.info\/wp-content\/uploads\/2019\/01\/logo-premium-e1547240252292.jpg","contentUrl":"https:\/\/www.travelanddine.info\/wp-content\/uploads\/2019\/01\/logo-premium-e1547240252292.jpg","width":1000,"height":406,"caption":"Premium Travel & Dine Info"},"image":{"@id":"https:\/\/www.travelanddine.info\/#logo"}},{"@type":"WebSite","@id":"https:\/\/www.travelanddine.info\/#website","url":"https:\/\/www.travelanddine.info\/","name":"Premium Travel&amp;Dine Info","description":"tipy, doporu\u010den\u00ed, informace.. pro ty, kte\u0159\u00ed maj\u00ed r\u00e1di cestov\u00e1n\u00ed na vysok\u00e9 \u00farovni a skv\u011bl\u00e9 j\u00eddlo","publisher":{"@id":"https:\/\/www.travelanddine.info\/#organization"},"potentialAction":[{"@type":"SearchAction","target":{"@type":"EntryPoint","urlTemplate":"https:\/\/www.travelanddine.info\/?s={search_term_string}"},"query-input":"required name=search_term_string"}],"inLanguage":"cs"},{"@type":"ImageObject","@id":"https:\/\/www.travelanddine.info\/#primaryimage","inLanguage":"cs","url":"http:\/\/www.travelanddine.info\/wp-content\/uploads\/2021\/06\/HOME_MAP_CZ-1024x525.png","contentUrl":"http:\/\/www.travelanddine.info\/wp-content\/uploads\/2021\/06\/HOME_MAP_CZ-1024x525.png"},{"@type":"WebPage","@id":"https:\/\/www.travelanddine.info\/#webpage","url":"https:\/\/www.travelanddine.info\/","name":"- Premium Travel&amp;Dine Info","isPartOf":{"@id":"https:\/\/www.travelanddine.info\/#website"},"primaryImageOfPage":{"@id":"https:\/\/www.travelanddine.info\/#primaryimage"},"datePublished":"2019-01-09T23:31:39+00:00","dateModified":"2024-06-17T08:22:56+00:00","description":"Premium Travel&amp;Dine Info pr\u00e9miov\u00e9 hotely restaurace leteck\u00e9 spole\u010dnosti osobn\u00ed zku\u0161enosti golf tipy informace doporu\u010den\u00ed premium luxus cel\u00fd sv\u011bt gastronomie","breadcrumb":{"@id":"https:\/\/www.travelanddine.info\/#breadcrumb"},"inLanguage":"cs","potentialAction":[{"@type":"ReadAction","target":["https:\/\/www.travelanddine.info\/"]}]},{"@type":"BreadcrumbList","@id":"https:\/\/www.travelanddine.info\/#breadcrumb","itemListElement":[{"@type":"ListItem","position":1,"name":"Dom\u016f","item":"https:\/\/www.travelanddine.info\/index.php\/en\/home\/"},{"@type":"ListItem","position":2,"name":""}]}]}},"_links":{"self":[{"href":"https:\/\/www.travelanddine.info\/index.php\/wp-json\/wp\/v2\/pages\/646"}],"collection":[{"href":"https:\/\/www.travelanddine.info\/index.php\/wp-json\/wp\/v2\/pages"}],"about":[{"href":"https:\/\/www.travelanddine.info\/index.php\/wp-json\/wp\/v2\/types\/page"}],"author":[{"embeddable":true,"href":"https:\/\/www.travelanddine.info\/index.php\/wp-json\/wp\/v2\/users\/1"}],"replies":[{"embeddable":true,"href":"https:\/\/www.travelanddine.info\/index.php\/wp-json\/wp\/v2\/comments?post=646"}],"version-history":[{"count":177,"href":"https:\/\/www.travelanddine.info\/index.php\/wp-json\/wp\/v2\/pages\/646\/revisions"}],"predecessor-version":[{"id":4954,"href":"https:\/\/www.travelanddine.info\/index.php\/wp-json\/wp\/v2\/pages\/646\/revisions\/4954"}],"wp:attachment":[{"href":"https:\/\/www.travelanddine.info\/index.php\/wp-json\/wp\/v2\/media?parent=646"}],"curies":[{"name":"wp","href":"https:\/\/api.w.org\/{rel}","templated":true}]}}